{"id":28929,"date":"2023-07-27T03:27:00","date_gmt":"2023-07-27T01:27:00","guid":{"rendered":"https:\/\/staging.praxas.com\/product\/non%20class\u00e9\/buffer-tp\/"},"modified":"2025-10-09T09:38:04","modified_gmt":"2025-10-09T07:38:04","slug":"buffer-tp","status":"publish","type":"product","link":"https:\/\/praxas.com\/fr\/product\/data-loggers-fr\/accessoires-fr\/buffer-tp\/","title":{"rendered":"BUFFER-TP"},"content":{"rendered":"<p>Ce tampon thermique est compatible avec nos sondes de temp\u00e9rature TP et est con\u00e7u pour mieux refl\u00e9ter le temps de r\u00e9ponse en temp\u00e9rature des produits r\u00e9frig\u00e9r\u00e9s, y compris les aliments et les vaccins, au lieu de simplement mesurer et enregistrer les changements de temp\u00e9rature de l&rsquo;air.<\/p>\n<p>Le tampon est con\u00e7u de mani\u00e8re unique avec une masse et des mat\u00e9riaux qui lui permettent de simuler la masse thermique des produits r\u00e9frig\u00e9r\u00e9s stock\u00e9s, ralentissant ainsi le temps de r\u00e9ponse \u00e0 la temp\u00e9rature du capteur avec lequel il est utilis\u00e9. Cela permet d&rsquo;\u00e9viter que des alarmes inutiles soient g\u00e9n\u00e9r\u00e9es par des fluctuations \u00e0 court terme de la temp\u00e9rature de l&rsquo;air ambiant, par exemple lorsque la porte d&rsquo;un r\u00e9frig\u00e9rateur est ouverte et ferm\u00e9e dans des conditions normales d&rsquo;utilisation.<\/p>\n<p><strong>(Veuillez noter que cette offre ne concerne que le tampon, sans la sonde de temp\u00e9rature).<\/strong><\/p>\n","protected":false},"excerpt":{"rendered":"<p>Bloc tampon thermique<\/p>\n","protected":false},"featured_media":28930,"template":"","meta":{"_acf_changed":false,"content-type":"","_uag_custom_page_level_css":""},"product_brand":[],"product_cat":[1256],"product_tag":[],"class_list":{"0":"post-28929","1":"product","2":"type-product","3":"status-publish","4":"has-post-thumbnail","6":"product_cat-accessoires-fr","8":"first","9":"instock","10":"taxable","11":"shipping-taxable","12":"purchasable","13":"product-type-simple"},"bundled_by":[],"bundle_stock_status":"instock","bundle_stock_quantity":100,"bundle_virtual":false,"bundle_layout":"","bundle_add_to_cart_form_location":"","bundle_editable_in_cart":false,"bundle_sold_individually_context":"","bundle_item_grouping":"","bundle_min_size":"","bundle_max_size":"","bundle_price":[],"bundled_items":[],"bundle_sell_ids":[],"acf":[],"spectra_custom_meta":{"_wcml_average_rating":[null],"_wcml_review_count":[null],"_wcml_rating_count":[null],"_download_limit":["-1","-1"],"_download_expiry":["-1","-1"],"_downloadable":["no","no"],"_sku":["BUFFER-TP","BUFFER-TP"],"_stock_status":["instock","instock","instock","instock","instock"],"_sold_individually":["no","no"],"_tax_class":["",""],"_tax_status":["taxable","taxable"],"_virtual":["no","no"],"_weight":["0"],"_width":["0"],"_height":["0"],"_length":["0"],"total_sales":["0","0"],"product_datasheet":["10591"],"_product_datasheet":["field_650ad7d6ea3a0"],"_connectivity":["field_64dce263bb57c"],"brand":["EasyLog"],"_brand":["field_64ddf62ed2593"],"brand_image":["10467"],"_brand_image":["field_650c5e7c84cae"],"_specifications_table":["field_65044e1db92a8"],"_resources":["field_650849c6945ee"],"_accessories":["field_650849e6945f0"],"_faqs":["field_650859523d8d5"],"_usd_price_4":["field_651570dcac479"],"_usd_price_9":["field_6515713eb4807"],"_usd_price_24":["field_65157141b4809"],"_usd_price_49":["field_65157140b4808"],"_usd_price_99":["field_6515715bb480a"],"_gbp_price_4":["field_6515716e83bfa"],"_gbp_price_9":["field_6515724783bfb"],"_gbp_price_24":["field_6515724b83bfc"],"_gbp_price_49":["field_6515725983bfd"],"_gbp_price_99":["field_6515725d83bfe"],"_usdhk_price_4":["field_6515726f83bff"],"_usdhk_price_9":["field_6515727c83c00"],"_usdhk_price_24":["field_6515728083c01"],"_usdhk_price_49":["field_6515728983c02"],"_usdhk_price_99":["field_6515728e83c03"],"stock_options":["In stock"],"_top_nav_excluded":[""],"_cms_nav_minihome":[""],"wcml_sync_hash":["a:1:{s:15:\"postmeta_fields\";s:32:\"daad557633541ba851098250d17a82bb\";}"],"attr_label_translations":["a:0:{}"],"_product_attributes":["a:1:{s:16:\"pa_product-brand\";a:6:{s:4:\"name\";s:16:\"pa_product-brand\";s:5:\"value\";s:0:\"\";s:8:\"position\";i:0;s:10:\"is_visible\";i:1;s:12:\"is_variation\";i:0;s:11:\"is_taxonomy\";i:1;}}"],"_product_image_gallery":["28931,28932,28933"],"_thumbnail_id":["28930"],"_crosssell_ids":["a:0:{}"],"_stock":["100.000000"],"connectivity":[""],"_display_data_alarm":["field_667d647bcb066"],"_calibration":["field_66a0ddd599972"],"_calibration_suitable_ids_gb":["field_654b4c4acb54a"],"_calibration_suitable_ids_us":["field_654b4c56cb54b"],"_show_in_calibration_suitable":["field_654cfb691d345"],"_other_features":["field_668524f8c98a4"],"_shipping":["field_66852535c98a5"],"_refrigerant_cabinet":["field_66852557c98a6"],"_main_specifications":["field_66855b25b1245"],"_stock_options":["field_6544b605dc7f9"],"_last_translation_edit_mode":["translation-editor"],"_backorders":["no","no"],"_manage_stock":["no","no"],"rank_math_primary_product_cat":["0"],"_wpml_word_count":["158"],"rank_math_title":["BUFFER-TP | Bloc tampon thermique pour sondes de temp\u00e9rature"],"rank_math_description":["Ce tampon thermique est compatible avec nos sondes de temp\u00e9rature TP et est con\u00e7u pour mieux refl\u00e9ter le temps de r\u00e9ponse des produits r\u00e9frig\u00e9r\u00e9s."],"rank_math_focus_keyword":["BUFFER-TP"],"resources":["<ul class=\"resources-list\">\n \t<li><img src=\"https:\/\/praxas.com\/wp-content\/uploads\/document-icon.png\" alt=\"Ic\u00f4ne de document\"><a href=\"https:\/\/praxas.com\/wp-content\/uploads\/easylog-buffer-probe_iss3_08-23.pdf\" target=\"_blank\" rel=\"noopener\">Fiche technique BUFFER TP<\/a><\/li>\n<\/ul>\n\u00a0"],"usd_price_4":["0.00"],"usd_price_9":["0.00"],"usd_price_24":["0.00"],"usd_price_49":["0.00"],"usd_price_99":["0.00"],"gbp_price_4":["0.00"],"gbp_price_9":["0.00"],"gbp_price_24":["0.00"],"gbp_price_49":["0.00"],"gbp_price_99":["0.00"],"usdhk_price_4":["0.00"],"usdhk_price_9":["0.00"],"usdhk_price_24":["0.00"],"usdhk_price_49":["0.00"],"usdhk_price_99":["0.00"],"_uag_page_assets":["a:9:{s:3:\"css\";s:0:\"\";s:2:\"js\";s:0:\"\";s:18:\"current_block_list\";a:0:{}s:8:\"uag_flag\";b:0;s:11:\"uag_version\";s:10:\"1775212209\";s:6:\"gfonts\";a:0:{}s:10:\"gfonts_url\";s:0:\"\";s:12:\"gfonts_files\";a:0:{}s:14:\"uag_faq_layout\";b:0;}"],"hubwoo_ecomm_pro_id":["25317103878"],"_regular_price":["17.55","17.55"],"_price":["17.55","17.55"],"_max_variation_price":[""],"_max_variation_regular_price":[""],"_max_variation_sale_price":[""],"_min_variation_price":[""],"_min_variation_regular_price":[""],"_min_variation_sale_price":[""],"_sale_price":[""],"_wc_pb_base_regular_price":[""],"_wc_pb_base_sale_price":[""],"_wc_pb_base_price":[""],"_wc_sw_max_price":[""],"_wc_sw_max_regular_price":[""],"_wc_rating_count":[""],"_wc_review_count":[""],"_wc_average_rating":[0]},"uagb_featured_image_src":{"full":["https:\/\/praxas.com\/wp-content\/uploads\/Buffer-TP-straight.png",800,463,false],"thumbnail":["https:\/\/praxas.com\/wp-content\/uploads\/Buffer-TP-straight-150x150.png",150,150,true],"medium":["https:\/\/praxas.com\/wp-content\/uploads\/Buffer-TP-straight-300x174.png",300,174,true],"medium_large":["https:\/\/praxas.com\/wp-content\/uploads\/Buffer-TP-straight-768x444.png",768,444,true],"large":["https:\/\/praxas.com\/wp-content\/uploads\/Buffer-TP-straight.png",800,463,false],"1536x1536":["https:\/\/praxas.com\/wp-content\/uploads\/Buffer-TP-straight.png",800,463,false],"2048x2048":["https:\/\/praxas.com\/wp-content\/uploads\/Buffer-TP-straight.png",800,463,false],"crunchify-admin-post-featured-image":["https:\/\/praxas.com\/wp-content\/uploads\/Buffer-TP-straight-120x69.png",120,69,true],"commercegurus-pdp-large":["https:\/\/praxas.com\/wp-content\/uploads\/Buffer-TP-straight.png",800,463,false],"commercegurus-plp-mobile":["https:\/\/praxas.com\/wp-content\/uploads\/Buffer-TP-straight-441x255.png",441,255,true],"cgkit_image_swatch":["https:\/\/praxas.com\/wp-content\/uploads\/Buffer-TP-straight-100x100.png",100,100,true],"woocommerce_thumbnail":["https:\/\/praxas.com\/wp-content\/uploads\/Buffer-TP-straight-300x174.png",300,174,true],"woocommerce_single":["https:\/\/praxas.com\/wp-content\/uploads\/Buffer-TP-straight.png",800,463,false],"woocommerce_gallery_thumbnail":["https:\/\/praxas.com\/wp-content\/uploads\/Buffer-TP-straight-150x87.png",150,87,true]},"uagb_author_info":{"display_name":"AndyS","author_link":"https:\/\/praxas.com\/fr\/author\/"},"uagb_comment_info":0,"uagb_excerpt":"Bloc tampon thermique","_links":{"self":[{"href":"https:\/\/praxas.com\/fr\/wp-json\/wp\/v2\/product\/28929","targetHints":{"allow":["GET"]}}],"collection":[{"href":"https:\/\/praxas.com\/fr\/wp-json\/wp\/v2\/product"}],"about":[{"href":"https:\/\/praxas.com\/fr\/wp-json\/wp\/v2\/types\/product"}],"wp:featuredmedia":[{"embeddable":true,"href":"https:\/\/praxas.com\/fr\/wp-json\/wp\/v2\/media\/28930"}],"wp:attachment":[{"href":"https:\/\/praxas.com\/fr\/wp-json\/wp\/v2\/media?parent=28929"}],"wp:term":[{"taxonomy":"product_brand","embeddable":true,"href":"https:\/\/praxas.com\/fr\/wp-json\/wp\/v2\/product_brand?post=28929"},{"taxonomy":"product_cat","embeddable":true,"href":"https:\/\/praxas.com\/fr\/wp-json\/wp\/v2\/product_cat?post=28929"},{"taxonomy":"product_tag","embeddable":true,"href":"https:\/\/praxas.com\/fr\/wp-json\/wp\/v2\/product_tag?post=28929"}],"curies":[{"name":"wp","href":"https:\/\/api.w.org\/{rel}","templated":true}]}}