{"id":29092,"date":"2023-06-28T13:51:00","date_gmt":"2023-06-28T11:51:00","guid":{"rendered":"https:\/\/staging.praxas.com\/product\/non%20class\u00e9\/dpm-125-bl\/"},"modified":"2025-10-09T09:46:57","modified_gmt":"2025-10-09T07:46:57","slug":"dpm-125-bl","status":"publish","type":"product","link":"https:\/\/praxas.com\/fr\/product\/uncategorized-fr\/dpm-125-bl\/","title":{"rendered":"DPM 125-BL"},"content":{"rendered":"<p>Ce compteur compact est dot\u00e9 d&rsquo;un \u00e9cran LCD de 3\u00bd chiffres d&rsquo;une hauteur de 12,5 mm, d&rsquo;un cadre de montage surbaiss\u00e9 et d&rsquo;un r\u00e9tro\u00e9clairage par LED. Avec une lecture \u00e0 pleine \u00e9chelle de 200mV c.c., un z\u00e9ro automatique et une polarit\u00e9 automatique, ce compteur se branche directement dans une prise simple en ligne (SIL) ou peut \u00eatre mont\u00e9 sur un panneau \u00e0 l&rsquo;aide de la lunette encliquetable et de la fen\u00eatre fournies.<\/p>\n","protected":false},"excerpt":{"rendered":"<p>Voltm\u00e8tre LCD \u00e0 3\u00bd chiffres avec r\u00e9tro\u00e9clairage LED<\/p>\n","protected":false},"featured_media":29093,"template":"","meta":{"_acf_changed":false,"content-type":"","_uag_custom_page_level_css":""},"product_brand":[],"product_cat":[2645],"product_tag":[1228],"class_list":{"0":"post-29092","1":"product","2":"type-product","3":"status-publish","4":"has-post-thumbnail","6":"product_cat-uncategorized-fr","7":"product_tag-affichage","9":"first","10":"instock","11":"taxable","12":"shipping-taxable","13":"purchasable","14":"product-type-simple"},"bundled_by":[],"bundle_stock_status":"instock","bundle_stock_quantity":449,"bundle_virtual":false,"bundle_layout":"","bundle_add_to_cart_form_location":"","bundle_editable_in_cart":false,"bundle_sold_individually_context":"","bundle_item_grouping":"","bundle_min_size":"","bundle_max_size":"","bundle_price":[],"bundled_items":[],"bundle_sell_ids":[],"acf":[],"spectra_custom_meta":{"_wcml_average_rating":[null],"_wcml_review_count":[null],"_wcml_rating_count":[null],"_download_limit":["-1","-1"],"_download_expiry":["-1","-1"],"_downloadable":["no","no"],"_sku":["DPM 125-BL","DPM 125-BL"],"_stock_status":["instock","instock","instock","instock","instock","instock"],"_sold_individually":["no","no"],"_tax_class":["",""],"_tax_status":["taxable","taxable"],"_virtual":["no","no"],"_weight":["0.018"],"_width":["0"],"_height":["0"],"_length":["0"],"total_sales":["506","506"],"product_datasheet":["10409"],"_product_datasheet":["field_650ad7d6ea3a0"],"_connectivity":["field_64dce263bb57c"],"brand":["Lascar"],"_brand":["field_64ddf62ed2593"],"brand_image":["10548"],"_brand_image":["field_650c5e7c84cae"],"_specifications_table":["field_65044e1db92a8"],"_resources":["field_650849c6945ee"],"_accessories":["field_650849e6945f0"],"_faqs":["field_650859523d8d5"],"_calibration_suitable_ids_gb":["field_654b4c4acb54a"],"_calibration_suitable_ids_us":["field_654b4c56cb54b"],"_show_in_calibration_suitable":["field_654cfb691d345"],"_usd_price_4":["field_651570dcac479"],"_usd_price_9":["field_6515713eb4807"],"_usd_price_24":["field_65157141b4809"],"_usd_price_49":["field_65157140b4808"],"_usd_price_99":["field_6515715bb480a"],"_gbp_price_4":["field_6515716e83bfa"],"_gbp_price_9":["field_6515724783bfb"],"_gbp_price_24":["field_6515724b83bfc"],"_gbp_price_49":["field_6515725983bfd"],"_gbp_price_99":["field_6515725d83bfe"],"_usdhk_price_4":["field_6515726f83bff"],"_usdhk_price_9":["field_6515727c83c00"],"_usdhk_price_24":["field_6515728083c01"],"_usdhk_price_49":["field_6515728983c02"],"_usdhk_price_99":["field_6515728e83c03"],"stock_options":["In stock"],"_stock_options":["field_6544b605dc7f9"],"_top_nav_excluded":[""],"_cms_nav_minihome":[""],"wcml_sync_hash":["a:1:{s:15:\"postmeta_fields\";s:32:\"1499b476770141bf3a8c5b47fa423ef2\";}"],"attr_label_translations":["a:0:{}"],"_product_attributes":["a:1:{s:17:\"pa_product-family\";a:6:{s:4:\"name\";s:17:\"pa_product-family\";s:5:\"value\";s:0:\"\";s:8:\"position\";i:0;s:10:\"is_visible\";i:1;s:12:\"is_variation\";i:0;s:11:\"is_taxonomy\";i:1;}}"],"_product_image_gallery":["29094,29095"],"_thumbnail_id":["29093"],"_crosssell_ids":["a:0:{}"],"_stock":["449.000000"],"_wpml_word_count":["81"],"connectivity":[""],"_display_data_alarm":["field_667d647bcb066"],"_calibration":["field_66a0ddd599972"],"_shipping":["field_66852535c98a5"],"_refrigerant_cabinet":["field_66852557c98a6"],"_main_specifications":["field_66855b25b1245"],"_last_translation_edit_mode":["translation-editor"],"_backorders":["no","no"],"_manage_stock":["no","no"],"rank_math_primary_product_cat":["0"],"faqs":["[accordion]\n[accordion_header]J'ai quelques questions concernant l'application de mon instrument de tableau de bord. Existe-t-il un guide de candidature auquel je peux me r\u00e9f\u00e9rer ?[\/accordion_header]\n[accordion_section]Oui, veuillez consulter notre site <fort><a href=\"\/wp-content\/uploads\/display_application_notes_iss_3-1.pdf\" target=\"_blank\" rel=\"noopener\">Panel Instrumentation Application Guide<\/a><\/strong>[\/accordion_section]\n[\/accordion]\n\n<a class=\"button button-orange\" href=\"\/support\/\">Plus de soutien<\/a>"],"usd_price_4":["0.00"],"usd_price_9":["0.00"],"usd_price_24":["0.00"],"usd_price_49":["0.00"],"usd_price_99":["0.00"],"gbp_price_49":["0.00"],"gbp_price_99":["0.00"],"usdhk_price_49":["0.00"],"usdhk_price_99":["0.00"],"_other_features":[""],"min_temp":[""],"max_temp":[""],"_min_temp":[""],"_max_temp":[""],"_other_features_arctiko":[""],"rank_math_title":["DP 125-BL | Voltm\u00e8tre LCD \u00e0 3\u00bd chiffres avec r\u00e9tro-\u00e9clairage LED"],"rank_math_description":["Vous avez besoin d'un compteur compact \u00e0 haute visibilit\u00e9 ? Le DPM 125-BL de Lascar offre un \u00e9cran LCD de 3\u00bd chiffres, une hauteur de chiffres de 12,5 mm, un montage surbaiss\u00e9, un r\u00e9tro\u00e9clairage par LED et une lecture en courant continu de 200 mV."],"rank_math_focus_keyword":["DPM 125-BL"],"specifications_table":["<table class=\"specifications\">\n<tbody>\n<tr class=\"even-row\">\n<td class=\"left-td\">Pr\u00e9cision (erreur globale)<\/td>\n<td>0,05% (typ.) \u00b11 compte<\/td>\n<\/tr>\n<tr class=\"odd-row\">\n<td class=\"left-td\">Temp\u00e9rature de fonctionnement<\/td>\n<td>0 \u00e0 50 \u00b0C (32 \u00e0 122 \u00b0F)<\/td>\n<\/tr>\n<tr class=\"even-row\">\n<td class=\"left-td\">Taux d'\u00e9chantillonnage<\/td>\n<td>3 \u00e9chantillons\/sec<\/td>\n<\/tr>\n<tr class=\"odd-row\">\n<td class=\"left-td\">Tension d'alimentation<\/td>\n<td>(V+ \u00e0 V-) 7,5 \u00e0 14 V<\/td>\n<\/tr>\n<tr class=\"even-row\">\n<td class=\"left-td\">Courant d'alimentation<\/td>\n<td>30mA typique (avec r\u00e9tro-\u00e9clairage)<\/td>\n<\/tr>\n<\/tbody>\n<\/table>"],"resources":["<ul class=\"resources-list\">\n \t<li><img src=\"https:\/\/praxas.com\/wp-content\/uploads\/document-icon.png\" alt=\"Ic\u00f4ne de document\"><a href=\"https:\/\/praxas.com\/wp-content\/uploads\/dpm-125-bl.pdf\" target=\"_blank\" rel=\"noopener\">Fiche technique DPM 125-BL<\/a><\/li>\n \t<li><img src=\"https:\/\/praxas.com\/wp-content\/uploads\/document-icon.png\" alt=\"Ic\u00f4ne de document\">\n<a href=\"https:\/\/praxas.com\/wp-content\/uploads\/display_application_notes_iss_3.pdf\" target=\"_blank\" rel=\"noopener\">Notes d'application sur les instruments de tableau de bord<\/a><\/li>\n \t<li><img src=\"https:\/\/praxas.com\/wp-content\/uploads\/document-icon.png\" alt=\"Ic\u00f4ne de document\"><a href=\"https:\/\/praxas.com\/wp-content\/uploads\/declaration-of-conformity_panelmeters_iss3_30-06-2020.pdf\" target=\"_blank\" rel=\"noopener\">D\u00e9claration de conformit\u00e9<\/a><\/li>\n<\/ul>\n\u00a0"],"gbp_price_4":["38.39"],"gbp_price_9":["37.19"],"gbp_price_24":["35.99"],"usdhk_price_4":["50.44"],"usdhk_price_9":["48.86"],"usdhk_price_24":["47.29"],"_uag_page_assets":["a:9:{s:3:\"css\";s:0:\"\";s:2:\"js\";s:0:\"\";s:18:\"current_block_list\";a:0:{}s:8:\"uag_flag\";b:0;s:11:\"uag_version\";s:10:\"1775212209\";s:6:\"gfonts\";a:0:{}s:10:\"gfonts_url\";s:0:\"\";s:12:\"gfonts_files\";a:0:{}s:14:\"uag_faq_layout\";b:0;}"],"_regular_price":["52.55","52.55"],"_price":["52.55","52.55"],"hubwoo_ecomm_pro_id":["25368845624"],"_max_variation_price":[""],"_max_variation_regular_price":[""],"_max_variation_sale_price":[""],"_min_variation_price":[""],"_min_variation_regular_price":[""],"_min_variation_sale_price":[""],"_sale_price":[""],"_wc_pb_base_regular_price":[""],"_wc_pb_base_sale_price":[""],"_wc_pb_base_price":[""],"_wc_sw_max_price":[""],"_wc_sw_max_regular_price":[""],"_wc_rating_count":[""],"_wc_review_count":[""],"_wc_average_rating":[0]},"uagb_featured_image_src":{"full":["https:\/\/praxas.com\/wp-content\/uploads\/PanelPilot-Panel-Instrument-DPM-125-BL-Straignt.png",800,463,false],"thumbnail":["https:\/\/praxas.com\/wp-content\/uploads\/PanelPilot-Panel-Instrument-DPM-125-BL-Straignt-150x150.png",150,150,true],"medium":["https:\/\/praxas.com\/wp-content\/uploads\/PanelPilot-Panel-Instrument-DPM-125-BL-Straignt-300x174.png",300,174,true],"medium_large":["https:\/\/praxas.com\/wp-content\/uploads\/PanelPilot-Panel-Instrument-DPM-125-BL-Straignt-768x444.png",768,444,true],"large":["https:\/\/praxas.com\/wp-content\/uploads\/PanelPilot-Panel-Instrument-DPM-125-BL-Straignt.png",800,463,false],"1536x1536":["https:\/\/praxas.com\/wp-content\/uploads\/PanelPilot-Panel-Instrument-DPM-125-BL-Straignt.png",800,463,false],"2048x2048":["https:\/\/praxas.com\/wp-content\/uploads\/PanelPilot-Panel-Instrument-DPM-125-BL-Straignt.png",800,463,false],"crunchify-admin-post-featured-image":["https:\/\/praxas.com\/wp-content\/uploads\/PanelPilot-Panel-Instrument-DPM-125-BL-Straignt-120x69.png",120,69,true],"commercegurus-pdp-large":["https:\/\/praxas.com\/wp-content\/uploads\/PanelPilot-Panel-Instrument-DPM-125-BL-Straignt.png",800,463,false],"commercegurus-plp-mobile":["https:\/\/praxas.com\/wp-content\/uploads\/PanelPilot-Panel-Instrument-DPM-125-BL-Straignt-441x255.png",441,255,true],"cgkit_image_swatch":["https:\/\/praxas.com\/wp-content\/uploads\/PanelPilot-Panel-Instrument-DPM-125-BL-Straignt-100x100.png",100,100,true],"woocommerce_thumbnail":["https:\/\/praxas.com\/wp-content\/uploads\/PanelPilot-Panel-Instrument-DPM-125-BL-Straignt-300x174.png",300,174,true],"woocommerce_single":["https:\/\/praxas.com\/wp-content\/uploads\/PanelPilot-Panel-Instrument-DPM-125-BL-Straignt.png",800,463,false],"woocommerce_gallery_thumbnail":["https:\/\/praxas.com\/wp-content\/uploads\/PanelPilot-Panel-Instrument-DPM-125-BL-Straignt-150x87.png",150,87,true]},"uagb_author_info":{"display_name":"AndyS","author_link":"https:\/\/praxas.com\/fr\/author\/"},"uagb_comment_info":0,"uagb_excerpt":"Voltm\u00e8tre LCD \u00e0 3\u00bd chiffres avec r\u00e9tro\u00e9clairage LED","_links":{"self":[{"href":"https:\/\/praxas.com\/fr\/wp-json\/wp\/v2\/product\/29092","targetHints":{"allow":["GET"]}}],"collection":[{"href":"https:\/\/praxas.com\/fr\/wp-json\/wp\/v2\/product"}],"about":[{"href":"https:\/\/praxas.com\/fr\/wp-json\/wp\/v2\/types\/product"}],"wp:featuredmedia":[{"embeddable":true,"href":"https:\/\/praxas.com\/fr\/wp-json\/wp\/v2\/media\/29093"}],"wp:attachment":[{"href":"https:\/\/praxas.com\/fr\/wp-json\/wp\/v2\/media?parent=29092"}],"wp:term":[{"taxonomy":"product_brand","embeddable":true,"href":"https:\/\/praxas.com\/fr\/wp-json\/wp\/v2\/product_brand?post=29092"},{"taxonomy":"product_cat","embeddable":true,"href":"https:\/\/praxas.com\/fr\/wp-json\/wp\/v2\/product_cat?post=29092"},{"taxonomy":"product_tag","embeddable":true,"href":"https:\/\/praxas.com\/fr\/wp-json\/wp\/v2\/product_tag?post=29092"}],"curies":[{"name":"wp","href":"https:\/\/api.w.org\/{rel}","templated":true}]}}