{"id":29161,"date":"2023-06-26T19:33:00","date_gmt":"2023-06-26T17:33:00","guid":{"rendered":"https:\/\/staging.praxas.com\/product\/non%20class\u00e9\/el-wifi-tc\/"},"modified":"2025-10-14T17:29:50","modified_gmt":"2025-10-14T15:29:50","slug":"el-wifi-tc","status":"publish","type":"product","link":"https:\/\/praxas.com\/fr\/product\/data-loggers-fr\/enregistreurs-de-donnees-de-temperature\/el-wifi-tc\/","title":{"rendered":"EL-WiFi-TC"},"content":{"rendered":"<p>Cet enregistreur de donn\u00e9es compatible Wi-Fi permet de surveiller \u00e0 distance un environnement \u00e0 l&rsquo;aide d&rsquo;un thermocouple interchangeable de type J, K ou T. Fourni avec une sonde de type K, sa plage de mesure est comprise entre 0 et 200\u00b0C (32 et 392\u00b0F). Les donn\u00e9es sont t\u00e9l\u00e9charg\u00e9es p\u00e9riodiquement \u00e0 l&rsquo;aide d&rsquo;un r\u00e9seau WiFi standard vers le logiciel <a href=\"https:\/\/praxas.com\/en\/easylog-cloud\/\"><br \/>\n  <strong>EasyLog Cloud<\/strong><br \/>\n<\/a> ou un simple PC h\u00f4te.<\/p>\n<p>EasyLog Cloud permet d&rsquo;acc\u00e9der \u00e0 chaque enregistreur de donn\u00e9es et aux donn\u00e9es collect\u00e9es \u00e0 partir de n&rsquo;importe quel appareil connect\u00e9 \u00e0 Internet. Modifiez les param\u00e8tres de l&rsquo;enregistreur de donn\u00e9es \u00e0 distance, recevez des alertes par courrier \u00e9lectronique en cas d&rsquo;alarme, reliez les capteurs de plusieurs sites \u00e0 un seul compte et attribuez des privil\u00e8ges \u00e0 plusieurs utilisateurs.<\/p>\n<p>L&rsquo;appareil stocke les donn\u00e9es en interne s&rsquo;il perd la connexion WiFi et les t\u00e9l\u00e9charge automatiquement dans le nuage d\u00e8s qu&rsquo;il est reconnect\u00e9.<\/p>\n<p>Utilisez le <a href=\"https:\/\/praxas.com\/en\/easylog-cloud\/\"><br \/>\n  <strong>EasyLog Cloud<\/strong><br \/>\n<\/a> pour Android et Apple pour configurer facilement votre appareil et acc\u00e9der \u00e0 vos donn\u00e9es \u00e0 tout moment et en tout lieu.<\/p>\n<p>Ce produit est conforme \u00e0 la norme BS EN 12830:2018 (Enregistreurs de temp\u00e9rature pour le transport, le stockage et la distribution de marchandises sensibles \u00e0 la temp\u00e9rature).<\/p>\n","protected":false},"excerpt":{"rendered":"<p>Enregistreur de donn\u00e9es thermocouple WiFi<\/p>\n","protected":false},"featured_media":29162,"template":"","meta":{"_acf_changed":false,"content-type":"","_uag_custom_page_level_css":""},"product_brand":[],"product_cat":[1238],"product_tag":[1228,2434,1233,1232,1241,1242,1227],"class_list":{"0":"post-29161","1":"product","2":"type-product","3":"status-publish","4":"has-post-thumbnail","6":"product_cat-enregistreurs-de-donnees-de-temperature","7":"product_tag-affichage","8":"product_tag-easylog-fr","9":"product_tag-easylog-cloud-fr","10":"product_tag-ido","11":"product_tag-sonde-externe","12":"product_tag-thermocouple-fr","13":"product_tag-wifi-fr","15":"first","16":"instock","17":"taxable","18":"shipping-taxable","19":"purchasable","20":"product-type-simple"},"bundled_by":[],"bundle_stock_status":"instock","bundle_stock_quantity":10,"bundle_virtual":false,"bundle_layout":"","bundle_add_to_cart_form_location":"","bundle_editable_in_cart":false,"bundle_sold_individually_context":"","bundle_item_grouping":"","bundle_min_size":"","bundle_max_size":"","bundle_price":[],"bundled_items":[],"bundle_sell_ids":[],"acf":[],"spectra_custom_meta":{"_download_limit":["-1","-1"],"_download_expiry":["-1","-1"],"_downloadable":["no","no"],"_sku":["EL-WiFi-TC","EL-WiFi-TC"],"_stock_status":["instock","instock","instock","instock","instock","instock","instock"],"_sold_individually":["no","no"],"_tax_class":["",""],"_tax_status":["taxable","taxable"],"_virtual":["no","no"],"_weight":["0.195"],"_width":["0"],"_height":["0"],"_length":["0","0"],"total_sales":["11","11"],"_product_datasheet":["field_650ad7d6ea3a0"],"connectivity":["WiFi","WiFi"],"_connectivity":["field_64dce263bb57c","field_64dce263bb57c"],"brand":["EasyLog","EasyLog"],"_brand":["field_64ddf62ed2593","field_64ddf62ed2593"],"_brand_image":["field_650c5e7c84cae"],"_specifications_table":["field_65044e1db92a8"],"_display_data_alarm":["field_667d647bcb066"],"_resources":["field_650849c6945ee"],"_accessories":["field_650849e6945f0","field_650849e6945f0"],"_faqs":["field_650859523d8d5"],"_calibration_suitable_ids_gb":["field_654b4c4acb54a"],"_calibration_suitable_ids_us":["field_654b4c56cb54b"],"_show_in_calibration_suitable":["field_654cfb691d345"],"_usd_price_4":["field_651570dcac479"],"_usd_price_9":["field_6515713eb4807"],"_usd_price_24":["field_65157141b4809"],"_usd_price_49":["field_65157140b4808"],"_usd_price_99":["field_6515715bb480a"],"_gbp_price_4":["field_6515716e83bfa"],"_gbp_price_9":["field_6515724783bfb"],"_gbp_price_24":["field_6515724b83bfc"],"_gbp_price_49":["field_6515725983bfd"],"_gbp_price_99":["field_6515725d83bfe"],"_usdhk_price_4":["field_6515726f83bff"],"_usdhk_price_9":["field_6515727c83c00"],"_usdhk_price_24":["field_6515728083c01"],"_usdhk_price_49":["field_6515728983c02"],"_usdhk_price_99":["field_6515728e83c03"],"stock_options":["In stock"],"_stock_options":["field_6544b605dc7f9"],"_top_nav_excluded":[""],"_cms_nav_minihome":[""],"calibration":[""],"wcml_sync_hash":["a:1:{s:15:\"postmeta_fields\";s:32:\"687b0fafa7936edbc28cf52192602c60\";}"],"attr_label_translations":["a:0:{}"],"_product_image_gallery":["29163,29164"],"_thumbnail_id":["29162"],"_crosssell_ids":["a:0:{}"],"_stock":["10.000000"],"_wpml_word_count":["222"],"_calibration":["field_66a0ddd599972"],"_shipping":["field_66852535c98a5"],"_refrigerant_cabinet":["field_66852557c98a6"],"_main_specifications":["field_66855b25b1245"],"_edit_lock":["1722262979:8383"],"classic-editor-remember":["classic-editor"],"rank_math_seo_score":["77"],"_edit_last":["8383"],"commercekit_gallery_layout":[""],"commercekit_disable_sticky_atc":["0"],"commercekit_wc_video_gallery":["a:0:{}"],"_rank_math_gtin_code":[""],"_wcml_average_rating":[null],"_wcml_review_count":[null],"_wcml_rating_count":[null],"_wc_average_rating":[0],"_wc_review_count":["0"],"_product_version":["9.1.2"],"display_data_alarm":[""],"calibration_suitable_ids_gb":[""],"calibration_suitable_ids_us":[""],"other_features":[""],"shipping":[""],"refrigerant_cabinet":[""],"main_specifications":[""],"shoptimizer_layout_pdp_short_description_position":["default"],"product_datasheet":["10553"],"brand_image":["10467"],"_wpml_media_duplicate":["1"],"_wpml_media_featured":["1"],"_last_translation_edit_mode":["translation-editor"],"_product_attributes":["a:2:{s:16:\"pa_product-brand\";a:6:{s:4:\"name\";s:16:\"pa_product-brand\";s:5:\"value\";s:0:\"\";s:8:\"position\";i:0;s:10:\"is_visible\";i:1;s:12:\"is_variation\";i:0;s:11:\"is_taxonomy\";i:1;}s:19:\"pa_product-features\";a:6:{s:4:\"name\";s:19:\"pa_product-features\";s:5:\"value\";s:0:\"\";s:8:\"position\";i:1;s:10:\"is_visible\";i:1;s:12:\"is_variation\";i:0;s:11:\"is_taxonomy\";i:1;}}"],"_backorders":["no","no"],"_manage_stock":["no","no"],"min_temp":["0"],"max_temp":["200"],"_min_temp":["field_67ea5eb4e0a77"],"_max_temp":["field_67ea5f81e0a79"],"rank_math_primary_product_cat":["87","87"],"_global_unique_id":["5056744400069"],"faqs":["[accordion]\n[accordion_header]Pourquoi ne re\u00e7ois-je pas d'e-mails pour mes alertes Cloud ?[\/accordion_header]\n[accordion_section]Si vous ne recevez pas de notifications par courrier \u00e9lectronique pour les alertes sur les nuages, c'est peut-\u00eatre parce que.. ;\n\nVous vous \u00eates peut-\u00eatre d\u00e9sinscrit de la liste de diffusion. Vous pouvez le r\u00e9initialiser sur la page du compte cloud ou en nous contactant via la page d'assistance.\nIl se peut que votre entreprise ait bloqu\u00e9 notre adresse \u00e9lectronique dans son syst\u00e8me dans le cadre de sa politique. Il se peut que vous deviez demander l'autorisation de recevoir les courriels.\nIl se peut que les notifications de courriels ne soient pas correctement configur\u00e9es.  S'il vous pla\u00eet <strong>\n  <a href=\"https:\/\/www.youtube.com\/watch?v=bSCzU2txTIo\" target=\"_blank\" rel=\"noopener\">regarder ce tutoriel<\/a>\n<\/strong> pour savoir comment configurer les notifications.\n\n[\/accordion_section]\n[\/accordion]\n\n[accordion]\n[accordion_header]Pourquoi mon appareil ne se connecte-t-il pas au r\u00e9seau sans fil ?[\/accordion_header]\n[accordion_section]\n\nVous pouvez suivre les \u00e9tapes suivantes pour r\u00e9soudre ce probl\u00e8me :\n\nContr\u00f4les de base :\n\n1) V\u00e9rifiez que le mot de passe introduit est correct.\n\n2) Assurez-vous que le nom SSID ne contient pas d'espaces ou d'autres caract\u00e8res sp\u00e9ciaux.\n\n3) V\u00e9rifiez que votre r\u00e9seau dispose d'une connexion internet.\n\n4) V\u00e9rifiez que l'appareil est \u00e0 port\u00e9e du routeur.\n\n5) Un r\u00e9seau 2.4GHz supportant 802.11b, g ou n est n\u00e9cessaire. Les r\u00e9seaux 5GHz ne sont pas pris en charge.\n\nV\u00e9rifications avanc\u00e9es du r\u00e9seau :\n\n6) Le port TCP 14354 est ouvert au trafic sortant \u00e0 travers votre r\u00e9seau et votre pare-feu.\n\n7) Assurez-vous que le filtrage MAC n'est pas activ\u00e9 ou, s'il l'est, que l'adresse MAC de l'appareil est incluse dans la liste des appareils connus.\n\n8) V\u00e9rifiez que le service DHCP fonctionne. Cela permet d'attribuer une adresse IP \u00e0 l'appareil. Normalement, le service DHCP fonctionne dans votre routeur ou sur un serveur de r\u00e9seau. Assurez-vous que la plage d'adresses IP DHCP configur\u00e9e permet l'ajout de nouveaux appareils, si ce n'est pas le cas, \u00e9tendez la plage.\n\n9) Si votre r\u00e9seau sans fil utilise l'authentification WPA Enterprise, assurez-vous que le type d'authentification correct est s\u00e9lectionn\u00e9 dans la liste d\u00e9roulante lors de la configuration. Seuls les types \u00e9num\u00e9r\u00e9s sont pris en charge.\n\n[\/accordion_section]\n[\/accordion]\n\n<a class=\"button button-orange\" href=\"\/support\/el-wifi-data-loggers\/\">Plus de soutien<\/a>"],"_other_features":["field_686fa2aa98dce"],"rank_math_title":["EL-WiFi-TC | Enregistreur de donn\u00e9es thermocouple WiFi | Praxas"],"rank_math_description":["L'enregistreur de donn\u00e9es \u00e0 thermocouple EasyLog EL-WiFi-TC compatible Wi-Fi permet de surveiller \u00e0 distance un environnement \u00e0 l'aide d'un thermocouple de type J, K ou T interchangeable."],"rank_math_focus_keyword":["EL-WiFi-TC"],"specifications_table":["<table class=\"specifications\">\n<tbody>\n<tr class=\"even-row\">\n<td class=\"left-td\">Plage de mesure Type K (fourni)<\/td>\n<td>0 \u00e0 +200\u00b0C (+32 \u00e0 +392\u00b0F)<\/td>\n<\/tr>\n<tr class=\"odd-row\">\n<td class=\"left-td\">Plage de mesure Type K<\/td>\n<td>-270 \u00e0 +1 372\u00b0C (-454 \u00e0 +2 501\u00b0F)<\/td>\n<\/tr>\n<tr class=\"even-row\">\n<td class=\"left-td\">Plage de mesure Type J<\/td>\n<td>-210 \u00e0 +1 200\u00b0C (-346 \u00e0 +2 192\u00b0F)<\/td>\n<\/tr>\n<tr class=\"odd-row\">\n<td class=\"left-td\">Plage de mesure Type T<\/td>\n<td>-270 \u00e0 +400\u00b0C (-454 \u00e0 +752\u00b0F)<\/td>\n<\/tr>\n<tr class=\"even-row\">\n<td class=\"left-td\">Pr\u00e9cision<\/td>\n<td>\u00b11,5\u00b0C (\u00b13\u00b0F)<\/td>\n<\/tr>\n<tr class=\"odd-row\">\n<td class=\"left-td\">Lectures<\/td>\n<td>Illimit\u00e9<\/td>\n<\/tr>\n<tr class=\"even-row\">\n<td class=\"left-td\">Taux d'enregistrement<\/td>\n<td>S\u00e9lectionnable par l'utilisateur entre 10 secondes et 12 heures<\/td>\n<\/tr>\n<tr class=\"odd-row\">\n<td class=\"left-td\">Batterie<\/td>\n<td>Batterie rechargeable \/ 6 mois d'autonomie \/ Option alimentation secteur<\/td>\n<\/tr>\n<\/tbody>\n<\/table>"],"resources":["<ul class=\"resources-list\">\n \t<li><img src=\"https:\/\/praxas.com\/wp-content\/uploads\/document-icon.png\" alt=\"Ic\u00f4ne de document\"><a href=\"https:\/\/praxas.com\/wp-content\/uploads\/easylog-data-logger-el-wifi-tc_iss8_03-19.pdf\" target=\"_blank\" rel=\"noopener\">Fiche technique EL-WiFi-TC<\/a><\/li>\n \t<li><img src=\"https:\/\/praxas.com\/wp-content\/uploads\/software-icon.png\" alt=\"Ic\u00f4ne du logiciel\"><a href=\"https:\/\/praxas.com\/software\/easylog-software\/easylog-wifi\/\" target=\"_blank\" rel=\"noopener\">Logiciel EasyLog WiFi<\/a><\/li>\n \t<li><img src=\"https:\/\/praxas.com\/wp-content\/uploads\/software-icon.png\" alt=\"Ic\u00f4ne du logiciel\"><a href=\"https:\/\/praxas.com\/en\/easylog-cloud\/\" target=\"_blank\" rel=\"noopener\">EasyLog Cloud<\/a><\/li>\n \t<li><img src=\"https:\/\/praxas.com\/wp-content\/uploads\/document-icon.png\" alt=\"Ic\u00f4ne de document\"><a href=\"https:\/\/praxas.com\/wp-content\/uploads\/el_wifi_qsg_iss4_11-18_pages.pdf\" target=\"_blank\" rel=\"noopener\">Guide de d\u00e9marrage rapide EL-WiFi-TC<\/a><\/li>\n \t<li><img src=\"https:\/\/praxas.com\/wp-content\/uploads\/document-icon.png\" alt=\"Ic\u00f4ne de document\"><a href=\"https:\/\/praxas.com\/wp-content\/uploads\/help-guide-3-network-requirements-and-settings-12-09-2022_issue-6.pdf\" target=\"_blank\" rel=\"noopener\">Exigences et param\u00e8tres du r\u00e9seau<\/a><\/li>\n \t<li><img src=\"https:\/\/praxas.com\/wp-content\/uploads\/video-icon-orange.png\" alt=\"Ic\u00f4ne vid\u00e9o\"><a href=\"https:\/\/www.youtube.com\/playlist?list=PL_yZedoZ_7MpemnH-a3NswL9-NgUz3DVe\" target=\"_blank\" rel=\"noopener\">Tutoriels vid\u00e9o<\/a><\/li>\n \t<li><img src=\"https:\/\/praxas.com\/wp-content\/uploads\/document-icon.png\" alt=\"Ic\u00f4ne de document\"><a href=\"https:\/\/praxas.com\/wp-content\/uploads\/conformity_certificate_wifi_range_with_coo-issu8.pdf\" target=\"_blank\" rel=\"noopener\">D\u00e9claration de conformit\u00e9 EL-WiFi-TC<\/a><\/li>\n \t<li><img src=\"https:\/\/praxas.com\/wp-content\/uploads\/document-icon.png\" alt=\"Ic\u00f4ne de document\"><a href=\"https:\/\/praxas.com\/wp-content\/uploads\/bs-en-12830-record-of-compliance-issue-1.pdf\" target=\"_blank\" rel=\"noopener\">BS EN 12830:2018 Attestation de conformit\u00e9<\/a><\/li>\n<\/ul>"],"accessories":["[products skus=\"Fridge Install Kit-TP,EL-P-TC-K,PSU USB-UK,PSU USB-EU,EL-WiFi Wall Bracket,EL-P-TC-T-ULT,EL-P-TC-T-ULT+\"]","[products skus=\"Fridge Install Kit-TP,EL-P-TC-K,PSU USB-UK,PSU USB-EU,EL-WiFi Wall Bracket,EL-P-TC-T-ULT,EL-P-TC-T-ULT+\"]"],"show_in_calibration_suitable":["1"],"usd_price_4":["0.00"],"usd_price_9":["0.00"],"usd_price_24":["0.00"],"usd_price_49":["0.00"],"usd_price_99":["0.00"],"gbp_price_4":["0.00"],"gbp_price_9":["0.00"],"gbp_price_24":["130.49"],"gbp_price_49":["0.00"],"gbp_price_99":["115.99"],"usdhk_price_4":["0.00"],"usdhk_price_9":["0.00"],"usdhk_price_24":["170.99"],"usdhk_price_49":["0.00"],"usdhk_price_99":["151.99"],"_uag_page_assets":["a:9:{s:3:\"css\";s:0:\"\";s:2:\"js\";s:0:\"\";s:18:\"current_block_list\";a:0:{}s:8:\"uag_flag\";b:0;s:11:\"uag_version\";s:10:\"1775212209\";s:6:\"gfonts\";a:0:{}s:10:\"gfonts_url\";s:0:\"\";s:12:\"gfonts_files\";a:0:{}s:14:\"uag_faq_layout\";b:0;}"],"_regular_price":["186.4","186.4"],"_price":["186.4","186.4"],"hubwoo_ecomm_pro_id":["25326768940"],"_max_variation_price":[""],"_max_variation_regular_price":[""],"_max_variation_sale_price":[""],"_min_variation_price":[""],"_min_variation_regular_price":[""],"_min_variation_sale_price":[""],"_sale_price":[""],"_wc_pb_base_regular_price":[""],"_wc_pb_base_sale_price":[""],"_wc_pb_base_price":[""],"_wc_sw_max_price":[""],"_wc_sw_max_regular_price":[""],"_wc_rating_count":[""]},"uagb_featured_image_src":{"full":["https:\/\/praxas.com\/wp-content\/uploads\/easylog-data-logger-EL-WiFi-TC-Straight-withProbe.png",800,463,false],"thumbnail":["https:\/\/praxas.com\/wp-content\/uploads\/easylog-data-logger-EL-WiFi-TC-Straight-withProbe-150x150.png",150,150,true],"medium":["https:\/\/praxas.com\/wp-content\/uploads\/easylog-data-logger-EL-WiFi-TC-Straight-withProbe-300x174.png",300,174,true],"medium_large":["https:\/\/praxas.com\/wp-content\/uploads\/easylog-data-logger-EL-WiFi-TC-Straight-withProbe-768x444.png",768,444,true],"large":["https:\/\/praxas.com\/wp-content\/uploads\/easylog-data-logger-EL-WiFi-TC-Straight-withProbe.png",800,463,false],"1536x1536":["https:\/\/praxas.com\/wp-content\/uploads\/easylog-data-logger-EL-WiFi-TC-Straight-withProbe.png",800,463,false],"2048x2048":["https:\/\/praxas.com\/wp-content\/uploads\/easylog-data-logger-EL-WiFi-TC-Straight-withProbe.png",800,463,false],"crunchify-admin-post-featured-image":["https:\/\/praxas.com\/wp-content\/uploads\/easylog-data-logger-EL-WiFi-TC-Straight-withProbe-120x69.png",120,69,true],"commercegurus-pdp-large":["https:\/\/praxas.com\/wp-content\/uploads\/easylog-data-logger-EL-WiFi-TC-Straight-withProbe.png",800,463,false],"commercegurus-plp-mobile":["https:\/\/praxas.com\/wp-content\/uploads\/easylog-data-logger-EL-WiFi-TC-Straight-withProbe-441x255.png",441,255,true],"cgkit_image_swatch":["https:\/\/praxas.com\/wp-content\/uploads\/easylog-data-logger-EL-WiFi-TC-Straight-withProbe-100x100.png",100,100,true],"woocommerce_thumbnail":["https:\/\/praxas.com\/wp-content\/uploads\/easylog-data-logger-EL-WiFi-TC-Straight-withProbe-300x174.png",300,174,true],"woocommerce_single":["https:\/\/praxas.com\/wp-content\/uploads\/easylog-data-logger-EL-WiFi-TC-Straight-withProbe.png",800,463,false],"woocommerce_gallery_thumbnail":["https:\/\/praxas.com\/wp-content\/uploads\/easylog-data-logger-EL-WiFi-TC-Straight-withProbe-150x87.png",150,87,true]},"uagb_author_info":{"display_name":"AndyS","author_link":"https:\/\/praxas.com\/fr\/author\/"},"uagb_comment_info":0,"uagb_excerpt":"Enregistreur de donn\u00e9es thermocouple WiFi","_links":{"self":[{"href":"https:\/\/praxas.com\/fr\/wp-json\/wp\/v2\/product\/29161","targetHints":{"allow":["GET"]}}],"collection":[{"href":"https:\/\/praxas.com\/fr\/wp-json\/wp\/v2\/product"}],"about":[{"href":"https:\/\/praxas.com\/fr\/wp-json\/wp\/v2\/types\/product"}],"wp:featuredmedia":[{"embeddable":true,"href":"https:\/\/praxas.com\/fr\/wp-json\/wp\/v2\/media\/29162"}],"wp:attachment":[{"href":"https:\/\/praxas.com\/fr\/wp-json\/wp\/v2\/media?parent=29161"}],"wp:term":[{"taxonomy":"product_brand","embeddable":true,"href":"https:\/\/praxas.com\/fr\/wp-json\/wp\/v2\/product_brand?post=29161"},{"taxonomy":"product_cat","embeddable":true,"href":"https:\/\/praxas.com\/fr\/wp-json\/wp\/v2\/product_cat?post=29161"},{"taxonomy":"product_tag","embeddable":true,"href":"https:\/\/praxas.com\/fr\/wp-json\/wp\/v2\/product_tag?post=29161"}],"curies":[{"name":"wp","href":"https:\/\/api.w.org\/{rel}","templated":true}]}}