{"id":29225,"date":"2023-06-28T16:43:00","date_gmt":"2023-06-28T14:43:00","guid":{"rendered":"https:\/\/staging.praxas.com\/product\/non%20class\u00e9\/el-wifi-vac\/"},"modified":"2025-10-14T17:11:20","modified_gmt":"2025-10-14T15:11:20","slug":"el-wifi-vac","status":"publish","type":"product","link":"https:\/\/praxas.com\/fr\/product\/data-loggers-fr\/surveillance-des-vaccins\/el-wifi-vac\/","title":{"rendered":"EL-WiFi-VAC"},"content":{"rendered":"<p>Le EL-WiFi-VAC permet de contr\u00f4ler \u00e0 distance la temp\u00e9rature des vaccins et de collecter des donn\u00e9es via un r\u00e9seau WiFi, consultable \u00e0 partir de n&rsquo;importe quel appareil compatible avec Internet, y compris un smartphone, une tablette ou un PC, en utilisant le logiciel <a href=\"https:\/\/praxas.com\/en\/easylog-cloud\/\"><br \/>\n  <strong>EasyLog Cloud<\/strong><br \/>\n<\/a> EasyLog. D\u00e9finissez des alarmes haute et basse et recevez des alertes instantan\u00e9es par e-mail lorsque les temp\u00e9ratures deviennent trop chaudes ou trop froides dans le r\u00e9frig\u00e9rateur ou le cong\u00e9lateur.<\/p>\n<p>L&rsquo;appareil stocke les donn\u00e9es en interne s&rsquo;il perd la connexion WiFi et les t\u00e9l\u00e9charge automatiquement dans le nuage d\u00e8s qu&rsquo;il est reconnect\u00e9.<\/p>\n<p>Utilisez le <a href=\"https:\/\/praxas.com\/en\/easylog-cloud\/\"><br \/>\n  <strong>EasyLog Cloud<\/strong><br \/>\n<\/a> pour Android et Apple pour configurer facilement votre appareil et acc\u00e9der \u00e0 vos donn\u00e9es \u00e0 tout moment et en tout lieu.<\/p>\n<p>Ce produit r\u00e9pond et d\u00e9passe les normes du CDC pour le contr\u00f4le des vaccins.<\/p>\n<p>Ce produit est conforme \u00e0 la norme BS EN 12830:2018 (Enregistreurs de temp\u00e9rature pour le transport, le stockage et la distribution de marchandises sensibles \u00e0 la temp\u00e9rature).<\/p>\n","protected":false},"excerpt":{"rendered":"<p>Kit de surveillance des vaccins par WiFi<\/p>\n","protected":false},"featured_media":29226,"template":"","meta":{"_acf_changed":false,"content-type":"","_uag_custom_page_level_css":""},"product_brand":[],"product_cat":[1259],"product_tag":[1228,1229,2434,1233,1232,1241,1244,1227],"class_list":{"0":"post-29225","1":"product","2":"type-product","3":"status-publish","4":"has-post-thumbnail","6":"product_cat-surveillance-des-vaccins","7":"product_tag-affichage","8":"product_tag-alarme","9":"product_tag-easylog-fr","10":"product_tag-easylog-cloud-fr","11":"product_tag-ido","12":"product_tag-sonde-externe","13":"product_tag-thermistance","14":"product_tag-wifi-fr","16":"first","17":"instock","18":"taxable","19":"shipping-taxable","20":"purchasable","21":"product-type-simple"},"bundled_by":[],"bundle_stock_status":"instock","bundle_stock_quantity":91,"bundle_virtual":false,"bundle_layout":"","bundle_add_to_cart_form_location":"","bundle_editable_in_cart":false,"bundle_sold_individually_context":"","bundle_item_grouping":"","bundle_min_size":"","bundle_max_size":"","bundle_price":[],"bundled_items":[],"bundle_sell_ids":[],"acf":[],"spectra_custom_meta":{"_download_limit":["-1","-1"],"_download_expiry":["-1","-1"],"_downloadable":["no","no"],"_sku":["EL-WiFi-VAC","EL-WiFi-VAC"],"_stock_status":["instock","instock","instock","instock","instock","instock","instock","instock"],"_sold_individually":["no","no"],"_tax_class":["",""],"_tax_status":["taxable","taxable"],"_virtual":["no","no"],"_weight":["1"],"_width":["0"],"_height":["0"],"_length":["0"],"total_sales":["12","12"],"_product_datasheet":["field_650ad7d6ea3a0"],"connectivity":["WiFi","WiFi"],"_connectivity":["field_64dce263bb57c","field_64dce263bb57c"],"brand":["EasyLog","EasyLog"],"_brand":["field_64ddf62ed2593","field_64ddf62ed2593"],"_brand_image":["field_650c5e7c84cae"],"_specifications_table":["field_65044e1db92a8"],"_display_data_alarm":["field_667d647bcb066"],"_resources":["field_650849c6945ee"],"_accessories":["field_650849e6945f0","field_650849e6945f0"],"_faqs":["field_650859523d8d5"],"_calibration_suitable_ids_gb":["field_654b4c4acb54a"],"_calibration_suitable_ids_us":["field_654b4c56cb54b"],"_show_in_calibration_suitable":["field_654cfb691d345"],"_shipping":["field_66852535c98a5"],"_refrigerant_cabinet":["field_66852557c98a6"],"_main_specifications":["field_66855b25b1245"],"_usd_price_4":["field_651570dcac479"],"_usd_price_9":["field_6515713eb4807"],"_usd_price_24":["field_65157141b4809"],"_usd_price_49":["field_65157140b4808"],"_usd_price_99":["field_6515715bb480a"],"_gbp_price_4":["field_6515716e83bfa"],"_gbp_price_9":["field_6515724783bfb"],"_gbp_price_24":["field_6515724b83bfc"],"_gbp_price_49":["field_6515725983bfd"],"_gbp_price_99":["field_6515725d83bfe"],"_usdhk_price_4":["field_6515726f83bff"],"_usdhk_price_9":["field_6515727c83c00"],"_usdhk_price_24":["field_6515728083c01"],"_usdhk_price_49":["field_6515728983c02"],"_usdhk_price_99":["field_6515728e83c03"],"stock_options":["In stock"],"_stock_options":["field_6544b605dc7f9"],"_top_nav_excluded":[""],"_cms_nav_minihome":[""],"wcml_sync_hash":["a:1:{s:15:\"postmeta_fields\";s:32:\"2aec0ae448ecf1341a1897f83c2aeda5\";}"],"attr_label_translations":["a:0:{}"],"_product_image_gallery":["29227,29228"],"_thumbnail_id":["29226"],"_crosssell_ids":["a:0:{}"],"_stock":["91.000000"],"_wpml_word_count":["185"],"_calibration":["field_66a0ddd599972"],"_edit_lock":["1722264397:8383"],"classic-editor-remember":["classic-editor"],"rank_math_seo_score":["75"],"_edit_last":["8383"],"commercekit_gallery_layout":[""],"commercekit_disable_sticky_atc":["0"],"commercekit_wc_video_gallery":["a:0:{}"],"_rank_math_gtin_code":[""],"_wcml_average_rating":[null],"_wcml_review_count":[null],"_wcml_rating_count":[null],"_wc_average_rating":[0],"_wc_review_count":["0"],"_product_version":["9.1.2"],"display_data_alarm":[""],"calibration":[""],"calibration_suitable_ids_gb":[""],"calibration_suitable_ids_us":[""],"show_in_calibration_suitable":[""],"other_features":[""],"shipping":[""],"refrigerant_cabinet":[""],"main_specifications":[""],"shoptimizer_layout_pdp_short_description_position":["default"],"product_datasheet":["10483"],"brand_image":["10467"],"_wpml_media_duplicate":["1"],"_wpml_media_featured":["1"],"_last_translation_edit_mode":["translation-editor"],"_product_attributes":["a:2:{s:16:\"pa_product-brand\";a:6:{s:4:\"name\";s:16:\"pa_product-brand\";s:5:\"value\";s:0:\"\";s:8:\"position\";i:0;s:10:\"is_visible\";i:1;s:12:\"is_variation\";i:0;s:11:\"is_taxonomy\";i:1;}s:19:\"pa_product-features\";a:6:{s:4:\"name\";s:19:\"pa_product-features\";s:5:\"value\";s:0:\"\";s:8:\"position\";i:1;s:10:\"is_visible\";i:1;s:12:\"is_variation\";i:0;s:11:\"is_taxonomy\";i:1;}}"],"_backorders":["no","no"],"_manage_stock":["no","no"],"min_temp":["-40"],"max_temp":["60"],"_min_temp":["field_67ea5eb4e0a77"],"_max_temp":["field_67ea5f81e0a79"],"rank_math_primary_product_cat":["100","100"],"_global_unique_id":["5056744400144"],"faqs":["[accordion]\n[accordion_header]Pourquoi mon appareil ne se connecte-t-il pas au r\u00e9seau sans fil ?[\/accordion_header]\n[accordion_section]\n\nVous pouvez suivre les \u00e9tapes suivantes pour r\u00e9soudre ce probl\u00e8me :\n\nContr\u00f4les de base :\n\n1) V\u00e9rifiez que le mot de passe introduit est correct.\n\n2) Assurez-vous que le nom SSID ne contient pas d'espaces ou d'autres caract\u00e8res sp\u00e9ciaux.\n\n3) V\u00e9rifiez que votre r\u00e9seau dispose d'une connexion internet.\n\n4) V\u00e9rifiez que l'appareil est \u00e0 port\u00e9e du routeur.\n\n5) Un r\u00e9seau 2.4GHz supportant 802.11b, g ou n est n\u00e9cessaire. Les r\u00e9seaux 5GHz ne sont pas pris en charge.\n\nV\u00e9rifications avanc\u00e9es du r\u00e9seau :\n\n6) Le port TCP 14354 est ouvert au trafic sortant \u00e0 travers votre r\u00e9seau et votre pare-feu.\n\n7) Assurez-vous que le filtrage MAC n'est pas activ\u00e9 ou, s'il l'est, que l'adresse MAC de l'appareil est incluse dans la liste des appareils connus.\n\n8) V\u00e9rifiez que le service DHCP fonctionne. Cela permet d'attribuer une adresse IP \u00e0 l'appareil. Normalement, le service DHCP fonctionne dans votre routeur ou sur un serveur de r\u00e9seau. Assurez-vous que la plage d'adresses IP DHCP configur\u00e9e permet l'ajout de nouveaux appareils, si ce n'est pas le cas, \u00e9tendez la plage.\n\n9) Si votre r\u00e9seau sans fil utilise l'authentification WPA Enterprise, assurez-vous que le type d'authentification correct est s\u00e9lectionn\u00e9 dans la liste d\u00e9roulante lors de la configuration. Seuls les types \u00e9num\u00e9r\u00e9s sont pris en charge.\n\n[\/accordion_section]\n[\/accordion]\n\n[accordion]\n[accordion_header]Quelle autonomie puis-je attendre de mon appareil et vais-je perdre mes donn\u00e9es s'il est d\u00e9charg\u00e9 ?[\/accordion_header]\n[accordion_section]\n\nPlusieurs facteurs peuvent affecter de mani\u00e8re significative l'autonomie de la batterie de l'appareil, notamment : la programmation de la synchronisation, la m\u00e9thode de cryptage Wi-Fi, la fr\u00e9quence de rotation de la cl\u00e9 de cryptage Wi-Fi (d\u00e9termin\u00e9e par le point d'acc\u00e8s ou le routeur), la puissance du signal entre le point d'acc\u00e8s ou le routeur et l'appareil, la pr\u00e9sence, le volume et le type de trafic Wi-Fi provenant d'autres appareils, la fr\u00e9quence d'\u00e9chantillonnage et la temp\u00e9rature d'utilisation. Lors de nos tests, nous avons r\u00e9guli\u00e8rement obtenu une autonomie de batterie sup\u00e9rieure \u00e0 six mois avec un taux de transmission d'une heure ou plus \u00e0 temp\u00e9rature ambiante. L'appareil n'effectue pas de relev\u00e9s en cas de coupure de courant, mais tous les relev\u00e9s effectu\u00e9s avant la coupure de courant sont synchronis\u00e9s. Une fois recharg\u00e9, l'appareil se reconnecte \u00e0 EasyLog Cloud, d\u00e9marre une nouvelle session d'enregistrement et poursuit l'enregistrement.\n\nEL-WIFI - La batterie de cet appareil est rechargeable et la charge dure g\u00e9n\u00e9ralement 6 mois. Vous pouvez \u00e9galement alimenter l'appareil par le biais d'une alimentation secteur.\n\nEL-IOT - Les piles durent g\u00e9n\u00e9ralement plus d'un an. L'appareil fonctionne avec 4 piles AA 1,5V\n\nEL-WEM - Cet appareil doit toujours \u00eatre aliment\u00e9 par le r\u00e9seau \u00e9lectrique.\n\n[\/accordion_section]\n[\/accordion]\n\n<a class=\"button button-orange\" href=\"\/support\/el-wifi-data-loggers\/\">Plus de soutien<\/a>"],"_other_features":["field_686fa2aa98dce"],"rank_math_title":["EL-WiFi-VAC | Enregistreurs de donn\u00e9es num\u00e9riques pour vaccins | Praxas"],"rank_math_description":["Le EL-WiFi-VAC permet de contr\u00f4ler \u00e0 distance la temp\u00e9rature des vaccins et de collecter des donn\u00e9es sur un r\u00e9seau WiFi, consultable depuis n'importe quel appareil connect\u00e9 \u00e0 Internet via EasyLog Cloud."],"rank_math_focus_keyword":["EL-WiFi-VAC"],"specifications_table":["<table class=\"specifications\">\n<tbody>\n<tr class=\"even-row\">\n<td class=\"left-td\">Plage de mesure (sonde fournie)<\/td>\n<td>-40 \u00e0 60\u00b0C (-40 \u00e0 140\u00b0F)<\/td>\n<\/tr>\n<tr class=\"odd-row\">\n<td class=\"left-td\">R\u00e9solution de la mesure<\/td>\n<td>0,01\u00b0C (0,02\u00b0F)<\/td>\n<\/tr>\n<tr class=\"even-row\">\n<td class=\"left-td\">Pr\u00e9cision de la mesure (typique)<\/td>\n<td>\u00b10,1\u00b0C\/\u00b10,2\u00b0F (-10 \u00e0 +60\u00b0C\/+14 \u00e0 +140\u00b0F)<\/td>\n<\/tr>\n<tr class=\"odd-row\">\n<td class=\"left-td\">Pr\u00e9cision de la mesure (maximum)<\/td>\n<td>\u00b10,6\u00b0C\/\u00b11,1\u00b0F (-40 \u00e0 +60\u00b0C\/ -40 \u00e0 +140\u00b0F)<\/td>\n<\/tr>\n<tr class=\"even-row\">\n<td class=\"left-td\">Temp\u00e9rature de fonctionnement (module)<\/td>\n<td>De -20 \u00e0 +60\u00b0C (de -4 \u00e0 +140\u00b0F)<\/td>\n<\/tr>\n<tr class=\"odd-row\">\n<td class=\"left-td\">Lectures<\/td>\n<td>Illimit\u00e9<\/td>\n<\/tr>\n<tr class=\"even-row\">\n<td class=\"left-td\">Taux d'enregistrement<\/td>\n<td>S\u00e9lectionnable par l'utilisateur entre 10 secondes et 12 heures<\/td>\n<\/tr>\n<tr class=\"odd-row\">\n<td class=\"left-td\">Dur\u00e9e de vie de la batterie<\/td>\n<td>Batterie rechargeable \/ 6 mois d'autonomie \/ Option alimentation secteur<\/td>\n<\/tr>\n<tr class=\"even-row\">\n<td class=\"left-td\">Certificat d'\u00e9talonnage<\/td>\n<td>Fourni \u00e0 2 et 8\u00b0C<\/td>\n<\/tr>\n<\/tbody>\n<\/table>"],"resources":["<ul class=\"resources-list\">\n \t<li><img src=\"https:\/\/praxas.com\/wp-content\/uploads\/document-icon.png\" alt=\"Ic\u00f4ne de document\"><a href=\"https:\/\/praxas.com\/wp-content\/uploads\/easylog-data-logger-el-wifi-vac_iss4_07-19.pdf\" target=\"_blank\" rel=\"noopener\">Fiche technique EL-WiFi-VAC<\/a><\/li>\n \t<li><img src=\"https:\/\/praxas.com\/wp-content\/uploads\/software-icon.png\" alt=\"Ic\u00f4ne du logiciel\"><a href=\"https:\/\/praxas.com\/software\/easylog-software\/easylog-wifi\/\" target=\"_blank\" rel=\"noopener\">Logiciel EasyLog WiFi<\/a><\/li>\n \t<li><img src=\"https:\/\/praxas.com\/wp-content\/uploads\/software-icon.png\" alt=\"Ic\u00f4ne du logiciel\"><a href=\"https:\/\/praxas.com\/en\/easylog-cloud\/\" target=\"_blank\" rel=\"noopener\">EasyLog Cloud<\/a><\/li>\n \t<li><img src=\"https:\/\/praxas.com\/wp-content\/uploads\/document-icon.png\" alt=\"Ic\u00f4ne de document\"><a href=\"https:\/\/praxas.com\/wp-content\/uploads\/el_wifi_qsg_iss4_11-18_pages.pdf\" target=\"_blank\" rel=\"noopener\">Guide de d\u00e9marrage rapide du EL-WiFi<\/a><\/li>\n \t<li><img src=\"https:\/\/praxas.com\/wp-content\/uploads\/document-icon.png\" alt=\"Ic\u00f4ne de document\"><a href=\"https:\/\/praxas.com\/wp-content\/uploads\/help-guide-3-network-requirements-and-settings-12-09-2022_issue-6.pdf\" target=\"_blank\" rel=\"noopener\">Exigences et param\u00e8tres du r\u00e9seau<\/a><\/li>\n \t<li><img src=\"https:\/\/praxas.com\/wp-content\/uploads\/video-icon-orange.png\" alt=\"Ic\u00f4ne vid\u00e9o\"><a href=\"https:\/\/www.youtube.com\/playlist?list=PL_yZedoZ_7MpemnH-a3NswL9-NgUz3DVe\" target=\"_blank\" rel=\"noopener\">Tutoriels vid\u00e9o<\/a><\/li>\n \t<li><img src=\"https:\/\/praxas.com\/wp-content\/uploads\/document-icon.png\" alt=\"Ic\u00f4ne de document\"><a href=\"https:\/\/praxas.com\/wp-content\/uploads\/conformity_certificate_wifi_range_with_coo-issu8.pdf\" target=\"_blank\" rel=\"noopener\">EL-WiFi-VAC D\u00e9claration de conformit\u00e9<\/a><\/li>\n \t<li><img src=\"https:\/\/praxas.com\/wp-content\/uploads\/document-icon.png\" alt=\"Ic\u00f4ne de document\"><a href=\"https:\/\/praxas.com\/wp-content\/uploads\/bs-en-12830-record-of-compliance-issue-1.pdf\" target=\"_blank\" rel=\"noopener\">BS EN 12830:2018 Attestation de conformit\u00e9<\/a><\/li>\n<\/ul>"],"accessories":["[products skus=\"EL-P-VAC,PSU USB-UK,PSU USB-EU,EL-WiFi Wall Bracket,EL-PROBE-EXTENDER-10M,EL-PROBE-EXTENDER-3M,EL-PROBE-EXTENDER-5M,EL-PROBE-EXTENDER-1.5M,Fridge Install Kit-TP\"]","[products skus=\"EL-P-VAC,PSU USB-UK,PSU USB-EU,EL-WiFi Wall Bracket,EL-PROBE-EXTENDER-10M,EL-PROBE-EXTENDER-3M,EL-PROBE-EXTENDER-5M,EL-PROBE-EXTENDER-1.5M,Fridge Install Kit-TP\"]"],"usd_price_4":["0.00"],"usd_price_9":["0.00"],"usd_price_24":["0.00"],"usd_price_49":["0.00"],"usd_price_99":["0.00"],"gbp_price_4":["0.00"],"gbp_price_9":["0.00"],"gbp_price_24":["166.49"],"gbp_price_49":["0.00"],"gbp_price_99":["147.99"],"usdhk_price_4":["0.00"],"usdhk_price_9":["0.00"],"usdhk_price_24":["224.99"],"usdhk_price_49":["0.00"],"usdhk_price_99":["199.99"],"_uag_page_assets":["a:9:{s:3:\"css\";s:0:\"\";s:2:\"js\";s:0:\"\";s:18:\"current_block_list\";a:0:{}s:8:\"uag_flag\";b:0;s:11:\"uag_version\";s:10:\"1776947684\";s:6:\"gfonts\";a:0:{}s:10:\"gfonts_url\";s:0:\"\";s:12:\"gfonts_files\";a:0:{}s:14:\"uag_faq_layout\";b:0;}"],"_regular_price":["237.75","237.75"],"_price":["237.75","237.75"],"hubwoo_ecomm_pro_id":["25377932614"],"_max_variation_price":[""],"_max_variation_regular_price":[""],"_max_variation_sale_price":[""],"_min_variation_price":[""],"_min_variation_regular_price":[""],"_min_variation_sale_price":[""],"_sale_price":[""],"_wc_pb_base_regular_price":[""],"_wc_pb_base_sale_price":[""],"_wc_pb_base_price":[""],"_wc_sw_max_price":[""],"_wc_sw_max_regular_price":[""],"_wc_rating_count":[""]},"uagb_featured_image_src":{"full":["https:\/\/praxas.com\/wp-content\/uploads\/Easylog-data-loggers-EL-WiFi-TP-Vac-Probe-Straight.png",800,463,false],"thumbnail":["https:\/\/praxas.com\/wp-content\/uploads\/Easylog-data-loggers-EL-WiFi-TP-Vac-Probe-Straight-150x150.png",150,150,true],"medium":["https:\/\/praxas.com\/wp-content\/uploads\/Easylog-data-loggers-EL-WiFi-TP-Vac-Probe-Straight-300x174.png",300,174,true],"medium_large":["https:\/\/praxas.com\/wp-content\/uploads\/Easylog-data-loggers-EL-WiFi-TP-Vac-Probe-Straight-768x444.png",768,444,true],"large":["https:\/\/praxas.com\/wp-content\/uploads\/Easylog-data-loggers-EL-WiFi-TP-Vac-Probe-Straight.png",800,463,false],"1536x1536":["https:\/\/praxas.com\/wp-content\/uploads\/Easylog-data-loggers-EL-WiFi-TP-Vac-Probe-Straight.png",800,463,false],"2048x2048":["https:\/\/praxas.com\/wp-content\/uploads\/Easylog-data-loggers-EL-WiFi-TP-Vac-Probe-Straight.png",800,463,false],"crunchify-admin-post-featured-image":["https:\/\/praxas.com\/wp-content\/uploads\/Easylog-data-loggers-EL-WiFi-TP-Vac-Probe-Straight-120x69.png",120,69,true],"commercegurus-pdp-large":["https:\/\/praxas.com\/wp-content\/uploads\/Easylog-data-loggers-EL-WiFi-TP-Vac-Probe-Straight.png",800,463,false],"commercegurus-plp-mobile":["https:\/\/praxas.com\/wp-content\/uploads\/Easylog-data-loggers-EL-WiFi-TP-Vac-Probe-Straight-441x255.png",441,255,true],"cgkit_image_swatch":["https:\/\/praxas.com\/wp-content\/uploads\/Easylog-data-loggers-EL-WiFi-TP-Vac-Probe-Straight-100x100.png",100,100,true],"woocommerce_thumbnail":["https:\/\/praxas.com\/wp-content\/uploads\/Easylog-data-loggers-EL-WiFi-TP-Vac-Probe-Straight-300x174.png",300,174,true],"woocommerce_single":["https:\/\/praxas.com\/wp-content\/uploads\/Easylog-data-loggers-EL-WiFi-TP-Vac-Probe-Straight.png",800,463,false],"woocommerce_gallery_thumbnail":["https:\/\/praxas.com\/wp-content\/uploads\/Easylog-data-loggers-EL-WiFi-TP-Vac-Probe-Straight-150x87.png",150,87,true]},"uagb_author_info":{"display_name":"AndyS","author_link":"https:\/\/praxas.com\/fr\/author\/"},"uagb_comment_info":0,"uagb_excerpt":"Kit de surveillance des vaccins par WiFi","_links":{"self":[{"href":"https:\/\/praxas.com\/fr\/wp-json\/wp\/v2\/product\/29225","targetHints":{"allow":["GET"]}}],"collection":[{"href":"https:\/\/praxas.com\/fr\/wp-json\/wp\/v2\/product"}],"about":[{"href":"https:\/\/praxas.com\/fr\/wp-json\/wp\/v2\/types\/product"}],"wp:featuredmedia":[{"embeddable":true,"href":"https:\/\/praxas.com\/fr\/wp-json\/wp\/v2\/media\/29226"}],"wp:attachment":[{"href":"https:\/\/praxas.com\/fr\/wp-json\/wp\/v2\/media?parent=29225"}],"wp:term":[{"taxonomy":"product_brand","embeddable":true,"href":"https:\/\/praxas.com\/fr\/wp-json\/wp\/v2\/product_brand?post=29225"},{"taxonomy":"product_cat","embeddable":true,"href":"https:\/\/praxas.com\/fr\/wp-json\/wp\/v2\/product_cat?post=29225"},{"taxonomy":"product_tag","embeddable":true,"href":"https:\/\/praxas.com\/fr\/wp-json\/wp\/v2\/product_tag?post=29225"}],"curies":[{"name":"wp","href":"https:\/\/api.w.org\/{rel}","templated":true}]}}