{"id":29291,"date":"2023-06-29T13:01:00","date_gmt":"2023-06-29T11:01:00","guid":{"rendered":"https:\/\/staging.praxas.com\/product\/non%20class\u00e9\/el-wifi-t-2\/"},"modified":"2026-03-13T14:26:39","modified_gmt":"2026-03-13T13:26:39","slug":"el-wifi-t-2","status":"publish","type":"product","link":"https:\/\/praxas.com\/fr\/product\/data-loggers-fr\/enregistreurs-de-donnees-de-temperature\/el-wifi-t-2\/","title":{"rendered":"EL-WiFi-T"},"content":{"rendered":"<p>L&rsquo;EL-WiFi-T est un enregistreur de donn\u00e9es compatible Wi-Fi qui permet de surveiller \u00e0 distance un environnement sur une plage de mesure de temp\u00e9rature allant de -20 \u00e0 +60\u00b0C (-4 \u00e0 +140\u00b0F). Cet appareil peut \u00eatre configur\u00e9 selon les besoins de l&rsquo;utilisateur et laiss\u00e9 en place pour surveiller et enregistrer dans son environnement, tout en diffusant sans fil toutes les donn\u00e9es enregistr\u00e9es sur un r\u00e9seau WiFi vers l&rsquo;application <a href=\"https:\/\/praxas.com\/fr\/easylog-cloud-fr\/\"><strong>EasyLog Cloud<\/strong><\/a>.<\/p>\n<p>Dans le <a href=\"https:\/\/praxas.com\/fr\/easylog-cloud-fr\/\"><strong>EasyLog Cloud<\/strong><\/a>les utilisateurs ont la possibilit\u00e9 de configurer leurs capteurs, de d\u00e9finir des alarmes hautes et basses, d&rsquo;appliquer des notifications par SMS et par e-mail, de relier les capteurs et d&rsquo;attribuer des privil\u00e8ges \u00e0 plusieurs utilisateurs. Une fois le capteur install\u00e9, il peut \u00eatre plac\u00e9 n&rsquo;importe o\u00f9 dans le rayon d&rsquo;action d&rsquo;un r\u00e9seau WiFi et \u00eatre laiss\u00e9 en surveillance.<\/p>\n<p>L&rsquo;appareil stocke les donn\u00e9es en interne s&rsquo;il perd la connexion WiFi et les t\u00e9l\u00e9charge automatiquement dans le nuage une fois qu&rsquo;il est reconnect\u00e9.<\/p>\n<p>Utilisez le <a href=\"https:\/\/praxas.com\/fr\/easylog-cloud-fr\/\"><strong>EasyLog Cloud<\/strong><\/a> pour Android et Apple pour configurer facilement votre appareil et acc\u00e9der \u00e0 vos donn\u00e9es \u00e0 tout moment et en tout lieu.<\/p>\n","protected":false},"excerpt":{"rendered":"<p>Enregistreur de donn\u00e9es de temp\u00e9rature WiFi<\/p>\n","protected":false},"featured_media":29292,"template":"","meta":{"_acf_changed":false,"content-type":"","_uag_custom_page_level_css":""},"product_brand":[],"product_cat":[1238],"product_tag":[1228,1231,2434,1233,1232,1227],"class_list":{"0":"post-29291","1":"product","2":"type-product","3":"status-publish","4":"has-post-thumbnail","6":"product_cat-enregistreurs-de-donnees-de-temperature","7":"product_tag-affichage","8":"product_tag-capteur-interne","9":"product_tag-easylog-fr","10":"product_tag-easylog-cloud-fr","11":"product_tag-ido","12":"product_tag-wifi-fr","14":"first","15":"instock","16":"taxable","17":"shipping-taxable","18":"purchasable","19":"product-type-simple"},"bundled_by":[],"bundle_stock_status":"instock","bundle_stock_quantity":3,"bundle_virtual":false,"bundle_layout":"","bundle_add_to_cart_form_location":"","bundle_editable_in_cart":false,"bundle_sold_individually_context":"","bundle_item_grouping":"","bundle_min_size":"","bundle_max_size":"","bundle_price":[],"bundled_items":[],"bundle_sell_ids":[],"acf":[],"spectra_custom_meta":{"_download_limit":["-1","-1"],"_download_expiry":["-1","-1"],"_downloadable":["no","no"],"_stock_status":["instock","instock","instock","instock","instock","instock","instock","instock","instock","instock","instock","instock"],"_sold_individually":["no","no"],"_tax_class":["",""],"_tax_status":["taxable","taxable"],"_virtual":["no","no"],"_width":["0"],"_height":["0"],"_length":["0","0"],"total_sales":["23","23"],"_product_datasheet":["field_650ad7d6ea3a0"],"connectivity":["WiFi","WiFi"],"_connectivity":["field_64dce263bb57c","field_64dce263bb57c"],"brand":["EasyLog","EasyLog"],"_brand":["field_64ddf62ed2593","field_64ddf62ed2593"],"_brand_image":["field_650c5e7c84cae"],"_specifications_table":["field_65044e1db92a8"],"_display_data_alarm":["field_667d647bcb066"],"_resources":["field_650849c6945ee"],"_accessories":["field_650849e6945f0","field_650849e6945f0"],"_faqs":["field_650859523d8d5"],"_calibration_suitable_ids_gb":["field_654b4c4acb54a"],"_calibration_suitable_ids_us":["field_654b4c56cb54b"],"_show_in_calibration_suitable":["field_654cfb691d345"],"_usd_price_4":["field_651570dcac479"],"_usd_price_9":["field_6515713eb4807"],"_usd_price_24":["field_65157141b4809"],"_usd_price_49":["field_65157140b4808"],"_usd_price_99":["field_6515715bb480a"],"_gbp_price_4":["field_6515716e83bfa"],"_gbp_price_9":["field_6515724783bfb"],"_gbp_price_24":["field_6515724b83bfc"],"_gbp_price_49":["field_6515725983bfd"],"_gbp_price_99":["field_6515725d83bfe"],"_usdhk_price_4":["field_6515726f83bff"],"_usdhk_price_9":["field_6515727c83c00"],"_usdhk_price_24":["field_6515728083c01"],"_usdhk_price_49":["field_6515728983c02"],"_usdhk_price_99":["field_6515728e83c03"],"stock_options":["In stock"],"_stock_options":["field_6544b605dc7f9"],"_top_nav_excluded":[""],"_cms_nav_minihome":[""],"calibration":[""],"wcml_sync_hash":["a:1:{s:15:\"postmeta_fields\";s:32:\"dcb23e02298ba738c78e24d798c47907\";}"],"attr_label_translations":["a:0:{}"],"_product_image_gallery":["29293,29294"],"_thumbnail_id":["29292"],"_crosssell_ids":["a:0:{}"],"_stock":["3.000000"],"_wpml_word_count":["205"],"_calibration":["field_66a0ddd599972"],"_shipping":["field_66852535c98a5"],"_refrigerant_cabinet":["field_66852557c98a6"],"_main_specifications":["field_66855b25b1245"],"_edit_lock":["1722262407:8383"],"classic-editor-remember":["classic-editor"],"rank_math_seo_score":["84"],"_edit_last":["8383"],"commercekit_gallery_layout":[""],"commercekit_disable_sticky_atc":["0"],"commercekit_wc_video_gallery":["a:0:{}"],"_rank_math_gtin_code":[""],"_wcml_average_rating":[null],"_wcml_review_count":[null],"_wcml_rating_count":[null],"_wc_average_rating":[0],"_wc_review_count":["0"],"_product_version":["9.1.2"],"display_data_alarm":[""],"calibration_suitable_ids_gb":[""],"calibration_suitable_ids_us":[""],"show_in_calibration_suitable":[""],"other_features":[""],"shipping":[""],"refrigerant_cabinet":[""],"main_specifications":[""],"shoptimizer_layout_pdp_short_description_position":["default"],"product_datasheet":["10441"],"brand_image":["10467"],"_wpml_media_duplicate":["1"],"_wpml_media_featured":["1"],"_last_translation_edit_mode":["translation-editor"],"_product_attributes":["a:2:{s:16:\"pa_product-brand\";a:6:{s:4:\"name\";s:16:\"pa_product-brand\";s:5:\"value\";s:0:\"\";s:8:\"position\";i:0;s:10:\"is_visible\";i:1;s:12:\"is_variation\";i:0;s:11:\"is_taxonomy\";i:1;}s:19:\"pa_product-features\";a:6:{s:4:\"name\";s:19:\"pa_product-features\";s:5:\"value\";s:0:\"\";s:8:\"position\";i:1;s:10:\"is_visible\";i:1;s:12:\"is_variation\";i:0;s:11:\"is_taxonomy\";i:1;}}"],"_backorders":["no","no"],"_manage_stock":["no","no"],"min_temp":["-20"],"max_temp":["60"],"_min_temp":["field_67ea5eb4e0a77"],"_max_temp":["field_67ea5f81e0a79"],"rank_math_primary_product_cat":["87","87"],"_global_unique_id":["5056744400045"],"faqs":["[accordion]\n[accordion_header]Mes appareils ne communiquent pas avec PraxasCloud ?[\/accordion_header]\n[accordion_section]\n\nLes raisons pour lesquelles votre appareil peut rencontrer des probl\u00e8mes de communication avec le cloud sont les suivantes :\n\nLe signal est faible entre l'appareil et le routeur\nLa batterie de votre appareil est faible.\nLe SSID ou le mot de passe du routeur a peut-\u00eatre chang\u00e9\nLe routeur a \u00e9t\u00e9 d\u00e9connect\u00e9 ou \u00e9teint\nUn obstacle bloque le signal, comme des murs en m\u00e9tal ou en b\u00e9ton\nCes raisons doivent \u00eatre prises en compte lors de la configuration initiale de votre appareil afin que la communication avec le cloud soit la plus fructueuse possible.\n\n[\/accordion_section]\n[\/accordion]\n\n<span class=\"ui-provider ee bhc bhd bhe bhf bhg bhh bhi bhj bhk bhl bhm bhn bho bhp bhq bhr bhs bht bhu bhv bhw bhx bhy bhz bia bib bic bid bie bif big bih bii bij\" dir=\"ltr\">[accordion]\n[accordion_header]Comment fonctionne l'abonnement \u00e0 PraxasCloud ?[\/accordion_header]\n[accordion_section]Veuillez consulter la page d'inscription o\u00f9 vous pouvez d\u00e9placer les curseurs pour s\u00e9lectionner les diff\u00e9rentes fonctionnalit\u00e9s dont vous avez besoin. Vous pouvez vous inscrire par carte pour une facturation mensuelle automatique ou les entreprises peuvent contacter leur bureau de vente local pour des abonnements \u00e0 plus long terme. https:\/\/www.praxascloud.com\/accounttype.aspx\n [\/accordion_section]\n[\/accordion]<\/span>\n\n<a class=\"button button-orange\" href=\"\/support\/el-wifi-data-loggers\/\">Plus de soutien<\/a>"],"_other_features":["field_686fa2aa98dce"],"hubwoo_ecomm_pro_id":["25365823620"],"_sku":["21042","21042"],"rank_math_title":["EL-WiFi-T | Enregistreur de donn\u00e9es de temp\u00e9rature sans fil | PraxasCloud"],"rank_math_description":["L'EL-WiFi-T est un enregistreur de donn\u00e9es compatible Wi-Fi de Lascar Electronics qui permet de surveiller \u00e0 distance un environnement sur une plage de mesure de temp\u00e9rature allant de -20 \u00e0 +60\u00b0C."],"rank_math_focus_keyword":["EL-WiFi-T"],"specifications_table":["<table class=\"specifications\">\n<tbody>\n<tr class=\"even-row\">\n<td class=\"left-td\">Plage de mesure<\/td>\n<td>De -20 \u00e0 +60\u00b0C \/ (-4 \u00e0 +140\u00b0F)<\/td>\n<\/tr>\n<tr class=\"odd-row\">\n<td class=\"left-td\">Pr\u00e9cision (typique)<\/td>\n<td>\u00b10,3\u00b0C \/ \u00b10,6\u00b0F<\/td>\n<\/tr>\n<tr class=\"even-row\">\n<td class=\"left-td\">Lectures<\/td>\n<td>Illimit\u00e9<\/td>\n<\/tr>\n<tr class=\"odd-row\">\n<td class=\"left-td\">Taux d'enregistrement<\/td>\n<td>S\u00e9lectionnable par l'utilisateur entre 10 secondes et 12 heures<\/td>\n<\/tr>\n<tr class=\"even-row\">\n<td class=\"left-td\">Batterie<\/td>\n<td>Batterie rechargeable \/ 6 mois d'autonomie \/ Option alimentation secteur<\/td>\n<\/tr>\n<tr class=\"odd-row\">\n<td class=\"left-td\">BS EN<\/td>\n<td>BS EN 12830:2018<\/td>\n<\/tr>\n<\/tbody>\n<\/table>"],"resources":["<ul class=\"resources-list\">\n \t<li><img src=\"https:\/\/praxas.com\/wp-content\/uploads\/document-icon.png\" alt=\"Ic\u00f4ne de document\"><a href=\"https:\/\/praxas.com\/wp-content\/uploads\/easylog-data-logger-el-wifi_t_iss7_03-19.pdf\" target=\"_blank\" rel=\"noopener\">Fiche technique EL-WiFi-T<\/a><\/li>\n \t<li><img src=\"https:\/\/praxas.com\/wp-content\/uploads\/software-icon.png\" alt=\"Ic\u00f4ne du logiciel\"><a href=\"https:\/\/praxas.com\/software\/easylog-software\/easylog-wifi\/\" target=\"_blank\" rel=\"noopener\">Applications EasyLog WiFi<\/a><\/li>\n \t<li><img src=\"https:\/\/praxas.com\/wp-content\/uploads\/document-icon.png\" alt=\"Ic\u00f4ne de document\"><a href=\"https:\/\/praxas.com\/wp-content\/uploads\/el_wifi_qsg_iss4_11-18_pages.pdf\" target=\"_blank\" rel=\"noopener\">Guide de d\u00e9marrage rapide EL-WiFi-T<\/a><\/li>\n \t<li><img src=\"https:\/\/praxas.com\/wp-content\/uploads\/document-icon.png\" alt=\"Ic\u00f4ne de document\"><a href=\"https:\/\/praxas.com\/wp-content\/uploads\/help-guide-3-network-requirements-and-settings-12-09-2022_issue-6.pdf\" target=\"_blank\" rel=\"noopener\">Exigences et param\u00e8tres du r\u00e9seau<\/a><\/li>\n \t<li><img src=\"https:\/\/praxas.com\/wp-content\/uploads\/video-icon-orange.png\" alt=\"Ic\u00f4ne vid\u00e9o\"><a href=\"https:\/\/www.youtube.com\/playlist?list=PL_yZedoZ_7MpemnH-a3NswL9-NgUz3DVe\" target=\"_blank\" rel=\"noopener\">Tutoriels vid\u00e9o<\/a><\/li>\n \t<li><img src=\"https:\/\/praxas.com\/wp-content\/uploads\/document-icon.png\" alt=\"Ic\u00f4ne de document\"><a href=\"https:\/\/praxas.com\/wp-content\/uploads\/conformity_certificate_wifi_range_with_coo-issu8.pdf\" target=\"_blank\" rel=\"noopener\">D\u00e9claration de conformit\u00e9 EL-WiFi-T<\/a><\/li>\n \t<li><img src=\"https:\/\/praxas.com\/wp-content\/uploads\/document-icon.png\" alt=\"Ic\u00f4ne de document\"><a href=\"https:\/\/praxas.com\/wp-content\/uploads\/bs-en-12830-record-of-compliance-issue-1.pdf\" target=\"_blank\" rel=\"noopener\">BS EN 12830:2018 Attestation de conformit\u00e9<\/a><\/li>\n<\/ul>\n<a class=\"button button-secondary\" href=\"https:\/\/praxas.com\/support\/\">Plus de soutien<\/a>"],"accessories":["[products skus=\"PSU USB-UK,PSU USB-EU,EL-WiFi Wall Bracket\"]","[products skus=\"PSU USB-UK,PSU USB-EU,EL-WiFi Wall Bracket\"]"],"usd_price_4":["0.00"],"usd_price_9":["0.00"],"usd_price_24":["0.00"],"usd_price_49":["0.00"],"usd_price_99":["0.00"],"gbp_price_4":["0.00"],"gbp_price_9":["0.00"],"gbp_price_24":["71.99"],"gbp_price_49":["0.00"],"gbp_price_99":["63.99"],"usdhk_price_4":["0.00"],"usdhk_price_9":["0.00"],"usdhk_price_24":["98.99"],"usdhk_price_49":["0.00"],"usdhk_price_99":["87.99"],"_uag_page_assets":["a:9:{s:3:\"css\";s:0:\"\";s:2:\"js\";s:0:\"\";s:18:\"current_block_list\";a:0:{}s:8:\"uag_flag\";b:0;s:11:\"uag_version\";s:10:\"1775212209\";s:6:\"gfonts\";a:0:{}s:10:\"gfonts_url\";s:0:\"\";s:12:\"gfonts_files\";a:0:{}s:14:\"uag_faq_layout\";b:0;}"],"_weight":["0191"],"_regular_price":["95.3","95.3"],"_price":["95.3","95.3"],"_max_variation_price":[""],"_max_variation_regular_price":[""],"_max_variation_sale_price":[""],"_min_variation_price":[""],"_min_variation_regular_price":[""],"_min_variation_sale_price":[""],"_sale_price":[""],"_wc_pb_base_regular_price":[""],"_wc_pb_base_sale_price":[""],"_wc_pb_base_price":[""],"_wc_sw_max_price":[""],"_wc_sw_max_regular_price":[""],"_wc_rating_count":[""]},"uagb_featured_image_src":{"full":["https:\/\/praxas.com\/wp-content\/uploads\/easylog-data-logger-EL-WiFi-T-Straight.png",800,463,false],"thumbnail":["https:\/\/praxas.com\/wp-content\/uploads\/easylog-data-logger-EL-WiFi-T-Straight-150x150.png",150,150,true],"medium":["https:\/\/praxas.com\/wp-content\/uploads\/easylog-data-logger-EL-WiFi-T-Straight-300x174.png",300,174,true],"medium_large":["https:\/\/praxas.com\/wp-content\/uploads\/easylog-data-logger-EL-WiFi-T-Straight-768x444.png",768,444,true],"large":["https:\/\/praxas.com\/wp-content\/uploads\/easylog-data-logger-EL-WiFi-T-Straight.png",800,463,false],"1536x1536":["https:\/\/praxas.com\/wp-content\/uploads\/easylog-data-logger-EL-WiFi-T-Straight.png",800,463,false],"2048x2048":["https:\/\/praxas.com\/wp-content\/uploads\/easylog-data-logger-EL-WiFi-T-Straight.png",800,463,false],"crunchify-admin-post-featured-image":["https:\/\/praxas.com\/wp-content\/uploads\/easylog-data-logger-EL-WiFi-T-Straight-120x69.png",120,69,true],"commercegurus-pdp-large":["https:\/\/praxas.com\/wp-content\/uploads\/easylog-data-logger-EL-WiFi-T-Straight.png",800,463,false],"commercegurus-plp-mobile":["https:\/\/praxas.com\/wp-content\/uploads\/easylog-data-logger-EL-WiFi-T-Straight-441x255.png",441,255,true],"cgkit_image_swatch":["https:\/\/praxas.com\/wp-content\/uploads\/easylog-data-logger-EL-WiFi-T-Straight-100x100.png",100,100,true],"woocommerce_thumbnail":["https:\/\/praxas.com\/wp-content\/uploads\/easylog-data-logger-EL-WiFi-T-Straight-300x174.png",300,174,true],"woocommerce_single":["https:\/\/praxas.com\/wp-content\/uploads\/easylog-data-logger-EL-WiFi-T-Straight.png",800,463,false],"woocommerce_gallery_thumbnail":["https:\/\/praxas.com\/wp-content\/uploads\/easylog-data-logger-EL-WiFi-T-Straight-150x87.png",150,87,true]},"uagb_author_info":{"display_name":"AndyS","author_link":"https:\/\/praxas.com\/fr\/author\/"},"uagb_comment_info":0,"uagb_excerpt":"Enregistreur de donn\u00e9es de temp\u00e9rature WiFi","_links":{"self":[{"href":"https:\/\/praxas.com\/fr\/wp-json\/wp\/v2\/product\/29291","targetHints":{"allow":["GET"]}}],"collection":[{"href":"https:\/\/praxas.com\/fr\/wp-json\/wp\/v2\/product"}],"about":[{"href":"https:\/\/praxas.com\/fr\/wp-json\/wp\/v2\/types\/product"}],"wp:featuredmedia":[{"embeddable":true,"href":"https:\/\/praxas.com\/fr\/wp-json\/wp\/v2\/media\/29292"}],"wp:attachment":[{"href":"https:\/\/praxas.com\/fr\/wp-json\/wp\/v2\/media?parent=29291"}],"wp:term":[{"taxonomy":"product_brand","embeddable":true,"href":"https:\/\/praxas.com\/fr\/wp-json\/wp\/v2\/product_brand?post=29291"},{"taxonomy":"product_cat","embeddable":true,"href":"https:\/\/praxas.com\/fr\/wp-json\/wp\/v2\/product_cat?post=29291"},{"taxonomy":"product_tag","embeddable":true,"href":"https:\/\/praxas.com\/fr\/wp-json\/wp\/v2\/product_tag?post=29291"}],"curies":[{"name":"wp","href":"https:\/\/api.w.org\/{rel}","templated":true}]}}