{"id":29296,"date":"2023-06-29T13:37:00","date_gmt":"2023-06-29T11:37:00","guid":{"rendered":"https:\/\/staging.praxas.com\/product\/non%20class\u00e9\/el-wifi-tpx\/"},"modified":"2025-11-10T14:10:08","modified_gmt":"2025-11-10T13:10:08","slug":"el-wifi-tpx","status":"publish","type":"product","link":"https:\/\/praxas.com\/fr\/product\/data-loggers-fr\/enregistreurs-de-donnees-de-temperature\/el-wifi-tpx\/","title":{"rendered":"EL-WiFi-TPX"},"content":{"rendered":"<p>L&rsquo;EL-WiFi-TPX+ surveille \u00e0 distance l&rsquo;environnement sur une plage de mesure de -40 \u00e0 +125\u00b0C (-40 \u00e0 +257\u00b0F) et est \u00e9quip\u00e9 d&rsquo;une alarme lumineuse et sonore pour vous assurer de ne jamais manquer un d\u00e9passement de temp\u00e9rature. Les donn\u00e9es sont t\u00e9l\u00e9charg\u00e9es p\u00e9riodiquement \u00e0 l&rsquo;aide d&rsquo;un r\u00e9seau WiFi standard vers l&rsquo;application <a href=\"https:\/\/praxas.com\/fr\/easylog-cloud-fr\/\"><strong>EasyLog Cloud<\/strong><\/a>.<\/p>\n<p>EasyLog Cloud permet d&rsquo;acc\u00e9der \u00e0 chaque enregistreur de donn\u00e9es et aux donn\u00e9es collect\u00e9es \u00e0 partir de n&rsquo;importe quel appareil connect\u00e9 \u00e0 Internet. Modifiez les param\u00e8tres de l&rsquo;enregistreur de donn\u00e9es \u00e0 distance, recevez des alertes par courrier \u00e9lectronique en cas d&rsquo;alarme, reliez les capteurs de plusieurs sites \u00e0 un seul compte et attribuez des privil\u00e8ges \u00e0 plusieurs utilisateurs.<\/p>\n<p>L&rsquo;appareil stocke les donn\u00e9es en interne s&rsquo;il perd la connexion WiFi et les t\u00e9l\u00e9charge automatiquement dans le nuage une fois qu&rsquo;il est reconnect\u00e9.<\/p>\n<p>Utilisez le <a href=\"https:\/\/praxas.com\/fr\/easylog-cloud-fr\/\"><strong>EasyLog Cloud<\/strong><\/a> pour Android et Apple pour configurer facilement votre appareil et acc\u00e9der \u00e0 vos donn\u00e9es \u00e0 tout moment et en tout lieu.<\/p>\n<p>Une sonde de temp\u00e9rature \u00e0 thermistance de haute pr\u00e9cision (qui peut \u00eatre retir\u00e9e et \u00e9talonn\u00e9e s\u00e9par\u00e9ment) et un support de montage mural sont inclus dans le produit.<\/p>\n<p>Ce produit est conforme \u00e0 la norme BS EN 12830:2018 (Enregistreurs de temp\u00e9rature pour le transport, le stockage et la distribution de marchandises sensibles \u00e0 la temp\u00e9rature).<\/p>\n","protected":false},"excerpt":{"rendered":"<p>Enregistreur de donn\u00e9es de temp\u00e9rature de haute pr\u00e9cision connect\u00e9 par WiFi avec alarme lumineuse et sonore<\/p>\n","protected":false},"featured_media":29297,"template":"","meta":{"_acf_changed":false,"content-type":"","_uag_custom_page_level_css":""},"product_brand":[],"product_cat":[1238],"product_tag":[1228,1229,2434,1233,1230,1232,1241,3960,1244,1227],"class_list":{"0":"post-29296","1":"product","2":"type-product","3":"status-publish","4":"has-post-thumbnail","6":"product_cat-enregistreurs-de-donnees-de-temperature","7":"product_tag-affichage","8":"product_tag-alarme","9":"product_tag-easylog-fr","10":"product_tag-easylog-cloud-fr","11":"product_tag-haute-precision","12":"product_tag-ido","13":"product_tag-sonde-externe","14":"product_tag-sondes-intelligentes","15":"product_tag-thermistance","16":"product_tag-wifi-fr","18":"first","19":"instock","20":"taxable","21":"shipping-taxable","22":"purchasable","23":"product-type-simple"},"bundled_by":[],"bundle_stock_status":"instock","bundle_stock_quantity":10,"bundle_virtual":false,"bundle_layout":"","bundle_add_to_cart_form_location":"","bundle_editable_in_cart":false,"bundle_sold_individually_context":"","bundle_item_grouping":"","bundle_min_size":"","bundle_max_size":"","bundle_price":[],"bundled_items":[],"bundle_sell_ids":[],"acf":[],"spectra_custom_meta":{"_download_limit":["-1","-1"],"_download_expiry":["-1","-1"],"_downloadable":["no","no"],"_stock_status":["instock","instock","instock","instock","instock","instock","instock","instock","instock","instock"],"_sold_individually":["no","no"],"_tax_class":["",""],"_tax_status":["taxable","taxable"],"_virtual":["no","no"],"_weight":["0"],"_width":["0"],"_height":["0"],"_length":["0","0"],"total_sales":["25","25"],"_product_datasheet":["field_650ad7d6ea3a0"],"connectivity":["WiFi","WiFi"],"_connectivity":["field_64dce263bb57c","field_64dce263bb57c"],"brand":["EasyLog","EasyLog"],"_brand":["field_64ddf62ed2593","field_64ddf62ed2593"],"_brand_image":["field_650c5e7c84cae"],"_specifications_table":["field_65044e1db92a8"],"_display_data_alarm":["field_667d647bcb066"],"_resources":["field_650849c6945ee"],"_accessories":["field_650849e6945f0","field_650849e6945f0"],"_faqs":["field_650859523d8d5"],"_calibration_suitable_ids_gb":["field_654b4c4acb54a"],"_calibration_suitable_ids_us":["field_654b4c56cb54b"],"_show_in_calibration_suitable":["field_654cfb691d345"],"_usd_price_4":["field_651570dcac479"],"_usd_price_9":["field_6515713eb4807"],"_usd_price_24":["field_65157141b4809"],"_usd_price_49":["field_65157140b4808"],"_usd_price_99":["field_6515715bb480a"],"_gbp_price_4":["field_6515716e83bfa"],"_gbp_price_9":["field_6515724783bfb"],"_gbp_price_24":["field_6515724b83bfc"],"_gbp_price_49":["field_6515725983bfd"],"_gbp_price_99":["field_6515725d83bfe"],"_usdhk_price_4":["field_6515726f83bff"],"_usdhk_price_9":["field_6515727c83c00"],"_usdhk_price_24":["field_6515728083c01"],"_usdhk_price_49":["field_6515728983c02"],"_usdhk_price_99":["field_6515728e83c03"],"stock_options":["In stock"],"_stock_options":["field_6544b605dc7f9"],"_top_nav_excluded":[""],"_cms_nav_minihome":[""],"calibration":[""],"wcml_sync_hash":["a:1:{s:15:\"postmeta_fields\";s:32:\"5d3a2902a8e270cc1f0732fa726fcb2a\";}"],"attr_label_translations":["a:0:{}"],"_product_image_gallery":["29298,29299,29300"],"_thumbnail_id":["29297"],"_stock":["10.000000"],"_wpml_word_count":["258"],"_calibration":["field_66a0ddd599972"],"_shipping":["field_66852535c98a5"],"_refrigerant_cabinet":["field_66852557c98a6"],"_main_specifications":["field_66855b25b1245"],"_last_translation_edit_mode":["translation-editor"],"_edit_lock":["1721822071:8383"],"classic-editor-remember":["classic-editor"],"rank_math_seo_score":["82"],"_edit_last":["8383"],"commercekit_gallery_layout":[""],"commercekit_disable_sticky_atc":["0"],"commercekit_wc_video_gallery":["a:0:{}"],"_rank_math_gtin_code":[""],"_wcml_average_rating":[null],"_wcml_review_count":[null],"_wcml_rating_count":[null],"_wc_average_rating":[0],"_wc_review_count":["0"],"_product_version":["9.1.2"],"display_data_alarm":[""],"calibration_suitable_ids_gb":[""],"calibration_suitable_ids_us":[""],"show_in_calibration_suitable":[""],"other_features":[""],"shipping":[""],"refrigerant_cabinet":[""],"main_specifications":[""],"shoptimizer_layout_pdp_short_description_position":["default"],"product_datasheet":["10432"],"brand_image":["10467"],"_wpml_media_duplicate":["1"],"_wpml_media_featured":["1"],"_product_attributes":["a:2:{s:16:\"pa_product-brand\";a:6:{s:4:\"name\";s:16:\"pa_product-brand\";s:5:\"value\";s:0:\"\";s:8:\"position\";i:0;s:10:\"is_visible\";i:1;s:12:\"is_variation\";i:0;s:11:\"is_taxonomy\";i:1;}s:19:\"pa_product-features\";a:6:{s:4:\"name\";s:19:\"pa_product-features\";s:5:\"value\";s:0:\"\";s:8:\"position\";i:1;s:10:\"is_visible\";i:1;s:12:\"is_variation\";i:0;s:11:\"is_taxonomy\";i:1;}}"],"_crosssell_ids":["a:0:{}"],"_backorders":["no","no"],"_manage_stock":["no","no"],"min_temp":["-40"],"_min_temp":["field_67ea5eb4e0a77"],"_max_temp":["field_67ea5f81e0a79"],"max_temp":["125"],"rank_math_primary_product_cat":["87","87"],"_global_unique_id":["5056744400113"],"faqs":["[accordion]\n[accordion_header]Mes appareils ne communiquent pas avec le nuage EasyLog ?[\/accordion_header]\n[accordion_section]\n\nLes raisons pour lesquelles votre appareil peut avoir des probl\u00e8mes de communication avec le cloud sont les suivantes :\n\nLe signal est faible entre l'appareil et le routeur\nLa batterie de votre appareil est faible.\nLe SSID ou le mot de passe du routeur a peut-\u00eatre chang\u00e9\nLe routeur a \u00e9t\u00e9 d\u00e9connect\u00e9 ou \u00e9teint\nUn obstacle bloque le signal, comme des murs en m\u00e9tal ou en b\u00e9ton\nCes raisons doivent \u00eatre prises en compte lors de la configuration initiale de votre appareil afin que la communication avec le cloud soit la plus fructueuse possible.\n\n[\/accordion_section]\n[\/accordion]\n\n<span class=\"ui-provider ee bhc bhd bhe bhf bhg bhh bhi bhj bhk bhl bhm bhn bho bhp bhq bhr bhs bht bhu bhv bhw bhx bhy bhz bia bib bic bid bie bif big bih bii bij\" dir=\"ltr\">[accordion]\n[accordion_header]Comment fonctionne l'abonnement \u00e0 PraxasCloud ?[\/accordion_header]\n[accordion_section]Veuillez consulter la page d'inscription o\u00f9 vous pouvez d\u00e9placer les curseurs pour s\u00e9lectionner les diff\u00e9rentes fonctionnalit\u00e9s dont vous avez besoin. Vous pouvez vous inscrire par carte pour une facturation mensuelle automatique ou les entreprises peuvent contacter leur bureau de vente local pour des abonnements \u00e0 plus long terme. https:\/\/www.praxascloud.com\/accounttype.aspx\n [\/accordion_section]\n[\/accordion]<\/span>\n\n<a class=\"button button-orange\" href=\"\/support\/el-wifi-data-loggers\/\">Plus de soutien<\/a>"],"_other_features":["field_686fa2aa98dce"],"rank_math_title":["EL-WIFI-TPX+ | Enregistreur de donn\u00e9es de temp\u00e9rature avec alarme et sonorit\u00e9"],"rank_math_description":["L'EasyLog EL-WiFi-TPX+ surveille \u00e0 distance l'environnement sur une plage de mesure allant de -40 \u00e0 +125\u00b0C, et est \u00e9quip\u00e9 d'un voyant et d'un avertisseur d'alarme."],"rank_math_focus_keyword":["EL-WiFi-TPX"],"specifications_table":["<table class=\"specifications\">\n<tbody>\n<tr class=\"even-row\">\n<td class=\"left-td\">Plage de mesure<\/td>\n<td>\n<div class=\"product-specification__value col-m-6\">-40 \u00e0 125\u00b0C (-40 \u00e0 257\u00b0F)<\/div><\/td>\n<\/tr>\n<tr class=\"odd-row\">\n<td class=\"left-td\">R\u00e9solution de la mesure<\/td>\n<td>\n<div class=\"product-specification__value col-m-6\">0,01\u00b0C (0,02\u00b0F)<\/div><\/td>\n<\/tr>\n<tr class=\"even-row\">\n<td class=\"left-td\">R\u00e9solution de l'\u00e9cran<\/td>\n<td>\n<div class=\"product-specification__value col-m-6\">0.01<\/div><\/td>\n<\/tr>\n<tr class=\"odd-row\">\n<td class=\"left-td\">Pr\u00e9cision de la mesure<\/td>\n<td>\n<div class=\"product-specification__value col-m-6\">\u00b10,2\u00b0C\/\u00b10,4\u00b0F (-15 \u00e0 +80\u00b0C\/5 \u00e0 176\u00b0F)\n\u00b10,5\u00b0C\/\u00b10,9\u00b0F (-40 \u00e0 125\u00b0C\/-40 \u00e0 257\u00b0F)<\/div><\/td>\n<\/tr>\n<tr class=\"even-row\">\n<td class=\"left-td\">Plage de temp\u00e9rature de fonctionnement<\/td>\n<td>\n<div class=\"product-specification__value col-m-6\">De -20 \u00e0 +60\u00b0C (de -4 \u00e0 +140\u00b0F)<\/div><\/td>\n<\/tr>\n<tr class=\"odd-row\">\n<td class=\"left-td\">Lectures<\/td>\n<td>\n<div class=\"product-specification__value col-m-6\">illimit\u00e9<\/div><\/td>\n<\/tr>\n<tr class=\"even-row\">\n<td class=\"left-td\">Taux d'enregistrement<\/td>\n<td>\n<div class=\"product-specification__value col-m-6\">S\u00e9lectionnable par l'utilisateur entre 10 secondes et 12 heures<\/div><\/td>\n<\/tr>\n<tr class=\"odd-row\">\n<td class=\"left-td\">Dur\u00e9e de vie de la batterie<\/td>\n<td>\n<div class=\"product-specification__value col-m-6\">>6 mois<\/div><\/td>\n<\/tr>\n<tr class=\"even-row\">\n<td class=\"left-td\">Tension d'alimentation USB<\/td>\n<td>5 Vdc<\/td>\n<\/tr>\n<tr class=\"odd-row\">\n<td class=\"left-td\">\n<div class=\"product-specification__value col-m-6\">Indice de protection IP<\/div><\/td>\n<td>Logger IP42\nSonde IP67<\/td>\n<\/tr>\n<tr class=\"even-row\">\n<td class=\"left-td\">\n<div class=\"product-specification__value col-m-6\">Dimensions<\/div><\/td>\n<td>82 x 70 x 36 mm<\/td>\n<\/tr>\n<\/tbody>\n<\/table>"],"resources":["<ul class=\"resources-list\">\n \t<li><img src=\"https:\/\/praxas.com\/wp-content\/uploads\/document-icon.png\" alt=\"Ic\u00f4ne de document\"><a href=\"https:\/\/praxas.com\/wp-content\/uploads\/datasheet_el-wifi-tpxplus_iss5_08-02-2023.pdf\" target=\"_blank\" rel=\"noopener\">Fiche technique EL-WiFi-TPX+ (en anglais)<\/a><\/li>\n \t<li><img src=\"https:\/\/praxas.com\/wp-content\/uploads\/document-icon.png\" alt=\"Ic\u00f4ne de document\"><a href=\"https:\/\/praxas.com\/wp-content\/uploads\/help-guide-3-network-requirements-and-settings-12-09-2022_issue-6.pdf\" target=\"_blank\" rel=\"noopener\">Exigences et param\u00e8tres du r\u00e9seau<\/a><\/li>\n \t<li><img src=\"https:\/\/praxas.com\/wp-content\/uploads\/document-icon.png\" alt=\"Ic\u00f4ne de document\"><a href=\"https:\/\/praxas.com\/wp-content\/uploads\/el-wifi-qsg.pdf\" target=\"_blank\" rel=\"noopener\">Guide de d\u00e9marrage rapide du EL-WiFi<\/a><\/li>\n \t<li><img src=\"https:\/\/praxas.com\/wp-content\/uploads\/document-icon.png\" alt=\"Ic\u00f4ne de document\"><a href=\"https:\/\/praxas.com\/wp-content\/uploads\/conformity_certificate_wifi_range_with_coo-issu8.pdf\" target=\"_blank\" rel=\"noopener\">EL-WiFi-TPX+ D\u00e9claration de conformit\u00e9<\/a><\/li>\n \t<li><img src=\"https:\/\/praxas.com\/wp-content\/uploads\/document-icon.png\" alt=\"Ic\u00f4ne de document\"><a href=\"https:\/\/praxas.com\/wp-content\/uploads\/bs-en-12830-record-of-compliance-issue-1.pdf\" target=\"_blank\" rel=\"noopener\">BS EN 12830:2018 Attestation de conformit\u00e9<\/a><\/li>\n<\/ul>\n\u00a0"],"accessories":["[products skus=\"EL-P-TPX+,EL-WiFi Wall Bracket,Fridge Install Kit-TP,EL-PROBE-EXTENDER-1.5M,EL-PROBE-EXTENDER-3M,EL-PROBE-EXTENDER-5M,EL-PROBE-EXTENDER-10M\"]","[products skus=\"EL-P-TPX+,EL-WiFi Wall Bracket,Fridge Install Kit-TP,EL-PROBE-EXTENDER-1.5M,EL-PROBE-EXTENDER-3M,EL-PROBE-EXTENDER-5M,EL-PROBE-EXTENDER-10M\"]"],"usd_price_4":["0.00"],"usd_price_9":["0.00"],"usd_price_24":["0.00"],"usd_price_49":["0.00"],"usd_price_99":["0.00"],"gbp_price_4":["0.00"],"gbp_price_9":["0.00"],"gbp_price_24":["161.99"],"gbp_price_49":["0.00"],"gbp_price_99":["143.99"],"usdhk_price_4":["0.00"],"usdhk_price_9":["0.00"],"usdhk_price_24":["215.99"],"usdhk_price_49":["0.00"],"usdhk_price_99":["191.99"],"_uag_page_assets":["a:9:{s:3:\"css\";s:0:\"\";s:2:\"js\";s:0:\"\";s:18:\"current_block_list\";a:0:{}s:8:\"uag_flag\";b:0;s:11:\"uag_version\";s:10:\"1775212209\";s:6:\"gfonts\";a:0:{}s:10:\"gfonts_url\";s:0:\"\";s:12:\"gfonts_files\";a:0:{}s:14:\"uag_faq_layout\";b:0;}"],"_regular_price":["219.75","219.75"],"_price":["219.75","219.75"],"hubwoo_ecomm_pro_id":["25288378256"],"_sku":["21117","21117"],"_max_variation_price":[""],"_max_variation_regular_price":[""],"_max_variation_sale_price":[""],"_min_variation_price":[""],"_min_variation_regular_price":[""],"_min_variation_sale_price":[""],"_sale_price":[""],"_wc_pb_base_regular_price":[""],"_wc_pb_base_sale_price":[""],"_wc_pb_base_price":[""],"_wc_sw_max_price":[""],"_wc_sw_max_regular_price":[""],"_wc_rating_count":[""]},"uagb_featured_image_src":{"full":["https:\/\/praxas.com\/wp-content\/uploads\/EL-WiFi-TPX_Front-Glow.png",800,463,false],"thumbnail":["https:\/\/praxas.com\/wp-content\/uploads\/EL-WiFi-TPX_Front-Glow-150x150.png",150,150,true],"medium":["https:\/\/praxas.com\/wp-content\/uploads\/EL-WiFi-TPX_Front-Glow-300x174.png",300,174,true],"medium_large":["https:\/\/praxas.com\/wp-content\/uploads\/EL-WiFi-TPX_Front-Glow-768x444.png",768,444,true],"large":["https:\/\/praxas.com\/wp-content\/uploads\/EL-WiFi-TPX_Front-Glow.png",800,463,false],"1536x1536":["https:\/\/praxas.com\/wp-content\/uploads\/EL-WiFi-TPX_Front-Glow.png",800,463,false],"2048x2048":["https:\/\/praxas.com\/wp-content\/uploads\/EL-WiFi-TPX_Front-Glow.png",800,463,false],"crunchify-admin-post-featured-image":["https:\/\/praxas.com\/wp-content\/uploads\/EL-WiFi-TPX_Front-Glow-120x69.png",120,69,true],"commercegurus-pdp-large":["https:\/\/praxas.com\/wp-content\/uploads\/EL-WiFi-TPX_Front-Glow.png",800,463,false],"commercegurus-plp-mobile":["https:\/\/praxas.com\/wp-content\/uploads\/EL-WiFi-TPX_Front-Glow-441x255.png",441,255,true],"cgkit_image_swatch":["https:\/\/praxas.com\/wp-content\/uploads\/EL-WiFi-TPX_Front-Glow-100x100.png",100,100,true],"woocommerce_thumbnail":["https:\/\/praxas.com\/wp-content\/uploads\/EL-WiFi-TPX_Front-Glow-300x174.png",300,174,true],"woocommerce_single":["https:\/\/praxas.com\/wp-content\/uploads\/EL-WiFi-TPX_Front-Glow.png",800,463,false],"woocommerce_gallery_thumbnail":["https:\/\/praxas.com\/wp-content\/uploads\/EL-WiFi-TPX_Front-Glow-150x87.png",150,87,true]},"uagb_author_info":{"display_name":"AndyS","author_link":"https:\/\/praxas.com\/fr\/author\/"},"uagb_comment_info":0,"uagb_excerpt":"Enregistreur de donn\u00e9es de temp\u00e9rature de haute pr\u00e9cision connect\u00e9 par WiFi avec alarme lumineuse et sonore","_links":{"self":[{"href":"https:\/\/praxas.com\/fr\/wp-json\/wp\/v2\/product\/29296","targetHints":{"allow":["GET"]}}],"collection":[{"href":"https:\/\/praxas.com\/fr\/wp-json\/wp\/v2\/product"}],"about":[{"href":"https:\/\/praxas.com\/fr\/wp-json\/wp\/v2\/types\/product"}],"wp:featuredmedia":[{"embeddable":true,"href":"https:\/\/praxas.com\/fr\/wp-json\/wp\/v2\/media\/29297"}],"wp:attachment":[{"href":"https:\/\/praxas.com\/fr\/wp-json\/wp\/v2\/media?parent=29296"}],"wp:term":[{"taxonomy":"product_brand","embeddable":true,"href":"https:\/\/praxas.com\/fr\/wp-json\/wp\/v2\/product_brand?post=29296"},{"taxonomy":"product_cat","embeddable":true,"href":"https:\/\/praxas.com\/fr\/wp-json\/wp\/v2\/product_cat?post=29296"},{"taxonomy":"product_tag","embeddable":true,"href":"https:\/\/praxas.com\/fr\/wp-json\/wp\/v2\/product_tag?post=29296"}],"curies":[{"name":"wp","href":"https:\/\/api.w.org\/{rel}","templated":true}]}}