{"id":29339,"date":"2023-06-29T11:13:00","date_gmt":"2023-06-29T09:13:00","guid":{"rendered":"https:\/\/staging.praxas.com\/product\/non%20class\u00e9\/sgd-43-a\/"},"modified":"2025-10-09T10:04:56","modified_gmt":"2025-10-09T08:04:56","slug":"sgd-43-a","status":"publish","type":"product","link":"https:\/\/praxas.com\/fr\/product\/uncategorized-fr\/sgd-43-a\/","title":{"rendered":"SGD 43-A"},"content":{"rendered":"<p>Le SGD 43-A est un \u00e9cran tactile capacitif de 4,3 pouces con\u00e7u pour \u00eatre utilis\u00e9 avec PanelPilotACE Design Studio, un logiciel gratuit de type \u00ab\u00a0glisser-d\u00e9poser\u00a0\u00bb pour le d\u00e9veloppement rapide d&rsquo;interfaces utilisateur avanc\u00e9es et de compteurs de panneaux. Cet \u00e9cran pr\u00eat \u00e0 l&#8217;emploi est dot\u00e9 d&rsquo;un grand nombre d&rsquo;interfaces mat\u00e9rielles, notamment quatre entr\u00e9es analogiques bipolaires de 16 bits (jusqu&rsquo;\u00e0 un maximum de \u00b140 V c.c.), huit broches d&rsquo;entr\u00e9e\/sortie num\u00e9riques, deux sorties d&rsquo;alarme, quatre sorties PWM de 8 bits, un contr\u00f4le PID, un enregistrement de donn\u00e9es multicanal et des graphiques de tendance, une interface s\u00e9rie RS232 et des accessoires disponibles pour la communication RS485. <strong><br \/>\n  <a href=\"https:\/\/praxas.com\/es\/product\/uncategorized-es\/s43-rs485\/\">communication RS485<\/a><br \/>\n<\/strong> et <strong><br \/>\n  <a href=\"https:\/\/praxas.com\/es\/product\/uncategorized-es\/s43-tp\/\">mesure de la temp\u00e9rature par thermistance \u00e0 quatre canaux<\/a><br \/>\n<\/strong>.<\/p>\n<p><strong>Kit de d\u00e9veloppement<\/strong><br \/>\nLe kit de d\u00e9veloppement, <a href=\"https:\/\/praxas.com\/es\/product\/uncategorized-es\/sgd-43-a-dk\/\"><br \/>\n  <strong>SGD 43-A-DK+<\/strong><br \/>\n<\/a>est le meilleur choix si vous commencez \u00e0 d\u00e9velopper sur la plate-forme PanelPilotACE. Il comprend tout ce dont vous avez besoin pour commencer : un SGD 43-A, une carte de d\u00e9veloppement et un c\u00e2ble USB. La carte fournit des commutateurs, des cadrans, des DEL et des connexions \u00e0 bornes \u00e0 vis pour toutes les fonctionnalit\u00e9s d&rsquo;entr\u00e9e et de sortie du SGD 43-A.<\/p>\n<p><strong>PanelPilotACE Universit\u00e9<\/strong><br \/>\nLe <strong><br \/>\n  <a href=\"https:\/\/praxas.com\/fr\/panelpilotace-universite\/\">PanelPilotACE University<\/a><br \/>\n<\/strong> dispose d&rsquo;une multitude de ressources pour rendre votre exp\u00e9rience de programmation aussi rapide et efficace que possible. Des guides pratiques et des questions fr\u00e9quemment pos\u00e9es \u00e0 un nombre croissant de mod\u00e8les ACE pr\u00e9configur\u00e9s et \u00e0 une biblioth\u00e8que d&rsquo;ic\u00f4nes et de graphiques, visitez l&rsquo;Universit\u00e9 et rendez votre projet PanelPilotACE encore plus rapide.<\/p>\n","protected":false},"excerpt":{"rendered":"<p>4.3&Prime; avec interfaces analogiques, num\u00e9riques, PWM et s\u00e9rie<\/p>\n","protected":false},"featured_media":29340,"template":"","meta":{"_acf_changed":false,"content-type":"","_uag_custom_page_level_css":""},"product_brand":[],"product_cat":[2645],"product_tag":[1228,1302],"class_list":{"0":"post-29339","1":"product","2":"type-product","3":"status-publish","4":"has-post-thumbnail","6":"product_cat-uncategorized-fr","7":"product_tag-affichage","8":"product_tag-ihm","10":"first","11":"instock","12":"taxable","13":"shipping-taxable","14":"purchasable","15":"product-type-simple"},"bundled_by":[],"bundle_stock_status":"instock","bundle_stock_quantity":5,"bundle_virtual":false,"bundle_layout":"","bundle_add_to_cart_form_location":"","bundle_editable_in_cart":false,"bundle_sold_individually_context":"","bundle_item_grouping":"","bundle_min_size":"","bundle_max_size":"","bundle_price":[],"bundled_items":[],"bundle_sell_ids":[],"acf":[],"spectra_custom_meta":{"_download_limit":["-1","-1"],"_download_expiry":["-1","-1"],"_downloadable":["no","no"],"_sku":["SGD 43-A","SGD 43-A"],"_stock_status":["instock","instock","instock","instock","instock","instock","instock"],"_sold_individually":["no","no"],"_tax_class":["",""],"_tax_status":["taxable","taxable"],"_virtual":["no","no"],"_weight":["0.243"],"_width":["0"],"_height":["0"],"_length":["0","0"],"total_sales":["20","20"],"_product_datasheet":["field_650ad7d6ea3a0"],"_connectivity":["field_64dce263bb57c","field_64dce263bb57c"],"brand":["PanelPilot","PanelPilot"],"_brand":["field_64ddf62ed2593","field_64ddf62ed2593"],"_brand_image":["field_650c5e7c84cae"],"_specifications_table":["field_65044e1db92a8"],"_resources":["field_650849c6945ee"],"_accessories":["field_650849e6945f0","field_650849e6945f0"],"_faqs":["field_650859523d8d5"],"_calibration_suitable_ids_gb":["field_654b4c4acb54a"],"_calibration_suitable_ids_us":["field_654b4c56cb54b"],"_show_in_calibration_suitable":["field_654cfb691d345"],"_usd_price_4":["field_651570dcac479"],"_usd_price_9":["field_6515713eb4807"],"_usd_price_24":["field_65157141b4809"],"_usd_price_49":["field_65157140b4808"],"_usd_price_99":["field_6515715bb480a"],"_gbp_price_4":["field_6515716e83bfa"],"_gbp_price_9":["field_6515724783bfb"],"_gbp_price_24":["field_6515724b83bfc"],"_gbp_price_49":["field_6515725983bfd"],"_gbp_price_99":["field_6515725d83bfe"],"_usdhk_price_4":["field_6515726f83bff"],"_usdhk_price_9":["field_6515727c83c00"],"_usdhk_price_24":["field_6515728083c01"],"_usdhk_price_49":["field_6515728983c02"],"_usdhk_price_99":["field_6515728e83c03"],"stock_options":["In stock"],"_stock_options":["field_6544b605dc7f9"],"_top_nav_excluded":[""],"_cms_nav_minihome":[""],"wcml_sync_hash":["a:1:{s:15:\"postmeta_fields\";s:32:\"476079e349539a8fde9b03b1c0b2fdd6\";}"],"attr_label_translations":["a:0:{}"],"_product_image_gallery":["29341,29342,29343,29344"],"_thumbnail_id":["29340"],"_crosssell_ids":["a:0:{}"],"_stock":["5.000000"],"_wpml_word_count":["288"],"connectivity":["",""],"_display_data_alarm":["field_667d647bcb066"],"_calibration":["field_66a0ddd599972"],"_shipping":["field_66852535c98a5"],"_refrigerant_cabinet":["field_66852557c98a6"],"_main_specifications":["field_66855b25b1245"],"_last_translation_edit_mode":["translation-editor"],"_edit_lock":["1721897741:8383"],"classic-editor-remember":["classic-editor"],"rank_math_seo_score":["87"],"_edit_last":["8383"],"commercekit_gallery_layout":[""],"commercekit_disable_sticky_atc":["0"],"commercekit_wc_video_gallery":["a:0:{}"],"_rank_math_gtin_code":[""],"_wcml_average_rating":[null],"_wcml_review_count":[null],"_wcml_rating_count":[null],"_wc_average_rating":[0],"_wc_review_count":["0"],"_product_version":["9.1.2"],"display_data_alarm":[""],"calibration":[""],"faqs":[""],"calibration_suitable_ids_gb":[""],"calibration_suitable_ids_us":[""],"show_in_calibration_suitable":[""],"other_features":[""],"shipping":[""],"refrigerant_cabinet":[""],"main_specifications":[""],"shoptimizer_layout_pdp_short_description_position":["default"],"product_datasheet":["10366"],"brand_image":["10474"],"_wpml_media_duplicate":["1"],"_wpml_media_featured":["1"],"rank_math_primary_product_cat":["108","108"],"usd_price_4":["0.00"],"usd_price_9":["0.00"],"usd_price_24":["0.00"],"usd_price_49":["0.00"],"usd_price_99":["0.00"],"gbp_price_4":["0.00"],"gbp_price_99":["0.00"],"usdhk_price_4":["0.00"],"usdhk_price_99":["0.00"],"_other_features":[""],"_backorders":["no","no"],"_manage_stock":["no","no"],"min_temp":[""],"max_temp":[""],"_min_temp":[""],"_max_temp":[""],"_other_features_arctiko":[""],"rank_math_title":["Panel Pilot SGD 43-A | 4.3\" Capacitive Touch Screen | Praxas"],"rank_math_description":["Vous recherchez une solution d'interface utilisateur avanc\u00e9e ? Le SGD 43-A est un \u00e9cran tactile capacitif de 4,3 pouces compatible avec le PanelPilotACE Design Studio de Lascar."],"rank_math_focus_keyword":["SGD 43-A"],"specifications_table":["<table class=\"specifications\">\n<tbody>\n<tr class=\"even-row\">\n<td class=\"left-td\">\u00c9cran<\/td>\n<td>4.3\" TFT avec 262k couleurs<\/td>\n<\/tr>\n<tr class=\"odd-row\">\n<td class=\"left-td\">\u00c9cran tactile<\/td>\n<td>\u00c9cran tactile capacitif<\/td>\n<\/tr>\n<tr class=\"even-row\">\n<td class=\"left-td\">R\u00e9solution<\/td>\n<td>480 x 272 px<\/td>\n<\/tr>\n<tr class=\"odd-row\">\n<td class=\"left-td\">Processeur<\/td>\n<td>Freescale i.MX283 (454MHz, 32bit, ARM 9)<\/td>\n<\/tr>\n<tr class=\"even-row\">\n<td class=\"left-td\">Entr\u00e9es analogiques<\/td>\n<td>Quatre entr\u00e9es analogiques 16 bits \u00e0 \u00b140V c.c.<\/td>\n<\/tr>\n<tr class=\"odd-row\">\n<td class=\"left-td\">Alimentation<\/td>\n<td>5 \u00e0 30V d.c. (300mA typique \u00e0 5V d.c.)<\/td>\n<\/tr>\n<tr class=\"even-row\">\n<td class=\"left-td\">Dimensions ext\u00e9rieures<\/td>\n<td>119,3 (4,7) x 79,8 (3,1) x 20,0 (0,8) mm (in)<\/td>\n<\/tr>\n<\/tbody>\n<\/table>"],"resources":["<ul class=\"resources-list\">\n \t<li><img src=\"https:\/\/praxas.com\/wp-content\/uploads\/document-icon.png\" alt=\"Ic\u00f4ne de document\"><span class=\"mldTitle\">Fiche technique SGD 43-A<\/span><\/li>\n \t<li><a href=\"https:\/\/praxas.com\/wp-content\/uploads\/panelpilot-panel-instrument-sgd-43-a_iss9_07-19.pdf\" target=\"_blank\" rel=\"noopener\">Anglais<\/a><\/li>\n \t<li><a href=\"https:\/\/praxas.com\/wp-content\/uploads\/panelpilot-panel-instrument-sgd-43-a_t-chinese.pdf\" target=\"_blank\" rel=\"noopener\">Chinois (traditionnel)<\/a><\/li>\n \t<li><a href=\"https:\/\/praxas.com\/wp-content\/uploads\/panelpilot-panel-instrument-sgd-43-a_s-chinese-v2.pdf\" target=\"_blank\" rel=\"noopener\">Chinois (simplifi\u00e9)<\/a><\/li>\n \t<li><a href=\"https:\/\/praxas.com\/wp-content\/uploads\/panelpilot-panel-instrument-sgd-43-a_french.pdf\" target=\"_blank\" rel=\"noopener\">Fran\u00e7ais<\/a><\/li>\n \t<li><a href=\"https:\/\/praxas.com\/wp-content\/uploads\/panelpilot-panel-instrument-sgd-43-a_german.pdf\" target=\"_blank\" rel=\"noopener\">Allemand<\/a><\/li>\n \t<li><a href=\"https:\/\/praxas.com\/wp-content\/uploads\/panelpilot-panel-instrument-sgd-43-a_italian.pdf\" target=\"_blank\" rel=\"noopener\">Italien<\/a><\/li>\n \t<li><a href=\"https:\/\/praxas.com\/wp-content\/uploads\/panelpilot-panel-instrument-sgd-43-a_japanese.pdf\" target=\"_blank\" rel=\"noopener\">Japonais<\/a><\/li>\n \t<li><a href=\"https:\/\/praxas.com\/wp-content\/uploads\/panelpilot-panel-instrument-sgd-43-a_spanish.pdf\" target=\"_blank\" rel=\"noopener\">Espagnol<\/a><\/li>\n \t<li><img src=\"https:\/\/praxas.com\/wp-content\/uploads\/software-icon.png\" alt=\"Ic\u00f4ne du logiciel\"><a href=\"https:\/\/praxas.com\/software\/panelpilot-software\/panelpilotace-design-studio\/\" target=\"_blank\" rel=\"noopener\">T\u00e9l\u00e9chargez le logiciel PanelPilotACE<\/a><\/li>\n \t<li><img src=\"https:\/\/praxas.com\/wp-content\/uploads\/document-icon.png\" alt=\"Ic\u00f4ne de document\"><a href=\"https:\/\/praxas.com\/wp-content\/uploads\/sgd-70-a-quickstart-guide-postcard-04_2018.pdf\" target=\"_blank\" rel=\"noopener\">SGD 43-A Guide de d\u00e9marrage rapide<\/a><\/li>\n \t<li><img src=\"https:\/\/praxas.com\/wp-content\/uploads\/document-icon.png\" alt=\"Ic\u00f4ne de document\"><a href=\"https:\/\/praxas.com\/wp-content\/uploads\/declaration-of-conformity_ppace_iss6_01-17.pdf\" target=\"_blank\" rel=\"noopener\">D\u00e9claration de conformit\u00e9<\/a><\/li>\n<\/ul>\n<a class=\"button button-secondary\" href=\"https:\/\/praxas.com\/support\/\">Plus de soutien<\/a>"],"accessories":["[products skus=\"SGD 43-A DK+,S43-TP,S43-RS485\"]"],"gbp_price_9":["181.34"],"gbp_price_24":["175.49"],"gbp_price_49":["165.74"],"usdhk_price_9":["246.71"],"usdhk_price_24":["239"],"usdhk_price_49":["231.29"],"_uag_page_assets":["a:9:{s:3:\"css\";s:0:\"\";s:2:\"js\";s:0:\"\";s:18:\"current_block_list\";a:0:{}s:8:\"uag_flag\";b:0;s:11:\"uag_version\";s:10:\"1775212209\";s:6:\"gfonts\";a:0:{}s:10:\"gfonts_url\";s:0:\"\";s:12:\"gfonts_files\";a:0:{}s:14:\"uag_faq_layout\";b:0;}"],"_regular_price":["247.75","247.75"],"_price":["247.75","247.75"],"hubwoo_ecomm_pro_id":["25267957775"],"_max_variation_price":[""],"_max_variation_regular_price":[""],"_max_variation_sale_price":[""],"_min_variation_price":[""],"_min_variation_regular_price":[""],"_min_variation_sale_price":[""],"_sale_price":[""],"_wc_pb_base_regular_price":[""],"_wc_pb_base_sale_price":[""],"_wc_pb_base_price":[""],"_wc_sw_max_price":[""],"_wc_sw_max_regular_price":[""],"_wc_rating_count":[""]},"uagb_featured_image_src":{"full":["https:\/\/praxas.com\/wp-content\/uploads\/front-on-2.png",800,463,false],"thumbnail":["https:\/\/praxas.com\/wp-content\/uploads\/front-on-2-150x150.png",150,150,true],"medium":["https:\/\/praxas.com\/wp-content\/uploads\/front-on-2-300x174.png",300,174,true],"medium_large":["https:\/\/praxas.com\/wp-content\/uploads\/front-on-2-768x444.png",768,444,true],"large":["https:\/\/praxas.com\/wp-content\/uploads\/front-on-2.png",800,463,false],"1536x1536":["https:\/\/praxas.com\/wp-content\/uploads\/front-on-2.png",800,463,false],"2048x2048":["https:\/\/praxas.com\/wp-content\/uploads\/front-on-2.png",800,463,false],"crunchify-admin-post-featured-image":["https:\/\/praxas.com\/wp-content\/uploads\/front-on-2-120x69.png",120,69,true],"commercegurus-pdp-large":["https:\/\/praxas.com\/wp-content\/uploads\/front-on-2.png",800,463,false],"commercegurus-plp-mobile":["https:\/\/praxas.com\/wp-content\/uploads\/front-on-2-441x255.png",441,255,true],"cgkit_image_swatch":["https:\/\/praxas.com\/wp-content\/uploads\/front-on-2-100x100.png",100,100,true],"woocommerce_thumbnail":["https:\/\/praxas.com\/wp-content\/uploads\/front-on-2-300x174.png",300,174,true],"woocommerce_single":["https:\/\/praxas.com\/wp-content\/uploads\/front-on-2.png",800,463,false],"woocommerce_gallery_thumbnail":["https:\/\/praxas.com\/wp-content\/uploads\/front-on-2-150x87.png",150,87,true]},"uagb_author_info":{"display_name":"AndyS","author_link":"https:\/\/praxas.com\/fr\/author\/"},"uagb_comment_info":0,"uagb_excerpt":"4.3\" avec interfaces analogiques, num\u00e9riques, PWM et s\u00e9rie","_links":{"self":[{"href":"https:\/\/praxas.com\/fr\/wp-json\/wp\/v2\/product\/29339","targetHints":{"allow":["GET"]}}],"collection":[{"href":"https:\/\/praxas.com\/fr\/wp-json\/wp\/v2\/product"}],"about":[{"href":"https:\/\/praxas.com\/fr\/wp-json\/wp\/v2\/types\/product"}],"wp:featuredmedia":[{"embeddable":true,"href":"https:\/\/praxas.com\/fr\/wp-json\/wp\/v2\/media\/29340"}],"wp:attachment":[{"href":"https:\/\/praxas.com\/fr\/wp-json\/wp\/v2\/media?parent=29339"}],"wp:term":[{"taxonomy":"product_brand","embeddable":true,"href":"https:\/\/praxas.com\/fr\/wp-json\/wp\/v2\/product_brand?post=29339"},{"taxonomy":"product_cat","embeddable":true,"href":"https:\/\/praxas.com\/fr\/wp-json\/wp\/v2\/product_cat?post=29339"},{"taxonomy":"product_tag","embeddable":true,"href":"https:\/\/praxas.com\/fr\/wp-json\/wp\/v2\/product_tag?post=29339"}],"curies":[{"name":"wp","href":"https:\/\/api.w.org\/{rel}","templated":true}]}}