{"id":29358,"date":"2023-08-01T08:29:00","date_gmt":"2023-08-01T06:29:00","guid":{"rendered":"https:\/\/staging.praxas.com\/product\/non%20class\u00e9\/sgd-70-a-dk\/"},"modified":"2025-10-09T10:04:28","modified_gmt":"2025-10-09T08:04:28","slug":"sgd-70-a-dk","status":"publish","type":"product","link":"https:\/\/praxas.com\/fr\/product\/uncategorized-fr\/sgd-70-a-dk\/","title":{"rendered":"SGD 70-A DK+"},"content":{"rendered":"<p>Le SGD 70-A DK+ est le kit de d\u00e9veloppement pour l&rsquo;\u00e9cran 7&Prime; compatible PanelPilotACE, <strong><br \/>\n  <a href=\"https:\/\/praxas.com\/fr\/product\/uncategorized-fr\/sgd-70-a\/\">SGD 70-A<\/a><br \/>\n<\/strong>. La carte de d\u00e9veloppement elle-m\u00eame permet aux utilisateurs de se connecter rapidement et de tester toutes les fonctionnalit\u00e9s d&rsquo;entr\u00e9e et de sortie de l&rsquo;\u00e9cran PanelPilotACE.<\/p>\n<p>Le kit comprend une carte de d\u00e9veloppement, un \u00e9cran <strong>SGD 70-A<\/strong> PanelPilotACE, un c\u00e2ble USB et une alimentation. La carte de d\u00e9veloppement comprend des DEL et des interrupteurs pour les E\/S num\u00e9riques, quatre potentiom\u00e8tres pour g\u00e9n\u00e9rer des entr\u00e9es analogiques, des DEL \u00e0 luminosit\u00e9 variable pour les sorties PWM et une zone de prototypage pour tester les circuits. Des connexions sont \u00e9galement disponibles pour les fonctions RS232, RS485, SPI et I\u00b2C de l&rsquo;\u00e9cran.<\/p>\n","protected":false},"excerpt":{"rendered":"<p>Kit de d\u00e9veloppement pour le SGD 70-A<\/p>\n","protected":false},"featured_media":29359,"template":"","meta":{"_acf_changed":false,"content-type":"","_uag_custom_page_level_css":""},"product_brand":[],"product_cat":[2645],"product_tag":[1302],"class_list":{"0":"post-29358","1":"product","2":"type-product","3":"status-publish","4":"has-post-thumbnail","6":"product_cat-uncategorized-fr","7":"product_tag-ihm","9":"first","10":"instock","11":"taxable","12":"shipping-taxable","13":"purchasable","14":"product-type-simple"},"bundled_by":[],"bundle_stock_status":"instock","bundle_stock_quantity":2,"bundle_virtual":false,"bundle_layout":"","bundle_add_to_cart_form_location":"","bundle_editable_in_cart":false,"bundle_sold_individually_context":"","bundle_item_grouping":"","bundle_min_size":"","bundle_max_size":"","bundle_price":[],"bundled_items":[],"bundle_sell_ids":[],"acf":[],"spectra_custom_meta":{"_download_limit":["-1","-1"],"_download_expiry":["-1","-1"],"_downloadable":["no","no"],"_sku":["SGD 70-A DK+","SGD 70-A DK+"],"_stock_status":["instock","instock","instock","instock","instock","instock","instock","instock"],"_sold_individually":["no","no"],"_tax_class":["",""],"_tax_status":["taxable","taxable"],"_virtual":["no","no"],"_weight":["1.098"],"_width":["0"],"_height":["0"],"_length":["0","0"],"total_sales":["4","4"],"_product_datasheet":["field_650ad7d6ea3a0"],"_connectivity":["field_64dce263bb57c","field_64dce263bb57c"],"brand":["PanelPilot","PanelPilot"],"_brand":["field_64ddf62ed2593","field_64ddf62ed2593"],"_brand_image":["field_650c5e7c84cae"],"_specifications_table":["field_65044e1db92a8"],"_display_data_alarm":["field_667d647bcb066"],"_resources":["field_650849c6945ee"],"_accessories":["field_650849e6945f0","field_650849e6945f0"],"_faqs":["field_650859523d8d5"],"_calibration_suitable_ids_gb":["field_654b4c4acb54a"],"_calibration_suitable_ids_us":["field_654b4c56cb54b"],"_show_in_calibration_suitable":["field_654cfb691d345"],"_shipping":["field_66852535c98a5"],"_refrigerant_cabinet":["field_66852557c98a6"],"_main_specifications":["field_66855b25b1245"],"_usd_price_4":["field_651570dcac479"],"_usd_price_9":["field_6515713eb4807"],"_usd_price_24":["field_65157141b4809"],"_usd_price_49":["field_65157140b4808"],"_usd_price_99":["field_6515715bb480a"],"_gbp_price_4":["field_6515716e83bfa"],"_gbp_price_9":["field_6515724783bfb"],"_gbp_price_24":["field_6515724b83bfc"],"_gbp_price_49":["field_6515725983bfd"],"_gbp_price_99":["field_6515725d83bfe"],"_usdhk_price_4":["field_6515726f83bff"],"_usdhk_price_9":["field_6515727c83c00"],"_usdhk_price_24":["field_6515728083c01"],"_usdhk_price_49":["field_6515728983c02"],"_usdhk_price_99":["field_6515728e83c03"],"stock_options":["In stock"],"_stock_options":["field_6544b605dc7f9"],"_top_nav_excluded":[""],"_cms_nav_minihome":[""],"wcml_sync_hash":["a:1:{s:15:\"postmeta_fields\";s:32:\"1106876dda28a540e4483258352746b4\";}"],"attr_label_translations":["a:0:{}"],"_product_image_gallery":["29360,29361,29362"],"_thumbnail_id":["29359"],"_crosssell_ids":["a:0:{}"],"_stock":["2.000000"],"_wpml_word_count":["133"],"connectivity":["",""],"_calibration":["field_66a0ddd599972"],"_edit_lock":["1721919036:8383"],"classic-editor-remember":["classic-editor"],"rank_math_seo_score":["38"],"_edit_last":["8383"],"commercekit_gallery_layout":[""],"commercekit_disable_sticky_atc":["0"],"commercekit_wc_video_gallery":["a:0:{}"],"_rank_math_gtin_code":[""],"_wcml_average_rating":[null],"_wcml_review_count":[null],"_wcml_rating_count":[null],"_wc_average_rating":[0],"_wc_review_count":["0"],"_product_version":["9.1.2"],"display_data_alarm":[""],"calibration":[""],"faqs":[""],"calibration_suitable_ids_gb":[""],"calibration_suitable_ids_us":[""],"show_in_calibration_suitable":[""],"other_features":[""],"shipping":[""],"refrigerant_cabinet":[""],"main_specifications":[""],"shoptimizer_layout_pdp_short_description_position":["default"],"product_datasheet":["10337"],"brand_image":["10474"],"_wpml_media_duplicate":["1"],"_wpml_media_featured":["1"],"_last_translation_edit_mode":["translation-editor"],"_backorders":["no","no"],"_manage_stock":["no","no"],"rank_math_primary_product_cat":["108","108"],"_other_features":["field_686fa2aa98dce"],"min_temp":[""],"max_temp":[""],"_min_temp":["field_67ea5eb4e0a77"],"_max_temp":["field_67ea5f81e0a79"],"usd_price_4":["0.00"],"usd_price_9":["0.00"],"usd_price_24":["0.00"],"usd_price_49":["0.00"],"usd_price_99":["0.00"],"gbp_price_4":["0.00"],"gbp_price_9":["0.00"],"gbp_price_24":["0.00"],"gbp_price_49":["0.00"],"gbp_price_99":["0.00"],"usdhk_price_4":["0.00"],"usdhk_price_9":["0.00"],"usdhk_price_24":["0.00"],"usdhk_price_49":["0.00"],"usdhk_price_99":["0.00"],"_other_features_arctiko":[""],"rank_math_title":["Kit de d\u00e9veloppement SGS 70-A DK+ PanelPilot | Praxas"],"rank_math_description":["Pr\u00eat \u00e0 d\u00e9velopper des \u00e9crans avanc\u00e9s ? Le SGD 70-A DK+ est un kit complet pour l'\u00e9cran PanelPilotACE, qui permet de tester toutes les fonctionnalit\u00e9s d'entr\u00e9e et de sortie."],"rank_math_focus_keyword":["SGD 70-A DK+"],"specifications_table":["<table class=\"specifications\">\n<tbody>\n<tr class=\"even-row\">\n<td class=\"left-td\">Entr\u00e9es analogiques<\/td>\n<td>x4<\/td>\n<\/tr>\n<tr class=\"odd-row\">\n<td class=\"left-td\">Entr\u00e9es\/sorties num\u00e9riques<\/td>\n<td>x8<\/td>\n<\/tr>\n<tr class=\"even-row\">\n<td class=\"left-td\">Sorties PWM<\/td>\n<td>x4<\/td>\n<\/tr>\n<tr class=\"odd-row\">\n<td class=\"left-td\">Sorties d'alarme<\/td>\n<td>x2<\/td>\n<\/tr>\n<tr class=\"even-row\">\n<td class=\"left-td\">Connexions de bus s\u00e9rie<\/td>\n<td>RS232 ET RS485<\/td>\n<\/tr>\n<tr class=\"odd-row\">\n<td class=\"left-td\">Tension d'alimentation<\/td>\n<td>5 \u00e0 30 V c.c.<\/td>\n<\/tr>\n<tr class=\"even-row\">\n<td class=\"left-td\">Dimensions ext\u00e9rieures<\/td>\n<td>181 mm (7.1\") x 147 mm (5.8\") x 64 mm (2.5\")<\/td>\n<\/tr>\n<\/tbody>\n<\/table>"],"resources":["<ul class=\"resources-list\">\n \t<li><img src=\"https:\/\/praxas.com\/wp-content\/uploads\/document-icon.png\" alt=\"Ic\u00f4ne de document\"><a href=\"https:\/\/praxas.com\/wp-content\/uploads\/panelpilot-panel-instruments-development-kits-1.pdf\" target=\"_blank\" rel=\"noopener\">Fiche technique SGD 70-A DK+<\/a><\/li>\n \t<li><img src=\"https:\/\/praxas.com\/wp-content\/uploads\/document-icon.png\" alt=\"Ic\u00f4ne de document\"><a href=\"https:\/\/praxas.com\/wp-content\/uploads\/sgd-70-a-quickstart-guide-postcard-04_2018.pdf\" target=\"_blank\" rel=\"noopener\">Guide de d\u00e9marrage rapide du SGD 70-A DK<\/a><\/li>\n \t<li><img src=\"https:\/\/praxas.com\/wp-content\/uploads\/document-icon.png\" alt=\"Ic\u00f4ne de document\"><a href=\"https:\/\/praxas.com\/wp-content\/uploads\/declaration-of-conformity_ppa-dev-kits_iss2_08-16.pdf\" target=\"_blank\" rel=\"noopener\">D\u00e9claration de conformit\u00e9<\/a><\/li>\n<\/ul>\n\u00a0"],"accessories":["[products skus=\"SGD 70-A,S70-CAN,S70-TP\"]"],"_uag_page_assets":["a:9:{s:3:\"css\";s:0:\"\";s:2:\"js\";s:0:\"\";s:18:\"current_block_list\";a:0:{}s:8:\"uag_flag\";b:0;s:11:\"uag_version\";s:10:\"1775212209\";s:6:\"gfonts\";a:0:{}s:10:\"gfonts_url\";s:0:\"\";s:12:\"gfonts_files\";a:0:{}s:14:\"uag_faq_layout\";b:0;}"],"hubwoo_ecomm_pro_id":["25348147228"],"_regular_price":["600.15","600.15"],"_price":["600.15","600.15"],"_max_variation_price":[""],"_max_variation_regular_price":[""],"_max_variation_sale_price":[""],"_min_variation_price":[""],"_min_variation_regular_price":[""],"_min_variation_sale_price":[""],"_sale_price":[""],"_wc_pb_base_regular_price":[""],"_wc_pb_base_sale_price":[""],"_wc_pb_base_price":[""],"_wc_sw_max_price":[""],"_wc_sw_max_regular_price":[""],"_wc_rating_count":[""]},"uagb_featured_image_src":{"full":["https:\/\/praxas.com\/wp-content\/uploads\/panelpilot-panel-instruments-SDG-70-A-DK-Straight.png",800,463,false],"thumbnail":["https:\/\/praxas.com\/wp-content\/uploads\/panelpilot-panel-instruments-SDG-70-A-DK-Straight-150x150.png",150,150,true],"medium":["https:\/\/praxas.com\/wp-content\/uploads\/panelpilot-panel-instruments-SDG-70-A-DK-Straight-300x174.png",300,174,true],"medium_large":["https:\/\/praxas.com\/wp-content\/uploads\/panelpilot-panel-instruments-SDG-70-A-DK-Straight-768x444.png",768,444,true],"large":["https:\/\/praxas.com\/wp-content\/uploads\/panelpilot-panel-instruments-SDG-70-A-DK-Straight.png",800,463,false],"1536x1536":["https:\/\/praxas.com\/wp-content\/uploads\/panelpilot-panel-instruments-SDG-70-A-DK-Straight.png",800,463,false],"2048x2048":["https:\/\/praxas.com\/wp-content\/uploads\/panelpilot-panel-instruments-SDG-70-A-DK-Straight.png",800,463,false],"crunchify-admin-post-featured-image":["https:\/\/praxas.com\/wp-content\/uploads\/panelpilot-panel-instruments-SDG-70-A-DK-Straight-120x69.png",120,69,true],"commercegurus-pdp-large":["https:\/\/praxas.com\/wp-content\/uploads\/panelpilot-panel-instruments-SDG-70-A-DK-Straight.png",800,463,false],"commercegurus-plp-mobile":["https:\/\/praxas.com\/wp-content\/uploads\/panelpilot-panel-instruments-SDG-70-A-DK-Straight-441x255.png",441,255,true],"cgkit_image_swatch":["https:\/\/praxas.com\/wp-content\/uploads\/panelpilot-panel-instruments-SDG-70-A-DK-Straight-100x100.png",100,100,true],"woocommerce_thumbnail":["https:\/\/praxas.com\/wp-content\/uploads\/panelpilot-panel-instruments-SDG-70-A-DK-Straight-300x174.png",300,174,true],"woocommerce_single":["https:\/\/praxas.com\/wp-content\/uploads\/panelpilot-panel-instruments-SDG-70-A-DK-Straight.png",800,463,false],"woocommerce_gallery_thumbnail":["https:\/\/praxas.com\/wp-content\/uploads\/panelpilot-panel-instruments-SDG-70-A-DK-Straight-150x87.png",150,87,true]},"uagb_author_info":{"display_name":"AndyS","author_link":"https:\/\/praxas.com\/fr\/author\/"},"uagb_comment_info":0,"uagb_excerpt":"Kit de d\u00e9veloppement pour le SGD 70-A","_links":{"self":[{"href":"https:\/\/praxas.com\/fr\/wp-json\/wp\/v2\/product\/29358","targetHints":{"allow":["GET"]}}],"collection":[{"href":"https:\/\/praxas.com\/fr\/wp-json\/wp\/v2\/product"}],"about":[{"href":"https:\/\/praxas.com\/fr\/wp-json\/wp\/v2\/types\/product"}],"wp:featuredmedia":[{"embeddable":true,"href":"https:\/\/praxas.com\/fr\/wp-json\/wp\/v2\/media\/29359"}],"wp:attachment":[{"href":"https:\/\/praxas.com\/fr\/wp-json\/wp\/v2\/media?parent=29358"}],"wp:term":[{"taxonomy":"product_brand","embeddable":true,"href":"https:\/\/praxas.com\/fr\/wp-json\/wp\/v2\/product_brand?post=29358"},{"taxonomy":"product_cat","embeddable":true,"href":"https:\/\/praxas.com\/fr\/wp-json\/wp\/v2\/product_cat?post=29358"},{"taxonomy":"product_tag","embeddable":true,"href":"https:\/\/praxas.com\/fr\/wp-json\/wp\/v2\/product_tag?post=29358"}],"curies":[{"name":"wp","href":"https:\/\/api.w.org\/{rel}","templated":true}]}}