{"id":29406,"date":"2023-06-21T17:51:00","date_gmt":"2023-06-21T15:51:00","guid":{"rendered":"https:\/\/staging.praxas.com\/product\/non%20class\u00e9\/el-iot-1\/"},"modified":"2025-10-14T17:34:59","modified_gmt":"2025-10-14T15:34:59","slug":"el-iot-1","status":"publish","type":"product","link":"https:\/\/praxas.com\/fr\/product\/data-loggers-fr\/enregistreurs-de-donnees-de-temperature\/el-iot-1\/","title":{"rendered":"EL-IOT-1"},"content":{"rendered":"<p>Le EL-IOT-1 est un enregistreur de donn\u00e9es de temp\u00e9rature sans fil, connect\u00e9 au Cloud. Il est \u00e9quip\u00e9 d&rsquo;un capteur interne dont la plage de mesure s&rsquo;\u00e9tend de -20\u00b0C \u00e0 60\u00b0C. Des indicateurs d&rsquo;\u00e9tat pratiques situ\u00e9s \u00e0 l&rsquo;avant de l&rsquo;appareil vous signalent d&rsquo;un coup d&rsquo;\u0153il les alarmes, les niveaux de batterie et l&rsquo;intensit\u00e9 de la connexion WiFi.<\/p>\n<p>L&rsquo;appareil est simple \u00e0 installer et une fois configur\u00e9, le EL-IOT-1 peut \u00eatre plac\u00e9 n&rsquo;importe o\u00f9 dans le rayon d&rsquo;action de votre r\u00e9seau WiFi, surveillant et enregistrant continuellement vos donn\u00e9es sur le serveur EasyLog Cloud.<strong> <a href=\"https:\/\/praxas.com\/en\/easylog-cloud\/\">EasyLog Cloud<\/a><\/strong>. Vous pouvez ensuite utiliser le nuage pour acc\u00e9der \u00e0 vos donn\u00e9es, les analyser et les partager \u00e0 partir de n&rsquo;importe quel appareil connect\u00e9 \u00e0 l&rsquo;internet.<\/p>\n<p>D\u00e9finissez des alarmes de temp\u00e9rature haute et basse qui se d\u00e9clenchent si votre seuil de temp\u00e9rature est d\u00e9pass\u00e9. Les options d&rsquo;alarme comprennent les alertes par courrier \u00e9lectronique (qui peuvent \u00eatre envoy\u00e9es \u00e0 une ou plusieurs adresses \u00e9lectroniques), les alertes sonores et les alertes lumineuses.<\/p>\n<p>Ce produit est conforme \u00e0 la norme BS EN 12830:2018 (Enregistreurs de temp\u00e9rature pour le transport, le stockage et la distribution de marchandises sensibles \u00e0 la temp\u00e9rature).<\/p>\n<p>Les traductions de la fiche technique du EL-IOT-1 sont disponibles dans l&rsquo;onglet ressources.<\/p>\n","protected":false},"excerpt":{"rendered":"<p>Enregistreur de donn\u00e9es de temp\u00e9rature ambiante WiFi connect\u00e9 au cloud<\/p>\n","protected":false},"featured_media":29407,"template":"","meta":{"_acf_changed":false,"content-type":"","_uag_custom_page_level_css":""},"product_brand":[],"product_cat":[1238],"product_tag":[1231,2434,1233,1232,1227],"class_list":{"0":"post-29406","1":"product","2":"type-product","3":"status-publish","4":"has-post-thumbnail","6":"product_cat-enregistreurs-de-donnees-de-temperature","7":"product_tag-capteur-interne","8":"product_tag-easylog-fr","9":"product_tag-easylog-cloud-fr","10":"product_tag-ido","11":"product_tag-wifi-fr","13":"first","14":"instock","15":"taxable","16":"shipping-taxable","17":"purchasable","18":"product-type-simple"},"bundled_by":[],"bundle_stock_status":"instock","bundle_stock_quantity":10,"bundle_virtual":false,"bundle_layout":"","bundle_add_to_cart_form_location":"","bundle_editable_in_cart":false,"bundle_sold_individually_context":"","bundle_item_grouping":"","bundle_min_size":"","bundle_max_size":"","bundle_price":[],"bundled_items":[],"bundle_sell_ids":[],"acf":[],"spectra_custom_meta":{"_download_limit":["-1","-1"],"_download_expiry":["-1","-1"],"_downloadable":["no","no"],"_sku":["EL-IOT-1","EL-IOT-1"],"_stock_status":["instock","instock","instock","instock","instock","instock","instock","instock"],"_sold_individually":["no","no"],"_tax_class":["",""],"_tax_status":["taxable","taxable"],"_virtual":["no","no"],"_weight":["0.490000","0.490000"],"total_sales":["17","17"],"_product_datasheet":["field_650ad7d6ea3a0"],"connectivity":["WiFi","WiFi"],"_connectivity":["field_64dce263bb57c","field_64dce263bb57c"],"brand":["EasyLog","EasyLog"],"_brand":["field_64ddf62ed2593","field_64ddf62ed2593"],"_brand_image":["field_650c5e7c84cae"],"_specifications_table":["field_65044e1db92a8"],"_display_data_alarm":["field_667d647bcb066"],"_resources":["field_650849c6945ee"],"_accessories":["field_650849e6945f0","field_650849e6945f0"],"_faqs":["field_650859523d8d5"],"_calibration_suitable_ids_gb":["field_654b4c4acb54a"],"_calibration_suitable_ids_us":["field_654b4c56cb54b"],"_show_in_calibration_suitable":["field_654cfb691d345"],"_usd_price_4":["field_651570dcac479"],"_usd_price_9":["field_6515713eb4807"],"_usd_price_24":["field_65157141b4809"],"_usd_price_49":["field_65157140b4808"],"_usd_price_99":["field_6515715bb480a"],"_gbp_price_4":["field_6515716e83bfa"],"_gbp_price_9":["field_6515724783bfb"],"_gbp_price_24":["field_6515724b83bfc"],"_gbp_price_49":["field_6515725983bfd"],"_gbp_price_99":["field_6515725d83bfe"],"_usdhk_price_4":["field_6515726f83bff"],"_usdhk_price_9":["field_6515727c83c00"],"_usdhk_price_24":["field_6515728083c01"],"_usdhk_price_49":["field_6515728983c02"],"_usdhk_price_99":["field_6515728e83c03"],"stock_options":["Available in 3 to 5 days"],"_stock_options":["field_6544b605dc7f9"],"_top_nav_excluded":[""],"_cms_nav_minihome":[""],"calibration":[""],"wcml_sync_hash":["a:1:{s:15:\"postmeta_fields\";s:32:\"92e17181cc949ca1b5a7ec5b61afb774\";}"],"attr_label_translations":["a:0:{}"],"_product_image_gallery":["29408,29409,29410"],"_thumbnail_id":["29407"],"_crosssell_ids":["a:0:{}"],"_stock":["10.000000"],"_calibration":["field_66a0ddd599972"],"_shipping":["field_66852535c98a5"],"_refrigerant_cabinet":["field_66852557c98a6"],"_main_specifications":["field_66855b25b1245"],"_last_translation_edit_mode":["translation-editor"],"_edit_lock":["1722244569:8383"],"classic-editor-remember":["classic-editor"],"rank_math_seo_score":["84"],"_edit_last":["8383"],"commercekit_gallery_layout":[""],"commercekit_disable_sticky_atc":["0"],"commercekit_wc_video_gallery":["a:0:{}"],"_rank_math_gtin_code":[""],"_wcml_average_rating":[null],"_wcml_review_count":[null],"_wcml_rating_count":[null],"_wc_average_rating":[0],"_wc_review_count":["0"],"_product_version":["9.1.2"],"display_data_alarm":[""],"calibration_suitable_ids_gb":[""],"calibration_suitable_ids_us":[""],"other_features":[""],"shipping":[""],"refrigerant_cabinet":[""],"main_specifications":[""],"shoptimizer_layout_pdp_short_description_position":["default"],"product_datasheet":["10285"],"brand_image":["10467"],"_wpml_media_duplicate":["1"],"_wpml_media_featured":["1"],"_product_attributes":["a:2:{s:16:\"pa_product-brand\";a:6:{s:4:\"name\";s:16:\"pa_product-brand\";s:5:\"value\";s:0:\"\";s:8:\"position\";i:0;s:10:\"is_visible\";i:1;s:12:\"is_variation\";i:0;s:11:\"is_taxonomy\";i:1;}s:19:\"pa_product-features\";a:6:{s:4:\"name\";s:19:\"pa_product-features\";s:5:\"value\";s:0:\"\";s:8:\"position\";i:1;s:10:\"is_visible\";i:1;s:12:\"is_variation\";i:0;s:11:\"is_taxonomy\";i:1;}}"],"_backorders":["no","no"],"_manage_stock":["no","no"],"min_temp":["-20"],"max_temp":["60"],"_min_temp":["field_67ea5eb4e0a77"],"_max_temp":["field_67ea5f81e0a79"],"_wpml_word_count":["241"],"rank_math_primary_product_cat":["87","87"],"_global_unique_id":["5056744400519"],"faqs":["[accordion]\n[accordion_header]Comment puis-je acheter le support mural magn\u00e9tique EL-IOT ?[\/accordion_header]\n[accordion_section]Veuillez consulter les accessoires indiqu\u00e9s sur la page web d'EL-IOT ou recherchez \"EL-IOT WALL BRACKET\" sur le site www.lascarelectronics.com.[\/accordion_section]\n[\/accordion]\n\n<a class=\"button button-orange\" href=\"\/support\/el-wifi-data-loggers\/\" target=\"_blank\" rel=\"noopener\">Plus de soutien  <\/a>"],"_other_features":["field_686fa2aa98dce"],"rank_math_title":["EL-IOT-1 | Enregistreur de donn\u00e9es de temp\u00e9rature ambiante connect\u00e9 au nuage"],"rank_math_description":["L'EasyLog EL-IOT-1 est un enregistreur de donn\u00e9es de temp\u00e9rature sans fil et connect\u00e9 au Cloud de Lascar. Il est \u00e9quip\u00e9 d'un capteur interne dont la plage de mesure s'\u00e9tend de -20\u00b0C \u00e0 60\u00b0C."],"rank_math_focus_keyword":["EL-IOT-1"],"specifications_table":["<table class=\"specifications\">\n<tbody>\n<tr class=\"even-row\">\n<td class=\"left-td\">Plage de mesure de la temp\u00e9rature<\/td>\n<td>\n<div class=\"product-specification__value col-m-6\">De -20\u00b0C \u00e0 +60\u00b0C (de -4\u00b0F \u00e0 +140\u00b0F)<\/div><\/td>\n<\/tr>\n<tr class=\"odd-row\">\n<td class=\"left-td\">R\u00e9solution<\/td>\n<td>\n<div class=\"product-specification__value col-m-6\">0.1\u00b0C<\/div><\/td>\n<\/tr>\n<tr class=\"even-row\">\n<td class=\"left-td\">Pr\u00e9cision<\/td>\n<td>\n<div class=\"product-specification__value col-m-6\">\u00b10,5\u00b0C (\u00b10,9\u00b0F)<\/div><\/td>\n<\/tr>\n<tr class=\"odd-row\">\n<td class=\"left-td\">P\u00e9riode d'enregistrement<\/td>\n<td>\n<div class=\"product-specification__value col-m-6\">10 secondes \u00e0 12 heures (s\u00e9lectionnable par l'utilisateur)<\/div><\/td>\n<\/tr>\n<tr class=\"even-row\">\n<td class=\"left-td\">Intervalle de transmission<\/td>\n<td>\n<div class=\"product-specification__value col-m-6\">1 minute \u00e0 24 heures (s\u00e9lectionnable par l'utilisateur)<\/div><\/td>\n<\/tr>\n<tr class=\"odd-row\">\n<td class=\"left-td\">M\u00e9moire interne<\/td>\n<td>\n<div class=\"product-specification__value col-m-6\">300 000 lectures<\/div><\/td>\n<\/tr>\n<tr class=\"even-row\">\n<td class=\"left-td\">Autonomie de la batterie<\/td>\n<td>\n<div class=\"product-specification__value col-m-6\">>1 ann\u00e9e typique<\/div><\/td>\n<\/tr>\n<tr class=\"odd-row\">\n<td class=\"left-td\">Type de batterie<\/td>\n<td>\n<div class=\"product-specification__value col-m-6\">4 piles AA 1,5V (ou via l'adaptateur secteur)<\/div><\/td>\n<\/tr>\n<tr class=\"even-row\">\n<td class=\"left-td\">Dimensions<\/td>\n<td>\n<div class=\"product-specification__value col-m-6\">94 x 83 x 31mm<\/div><\/td>\n<\/tr>\n<tr class=\"odd-row\">\n<td class=\"left-td\">Plage de temp\u00e9rature de fonctionnement<\/td>\n<td>\n<div class=\"product-specification__value col-m-6\">De -18\u00b0C \u00e0 +55\u00b0C (0\u00b0F \u00e0 +131\u00b0F) (piles)\n De -20\u00b0C \u00e0 60\u00b0C (-4\u00b0F \u00e0 +140\u00b0F) (alimentation \u00e9lectrique)<\/div><\/td>\n<\/tr>\n<tr class=\"even-row\">\n<td class=\"left-td\">\u00c9valuation environnementale<\/td>\n<td>\n<div class=\"product-specification__value col-m-6\">IP54 (r\u00e9sistant aux \u00e9claboussures)<\/div><\/td>\n<\/tr>\n<\/tbody>\n<\/table>"],"resources":["<ul class=\"resources-list\">\n \t<li><img src=\"https:\/\/praxas.com\/wp-content\/uploads\/document-icon.png\" alt=\"Ic\u00f4ne de document\">Fiche technique EL-IOT-1<\/li>\n \t<li><a href=\"https:\/\/praxas.com\/wp-content\/uploads\/el-iot_datasheet-issue-6-02_2022.pdf\" target=\"_blank\" rel=\"noopener\">Anglais<\/a><\/li>\n \t<li><a href=\"https:\/\/praxas.com\/wp-content\/uploads\/el-iot_datasheet-issue-2-03_2022-french.pdf\" target=\"_blank\" rel=\"noopener\">Fran\u00e7ais<\/a><\/li>\n \t<li><a href=\"https:\/\/praxas.com\/wp-content\/uploads\/el-iot_datasheet-issue-2-03_2022-german.pdf\" target=\"_blank\" rel=\"noopener\">Allemand<\/a><\/li>\n \t<li><a href=\"https:\/\/praxas.com\/wp-content\/uploads\/el-iot_datasheet-issue-2-03_2022-italian.pdf\" target=\"_blank\" rel=\"noopener\">Italien<\/a><\/li>\n \t<li><a href=\"https:\/\/praxas.com\/wp-content\/uploads\/el-iot_datasheet-issue-2-03_2022-spanish.pdf\" target=\"_blank\" rel=\"noopener\">Espagnol<\/a><\/li>\n \t<li><img src=\"https:\/\/praxas.com\/wp-content\/uploads\/document-icon.png\" alt=\"Ic\u00f4ne de document\"><a href=\"https:\/\/praxas.com\/wp-content\/uploads\/el-iot_qsg_issue-4_05-21-rr.pdf\" target=\"_blank\" rel=\"noopener\">Guide de d\u00e9marrage rapide EL-IOT-1<\/a><\/li>\n \t<li><img src=\"https:\/\/praxas.com\/wp-content\/uploads\/document-icon.png\" alt=\"Ic\u00f4ne de document\"><a href=\"https:\/\/praxas.com\/wp-content\/uploads\/help-guide-3-network-requirements-and-settings-12-09-2022_issue-6.pdf\" target=\"_blank\" rel=\"noopener\">Exigences et param\u00e8tres du r\u00e9seau<\/a><\/li>\n \t<li><img src=\"https:\/\/praxas.com\/wp-content\/uploads\/document-icon.png\" alt=\"Ic\u00f4ne de document\"><a href=\"https:\/\/praxas.com\/wp-content\/uploads\/bs-en-12830-record-of-compliance-issue-1.pdf\" target=\"_blank\" rel=\"noopener\">BS EN 12830:2018 Attestation de conformit\u00e9<\/a><\/li>\n \t<li><img src=\"https:\/\/praxas.com\/wp-content\/uploads\/document-icon.png\" alt=\"Ic\u00f4ne de document\"><a href=\"https:\/\/praxas.com\/wp-content\/uploads\/declaration-of-conformity_el-iot_iss2-11_2021.pdf\" target=\"_blank\" rel=\"noopener\">EL-IOT D\u00e9claration de conformit\u00e9<\/a><\/li>\n<\/ul>\n<a class=\"button button-secondary\" href=\"https:\/\/praxas.com\/support\/\">Plus de soutien<\/a>"],"accessories":["[products skus=\"PSU EL-IOT,EL-IOT WALL BRACKET\"]","[products skus=\"PSU EL-IOT,EL-IOT WALL BRACKET\"]"],"show_in_calibration_suitable":["1"],"usd_price_4":["0.00"],"usd_price_9":["0.00"],"usd_price_24":["0.00"],"usd_price_49":["0.00"],"usd_price_99":["0.00"],"gbp_price_4":["0.00"],"gbp_price_9":["0.00"],"gbp_price_24":["53.99"],"gbp_price_49":["0.00"],"gbp_price_99":["47.99"],"usdhk_price_4":["0.00"],"usdhk_price_9":["0.00"],"usdhk_price_24":["71.99"],"usdhk_price_49":["0.00"],"usdhk_price_99":["63.99"],"_uag_page_assets":["a:9:{s:3:\"css\";s:0:\"\";s:2:\"js\";s:0:\"\";s:18:\"current_block_list\";a:0:{}s:8:\"uag_flag\";b:0;s:11:\"uag_version\";s:10:\"1775212209\";s:6:\"gfonts\";a:0:{}s:10:\"gfonts_url\";s:0:\"\";s:12:\"gfonts_files\";a:0:{}s:14:\"uag_faq_layout\";b:0;}"],"_regular_price":["86.7","86.7"],"_price":["86.7","86.7"],"_max_variation_price":[""],"_max_variation_regular_price":[""],"_max_variation_sale_price":[""],"_min_variation_price":[""],"_min_variation_regular_price":[""],"_min_variation_sale_price":[""],"_sale_price":[""],"_wc_pb_base_regular_price":[""],"_wc_pb_base_sale_price":[""],"_wc_pb_base_price":[""],"_wc_sw_max_price":[""],"_wc_sw_max_regular_price":[""],"_wc_rating_count":[""]},"uagb_featured_image_src":{"full":["https:\/\/praxas.com\/wp-content\/uploads\/EL-IOT-3DModel_FrontLEDsOff-V2-No-Probes.png",800,463,false],"thumbnail":["https:\/\/praxas.com\/wp-content\/uploads\/EL-IOT-3DModel_FrontLEDsOff-V2-No-Probes-150x150.png",150,150,true],"medium":["https:\/\/praxas.com\/wp-content\/uploads\/EL-IOT-3DModel_FrontLEDsOff-V2-No-Probes-300x174.png",300,174,true],"medium_large":["https:\/\/praxas.com\/wp-content\/uploads\/EL-IOT-3DModel_FrontLEDsOff-V2-No-Probes-768x444.png",768,444,true],"large":["https:\/\/praxas.com\/wp-content\/uploads\/EL-IOT-3DModel_FrontLEDsOff-V2-No-Probes.png",800,463,false],"1536x1536":["https:\/\/praxas.com\/wp-content\/uploads\/EL-IOT-3DModel_FrontLEDsOff-V2-No-Probes.png",800,463,false],"2048x2048":["https:\/\/praxas.com\/wp-content\/uploads\/EL-IOT-3DModel_FrontLEDsOff-V2-No-Probes.png",800,463,false],"crunchify-admin-post-featured-image":["https:\/\/praxas.com\/wp-content\/uploads\/EL-IOT-3DModel_FrontLEDsOff-V2-No-Probes-120x69.png",120,69,true],"commercegurus-pdp-large":["https:\/\/praxas.com\/wp-content\/uploads\/EL-IOT-3DModel_FrontLEDsOff-V2-No-Probes.png",800,463,false],"commercegurus-plp-mobile":["https:\/\/praxas.com\/wp-content\/uploads\/EL-IOT-3DModel_FrontLEDsOff-V2-No-Probes-441x255.png",441,255,true],"cgkit_image_swatch":["https:\/\/praxas.com\/wp-content\/uploads\/EL-IOT-3DModel_FrontLEDsOff-V2-No-Probes-100x100.png",100,100,true],"woocommerce_thumbnail":["https:\/\/praxas.com\/wp-content\/uploads\/EL-IOT-3DModel_FrontLEDsOff-V2-No-Probes-300x174.png",300,174,true],"woocommerce_single":["https:\/\/praxas.com\/wp-content\/uploads\/EL-IOT-3DModel_FrontLEDsOff-V2-No-Probes.png",800,463,false],"woocommerce_gallery_thumbnail":["https:\/\/praxas.com\/wp-content\/uploads\/EL-IOT-3DModel_FrontLEDsOff-V2-No-Probes-150x87.png",150,87,true]},"uagb_author_info":{"display_name":"AndyS","author_link":"https:\/\/praxas.com\/fr\/author\/"},"uagb_comment_info":0,"uagb_excerpt":"Enregistreur de donn\u00e9es de temp\u00e9rature ambiante WiFi connect\u00e9 au cloud","_links":{"self":[{"href":"https:\/\/praxas.com\/fr\/wp-json\/wp\/v2\/product\/29406","targetHints":{"allow":["GET"]}}],"collection":[{"href":"https:\/\/praxas.com\/fr\/wp-json\/wp\/v2\/product"}],"about":[{"href":"https:\/\/praxas.com\/fr\/wp-json\/wp\/v2\/types\/product"}],"wp:featuredmedia":[{"embeddable":true,"href":"https:\/\/praxas.com\/fr\/wp-json\/wp\/v2\/media\/29407"}],"wp:attachment":[{"href":"https:\/\/praxas.com\/fr\/wp-json\/wp\/v2\/media?parent=29406"}],"wp:term":[{"taxonomy":"product_brand","embeddable":true,"href":"https:\/\/praxas.com\/fr\/wp-json\/wp\/v2\/product_brand?post=29406"},{"taxonomy":"product_cat","embeddable":true,"href":"https:\/\/praxas.com\/fr\/wp-json\/wp\/v2\/product_cat?post=29406"},{"taxonomy":"product_tag","embeddable":true,"href":"https:\/\/praxas.com\/fr\/wp-json\/wp\/v2\/product_tag?post=29406"}],"curies":[{"name":"wp","href":"https:\/\/api.w.org\/{rel}","templated":true}]}}