{"id":29418,"date":"2023-08-08T16:17:00","date_gmt":"2023-08-08T14:17:00","guid":{"rendered":"https:\/\/staging.praxas.com\/product\/non%20class\u00e9\/el-iot-co2\/"},"modified":"2025-10-14T16:18:43","modified_gmt":"2025-10-14T14:18:43","slug":"el-iot-co2","status":"publish","type":"product","link":"https:\/\/praxas.com\/fr\/product\/data-loggers-fr\/qualite-de-lair\/el-iot-co2\/","title":{"rendered":"EL-IOT-CO2"},"content":{"rendered":"<p>Notre enregistreur de donn\u00e9es sans fil sur le<sub>CO2<\/sub> et la qualit\u00e9 de l&rsquo;air est l&rsquo;appareil id\u00e9al pour surveiller et enregistrer la qualit\u00e9 de l&rsquo;air et les niveaux de dioxyde de carbone \u00e0 la maison, au travail, dans les \u00e9coles et dans toute une s\u00e9rie d&rsquo;autres applications, y compris l&rsquo;horticulture.<\/p>\n<p>Mesurant le dioxyde de carbone, la temp\u00e9rature et l&rsquo;humidit\u00e9, l&rsquo;EL-IOT-CO2 enregistre en permanence ces param\u00e8tres et vous fournit les valeurs actuelles, minimales et maximales sur l&rsquo;\u00e9cran clair et lumineux pour une indication imm\u00e9diate de la qualit\u00e9 de l&rsquo;air.<\/p>\n<p>D\u00e9finissez vos propres alarmes haute et basse pour chaque param\u00e8tre, lorsque vos limites sont atteintes, une notification instantan\u00e9e des changements critiques peut vous \u00eatre envoy\u00e9e par e-mail et\/ou SMS.<\/p>\n<p>L&rsquo;EL-IOT-CO2 est aliment\u00e9 par une alimentation USB et peut \u00e9galement utiliser des piles AA pour une sauvegarde \u00e0 court terme en cas d&rsquo;interruption de l&rsquo;alimentation.<\/p>\n<p><strong>EL-IOT-CO2 Param\u00e8tres de mesure :<\/strong><\/p>\n<ul>\n<li>Dioxyde de carbone (<sub>CO2<\/sub>)<\/li>\n<li>Temp\u00e9rature<\/li>\n<li>Humidit\u00e9<\/li>\n<\/ul>\n<p>L&rsquo;EL-IOT-CO2 fournit des mesures constantes en temps r\u00e9el tout en t\u00e9l\u00e9chargeant automatiquement les mesures vers le syst\u00e8me <strong><br \/>\n  <a href=\"https:\/\/praxas.com\/en\/easylog-cloud\/\">EasyLog Cloud<\/a><br \/>\n<\/strong>EasyLog Cloud, pour un acc\u00e8s facile \u00e0 vos donn\u00e9es actuelles et historiques. T\u00e9l\u00e9chargez l&rsquo;application EasyLog Cloud, qui vous permet de visualiser, d&rsquo;analyser et de t\u00e9l\u00e9charger l&rsquo;ensemble de vos mesures \u00e0 partir de n&rsquo;importe quel appareil connect\u00e9 \u00e0 Internet. <\/p>\n","protected":false},"excerpt":{"rendered":"<p>Enregistreur de donn\u00e9es sans fil sur le<sub>CO2<\/sub> et la qualit\u00e9 de l&rsquo;air<\/p>\n","protected":false},"featured_media":29419,"template":"","meta":{"_acf_changed":false,"content-type":"","_uag_custom_page_level_css":""},"product_brand":[],"product_cat":[1307,1310],"product_tag":[1231,2434,1233,1232,1227],"class_list":{"0":"post-29418","1":"product","2":"type-product","3":"status-publish","4":"has-post-thumbnail","6":"product_cat-qualite-de-lair","7":"product_cat-dioxyde-de-carbone","8":"product_tag-capteur-interne","9":"product_tag-easylog-fr","10":"product_tag-easylog-cloud-fr","11":"product_tag-ido","12":"product_tag-wifi-fr","14":"first","15":"instock","16":"taxable","17":"shipping-taxable","18":"purchasable","19":"product-type-simple"},"bundled_by":[],"bundle_stock_status":"instock","bundle_stock_quantity":196,"bundle_virtual":false,"bundle_layout":"","bundle_add_to_cart_form_location":"","bundle_editable_in_cart":false,"bundle_sold_individually_context":"","bundle_item_grouping":"","bundle_min_size":"","bundle_max_size":"","bundle_price":[],"bundled_items":[],"bundle_sell_ids":[],"acf":[],"spectra_custom_meta":{"_download_limit":["-1","-1"],"_download_expiry":["-1","-1"],"_downloadable":["no","no"],"_sku":["EL-IOT-CO2","EL-IOT-CO2"],"_stock_status":["instock","instock","instock","instock","instock","instock","instock","instock","instock"],"_sold_individually":["no","no"],"_tax_class":["",""],"_tax_status":["taxable","taxable"],"_virtual":["no","no"],"_weight":["0.560000","0.560000"],"_length":["field_64dde24193a2b","field_64dde24193a2b"],"total_sales":["127","127"],"_product_datasheet":["field_650ad7d6ea3a0"],"connectivity":["WiFi","WiFi"],"_connectivity":["field_64dce263bb57c","field_64dce263bb57c"],"brand":["EasyLog","EasyLog"],"_brand":["field_64ddf62ed2593","field_64ddf62ed2593"],"_brand_image":["field_650c5e7c84cae"],"_specifications_table":["field_65044e1db92a8"],"_display_data_alarm":["field_667d647bcb066"],"_resources":["field_650849c6945ee"],"_accessories":["field_650849e6945f0","field_650849e6945f0"],"_faqs":["field_650859523d8d5"],"_calibration_suitable_ids_gb":["field_654b4c4acb54a"],"_calibration_suitable_ids_us":["field_654b4c56cb54b"],"_show_in_calibration_suitable":["field_654cfb691d345"],"_usd_price_4":["field_651570dcac479"],"_usd_price_9":["field_6515713eb4807"],"_usd_price_24":["field_65157141b4809"],"_usd_price_49":["field_65157140b4808"],"_usd_price_99":["field_6515715bb480a"],"_gbp_price_4":["field_6515716e83bfa"],"_gbp_price_9":["field_6515724783bfb"],"_gbp_price_24":["field_6515724b83bfc"],"_gbp_price_49":["field_6515725983bfd"],"_gbp_price_99":["field_6515725d83bfe"],"_usdhk_price_4":["field_6515726f83bff"],"_usdhk_price_9":["field_6515727c83c00"],"_usdhk_price_24":["field_6515728083c01"],"_usdhk_price_49":["field_6515728983c02"],"_usdhk_price_99":["field_6515728e83c03"],"stock_options":["In stock"],"_stock_options":["field_6544b605dc7f9"],"_top_nav_excluded":[""],"_cms_nav_minihome":[""],"wcml_sync_hash":["a:1:{s:15:\"postmeta_fields\";s:32:\"7d9ca5dbeb96fab13ef94b6119772b1d\";}"],"attr_label_translations":["a:0:{}"],"_product_image_gallery":["29420,29421"],"_thumbnail_id":["29419"],"_crosssell_ids":["a:0:{}"],"_stock":["196.000000"],"_wpml_word_count":["258"],"_calibration":["field_66a0ddd599972"],"_shipping":["field_66852535c98a5"],"_refrigerant_cabinet":["field_66852557c98a6"],"_main_specifications":["field_66855b25b1245"],"_edit_lock":["1722245069:8383"],"classic-editor-remember":["classic-editor"],"rank_math_seo_score":["84"],"_edit_last":["8383"],"commercekit_gallery_layout":[""],"commercekit_disable_sticky_atc":["0"],"commercekit_wc_video_gallery":["a:0:{}"],"_rank_math_gtin_code":[""],"_wcml_average_rating":[null],"_wcml_review_count":[null],"_wcml_rating_count":[null],"_wc_average_rating":[0],"_wc_review_count":["0"],"_product_version":["9.1.2"],"display_data_alarm":[""],"calibration":[""],"calibration_suitable_ids_gb":[""],"calibration_suitable_ids_us":[""],"show_in_calibration_suitable":[""],"other_features":[""],"shipping":[""],"refrigerant_cabinet":[""],"main_specifications":[""],"shoptimizer_layout_pdp_short_description_position":["default"],"product_datasheet":["10287"],"brand_image":["10467"],"_wpml_media_duplicate":["1"],"_wpml_media_featured":["1"],"_last_translation_edit_mode":["translation-editor"],"_product_attributes":["a:2:{s:16:\"pa_product-brand\";a:6:{s:4:\"name\";s:16:\"pa_product-brand\";s:5:\"value\";s:0:\"\";s:8:\"position\";i:0;s:10:\"is_visible\";i:1;s:12:\"is_variation\";i:0;s:11:\"is_taxonomy\";i:1;}s:19:\"pa_product-features\";a:6:{s:4:\"name\";s:19:\"pa_product-features\";s:5:\"value\";s:0:\"\";s:8:\"position\";i:1;s:10:\"is_visible\";i:1;s:12:\"is_variation\";i:0;s:11:\"is_taxonomy\";i:1;}}"],"rank_math_primary_product_cat":["86","86"],"_global_unique_id":["5056744400526"],"_backorders":["no","no"],"_manage_stock":["no","no"],"_other_features":["field_686fa2aa98dce"],"min_temp":[""],"max_temp":[""],"_min_temp":["field_67ea5eb4e0a77"],"_max_temp":["field_67ea5f81e0a79"],"faqs":["<span class=\"ui-provider bob boc bod boe bof bog boh boi boj bok bol bom bon boo bop boq bor bos bot bou bov bow box boy boz bpa bpb bpc bpd bpe bpf bpg bph bpi bpj\" dir=\"ltr\">[accordion]\n[accordion_header]Quand la mise \u00e0 jour du micrologiciel de mon EL-IOT commencera-t-elle ?[\/accordion_header]\n[accordion_section]Une fois que la nouvelle mise \u00e0 jour du micrologiciel EL-IOT a \u00e9t\u00e9 s\u00e9lectionn\u00e9e, la mise \u00e0 jour commencera lors de la prochaine synchronisation du nuage.[\/accordion_section]\n[\/accordion]<\/span>\n\n<span class=\"ui-provider bob boc bod boe bof bog boh boi boj bok bol bom bon boo bop boq bor bos bot bou bov bow box boy boz bpa bpb bpc bpd bpe bpf bpg bph bpi bpj\" dir=\"ltr\">[accordion]\n[accordion_header]Comment forcer une transmission \u00e0 partir de mon appareil ?[\/accordion_header]\n[accordion_section]Vous devez maintenir le bouton principal de l'appareil pendant 1 \u00e0 8 secondes. Cela permet d'acquitter une alarme, de cr\u00e9er un \u00e9v\u00e9nement d'audit dans l'enregistrement et de forcer la synchronisation des donn\u00e9es avec le nuage.  [\/accordion_section]\n[\/accordion]<\/span>"],"rank_math_title":["EL-IOT-CO2 | Enregistreur de donn\u00e9es sur la qualit\u00e9 de l'air | Praxas"],"rank_math_description":["L'enregistreur sans fil de CO2 et de qualit\u00e9 de l'air EL-IOT-CO2 est l'appareil id\u00e9al pour surveiller et enregistrer la qualit\u00e9 de l'air et les niveaux de CO2 \u00e0 la maison ou au travail."],"rank_math_focus_keyword":["EL-IOT-CO2"],"specifications_table":["<table class=\"specifications\">\n<tbody>\n<tr class=\"even-row\">\n<td class=\"left-td\">Plage de mesure (<sub>CO2<\/sub><span style=\"font-family: inherit; font-size: inherit;\">)<\/span><\/td>\n<td>0 \u00e0 40 000 ppm<\/td>\n<\/tr>\n<tr class=\"odd-row\">\n<td class=\"left-td\">Pr\u00e9cision 400 \u00e0 2 000 ppm<\/td>\n<td>\u00b1(50 ppm +5% de la valeur lue)<\/td>\n<\/tr>\n<tr class=\"even-row\">\n<td class=\"left-td\">R\u00e9solution (<sub>CO2<\/sub>)<\/td>\n<td>1ppm<\/td>\n<\/tr>\n<tr class=\"odd-row\">\n<td class=\"left-td\">Auto-Calibration (<sub>CO2)<\/sub><\/td>\n<td>Oui<\/td>\n<\/tr>\n<tr class=\"even-row\">\n<td class=\"left-td\">Plage de mesure de la temp\u00e9rature<\/td>\n<td>De -20 \u00e0 +60\u00b0C (de -4 \u00e0 140\u00b0F)<\/td>\n<\/tr>\n<tr class=\"odd-row\">\n<td class=\"left-td\">Pr\u00e9cision (T)<\/td>\n<td>\u00b10,3\u00b0C (\u00b10,54\u00b0F) typique<\/td>\n<\/tr>\n<tr class=\"even-row\">\n<td class=\"left-td\">R\u00e9solution (T)<\/td>\n<td>0.1\u00b0<\/td>\n<\/tr>\n<tr class=\"odd-row\">\n<td class=\"left-td\">Unit\u00e9s (T)<\/td>\n<td>\u00b0C ou \u00b0F<\/td>\n<\/tr>\n<tr class=\"even-row\">\n<td class=\"left-td\">Plage de mesure de l'humidit\u00e9 relative<\/td>\n<td>0 \u00e0 100%HR<\/td>\n<\/tr>\n<tr class=\"odd-row\">\n<td class=\"left-td\">Pr\u00e9cision (RH)<\/td>\n<td>\u00b12% typique<\/td>\n<\/tr>\n<tr class=\"even-row\">\n<td class=\"left-td\">R\u00e9solution (RH)<\/td>\n<td>0.1%<\/td>\n<\/tr>\n<tr class=\"odd-row\">\n<td class=\"left-td\">Pr\u00e9cision du point de ros\u00e9e<\/td>\n<td>1,5\u00b0C typique (40 \u00e0 100%HR)<\/td>\n<\/tr>\n<tr class=\"even-row\">\n<td class=\"left-td\">Taux d'enregistrement des donn\u00e9es<\/td>\n<td>10 secondes \u00e0 12 heures (s\u00e9lectionnable par l'utilisateur)<\/td>\n<\/tr>\n<tr class=\"odd-row\">\n<td class=\"left-td\">Intervalle de transmission<\/td>\n<td>1 minute \u00e0 24 heures (s\u00e9lectionnable par l'utilisateur)<\/td>\n<\/tr>\n<tr class=\"even-row\">\n<td class=\"left-td\">Dimensions de l'appareil<\/td>\n<td>97 x 87 x 33 mm<\/td>\n<\/tr>\n<tr class=\"odd-row\">\n<td class=\"left-td\">Temp\u00e9rature de fonctionnement Alimentation par batterie<\/td>\n<td>De -18 \u00e0 +55\u00b0C (0 \u00e0 +131\u00b0F)<\/td>\n<\/tr>\n<tr class=\"even-row\">\n<td class=\"left-td\">Temp\u00e9rature de fonctionnement Alimentation USB<\/td>\n<td>De -20 \u00e0 +60\u00b0C (de -4 \u00e0 +140\u00b0F)<\/td>\n<\/tr>\n<\/tbody>\n<\/table>"],"resources":["<ul class=\"resources-list\">\n \t<li><img src=\"https:\/\/praxas.com\/wp-content\/uploads\/document-icon.png\" alt=\"Ic\u00f4ne de document\"><a href=\"https:\/\/praxas.com\/wp-content\/uploads\/el-iot-co2-datasheet-issue-7-10_2022.pdf\" target=\"_blank\" rel=\"noopener\">Fiche technique EL-IOT-CO2<\/a><\/li>\n \t<li><img src=\"https:\/\/praxas.com\/wp-content\/uploads\/document-icon.png\" alt=\"Ic\u00f4ne de document\"><a href=\"https:\/\/praxas.com\/wp-content\/uploads\/el-iot-co2-qsg_12_2022.pdf\" target=\"_blank\" rel=\"noopener\">Guide de d\u00e9marrage rapide EL-IOT-CO2<\/a><\/li>\n \t<li><img src=\"https:\/\/praxas.com\/wp-content\/uploads\/document-icon.png\" alt=\"Ic\u00f4ne de document\"><a href=\"https:\/\/praxas.com\/wp-content\/uploads\/el-iot-co2-distie-handout.pdf\" target=\"_blank\" rel=\"noopener\">Fiche d'information EL-IOT-CO2<\/a><\/li>\n \t<li><img src=\"https:\/\/praxas.com\/wp-content\/uploads\/document-icon.png\" alt=\"Ic\u00f4ne de document\"><a href=\"https:\/\/praxas.com\/wp-content\/uploads\/help-guide-3-network-requirements-and-settings-12-09-2022_issue-6.pdf\" target=\"_blank\" rel=\"noopener\">Exigences et param\u00e8tres du r\u00e9seau<\/a><\/li>\n \t<li><img src=\"https:\/\/praxas.com\/wp-content\/uploads\/document-icon.png\" alt=\"Ic\u00f4ne de document\"><a href=\"https:\/\/praxas.com\/wp-content\/uploads\/declaration-of-conformity_indoor-air-quality_iss1-07_2022.pdf\" target=\"_blank\" rel=\"noopener\">D\u00e9claration de conformit\u00e9 EL-IOT-CO2<\/a><\/li>\n<\/ul>"],"accessories":["[products skus=\"EL-IOT WALL BRACKET,BAT 1V5 AA PK4\"]","[products skus=\"EL-IOT WALL BRACKET,BAT 1V5 AA PK4\"]"],"usd_price_4":["0.00"],"usd_price_9":["0.00"],"usd_price_24":["0.00"],"usd_price_49":["0.00"],"usd_price_99":["0.00"],"gbp_price_4":["0.00"],"gbp_price_9":["0.00"],"gbp_price_24":["134.99"],"gbp_price_49":["0.00"],"gbp_price_99":["0.00"],"usdhk_price_4":["0.00"],"usdhk_price_9":["0.00"],"usdhk_price_24":["0.00"],"usdhk_price_49":["0.00"],"usdhk_price_99":["0.00"],"_uag_page_assets":["a:9:{s:3:\"css\";s:0:\"\";s:2:\"js\";s:0:\"\";s:18:\"current_block_list\";a:0:{}s:8:\"uag_flag\";b:0;s:11:\"uag_version\";s:10:\"1775212209\";s:6:\"gfonts\";a:0:{}s:10:\"gfonts_url\";s:0:\"\";s:12:\"gfonts_files\";a:0:{}s:14:\"uag_faq_layout\";b:0;}"],"hubwoo_ecomm_pro_id":["16465896277"],"_regular_price":["195.1","195.1"],"_price":["195.1","195.1"],"_max_variation_price":[""],"_max_variation_regular_price":[""],"_max_variation_sale_price":[""],"_min_variation_price":[""],"_min_variation_regular_price":[""],"_min_variation_sale_price":[""],"_sale_price":[""],"_wc_pb_base_regular_price":[""],"_wc_pb_base_sale_price":[""],"_wc_pb_base_price":[""],"_wc_sw_max_price":[""],"_wc_sw_max_regular_price":[""],"_wc_rating_count":[""]},"uagb_featured_image_src":{"full":["https:\/\/praxas.com\/wp-content\/uploads\/EL-IOT-CO2-Front.png",800,463,false],"thumbnail":["https:\/\/praxas.com\/wp-content\/uploads\/EL-IOT-CO2-Front-150x150.png",150,150,true],"medium":["https:\/\/praxas.com\/wp-content\/uploads\/EL-IOT-CO2-Front-300x174.png",300,174,true],"medium_large":["https:\/\/praxas.com\/wp-content\/uploads\/EL-IOT-CO2-Front-768x444.png",768,444,true],"large":["https:\/\/praxas.com\/wp-content\/uploads\/EL-IOT-CO2-Front.png",800,463,false],"1536x1536":["https:\/\/praxas.com\/wp-content\/uploads\/EL-IOT-CO2-Front.png",800,463,false],"2048x2048":["https:\/\/praxas.com\/wp-content\/uploads\/EL-IOT-CO2-Front.png",800,463,false],"crunchify-admin-post-featured-image":["https:\/\/praxas.com\/wp-content\/uploads\/EL-IOT-CO2-Front-120x69.png",120,69,true],"commercegurus-pdp-large":["https:\/\/praxas.com\/wp-content\/uploads\/EL-IOT-CO2-Front.png",800,463,false],"commercegurus-plp-mobile":["https:\/\/praxas.com\/wp-content\/uploads\/EL-IOT-CO2-Front-441x255.png",441,255,true],"cgkit_image_swatch":["https:\/\/praxas.com\/wp-content\/uploads\/EL-IOT-CO2-Front-100x100.png",100,100,true],"woocommerce_thumbnail":["https:\/\/praxas.com\/wp-content\/uploads\/EL-IOT-CO2-Front-300x174.png",300,174,true],"woocommerce_single":["https:\/\/praxas.com\/wp-content\/uploads\/EL-IOT-CO2-Front.png",800,463,false],"woocommerce_gallery_thumbnail":["https:\/\/praxas.com\/wp-content\/uploads\/EL-IOT-CO2-Front-150x87.png",150,87,true]},"uagb_author_info":{"display_name":"AndyS","author_link":"https:\/\/praxas.com\/fr\/author\/"},"uagb_comment_info":0,"uagb_excerpt":"Enregistreur de donn\u00e9es sans fil sur leCO2 et la qualit\u00e9 de l'air","_links":{"self":[{"href":"https:\/\/praxas.com\/fr\/wp-json\/wp\/v2\/product\/29418","targetHints":{"allow":["GET"]}}],"collection":[{"href":"https:\/\/praxas.com\/fr\/wp-json\/wp\/v2\/product"}],"about":[{"href":"https:\/\/praxas.com\/fr\/wp-json\/wp\/v2\/types\/product"}],"wp:featuredmedia":[{"embeddable":true,"href":"https:\/\/praxas.com\/fr\/wp-json\/wp\/v2\/media\/29419"}],"wp:attachment":[{"href":"https:\/\/praxas.com\/fr\/wp-json\/wp\/v2\/media?parent=29418"}],"wp:term":[{"taxonomy":"product_brand","embeddable":true,"href":"https:\/\/praxas.com\/fr\/wp-json\/wp\/v2\/product_brand?post=29418"},{"taxonomy":"product_cat","embeddable":true,"href":"https:\/\/praxas.com\/fr\/wp-json\/wp\/v2\/product_cat?post=29418"},{"taxonomy":"product_tag","embeddable":true,"href":"https:\/\/praxas.com\/fr\/wp-json\/wp\/v2\/product_tag?post=29418"}],"curies":[{"name":"wp","href":"https:\/\/api.w.org\/{rel}","templated":true}]}}