{"id":29966,"date":"2024-06-12T16:20:15","date_gmt":"2024-06-12T14:20:15","guid":{"rendered":"https:\/\/staging.praxas.com\/product\/non%20class\u00e9\/logtag-encombrement-protecteur-pour-les-enregistreurs-de-donnees\/"},"modified":"2025-10-09T10:07:36","modified_gmt":"2025-10-09T08:07:36","slug":"logtag-encombrement-protecteur-pour-les-enregistreurs-de-donnees","status":"publish","type":"product","link":"https:\/\/praxas.com\/fr\/product\/data-loggers-fr\/accessoires-fr\/logtag-encombrement-protecteur-pour-les-enregistreurs-de-donnees\/","title":{"rendered":"Bo\u00eetier de protection"},"content":{"rendered":"<p>Le bo\u00eetier de protection LogTag garantit que les enregistreurs de donn\u00e9es sont stock\u00e9s en toute s\u00e9curit\u00e9 et prot\u00e9g\u00e9s. Ce bo\u00eetier est sp\u00e9cialement con\u00e7u pour \u00eatre utilis\u00e9 dans des environnements o\u00f9 l&rsquo;humidit\u00e9 et les temp\u00e9ratures varient, offrant ainsi une protection fiable \u00e0 vos enregistreurs dans ces conditions changeantes.<\/p>\n<p>Le bo\u00eetier est conforme \u00e0 la norme IP67, ce qui le rend \u00e0 la fois \u00e9tanche \u00e0 la poussi\u00e8re et \u00e0 l&rsquo;eau jusqu&rsquo;\u00e0 une profondeur de 1 m\u00e8tre. Il est con\u00e7u pour minimiser les effets du d\u00e9calage thermique, ajoutant environ 70 % au temps de r\u00e9action aux changements de temp\u00e9rature dans le m\u00eame environnement.<\/p>\n<p>Le bo\u00eetier est fabriqu\u00e9 en plastique polycarbonate \u00e0 fort impact et est transparent, ce qui permet de voir clairement l&rsquo;\u00e9cran LCD ou les indicateurs de l&rsquo;enregistreur.<\/p>\n<p><strong>Pourquoi utiliser ce logement ?<\/strong><\/p>\n<p>Les produits LogTag sont les meilleurs sur le march\u00e9, mais malheureusement, des dommages sont possibles lors de transports difficiles. En pla\u00e7ant l&rsquo;enregistreur de donn\u00e9es dans ce bo\u00eetier, l&rsquo;enregistreur de donn\u00e9es est mieux prot\u00e9g\u00e9 contre les coups ou les impacts. En outre, l&rsquo;enregistreur de donn\u00e9es est prot\u00e9g\u00e9 de la poussi\u00e8re et de l&rsquo;eau gr\u00e2ce au joint en caoutchouc silicon\u00e9. Le polycarbonate r\u00e9siste bien aux alcools et aux acides dilu\u00e9s. Le bo\u00eetier est donc id\u00e9al pour le transport dans des conditions difficiles et changeantes.<\/p>\n","protected":false},"excerpt":{"rendered":"<ul>\n<li>Class\u00e9 IP67<\/li>\n<li>\u00c9tanch\u00e9it\u00e9 \u00e0 la poussi\u00e8re et \u00e0 l&rsquo;eau<\/li>\n<li>Polycarbonate \u00e0 haute r\u00e9sistance aux chocs<\/li>\n<li>Mat\u00e9riau d&rsquo;\u00e9tanch\u00e9it\u00e9 en caoutchouc de silicone<\/li>\n<\/ul>\n","protected":false},"featured_media":29967,"template":"","meta":{"_acf_changed":false,"content-type":"","_uag_custom_page_level_css":""},"product_brand":[],"product_cat":[1256,1427],"product_tag":[2516],"class_list":{"0":"post-29966","1":"product","2":"type-product","3":"status-publish","4":"has-post-thumbnail","6":"product_cat-accessoires-fr","7":"product_cat-divers","8":"product_tag-logtag-fr","10":"first","11":"instock","12":"taxable","13":"shipping-taxable","14":"purchasable","15":"product-type-simple"},"bundled_by":[],"bundle_stock_status":"instock","bundle_stock_quantity":null,"bundle_virtual":false,"bundle_layout":"","bundle_add_to_cart_form_location":"","bundle_editable_in_cart":false,"bundle_sold_individually_context":"","bundle_item_grouping":"","bundle_min_size":"","bundle_max_size":"","bundle_price":[],"bundled_items":[],"bundle_sell_ids":[],"acf":[],"spectra_custom_meta":{"_backorders":["no"],"_download_limit":["-1"],"_download_expiry":["-1"],"_downloadable":["no"],"_manage_stock":["no"],"_sku":["PROTECTIVE ENCLOSURE"],"_stock_status":["instock"],"_sold_individually":["no"],"_tax_class":[""],"_tax_status":["taxable"],"_virtual":["no"],"_width":["0"],"_height":["0"],"_length":["0"],"total_sales":["16"],"product_datasheet":[""],"_product_datasheet":["field_650ad7d6ea3a0"],"_connectivity":["field_64dce263bb57c"],"brand":["LogTag"],"_brand":["field_64ddf62ed2593"],"brand_image":[""],"_brand_image":["field_650c5e7c84cae"],"_specifications_table":["field_65044e1db92a8"],"_resources":["field_650849c6945ee"],"_accessories":["field_650849e6945f0"],"_faqs":["field_650859523d8d5"],"_calibration_suitable_ids_gb":["field_654b4c4acb54a"],"_calibration_suitable_ids_us":["field_654b4c56cb54b"],"_show_in_calibration_suitable":["field_654cfb691d345"],"_usd_price_4":["field_651570dcac479"],"_usd_price_9":["field_6515713eb4807"],"_usd_price_24":["field_65157141b4809"],"_usd_price_49":["field_65157140b4808"],"_usd_price_99":["field_6515715bb480a"],"_gbp_price_4":["field_6515716e83bfa"],"_gbp_price_9":["field_6515724783bfb"],"_gbp_price_24":["field_6515724b83bfc"],"_gbp_price_49":["field_6515725983bfd"],"_gbp_price_99":["field_6515725d83bfe"],"_usdhk_price_4":["field_6515726f83bff"],"_usdhk_price_9":["field_6515727c83c00"],"_usdhk_price_24":["field_6515728083c01"],"_usdhk_price_49":["field_6515728983c02"],"_usdhk_price_99":["field_6515728e83c03"],"stock_options":["In stock"],"_stock_options":["field_6544b605dc7f9"],"_top_nav_excluded":[""],"_cms_nav_minihome":[""],"wcml_sync_hash":["a:1:{s:15:\"postmeta_fields\";s:32:\"ede9a1ae170a803a3496bd2990a9a904\";}"],"attr_label_translations":["a:0:{}"],"_product_attributes":["a:1:{s:16:\"pa_product-brand\";a:6:{s:4:\"name\";s:16:\"pa_product-brand\";s:5:\"value\";s:0:\"\";s:8:\"position\";i:0;s:10:\"is_visible\";i:1;s:12:\"is_variation\";i:0;s:11:\"is_taxonomy\";i:1;}}"],"_product_image_gallery":["29968"],"_thumbnail_id":["29967"],"_crosssell_ids":["a:0:{}"],"connectivity":[""],"_display_data_alarm":["field_667d647bcb066"],"_other_features":["field_668524f8c98a4"],"_shipping":["field_66852535c98a5"],"_refrigerant_cabinet":["field_66852557c98a6"],"_main_specifications":["field_66855b25b1245"],"_last_translation_edit_mode":["translation-editor"],"_calibration":["field_66a0ddd599972"],"_edit_lock":["1724255546:8383"],"classic-editor-remember":["classic-editor"],"rank_math_seo_score":["69"],"rank_math_contentai_score":["a:5:{s:8:\"keywords\";s:5:\"74.51\";s:9:\"wordCount\";s:1:\"0\";s:9:\"linkCount\";s:1:\"0\";s:12:\"headingCount\";s:1:\"0\";s:10:\"mediaCount\";s:1:\"0\";}"],"_edit_last":["8383"],"commercekit_gallery_layout":[""],"commercekit_disable_sticky_atc":["0"],"commercekit_wc_video_gallery":["a:0:{}"],"_rank_math_gtin_code":[""],"_wcml_average_rating":[null],"_wcml_review_count":[null],"_wcml_rating_count":[null],"_stock":[null],"_wc_average_rating":[0],"_wc_review_count":["0"],"_product_version":["9.1.4"],"usd_price_4":[""],"usd_price_9":[""],"usd_price_24":[""],"usd_price_49":[""],"usd_price_99":[""],"gbp_price_4":[""],"gbp_price_9":[""],"gbp_price_24":[""],"gbp_price_49":[""],"gbp_price_99":[""],"usdhk_price_4":[""],"usdhk_price_9":[""],"usdhk_price_24":[""],"usdhk_price_49":[""],"usdhk_price_99":[""],"display_data_alarm":[""],"calibration":[""],"accessories":[""],"faqs":[""],"calibration_suitable_ids_gb":[""],"calibration_suitable_ids_us":[""],"show_in_calibration_suitable":[""],"other_features":[""],"shipping":[""],"refrigerant_cabinet":[""],"main_specifications":[""],"shoptimizer_layout_pdp_short_description_position":["default"],"rank_math_analytic_object_id":["704"],"_wpml_media_duplicate":["1"],"_wpml_media_featured":["1"],"_regular_price":["10.50"],"_price":["10.50"],"_weight":["0.041"],"rank_math_primary_product_cat":["147"],"min_temp":[""],"max_temp":[""],"_min_temp":["field_67ea5eb4e0a77"],"_max_temp":["field_67ea5f81e0a79"],"_wpml_word_count":["269"],"hubwoo_ecomm_pro_id":["25377004680"],"rank_math_title":["Bo\u00eetier de protection : Pour une surveillance plus s\u00fbre %sep% %sitename%"],"rank_math_description":["Bo\u00eetier de protection LogTag pour garantir la s\u00e9curit\u00e9 dans des conditions difficiles. Bo\u00eetier \u00e9tanche \u00e0 la poussi\u00e8re et \u00e0 l'eau, conforme \u00e0 la norme IP67. \n"],"rank_math_focus_keyword":["Enceinte de protection"],"specifications_table":["<table class=\"specifications\">\n<tbody>\n<tr>\n<td class=\"left-td\">Mod\u00e8les LogTag\u00ae pris en charge<\/td>\n<td>TRID30-7x, TRIX-8\/16, SRIC-4, TRIL-8\/SRIL-8, tous les enregistreurs USB (sauf les mod\u00e8les d'humidit\u00e9)<\/td>\n<\/tr>\n<tr>\n<td class=\"left-td\">Plage de temp\u00e9rature de stockage<\/td>\n<td>De -40\u00b0C \u00e0 +85\u00b0C (de -40\u00b0F \u00e0 +185\u00b0F)<\/td>\n<\/tr>\n<tr>\n<td class=\"left-td\">Indice de protection<\/td>\n<td>IP67 (\u00e9quivalent \u00e0 NEMA6) pour des temp\u00e9ratures de 1\u00b0C \u00e0 +40\u00b0C (33\u00b0F \u00e0 +104\u00b0F)<\/td>\n<\/tr>\n<tr>\n<td class=\"left-td\">Mat\u00e9riau du bo\u00eetier<\/td>\n<td>Polycarbonate transparent<\/td>\n<\/tr>\n<tr>\n<td class=\"left-td\">Mat\u00e9riau du joint<\/td>\n<td>Caoutchouc de silicone<\/td>\n<\/tr>\n<tr>\n<td class=\"left-td\">R\u00e9sistance chimique<\/td>\n<td>En g\u00e9n\u00e9ral, le polycarbonate r\u00e9siste bien aux alcools et aux acides dilu\u00e9s.\nDes probl\u00e8mes peuvent survenir avec les hydrocarbures, les ph\u00e9nols, les esters, les c\u00e9tones et les alcalis, en particulier \u00e0 des temp\u00e9ratures \u00e9lev\u00e9es. <\/td>\n<\/tr>\n<tr>\n<td class=\"left-td\">Dimensions<\/td>\n<td>104 mm (L - sans l'ergot) x 76,5 mm (L - y compris les clips et la charni\u00e8re) x 13 mm (P)<\/td>\n<\/tr>\n<tr>\n<td class=\"left-td\">Poids<\/td>\n<td>41g<\/td>\n<\/tr>\n<tr>\n<td class=\"left-td\">Performance thermique du T90<\/td>\n<td>Avec TRIX-8 dans de l'air \u00e0 1 m\/s : T90 = 10 minutes\nAvec TRID30-7x dans de l'air \u00e0 1 m\/s : T90 = 17 minutes<\/td>\n<\/tr>\n<\/tbody>\n<\/table>"],"resources":["<a href=\"https:\/\/praxas.com\/wp-content\/uploads\/LogTag_Protective_Enclosure_Brochure.pdf\"><img src=\"https:\/\/praxas.com\/wp-content\/uploads\/document-icon.png\" alt=\"Ic\u00f4ne de document\">Brochure sur le bo\u00eetier de protection LogTag<\/a>\n\n<a href=\"https:\/\/praxas.com\/wp-content\/uploads\/LogTag_Protective_Enclosure_Instructions.pdf\"><img src=\"https:\/\/praxas.com\/wp-content\/uploads\/document-icon.png\" alt=\"Ic\u00f4ne de document\">Mode d'emploi du bo\u00eetier de protection LogTag<\/a>"],"_uag_page_assets":["a:9:{s:3:\"css\";s:0:\"\";s:2:\"js\";s:0:\"\";s:18:\"current_block_list\";a:0:{}s:8:\"uag_flag\";b:0;s:11:\"uag_version\";s:10:\"1777020109\";s:6:\"gfonts\";a:0:{}s:10:\"gfonts_url\";s:0:\"\";s:12:\"gfonts_files\";a:0:{}s:14:\"uag_faq_layout\";b:0;}"],"_max_variation_price":[""],"_max_variation_regular_price":[""],"_max_variation_sale_price":[""],"_min_variation_price":[""],"_min_variation_regular_price":[""],"_min_variation_sale_price":[""],"_sale_price":[""],"_wc_pb_base_regular_price":[""],"_wc_pb_base_sale_price":[""],"_wc_pb_base_price":[""],"_wc_sw_max_price":[""],"_wc_sw_max_regular_price":[""],"_wc_rating_count":[""]},"uagb_featured_image_src":{"full":["https:\/\/praxas.com\/wp-content\/uploads\/logtag-logtag-protective-enclosure-for-dataloggers-800px.jpg",800,463,false],"thumbnail":["https:\/\/praxas.com\/wp-content\/uploads\/logtag-logtag-protective-enclosure-for-dataloggers-800px-150x150.jpg",150,150,true],"medium":["https:\/\/praxas.com\/wp-content\/uploads\/logtag-logtag-protective-enclosure-for-dataloggers-800px-300x174.jpg",300,174,true],"medium_large":["https:\/\/praxas.com\/wp-content\/uploads\/logtag-logtag-protective-enclosure-for-dataloggers-800px-768x444.jpg",768,444,true],"large":["https:\/\/praxas.com\/wp-content\/uploads\/logtag-logtag-protective-enclosure-for-dataloggers-800px.jpg",800,463,false],"1536x1536":["https:\/\/praxas.com\/wp-content\/uploads\/logtag-logtag-protective-enclosure-for-dataloggers-800px.jpg",800,463,false],"2048x2048":["https:\/\/praxas.com\/wp-content\/uploads\/logtag-logtag-protective-enclosure-for-dataloggers-800px.jpg",800,463,false],"crunchify-admin-post-featured-image":["https:\/\/praxas.com\/wp-content\/uploads\/logtag-logtag-protective-enclosure-for-dataloggers-800px-120x69.jpg",120,69,true],"commercegurus-pdp-large":["https:\/\/praxas.com\/wp-content\/uploads\/logtag-logtag-protective-enclosure-for-dataloggers-800px.jpg",800,463,false],"commercegurus-plp-mobile":["https:\/\/praxas.com\/wp-content\/uploads\/logtag-logtag-protective-enclosure-for-dataloggers-800px-441x255.jpg",441,255,true],"cgkit_image_swatch":["https:\/\/praxas.com\/wp-content\/uploads\/logtag-logtag-protective-enclosure-for-dataloggers-800px-100x100.jpg",100,100,true],"woocommerce_thumbnail":["https:\/\/praxas.com\/wp-content\/uploads\/logtag-logtag-protective-enclosure-for-dataloggers-800px-350x203.jpg",350,203,true],"woocommerce_single":["https:\/\/praxas.com\/wp-content\/uploads\/logtag-logtag-protective-enclosure-for-dataloggers-800px.jpg",800,463,false],"woocommerce_gallery_thumbnail":["https:\/\/praxas.com\/wp-content\/uploads\/logtag-logtag-protective-enclosure-for-dataloggers-800px-150x87.jpg",150,87,true]},"uagb_author_info":{"display_name":"Beth Foord","author_link":"https:\/\/praxas.com\/fr\/author\/"},"uagb_comment_info":0,"uagb_excerpt":"Class\u00e9 IP67 \u00c9tanch\u00e9it\u00e9 \u00e0 la poussi\u00e8re et \u00e0 l'eau Polycarbonate \u00e0 haute r\u00e9sistance aux chocs Mat\u00e9riau d'\u00e9tanch\u00e9it\u00e9 en caoutchouc de silicone","_links":{"self":[{"href":"https:\/\/praxas.com\/fr\/wp-json\/wp\/v2\/product\/29966","targetHints":{"allow":["GET"]}}],"collection":[{"href":"https:\/\/praxas.com\/fr\/wp-json\/wp\/v2\/product"}],"about":[{"href":"https:\/\/praxas.com\/fr\/wp-json\/wp\/v2\/types\/product"}],"wp:featuredmedia":[{"embeddable":true,"href":"https:\/\/praxas.com\/fr\/wp-json\/wp\/v2\/media\/29967"}],"wp:attachment":[{"href":"https:\/\/praxas.com\/fr\/wp-json\/wp\/v2\/media?parent=29966"}],"wp:term":[{"taxonomy":"product_brand","embeddable":true,"href":"https:\/\/praxas.com\/fr\/wp-json\/wp\/v2\/product_brand?post=29966"},{"taxonomy":"product_cat","embeddable":true,"href":"https:\/\/praxas.com\/fr\/wp-json\/wp\/v2\/product_cat?post=29966"},{"taxonomy":"product_tag","embeddable":true,"href":"https:\/\/praxas.com\/fr\/wp-json\/wp\/v2\/product_tag?post=29966"}],"curies":[{"name":"wp","href":"https:\/\/api.w.org\/{rel}","templated":true}]}}