{"id":29978,"date":"2024-06-12T14:10:01","date_gmt":"2024-06-12T12:10:01","guid":{"rendered":"https:\/\/staging.praxas.com\/product\/non%20class\u00e9\/housse-de-palette-tlx-pmc\/"},"modified":"2025-10-08T18:11:33","modified_gmt":"2025-10-08T16:11:33","slug":"housse-de-palette-tlx-pmc","status":"publish","type":"product","link":"https:\/\/praxas.com\/fr\/product\/protection-de-la-cargaison\/housse-de-palette-tlx-pmc\/","title":{"rendered":"HOUSSE DE PALETTE TLX PMC"},"content":{"rendered":"<p>Une housse de palette, \u00e9galement appel\u00e9e housse r\u00e9tractable ou housse de fret, offre une protection suppl\u00e9mentaire \u00e0 votre envoi contre les fluctuations de temp\u00e9rature, la poussi\u00e8re, la lumi\u00e8re du soleil, la pluie, la condensation, le vol et la perte. Prot\u00e9gez correctement vos exp\u00e9ditions avec cette housse de palette Praxas.<\/p>\n<p>Les transports exposent souvent les cargaisons \u00e0 des fluctuations de temp\u00e9rature et \u00e0 la lumi\u00e8re du soleil, ce qui peut avoir un impact n\u00e9gatif sur les cargaisons. La housse de palette TLX PMC, fabriqu\u00e9e \u00e0 partir de mat\u00e9riaux sp\u00e9cialis\u00e9s enti\u00e8rement recyclables, offre une protection avanc\u00e9e \u00e0 un prix abordable.<\/p>\n<p>En faisant un investissement modeste, vous pouvez r\u00e9aliser des \u00e9conomies consid\u00e9rables lors du transport. De nombreuses exp\u00e9ditions palettis\u00e9es sont souvent rejet\u00e9es ou arrivent endommag\u00e9es, principalement en raison des fluctuations de temp\u00e9rature. La housse de palette Praxas TLX PMC est recyclable, respirante et imperm\u00e9able, facilitant la circulation \u00e9quilibr\u00e9e de l&rsquo;air et la gestion de l&rsquo;humidit\u00e9. Cette couverture de haute qualit\u00e9 prot\u00e8ge efficacement les marchandises des variations de temp\u00e9rature, minimisant ainsi les risques de dommages et de d\u00e9pr\u00e9ciation.<\/p>\n<p><strong>Les avantages de la housse de palette Praxas TLX PMC sont les suivants :<\/strong><\/p>\n<ul>\n<li>Pr\u00e9venir les fluctuations de temp\u00e9rature<\/li>\n<li>Protection contre les intemp\u00e9ries<\/li>\n<li>R\u00e9duction du risque de perte de marchandises<\/li>\n<li>Prot\u00e8ge contre la condensation<\/li>\n<li>Moins de risques de vol et de perte<\/li>\n<li>\u00c9conomiser de l&rsquo;argent<\/li>\n<\/ul>\n<p>&nbsp;<\/p>\n<p><em>Remise disponible pour les achats de 20 pi\u00e8ces ou plus. Voir les choix d\u00e9roulants pour plus de d\u00e9tails.<\/em><\/p>\n<p>&nbsp;<\/p>\n<p>En plus de cette housse de palette, nous avons \u00e9galement des housses de palette pour les palettes Euro, la <a href=\"https:\/\/praxas.com\/product\/protection\/cargo-covers\/pallet-cover-tlx2\/\">Praxas TLX2 (80&#215;120<\/a> ) et pour le Royaume-Uni, la <a href=\"https:\/\/praxas.com\/product\/protection\/cargo-covers\/pallet-cover-tlx2-2\/\">Praxas TLX2 (100&#215;120<\/a>).<\/p>\n<p><iframe loading=\"lazy\" title=\"Lecteur vid\u00e9o YouTube\" src=\"https:\/\/www.youtube.com\/embed\/ug9u07lZ0K8?si=9PllXdhZpW1tNf64\" width=\"560\" height=\"315\" frameborder=\"0\" allowfullscreen=\"allowfullscreen\"><\/iframe><\/p>\n","protected":false},"excerpt":{"rendered":"<ul>\n<li>244 x 322 x 150\/160<\/li>\n<li>Mat\u00e9riau recyclable<\/li>\n<li>Prot\u00e8ge contre les radiations<\/li>\n<li>Convient \u00e0 toutes les conditions m\u00e9t\u00e9orologiques<\/li>\n<li>Convivialit\u00e9<\/li>\n<li>Remise sur les commandes en gros disponible<\/li>\n<\/ul>\n","protected":false},"featured_media":29979,"template":"","meta":{"_acf_changed":false,"content-type":"","_uag_custom_page_level_css":""},"product_brand":[],"product_cat":[2533,1428],"product_tag":[],"class_list":{"0":"post-29978","1":"product","2":"type-product","3":"status-publish","4":"has-post-thumbnail","6":"product_cat-protection-de-la-cargaison","7":"product_cat-housses-de-protection","9":"first","10":"instock","11":"taxable","12":"shipping-taxable","13":"purchasable","14":"product-type-variable"},"bundled_by":[],"bundle_stock_status":"instock","bundle_stock_quantity":null,"bundle_virtual":false,"bundle_layout":"","bundle_add_to_cart_form_location":"","bundle_editable_in_cart":false,"bundle_sold_individually_context":"","bundle_item_grouping":"","bundle_min_size":"","bundle_max_size":"","bundle_price":[],"bundled_items":[],"bundle_sell_ids":[],"acf":[],"spectra_custom_meta":{"_product_attributes":["a:2:{s:16:\"pa_product-brand\";a:6:{s:4:\"name\";s:16:\"pa_product-brand\";s:5:\"value\";s:0:\"\";s:8:\"position\";i:0;s:10:\"is_visible\";i:1;s:12:\"is_variation\";i:0;s:11:\"is_taxonomy\";i:1;}s:16:\"pa_make-a-choice\";a:6:{s:4:\"name\";s:16:\"pa_make-a-choice\";s:5:\"value\";s:0:\"\";s:8:\"position\";i:1;s:10:\"is_visible\";i:1;s:12:\"is_variation\";i:1;s:11:\"is_taxonomy\";i:1;}}"],"attr_label_translations":["a:1:{s:2:\"fr\";a:1:{s:13:\"make-a-choice\";s:15:\"Faites un choix\";}}"],"_wcml_average_rating":[null],"_wcml_review_count":[null],"_wcml_rating_count":[null],"_backorders":["no"],"_download_limit":["-1"],"_download_expiry":["-1"],"_downloadable":["no"],"_manage_stock":["no"],"_stock_status":["instock"],"_sold_individually":["no"],"_tax_class":[""],"_tax_status":["taxable"],"_virtual":["no"],"total_sales":["1"],"product_datasheet":[""],"_product_datasheet":["field_650ad7d6ea3a0"],"connectivity":[""],"_connectivity":["field_64dce263bb57c"],"brand":["Praxas"],"_brand":["field_64ddf62ed2593"],"brand_image":[""],"_brand_image":["field_650c5e7c84cae"],"_specifications_table":["field_65044e1db92a8"],"_display_data_alarm":["field_667d647bcb066"],"_resources":["field_650849c6945ee"],"_accessories":["field_650849e6945f0"],"_faqs":["field_650859523d8d5"],"_calibration_suitable_ids_gb":["field_654b4c4acb54a"],"_calibration_suitable_ids_us":["field_654b4c56cb54b"],"_show_in_calibration_suitable":["field_654cfb691d345"],"_other_features":["field_668524f8c98a4"],"_shipping":["field_66852535c98a5"],"_refrigerant_cabinet":["field_66852557c98a6"],"_main_specifications":["field_66855b25b1245"],"_usd_price_4":["field_651570dcac479"],"_usd_price_9":["field_6515713eb4807"],"_usd_price_24":["field_65157141b4809"],"_usd_price_49":["field_65157140b4808"],"_usd_price_99":["field_6515715bb480a"],"_gbp_price_4":["field_6515716e83bfa"],"_gbp_price_9":["field_6515724783bfb"],"_gbp_price_24":["field_6515724b83bfc"],"_gbp_price_49":["field_6515725983bfd"],"_gbp_price_99":["field_6515725d83bfe"],"_usdhk_price_4":["field_6515726f83bff"],"_usdhk_price_9":["field_6515727c83c00"],"_usdhk_price_24":["field_6515728083c01"],"_usdhk_price_49":["field_6515728983c02"],"_usdhk_price_99":["field_6515728e83c03"],"stock_options":["In stock"],"_stock_options":["field_6544b605dc7f9"],"_top_nav_excluded":[""],"_cms_nav_minihome":[""],"wcml_sync_hash":["a:1:{s:15:\"postmeta_fields\";s:32:\"99d1c4d6be6cac4863986f7917dbb89c\";}"],"_product_image_gallery":[""],"_thumbnail_id":["29979"],"_crosssell_ids":["a:0:{}"],"_price":["640.5","2572.5","16065.00","32025.00"],"_calibration":["field_66a0ddd599972"],"_last_translation_edit_mode":["translation-editor"],"_sku":["TLX PMC"],"min_temp":[""],"max_temp":[""],"_min_temp":["field_67ea5eb4e0a77"],"_max_temp":["field_67ea5f81e0a79"],"_wpml_word_count":["344"],"rank_math_primary_product_cat":["2529"],"hubwoo_ecomm_invalid_pro":["yes"],"rank_math_description":["Prot\u00e9gez correctement un chargement sur une palette avec cette housse pour palettes multiples de Praxas. Une protection suppl\u00e9mentaire pour vos envois."],"rank_math_focus_keyword":["housse de palette"],"specifications_table":["<table class=\"specifications\">\n<tbody>\n<tr class=\"even-row\">\n<td class=\"left-td\">Longueur<\/td>\n<td>50 mm<\/td>\n<\/tr>\n<tr class=\"odd-row\">\n<td class=\"left-td\">Largeur<\/td>\n<td>50 mm<\/td>\n<\/tr>\n<tr class=\"even-row\">\n<td class=\"left-td\">Hauteur<\/td>\n<td>50 mm<\/td>\n<\/tr>\n<tr class=\"odd-row\">\n<td class=\"left-td\">Poids<\/td>\n<td>5000g<\/td>\n<\/tr>\n<tr class=\"even-row\">\n<td class=\"left-td\">Produit<\/td>\n<td>24650<\/td>\n<\/tr>\n<tr class=\"odd-row\">\n<td class=\"left-td\">Mat\u00e9riau<\/td>\n<td>Tissu recyclable<\/td>\n<\/tr>\n<\/tbody>\n<\/table>"],"_uag_page_assets":["a:9:{s:3:\"css\";s:0:\"\";s:2:\"js\";s:0:\"\";s:18:\"current_block_list\";a:0:{}s:8:\"uag_flag\";b:0;s:11:\"uag_version\";s:10:\"1775212209\";s:6:\"gfonts\";a:0:{}s:10:\"gfonts_url\";s:0:\"\";s:12:\"gfonts_files\";a:0:{}s:14:\"uag_faq_layout\";b:0;}"],"_max_variation_price":[""],"_max_variation_regular_price":[""],"_max_variation_sale_price":[""],"_min_variation_price":[""],"_min_variation_regular_price":[""],"_min_variation_sale_price":[""],"_regular_price":[""],"_sale_price":[""],"_wc_pb_base_regular_price":[""],"_wc_pb_base_sale_price":[""],"_wc_pb_base_price":[""],"_wc_sw_max_price":[""],"_wc_sw_max_regular_price":[""],"_wc_rating_count":[""],"_wc_review_count":[""],"_wc_average_rating":[0]},"uagb_featured_image_src":{"full":["https:\/\/praxas.com\/wp-content\/uploads\/praxas-tlx2-cargo-cover-praxas-pallet-cover-tlx-pm-800px.jpg",800,463,false],"thumbnail":["https:\/\/praxas.com\/wp-content\/uploads\/praxas-tlx2-cargo-cover-praxas-pallet-cover-tlx-pm-800px-150x150.jpg",150,150,true],"medium":["https:\/\/praxas.com\/wp-content\/uploads\/praxas-tlx2-cargo-cover-praxas-pallet-cover-tlx-pm-800px-300x174.jpg",300,174,true],"medium_large":["https:\/\/praxas.com\/wp-content\/uploads\/praxas-tlx2-cargo-cover-praxas-pallet-cover-tlx-pm-800px-768x444.jpg",768,444,true],"large":["https:\/\/praxas.com\/wp-content\/uploads\/praxas-tlx2-cargo-cover-praxas-pallet-cover-tlx-pm-800px.jpg",800,463,false],"1536x1536":["https:\/\/praxas.com\/wp-content\/uploads\/praxas-tlx2-cargo-cover-praxas-pallet-cover-tlx-pm-800px.jpg",800,463,false],"2048x2048":["https:\/\/praxas.com\/wp-content\/uploads\/praxas-tlx2-cargo-cover-praxas-pallet-cover-tlx-pm-800px.jpg",800,463,false],"crunchify-admin-post-featured-image":["https:\/\/praxas.com\/wp-content\/uploads\/praxas-tlx2-cargo-cover-praxas-pallet-cover-tlx-pm-800px-120x69.jpg",120,69,true],"commercegurus-pdp-large":["https:\/\/praxas.com\/wp-content\/uploads\/praxas-tlx2-cargo-cover-praxas-pallet-cover-tlx-pm-800px.jpg",800,463,false],"commercegurus-plp-mobile":["https:\/\/praxas.com\/wp-content\/uploads\/praxas-tlx2-cargo-cover-praxas-pallet-cover-tlx-pm-800px-441x255.jpg",441,255,true],"cgkit_image_swatch":["https:\/\/praxas.com\/wp-content\/uploads\/praxas-tlx2-cargo-cover-praxas-pallet-cover-tlx-pm-800px-100x100.jpg",100,100,true],"woocommerce_thumbnail":["https:\/\/praxas.com\/wp-content\/uploads\/praxas-tlx2-cargo-cover-praxas-pallet-cover-tlx-pm-800px-350x203.jpg",350,203,true],"woocommerce_single":["https:\/\/praxas.com\/wp-content\/uploads\/praxas-tlx2-cargo-cover-praxas-pallet-cover-tlx-pm-800px.jpg",800,463,false],"woocommerce_gallery_thumbnail":["https:\/\/praxas.com\/wp-content\/uploads\/praxas-tlx2-cargo-cover-praxas-pallet-cover-tlx-pm-800px-150x87.jpg",150,87,true]},"uagb_author_info":{"display_name":"Beth Foord","author_link":"https:\/\/praxas.com\/fr\/author\/"},"uagb_comment_info":0,"uagb_excerpt":"244 x 322 x 150\/160 Mat\u00e9riau recyclable Prot\u00e8ge contre les radiations Convient \u00e0 toutes les conditions m\u00e9t\u00e9orologiques Convivialit\u00e9 Remise sur les commandes en gros disponible","_links":{"self":[{"href":"https:\/\/praxas.com\/fr\/wp-json\/wp\/v2\/product\/29978","targetHints":{"allow":["GET"]}}],"collection":[{"href":"https:\/\/praxas.com\/fr\/wp-json\/wp\/v2\/product"}],"about":[{"href":"https:\/\/praxas.com\/fr\/wp-json\/wp\/v2\/types\/product"}],"wp:featuredmedia":[{"embeddable":true,"href":"https:\/\/praxas.com\/fr\/wp-json\/wp\/v2\/media\/29979"}],"wp:attachment":[{"href":"https:\/\/praxas.com\/fr\/wp-json\/wp\/v2\/media?parent=29978"}],"wp:term":[{"taxonomy":"product_brand","embeddable":true,"href":"https:\/\/praxas.com\/fr\/wp-json\/wp\/v2\/product_brand?post=29978"},{"taxonomy":"product_cat","embeddable":true,"href":"https:\/\/praxas.com\/fr\/wp-json\/wp\/v2\/product_cat?post=29978"},{"taxonomy":"product_tag","embeddable":true,"href":"https:\/\/praxas.com\/fr\/wp-json\/wp\/v2\/product_tag?post=29978"}],"curies":[{"name":"wp","href":"https:\/\/api.w.org\/{rel}","templated":true}]}}