{"id":29984,"date":"2024-06-12T13:59:29","date_gmt":"2024-06-12T11:59:29","guid":{"rendered":"https:\/\/staging.praxas.com\/product\/non%20class\u00e9\/housse-de-palette-tlx2-2\/"},"modified":"2025-10-09T10:08:25","modified_gmt":"2025-10-09T08:08:25","slug":"housse-de-palette-tlx2-2","status":"publish","type":"product","link":"https:\/\/praxas.com\/fr\/product\/protection-de-la-cargaison\/housse-de-palette-tlx2-2\/","title":{"rendered":"HOUSSE DE PALETTE TLX2"},"content":{"rendered":"<p>Prot\u00e9gez vos exp\u00e9ditions avec la housse de palette Praxas TLX2 (80&#215;120). Elle renforce la s\u00e9curit\u00e9 contre les changements de temp\u00e9rature, la poussi\u00e8re, la lumi\u00e8re du soleil, la pluie, la condensation, le vol et la perte. Cette housse enti\u00e8rement recyclable est respirante et imperm\u00e9able. Il r\u00e9gule les niveaux d&rsquo;humidit\u00e9 interne en permettant la transmission de l&rsquo;air et de la vapeur d&rsquo;eau afin d&rsquo;\u00e9viter la condensation et d&rsquo;assurer la respirabilit\u00e9. Le TLX2 constitue \u00e9galement un moyen de dissuasion efficace contre le vol et la falsification, ce qui le rend id\u00e9al pour prot\u00e9ger les denr\u00e9es p\u00e9rissables et les exp\u00e9ditions de produits pharmaceutiques.<\/p>\n<p>Cette housse est compatible avec les palettes Euro.<\/p>\n<p>Des housses pour les palettes britanniques sont \u00e9galement disponibles <a href=\"https:\/\/praxas.com\/product\/protection\/cargo-covers\/pallet-cover-tlx2-2\/\">ici<\/a>. En outre, des housses pour les tailles non standard sont disponibles <a href=\"https:\/\/praxas.com\/es\/product\/proteccion-de-la-carga\/cubierta-de-palet-tlx-pmc\/\">ici<\/a>.<\/p>\n<p><strong>Les avantages du Praxas TLX2 (80&#215;120) sont les suivants :<\/strong><\/p>\n<ul>\n<li>Pr\u00e9venir les fluctuations de temp\u00e9rature<\/li>\n<li>Protection contre les intemp\u00e9ries<\/li>\n<li>R\u00e9duire le risque de perte de marchandises<\/li>\n<li>Prot\u00e8ge contre la condensation<\/li>\n<li>Moins de risques de vol ou de perte<\/li>\n<\/ul>\n<p>&nbsp;<\/p>\n<p><em>Remise disponible pour les achats de 20 pi\u00e8ces ou plus. Voir les choix d\u00e9roulants pour plus de d\u00e9tails.<\/em><\/p>\n<p>&nbsp;<\/p>\n<p><iframe loading=\"lazy\" src=\"https:\/\/www.youtube.com\/embed\/I-FySLLLdqw\" width=\"560\" height=\"314\" allowfullscreen=\"allowfullscreen\" data-mce-fragment=\"1\"><\/iframe><\/p>\n","protected":false},"excerpt":{"rendered":"<ul>\n<li>Compatible avec les palettes de l&rsquo;UE<\/li>\n<li>80x 120 x 150\/160<\/li>\n<li>Pr\u00e9venir les fluctuations de temp\u00e9rature<\/li>\n<li>R\u00e9duction du risque de perte de marchandises<\/li>\n<li>Protection contre les intemp\u00e9ries<\/li>\n<li>Mat\u00e9riau recyclable<\/li>\n<li>Remise sur les commandes en gros disponible<\/li>\n<\/ul>\n","protected":false},"featured_media":29985,"template":"","meta":{"_acf_changed":false,"content-type":"","_uag_custom_page_level_css":""},"product_brand":[],"product_cat":[2533,1428],"product_tag":[],"class_list":{"0":"post-29984","1":"product","2":"type-product","3":"status-publish","4":"has-post-thumbnail","6":"product_cat-protection-de-la-cargaison","7":"product_cat-housses-de-protection","9":"first","10":"instock","11":"taxable","12":"shipping-taxable","13":"purchasable","14":"product-type-variable"},"bundled_by":[],"bundle_stock_status":"instock","bundle_stock_quantity":null,"bundle_virtual":false,"bundle_layout":"","bundle_add_to_cart_form_location":"","bundle_editable_in_cart":false,"bundle_sold_individually_context":"","bundle_item_grouping":"","bundle_min_size":"","bundle_max_size":"","bundle_price":[],"bundled_items":[],"bundle_sell_ids":[],"acf":[],"spectra_custom_meta":{"_product_attributes":["a:2:{s:16:\"pa_product-brand\";a:6:{s:4:\"name\";s:16:\"pa_product-brand\";s:5:\"value\";s:0:\"\";s:8:\"position\";i:0;s:10:\"is_visible\";i:1;s:12:\"is_variation\";i:0;s:11:\"is_taxonomy\";i:1;}s:16:\"pa_make-a-choice\";a:6:{s:4:\"name\";s:16:\"pa_make-a-choice\";s:5:\"value\";s:0:\"\";s:8:\"position\";i:1;s:10:\"is_visible\";i:1;s:12:\"is_variation\";i:1;s:11:\"is_taxonomy\";i:1;}}"],"attr_label_translations":["a:1:{s:2:\"fr\";a:1:{s:13:\"make-a-choice\";s:15:\"Faites un choix\";}}"],"_wcml_average_rating":[null],"_wcml_review_count":[null],"_wcml_rating_count":[null],"_backorders":["no"],"_download_limit":["-1"],"_download_expiry":["-1"],"_downloadable":["no"],"_manage_stock":["no"],"_stock_status":["instock"],"_sold_individually":["no"],"_tax_class":[""],"_tax_status":["taxable"],"_virtual":["no"],"_price":["196.35","782.25","4830.00","9765.00"],"product_datasheet":[""],"_product_datasheet":["field_650ad7d6ea3a0"],"connectivity":[""],"_connectivity":["field_64dce263bb57c"],"brand":["Praxas"],"_brand":["field_64ddf62ed2593"],"brand_image":[""],"_brand_image":["field_650c5e7c84cae"],"_specifications_table":["field_65044e1db92a8"],"_display_data_alarm":["field_667d647bcb066"],"_resources":["field_650849c6945ee"],"_accessories":["field_650849e6945f0"],"_faqs":["field_650859523d8d5"],"_calibration_suitable_ids_gb":["field_654b4c4acb54a"],"_calibration_suitable_ids_us":["field_654b4c56cb54b"],"_show_in_calibration_suitable":["field_654cfb691d345"],"_other_features":["field_668524f8c98a4"],"_shipping":["field_66852535c98a5"],"_refrigerant_cabinet":["field_66852557c98a6"],"_main_specifications":["field_66855b25b1245"],"_usd_price_4":["field_651570dcac479"],"_usd_price_9":["field_6515713eb4807"],"_usd_price_24":["field_65157141b4809"],"_usd_price_49":["field_65157140b4808"],"_usd_price_99":["field_6515715bb480a"],"_gbp_price_4":["field_6515716e83bfa"],"_gbp_price_9":["field_6515724783bfb"],"_gbp_price_24":["field_6515724b83bfc"],"_gbp_price_49":["field_6515725983bfd"],"_gbp_price_99":["field_6515725d83bfe"],"_usdhk_price_4":["field_6515726f83bff"],"_usdhk_price_9":["field_6515727c83c00"],"_usdhk_price_24":["field_6515728083c01"],"_usdhk_price_49":["field_6515728983c02"],"_usdhk_price_99":["field_6515728e83c03"],"stock_options":["In stock"],"_stock_options":["field_6544b605dc7f9"],"_top_nav_excluded":[""],"_cms_nav_minihome":[""],"wcml_sync_hash":["a:1:{s:15:\"postmeta_fields\";s:32:\"f1fc47912f4e04248d6de86618f0ee25\";}"],"_product_image_gallery":[""],"_thumbnail_id":["29985"],"_crosssell_ids":["a:0:{}"],"total_sales":["0"],"_calibration":["field_66a0ddd599972"],"_last_translation_edit_mode":["translation-editor"],"_sku":["TLX2"],"min_temp":[""],"max_temp":[""],"_min_temp":["field_67ea5eb4e0a77"],"_max_temp":["field_67ea5f81e0a79"],"_wpml_word_count":["251"],"rank_math_primary_product_cat":["2529"],"hubwoo_ecomm_invalid_pro":["yes"],"rank_math_description":["Prot\u00e9gez correctement une exp\u00e9dition sur une palette avec cette housse de palette de Praxas. Protection suppl\u00e9mentaire contre la temp\u00e9rature, la poussi\u00e8re, le soleil, la pluie et bien plus encore."],"rank_math_focus_keyword":["Couvercle de palette"],"specifications_table":["<table class=\"specifications\">\n<tbody>\n<tr class=\"even-row\">\n<td class=\"left-td\">Longueur<\/td>\n<td>50 mm<\/td>\n<\/tr>\n<tr class=\"odd-row\">\n<td class=\"left-td\">Largeur<\/td>\n<td>50 mm<\/td>\n<\/tr>\n<tr class=\"even-row\">\n<td class=\"left-td\">Hauteur<\/td>\n<td>50 mm<\/td>\n<\/tr>\n<tr class=\"odd-row\">\n<td class=\"left-td\">Poids<\/td>\n<td>20000g<\/td>\n<\/tr>\n<tr class=\"even-row\">\n<td class=\"left-td\">Code produit<\/td>\n<td>24402<\/td>\n<\/tr>\n<tr class=\"odd-row\">\n<td class=\"left-td\">Mat\u00e9riau<\/td>\n<td>Tissu recyclable<\/td>\n<\/tr>\n<\/tbody>\n<\/table>"],"resources":["<ul>\n \t<li><a href=\"https:\/\/praxas.com\/wp-content\/uploads\/tlx2-brochure-en-dubbelzijdig.pdf\"><img src=\"https:\/\/praxas.com\/wp-content\/uploads\/document-icon.png\" alt=\"Ic\u00f4ne de document\">Brochure Praxas TLX2<\/a><\/li>\n<\/ul>"],"_uag_page_assets":["a:9:{s:3:\"css\";s:0:\"\";s:2:\"js\";s:0:\"\";s:18:\"current_block_list\";a:0:{}s:8:\"uag_flag\";b:0;s:11:\"uag_version\";s:10:\"1775212209\";s:6:\"gfonts\";a:0:{}s:10:\"gfonts_url\";s:0:\"\";s:12:\"gfonts_files\";a:0:{}s:14:\"uag_faq_layout\";b:0;}"],"_max_variation_price":[""],"_max_variation_regular_price":[""],"_max_variation_sale_price":[""],"_min_variation_price":[""],"_min_variation_regular_price":[""],"_min_variation_sale_price":[""],"_regular_price":[""],"_sale_price":[""],"_wc_pb_base_regular_price":[""],"_wc_pb_base_sale_price":[""],"_wc_pb_base_price":[""],"_wc_sw_max_price":[""],"_wc_sw_max_regular_price":[""],"_wc_rating_count":[""],"_wc_review_count":[""],"_wc_average_rating":[0]},"uagb_featured_image_src":{"full":["https:\/\/praxas.com\/wp-content\/uploads\/praxas-tlx2-cargo-cover-praxas-pallet-cover-tlx2-8-800px.jpg",800,463,false],"thumbnail":["https:\/\/praxas.com\/wp-content\/uploads\/praxas-tlx2-cargo-cover-praxas-pallet-cover-tlx2-8-800px-150x150.jpg",150,150,true],"medium":["https:\/\/praxas.com\/wp-content\/uploads\/praxas-tlx2-cargo-cover-praxas-pallet-cover-tlx2-8-800px-300x174.jpg",300,174,true],"medium_large":["https:\/\/praxas.com\/wp-content\/uploads\/praxas-tlx2-cargo-cover-praxas-pallet-cover-tlx2-8-800px-768x444.jpg",768,444,true],"large":["https:\/\/praxas.com\/wp-content\/uploads\/praxas-tlx2-cargo-cover-praxas-pallet-cover-tlx2-8-800px.jpg",800,463,false],"1536x1536":["https:\/\/praxas.com\/wp-content\/uploads\/praxas-tlx2-cargo-cover-praxas-pallet-cover-tlx2-8-800px.jpg",800,463,false],"2048x2048":["https:\/\/praxas.com\/wp-content\/uploads\/praxas-tlx2-cargo-cover-praxas-pallet-cover-tlx2-8-800px.jpg",800,463,false],"crunchify-admin-post-featured-image":["https:\/\/praxas.com\/wp-content\/uploads\/praxas-tlx2-cargo-cover-praxas-pallet-cover-tlx2-8-800px-120x69.jpg",120,69,true],"commercegurus-pdp-large":["https:\/\/praxas.com\/wp-content\/uploads\/praxas-tlx2-cargo-cover-praxas-pallet-cover-tlx2-8-800px.jpg",800,463,false],"commercegurus-plp-mobile":["https:\/\/praxas.com\/wp-content\/uploads\/praxas-tlx2-cargo-cover-praxas-pallet-cover-tlx2-8-800px-441x255.jpg",441,255,true],"cgkit_image_swatch":["https:\/\/praxas.com\/wp-content\/uploads\/praxas-tlx2-cargo-cover-praxas-pallet-cover-tlx2-8-800px-100x100.jpg",100,100,true],"woocommerce_thumbnail":["https:\/\/praxas.com\/wp-content\/uploads\/praxas-tlx2-cargo-cover-praxas-pallet-cover-tlx2-8-800px-350x203.jpg",350,203,true],"woocommerce_single":["https:\/\/praxas.com\/wp-content\/uploads\/praxas-tlx2-cargo-cover-praxas-pallet-cover-tlx2-8-800px.jpg",800,463,false],"woocommerce_gallery_thumbnail":["https:\/\/praxas.com\/wp-content\/uploads\/praxas-tlx2-cargo-cover-praxas-pallet-cover-tlx2-8-800px-150x87.jpg",150,87,true]},"uagb_author_info":{"display_name":"Beth Foord","author_link":"https:\/\/praxas.com\/fr\/author\/"},"uagb_comment_info":0,"uagb_excerpt":"Compatible avec les palettes de l'UE 80x 120 x 150\/160 Pr\u00e9venir les fluctuations de temp\u00e9rature R\u00e9duction du risque de perte de marchandises Protection contre les intemp\u00e9ries Mat\u00e9riau recyclable Remise sur les commandes en gros disponible","_links":{"self":[{"href":"https:\/\/praxas.com\/fr\/wp-json\/wp\/v2\/product\/29984","targetHints":{"allow":["GET"]}}],"collection":[{"href":"https:\/\/praxas.com\/fr\/wp-json\/wp\/v2\/product"}],"about":[{"href":"https:\/\/praxas.com\/fr\/wp-json\/wp\/v2\/types\/product"}],"wp:featuredmedia":[{"embeddable":true,"href":"https:\/\/praxas.com\/fr\/wp-json\/wp\/v2\/media\/29985"}],"wp:attachment":[{"href":"https:\/\/praxas.com\/fr\/wp-json\/wp\/v2\/media?parent=29984"}],"wp:term":[{"taxonomy":"product_brand","embeddable":true,"href":"https:\/\/praxas.com\/fr\/wp-json\/wp\/v2\/product_brand?post=29984"},{"taxonomy":"product_cat","embeddable":true,"href":"https:\/\/praxas.com\/fr\/wp-json\/wp\/v2\/product_cat?post=29984"},{"taxonomy":"product_tag","embeddable":true,"href":"https:\/\/praxas.com\/fr\/wp-json\/wp\/v2\/product_tag?post=29984"}],"curies":[{"name":"wp","href":"https:\/\/api.w.org\/{rel}","templated":true}]}}