{"id":30012,"date":"2024-06-12T13:07:46","date_gmt":"2024-06-12T11:07:46","guid":{"rendered":"https:\/\/staging.praxas.com\/product\/non%20class\u00e9\/emballage-isolant-pour-conteneur\/"},"modified":"2026-02-23T12:04:18","modified_gmt":"2026-02-23T11:04:18","slug":"emballage-isolant-pour-conteneur","status":"publish","type":"product","link":"https:\/\/praxas.com\/fr\/product\/protection-de-la-cargaison\/emballage-isolant-pour-conteneur\/","title":{"rendered":"EMBALLAGE ISOLANT POUR CONTENEUR"},"content":{"rendered":"<p>Le Praxas Container Pack vous permet de vous assurer que vos marchandises arrivent \u00e0 destination sans \u00eatre endommag\u00e9es par l&rsquo;humidit\u00e9. Cette solution fiable combine l&rsquo;isolation des conteneurs pour cr\u00e9er un climat id\u00e9al pour les conteneurs d&rsquo;exp\u00e9dition, pr\u00e9venant ainsi efficacement les dommages pendant le transport maritime.<\/p>\n<p><strong>Un guide d&rsquo;utilisation du Pack Conteneur, et ce qu&rsquo;il comprend, est disponible dans l&rsquo;onglet Ressources.<\/strong><\/p>\n<p><strong> <\/strong><\/p>\n<p><strong>Les avantages du Praxas Container Pack sont les suivants :<\/strong><\/p>\n<ul>\n<li>Pr\u00e9venir les dommages dus \u00e0 l&rsquo;humidit\u00e9<\/li>\n<li>Pas d&rsquo;investissement en temps inutile<\/li>\n<li>Le point de ros\u00e9e n&rsquo;est pas atteint*<\/li>\n<li>Pas de frais de manutention<\/li>\n<\/ul>\n<p><strong>Qu&rsquo;est-ce que le <\/strong><strong>le Praxas Container Pack peut-il vous \u00eatre utile ?<\/strong><\/p>\n<ul>\n<li>Vous choisissez la protection la plus optimale pour vos marchandises contre les changements de temp\u00e9rature, l&rsquo;humidit\u00e9, la salet\u00e9 et les insectes.<\/li>\n<li>Vous \u00e9vitez les dommages et ne devez donc pas payer de frais inutiles<\/li>\n<li>Vous contribuez \u00e0 une activit\u00e9 plus durable en r\u00e9duisant les d\u00e9chets dans la cha\u00eene logistique.<\/li>\n<li>Vous gardez vos clients satisfaits, ce qui peut avoir un impact positif sur l&rsquo;avenir de votre entreprise.<\/li>\n<\/ul>\n<p>*Le transport de marchandises dans un environnement isol\u00e9 emp\u00eache les conteneurs d&rsquo;atteindre le point de ros\u00e9e, \u00e9vitant ainsi les dommages caus\u00e9s par l&rsquo;humidit\u00e9, tels que les emballages humides, la formation de paquets, les \u00e9tiquettes d\u00e9coll\u00e9es et les marchandises endommag\u00e9es. Le Praxas Container Pack veille \u00e0 ce que vos marchandises arrivent sans dommages dus \u00e0 l&rsquo;humidit\u00e9 en maintenant une temp\u00e9rature stable.<\/p>\n<p><iframe loading=\"lazy\" src=\"https:\/\/www.youtube.com\/embed\/xE8MYYNCx_w?si=LE_nOMvKhdgxtbef\" width=\"560\" height=\"314\" allowfullscreen=\"allowfullscreen\" data-mce-fragment=\"1\"><\/iframe><\/p>\n<p>Tutoriel vid\u00e9o d&rsquo;installation.<\/p>\n<p><iframe loading=\"lazy\" title=\"Lecteur vid\u00e9o YouTube\" src=\"https:\/\/www.youtube.com\/embed\/VEzfQb2x2n0?si=JmWdEyeivAUaZue-\" width=\"560\" height=\"315\" frameborder=\"0\" allowfullscreen=\"allowfullscreen\"><\/iframe><\/p>\n<p>Un guide pas \u00e0 pas pour l&rsquo;utilisation du Praxas Container Pack.<\/p>\n<p><strong><iframe loading=\"lazy\" src=\"https:\/\/www.youtube.com\/embed\/tWf86VSM9D4\" width=\"560\" height=\"314\" allowfullscreen=\"allowfullscreen\" data-mce-fragment=\"1\"><\/iframe><\/strong><\/p>\n","protected":false},"excerpt":{"rendered":"<ul>\n<li>Doublure de conteneur<\/li>\n<li>Degr\u00e9 d&rsquo;isolement maximal<\/li>\n<li>Convient aux conteneurs secs<\/li>\n<li>Prot\u00e8ge vos biens contre l&rsquo;humidit\u00e9, les odeurs et la salet\u00e9<\/li>\n<li>Installation rapide et facile<\/li>\n<li>Syst\u00e8me d&rsquo;assemblage rapide avec barres et aimants<\/li>\n<\/ul>\n<p>Les frais d&rsquo;exp\u00e9dition pour ce produit varient, veuillez demander un devis pour l&rsquo;achat.<\/p>\n","protected":false},"featured_media":30013,"template":"","meta":{"_acf_changed":false,"content-type":"","_uag_custom_page_level_css":""},"product_brand":[],"product_cat":[2533,1443],"product_tag":[],"class_list":{"0":"post-30012","1":"product","2":"type-product","3":"status-publish","4":"has-post-thumbnail","6":"product_cat-protection-de-la-cargaison","7":"product_cat-isolation-des-conteneurs","9":"first","10":"instock","11":"taxable","12":"shipping-taxable","13":"product-type-simple"},"bundled_by":[],"bundle_stock_status":"instock","bundle_stock_quantity":null,"bundle_virtual":false,"bundle_layout":"","bundle_add_to_cart_form_location":"","bundle_editable_in_cart":false,"bundle_sold_individually_context":"","bundle_item_grouping":"","bundle_min_size":"","bundle_max_size":"","bundle_price":[],"bundled_items":[],"bundle_sell_ids":[],"acf":[],"spectra_custom_meta":{"_product_attributes":["a:2:{s:16:\"pa_product-brand\";a:6:{s:4:\"name\";s:16:\"pa_product-brand\";s:5:\"value\";s:0:\"\";s:8:\"position\";i:0;s:10:\"is_visible\";i:1;s:12:\"is_variation\";i:0;s:11:\"is_taxonomy\";i:1;}s:16:\"pa_make-a-choice\";a:6:{s:4:\"name\";s:16:\"pa_make-a-choice\";s:5:\"value\";s:0:\"\";s:8:\"position\";i:1;s:10:\"is_visible\";i:1;s:12:\"is_variation\";i:1;s:11:\"is_taxonomy\";i:1;}}"],"attr_label_translations":["a:1:{s:2:\"fr\";a:1:{s:13:\"make-a-choice\";s:15:\"Faites un choix\";}}"],"_wcml_average_rating":[null],"_wcml_review_count":[null],"_wcml_rating_count":[null],"_backorders":["no"],"_download_limit":["-1"],"_download_expiry":["-1"],"_downloadable":["no"],"_manage_stock":["no"],"_sku":["CONTAINER INSULATION PACK"],"_stock_status":["instock"],"_sold_individually":["no"],"_tax_class":[""],"_tax_status":["taxable"],"_virtual":["no"],"total_sales":["29"],"product_datasheet":[""],"_product_datasheet":["field_650ad7d6ea3a0"],"connectivity":[""],"_connectivity":["field_64dce263bb57c"],"brand":["Praxas"],"_brand":["field_64ddf62ed2593"],"brand_image":[""],"_brand_image":["field_650c5e7c84cae"],"_specifications_table":["field_65044e1db92a8"],"_display_data_alarm":["field_667d647bcb066"],"_resources":["field_650849c6945ee"],"_accessories":["field_650849e6945f0"],"_faqs":["field_650859523d8d5"],"_calibration_suitable_ids_gb":["field_654b4c4acb54a"],"_calibration_suitable_ids_us":["field_654b4c56cb54b"],"_show_in_calibration_suitable":["field_654cfb691d345"],"_shipping":["field_66852535c98a5"],"_refrigerant_cabinet":["field_66852557c98a6"],"_main_specifications":["field_66855b25b1245"],"_usd_price_4":["field_651570dcac479"],"_usd_price_9":["field_6515713eb4807"],"_usd_price_24":["field_65157141b4809"],"_usd_price_49":["field_65157140b4808"],"_usd_price_99":["field_6515715bb480a"],"_gbp_price_4":["field_6515716e83bfa"],"_gbp_price_9":["field_6515724783bfb"],"_gbp_price_24":["field_6515724b83bfc"],"_gbp_price_49":["field_6515725983bfd"],"_gbp_price_99":["field_6515725d83bfe"],"_usdhk_price_4":["field_6515726f83bff"],"_usdhk_price_9":["field_6515727c83c00"],"_usdhk_price_24":["field_6515728083c01"],"_usdhk_price_49":["field_6515728983c02"],"_usdhk_price_99":["field_6515728e83c03"],"stock_options":["In stock"],"_stock_options":["field_6544b605dc7f9"],"_top_nav_excluded":[""],"_cms_nav_minihome":[""],"wcml_sync_hash":["a:1:{s:15:\"postmeta_fields\";s:32:\"7f3edbd7c8b375c5420b6c52527af634\";}"],"_product_image_gallery":["30014,30015,30016"],"_thumbnail_id":["30013"],"_crosssell_ids":["a:0:{}"],"_calibration":["field_66a0ddd599972"],"_last_translation_edit_mode":["translation-editor"],"min_temp":[""],"max_temp":[""],"_min_temp":["field_67ea5eb4e0a77"],"_max_temp":["field_67ea5f81e0a79"],"_wpml_word_count":["344"],"rank_math_primary_product_cat":["2529"],"hubwoo_ecomm_invalid_pro":["yes"],"_other_features":["field_686fa2aa98dce"],"_price":["","",""],"rank_math_title":["Pack d'isolation des conteneurs %sep% %sitename%"],"rank_math_description":["Isolation des conteneurs, adapt\u00e9e aux conteneurs secs. Prot\u00e8ge vos marchandises contre l'humidit\u00e9, les odeurs et la salet\u00e9. Installation rapide et facile."],"rank_math_focus_keyword":["Isolation des conteneurs"],"specifications_table":["<table class=\"specifications\">\n<tbody>\n<tr class=\"even-row\">\n<td class=\"left-td\">Longueur<\/td>\n<td>47 mm<\/td>\n<\/tr>\n<tr class=\"odd-row\">\n<td class=\"left-td\">Largeur<\/td>\n<td>118 mm<\/td>\n<\/tr>\n<tr class=\"even-row\">\n<td class=\"left-td\">Hauteur<\/td>\n<td>18mm<\/td>\n<\/tr>\n<tr class=\"odd-row\">\n<td class=\"left-td\">Poids<\/td>\n<td>25000g<\/td>\n<\/tr>\n<tr class=\"even-row\">\n<td class=\"left-td\">Code produit<\/td>\n<td>28000A<\/td>\n<\/tr>\n<tr class=\"odd-row\">\n<td class=\"left-td\">Quantit\u00e9 par palette<\/td>\n<td>30<\/td>\n<\/tr>\n<tr class=\"even-row\">\n<td class=\"left-td\">Hauteur de la doublure mm<\/td>\n<td>20' & 40':2450<\/td>\n<\/tr>\n<tr class=\"odd-row\">\n<td class=\"left-td\">Largeur de la doublure mm<\/td>\n<td>2450<\/td>\n<\/tr>\n<tr class=\"even-row\">\n<td class=\"left-td\">Longueur Doublure mm<\/td>\n<td>20':6100, 40'& 40'HC:12150<\/td>\n<\/tr>\n<\/tbody>\n<\/table>"],"resources":["<a href=\"https:\/\/downloads.praxas.com\/EasyLog+CC+Installer.exe\"><img src=\"https:\/\/praxas.com\/wp-content\/uploads\/document-icon.png\" alt=\"Ic\u00f4ne de document\"><\/a><a href=\"https:\/\/praxas.com\/wp-content\/uploads\/container-pack-manual__2022.pdf\">Guide de l'emballage des conteneurs<\/a>\n\n<a href=\"https:\/\/downloads.praxas.com\/EasyLog+CC+Installer.exe\"><img src=\"https:\/\/praxas.com\/wp-content\/uploads\/document-icon.png\" alt=\"Ic\u00f4ne de document\">T\u00e9l\u00e9chargement du logiciel PCP<\/a>"],"_uag_page_assets":["a:9:{s:3:\"css\";s:0:\"\";s:2:\"js\";s:0:\"\";s:18:\"current_block_list\";a:0:{}s:8:\"uag_flag\";b:0;s:11:\"uag_version\";s:10:\"1775212209\";s:6:\"gfonts\";a:0:{}s:10:\"gfonts_url\";s:0:\"\";s:12:\"gfonts_files\";a:0:{}s:14:\"uag_faq_layout\";b:0;}"],"_max_variation_price":[""],"_max_variation_regular_price":[""],"_max_variation_sale_price":[""],"_min_variation_price":[""],"_min_variation_regular_price":[""],"_min_variation_sale_price":[""],"_regular_price":[""],"_sale_price":[""],"_wc_pb_base_regular_price":[""],"_wc_pb_base_sale_price":[""],"_wc_pb_base_price":[""],"_wc_sw_max_price":[""],"_wc_sw_max_regular_price":[""],"_wc_rating_count":[""],"_wc_review_count":[""],"_wc_average_rating":[0]},"uagb_featured_image_src":{"full":["https:\/\/praxas.com\/wp-content\/uploads\/container-liners-praxas-container-liner-plus-insul-800px.jpg",800,463,false],"thumbnail":["https:\/\/praxas.com\/wp-content\/uploads\/container-liners-praxas-container-liner-plus-insul-800px-150x150.jpg",150,150,true],"medium":["https:\/\/praxas.com\/wp-content\/uploads\/container-liners-praxas-container-liner-plus-insul-800px-300x174.jpg",300,174,true],"medium_large":["https:\/\/praxas.com\/wp-content\/uploads\/container-liners-praxas-container-liner-plus-insul-800px-768x444.jpg",768,444,true],"large":["https:\/\/praxas.com\/wp-content\/uploads\/container-liners-praxas-container-liner-plus-insul-800px.jpg",800,463,false],"1536x1536":["https:\/\/praxas.com\/wp-content\/uploads\/container-liners-praxas-container-liner-plus-insul-800px.jpg",800,463,false],"2048x2048":["https:\/\/praxas.com\/wp-content\/uploads\/container-liners-praxas-container-liner-plus-insul-800px.jpg",800,463,false],"crunchify-admin-post-featured-image":["https:\/\/praxas.com\/wp-content\/uploads\/container-liners-praxas-container-liner-plus-insul-800px-120x69.jpg",120,69,true],"commercegurus-pdp-large":["https:\/\/praxas.com\/wp-content\/uploads\/container-liners-praxas-container-liner-plus-insul-800px.jpg",800,463,false],"commercegurus-plp-mobile":["https:\/\/praxas.com\/wp-content\/uploads\/container-liners-praxas-container-liner-plus-insul-800px-441x255.jpg",441,255,true],"cgkit_image_swatch":["https:\/\/praxas.com\/wp-content\/uploads\/container-liners-praxas-container-liner-plus-insul-800px-100x100.jpg",100,100,true],"woocommerce_thumbnail":["https:\/\/praxas.com\/wp-content\/uploads\/container-liners-praxas-container-liner-plus-insul-800px-350x203.jpg",350,203,true],"woocommerce_single":["https:\/\/praxas.com\/wp-content\/uploads\/container-liners-praxas-container-liner-plus-insul-800px.jpg",800,463,false],"woocommerce_gallery_thumbnail":["https:\/\/praxas.com\/wp-content\/uploads\/container-liners-praxas-container-liner-plus-insul-800px-150x87.jpg",150,87,true]},"uagb_author_info":{"display_name":"Beth Foord","author_link":"https:\/\/praxas.com\/fr\/author\/"},"uagb_comment_info":0,"uagb_excerpt":"Doublure de conteneur Degr\u00e9 d'isolement maximal Convient aux conteneurs secs Prot\u00e8ge vos biens contre l'humidit\u00e9, les odeurs et la salet\u00e9 Installation rapide et facile Syst\u00e8me d'assemblage rapide avec barres et aimants Les frais d'exp\u00e9dition pour ce produit varient, veuillez demander un devis pour l'achat.","_links":{"self":[{"href":"https:\/\/praxas.com\/fr\/wp-json\/wp\/v2\/product\/30012","targetHints":{"allow":["GET"]}}],"collection":[{"href":"https:\/\/praxas.com\/fr\/wp-json\/wp\/v2\/product"}],"about":[{"href":"https:\/\/praxas.com\/fr\/wp-json\/wp\/v2\/types\/product"}],"wp:featuredmedia":[{"embeddable":true,"href":"https:\/\/praxas.com\/fr\/wp-json\/wp\/v2\/media\/30013"}],"wp:attachment":[{"href":"https:\/\/praxas.com\/fr\/wp-json\/wp\/v2\/media?parent=30012"}],"wp:term":[{"taxonomy":"product_brand","embeddable":true,"href":"https:\/\/praxas.com\/fr\/wp-json\/wp\/v2\/product_brand?post=30012"},{"taxonomy":"product_cat","embeddable":true,"href":"https:\/\/praxas.com\/fr\/wp-json\/wp\/v2\/product_cat?post=30012"},{"taxonomy":"product_tag","embeddable":true,"href":"https:\/\/praxas.com\/fr\/wp-json\/wp\/v2\/product_tag?post=30012"}],"curies":[{"name":"wp","href":"https:\/\/api.w.org\/{rel}","templated":true}]}}