{"id":30032,"date":"2024-06-12T12:00:28","date_gmt":"2024-06-12T10:00:28","guid":{"rendered":"https:\/\/staging.praxas.com\/product\/non%20class\u00e9\/revetement-de-conteneur-avec-plancher\/"},"modified":"2025-10-08T18:11:52","modified_gmt":"2025-10-08T16:11:52","slug":"revetement-de-conteneur-avec-plancher","status":"publish","type":"product","link":"https:\/\/praxas.com\/fr\/product\/protection-de-la-cargaison\/revetement-de-conteneur-avec-plancher\/","title":{"rendered":"REV\u00caTEMENT DE CONTENEUR AVEC PLANCHER"},"content":{"rendered":"<p>Le Praxas Container Liner &#8211; With Floor, \u00e9galement connu sous le nom de container bag, transforme un conteneur standard en une solution de transport s\u00fbre et efficace. Cet emballage sp\u00e9cialis\u00e9 offre une protection compl\u00e8te sur les six c\u00f4t\u00e9s. Il est id\u00e9al pour le transport de produits sensibles \u00e0 la temp\u00e9rature tels que le chocolat, le vin, les semences, les cosm\u00e9tiques et les produits chimiques, dans un environnement stable et s\u00fbr. Ce rev\u00eatement convient \u00e9galement aux produits industriels et organiques.<\/p>\n<p>L&rsquo;installation du rev\u00eatement \u00e0 l&rsquo;int\u00e9rieur de votre conteneur cr\u00e9era une barri\u00e8re de protection suppl\u00e9mentaire contre la contamination, les fluctuations de temp\u00e9rature, l&rsquo;humidit\u00e9, le rayonnement thermique et la circulation d&rsquo;air chaud. La doublure est \u00e9galement enti\u00e8rement scellable \u00e0 l&rsquo;aide d&rsquo;une bande Velcro. Cette configuration permet d&rsquo;\u00e9viter les dommages dus \u00e0 l&rsquo;humidit\u00e9 pendant le transport, ce qui r\u00e9duit la probabilit\u00e9 de rejet des chargements de conteneurs, minimise les co\u00fbts de manutention et garantit la satisfaction des clients tout en r\u00e9duisant les efforts de nettoyage des conteneurs. L&rsquo;installation facile gr\u00e2ce aux instructions fournies garantit une mise en place rapide, favorisant une logistique efficace et prot\u00e9geant vos marchandises de mani\u00e8re effective.<\/p>\n<p>Optimisez d\u00e8s aujourd&rsquo;hui vos op\u00e9rations de transport en utilisant un rev\u00eatement de conteneur pour une protection accrue et une logistique rationalis\u00e9e.<\/p>\n<p><strong>Les avantages de la doublure de conteneur Praxas avec plancher sont les suivants :<\/strong><\/p>\n<ul>\n<li>Isolation maximale<\/li>\n<li>Protection contre l&rsquo;humidit\u00e9, les odeurs et la salet\u00e9<\/li>\n<li>Convient aux conteneurs secs<\/li>\n<li>Productivit\u00e9 \u00e9lev\u00e9e<\/li>\n<li>Instillation rapide et facile<\/li>\n<\/ul>\n<p><iframe loading=\"lazy\" src=\"https:\/\/www.youtube.com\/embed\/tWf86VSM9D4\" width=\"560\" height=\"314\" allowfullscreen=\"allowfullscreen\" data-mce-fragment=\"1\"><\/iframe><\/p>\n<p>Si vous souhaitez \u00e9viter tout dommage \u00e0 vos marchandises, vous pouvez \u00e9galement opter pour le <a href=\"https:\/\/praxas.com\/product\/protection\/container-insulation\/container-liner-plus-insulation-container\/\">Praxas Container Pack<\/a>, une combinaison d&rsquo;isolation de conteneurs, de <a href=\"https:\/\/praxas.com\/fr\/categorie-produit\/protection-de-la-cargaison\/traitement-de-lair\/deshydratants\/\">d\u00e9shydratants<\/a> et d&rsquo;<a href=\"https:\/\/praxas.com\/fr\/categorie-produit\/data-loggers-fr\/\">enregistreurs de donn\u00e9es<\/a>.<\/p>\n<p><iframe loading=\"lazy\" src=\"https:\/\/www.youtube.com\/embed\/xE8MYYNCx_w?si=LE_nOMvKhdgxtbef\" width=\"560\" height=\"314\" allowfullscreen=\"allowfullscreen\" data-mce-fragment=\"1\"><\/iframe><\/p>\n<p>Tutoriel vid\u00e9o d&rsquo;installation.<\/p>\n","protected":false},"excerpt":{"rendered":"<ul>\n<li>Liner\/ sac conteneur avec plancher<\/li>\n<li>Isolation maximale<\/li>\n<li>Prot\u00e8ge contre l&rsquo;humidit\u00e9<\/li>\n<li>Assemblage et installation rapides<\/li>\n<li>Convient aux conteneurs secs<\/li>\n<\/ul>\n","protected":false},"featured_media":30033,"template":"","meta":{"_acf_changed":false,"content-type":"","_uag_custom_page_level_css":""},"product_brand":[],"product_cat":[2533,1443],"product_tag":[],"class_list":{"0":"post-30032","1":"product","2":"type-product","3":"status-publish","4":"has-post-thumbnail","6":"product_cat-protection-de-la-cargaison","7":"product_cat-isolation-des-conteneurs","9":"first","10":"instock","11":"taxable","12":"shipping-taxable","13":"purchasable","14":"product-type-variable"},"bundled_by":[],"bundle_stock_status":"instock","bundle_stock_quantity":null,"bundle_virtual":false,"bundle_layout":"","bundle_add_to_cart_form_location":"","bundle_editable_in_cart":false,"bundle_sold_individually_context":"","bundle_item_grouping":"","bundle_min_size":"","bundle_max_size":"","bundle_price":[],"bundled_items":[],"bundle_sell_ids":[],"acf":[],"spectra_custom_meta":{"_product_attributes":["a:2:{s:16:\"pa_product-brand\";a:6:{s:4:\"name\";s:16:\"pa_product-brand\";s:5:\"value\";s:0:\"\";s:8:\"position\";i:0;s:10:\"is_visible\";i:1;s:12:\"is_variation\";i:0;s:11:\"is_taxonomy\";i:1;}s:16:\"pa_make-a-choice\";a:6:{s:4:\"name\";s:16:\"pa_make-a-choice\";s:5:\"value\";s:0:\"\";s:8:\"position\";i:1;s:10:\"is_visible\";i:1;s:12:\"is_variation\";i:1;s:11:\"is_taxonomy\";i:1;}}"],"attr_label_translations":["a:1:{s:2:\"fr\";a:1:{s:13:\"make-a-choice\";s:15:\"Faites un choix\";}}"],"_backorders":["no"],"_download_limit":["-1"],"_download_expiry":["-1"],"_downloadable":["no"],"_manage_stock":["no"],"_stock_status":["instock"],"_sold_individually":["no"],"_tax_class":[""],"_tax_status":["taxable"],"_virtual":["no"],"total_sales":["1"],"_price":["346.66","541.22","498.7"],"product_datasheet":[""],"_product_datasheet":["field_650ad7d6ea3a0"],"connectivity":[""],"_connectivity":["field_64dce263bb57c"],"brand":["Praxas"],"_brand":["field_64ddf62ed2593"],"brand_image":[""],"_brand_image":["field_650c5e7c84cae"],"_specifications_table":["field_65044e1db92a8"],"_display_data_alarm":["field_667d647bcb066"],"_resources":["field_650849c6945ee"],"_accessories":["field_650849e6945f0"],"_faqs":["field_650859523d8d5"],"_calibration_suitable_ids_gb":["field_654b4c4acb54a"],"_calibration_suitable_ids_us":["field_654b4c56cb54b"],"_show_in_calibration_suitable":["field_654cfb691d345"],"_other_features":["field_668524f8c98a4"],"_shipping":["field_66852535c98a5"],"_refrigerant_cabinet":["field_66852557c98a6"],"_main_specifications":["field_66855b25b1245"],"_usd_price_4":["field_651570dcac479"],"_usd_price_9":["field_6515713eb4807"],"_usd_price_24":["field_65157141b4809"],"_usd_price_49":["field_65157140b4808"],"_usd_price_99":["field_6515715bb480a"],"_gbp_price_4":["field_6515716e83bfa"],"_gbp_price_9":["field_6515724783bfb"],"_gbp_price_24":["field_6515724b83bfc"],"_gbp_price_49":["field_6515725983bfd"],"_gbp_price_99":["field_6515725d83bfe"],"_usdhk_price_4":["field_6515726f83bff"],"_usdhk_price_9":["field_6515727c83c00"],"_usdhk_price_24":["field_6515728083c01"],"_usdhk_price_49":["field_6515728983c02"],"_usdhk_price_99":["field_6515728e83c03"],"stock_options":["In stock"],"_stock_options":["field_6544b605dc7f9"],"_top_nav_excluded":[""],"_cms_nav_minihome":[""],"wcml_sync_hash":["a:1:{s:15:\"postmeta_fields\";s:32:\"ce22cd7ca1fbef049632eafacfeba667\";}"],"_product_image_gallery":["30034,30035"],"_thumbnail_id":["30033"],"_crosssell_ids":["a:0:{}"],"_edit_lock":["1721833459:8383"],"classic-editor-remember":["classic-editor"],"rank_math_schema_WooCommerceProduct":["a:2:{s:5:\"@type\";s:18:\"WooCommerceProduct\";s:8:\"metadata\";a:3:{s:5:\"title\";s:19:\"WooCommerce Product\";s:4:\"type\";s:8:\"template\";s:9:\"isPrimary\";b:1;}}"],"rank_math_schema_VideoObject":["a:12:{s:5:\"@type\";s:11:\"VideoObject\";s:8:\"metadata\";a:8:{s:5:\"title\";s:5:\"Video\";s:4:\"type\";s:8:\"template\";s:9:\"shortcode\";s:15:\"s-66a115ff41fb7\";s:9:\"isPrimary\";b:1;s:23:\"reviewLocationShortcode\";s:24:\"[rank_math_rich_snippet]\";s:8:\"category\";s:12:\"%categories%\";s:4:\"tags\";s:6:\"%tags%\";s:15:\"isAutoGenerated\";b:1;}s:4:\"name\";s:35:\"Praxas Container Pack: How it works\";s:11:\"description\";s:160:\"The Praxas Container Pack creates the ideal climate to see containers to prevent damage to goods during sea transport.The Praxas Container Pack consists of a...\";s:10:\"uploadDate\";s:25:\"2019-03-28T06:13:52-07:00\";s:12:\"thumbnailUrl\";s:16:\"%post_thumbnail%\";s:8:\"embedUrl\";s:41:\"https:\/\/www.youtube.com\/embed\/tWf86VSM9D4\";s:10:\"contentUrl\";s:0:\"\";s:8:\"duration\";s:7:\"PT2M17S\";s:5:\"width\";s:4:\"1280\";s:6:\"height\";s:3:\"720\";s:16:\"isFamilyFriendly\";b:1;}","a:12:{s:5:\"@type\";s:11:\"VideoObject\";s:8:\"metadata\";a:8:{s:5:\"title\";s:5:\"Video\";s:4:\"type\";s:8:\"template\";s:9:\"shortcode\";s:15:\"s-66a115ff41fbc\";s:9:\"isPrimary\";b:1;s:23:\"reviewLocationShortcode\";s:24:\"[rank_math_rich_snippet]\";s:8:\"category\";s:12:\"%categories%\";s:4:\"tags\";s:6:\"%tags%\";s:15:\"isAutoGenerated\";b:1;}s:4:\"name\";s:49:\"Praxas Container Liner without floor Instructions\";s:11:\"description\";s:63:\"Installation video of the Praxas container liner without floor.\";s:10:\"uploadDate\";s:25:\"2023-04-06T02:41:02-07:00\";s:12:\"thumbnailUrl\";s:16:\"%post_thumbnail%\";s:8:\"embedUrl\";s:41:\"https:\/\/www.youtube.com\/embed\/xE8MYYNCx_w\";s:10:\"contentUrl\";s:0:\"\";s:8:\"duration\";s:7:\"PT3M46S\";s:5:\"width\";s:4:\"1280\";s:6:\"height\";s:3:\"720\";s:16:\"isFamilyFriendly\";b:1;}"],"rank_math_seo_score":["76"],"_edit_last":["8383"],"commercekit_gallery_layout":[""],"commercekit_disable_sticky_atc":["0"],"commercekit_wc_video_gallery":["a:0:{}"],"_rank_math_gtin_code":[""],"_wcml_average_rating":[null],"_wcml_review_count":[null],"_wcml_rating_count":[null],"_stock":[null],"_wc_average_rating":[0],"_wc_review_count":["0"],"_product_version":["9.1.2"],"usd_price_4":[""],"usd_price_9":[""],"usd_price_24":[""],"usd_price_49":[""],"usd_price_99":[""],"gbp_price_4":[""],"gbp_price_9":[""],"gbp_price_24":[""],"gbp_price_49":[""],"gbp_price_99":[""],"usdhk_price_4":[""],"usdhk_price_9":[""],"usdhk_price_24":[""],"usdhk_price_49":[""],"usdhk_price_99":[""],"display_data_alarm":[""],"resources":[""],"calibration":[""],"accessories":[""],"faqs":[""],"calibration_suitable_ids_gb":[""],"calibration_suitable_ids_us":[""],"show_in_calibration_suitable":[""],"other_features":[""],"shipping":[""],"refrigerant_cabinet":[""],"main_specifications":[""],"shoptimizer_layout_pdp_short_description_position":["default"],"_wpml_media_duplicate":["1"],"_wpml_media_featured":["1"],"_last_translation_edit_mode":["translation-editor"],"_calibration":["field_66a0ddd599972"],"min_temp":[""],"max_temp":[""],"_min_temp":["field_67ea5eb4e0a77"],"_max_temp":["field_67ea5f81e0a79"],"_wpml_word_count":["371"],"rank_math_primary_product_cat":["2529"],"hubwoo_ecomm_invalid_pro":["yes"],"rank_math_description":["Achetez le Praxas 130 Container Liner with Floor pour une protection optimale de vos marchandises pendant le transport. Ce rev\u00eatement offre une isolation maximale, prot\u00e8ge contre l'humidit\u00e9, les odeurs et la salet\u00e9, et est facile \u00e0 installer."],"rank_math_focus_keyword":["Rev\u00eatement de conteneur"],"specifications_table":["<table class=\"specifications\">\n<tbody>\n<tr class=\"even-row\">\n<td class=\"left-td\">Longueur<\/td>\n<td>50 mm<\/td>\n<\/tr>\n<tr class=\"odd-row\">\n<td class=\"left-td\">Largeur<\/td>\n<td>112 mm<\/td>\n<\/tr>\n<tr class=\"even-row\">\n<td class=\"left-td\">Hauteur<\/td>\n<td>10 mm<\/td>\n<\/tr>\n<tr class=\"odd-row\">\n<td class=\"left-td\">Poids<\/td>\n<td>25000g<\/td>\n<\/tr>\n<tr class=\"even-row\">\n<td class=\"left-td\">Code produit<\/td>\n<td>27006<\/td>\n<\/tr>\n<tr class=\"odd-row\">\n<td class=\"left-td\">Quantit\u00e9 par palette<\/td>\n<td>30<\/td>\n<\/tr>\n<tr class=\"even-row\">\n<td class=\"left-td\">Hauteur de la doublure mm<\/td>\n<td>2450<\/td>\n<\/tr>\n<tr class=\"odd-row\">\n<td class=\"left-td\">Largeur de la doublure mm<\/td>\n<td>2450<\/td>\n<\/tr>\n<tr class=\"even-row\">\n<td class=\"left-td\">Longueur de la doublure mm<\/td>\n<td>6100<\/td>\n<\/tr>\n<\/tbody>\n<\/table>"],"_uag_page_assets":["a:9:{s:3:\"css\";s:0:\"\";s:2:\"js\";s:0:\"\";s:18:\"current_block_list\";a:0:{}s:8:\"uag_flag\";b:0;s:11:\"uag_version\";s:10:\"1775212209\";s:6:\"gfonts\";a:0:{}s:10:\"gfonts_url\";s:0:\"\";s:12:\"gfonts_files\";a:0:{}s:14:\"uag_faq_layout\";b:0;}"],"_max_variation_price":[""],"_max_variation_regular_price":[""],"_max_variation_sale_price":[""],"_min_variation_price":[""],"_min_variation_regular_price":[""],"_min_variation_sale_price":[""],"_regular_price":[""],"_sale_price":[""],"_wc_pb_base_regular_price":[""],"_wc_pb_base_sale_price":[""],"_wc_pb_base_price":[""],"_wc_sw_max_price":[""],"_wc_sw_max_regular_price":[""],"_wc_rating_count":[""]},"uagb_featured_image_src":{"full":["https:\/\/praxas.com\/wp-content\/uploads\/container-liners-praxas-container-liner-container-800px.jpg",800,463,false],"thumbnail":["https:\/\/praxas.com\/wp-content\/uploads\/container-liners-praxas-container-liner-container-800px-150x150.jpg",150,150,true],"medium":["https:\/\/praxas.com\/wp-content\/uploads\/container-liners-praxas-container-liner-container-800px-300x174.jpg",300,174,true],"medium_large":["https:\/\/praxas.com\/wp-content\/uploads\/container-liners-praxas-container-liner-container-800px-768x444.jpg",768,444,true],"large":["https:\/\/praxas.com\/wp-content\/uploads\/container-liners-praxas-container-liner-container-800px.jpg",800,463,false],"1536x1536":["https:\/\/praxas.com\/wp-content\/uploads\/container-liners-praxas-container-liner-container-800px.jpg",800,463,false],"2048x2048":["https:\/\/praxas.com\/wp-content\/uploads\/container-liners-praxas-container-liner-container-800px.jpg",800,463,false],"crunchify-admin-post-featured-image":["https:\/\/praxas.com\/wp-content\/uploads\/container-liners-praxas-container-liner-container-800px-120x69.jpg",120,69,true],"commercegurus-pdp-large":["https:\/\/praxas.com\/wp-content\/uploads\/container-liners-praxas-container-liner-container-800px.jpg",800,463,false],"commercegurus-plp-mobile":["https:\/\/praxas.com\/wp-content\/uploads\/container-liners-praxas-container-liner-container-800px-441x255.jpg",441,255,true],"cgkit_image_swatch":["https:\/\/praxas.com\/wp-content\/uploads\/container-liners-praxas-container-liner-container-800px-100x100.jpg",100,100,true],"woocommerce_thumbnail":["https:\/\/praxas.com\/wp-content\/uploads\/container-liners-praxas-container-liner-container-800px-350x203.jpg",350,203,true],"woocommerce_single":["https:\/\/praxas.com\/wp-content\/uploads\/container-liners-praxas-container-liner-container-800px.jpg",800,463,false],"woocommerce_gallery_thumbnail":["https:\/\/praxas.com\/wp-content\/uploads\/container-liners-praxas-container-liner-container-800px-150x87.jpg",150,87,true]},"uagb_author_info":{"display_name":"Beth Foord","author_link":"https:\/\/praxas.com\/fr\/author\/"},"uagb_comment_info":0,"uagb_excerpt":"Liner\/ sac conteneur avec plancher Isolation maximale Prot\u00e8ge contre l'humidit\u00e9 Assemblage et installation rapides Convient aux conteneurs secs","_links":{"self":[{"href":"https:\/\/praxas.com\/fr\/wp-json\/wp\/v2\/product\/30032","targetHints":{"allow":["GET"]}}],"collection":[{"href":"https:\/\/praxas.com\/fr\/wp-json\/wp\/v2\/product"}],"about":[{"href":"https:\/\/praxas.com\/fr\/wp-json\/wp\/v2\/types\/product"}],"wp:featuredmedia":[{"embeddable":true,"href":"https:\/\/praxas.com\/fr\/wp-json\/wp\/v2\/media\/30033"}],"wp:attachment":[{"href":"https:\/\/praxas.com\/fr\/wp-json\/wp\/v2\/media?parent=30032"}],"wp:term":[{"taxonomy":"product_brand","embeddable":true,"href":"https:\/\/praxas.com\/fr\/wp-json\/wp\/v2\/product_brand?post=30032"},{"taxonomy":"product_cat","embeddable":true,"href":"https:\/\/praxas.com\/fr\/wp-json\/wp\/v2\/product_cat?post=30032"},{"taxonomy":"product_tag","embeddable":true,"href":"https:\/\/praxas.com\/fr\/wp-json\/wp\/v2\/product_tag?post=30032"}],"curies":[{"name":"wp","href":"https:\/\/api.w.org\/{rel}","templated":true}]}}