{"id":30039,"date":"2024-06-12T11:38:17","date_gmt":"2024-06-12T09:38:17","guid":{"rendered":"https:\/\/staging.praxas.com\/product\/non%20class\u00e9\/support-dinterface-sans-fil-lti-wm-wifi\/"},"modified":"2025-10-09T10:01:48","modified_gmt":"2025-10-09T08:01:48","slug":"support-dinterface-sans-fil-lti-wm-wifi","status":"publish","type":"product","link":"https:\/\/praxas.com\/fr\/product\/data-loggers-fr\/temperature-et-humidite\/support-dinterface-sans-fil-lti-wm-wifi\/","title":{"rendered":"Support d&rsquo;interface sans fil LTI-WM-WIFI"},"content":{"rendered":"<p>Le support d&rsquo;interface sans fil LogTag connecte votre enregistreur de donn\u00e9es au Wi-Fi, ce qui permet de t\u00e9l\u00e9charger les donn\u00e9es en temps r\u00e9el et de les transmettre via le cloud.<\/p>\n<p>Le dispositif LTI-WM-WIFI \u00e9limine le besoin d&rsquo;un ordinateur pour acc\u00e9der aux donn\u00e9es. LogTag Online, une solution s\u00e9curis\u00e9e en nuage, g\u00e8re et partage les donn\u00e9es de temp\u00e9rature avec des fonctions telles que les alarmes en temps r\u00e9el, la surveillance de l&#8217;emplacement, les journaux de temp\u00e9rature et le d\u00e9pannage. Accessible \u00e0 partir de n&rsquo;importe quel appareil connect\u00e9 \u00e0 Internet, aucun logiciel suppl\u00e9mentaire n&rsquo;est n\u00e9cessaire.<\/p>\n<p>Si le r\u00e9seau Wi-Fi est temporairement indisponible, les donn\u00e9es t\u00e9l\u00e9charg\u00e9es sont stock\u00e9es dans la m\u00e9moire tampon du LTI-WM-WIFI.<\/p>\n<p><strong>Les avantages du support d&rsquo;interface sans fil LogTag sont les suivants :<\/strong><\/p>\n<ul>\n<li>Connectivit\u00e9 dans le nuage<\/li>\n<li>Compatibilit\u00e9*<\/li>\n<li>S\u00e9curit\u00e9 des donn\u00e9es gr\u00e2ce au cryptage<\/li>\n<li>Directement consultable par les utilisateurs autoris\u00e9s<\/li>\n<li>Gestion pratique des donn\u00e9es<\/li>\n<li>Acc\u00e8s flexible aux donn\u00e9es<\/li>\n<\/ul>\n<p>*Cet appareil accepte les enregistreurs de donn\u00e9es TREX\/TREL\/TRED<\/p>\n","protected":false},"excerpt":{"rendered":"<ul>\n<li>Support d&rsquo;interface sans fil<\/li>\n<li>Accepte les enregistreurs de donn\u00e9es TREX\/TREL\/TRED.<\/li>\n<li>Installation facile<\/li>\n<li>Les donn\u00e9es sont enti\u00e8rement crypt\u00e9es<\/li>\n<\/ul>\n","protected":false},"featured_media":30040,"template":"","meta":{"_acf_changed":false,"content-type":"","_uag_custom_page_level_css":""},"product_brand":[],"product_cat":[1226],"product_tag":[2516],"class_list":{"0":"post-30039","1":"product","2":"type-product","3":"status-publish","4":"has-post-thumbnail","6":"product_cat-temperature-et-humidite","7":"product_tag-logtag-fr","9":"first","10":"instock","11":"taxable","12":"shipping-taxable","13":"purchasable","14":"product-type-simple"},"bundled_by":[],"bundle_stock_status":"instock","bundle_stock_quantity":null,"bundle_virtual":false,"bundle_layout":"","bundle_add_to_cart_form_location":"","bundle_editable_in_cart":false,"bundle_sold_individually_context":"","bundle_item_grouping":"","bundle_min_size":"","bundle_max_size":"","bundle_price":[],"bundled_items":[],"bundle_sell_ids":[],"acf":[],"spectra_custom_meta":{"_backorders":["no"],"_download_limit":["-1"],"_download_expiry":["-1"],"_downloadable":["no"],"_manage_stock":["no"],"_sku":["LTI-WM-WIFI"],"_stock_status":["instock"],"_sold_individually":["no"],"_tax_class":[""],"_tax_status":["taxable"],"_virtual":["no"],"_width":["0"],"_height":["0"],"_length":["0"],"total_sales":["0"],"product_datasheet":[""],"_product_datasheet":["field_650ad7d6ea3a0"],"_connectivity":["field_64dce263bb57c"],"brand":["LogTag"],"_brand":["field_64ddf62ed2593"],"brand_image":[""],"_brand_image":["field_650c5e7c84cae"],"_specifications_table":["field_65044e1db92a8"],"_resources":["field_650849c6945ee"],"_accessories":["field_650849e6945f0"],"_faqs":["field_650859523d8d5"],"_calibration_suitable_ids_gb":["field_654b4c4acb54a"],"_calibration_suitable_ids_us":["field_654b4c56cb54b"],"_show_in_calibration_suitable":["field_654cfb691d345"],"_usd_price_4":["field_651570dcac479"],"_usd_price_9":["field_6515713eb4807"],"_usd_price_24":["field_65157141b4809"],"_usd_price_49":["field_65157140b4808"],"_usd_price_99":["field_6515715bb480a"],"_gbp_price_4":["field_6515716e83bfa"],"_gbp_price_9":["field_6515724783bfb"],"_gbp_price_24":["field_6515724b83bfc"],"_gbp_price_49":["field_6515725983bfd"],"_gbp_price_99":["field_6515725d83bfe"],"_usdhk_price_4":["field_6515726f83bff"],"_usdhk_price_9":["field_6515727c83c00"],"_usdhk_price_24":["field_6515728083c01"],"_usdhk_price_49":["field_6515728983c02"],"_usdhk_price_99":["field_6515728e83c03"],"stock_options":["In stock"],"_stock_options":["field_6544b605dc7f9"],"_top_nav_excluded":[""],"_cms_nav_minihome":[""],"wcml_sync_hash":["a:1:{s:15:\"postmeta_fields\";s:32:\"8c4b3df5f254af4c00326347f627dcd8\";}"],"attr_label_translations":["a:0:{}"],"_product_attributes":["a:1:{s:16:\"pa_product-brand\";a:6:{s:4:\"name\";s:16:\"pa_product-brand\";s:5:\"value\";s:0:\"\";s:8:\"position\";i:0;s:10:\"is_visible\";i:1;s:12:\"is_variation\";i:0;s:11:\"is_taxonomy\";i:1;}}"],"_product_image_gallery":[""],"_thumbnail_id":["30040"],"_crosssell_ids":["a:0:{}"],"connectivity":["WiFi"],"_display_data_alarm":["field_667d647bcb066"],"_other_features":["field_668524f8c98a4"],"_shipping":["field_66852535c98a5"],"_refrigerant_cabinet":["field_66852557c98a6"],"_main_specifications":["field_66855b25b1245"],"_last_translation_edit_mode":["translation-editor"],"_calibration":["field_66a0ddd599972"],"_edit_lock":["1724255166:8383"],"classic-editor-remember":["classic-editor"],"rank_math_seo_score":["87"],"rank_math_contentai_score":["a:5:{s:8:\"keywords\";s:5:\"74.51\";s:9:\"wordCount\";s:1:\"0\";s:9:\"linkCount\";s:1:\"0\";s:12:\"headingCount\";s:1:\"0\";s:10:\"mediaCount\";s:1:\"0\";}"],"_edit_last":["8383"],"commercekit_gallery_layout":[""],"commercekit_disable_sticky_atc":["0"],"commercekit_wc_video_gallery":["a:0:{}"],"_rank_math_gtin_code":[""],"_wcml_average_rating":[null],"_wcml_review_count":[null],"_wcml_rating_count":[null],"_stock":[null],"_wc_average_rating":[0],"_wc_review_count":["0"],"_product_version":["9.1.4"],"usd_price_4":[""],"usd_price_9":[""],"usd_price_24":[""],"usd_price_49":[""],"usd_price_99":[""],"gbp_price_4":[""],"gbp_price_9":[""],"gbp_price_24":[""],"gbp_price_49":[""],"gbp_price_99":[""],"usdhk_price_4":[""],"usdhk_price_9":[""],"usdhk_price_24":[""],"usdhk_price_49":[""],"usdhk_price_99":[""],"display_data_alarm":[""],"calibration":[""],"accessories":[""],"faqs":[""],"calibration_suitable_ids_gb":[""],"calibration_suitable_ids_us":[""],"show_in_calibration_suitable":[""],"other_features":[""],"shipping":[""],"refrigerant_cabinet":[""],"main_specifications":[""],"shoptimizer_layout_pdp_short_description_position":["default"],"rank_math_analytic_object_id":["694"],"_wpml_media_duplicate":["1"],"_wpml_media_featured":["1"],"_regular_price":["147.00"],"_price":["147.00"],"min_temp":[""],"max_temp":[""],"_min_temp":["field_67ea5eb4e0a77"],"_max_temp":["field_67ea5f81e0a79"],"_wpml_word_count":["223"],"_weight":["0.1"],"rank_math_primary_product_cat":["97"],"_global_unique_id":["850040258202"],"hubwoo_ecomm_pro_id":["25319931943"],"rank_math_title":["%title% %sep% %sitename%"],"rank_math_description":["Support d'interface sans fil Accepte les enregistreurs de donn\u00e9es TREX\/TREL\/TRED. Installation facile Les donn\u00e9es sont enti\u00e8rement crypt\u00e9es. Pour en savoir plus.  "],"rank_math_focus_keyword":["support d'interface sans fil"],"specifications_table":["<table class=\"specifications\">\n<tbody>\n<tr>\n<td class=\"left-td\">Plage de temp\u00e9rature de stockage<\/td>\n<td>De -40\u00b0C \u00e0 +70\u00b0C<\/td>\n<\/tr>\n<tr>\n<td class=\"left-td\">Norme USB<\/td>\n<td>2.0<\/td>\n<\/tr>\n<tr>\n<td class=\"left-td\">M\u00e9moire tampon de l'enregistreur<\/td>\n<td>Jusqu'\u00e0 45 t\u00e9l\u00e9chargements d'enregistreurs peuvent \u00eatre mis en m\u00e9moire tampon.<\/td>\n<\/tr>\n<tr>\n<td class=\"left-td\">WiFi<\/td>\n<td>2.4GHz 802.11 b\/g\/n, antenne interne haute sensibilit\u00e9<\/td>\n<\/tr>\n<tr>\n<td class=\"left-td\">S\u00e9curit\u00e9 du r\u00e9seau<\/td>\n<td>WPA\/WPA2-PSK<\/td>\n<\/tr>\n<tr>\n<td class=\"left-td\">Environnement<\/td>\n<td>IP50 (pour une utilisation \u00e0 l'int\u00e9rieur uniquement)<\/td>\n<\/tr>\n<tr>\n<td class=\"left-td\">Source d'alimentation<\/td>\n<td>5V (ordinateur ou chargeur mural USB)<\/td>\n<\/tr>\n<tr>\n<td class=\"left-td\">Taille<\/td>\n<td>70mm(H) x 114mm(L) x 38mm(P)<\/td>\n<\/tr>\n<tr>\n<td class=\"left-td\">Poids<\/td>\n<td>100g<\/td>\n<\/tr>\n<tr>\n<td class=\"left-td\">Mat\u00e9riau du bo\u00eetier<\/td>\n<td>ABS<\/td>\n<\/tr>\n<tr>\n<td class=\"left-td\">Connexion<\/td>\n<td>USB Micro<\/td>\n<\/tr>\n<tr>\n<td class=\"left-td\">Port\u00e9e (ligne de vis\u00e9e claire)<\/td>\n<td>40m<\/td>\n<\/tr>\n<tr>\n<td class=\"left-td\">Accessoires standard<\/td>\n<td>C\u00e2ble USB de 2,0 m, chargeur mural USB<\/td>\n<\/tr>\n<\/tbody>\n<\/table>"],"resources":["<a href=\"https:\/\/praxas.com\/wp-content\/uploads\/LogTag_LTI-WM-WiFi_Brochure.pdf\"><img src=\"https:\/\/praxas.com\/wp-content\/uploads\/document-icon.png\" alt=\"Ic\u00f4ne de document\">Brochure LogTag LTI-WM-WiFi<\/a>\n\n<a href=\"https:\/\/praxas.com\/wp-content\/uploads\/LogTag_HAXO-8_Brochure.pdf\">\n  <img src=\"https:\/\/praxas.com\/wp-content\/uploads\/document-icon.png\" alt=\"Ic\u00f4ne de document\">\n<\/a><a href=\"https:\/\/praxas.com\/wp-content\/uploads\/Quick-Start-Guide-LTI-WM-WiFi.pdf\">Guide de d\u00e9marrage rapide du LogTag LTI-WM-WiFi<\/a>\n\n<a href=\"https:\/\/praxas.com\/wp-content\/uploads\/LogTag_HAXO-8_Brochure.pdf\">\n  <img src=\"https:\/\/praxas.com\/wp-content\/uploads\/document-icon.png\" alt=\"Ic\u00f4ne de document\">\n<\/a><a href=\"https:\/\/praxas.com\/wp-content\/uploads\/LogTag_LTI-WM-WiFi_User_Guide.pdf\">Guide d'utilisation du LogTag LTI-WM-WiFi<\/a>\n\n<a href=\"https:\/\/praxas.com\/wp-content\/uploads\/LogTag_HAXO-8_Brochure.pdf\">\n  <img src=\"https:\/\/praxas.com\/wp-content\/uploads\/document-icon.png\" alt=\"Ic\u00f4ne de document\">\n<\/a><a href=\"https:\/\/praxas.com\/wp-content\/uploads\/LogTag_WiFi_Connection_Guide-1.pdf\">Guide de connexion du LogTag LTI-WM-WiFi<\/a>"],"_uag_page_assets":["a:9:{s:3:\"css\";s:0:\"\";s:2:\"js\";s:0:\"\";s:18:\"current_block_list\";a:0:{}s:8:\"uag_flag\";b:0;s:11:\"uag_version\";s:10:\"1775212209\";s:6:\"gfonts\";a:0:{}s:10:\"gfonts_url\";s:0:\"\";s:12:\"gfonts_files\";a:0:{}s:14:\"uag_faq_layout\";b:0;}"],"_max_variation_price":[""],"_max_variation_regular_price":[""],"_max_variation_sale_price":[""],"_min_variation_price":[""],"_min_variation_regular_price":[""],"_min_variation_sale_price":[""],"_sale_price":[""],"_wc_pb_base_regular_price":[""],"_wc_pb_base_sale_price":[""],"_wc_pb_base_price":[""],"_wc_sw_max_price":[""],"_wc_sw_max_regular_price":[""],"_wc_rating_count":[""]},"uagb_featured_image_src":{"full":["https:\/\/praxas.com\/wp-content\/uploads\/logtag-logtag-wireless-interface-holder-lti-wm-wif-800px.jpg",800,463,false],"thumbnail":["https:\/\/praxas.com\/wp-content\/uploads\/logtag-logtag-wireless-interface-holder-lti-wm-wif-800px-150x150.jpg",150,150,true],"medium":["https:\/\/praxas.com\/wp-content\/uploads\/logtag-logtag-wireless-interface-holder-lti-wm-wif-800px-300x174.jpg",300,174,true],"medium_large":["https:\/\/praxas.com\/wp-content\/uploads\/logtag-logtag-wireless-interface-holder-lti-wm-wif-800px-768x444.jpg",768,444,true],"large":["https:\/\/praxas.com\/wp-content\/uploads\/logtag-logtag-wireless-interface-holder-lti-wm-wif-800px.jpg",800,463,false],"1536x1536":["https:\/\/praxas.com\/wp-content\/uploads\/logtag-logtag-wireless-interface-holder-lti-wm-wif-800px.jpg",800,463,false],"2048x2048":["https:\/\/praxas.com\/wp-content\/uploads\/logtag-logtag-wireless-interface-holder-lti-wm-wif-800px.jpg",800,463,false],"crunchify-admin-post-featured-image":["https:\/\/praxas.com\/wp-content\/uploads\/logtag-logtag-wireless-interface-holder-lti-wm-wif-800px-120x69.jpg",120,69,true],"commercegurus-pdp-large":["https:\/\/praxas.com\/wp-content\/uploads\/logtag-logtag-wireless-interface-holder-lti-wm-wif-800px.jpg",800,463,false],"commercegurus-plp-mobile":["https:\/\/praxas.com\/wp-content\/uploads\/logtag-logtag-wireless-interface-holder-lti-wm-wif-800px-441x255.jpg",441,255,true],"cgkit_image_swatch":["https:\/\/praxas.com\/wp-content\/uploads\/logtag-logtag-wireless-interface-holder-lti-wm-wif-800px-100x100.jpg",100,100,true],"woocommerce_thumbnail":["https:\/\/praxas.com\/wp-content\/uploads\/logtag-logtag-wireless-interface-holder-lti-wm-wif-800px-350x203.jpg",350,203,true],"woocommerce_single":["https:\/\/praxas.com\/wp-content\/uploads\/logtag-logtag-wireless-interface-holder-lti-wm-wif-800px.jpg",800,463,false],"woocommerce_gallery_thumbnail":["https:\/\/praxas.com\/wp-content\/uploads\/logtag-logtag-wireless-interface-holder-lti-wm-wif-800px-150x87.jpg",150,87,true]},"uagb_author_info":{"display_name":"Beth Foord","author_link":"https:\/\/praxas.com\/fr\/author\/"},"uagb_comment_info":0,"uagb_excerpt":"Support d'interface sans fil Accepte les enregistreurs de donn\u00e9es TREX\/TREL\/TRED. Installation facile Les donn\u00e9es sont enti\u00e8rement crypt\u00e9es","_links":{"self":[{"href":"https:\/\/praxas.com\/fr\/wp-json\/wp\/v2\/product\/30039","targetHints":{"allow":["GET"]}}],"collection":[{"href":"https:\/\/praxas.com\/fr\/wp-json\/wp\/v2\/product"}],"about":[{"href":"https:\/\/praxas.com\/fr\/wp-json\/wp\/v2\/types\/product"}],"wp:featuredmedia":[{"embeddable":true,"href":"https:\/\/praxas.com\/fr\/wp-json\/wp\/v2\/media\/30040"}],"wp:attachment":[{"href":"https:\/\/praxas.com\/fr\/wp-json\/wp\/v2\/media?parent=30039"}],"wp:term":[{"taxonomy":"product_brand","embeddable":true,"href":"https:\/\/praxas.com\/fr\/wp-json\/wp\/v2\/product_brand?post=30039"},{"taxonomy":"product_cat","embeddable":true,"href":"https:\/\/praxas.com\/fr\/wp-json\/wp\/v2\/product_cat?post=30039"},{"taxonomy":"product_tag","embeddable":true,"href":"https:\/\/praxas.com\/fr\/wp-json\/wp\/v2\/product_tag?post=30039"}],"curies":[{"name":"wp","href":"https:\/\/api.w.org\/{rel}","templated":true}]}}