{"id":30041,"date":"2024-06-12T11:18:02","date_gmt":"2024-06-12T09:18:02","guid":{"rendered":"https:\/\/staging.praxas.com\/product\/non%20class\u00e9\/uhado-16-enregistreur-de-temperature-et-dhumidite\/"},"modified":"2025-10-08T18:13:45","modified_gmt":"2025-10-08T16:13:45","slug":"uhado-16-enregistreur-de-temperature-et-dhumidite","status":"publish","type":"product","link":"https:\/\/praxas.com\/fr\/product\/data-loggers-fr\/temperature-et-humidite\/uhado-16-enregistreur-de-temperature-et-dhumidite\/","title":{"rendered":"Enregistreur de temp\u00e9rature et d&rsquo;humidit\u00e9 UHADO-16"},"content":{"rendered":"<p>L&rsquo;enregistreur de temp\u00e9rature et d&rsquo;humidit\u00e9 LogTag UHADO-16 surveille la temp\u00e9rature et l&rsquo;humidit\u00e9 pendant le transport et le stockage. Il peut enregistrer jusqu&rsquo;\u00e0 16 000 mesures de temp\u00e9rature et d&rsquo;humidit\u00e9.<\/p>\n<p>Avec une plage d&rsquo;humidit\u00e9 de 0 % \u00e0 100 % et une plage de temp\u00e9rature de -30 \u00b0C \u00e0 +70 \u00b0C, vous pouvez surveiller de pr\u00e8s les conditions de chargement afin d&rsquo;\u00e9viter tout dommage ou d\u00e9t\u00e9rioration pendant le transport. L&rsquo;enregistreur de donn\u00e9es est dot\u00e9 d&rsquo;un \u00e9cran LCD et peut \u00eatre connect\u00e9 directement \u00e0 un ordinateur.<\/p>\n<p><strong>Avantages du LogTag UHADO-16 :<\/strong><\/p>\n<ul>\n<li>16 000 points de mesure<\/li>\n<li>Enregistrement et affichage simultan\u00e9s de la temp\u00e9rature et de l&rsquo;humidit\u00e9 \u00e0 l&rsquo;\u00e9cran<\/li>\n<li>Alarme r\u00e9glable et indicateurs LED<\/li>\n<li>Plage de temp\u00e9rature de -30 ~ +70 \u00b0C<\/li>\n<li>G\u00e9n\u00e8re des rapports PDF automatiques sans logiciel sp\u00e9cial<\/li>\n<li>Pas de mesures manuelles<\/li>\n<\/ul>\n<p><strong>Temp\u00e9rature et humidit\u00e9<\/strong><\/p>\n<p>L&rsquo;enregistreur de temp\u00e9rature et d&rsquo;humidit\u00e9 LogTag UHADO-16 surveille la temp\u00e9rature et l&rsquo;humidit\u00e9 pendant le transport, sur de courtes ou de longues distances, ainsi que pendant le stockage. La qualit\u00e9 des produits, tels que les aliments, d\u00e9pend fortement de la temp\u00e9rature et de l&rsquo;humidit\u00e9 ambiantes. En pla\u00e7ant le LogTag UHADO-16 dans votre cargaison, vous \u00eates inform\u00e9 de ces conditions, ce qui garantit la qualit\u00e9 et la s\u00e9curit\u00e9 du produit.<\/p>\n<p><strong>Acc\u00e8s facile aux donn\u00e9es<\/strong><\/p>\n<p>L&rsquo;enregistreur de temp\u00e9rature et d&rsquo;humidit\u00e9 LogTag UHADO-16 simplifie la gestion des donn\u00e9es sans n\u00e9cessiter de logiciel sp\u00e9cifique. Connectez l&rsquo;enregistreur de donn\u00e9es \u00e0 votre PC \u00e0 l&rsquo;aide d&rsquo;un c\u00e2ble micro-USB standard pour g\u00e9n\u00e9rer automatiquement des rapports PDF.<\/p>\n<p>Cet enregistreur de donn\u00e9es est compatible avec les berceaux d&rsquo;interface LogTag LTI-USB, LTI-HID et LTI-WiFi, ce qui permet un traitement direct des donn\u00e9es avec les programmes LogTag Analyser et LogTag Online.<\/p>\n<p>Remarque : une interface est n\u00e9cessaire pour la configuration et l&rsquo;\u00e9tablissement de rapports.<\/p>\n<p><strong> <\/strong><\/p>\n<p>L&rsquo;utilisation de l&rsquo;enregistreur de temp\u00e9rature et d&rsquo;humidit\u00e9 LogTag UHADO-16 permet de contr\u00f4ler en continu la temp\u00e9rature du chargement afin de pr\u00e9venir les dommages li\u00e9s au transport.<\/p>\n","protected":false},"excerpt":{"rendered":"<ul>\n<li>Enregistreur de temp\u00e9rature et d&rsquo;humidit\u00e9<\/li>\n<li>0 \u00e0 100% HR &amp; -30\u00b0C \u00e0 +70\u00b0C<\/li>\n<li>Indicateur d&rsquo;alarme<\/li>\n<li>16 000 points de mesure<\/li>\n<li>G\u00e9n\u00e8re automatiquement des PDF<\/li>\n<\/ul>\n","protected":false},"featured_media":30042,"template":"","meta":{"_acf_changed":false,"content-type":"","_uag_custom_page_level_css":""},"product_brand":[],"product_cat":[1226],"product_tag":[2516],"class_list":{"0":"post-30041","1":"product","2":"type-product","3":"status-publish","4":"has-post-thumbnail","6":"product_cat-temperature-et-humidite","7":"product_tag-logtag-fr","9":"first","10":"instock","11":"taxable","12":"shipping-taxable","13":"purchasable","14":"product-type-simple"},"bundled_by":[],"bundle_stock_status":"instock","bundle_stock_quantity":null,"bundle_virtual":false,"bundle_layout":"","bundle_add_to_cart_form_location":"","bundle_editable_in_cart":false,"bundle_sold_individually_context":"","bundle_item_grouping":"","bundle_min_size":"","bundle_max_size":"","bundle_price":[],"bundled_items":[],"bundle_sell_ids":[],"acf":[],"spectra_custom_meta":{"_backorders":["no"],"_download_limit":["-1"],"_download_expiry":["-1"],"_downloadable":["no"],"_manage_stock":["no"],"_sku":["UHADO-16"],"_stock_status":["instock"],"_sold_individually":["no"],"_tax_class":[""],"_tax_status":["taxable"],"_virtual":["no"],"_weight":["0"],"_width":["0"],"_height":["0"],"_length":["0"],"total_sales":["12"],"product_datasheet":[""],"_product_datasheet":["field_650ad7d6ea3a0"],"_connectivity":["field_64dce263bb57c"],"brand":["LogTag"],"_brand":["field_64ddf62ed2593"],"brand_image":[""],"_brand_image":["field_650c5e7c84cae"],"_specifications_table":["field_65044e1db92a8"],"_resources":["field_650849c6945ee"],"_accessories":["field_650849e6945f0"],"_faqs":["field_650859523d8d5"],"_calibration_suitable_ids_gb":["field_654b4c4acb54a"],"_calibration_suitable_ids_us":["field_654b4c56cb54b"],"_show_in_calibration_suitable":["field_654cfb691d345"],"_usd_price_4":["field_651570dcac479"],"_usd_price_9":["field_6515713eb4807"],"_usd_price_24":["field_65157141b4809"],"_usd_price_49":["field_65157140b4808"],"_usd_price_99":["field_6515715bb480a"],"_gbp_price_4":["field_6515716e83bfa"],"_gbp_price_9":["field_6515724783bfb"],"_gbp_price_24":["field_6515724b83bfc"],"_gbp_price_49":["field_6515725983bfd"],"_gbp_price_99":["field_6515725d83bfe"],"_usdhk_price_4":["field_6515726f83bff"],"_usdhk_price_9":["field_6515727c83c00"],"_usdhk_price_24":["field_6515728083c01"],"_usdhk_price_49":["field_6515728983c02"],"_usdhk_price_99":["field_6515728e83c03"],"stock_options":["In stock"],"_stock_options":["field_6544b605dc7f9"],"_top_nav_excluded":[""],"_cms_nav_minihome":[""],"wcml_sync_hash":["a:1:{s:15:\"postmeta_fields\";s:32:\"fbab84e5a7d587dfab9445f7df133eda\";}"],"attr_label_translations":["a:0:{}"],"_product_attributes":["a:1:{s:16:\"pa_product-brand\";a:6:{s:4:\"name\";s:16:\"pa_product-brand\";s:5:\"value\";s:0:\"\";s:8:\"position\";i:0;s:10:\"is_visible\";i:1;s:12:\"is_variation\";i:0;s:11:\"is_taxonomy\";i:1;}}"],"_product_image_gallery":[""],"_thumbnail_id":["30042"],"_crosssell_ids":["a:0:{}"],"_display_data_alarm":["field_667d647bcb066"],"_other_features":["field_668524f8c98a4"],"_shipping":["field_66852535c98a5"],"_refrigerant_cabinet":["field_66852557c98a6"],"_main_specifications":["field_66855b25b1245"],"_last_translation_edit_mode":["translation-editor"],"_calibration":["field_66a0ddd599972"],"_edit_lock":["1724254875:8383"],"classic-editor-remember":["classic-editor"],"rank_math_seo_score":["90"],"rank_math_contentai_score":["a:5:{s:8:\"keywords\";s:5:\"74.51\";s:9:\"wordCount\";s:1:\"0\";s:9:\"linkCount\";s:1:\"0\";s:12:\"headingCount\";s:1:\"0\";s:10:\"mediaCount\";s:1:\"0\";}"],"_edit_last":["8383"],"commercekit_gallery_layout":[""],"commercekit_disable_sticky_atc":["0"],"commercekit_wc_video_gallery":["a:0:{}"],"_rank_math_gtin_code":[""],"_wcml_average_rating":[null],"_wcml_review_count":[null],"_wcml_rating_count":[null],"_stock":[null],"_wc_average_rating":[0],"_wc_review_count":["0"],"_product_version":["9.1.4"],"usd_price_4":[""],"usd_price_9":[""],"usd_price_24":[""],"usd_price_49":[""],"usd_price_99":[""],"gbp_price_4":[""],"gbp_price_9":[""],"gbp_price_24":[""],"gbp_price_49":[""],"gbp_price_99":[""],"usdhk_price_4":[""],"usdhk_price_9":[""],"usdhk_price_24":[""],"usdhk_price_49":[""],"usdhk_price_99":[""],"display_data_alarm":[""],"calibration":[""],"faqs":[""],"calibration_suitable_ids_gb":[""],"calibration_suitable_ids_us":[""],"show_in_calibration_suitable":[""],"other_features":[""],"shipping":[""],"refrigerant_cabinet":[""],"main_specifications":[""],"shoptimizer_layout_pdp_short_description_position":["default"],"rank_math_analytic_object_id":["689"],"_wpml_media_duplicate":["1"],"_wpml_media_featured":["1"],"connectivity":["Interface Cradle"],"_regular_price":["121.10"],"_price":["121.10"],"min_temp":["-30"],"max_temp":["70"],"_min_temp":["field_67ea5eb4e0a77"],"_max_temp":["field_67ea5f81e0a79"],"_wpml_word_count":["392"],"rank_math_primary_product_cat":["97"],"_global_unique_id":["850040258127"],"hubwoo_ecomm_pro_id":["25380314706"],"rank_math_description":["Enregistreur de temp\u00e9rature et d'humidit\u00e9 0 \u00e0 100% RH -30\u00b0C \u00e0 +70\u00b0C Indicateur d'alarme 16 000 points de mesure G\u00e9n\u00e8re des PDF automatiques Indicateurs LED"],"rank_math_focus_keyword":["UHADO-16"],"specifications_table":["<table class=\"specifications\">\n<tbody>\n<tr>\n<td class=\"left-td\">Plage de mesure de la temp\u00e9rature<\/td>\n<td>De -30\u00b0C \u00e0 +70\u00b0C (de -22\u00b0F \u00e0 +158\u00b0F)<\/td>\n<\/tr>\n<tr>\n<td class=\"left-td\">Plage de temp\u00e9rature de stockage<\/td>\n<td>De +10\u00b0C \u00e0 +50\u00b0C (de +50\u00b0F \u00e0 +122\u00b0F)<\/td>\n<\/tr>\n<tr>\n<td class=\"left-td\">Plage de mesure de l'humidit\u00e9<\/td>\n<td>0 % HR \u00e0 100 % HR (sans condensation), avec limitations<\/td>\n<\/tr>\n<tr>\n<td class=\"left-td\">Humidit\u00e9 Plage de fonctionnement<\/td>\n<td>0% HR \u00e0 100% HR (sans condensation), avec limitations<\/td>\n<\/tr>\n<tr>\n<td class=\"left-td\">Plage de stockage de l'humidit\u00e9<\/td>\n<td>20 % HR \u00e0 60 % HR<\/td>\n<\/tr>\n<tr>\n<td class=\"left-td\">Pr\u00e9cision de la lecture de la temp\u00e9rature nominale<\/td>\n<td>Mieux que \u00b10,45\u00b0C (\u00b10,8\u00b0F) pour +0\u00b0C \u00e0 +50\u00b0C (+32\u00b0F \u00e0 +122\u00b0F), typiquement \u00b10,3\u00b0C (0,6\u00b0F)\nMieux que \u00b10,8\u00b0C (\u00b11,4\u00b0F) pour +50\u00b0C \u00e0 +70\u00b0C (+122\u00b0F \u00e0 +158\u00b0F), typiquement \u00b10,5\u00b0C (0.9\u00b0F)\nMieux que \u00b10,95\u00b0C (\u00b11,7\u00b0F) pour -40\u00b0C \u00e0 +0\u00b0C (-40\u00b0F \u00e0 +32\u00b0F), typiquement \u00b10,6\u00b0C (1,1\u00b0F)\nLes performances r\u00e9elles sont typiquement bien meilleures que les valeurs nominales\nLes chiffres de pr\u00e9cision peuvent \u00eatre am\u00e9lior\u00e9s par recalibrage.<\/td>\n<\/tr>\n<tr>\n<td class=\"left-td\">Pr\u00e9cision de la lecture de l'humidit\u00e9 nominale<\/td>\n<td>Mieux que \u00b13%HR pour 20%HR \u00e0 80%HR, typiquement \u00b12%HR\nMieux que \u00b15%HR pour 0%HR \u00e0 20%HR, typiquement \u00b14%HR\nMieux que \u00b15%HR pour 80%HR \u00e0 100%HR, typiquement \u00b14%HR\nLa performance r\u00e9elle est typiquement bien meilleure que les valeurs nominales\nLes chiffres de pr\u00e9cision peuvent \u00eatre am\u00e9lior\u00e9s par un recalibrage.<\/td>\n<\/tr>\n<tr>\n<td class=\"left-td\">R\u00e9solution de l'humidit\u00e9<\/td>\n<td>Sup\u00e9rieure \u00e0 0,1 % HR<\/td>\n<\/tr>\n<tr>\n<td class=\"left-td\">R\u00e9solution de la temp\u00e9rature<\/td>\n<td>Sup\u00e9rieure \u00e0 0,1\u00b0C ou 0,1\u00b0F<\/td>\n<\/tr>\n<tr>\n<td class=\"left-td\">Capacit\u00e9 d'enregistrement<\/td>\n<td>16 128 paires de relev\u00e9s d'humidit\u00e9 et de temp\u00e9rature. 112 jours \u00e0 10 minutes d'enregistrement, 168 jours \u00e0 15 minutes d'enregistrement\nM\u00e9moire de statistiques pour l'affichage des valeurs maximales et minimales de temp\u00e9rature et d'humidit\u00e9 relative sur l'\u00e9cran LCD\nM\u00e9moire de statistiques r\u00e9capitulatives journali\u00e8res (pour affichage sur l'\u00e9cran LCD) : jusqu'\u00e0 30 jours de statistiques Max\/Min\/Dur\u00e9e et de d\u00e9clenchement d'alarme. <\/td>\n<\/tr>\n<tr>\n<td class=\"left-td\">Intervalle d'\u00e9chantillonnage<\/td>\n<td>Configurable de 30 secondes \u00e0 plusieurs heures<\/td>\n<\/tr>\n<tr>\n<td class=\"left-td\">Options de d\u00e9marrage de l'enregistrement<\/td>\n<td>D\u00e9marrage par bouton-poussoir ou date et heure sp\u00e9cifiques<\/td>\n<\/tr>\n<tr>\n<td class=\"left-td\">Indication d'enregistrement<\/td>\n<td>Indicateur d'\u00e9tat \"REC\"<\/td>\n<\/tr>\n<tr>\n<td class=\"left-td\">Alarmes<\/td>\n<td>4 alarmes de temp\u00e9rature et 2 alarmes d'humidit\u00e9<\/td>\n<\/tr>\n<tr>\n<td class=\"left-td\">Temps de t\u00e9l\u00e9chargement<\/td>\n<td>G\u00e9n\u00e9ralement moins de 10 secondes pour une m\u00e9moire compl\u00e8te, en fonction de l'ordinateur ou de l'appareil de lecture utilis\u00e9.<\/td>\n<\/tr>\n<tr>\n<td class=\"left-td\">Environnementale<\/td>\n<td>IP61 (en cas d'accrochage ou de montage vertical)<\/td>\n<\/tr>\n<tr>\n<td class=\"left-td\">Source d'alimentation<\/td>\n<td>Pile CR2032 3V LiMnO2 (rempla\u00e7able)<\/td>\n<\/tr>\n<tr>\n<td class=\"left-td\">Dur\u00e9e de vie de la batterie<\/td>\n<td>1 an de stockage, 1 an d'utilisation normale (sur la base d'un enregistrement de 15 minutes, t\u00e9l\u00e9chargement mensuel des donn\u00e9es)<\/td>\n<\/tr>\n<tr>\n<td class=\"left-td\">Horloge temps r\u00e9el<\/td>\n<td>Horloge temps r\u00e9el int\u00e9gr\u00e9e\nPr\u00e9cision typique \u00b125ppm @ 25\u00b0C (\u00e9quivalent \u00e0 2,5 secondes\/jour)<\/td>\n<\/tr>\n<tr>\n<td class=\"left-td\">Interface de connexion<\/td>\n<td>Berceau d'interface ou prise USB 2.0 \/ Micro USB (c\u00e2ble non inclus)<\/td>\n<\/tr>\n<tr>\n<td class=\"left-td\">Logiciel<\/td>\n<td>LogTag\u00ae Analyzer & LogTag\u00ae Online<\/td>\n<\/tr>\n<tr>\n<td class=\"left-td\">Prise en charge multilingue<\/td>\n<td>Prise en charge multilingue pour l'anglais, l'espagnol, le fran\u00e7ais, le russe et l'allemand<\/td>\n<\/tr>\n<tr>\n<td class=\"left-td\">Taille<\/td>\n<td>93 mm(H) x 54,5 mm(L) x 8,6 mm(T), capuchon de protection USB inclus<\/td>\n<\/tr>\n<tr>\n<td class=\"left-td\">Poids<\/td>\n<td>41g<\/td>\n<\/tr>\n<tr>\n<td class=\"left-td\">Mat\u00e9riau du bo\u00eetier<\/td>\n<td>Polycarbonate<\/td>\n<\/tr>\n<\/tbody>\n<\/table>"],"resources":["<ul class=\"resources-list\">\n \t<li><a href=\"https:\/\/praxas.com\/wp-content\/uploads\/LogTag_UHADO-16_Brochure.pdf\"><img src=\"https:\/\/praxas.com\/wp-content\/uploads\/document-icon.png\" alt=\"Ic\u00f4ne de document\">Brochure LogTag UHADO-16<\/a><\/li>\n \t<li><img src=\"https:\/\/praxas.com\/wp-content\/uploads\/document-icon.png\" alt=\"Ic\u00f4ne de document\"><a href=\"https:\/\/praxas.com\/wp-content\/uploads\/UHADO_16_Quickstart_Guide.pdf\">Guide de d\u00e9marrage rapide du LogTag UHADO-16<\/a><\/li>\n \t<li><a href=\"https:\/\/praxas.com\/wp-content\/uploads\/UHADO-16_Product_User_Guide.pdf\"><img src=\"https:\/\/praxas.com\/wp-content\/uploads\/document-icon.png\" alt=\"Ic\u00f4ne de document\">Manuel LogTag UHADO-16<\/a><\/li>\n<\/ul>"],"accessories":["[products skus=\"LTI-HID,WMB-1\"]"],"_uag_page_assets":["a:9:{s:3:\"css\";s:0:\"\";s:2:\"js\";s:0:\"\";s:18:\"current_block_list\";a:0:{}s:8:\"uag_flag\";b:0;s:11:\"uag_version\";s:10:\"1777052440\";s:6:\"gfonts\";a:0:{}s:10:\"gfonts_url\";s:0:\"\";s:12:\"gfonts_files\";a:0:{}s:14:\"uag_faq_layout\";b:0;}"],"_max_variation_price":[""],"_max_variation_regular_price":[""],"_max_variation_sale_price":[""],"_min_variation_price":[""],"_min_variation_regular_price":[""],"_min_variation_sale_price":[""],"_sale_price":[""],"_wc_pb_base_regular_price":[""],"_wc_pb_base_sale_price":[""],"_wc_pb_base_price":[""],"_wc_sw_max_price":[""],"_wc_sw_max_regular_price":[""],"_wc_rating_count":[""]},"uagb_featured_image_src":{"full":["https:\/\/praxas.com\/wp-content\/uploads\/logtag-logtag-uhado-16-temperature-and-humidity-re-800px.jpg",800,463,false],"thumbnail":["https:\/\/praxas.com\/wp-content\/uploads\/logtag-logtag-uhado-16-temperature-and-humidity-re-800px-150x150.jpg",150,150,true],"medium":["https:\/\/praxas.com\/wp-content\/uploads\/logtag-logtag-uhado-16-temperature-and-humidity-re-800px-300x174.jpg",300,174,true],"medium_large":["https:\/\/praxas.com\/wp-content\/uploads\/logtag-logtag-uhado-16-temperature-and-humidity-re-800px-768x444.jpg",768,444,true],"large":["https:\/\/praxas.com\/wp-content\/uploads\/logtag-logtag-uhado-16-temperature-and-humidity-re-800px.jpg",800,463,false],"1536x1536":["https:\/\/praxas.com\/wp-content\/uploads\/logtag-logtag-uhado-16-temperature-and-humidity-re-800px.jpg",800,463,false],"2048x2048":["https:\/\/praxas.com\/wp-content\/uploads\/logtag-logtag-uhado-16-temperature-and-humidity-re-800px.jpg",800,463,false],"crunchify-admin-post-featured-image":["https:\/\/praxas.com\/wp-content\/uploads\/logtag-logtag-uhado-16-temperature-and-humidity-re-800px-120x69.jpg",120,69,true],"commercegurus-pdp-large":["https:\/\/praxas.com\/wp-content\/uploads\/logtag-logtag-uhado-16-temperature-and-humidity-re-800px.jpg",800,463,false],"commercegurus-plp-mobile":["https:\/\/praxas.com\/wp-content\/uploads\/logtag-logtag-uhado-16-temperature-and-humidity-re-800px-441x255.jpg",441,255,true],"cgkit_image_swatch":["https:\/\/praxas.com\/wp-content\/uploads\/logtag-logtag-uhado-16-temperature-and-humidity-re-800px-100x100.jpg",100,100,true],"woocommerce_thumbnail":["https:\/\/praxas.com\/wp-content\/uploads\/logtag-logtag-uhado-16-temperature-and-humidity-re-800px-350x203.jpg",350,203,true],"woocommerce_single":["https:\/\/praxas.com\/wp-content\/uploads\/logtag-logtag-uhado-16-temperature-and-humidity-re-800px.jpg",800,463,false],"woocommerce_gallery_thumbnail":["https:\/\/praxas.com\/wp-content\/uploads\/logtag-logtag-uhado-16-temperature-and-humidity-re-800px-150x87.jpg",150,87,true]},"uagb_author_info":{"display_name":"Beth Foord","author_link":"https:\/\/praxas.com\/fr\/author\/"},"uagb_comment_info":0,"uagb_excerpt":"Enregistreur de temp\u00e9rature et d'humidit\u00e9 0 \u00e0 100% HR &amp; -30\u00b0C \u00e0 +70\u00b0C Indicateur d'alarme 16 000 points de mesure G\u00e9n\u00e8re automatiquement des PDF","_links":{"self":[{"href":"https:\/\/praxas.com\/fr\/wp-json\/wp\/v2\/product\/30041","targetHints":{"allow":["GET"]}}],"collection":[{"href":"https:\/\/praxas.com\/fr\/wp-json\/wp\/v2\/product"}],"about":[{"href":"https:\/\/praxas.com\/fr\/wp-json\/wp\/v2\/types\/product"}],"wp:featuredmedia":[{"embeddable":true,"href":"https:\/\/praxas.com\/fr\/wp-json\/wp\/v2\/media\/30042"}],"wp:attachment":[{"href":"https:\/\/praxas.com\/fr\/wp-json\/wp\/v2\/media?parent=30041"}],"wp:term":[{"taxonomy":"product_brand","embeddable":true,"href":"https:\/\/praxas.com\/fr\/wp-json\/wp\/v2\/product_brand?post=30041"},{"taxonomy":"product_cat","embeddable":true,"href":"https:\/\/praxas.com\/fr\/wp-json\/wp\/v2\/product_cat?post=30041"},{"taxonomy":"product_tag","embeddable":true,"href":"https:\/\/praxas.com\/fr\/wp-json\/wp\/v2\/product_tag?post=30041"}],"curies":[{"name":"wp","href":"https:\/\/api.w.org\/{rel}","templated":true}]}}