{"id":30067,"date":"2024-06-12T10:19:27","date_gmt":"2024-06-12T08:19:27","guid":{"rendered":"https:\/\/staging.praxas.com\/product\/non%20class\u00e9\/capteur-externe-st100b\/"},"modified":"2025-10-09T10:15:07","modified_gmt":"2025-10-09T08:15:07","slug":"capteur-externe-st100b","status":"publish","type":"product","link":"https:\/\/praxas.com\/fr\/product\/data-loggers-fr\/accessoires-fr\/capteur-externe-st100b\/","title":{"rendered":"ST100B Capteur externe"},"content":{"rendered":"<p>Le capteur externe LogTag ST100B est un capteur nu con\u00e7u pour des assemblages de sondes personnalis\u00e9s, d\u00e9pourvu d&rsquo;un bo\u00eetier en acier inoxydable adapt\u00e9 au contact direct avec les denr\u00e9es alimentaires.<\/p>\n<p>Son principal avantage est de mesurer dans des environnements o\u00f9 les enregistreurs de donn\u00e9es traditionnels ne peuvent pas fonctionner, comme les liquides. Le ST100B permet de mesurer la temp\u00e9rature en continu sans risquer de l&rsquo;endommager.<\/p>\n<p>Le ST100B, tr\u00e8s performant, est id\u00e9al pour toutes les distances de transport. Int\u00e9grez le capteur externe LogTag ST100B pour surveiller les temp\u00e9ratures critiques et garantir la qualit\u00e9 et la s\u00e9curit\u00e9 des produits.<\/p>\n<p>En outre, le ST100B est un capteur nu pr\u00eat \u00e0 \u00eatre int\u00e9gr\u00e9 dans des assemblages de sondes personnalis\u00e9s.<\/p>\n<p>Ce produit est disponible en 1,5 m\u00e8tre ou en 3 m\u00e8tres.<\/p>\n","protected":false},"excerpt":{"rendered":"<ul>\n<li>Capteur externe<\/li>\n<li>Haute qualit\u00e9<\/li>\n<li>Longueur du c\u00e2ble 1,5m ou 3m<\/li>\n<\/ul>\n","protected":false},"featured_media":30068,"template":"","meta":{"_acf_changed":false,"content-type":"","_uag_custom_page_level_css":""},"product_brand":[],"product_cat":[1256,1427],"product_tag":[2516],"class_list":{"0":"post-30067","1":"product","2":"type-product","3":"status-publish","4":"has-post-thumbnail","6":"product_cat-accessoires-fr","7":"product_cat-divers","8":"product_tag-logtag-fr","10":"first","11":"instock","12":"taxable","13":"shipping-taxable","14":"purchasable","15":"product-type-variable"},"bundled_by":[],"bundle_stock_status":"instock","bundle_stock_quantity":null,"bundle_virtual":false,"bundle_layout":"","bundle_add_to_cart_form_location":"","bundle_editable_in_cart":false,"bundle_sold_individually_context":"","bundle_item_grouping":"","bundle_min_size":"","bundle_max_size":"","bundle_price":[],"bundled_items":[],"bundle_sell_ids":[],"acf":[],"spectra_custom_meta":{"_product_attributes":["a:2:{s:16:\"pa_product-brand\";a:6:{s:4:\"name\";s:16:\"pa_product-brand\";s:5:\"value\";s:0:\"\";s:8:\"position\";i:0;s:10:\"is_visible\";i:1;s:12:\"is_variation\";i:0;s:11:\"is_taxonomy\";i:1;}s:16:\"pa_make-a-choice\";a:6:{s:4:\"name\";s:16:\"pa_make-a-choice\";s:5:\"value\";s:0:\"\";s:8:\"position\";i:1;s:10:\"is_visible\";i:1;s:12:\"is_variation\";i:1;s:11:\"is_taxonomy\";i:1;}}"],"attr_label_translations":["a:1:{s:2:\"fr\";a:1:{s:13:\"make-a-choice\";s:15:\"Faites un choix\";}}"],"_backorders":["no"],"_download_limit":["-1"],"_download_expiry":["-1"],"_downloadable":["no"],"_manage_stock":["no"],"_stock_status":["instock"],"_sold_individually":["no"],"_tax_class":[""],"_tax_status":["taxable"],"_virtual":["no"],"total_sales":["0"],"product_datasheet":[""],"_product_datasheet":["field_650ad7d6ea3a0"],"_connectivity":["field_64dce263bb57c"],"brand":["LogTag"],"_brand":["field_64ddf62ed2593"],"brand_image":[""],"_brand_image":["field_650c5e7c84cae"],"_specifications_table":["field_65044e1db92a8"],"_resources":["field_650849c6945ee"],"_accessories":["field_650849e6945f0"],"_faqs":["field_650859523d8d5"],"_calibration_suitable_ids_gb":["field_654b4c4acb54a"],"_calibration_suitable_ids_us":["field_654b4c56cb54b"],"_show_in_calibration_suitable":["field_654cfb691d345"],"_usd_price_4":["field_651570dcac479"],"_usd_price_9":["field_6515713eb4807"],"_usd_price_24":["field_65157141b4809"],"_usd_price_49":["field_65157140b4808"],"_usd_price_99":["field_6515715bb480a"],"_gbp_price_4":["field_6515716e83bfa"],"_gbp_price_9":["field_6515724783bfb"],"_gbp_price_24":["field_6515724b83bfc"],"_gbp_price_49":["field_6515725983bfd"],"_gbp_price_99":["field_6515725d83bfe"],"_usdhk_price_4":["field_6515726f83bff"],"_usdhk_price_9":["field_6515727c83c00"],"_usdhk_price_24":["field_6515728083c01"],"_usdhk_price_49":["field_6515728983c02"],"_usdhk_price_99":["field_6515728e83c03"],"stock_options":["In stock"],"_stock_options":["field_6544b605dc7f9"],"_top_nav_excluded":[""],"_cms_nav_minihome":[""],"wcml_sync_hash":["a:1:{s:15:\"postmeta_fields\";s:32:\"55727bfa0c164c1a73073addccb75a0a\";}"],"_product_image_gallery":[""],"_thumbnail_id":["30068"],"_crosssell_ids":["a:0:{}"],"connectivity":[""],"_display_data_alarm":["field_667d647bcb066"],"_other_features":["field_668524f8c98a4"],"_shipping":["field_66852535c98a5"],"_refrigerant_cabinet":["field_66852557c98a6"],"_main_specifications":["field_66855b25b1245"],"_last_translation_edit_mode":["translation-editor"],"_edit_lock":["1724254026:8383"],"classic-editor-remember":["classic-editor"],"rank_math_seo_score":["82"],"rank_math_contentai_score":["a:5:{s:8:\"keywords\";s:5:\"74.51\";s:9:\"wordCount\";s:1:\"0\";s:9:\"linkCount\";s:1:\"0\";s:12:\"headingCount\";s:1:\"0\";s:10:\"mediaCount\";s:1:\"0\";}"],"_edit_last":["8383"],"commercekit_gallery_layout":[""],"commercekit_disable_sticky_atc":["0"],"commercekit_wc_video_gallery":["a:0:{}"],"_rank_math_gtin_code":[""],"_wcml_average_rating":[null],"_wcml_review_count":[null],"_wcml_rating_count":[null],"_stock":[null],"_wc_average_rating":[0],"_wc_review_count":["0"],"_product_version":["9.1.4"],"usd_price_4":[""],"usd_price_9":[""],"usd_price_24":[""],"usd_price_49":[""],"usd_price_99":[""],"gbp_price_4":[""],"gbp_price_9":[""],"gbp_price_24":[""],"gbp_price_49":[""],"gbp_price_99":[""],"usdhk_price_4":[""],"usdhk_price_9":[""],"usdhk_price_24":[""],"usdhk_price_49":[""],"usdhk_price_99":[""],"display_data_alarm":[""],"resources":[""],"calibration":[""],"accessories":[""],"faqs":[""],"calibration_suitable_ids_gb":[""],"calibration_suitable_ids_us":[""],"show_in_calibration_suitable":[""],"other_features":[""],"shipping":[""],"refrigerant_cabinet":[""],"main_specifications":[""],"shoptimizer_layout_pdp_short_description_position":["default"],"rank_math_analytic_object_id":["684"],"_wpml_media_duplicate":["1"],"_wpml_media_featured":["1"],"_sku":["ST100B"],"_calibration":["field_66a0ddd599972"],"_wpml_word_count":["152"],"_min_temp":["field_67ea5eb4e0a77"],"_max_temp":["field_67ea5f81e0a79"],"specifications_table":["<table class=\"specifications\">\n<tbody>\n<tr class=\"even-row\">\n<td class=\"left-td\">Code produit<\/td>\n<td>3013<\/td>\n<\/tr>\n<tr class=\"odd-row\">\n<td class=\"left-td\">Conformit\u00e9 \u00e0 la FDA<\/td>\n<td>Oui<\/td>\n<\/tr>\n<tr class=\"even-row\">\n<td class=\"left-td\">Th\u00e8me<\/td>\n<td>Temp\u00e9rature<\/td>\n<\/tr>\n<\/tbody>\n<\/table>"],"_price":["28","36.40"],"rank_math_primary_product_cat":["147"],"min_temp":["-40"],"max_temp":["99"],"hubwoo_ecomm_invalid_pro":["yes"],"rank_math_title":["%title% %sep% %sitename%"],"rank_math_description":["Vous avez besoin d'une plus grande plage de temp\u00e9rature ? Le capteur externe de haute qualit\u00e9 ST100B pour les appareils LogTag est votre option. Avec un choix de longueur de c\u00e2ble.  "],"rank_math_focus_keyword":["Capteur externe"],"_uag_page_assets":["a:9:{s:3:\"css\";s:0:\"\";s:2:\"js\";s:0:\"\";s:18:\"current_block_list\";a:0:{}s:8:\"uag_flag\";b:0;s:11:\"uag_version\";s:10:\"1775212209\";s:6:\"gfonts\";a:0:{}s:10:\"gfonts_url\";s:0:\"\";s:12:\"gfonts_files\";a:0:{}s:14:\"uag_faq_layout\";b:0;}"],"_max_variation_price":[""],"_max_variation_regular_price":[""],"_max_variation_sale_price":[""],"_min_variation_price":[""],"_min_variation_regular_price":[""],"_min_variation_sale_price":[""],"_regular_price":[""],"_sale_price":[""],"_wc_pb_base_regular_price":[""],"_wc_pb_base_sale_price":[""],"_wc_pb_base_price":[""],"_wc_sw_max_price":[""],"_wc_sw_max_regular_price":[""],"_wc_rating_count":[""]},"uagb_featured_image_src":{"full":["https:\/\/praxas.com\/wp-content\/uploads\/logtag-logtag-st100b-external-sensor-800px.jpg",800,463,false],"thumbnail":["https:\/\/praxas.com\/wp-content\/uploads\/logtag-logtag-st100b-external-sensor-800px-150x150.jpg",150,150,true],"medium":["https:\/\/praxas.com\/wp-content\/uploads\/logtag-logtag-st100b-external-sensor-800px-300x174.jpg",300,174,true],"medium_large":["https:\/\/praxas.com\/wp-content\/uploads\/logtag-logtag-st100b-external-sensor-800px-768x444.jpg",768,444,true],"large":["https:\/\/praxas.com\/wp-content\/uploads\/logtag-logtag-st100b-external-sensor-800px.jpg",800,463,false],"1536x1536":["https:\/\/praxas.com\/wp-content\/uploads\/logtag-logtag-st100b-external-sensor-800px.jpg",800,463,false],"2048x2048":["https:\/\/praxas.com\/wp-content\/uploads\/logtag-logtag-st100b-external-sensor-800px.jpg",800,463,false],"crunchify-admin-post-featured-image":["https:\/\/praxas.com\/wp-content\/uploads\/logtag-logtag-st100b-external-sensor-800px-120x69.jpg",120,69,true],"commercegurus-pdp-large":["https:\/\/praxas.com\/wp-content\/uploads\/logtag-logtag-st100b-external-sensor-800px.jpg",800,463,false],"commercegurus-plp-mobile":["https:\/\/praxas.com\/wp-content\/uploads\/logtag-logtag-st100b-external-sensor-800px-441x255.jpg",441,255,true],"cgkit_image_swatch":["https:\/\/praxas.com\/wp-content\/uploads\/logtag-logtag-st100b-external-sensor-800px-100x100.jpg",100,100,true],"woocommerce_thumbnail":["https:\/\/praxas.com\/wp-content\/uploads\/logtag-logtag-st100b-external-sensor-800px-350x203.jpg",350,203,true],"woocommerce_single":["https:\/\/praxas.com\/wp-content\/uploads\/logtag-logtag-st100b-external-sensor-800px.jpg",800,463,false],"woocommerce_gallery_thumbnail":["https:\/\/praxas.com\/wp-content\/uploads\/logtag-logtag-st100b-external-sensor-800px-150x87.jpg",150,87,true]},"uagb_author_info":{"display_name":"Beth Foord","author_link":"https:\/\/praxas.com\/fr\/author\/"},"uagb_comment_info":0,"uagb_excerpt":"Capteur externe Haute qualit\u00e9 Longueur du c\u00e2ble 1,5m ou 3m","_links":{"self":[{"href":"https:\/\/praxas.com\/fr\/wp-json\/wp\/v2\/product\/30067","targetHints":{"allow":["GET"]}}],"collection":[{"href":"https:\/\/praxas.com\/fr\/wp-json\/wp\/v2\/product"}],"about":[{"href":"https:\/\/praxas.com\/fr\/wp-json\/wp\/v2\/types\/product"}],"wp:featuredmedia":[{"embeddable":true,"href":"https:\/\/praxas.com\/fr\/wp-json\/wp\/v2\/media\/30068"}],"wp:attachment":[{"href":"https:\/\/praxas.com\/fr\/wp-json\/wp\/v2\/media?parent=30067"}],"wp:term":[{"taxonomy":"product_brand","embeddable":true,"href":"https:\/\/praxas.com\/fr\/wp-json\/wp\/v2\/product_brand?post=30067"},{"taxonomy":"product_cat","embeddable":true,"href":"https:\/\/praxas.com\/fr\/wp-json\/wp\/v2\/product_cat?post=30067"},{"taxonomy":"product_tag","embeddable":true,"href":"https:\/\/praxas.com\/fr\/wp-json\/wp\/v2\/product_tag?post=30067"}],"curies":[{"name":"wp","href":"https:\/\/api.w.org\/{rel}","templated":true}]}}