{"id":30074,"date":"2024-06-11T17:43:02","date_gmt":"2024-06-11T15:43:02","guid":{"rendered":"https:\/\/staging.praxas.com\/product\/non%20class\u00e9\/capteur-externe-st10s\/"},"modified":"2025-10-09T10:14:19","modified_gmt":"2025-10-09T08:14:19","slug":"capteur-externe-st10s","status":"publish","type":"product","link":"https:\/\/praxas.com\/fr\/product\/data-loggers-fr\/accessoires-fr\/capteur-externe-st10s\/","title":{"rendered":"ST10S Capteur externe"},"content":{"rendered":"<p>Le capteur externe LogTag ST10S est adapt\u00e9 aux mod\u00e8les LogTag TREL-8 et TREL30-16. Le capteur externe est en acier inoxydable et n&rsquo;a pas de poign\u00e9e. En raison de la haute qualit\u00e9 du mat\u00e9riau, le capteur externe est approuv\u00e9 par la FDA et peut \u00eatre utilis\u00e9 en toute s\u00e9curit\u00e9 pour les denr\u00e9es alimentaires.<\/p>\n<p>Le principal avantage du capteur externe est sa capacit\u00e9 \u00e0 effectuer des mesures dans des environnements o\u00f9 les enregistreurs de donn\u00e9es standard ne fonctionneraient pas, tels que les liquides. Contrairement aux enregistreurs de donn\u00e9es, qui peuvent mal fonctionner lorsqu&rsquo;ils sont immerg\u00e9s dans un liquide, le capteur externe reste op\u00e9rationnel, assurant une mesure continue de la temp\u00e9rature dans le liquide.<\/p>\n<p>Le capteur externe LogTag ST10S surveille les temp\u00e9ratures inaccessibles aux enregistreurs de donn\u00e9es standard, ce qui est id\u00e9al pour les transports \u00e0 courte et longue distance. Reconnu pour ses hautes performances, sa qualit\u00e9 et sa pr\u00e9cision, l&rsquo;int\u00e9gration de ce capteur garantit une surveillance \u00e9clair\u00e9e pour am\u00e9liorer la qualit\u00e9 et la s\u00e9curit\u00e9 des produits.<\/p>\n<p><strong>Les avantages du capteur externe LogTag ST10S sont les suivants :<\/strong><\/p>\n<ul>\n<li>Approuv\u00e9 par la FDA<\/li>\n<li>S\u00e9curit\u00e9 alimentaire<\/li>\n<li>Convient aux mod\u00e8les LogTag TREL-8 et TREL30-16<\/li>\n<li>Longueur : 22 mm<\/li>\n<li>Largeur : 5 mm<\/li>\n<li>C\u00e2ble : 0.5m<\/li>\n<li>Haute qualit\u00e9<\/li>\n<\/ul>\n<p><strong>Pourquoi utiliser des capteurs externes ?<\/strong><\/p>\n<p>Si les produits LogTag excellent dans de nombreux domaines, ils ne sont pas toujours adapt\u00e9s \u00e0 des environnements non standard. Les capteurs externes LogTags offrent une solution, en particulier pour la mesure de la temp\u00e9rature des liquides. Il suffit de placer le capteur dans le liquide pour surveiller la temp\u00e9rature, ce qui garantit la qualit\u00e9 et la s\u00e9curit\u00e9 du produit.<\/p>\n","protected":false},"excerpt":{"rendered":"<ul>\n<li>Capteur externe pour TREL-8 et TREL 30-16<\/li>\n<li>FDA S\u00e9curit\u00e9 alimentaire<\/li>\n<\/ul>\n","protected":false},"featured_media":30075,"template":"","meta":{"_acf_changed":false,"content-type":"","_uag_custom_page_level_css":""},"product_brand":[],"product_cat":[1256,1427],"product_tag":[2516],"class_list":{"0":"post-30074","1":"product","2":"type-product","3":"status-publish","4":"has-post-thumbnail","6":"product_cat-accessoires-fr","7":"product_cat-divers","8":"product_tag-logtag-fr","10":"first","11":"instock","12":"taxable","13":"shipping-taxable","14":"purchasable","15":"product-type-variable"},"bundled_by":[],"bundle_stock_status":"instock","bundle_stock_quantity":null,"bundle_virtual":false,"bundle_layout":"","bundle_add_to_cart_form_location":"","bundle_editable_in_cart":false,"bundle_sold_individually_context":"","bundle_item_grouping":"","bundle_min_size":"","bundle_max_size":"","bundle_price":[],"bundled_items":[],"bundle_sell_ids":[],"acf":[],"spectra_custom_meta":{"_product_attributes":["a:2:{s:16:\"pa_product-brand\";a:6:{s:4:\"name\";s:16:\"pa_product-brand\";s:5:\"value\";s:0:\"\";s:8:\"position\";i:0;s:10:\"is_visible\";i:1;s:12:\"is_variation\";i:0;s:11:\"is_taxonomy\";i:1;}s:16:\"pa_make-a-choice\";a:6:{s:4:\"name\";s:16:\"pa_make-a-choice\";s:5:\"value\";s:0:\"\";s:8:\"position\";i:1;s:10:\"is_visible\";i:1;s:12:\"is_variation\";i:1;s:11:\"is_taxonomy\";i:1;}}"],"attr_label_translations":["a:1:{s:2:\"fr\";a:1:{s:13:\"make-a-choice\";s:15:\"Faites un choix\";}}"],"_backorders":["no"],"_download_limit":["-1"],"_download_expiry":["-1"],"_downloadable":["no"],"_manage_stock":["no"],"_stock_status":["instock"],"_sold_individually":["no"],"_tax_class":[""],"_tax_status":["taxable"],"_virtual":["no"],"total_sales":["0"],"product_datasheet":[""],"_product_datasheet":["field_650ad7d6ea3a0"],"_connectivity":["field_64dce263bb57c"],"brand":["LogTag"],"_brand":["field_64ddf62ed2593"],"brand_image":[""],"_brand_image":["field_650c5e7c84cae"],"_specifications_table":["field_65044e1db92a8"],"_resources":["field_650849c6945ee"],"_accessories":["field_650849e6945f0"],"_faqs":["field_650859523d8d5"],"_calibration_suitable_ids_gb":["field_654b4c4acb54a"],"_calibration_suitable_ids_us":["field_654b4c56cb54b"],"_show_in_calibration_suitable":["field_654cfb691d345"],"_usd_price_4":["field_651570dcac479"],"_usd_price_9":["field_6515713eb4807"],"_usd_price_24":["field_65157141b4809"],"_usd_price_49":["field_65157140b4808"],"_usd_price_99":["field_6515715bb480a"],"_gbp_price_4":["field_6515716e83bfa"],"_gbp_price_9":["field_6515724783bfb"],"_gbp_price_24":["field_6515724b83bfc"],"_gbp_price_49":["field_6515725983bfd"],"_gbp_price_99":["field_6515725d83bfe"],"_usdhk_price_4":["field_6515726f83bff"],"_usdhk_price_9":["field_6515727c83c00"],"_usdhk_price_24":["field_6515728083c01"],"_usdhk_price_49":["field_6515728983c02"],"_usdhk_price_99":["field_6515728e83c03"],"stock_options":["In stock"],"_stock_options":["field_6544b605dc7f9"],"_top_nav_excluded":[""],"_cms_nav_minihome":[""],"wcml_sync_hash":["a:1:{s:15:\"postmeta_fields\";s:32:\"eb86edeafe5f584b6d6b23bcef69aa8e\";}"],"_product_image_gallery":["30076,30077"],"_thumbnail_id":["30075"],"_crosssell_ids":["a:0:{}"],"connectivity":[""],"_display_data_alarm":["field_667d647bcb066"],"_other_features":["field_668524f8c98a4"],"_shipping":["field_66852535c98a5"],"_refrigerant_cabinet":["field_66852557c98a6"],"_main_specifications":["field_66855b25b1245"],"_last_translation_edit_mode":["translation-editor"],"_calibration":["field_66a0ddd599972"],"_edit_lock":["1724252565:8383"],"classic-editor-remember":["classic-editor"],"rank_math_seo_score":["88"],"rank_math_contentai_score":["a:5:{s:8:\"keywords\";s:5:\"74.51\";s:9:\"wordCount\";s:1:\"0\";s:9:\"linkCount\";s:1:\"0\";s:12:\"headingCount\";s:1:\"0\";s:10:\"mediaCount\";s:1:\"0\";}"],"_edit_last":["8383"],"commercekit_gallery_layout":[""],"commercekit_disable_sticky_atc":["0"],"commercekit_wc_video_gallery":["a:0:{}"],"_rank_math_gtin_code":[""],"_wcml_average_rating":[null],"_wcml_review_count":[null],"_wcml_rating_count":[null],"_stock":[null],"_wc_average_rating":[0],"_wc_review_count":["0"],"_product_version":["9.1.4"],"usd_price_4":[""],"usd_price_9":[""],"usd_price_24":[""],"usd_price_49":[""],"usd_price_99":[""],"gbp_price_4":[""],"gbp_price_9":[""],"gbp_price_24":[""],"gbp_price_49":[""],"gbp_price_99":[""],"usdhk_price_4":[""],"usdhk_price_9":[""],"usdhk_price_24":[""],"usdhk_price_49":[""],"usdhk_price_99":[""],"display_data_alarm":[""],"resources":[""],"calibration":[""],"accessories":[""],"faqs":[""],"calibration_suitable_ids_gb":[""],"calibration_suitable_ids_us":[""],"show_in_calibration_suitable":[""],"other_features":[""],"shipping":[""],"refrigerant_cabinet":[""],"main_specifications":[""],"shoptimizer_layout_pdp_short_description_position":["default"],"rank_math_analytic_object_id":["674"],"_wpml_media_duplicate":["1"],"_wpml_media_featured":["1"],"min_temp":[""],"max_temp":[""],"_min_temp":["field_67ea5eb4e0a77"],"_max_temp":["field_67ea5f81e0a79"],"_wpml_word_count":["307"],"_price":["35.00","37.80"],"rank_math_primary_product_cat":["147"],"hubwoo_ecomm_invalid_pro":["yes"],"rank_math_description":["Capteur externe pour TREL-8 et TREL30-16"],"rank_math_focus_keyword":["ST10S"],"specifications_table":["<table class=\"specifications\">\n<tbody>\n<tr class=\"even-row\">\n<td class=\"left-td\">Poids<\/td>\n<td>30g<\/td>\n<\/tr>\n<tr class=\"odd-row\">\n<td class=\"left-td\">Code produit<\/td>\n<td>3020<\/td>\n<\/tr>\n<tr class=\"even-row\">\n<td class=\"left-td\">Longueur mm<\/td>\n<td>22<\/td>\n<\/tr>\n<tr class=\"odd-row\">\n<td class=\"left-td\">Th\u00e8me<\/td>\n<td>Temp\u00e9rature<\/td>\n<\/tr>\n<\/tbody>\n<\/table>"],"_uag_page_assets":["a:9:{s:3:\"css\";s:0:\"\";s:2:\"js\";s:0:\"\";s:18:\"current_block_list\";a:0:{}s:8:\"uag_flag\";b:0;s:11:\"uag_version\";s:10:\"1775212209\";s:6:\"gfonts\";a:0:{}s:10:\"gfonts_url\";s:0:\"\";s:12:\"gfonts_files\";a:0:{}s:14:\"uag_faq_layout\";b:0;}"],"_max_variation_price":[""],"_max_variation_regular_price":[""],"_max_variation_sale_price":[""],"_min_variation_price":[""],"_min_variation_regular_price":[""],"_min_variation_sale_price":[""],"_regular_price":[""],"_sale_price":[""],"_wc_pb_base_regular_price":[""],"_wc_pb_base_sale_price":[""],"_wc_pb_base_price":[""],"_wc_sw_max_price":[""],"_wc_sw_max_regular_price":[""],"_wc_rating_count":[""]},"uagb_featured_image_src":{"full":["https:\/\/praxas.com\/wp-content\/uploads\/logtag-logtag-st10s-external-sensor-for-trel-8-tre-800px.jpg",800,463,false],"thumbnail":["https:\/\/praxas.com\/wp-content\/uploads\/logtag-logtag-st10s-external-sensor-for-trel-8-tre-800px-150x150.jpg",150,150,true],"medium":["https:\/\/praxas.com\/wp-content\/uploads\/logtag-logtag-st10s-external-sensor-for-trel-8-tre-800px-300x174.jpg",300,174,true],"medium_large":["https:\/\/praxas.com\/wp-content\/uploads\/logtag-logtag-st10s-external-sensor-for-trel-8-tre-800px-768x444.jpg",768,444,true],"large":["https:\/\/praxas.com\/wp-content\/uploads\/logtag-logtag-st10s-external-sensor-for-trel-8-tre-800px.jpg",800,463,false],"1536x1536":["https:\/\/praxas.com\/wp-content\/uploads\/logtag-logtag-st10s-external-sensor-for-trel-8-tre-800px.jpg",800,463,false],"2048x2048":["https:\/\/praxas.com\/wp-content\/uploads\/logtag-logtag-st10s-external-sensor-for-trel-8-tre-800px.jpg",800,463,false],"crunchify-admin-post-featured-image":["https:\/\/praxas.com\/wp-content\/uploads\/logtag-logtag-st10s-external-sensor-for-trel-8-tre-800px-120x69.jpg",120,69,true],"commercegurus-pdp-large":["https:\/\/praxas.com\/wp-content\/uploads\/logtag-logtag-st10s-external-sensor-for-trel-8-tre-800px.jpg",800,463,false],"commercegurus-plp-mobile":["https:\/\/praxas.com\/wp-content\/uploads\/logtag-logtag-st10s-external-sensor-for-trel-8-tre-800px-441x255.jpg",441,255,true],"cgkit_image_swatch":["https:\/\/praxas.com\/wp-content\/uploads\/logtag-logtag-st10s-external-sensor-for-trel-8-tre-800px-100x100.jpg",100,100,true],"woocommerce_thumbnail":["https:\/\/praxas.com\/wp-content\/uploads\/logtag-logtag-st10s-external-sensor-for-trel-8-tre-800px-350x203.jpg",350,203,true],"woocommerce_single":["https:\/\/praxas.com\/wp-content\/uploads\/logtag-logtag-st10s-external-sensor-for-trel-8-tre-800px.jpg",800,463,false],"woocommerce_gallery_thumbnail":["https:\/\/praxas.com\/wp-content\/uploads\/logtag-logtag-st10s-external-sensor-for-trel-8-tre-800px-150x87.jpg",150,87,true]},"uagb_author_info":{"display_name":"Beth Foord","author_link":"https:\/\/praxas.com\/fr\/author\/"},"uagb_comment_info":0,"uagb_excerpt":"Capteur externe pour TREL-8 et TREL 30-16 FDA S\u00e9curit\u00e9 alimentaire","_links":{"self":[{"href":"https:\/\/praxas.com\/fr\/wp-json\/wp\/v2\/product\/30074","targetHints":{"allow":["GET"]}}],"collection":[{"href":"https:\/\/praxas.com\/fr\/wp-json\/wp\/v2\/product"}],"about":[{"href":"https:\/\/praxas.com\/fr\/wp-json\/wp\/v2\/types\/product"}],"wp:featuredmedia":[{"embeddable":true,"href":"https:\/\/praxas.com\/fr\/wp-json\/wp\/v2\/media\/30075"}],"wp:attachment":[{"href":"https:\/\/praxas.com\/fr\/wp-json\/wp\/v2\/media?parent=30074"}],"wp:term":[{"taxonomy":"product_brand","embeddable":true,"href":"https:\/\/praxas.com\/fr\/wp-json\/wp\/v2\/product_brand?post=30074"},{"taxonomy":"product_cat","embeddable":true,"href":"https:\/\/praxas.com\/fr\/wp-json\/wp\/v2\/product_cat?post=30074"},{"taxonomy":"product_tag","embeddable":true,"href":"https:\/\/praxas.com\/fr\/wp-json\/wp\/v2\/product_tag?post=30074"}],"curies":[{"name":"wp","href":"https:\/\/api.w.org\/{rel}","templated":true}]}}