{"id":30099,"date":"2024-06-11T16:39:04","date_gmt":"2024-06-11T14:39:04","guid":{"rendered":"https:\/\/staging.praxas.com\/product\/non%20class\u00e9\/deshydratants-pour-conteneurs-absorpole\/"},"modified":"2025-09-01T15:43:42","modified_gmt":"2025-09-01T13:43:42","slug":"deshydratants-pour-conteneurs-absorpole","status":"publish","type":"product","link":"https:\/\/praxas.com\/fr\/product\/protection-de-la-cargaison\/deshydratants-pour-conteneurs-absorpole\/","title":{"rendered":"D\u00c9SHYDRATANTS POUR CONTENEURS ABSORPOLE"},"content":{"rendered":"<p>Prot\u00e9gez votre cargaison contre les dommages dus \u00e0 l&rsquo;humidit\u00e9 et les refus potentiels de conteneurs en utilisant le d\u00e9shydratant pour conteneurs Absorpole. Notre d\u00e9shydratant absorbe efficacement l&rsquo;humidit\u00e9, garantissant que votre cargaison de machines, de v\u00eatements ou de denr\u00e9es alimentaires reste en s\u00e9curit\u00e9 pendant le transport, m\u00eame dans des environnements difficiles.<\/p>\n<p>Notre d\u00e9shydratant, fabriqu\u00e9 \u00e0 partir de chlorure de calcium respectueux de l&rsquo;environnement, offre une absorption puissante \u00e0 des temp\u00e9ratures allant du gel \u00e0 plus de 80\u00b0C. Sa conception compacte le rend id\u00e9al pour les conteneurs maritimes, o\u00f9 il peut \u00eatre facilement suspendu pour \u00e9viter tout dommage pendant le chargement et le d\u00e9chargement.<\/p>\n<p><strong>Les avantages d&rsquo;Absorpole sont les suivants<\/strong><\/p>\n<ul>\n<li>Pr\u00e9venir les dommages dus \u00e0 l&rsquo;humidit\u00e9<\/li>\n<li>Diminution du risque de rejet du conteneur<\/li>\n<li>Sans danger pour les aliments<\/li>\n<li>Installation facile<\/li>\n<li>Puissante capacit\u00e9 d&rsquo;absorption<\/li>\n<li>Fonctionne \u00e0 diff\u00e9rentes temp\u00e9ratures<\/li>\n<li>Emp\u00eache la pluie de conteneurs, qui pourrait entra\u00eener des moisissures, de la corrosion ou d&rsquo;autres dommages aux produits.<\/li>\n<\/ul>\n<p><strong>Les avantages de l&rsquo;utilisation du chlorure de calcium sont les suivants :<\/strong><\/p>\n<ul>\n<li>Capacit\u00e9 d&rsquo;absorption \u00e9lev\u00e9e<\/li>\n<li>Large gamme de temp\u00e9ratures<\/li>\n<li>Utilisation s\u00fbre<\/li>\n<li>Respect de l&rsquo;environnement<\/li>\n<li>Peu co\u00fbteux<\/li>\n<\/ul>\n<p><a href=\"https:\/\/praxas.com\/fr\/categorie-produit\/protection-de-la-cargaison\/traitement-de-lair\/deshydratants\/\">Cliquez ici<\/a> pour obtenir une vue d&rsquo;ensemble de notre vaste gamme de d\u00e9shydratants.<\/p>\n","protected":false},"excerpt":{"rendered":"<ul>\n<li>D\u00e9shydratant \u00e0 haute absorption<\/li>\n<li>Large gamme de temp\u00e9ratures<\/li>\n<li>Rentabilit\u00e9<\/li>\n<li>Facile \u00e0 utiliser<\/li>\n<li>Pas de perte d&rsquo;espace de chargement<\/li>\n<li>Respect de l&rsquo;environnement<\/li>\n<\/ul>\n","protected":false},"featured_media":30100,"template":"","meta":{"_acf_changed":false,"content-type":"","_uag_custom_page_level_css":""},"product_brand":[],"product_cat":[2533,1444],"product_tag":[2521,2502],"class_list":{"0":"post-30099","1":"product","2":"type-product","3":"status-publish","4":"has-post-thumbnail","6":"product_cat-protection-de-la-cargaison","7":"product_cat-deshydratants","8":"product_tag-absortech-fr","9":"product_tag-conteneur-deshydratant","11":"first","12":"instock","13":"taxable","14":"shipping-taxable","15":"purchasable","16":"product-type-variable"},"bundled_by":[],"bundle_stock_status":"instock","bundle_stock_quantity":null,"bundle_virtual":false,"bundle_layout":"","bundle_add_to_cart_form_location":"","bundle_editable_in_cart":false,"bundle_sold_individually_context":"","bundle_item_grouping":"","bundle_min_size":"","bundle_max_size":"","bundle_price":[],"bundled_items":[],"bundle_sell_ids":[],"acf":[],"spectra_custom_meta":{"_product_attributes":["a:2:{s:16:\"pa_product-brand\";a:6:{s:4:\"name\";s:16:\"pa_product-brand\";s:5:\"value\";s:0:\"\";s:8:\"position\";i:0;s:10:\"is_visible\";i:1;s:12:\"is_variation\";i:0;s:11:\"is_taxonomy\";i:1;}s:16:\"pa_make-a-choice\";a:6:{s:4:\"name\";s:16:\"pa_make-a-choice\";s:5:\"value\";s:0:\"\";s:8:\"position\";i:1;s:10:\"is_visible\";i:1;s:12:\"is_variation\";i:1;s:11:\"is_taxonomy\";i:1;}}"],"attr_label_translations":["a:1:{s:2:\"fr\";a:1:{s:13:\"make-a-choice\";s:15:\"Faites un choix\";}}"],"_backorders":["no"],"_download_limit":["-1"],"_download_expiry":["-1"],"_downloadable":["no"],"_manage_stock":["no"],"_stock_status":["instock"],"_sold_individually":["no"],"_tax_class":[""],"_tax_status":["taxable"],"_virtual":["no"],"total_sales":["8"],"_price":["169.58","3899.28"],"product_datasheet":[""],"_product_datasheet":["field_650ad7d6ea3a0"],"connectivity":[""],"_connectivity":["field_64dce263bb57c"],"_brand":["field_64ddf62ed2593"],"brand_image":[""],"_brand_image":["field_650c5e7c84cae"],"_specifications_table":["field_65044e1db92a8"],"_display_data_alarm":["field_667d647bcb066"],"_resources":["field_650849c6945ee"],"_accessories":["field_650849e6945f0"],"_faqs":["field_650859523d8d5"],"_calibration_suitable_ids_gb":["field_654b4c4acb54a"],"_calibration_suitable_ids_us":["field_654b4c56cb54b"],"_show_in_calibration_suitable":["field_654cfb691d345"],"_shipping":["field_66852535c98a5"],"_refrigerant_cabinet":["field_66852557c98a6"],"_main_specifications":["field_66855b25b1245"],"_usd_price_4":["field_651570dcac479"],"_usd_price_9":["field_6515713eb4807"],"_usd_price_24":["field_65157141b4809"],"_usd_price_49":["field_65157140b4808"],"_usd_price_99":["field_6515715bb480a"],"_gbp_price_4":["field_6515716e83bfa"],"_gbp_price_9":["field_6515724783bfb"],"_gbp_price_24":["field_6515724b83bfc"],"_gbp_price_49":["field_6515725983bfd"],"_gbp_price_99":["field_6515725d83bfe"],"_usdhk_price_4":["field_6515726f83bff"],"_usdhk_price_9":["field_6515727c83c00"],"_usdhk_price_24":["field_6515728083c01"],"_usdhk_price_49":["field_6515728983c02"],"_usdhk_price_99":["field_6515728e83c03"],"stock_options":["In stock"],"_stock_options":["field_6544b605dc7f9"],"_top_nav_excluded":[""],"_cms_nav_minihome":[""],"wcml_sync_hash":["a:1:{s:15:\"postmeta_fields\";s:32:\"a7228152fdcf961313343bb739a4bf46\";}"],"_product_image_gallery":["30101"],"_thumbnail_id":["30100"],"_crosssell_ids":["a:0:{}"],"_wpml_word_count":["275"],"_edit_lock":["1721807078:8383"],"classic-editor-remember":["classic-editor"],"rank_math_seo_score":["16"],"_edit_last":["8383"],"commercekit_gallery_layout":[""],"commercekit_disable_sticky_atc":["0"],"commercekit_wc_video_gallery":["a:0:{}"],"_rank_math_gtin_code":[""],"_wcml_average_rating":[null],"_wcml_review_count":[null],"_wcml_rating_count":[null],"_stock":[null],"_wc_average_rating":[0],"_wc_review_count":["0"],"_product_version":["9.1.2"],"usd_price_4":[""],"usd_price_9":[""],"usd_price_24":[""],"usd_price_49":[""],"usd_price_99":[""],"gbp_price_4":[""],"gbp_price_9":[""],"gbp_price_24":[""],"gbp_price_49":[""],"gbp_price_99":[""],"usdhk_price_4":[""],"usdhk_price_9":[""],"usdhk_price_24":[""],"usdhk_price_49":[""],"usdhk_price_99":[""],"display_data_alarm":[""],"resources":[""],"calibration":[""],"accessories":[""],"faqs":[""],"calibration_suitable_ids_gb":[""],"calibration_suitable_ids_us":[""],"show_in_calibration_suitable":[""],"other_features":[""],"shipping":[""],"refrigerant_cabinet":[""],"main_specifications":[""],"shoptimizer_layout_pdp_short_description_position":["default"],"_wpml_media_duplicate":["1"],"_wpml_media_featured":["1"],"_last_translation_edit_mode":["translation-editor"],"brand":["Absortech"],"_calibration":["field_66a0ddd599972"],"_sku":["ABSORPOLE"],"min_temp":[""],"max_temp":[""],"_min_temp":["field_67ea5eb4e0a77"],"_max_temp":["field_67ea5f81e0a79"],"rank_math_primary_product_cat":["2529"],"_other_features":["field_686fa2aa98dce"],"rank_math_title":["Protection Absorpole : D\u00e9shydratant pour conteneur %sep% %sitename%"],"specifications_table":["<table class=\"specifications\">\n<tbody>\n<tr>\n<td class=\"left-td\">Longueur<\/td>\n<td>80 mm<\/td>\n<\/tr>\n<tr>\n<td class=\"left-td\">Largeur<\/td>\n<td>120 mm<\/td>\n<\/tr>\n<tr>\n<td class=\"left-td\">Hauteur<\/td>\n<td>80 mm<\/td>\n<\/tr>\n<tr>\n<td class=\"left-td\">Poids<\/td>\n<td>385000 grammes<\/td>\n<\/tr>\n<tr>\n<td class=\"left-td\">Code produit<\/td>\n<td>6000<\/td>\n<\/tr>\n<tr>\n<td class=\"left-td\">Largeur mm<\/td>\n<td>116<\/td>\n<\/tr>\n<tr>\n<td class=\"left-td\">Poids gramme<\/td>\n<td>1500<\/td>\n<\/tr>\n<tr>\n<td class=\"left-td\">Temp\u00e9rature de fonctionnement<\/td>\n<td>De -20\u00b0C \u00e0 +80\u00b0C<\/td>\n<\/tr>\n<tr>\n<td class=\"left-td\">Longueur mm<\/td>\n<td>1180<\/td>\n<\/tr>\n<tr>\n<td class=\"left-td\">Capacit\u00e9 d'enregistrement<\/td>\n<td>2 litres<\/td>\n<\/tr>\n<tr>\n<td class=\"left-td\">Quantit\u00e9 d'absorption<\/td>\n<td>1,2 kilogramme<\/td>\n<\/tr>\n<tr>\n<td class=\"left-td\">Quantit\u00e9 n\u00e9cessaire<\/td>\n<td>4-8 pour un conteneur de 20FT<\/td>\n<\/tr>\n<tr>\n<td class=\"left-td\">Unit\u00e9 de vente<\/td>\n<td>Pcs<\/td>\n<\/tr>\n<tr>\n<td class=\"left-td\">Quantit\u00e9 minimale de commande<\/td>\n<td>8<\/td>\n<\/tr>\n<\/tbody>\n<\/table>"],"_uag_page_assets":["a:9:{s:3:\"css\";s:0:\"\";s:2:\"js\";s:0:\"\";s:18:\"current_block_list\";a:0:{}s:8:\"uag_flag\";b:0;s:11:\"uag_version\";s:10:\"1777380220\";s:6:\"gfonts\";a:0:{}s:10:\"gfonts_url\";s:0:\"\";s:12:\"gfonts_files\";a:0:{}s:14:\"uag_faq_layout\";b:0;}"],"hubwoo_ecomm_invalid_pro":["yes"],"_max_variation_price":[""],"_max_variation_regular_price":[""],"_max_variation_sale_price":[""],"_min_variation_price":[""],"_min_variation_regular_price":[""],"_min_variation_sale_price":[""],"_regular_price":[""],"_sale_price":[""],"_wc_pb_base_regular_price":[""],"_wc_pb_base_sale_price":[""],"_wc_pb_base_price":[""],"_wc_sw_max_price":[""],"_wc_sw_max_regular_price":[""],"_wc_rating_count":[""]},"uagb_featured_image_src":{"full":["https:\/\/praxas.com\/wp-content\/uploads\/absortech-absorpole-container-desiccant-800px.jpg",800,463,false],"thumbnail":["https:\/\/praxas.com\/wp-content\/uploads\/absortech-absorpole-container-desiccant-800px-150x150.jpg",150,150,true],"medium":["https:\/\/praxas.com\/wp-content\/uploads\/absortech-absorpole-container-desiccant-800px-300x174.jpg",300,174,true],"medium_large":["https:\/\/praxas.com\/wp-content\/uploads\/absortech-absorpole-container-desiccant-800px-768x444.jpg",768,444,true],"large":["https:\/\/praxas.com\/wp-content\/uploads\/absortech-absorpole-container-desiccant-800px.jpg",800,463,false],"1536x1536":["https:\/\/praxas.com\/wp-content\/uploads\/absortech-absorpole-container-desiccant-800px.jpg",800,463,false],"2048x2048":["https:\/\/praxas.com\/wp-content\/uploads\/absortech-absorpole-container-desiccant-800px.jpg",800,463,false],"crunchify-admin-post-featured-image":["https:\/\/praxas.com\/wp-content\/uploads\/absortech-absorpole-container-desiccant-800px-120x69.jpg",120,69,true],"commercegurus-pdp-large":["https:\/\/praxas.com\/wp-content\/uploads\/absortech-absorpole-container-desiccant-800px.jpg",800,463,false],"commercegurus-plp-mobile":["https:\/\/praxas.com\/wp-content\/uploads\/absortech-absorpole-container-desiccant-800px-441x255.jpg",441,255,true],"cgkit_image_swatch":["https:\/\/praxas.com\/wp-content\/uploads\/absortech-absorpole-container-desiccant-800px-100x100.jpg",100,100,true],"woocommerce_thumbnail":["https:\/\/praxas.com\/wp-content\/uploads\/absortech-absorpole-container-desiccant-800px-350x203.jpg",350,203,true],"woocommerce_single":["https:\/\/praxas.com\/wp-content\/uploads\/absortech-absorpole-container-desiccant-800px.jpg",800,463,false],"woocommerce_gallery_thumbnail":["https:\/\/praxas.com\/wp-content\/uploads\/absortech-absorpole-container-desiccant-800px-150x87.jpg",150,87,true]},"uagb_author_info":{"display_name":"Andy Price","author_link":"https:\/\/praxas.com\/fr\/author\/"},"uagb_comment_info":0,"uagb_excerpt":"D\u00e9shydratant \u00e0 haute absorption Large gamme de temp\u00e9ratures Rentabilit\u00e9 Facile \u00e0 utiliser Pas de perte d'espace de chargement Respect de l'environnement","_links":{"self":[{"href":"https:\/\/praxas.com\/fr\/wp-json\/wp\/v2\/product\/30099","targetHints":{"allow":["GET"]}}],"collection":[{"href":"https:\/\/praxas.com\/fr\/wp-json\/wp\/v2\/product"}],"about":[{"href":"https:\/\/praxas.com\/fr\/wp-json\/wp\/v2\/types\/product"}],"wp:featuredmedia":[{"embeddable":true,"href":"https:\/\/praxas.com\/fr\/wp-json\/wp\/v2\/media\/30100"}],"wp:attachment":[{"href":"https:\/\/praxas.com\/fr\/wp-json\/wp\/v2\/media?parent=30099"}],"wp:term":[{"taxonomy":"product_brand","embeddable":true,"href":"https:\/\/praxas.com\/fr\/wp-json\/wp\/v2\/product_brand?post=30099"},{"taxonomy":"product_cat","embeddable":true,"href":"https:\/\/praxas.com\/fr\/wp-json\/wp\/v2\/product_cat?post=30099"},{"taxonomy":"product_tag","embeddable":true,"href":"https:\/\/praxas.com\/fr\/wp-json\/wp\/v2\/product_tag?post=30099"}],"curies":[{"name":"wp","href":"https:\/\/api.w.org\/{rel}","templated":true}]}}