{"id":30104,"date":"2024-06-11T15:52:42","date_gmt":"2024-06-11T13:52:42","guid":{"rendered":"https:\/\/staging.praxas.com\/product\/non%20class\u00e9\/pochettes-filtrantes-en-ethylene-gk4-2\/"},"modified":"2025-10-09T09:56:18","modified_gmt":"2025-10-09T07:56:18","slug":"pochettes-filtrantes-en-ethylene-gk4-2","status":"publish","type":"product","link":"https:\/\/praxas.com\/fr\/product\/protection-de-la-cargaison\/pochettes-filtrantes-en-ethylene-gk4-2\/","title":{"rendered":"POCHETTES FILTRANTES EN \u00c9THYL\u00c8NE GK4\/2"},"content":{"rendered":"<p>Le filtre \u00e0 \u00e9thyl\u00e8ne Praxas permet aux produits de m\u00fbrir plus lentement et de prolonger leur dur\u00e9e de conservation pendant le transport ou le stockage. Lors du stockage des fruits et l\u00e9gumes, il est essentiel d&rsquo;\u00e9liminer les agents pathog\u00e8nes et l&rsquo;\u00e9thyl\u00e8ne de l&rsquo;air, en plus de contr\u00f4ler la temp\u00e9rature et l&rsquo;humidit\u00e9. Les filtres \u00e0 \u00e9thyl\u00e8ne Praxas permettent de conserver la fra\u00eecheur des produits plus longtemps !<\/p>\n<p>Placez le sachet dans une bo\u00eete pour \u00e9liminer le gaz \u00e9thyl\u00e8ne et les bact\u00e9ries de l&rsquo;air, ce qui inhibe le processus de maturation. Les filtres \u00e0 \u00e9thyl\u00e8ne Praxas permettent de conserver la fra\u00eecheur des produits plus longtemps !<\/p>\n<p>D\u00e9couvrez d&rsquo;<a href=\"https:\/\/praxas.com\/fr\/categorie-produit\/protection-de-la-cargaison\/traitement-de-lair\/filtres-a-ethylene\/\">autres options<\/a> pour prot\u00e9ger vos denr\u00e9es p\u00e9rissables, et les personnes, d&rsquo;une forte concentration de gaz \u00e9thyl\u00e8ne avec les filtres \u00e0 \u00e9thyl\u00e8ne pour tubes de fret.<\/p>\n<p><strong>Les avantages des filtres \u00e0 \u00e9thyl\u00e8ne de Praxas sont les suivants :<\/strong><\/p>\n<ul>\n<li>Garder les produits stables en rayon plus longtemps<\/li>\n<li>\u00c9limination de l&rsquo;\u00e9thyl\u00e8ne<\/li>\n<li>Capacit\u00e9 d&rsquo;absorption \u00e9lev\u00e9e<\/li>\n<li>Facile \u00e0 placer dans une bo\u00eete<\/li>\n<li>\u00c9limination des spores fongiques et des bact\u00e9ries en suspension dans l&rsquo;air<\/li>\n<\/ul>\n<p><strong>Gaz d&rsquo;\u00e9thyl\u00e8ne<\/strong><\/p>\n<p>L&rsquo;\u00e9thyl\u00e8ne est une hormone v\u00e9g\u00e9tale naturelle, inodore et incolore. Cette hormone affecte le d\u00e9veloppement des plantes, des l\u00e9gumes et des fruits. Il est important pour la croissance, mais un exc\u00e8s d&rsquo;\u00e9thyl\u00e8ne provoque des d\u00e9g\u00e2ts. Un exc\u00e9dent entra\u00eene une surmaturation des fruits et l\u00e9gumes qui ne sont plus commercialisables.<\/p>\n<p>Pendant le transport, les bo\u00eetes sont plac\u00e9es tr\u00e8s pr\u00e8s les unes des autres. Les orifices de ventilation sont donc ferm\u00e9s et le gaz \u00e9thyl\u00e8ne s&rsquo;accumule dans la bo\u00eete. Cela se fait au d\u00e9triment de la qualit\u00e9. Les risques de d\u00e9coloration et de m\u00fbrissement augmentent consid\u00e9rablement.<\/p>\n","protected":false},"excerpt":{"rendered":"<ul>\n<li>Filtre \u00e0 \u00e9thyl\u00e8ne Styveck GK4<\/li>\n<li>Capacit\u00e9 d&rsquo;absorption \u00e9lev\u00e9e<\/li>\n<li>Petit<\/li>\n<li>L\u00e9ger<\/li>\n<li>Haut pouvoir d&rsquo;absorption<\/li>\n<li>Respect de l&rsquo;environnement<\/li>\n<\/ul>\n","protected":false},"featured_media":30105,"template":"","meta":{"_acf_changed":false,"content-type":"","_uag_custom_page_level_css":""},"product_brand":[],"product_cat":[2533,1445],"product_tag":[],"class_list":{"0":"post-30104","1":"product","2":"type-product","3":"status-publish","4":"has-post-thumbnail","6":"product_cat-protection-de-la-cargaison","7":"product_cat-filtres-a-ethylene","9":"first","10":"instock","11":"taxable","12":"shipping-taxable","13":"purchasable","14":"product-type-simple"},"bundled_by":[],"bundle_stock_status":"instock","bundle_stock_quantity":10,"bundle_virtual":false,"bundle_layout":"","bundle_add_to_cart_form_location":"","bundle_editable_in_cart":false,"bundle_sold_individually_context":"","bundle_item_grouping":"","bundle_min_size":"","bundle_max_size":"","bundle_price":[],"bundled_items":[],"bundle_sell_ids":[],"acf":[],"spectra_custom_meta":{"_backorders":["no"],"_download_limit":["-1"],"_download_expiry":["-1"],"_downloadable":["no"],"_sku":["GK4\/2"],"_stock_status":["instock"],"_sold_individually":["no"],"_tax_class":[""],"_tax_status":["taxable"],"_virtual":["no"],"_weight":["14.2"],"_width":["30"],"_height":["35"],"_length":["320"],"total_sales":["1"],"_regular_price":["231.47"],"_price":["231.47"],"product_datasheet":[""],"_product_datasheet":["field_650ad7d6ea3a0"],"connectivity":[""],"_connectivity":["field_64dce263bb57c"],"brand":["Praxas"],"_brand":["field_64ddf62ed2593"],"brand_image":[""],"_brand_image":["field_650c5e7c84cae"],"_specifications_table":["field_65044e1db92a8"],"_display_data_alarm":["field_667d647bcb066"],"_resources":["field_650849c6945ee"],"_accessories":["field_650849e6945f0"],"_faqs":["field_650859523d8d5"],"_calibration_suitable_ids_gb":["field_654b4c4acb54a"],"_calibration_suitable_ids_us":["field_654b4c56cb54b"],"_show_in_calibration_suitable":["field_654cfb691d345"],"_other_features":["field_668524f8c98a4"],"_shipping":["field_66852535c98a5"],"_refrigerant_cabinet":["field_66852557c98a6"],"_main_specifications":["field_66855b25b1245"],"_usd_price_4":["field_651570dcac479"],"_usd_price_9":["field_6515713eb4807"],"_usd_price_24":["field_65157141b4809"],"_usd_price_49":["field_65157140b4808"],"_usd_price_99":["field_6515715bb480a"],"_gbp_price_4":["field_6515716e83bfa"],"_gbp_price_9":["field_6515724783bfb"],"_gbp_price_24":["field_6515724b83bfc"],"_gbp_price_49":["field_6515725983bfd"],"_gbp_price_99":["field_6515725d83bfe"],"_usdhk_price_4":["field_6515726f83bff"],"_usdhk_price_9":["field_6515727c83c00"],"_usdhk_price_24":["field_6515728083c01"],"_usdhk_price_49":["field_6515728983c02"],"_usdhk_price_99":["field_6515728e83c03"],"stock_options":["In stock"],"_stock_options":["field_6544b605dc7f9"],"_top_nav_excluded":[""],"_cms_nav_minihome":[""],"wcml_sync_hash":["a:1:{s:15:\"postmeta_fields\";s:32:\"e3a7c958ad20a927954d008865ff22dd\";}"],"attr_label_translations":["a:0:{}"],"_product_attributes":["a:1:{s:16:\"pa_product-brand\";a:6:{s:4:\"name\";s:16:\"pa_product-brand\";s:5:\"value\";s:0:\"\";s:8:\"position\";i:0;s:10:\"is_visible\";i:1;s:12:\"is_variation\";i:0;s:11:\"is_taxonomy\";i:1;}}"],"_thumbnail_id":["30105"],"_product_image_gallery":["30106"],"_crosssell_ids":["a:0:{}"],"_wpml_word_count":["336"],"_last_translation_edit_mode":["translation-editor"],"_edit_lock":["1721808232:8383"],"classic-editor-remember":["classic-editor"],"rank_math_seo_score":["31"],"_edit_last":["8383"],"commercekit_gallery_layout":[""],"commercekit_disable_sticky_atc":["0"],"commercekit_wc_video_gallery":["a:0:{}"],"_rank_math_gtin_code":[""],"_wcml_average_rating":[null],"_wcml_review_count":[null],"_wcml_rating_count":[null],"_stock":["10.000000"],"_wc_average_rating":[0],"_wc_review_count":["0"],"_product_version":["9.1.2"],"usd_price_4":[""],"usd_price_9":[""],"usd_price_24":[""],"usd_price_49":[""],"usd_price_99":[""],"gbp_price_4":[""],"gbp_price_9":[""],"gbp_price_24":[""],"gbp_price_49":[""],"gbp_price_99":[""],"usdhk_price_4":[""],"usdhk_price_9":[""],"usdhk_price_24":[""],"usdhk_price_49":[""],"usdhk_price_99":[""],"display_data_alarm":[""],"calibration":[""],"accessories":[""],"faqs":[""],"calibration_suitable_ids_gb":[""],"calibration_suitable_ids_us":[""],"show_in_calibration_suitable":[""],"other_features":[""],"shipping":[""],"refrigerant_cabinet":[""],"main_specifications":[""],"shoptimizer_layout_pdp_short_description_position":["default"],"_wpml_media_duplicate":["1"],"_wpml_media_featured":["1"],"_manage_stock":["no"],"_calibration":["field_66a0ddd599972"],"rank_math_primary_product_cat":["2529"],"rank_math_focus_keyword":["Filtre \u00e0 \u00e9thyl\u00e8ne"],"specifications_table":["<table class=\"specifications\">\n<tbody>\n<tr>\n<td class=\"left-td\">Longueur<\/td>\n<td>30 mm<\/td>\n<\/tr>\n<tr>\n<td class=\"left-td\">Largeur<\/td>\n<td>320 mm<\/td>\n<\/tr>\n<tr>\n<td class=\"left-td\">Hauteur<\/td>\n<td>35 mm<\/td>\n<\/tr>\n<tr>\n<td class=\"left-td\">Poids<\/td>\n<td>14200 grammes<\/td>\n<\/tr>\n<tr>\n<td class=\"left-td\">Produit<\/td>\n<td>1101<\/td>\n<\/tr>\n<tr>\n<td class=\"left-td\">Poids gramme<\/td>\n<td>5000<\/td>\n<\/tr>\n<tr>\n<td class=\"left-td\">Composition du grain<\/td>\n<td>AL203-Kmn05<\/td>\n<\/tr>\n<tr>\n<td class=\"left-td\">Unit\u00e9 de vente<\/td>\n<td>Bo\u00eete<\/td>\n<\/tr>\n<tr>\n<td class=\"left-td\">Quantit\u00e9 Bo\u00eete<\/td>\n<td>2500 pi\u00e8ces<\/td>\n<\/tr>\n<tr>\n<td class=\"left-td\">Th\u00e8me<\/td>\n<td>\u00c9thyl\u00e8ne<\/td>\n<\/tr>\n<\/tbody>\n<\/table>"],"resources":["<ul class=\"resources-list\">\n \t<li><a href=\"https:\/\/praxas.com\/wp-content\/uploads\/1105-vrachttubes-ethylene-filter.pdf\" target=\"_blank\" rel=\"noopener\"><img src=\"https:\/\/praxas.com\/wp-content\/uploads\/document-icon.png\" alt=\"Ic\u00f4ne de document\">Brochure sur les sachets d'\u00e9thyl\u00e8ne<\/a><\/li>\n \t<li><a href=\"\/wp-content\/uploads\/2103-msds-gk4p-sachet-blanket-en.pdf\" target=\"_blank\" rel=\"noopener\"><img src=\"https:\/\/praxas.com\/wp-content\/uploads\/document-icon.png\" alt=\"Ic\u00f4ne de document\">Fiche de donn\u00e9es de s\u00e9curit\u00e9 du sachet d'\u00e9thyl\u00e8ne<\/a><\/li>\n<\/ul>"],"_uag_page_assets":["a:9:{s:3:\"css\";s:0:\"\";s:2:\"js\";s:0:\"\";s:18:\"current_block_list\";a:0:{}s:8:\"uag_flag\";b:0;s:11:\"uag_version\";s:10:\"1776350517\";s:6:\"gfonts\";a:0:{}s:10:\"gfonts_url\";s:0:\"\";s:12:\"gfonts_files\";a:0:{}s:14:\"uag_faq_layout\";b:0;}"],"hubwoo_ecomm_pro_id":["25314920851"],"_max_variation_price":[""],"_max_variation_regular_price":[""],"_max_variation_sale_price":[""],"_min_variation_price":[""],"_min_variation_regular_price":[""],"_min_variation_sale_price":[""],"_sale_price":[""],"_wc_pb_base_regular_price":[""],"_wc_pb_base_sale_price":[""],"_wc_pb_base_price":[""],"_wc_sw_max_price":[""],"_wc_sw_max_regular_price":[""],"_wc_rating_count":[""]},"uagb_featured_image_src":{"full":["https:\/\/praxas.com\/wp-content\/uploads\/oxylene-praxas-styveck-gk4-ethylene-filter-5gr-250-800px.jpg",800,463,false],"thumbnail":["https:\/\/praxas.com\/wp-content\/uploads\/oxylene-praxas-styveck-gk4-ethylene-filter-5gr-250-800px-150x150.jpg",150,150,true],"medium":["https:\/\/praxas.com\/wp-content\/uploads\/oxylene-praxas-styveck-gk4-ethylene-filter-5gr-250-800px-300x174.jpg",300,174,true],"medium_large":["https:\/\/praxas.com\/wp-content\/uploads\/oxylene-praxas-styveck-gk4-ethylene-filter-5gr-250-800px-768x444.jpg",768,444,true],"large":["https:\/\/praxas.com\/wp-content\/uploads\/oxylene-praxas-styveck-gk4-ethylene-filter-5gr-250-800px.jpg",800,463,false],"1536x1536":["https:\/\/praxas.com\/wp-content\/uploads\/oxylene-praxas-styveck-gk4-ethylene-filter-5gr-250-800px.jpg",800,463,false],"2048x2048":["https:\/\/praxas.com\/wp-content\/uploads\/oxylene-praxas-styveck-gk4-ethylene-filter-5gr-250-800px.jpg",800,463,false],"crunchify-admin-post-featured-image":["https:\/\/praxas.com\/wp-content\/uploads\/oxylene-praxas-styveck-gk4-ethylene-filter-5gr-250-800px-120x69.jpg",120,69,true],"commercegurus-pdp-large":["https:\/\/praxas.com\/wp-content\/uploads\/oxylene-praxas-styveck-gk4-ethylene-filter-5gr-250-800px.jpg",800,463,false],"commercegurus-plp-mobile":["https:\/\/praxas.com\/wp-content\/uploads\/oxylene-praxas-styveck-gk4-ethylene-filter-5gr-250-800px-441x255.jpg",441,255,true],"cgkit_image_swatch":["https:\/\/praxas.com\/wp-content\/uploads\/oxylene-praxas-styveck-gk4-ethylene-filter-5gr-250-800px-100x100.jpg",100,100,true],"woocommerce_thumbnail":["https:\/\/praxas.com\/wp-content\/uploads\/oxylene-praxas-styveck-gk4-ethylene-filter-5gr-250-800px-350x203.jpg",350,203,true],"woocommerce_single":["https:\/\/praxas.com\/wp-content\/uploads\/oxylene-praxas-styveck-gk4-ethylene-filter-5gr-250-800px.jpg",800,463,false],"woocommerce_gallery_thumbnail":["https:\/\/praxas.com\/wp-content\/uploads\/oxylene-praxas-styveck-gk4-ethylene-filter-5gr-250-800px-150x87.jpg",150,87,true]},"uagb_author_info":{"display_name":"Andy Price","author_link":"https:\/\/praxas.com\/fr\/author\/"},"uagb_comment_info":0,"uagb_excerpt":"Filtre \u00e0 \u00e9thyl\u00e8ne Styveck GK4 Capacit\u00e9 d'absorption \u00e9lev\u00e9e Petit L\u00e9ger Haut pouvoir d'absorption Respect de l'environnement","_links":{"self":[{"href":"https:\/\/praxas.com\/fr\/wp-json\/wp\/v2\/product\/30104","targetHints":{"allow":["GET"]}}],"collection":[{"href":"https:\/\/praxas.com\/fr\/wp-json\/wp\/v2\/product"}],"about":[{"href":"https:\/\/praxas.com\/fr\/wp-json\/wp\/v2\/types\/product"}],"wp:featuredmedia":[{"embeddable":true,"href":"https:\/\/praxas.com\/fr\/wp-json\/wp\/v2\/media\/30105"}],"wp:attachment":[{"href":"https:\/\/praxas.com\/fr\/wp-json\/wp\/v2\/media?parent=30104"}],"wp:term":[{"taxonomy":"product_brand","embeddable":true,"href":"https:\/\/praxas.com\/fr\/wp-json\/wp\/v2\/product_brand?post=30104"},{"taxonomy":"product_cat","embeddable":true,"href":"https:\/\/praxas.com\/fr\/wp-json\/wp\/v2\/product_cat?post=30104"},{"taxonomy":"product_tag","embeddable":true,"href":"https:\/\/praxas.com\/fr\/wp-json\/wp\/v2\/product_tag?post=30104"}],"curies":[{"name":"wp","href":"https:\/\/api.w.org\/{rel}","templated":true}]}}