{"id":30107,"date":"2024-06-11T15:42:26","date_gmt":"2024-06-11T13:42:26","guid":{"rendered":"https:\/\/staging.praxas.com\/product\/non%20class\u00e9\/enregistreur-de-temperature-trid30-7r\/"},"modified":"2025-10-08T18:14:06","modified_gmt":"2025-10-08T16:14:06","slug":"enregistreur-de-temperature-trid30-7r","status":"publish","type":"product","link":"https:\/\/praxas.com\/fr\/product\/data-loggers-fr\/enregistreurs-de-donnees-de-temperature\/enregistreur-de-temperature-trid30-7r\/","title":{"rendered":"Enregistreur de temp\u00e9rature TRID30-7R"},"content":{"rendered":"<p><strong>Veuillez noter que<\/strong> l&rsquo;enregistreur de temp\u00e9rature LogTag TRID30-7R est \u00e9quip\u00e9 d&rsquo;une pile <strong>rempla\u00e7able<\/strong>.<\/p>\n<p>L&rsquo;enregistreur de temp\u00e9rature LogTag TRID30-7R est un enregistreur de temp\u00e9rature conforme aux normes de l&rsquo;OMS, con\u00e7u pour surveiller les conditions de stockage dans les r\u00e9frig\u00e9rateurs de vaccins, les zones de vente au d\u00e9tail et les \u00e9tablissements m\u00e9dicaux.<\/p>\n<p>Cet enregistreur de temp\u00e9rature mesure et surveille les temp\u00e9ratures pendant le transport et le stockage dans une plage de -30\u00b0C \u00e0 +60\u00b0C, ce qui le rend adapt\u00e9 aux environnements de temp\u00e9ratures extr\u00eames pendant le transport.<\/p>\n<p>La mesure pr\u00e9cise de la temp\u00e9rature permet d&rsquo;\u00e9viter les dommages ou la perte de poids pendant le transport. Il est dot\u00e9 d&rsquo;une horloge en temps r\u00e9el qui indique la date et l&rsquo;heure de chaque relev\u00e9 de temp\u00e9rature, ce qui le rend id\u00e9al pour le transport de produits sensibles \u00e0 la temp\u00e9rature et d&rsquo;appareils m\u00e9dicaux.<\/p>\n<p>Les enregistreurs de temp\u00e9rature LogTag sont r\u00e9put\u00e9s pour leur temps de t\u00e9l\u00e9chargement et leur pr\u00e9cision. Avec une dur\u00e9e de vie de la batterie allant jusqu&rsquo;\u00e0 3 ans, vous pouvez compter sur une capture de donn\u00e9es continue et pr\u00e9cise.<\/p>\n<p><strong>Les avantages de l&rsquo;enregistreur de temp\u00e9rature LogTag TRID30-7R sont les suivants :<\/strong><\/p>\n<ul>\n<li>Une plage de temp\u00e9rature de -30\u00b0C \u00e0 +60\u00b0C<\/li>\n<li>Mesures jusqu&rsquo;\u00e0 30 jours<\/li>\n<li>L&rsquo;indicateur d&rsquo;alarme signale les lectures en dehors des limites fix\u00e9es.<\/li>\n<li>Plus de mesures manuelles<\/li>\n<li>Taille compacte pour un transport et un stockage faciles<\/li>\n<li>Conforme aux normes de l&rsquo;OMS<\/li>\n<\/ul>\n<p><strong>\u00c9cran LCD<\/strong><\/p>\n<p>L&rsquo;affichage est une fonctionnalit\u00e9 utile de cet enregistreur de donn\u00e9es. Cet \u00e9cran indique si une temp\u00e9rature trop \u00e9lev\u00e9e ou trop basse a \u00e9t\u00e9 mesur\u00e9e. Il indique \u00e9galement la temp\u00e9rature et l&rsquo;heure du moment, l&rsquo;\u00e9tat de l&rsquo;enregistrement et le niveau de la batterie.<\/p>\n<p>En voyant d&rsquo;un seul coup d&rsquo;\u0153il les temp\u00e9ratures pass\u00e9es et pr\u00e9sentes, il est possible de prendre des mesures.<\/p>\n<p><strong>Conserver les marchandises plus longtemps<\/strong><\/p>\n<p>Cet enregistreur de temp\u00e9rature surveille la temp\u00e9rature pendant le transport sur de courtes ou de longues distances. Il est r\u00e9put\u00e9 pour ses performances \u00e9lev\u00e9es, sa qualit\u00e9 et sa pr\u00e9cision, essentielles pour garantir l&rsquo;int\u00e9grit\u00e9 des produits. Le maintien de temp\u00e9ratures ambiantes appropri\u00e9es est crucial pour la qualit\u00e9 et la s\u00e9curit\u00e9 de produits tels que les m\u00e9dicaments et les vaccins.<\/p>\n<p><strong>Acc\u00e8s facile aux donn\u00e9es<\/strong><\/p>\n<p>Lors de l&rsquo;achat de l&rsquo;enregistreur de temp\u00e9rature, vous b\u00e9n\u00e9ficiez d&rsquo;un acc\u00e8s <strong>gratuit<\/strong> au logiciel LogTag Analyser. Cette plateforme facilite la configuration, le t\u00e9l\u00e9chargement et l&rsquo;affichage des donn\u00e9es de l&rsquo;enregistreur de temp\u00e9rature LogTag TRID30-7R. Les donn\u00e9es peuvent \u00eatre export\u00e9es en toute transparence vers diff\u00e9rents formats de fichiers, y compris Excel.<\/p>\n<p><strong> <\/strong><\/p>\n<p>En d\u00e9ployant le LogTag TRID30-7R dans la cargaison, vous obtenez une connaissance en temps r\u00e9el de la temp\u00e9rature, ce qui vous permet de vous pr\u00e9munir contre les dommages potentiels li\u00e9s au transport.<\/p>\n","protected":false},"excerpt":{"rendered":"<ul>\n<li>Enregistreur de temp\u00e9rature avec affichage<\/li>\n<li>De -30\u00b0C \u00e0 +60\u00b0C<\/li>\n<li>Mesures jusqu&rsquo;\u00e0 30 jours<\/li>\n<li>Tr\u00e8s pr\u00e9cis<\/li>\n<\/ul>\n","protected":false},"featured_media":30108,"template":"","meta":{"_acf_changed":false,"content-type":"","_uag_custom_page_level_css":""},"product_brand":[],"product_cat":[1238],"product_tag":[2516],"class_list":{"0":"post-30107","1":"product","2":"type-product","3":"status-publish","4":"has-post-thumbnail","6":"product_cat-enregistreurs-de-donnees-de-temperature","7":"product_tag-logtag-fr","9":"first","10":"instock","11":"taxable","12":"shipping-taxable","13":"purchasable","14":"product-type-simple"},"bundled_by":[],"bundle_stock_status":"instock","bundle_stock_quantity":null,"bundle_virtual":false,"bundle_layout":"","bundle_add_to_cart_form_location":"","bundle_editable_in_cart":false,"bundle_sold_individually_context":"","bundle_item_grouping":"","bundle_min_size":"","bundle_max_size":"","bundle_price":[],"bundled_items":[],"bundle_sell_ids":[],"acf":[],"spectra_custom_meta":{"_product_attributes":["a:2:{s:16:\"pa_product-brand\";a:6:{s:4:\"name\";s:16:\"pa_product-brand\";s:5:\"value\";s:0:\"\";s:8:\"position\";i:0;s:10:\"is_visible\";i:1;s:12:\"is_variation\";i:0;s:11:\"is_taxonomy\";i:1;}s:16:\"pa_make-a-choice\";a:6:{s:4:\"name\";s:16:\"pa_make-a-choice\";s:5:\"value\";s:0:\"\";s:8:\"position\";i:1;s:10:\"is_visible\";i:1;s:12:\"is_variation\";i:0;s:11:\"is_taxonomy\";i:1;}}"],"attr_label_translations":["a:1:{s:2:\"fr\";a:1:{s:13:\"make-a-choice\";s:15:\"Faites un choix\";}}"],"_backorders":["no"],"_download_limit":["-1"],"_download_expiry":["-1"],"_downloadable":["no"],"_manage_stock":["no"],"_stock_status":["instock"],"_sold_individually":["no"],"_tax_class":[""],"_tax_status":["taxable"],"_virtual":["no"],"total_sales":["4"],"product_datasheet":[""],"_product_datasheet":["field_650ad7d6ea3a0"],"_connectivity":["field_64dce263bb57c"],"brand":["LogTag"],"_brand":["field_64ddf62ed2593"],"brand_image":[""],"_brand_image":["field_650c5e7c84cae"],"_specifications_table":["field_65044e1db92a8"],"_resources":["field_650849c6945ee"],"_accessories":["field_650849e6945f0"],"_faqs":["field_650859523d8d5"],"_calibration_suitable_ids_gb":["field_654b4c4acb54a"],"_calibration_suitable_ids_us":["field_654b4c56cb54b"],"_show_in_calibration_suitable":["field_654cfb691d345"],"_usd_price_4":["field_651570dcac479"],"_usd_price_9":["field_6515713eb4807"],"_usd_price_24":["field_65157141b4809"],"_usd_price_49":["field_65157140b4808"],"_usd_price_99":["field_6515715bb480a"],"_gbp_price_4":["field_6515716e83bfa"],"_gbp_price_9":["field_6515724783bfb"],"_gbp_price_24":["field_6515724b83bfc"],"_gbp_price_49":["field_6515725983bfd"],"_gbp_price_99":["field_6515725d83bfe"],"_usdhk_price_4":["field_6515726f83bff"],"_usdhk_price_9":["field_6515727c83c00"],"_usdhk_price_24":["field_6515728083c01"],"_usdhk_price_49":["field_6515728983c02"],"_usdhk_price_99":["field_6515728e83c03"],"stock_options":["In stock"],"_stock_options":["field_6544b605dc7f9"],"_top_nav_excluded":[""],"_cms_nav_minihome":[""],"wcml_sync_hash":["a:1:{s:15:\"postmeta_fields\";s:32:\"eaa54a03829d495cbd3ad2f0923d76b3\";}"],"_product_image_gallery":["30109,30110,30111"],"_thumbnail_id":["30108"],"_crosssell_ids":["a:0:{}"],"_display_data_alarm":["field_667d647bcb066"],"_other_features":["field_668524f8c98a4"],"_shipping":["field_66852535c98a5"],"_refrigerant_cabinet":["field_66852557c98a6"],"_main_specifications":["field_66855b25b1245"],"_last_translation_edit_mode":["translation-editor"],"connectivity":["Interface Cradle"],"_calibration":["field_66a0ddd599972"],"_edit_lock":["1724249823:8383"],"classic-editor-remember":["classic-editor"],"rank_math_seo_score":["90"],"rank_math_contentai_score":["a:5:{s:8:\"keywords\";s:5:\"74.51\";s:9:\"wordCount\";s:1:\"0\";s:9:\"linkCount\";s:1:\"0\";s:12:\"headingCount\";s:1:\"0\";s:10:\"mediaCount\";s:1:\"0\";}"],"_edit_last":["8383"],"commercekit_gallery_layout":[""],"commercekit_disable_sticky_atc":["0"],"commercekit_wc_video_gallery":["a:0:{}"],"_rank_math_gtin_code":[""],"_wcml_average_rating":[null],"_wcml_review_count":[null],"_wcml_rating_count":[null],"_stock":[null],"_wc_average_rating":[0],"_wc_review_count":["0"],"_product_version":["9.1.4"],"usd_price_4":[""],"usd_price_9":[""],"usd_price_24":[""],"usd_price_49":[""],"usd_price_99":[""],"gbp_price_4":[""],"gbp_price_9":[""],"gbp_price_24":[""],"gbp_price_49":[""],"gbp_price_99":[""],"usdhk_price_4":[""],"usdhk_price_9":[""],"usdhk_price_24":[""],"usdhk_price_49":[""],"usdhk_price_99":[""],"display_data_alarm":[""],"calibration":[""],"faqs":[""],"calibration_suitable_ids_gb":[""],"calibration_suitable_ids_us":[""],"show_in_calibration_suitable":[""],"other_features":[""],"shipping":[""],"refrigerant_cabinet":[""],"main_specifications":[""],"shoptimizer_layout_pdp_short_description_position":["default"],"rank_math_analytic_object_id":["644"],"_wpml_media_duplicate":["1"],"_wpml_media_featured":["1"],"_regular_price":["65.10"],"_price":["65.10","65.10","65.10"],"min_temp":["-30"],"max_temp":["60"],"_min_temp":["field_67ea5eb4e0a77"],"_max_temp":["field_67ea5f81e0a79"],"hubwoo_ecomm_pro_id":["21436051976"],"_wpml_word_count":["525"],"rank_math_primary_product_cat":["87"],"rank_math_description":["Enregistreur de temp\u00e9rature pour un contr\u00f4le pr\u00e9cis. Il dispose d'une plage de -30\u00b0C \u00e0 +60\u00b0C, d'un \u00e9cran LCD et est conforme aux normes de l'OMS. Parfait pour les \u00e9tablissements m\u00e9dicaux. En savoir plus sur Praxas."],"rank_math_focus_keyword":["Enregistreur de temp\u00e9rature"],"specifications_table":["<table class=\"specifications\">\n<tbody>\n<tr>\n<td class=\"left-td\">Mod\u00e8le du produit<\/td>\n<td>TRID30-7R (batterie rempla\u00e7able)<\/td>\n<\/tr>\n<tr>\n<td class=\"left-td\">Plage de mesure de la temp\u00e9rature<\/td>\n<td>De -30\u00b0C \u00e0 +60\u00b0C (de -22\u00b0F \u00e0 +140\u00b0F)<\/td>\n<\/tr>\n<tr>\n<td class=\"left-td\">Plage de temp\u00e9rature de stockage<\/td>\n<td>De -10\u00b0C \u00e0 +40\u00b0C (14\u00b0F \u00e0 +104\u00b0F)<\/td>\n<\/tr>\n<tr>\n<td class=\"left-td\">Temps de r\u00e9action du capteur<\/td>\n<td>Typiquement moins de 5 minutes (T90) dans l'air en mouvement (1m\/s) dans EN12830:1999<\/td>\n<\/tr>\n<tr>\n<td class=\"left-td\">Capacit\u00e9 d'enregistrement<\/td>\n<td>7 650 relev\u00e9s de temp\u00e9rature. 53 jours \u00e0 10 minutes d'enregistrement, 80 jours \u00e0 15 minutes d'enregistrement\nM\u00e9moire de statistiques sommaires journali\u00e8res (pour affichage sur l'\u00e9cran LCD) : jusqu'\u00e0 30 jours de statistiques Max\/Min\/Dur\u00e9e et de d\u00e9clenchement d'alarmes. <\/td>\n<\/tr>\n<tr>\n<td class=\"left-td\">Intervalle d'\u00e9chantillonnage<\/td>\n<td>Configurable de 30 secondes \u00e0 une heure<\/td>\n<\/tr>\n<tr>\n<td class=\"left-td\">Options de d\u00e9marrage de l'enregistrement<\/td>\n<td>D\u00e9marrage par bouton-poussoir ou par date et heure sp\u00e9cifiques.\nD\u00e9lai de d\u00e9marrage optionnel pouvant aller jusqu'\u00e0 18 heures <\/td>\n<\/tr>\n<tr>\n<td class=\"left-td\">Indication d'enregistrement<\/td>\n<td>Indicateur d'\u00e9tat \"REC\"<\/td>\n<\/tr>\n<tr>\n<td class=\"left-td\">Temps de t\u00e9l\u00e9chargement<\/td>\n<td>G\u00e9n\u00e9ralement moins de 5 secondes pour une m\u00e9moire compl\u00e8te (7 650 relev\u00e9s), en fonction de l'ordinateur ou du dispositif de lecture utilis\u00e9.<\/td>\n<\/tr>\n<tr>\n<td class=\"left-td\">Environnement<\/td>\n<td>IP65 (\u00e0 peu pr\u00e8s \u00e9quivalent \u00e0 NEMA 4) en cas de montage vertical ou suspendu<\/td>\n<\/tr>\n<tr>\n<td class=\"left-td\">Source d'alimentation<\/td>\n<td>TRID30-7R (pile rempla\u00e7able) : CR2032 3V LiMnO2<\/td>\n<\/tr>\n<tr>\n<td class=\"left-td\">Dur\u00e9e de vie de la batterie<\/td>\n<td>TRID30-7R (pile rempla\u00e7able) : 1 an de stockage, suivi d'un an de fonctionnement avec une utilisation normale (enregistrement de 6 minutes, statistiques affich\u00e9es sur l'\u00e9cran pas plus d'une fois par jour pendant 30 secondes \u00e0 chaque fois, t\u00e9l\u00e9chargement des donn\u00e9es une fois par mois).<\/td>\n<\/tr>\n<tr>\n<td class=\"left-td\">Horloge temps r\u00e9el<\/td>\n<td>Horloge temps r\u00e9el int\u00e9gr\u00e9e\nPr\u00e9cision nominale \u00b125ppm @ 25\u00b0C (\u00e9quivalent \u00e0 2,5 secondes\/jour)\nLe coefficient de temp\u00e9rature nominal est de -0,034 \u00b10,006ppm\/\u00b0C (c'est-\u00e0-dire typiquement +\/- 0,00294 seconde\/jour\/\u00b0C).<\/td>\n<\/tr>\n<tr>\n<td class=\"left-td\">Interface de connexion<\/td>\n<td>Interface Berceau<\/td>\n<\/tr>\n<tr>\n<td class=\"left-td\">Logiciel<\/td>\n<td>Analyseur LogTag<\/td>\n<\/tr>\n<tr>\n<td class=\"left-td\">Taille<\/td>\n<td>93mm(H) x 54.5mm(L) x 8.6mm(T)<\/td>\n<\/tr>\n<tr>\n<td class=\"left-td\">Poids<\/td>\n<td>TRID30-7R : 41g<\/td>\n<\/tr>\n<tr>\n<td class=\"left-td\">Mat\u00e9riau du bo\u00eetier<\/td>\n<td>Polycarbonate<\/td>\n<\/tr>\n<\/tbody>\n<\/table>"],"resources":["<ul class=\"resources-list\">\n \t<li style=\"list-style-type: none;\">\n<ul class=\"resources-list\">\n \t<li><a href=\"https:\/\/praxas.com\/wp-content\/uploads\/LogTag_TRID30-7_Brochure.pdf\"><img src=\"https:\/\/praxas.com\/wp-content\/uploads\/document-icon.png\" alt=\"Ic\u00f4ne de document\">Brochure LogTag TRID30-7R<\/a><\/li>\n \t<li><img src=\"https:\/\/praxas.com\/wp-content\/uploads\/document-icon.png\" alt=\"Ic\u00f4ne de document\"><a href=\"https:\/\/praxas.com\/wp-content\/uploads\/LogTag_TRID_Quickstart_Guide.pdf\">LogTag TRID30-7R Guide de d\u00e9marrage rapide<\/a><\/li>\n \t<li><img src=\"https:\/\/praxas.com\/wp-content\/uploads\/document-icon.png\" alt=\"Ic\u00f4ne de document\"><a href=\"https:\/\/praxas.com\/wp-content\/uploads\/TRID30-7_Product_User_Guide.pdf\">Manuel d'utilisation du LogTag TRID30-7R<\/a><\/li>\n \t<li><img src=\"https:\/\/praxas.com\/wp-content\/uploads\/document-icon.png\" alt=\"Ic\u00f4ne de document\"><a href=\"https:\/\/praxas.com\/wp-content\/uploads\/TRID30-7R_TRED30-7R_Battery_replacement.pdf\">Guide de remplacement de la batterie du LogTag TRID30-7R<\/a><\/li>\n<\/ul>\n<\/li>\n<\/ul>"],"accessories":["[products skus=\"LTI-HID,PROTECTIVE ENCLOSURE,WMB-1\"]"],"_uag_page_assets":["a:9:{s:3:\"css\";s:0:\"\";s:2:\"js\";s:0:\"\";s:18:\"current_block_list\";a:0:{}s:8:\"uag_flag\";b:0;s:11:\"uag_version\";s:10:\"1777052440\";s:6:\"gfonts\";a:0:{}s:10:\"gfonts_url\";s:0:\"\";s:12:\"gfonts_files\";a:0:{}s:14:\"uag_faq_layout\";b:0;}"],"_max_variation_price":[""],"_max_variation_regular_price":[""],"_max_variation_sale_price":[""],"_min_variation_price":[""],"_min_variation_regular_price":[""],"_min_variation_sale_price":[""],"_sale_price":[""],"_wc_pb_base_regular_price":[""],"_wc_pb_base_sale_price":[""],"_wc_pb_base_price":[""],"_wc_sw_max_price":[""],"_wc_sw_max_regular_price":[""],"_wc_rating_count":[""]},"uagb_featured_image_src":{"full":["https:\/\/praxas.com\/wp-content\/uploads\/logtag-logtag-trid30-7r-temperature-logger-who-wit-800px.jpg",800,463,false],"thumbnail":["https:\/\/praxas.com\/wp-content\/uploads\/logtag-logtag-trid30-7r-temperature-logger-who-wit-800px-150x150.jpg",150,150,true],"medium":["https:\/\/praxas.com\/wp-content\/uploads\/logtag-logtag-trid30-7r-temperature-logger-who-wit-800px-300x174.jpg",300,174,true],"medium_large":["https:\/\/praxas.com\/wp-content\/uploads\/logtag-logtag-trid30-7r-temperature-logger-who-wit-800px-768x444.jpg",768,444,true],"large":["https:\/\/praxas.com\/wp-content\/uploads\/logtag-logtag-trid30-7r-temperature-logger-who-wit-800px.jpg",800,463,false],"1536x1536":["https:\/\/praxas.com\/wp-content\/uploads\/logtag-logtag-trid30-7r-temperature-logger-who-wit-800px.jpg",800,463,false],"2048x2048":["https:\/\/praxas.com\/wp-content\/uploads\/logtag-logtag-trid30-7r-temperature-logger-who-wit-800px.jpg",800,463,false],"crunchify-admin-post-featured-image":["https:\/\/praxas.com\/wp-content\/uploads\/logtag-logtag-trid30-7r-temperature-logger-who-wit-800px-120x69.jpg",120,69,true],"commercegurus-pdp-large":["https:\/\/praxas.com\/wp-content\/uploads\/logtag-logtag-trid30-7r-temperature-logger-who-wit-800px.jpg",800,463,false],"commercegurus-plp-mobile":["https:\/\/praxas.com\/wp-content\/uploads\/logtag-logtag-trid30-7r-temperature-logger-who-wit-800px-441x255.jpg",441,255,true],"cgkit_image_swatch":["https:\/\/praxas.com\/wp-content\/uploads\/logtag-logtag-trid30-7r-temperature-logger-who-wit-800px-100x100.jpg",100,100,true],"woocommerce_thumbnail":["https:\/\/praxas.com\/wp-content\/uploads\/logtag-logtag-trid30-7r-temperature-logger-who-wit-800px-350x203.jpg",350,203,true],"woocommerce_single":["https:\/\/praxas.com\/wp-content\/uploads\/logtag-logtag-trid30-7r-temperature-logger-who-wit-800px.jpg",800,463,false],"woocommerce_gallery_thumbnail":["https:\/\/praxas.com\/wp-content\/uploads\/logtag-logtag-trid30-7r-temperature-logger-who-wit-800px-150x87.jpg",150,87,true]},"uagb_author_info":{"display_name":"Beth Foord","author_link":"https:\/\/praxas.com\/fr\/author\/"},"uagb_comment_info":0,"uagb_excerpt":"Enregistreur de temp\u00e9rature avec affichage De -30\u00b0C \u00e0 +60\u00b0C Mesures jusqu'\u00e0 30 jours Tr\u00e8s pr\u00e9cis","_links":{"self":[{"href":"https:\/\/praxas.com\/fr\/wp-json\/wp\/v2\/product\/30107","targetHints":{"allow":["GET"]}}],"collection":[{"href":"https:\/\/praxas.com\/fr\/wp-json\/wp\/v2\/product"}],"about":[{"href":"https:\/\/praxas.com\/fr\/wp-json\/wp\/v2\/types\/product"}],"wp:featuredmedia":[{"embeddable":true,"href":"https:\/\/praxas.com\/fr\/wp-json\/wp\/v2\/media\/30108"}],"wp:attachment":[{"href":"https:\/\/praxas.com\/fr\/wp-json\/wp\/v2\/media?parent=30107"}],"wp:term":[{"taxonomy":"product_brand","embeddable":true,"href":"https:\/\/praxas.com\/fr\/wp-json\/wp\/v2\/product_brand?post=30107"},{"taxonomy":"product_cat","embeddable":true,"href":"https:\/\/praxas.com\/fr\/wp-json\/wp\/v2\/product_cat?post=30107"},{"taxonomy":"product_tag","embeddable":true,"href":"https:\/\/praxas.com\/fr\/wp-json\/wp\/v2\/product_tag?post=30107"}],"curies":[{"name":"wp","href":"https:\/\/api.w.org\/{rel}","templated":true}]}}