{"id":30115,"date":"2024-06-11T13:52:20","date_gmt":"2024-06-11T11:52:20","guid":{"rendered":"https:\/\/staging.praxas.com\/product\/non%20class\u00e9\/enregistreur-de-temperature-tred30-16r\/"},"modified":"2025-10-09T10:23:51","modified_gmt":"2025-10-09T08:23:51","slug":"enregistreur-de-temperature-tred30-16r","status":"publish","type":"product","link":"https:\/\/praxas.com\/fr\/product\/data-loggers-fr\/enregistreurs-de-donnees-de-temperature\/enregistreur-de-temperature-tred30-16r\/","title":{"rendered":"TRED30-16R Enregistreur de temp\u00e9rature"},"content":{"rendered":"<p>L&rsquo;enregistreur de temp\u00e9rature LogTag TRED30-16R avec capteur externe est con\u00e7u pour une surveillance pr\u00e9cise de la temp\u00e9rature pendant le transport et le stockage. Il peut contenir jusqu&rsquo;\u00e0 15 900 mesures et fonctionne dans une large plage de -40\u00b0C \u00e0 +99\u00b0C en utilisant un capteur externe.<\/p>\n<p>\u00c9quip\u00e9 d&rsquo;une alarme int\u00e9gr\u00e9e, l&rsquo;enregistreur vous informe des \u00e9carts de temp\u00e9rature d\u00e9passant les limites pr\u00e9d\u00e9finies.<\/p>\n<p>La mesure pr\u00e9cise de la temp\u00e9rature pendant le transport r\u00e9duit les risques d&rsquo;endommagement, de perte de poids ou de d\u00e9t\u00e9rioration. L&rsquo;appareil est dot\u00e9 d&rsquo;une horloge en temps r\u00e9el permettant d&rsquo;horodater chaque relev\u00e9, ce qui le rend id\u00e9al pour le transport de marchandises sensibles \u00e0 la temp\u00e9rature.<\/p>\n<p>Les enregistreurs de temp\u00e9rature LogTag se distinguent par leur rapidit\u00e9 de t\u00e9l\u00e9chargement et leur pr\u00e9cision sup\u00e9rieure, gr\u00e2ce \u00e0 une technologie de pointe et \u00e0 une production efficace, ce qui garantit un bon rapport co\u00fbt-efficacit\u00e9 et des performances \u00e9lev\u00e9es.<\/p>\n<p><strong>Les avantages de l&rsquo;enregistreur de temp\u00e9rature LogTag TRED30-16R sont les suivants :<\/strong><\/p>\n<ul>\n<li>Alarme sonore<\/li>\n<li>\u00c9cran LCD<\/li>\n<li>Capacit\u00e9 jusqu&rsquo;\u00e0 15 900 mesures<\/li>\n<li>Capteur externe interchangeable<\/li>\n<li>Plus de mesures manuelles<\/li>\n<\/ul>\n<p><strong>\u00c9cran LCD<\/strong><\/p>\n<p>L&rsquo;affichage est une fonctionnalit\u00e9 utile de cet enregistreur de donn\u00e9es. Cet \u00e9cran indique si la temp\u00e9rature est trop \u00e9lev\u00e9e ou trop basse. En outre, la temp\u00e9rature et l&rsquo;heure du moment, l&rsquo;\u00e9tat de l&rsquo;enregistrement et le niveau de la batterie sont affich\u00e9s.<\/p>\n<p><strong>Acc\u00e8s facile aux donn\u00e9es<\/strong><\/p>\n<p>Lorsque vous achetez l&rsquo;enregistreur de temp\u00e9rature TRED30-16R avec capteur externe, vous b\u00e9n\u00e9ficiez d&rsquo;un acc\u00e8s <strong>gratuit<\/strong> au logiciel LogTag Analyser. Cette plateforme permet la configuration, le t\u00e9l\u00e9chargement et l&rsquo;affichage des donn\u00e9es de temp\u00e9rature. L&rsquo;exportation de donn\u00e9es vers des formats tels qu&rsquo;Excel se fait en toute transparence avec ce logiciel.<\/p>\n<p>&nbsp;<\/p>\n<p>En utilisant l&rsquo;enregistreur de temp\u00e9rature TRED30-16R avec un capteur externe, vous \u00eates toujours au courant de la temp\u00e9rature de votre cargaison et vous \u00e9vitez les dommages li\u00e9s au transport et au stockage.<\/p>\n","protected":false},"excerpt":{"rendered":"<ul>\n<li>Conformit\u00e9 du stockage des vaccins<\/li>\n<li>-40 \u00e0 + 99\u00b0C<\/li>\n<li>Temp\u00e9rature externe et affichage<\/li>\n<li>Plus de 15 000 lectures<\/li>\n<li>Alarme sonore int\u00e9gr\u00e9e<\/li>\n<\/ul>\n","protected":false},"featured_media":49613,"template":"","meta":{"_acf_changed":false,"content-type":"","_uag_custom_page_level_css":""},"product_brand":[],"product_cat":[1238],"product_tag":[2516,2260],"class_list":{"0":"post-30115","1":"product","2":"type-product","3":"status-publish","4":"has-post-thumbnail","6":"product_cat-enregistreurs-de-donnees-de-temperature","7":"product_tag-logtag-fr","8":"product_tag-temperature-fr","10":"first","11":"instock","12":"taxable","13":"shipping-taxable","14":"purchasable","15":"product-type-variable"},"bundled_by":[],"bundle_stock_status":"instock","bundle_stock_quantity":null,"bundle_virtual":false,"bundle_layout":"","bundle_add_to_cart_form_location":"","bundle_editable_in_cart":false,"bundle_sold_individually_context":"","bundle_item_grouping":"","bundle_min_size":"","bundle_max_size":"","bundle_price":[],"bundled_items":[],"bundle_sell_ids":[],"acf":[],"spectra_custom_meta":{"_backorders":["no"],"_download_limit":["-1"],"_download_expiry":["-1"],"_downloadable":["no"],"_manage_stock":["no"],"_sku":["UTRED30-16"],"_stock_status":["instock"],"_sold_individually":["no"],"_tax_class":[""],"_tax_status":["taxable"],"_virtual":["no"],"_weight":["0"],"_width":["0"],"_height":["0"],"_length":["0"],"total_sales":["2"],"product_datasheet":[""],"_product_datasheet":["field_650ad7d6ea3a0"],"_connectivity":["field_64dce263bb57c"],"brand":["LogTag"],"_brand":["field_64ddf62ed2593"],"brand_image":[""],"_brand_image":["field_650c5e7c84cae"],"_specifications_table":["field_65044e1db92a8"],"_resources":["field_650849c6945ee"],"_accessories":["field_650849e6945f0"],"_faqs":["field_650859523d8d5"],"_calibration_suitable_ids_gb":["field_654b4c4acb54a"],"_calibration_suitable_ids_us":["field_654b4c56cb54b"],"_show_in_calibration_suitable":["field_654cfb691d345"],"_usd_price_4":["field_651570dcac479"],"_usd_price_9":["field_6515713eb4807"],"_usd_price_24":["field_65157141b4809"],"_usd_price_49":["field_65157140b4808"],"_usd_price_99":["field_6515715bb480a"],"_gbp_price_4":["field_6515716e83bfa"],"_gbp_price_9":["field_6515724783bfb"],"_gbp_price_24":["field_6515724b83bfc"],"_gbp_price_49":["field_6515725983bfd"],"_gbp_price_99":["field_6515725d83bfe"],"_usdhk_price_4":["field_6515726f83bff"],"_usdhk_price_9":["field_6515727c83c00"],"_usdhk_price_24":["field_6515728083c01"],"_usdhk_price_49":["field_6515728983c02"],"_usdhk_price_99":["field_6515728e83c03"],"stock_options":["In stock"],"_stock_options":["field_6544b605dc7f9"],"_top_nav_excluded":[""],"_cms_nav_minihome":[""],"wcml_sync_hash":["a:1:{s:15:\"postmeta_fields\";s:32:\"29fc894a8f33843463d924baabae2bf9\";}"],"attr_label_translations":["a:0:{}"],"_product_attributes":["a:2:{s:16:\"pa_product-brand\";a:6:{s:4:\"name\";s:16:\"pa_product-brand\";s:5:\"value\";s:0:\"\";s:8:\"position\";i:0;s:10:\"is_visible\";i:1;s:12:\"is_variation\";i:0;s:11:\"is_taxonomy\";i:1;}s:22:\"pa_logtag-probe-choice\";a:6:{s:4:\"name\";s:22:\"pa_logtag-probe-choice\";s:5:\"value\";s:0:\"\";s:8:\"position\";i:1;s:10:\"is_visible\";i:1;s:12:\"is_variation\";i:1;s:11:\"is_taxonomy\";i:1;}}"],"_product_image_gallery":["30118,30119,49619"],"_crosssell_ids":["a:0:{}"],"_display_data_alarm":["field_667d647bcb066"],"_other_features":["field_668524f8c98a4"],"_shipping":["field_66852535c98a5"],"_refrigerant_cabinet":["field_66852557c98a6"],"_main_specifications":["field_66855b25b1245"],"_last_translation_edit_mode":["translation-editor"],"connectivity":["Interface Cradle"],"_calibration":["field_66a0ddd599972"],"_edit_lock":["1724249044:8383"],"classic-editor-remember":["classic-editor"],"rank_math_seo_score":["84"],"rank_math_contentai_score":["a:5:{s:8:\"keywords\";s:5:\"74.51\";s:9:\"wordCount\";s:1:\"0\";s:9:\"linkCount\";s:1:\"0\";s:12:\"headingCount\";s:1:\"0\";s:10:\"mediaCount\";s:1:\"0\";}"],"_edit_last":["8383"],"commercekit_gallery_layout":[""],"commercekit_disable_sticky_atc":["0"],"commercekit_wc_video_gallery":["a:0:{}"],"_rank_math_gtin_code":[""],"_wcml_average_rating":[null],"_wcml_review_count":[null],"_wcml_rating_count":[null],"_stock":[null],"_wc_average_rating":[0],"_wc_review_count":["0"],"_product_version":["9.1.4"],"usd_price_4":[""],"usd_price_9":[""],"usd_price_24":[""],"usd_price_49":[""],"usd_price_99":[""],"gbp_price_4":[""],"gbp_price_9":[""],"gbp_price_24":[""],"gbp_price_49":[""],"gbp_price_99":[""],"usdhk_price_4":[""],"usdhk_price_9":[""],"usdhk_price_24":[""],"usdhk_price_49":[""],"usdhk_price_99":[""],"display_data_alarm":[""],"calibration":[""],"faqs":[""],"calibration_suitable_ids_gb":[""],"calibration_suitable_ids_us":[""],"show_in_calibration_suitable":[""],"other_features":[""],"shipping":[""],"refrigerant_cabinet":[""],"main_specifications":[""],"shoptimizer_layout_pdp_short_description_position":["default"],"rank_math_analytic_object_id":["639"],"_wpml_media_duplicate":["1"],"_wpml_media_featured":["1"],"_price":["75.60","103.60","108.50","109.20","110.60","112","113.40"],"min_temp":["-40"],"_min_temp":["field_67ea5eb4e0a77"],"_max_temp":["field_67ea5f81e0a79"],"_wpml_word_count":["382"],"rank_math_primary_product_cat":["87"],"max_temp":["99"],"_thumbnail_id":["49613"],"_global_unique_id":["850040258219"],"hubwoo_ecomm_invalid_pro":["yes"],"rank_math_description":["Contr\u00f4lez les temp\u00e9ratures de -40 \u00e0 + 99\u00b0C \u00e0 partir d'une sonde externe. Il est dot\u00e9 d'un \u00e9cran LCD, d'une alarme sonore et de 15 000 lectures.  "],"rank_math_focus_keyword":["TRED30-16R"],"specifications_table":["<table class=\"specifications\">\n<tbody>\n<tr>\n<td class=\"left-td\">Capteur externe Plage de mesure<\/td>\n<td>De -40\u00b0C \u00e0 +99\u00b0C (de -40\u00b0F \u00e0 +210\u00b0F)<\/td>\n<\/tr>\n<tr>\n<td class=\"left-td\">Plage de temp\u00e9rature de fonctionnement<\/td>\n<td>De -30\u00b0C \u00e0 +60\u00b0C (de -22\u00b0F \u00e0 +140\u00b0F)<\/td>\n<\/tr>\n<tr>\n<td class=\"left-td\">Plage de temp\u00e9rature de stockage<\/td>\n<td>De -10\u00b0C \u00e0 +40\u00b0C (14\u00b0F \u00e0 +104\u00b0F)<\/td>\n<\/tr>\n<tr>\n<td class=\"left-td\">Temps de r\u00e9action du capteur<\/td>\n<td>G\u00e9n\u00e9ralement inf\u00e9rieur \u00e0 2 minutes (T90) dans l'air en mouvement (1m\/s) pour les types ST100T, ST100H et ST100S.<\/td>\n<\/tr>\n<tr>\n<td class=\"left-td\">Capacit\u00e9 d'enregistrement<\/td>\n<td>15 905 relev\u00e9s de temp\u00e9rature. 66 jours \u00e0 6 minutes d'enregistrement.\nM\u00e9moire de statistiques sommaires journali\u00e8res (pour affichage sur l'\u00e9cran LCD) : jusqu'\u00e0 30 jours de statistiques Max\/Min\/Dur\u00e9e et de d\u00e9clenchement d'alarme. <\/td>\n<\/tr>\n<tr>\n<td class=\"left-td\">Intervalle d'\u00e9chantillonnage<\/td>\n<td>Configurable de 30 secondes \u00e0 une heure<\/td>\n<\/tr>\n<tr>\n<td class=\"left-td\">Options de d\u00e9marrage de l'enregistrement<\/td>\n<td>D\u00e9marrage par bouton-poussoir ou par date et heure sp\u00e9cifiques.\nD\u00e9lai de d\u00e9marrage optionnel pouvant aller jusqu'\u00e0 18 heures <\/td>\n<\/tr>\n<tr>\n<td class=\"left-td\">Indication d'enregistrement<\/td>\n<td>Indicateur d'\u00e9tat \"ENREGISTREMENT\"<\/td>\n<\/tr>\n<tr>\n<td class=\"left-td\">Temps de t\u00e9l\u00e9chargement<\/td>\n<td>G\u00e9n\u00e9ralement moins de 10 secondes pour une m\u00e9moire compl\u00e8te (15 905 relev\u00e9s), en fonction de l'ordinateur ou du dispositif de lecture utilis\u00e9.<\/td>\n<\/tr>\n<tr>\n<td class=\"left-td\">Environnement<\/td>\n<td>IP61 (en cas de montage vertical ou de suspension)<\/td>\n<\/tr>\n<tr>\n<td class=\"left-td\">Source d'alimentation<\/td>\n<td>Pile de 3V CR2032 (LiMnO2), rempla\u00e7able par l'utilisateur<\/td>\n<\/tr>\n<tr>\n<td class=\"left-td\">Autonomie de la batterie<\/td>\n<td>G\u00e9n\u00e9ralement 1 an de fonctionnement.\nREMARQUE : la dur\u00e9e de vie typique de la batterie est bas\u00e9e sur un enregistrement de 6 minutes, les statistiques journali\u00e8res sont consult\u00e9es sur l'\u00e9cran au maximum une fois par jour pendant 30 secondes \u00e0 chaque fois.\nT\u00e9l\u00e9chargez les donn\u00e9es mensuellement.\nREMARQUE : l'activation continue de l'alarme sonore r\u00e9duira la dur\u00e9e de vie de la batterie. Lorsqu'une alarme est d\u00e9clench\u00e9e, il convient de l'effacer et de la r\u00e9initialiser d\u00e8s que possible. <\/td>\n<\/tr>\n<tr>\n<td class=\"left-td\">Horloge temps r\u00e9el<\/td>\n<td>Horloge temps r\u00e9el int\u00e9gr\u00e9e.\nPr\u00e9cision nominale \u00b125ppm @ 25\u00b0C (\u00e9quivalent \u00e0 2,5 secondes\/jour).\nLe coefficient de temp\u00e9rature nominal est de -0,034 \u00b10,006ppm\/\u00b0C (c'est-\u00e0-dire typiquement +\/- 0,00294 seconde\/jour\/\u00b0C).<\/td>\n<\/tr>\n<tr>\n<td class=\"left-td\">Longueur du c\u00e2ble du capteur \u00e0 distance standard<\/td>\n<td>Standard : 1.5m (4'11\u2033).\nExtended : 3m (9'10\u2033) (Maximum recommand\u00e9)<\/td>\n<\/tr>\n<tr>\n<td class=\"left-td\">Type de c\u00e2ble du capteur \u00e0 distance<\/td>\n<td>PTFE (homologu\u00e9 pour le contact alimentaire par la FDA), coaxial<\/td>\n<\/tr>\n<tr>\n<td class=\"left-td\">Taille<\/td>\n<td>93mm(H) x 54.5mm(L) x 8.6mm(T)<\/td>\n<\/tr>\n<tr>\n<td class=\"left-td\">Poids<\/td>\n<td>41g<\/td>\n<\/tr>\n<tr>\n<td class=\"left-td\">Mat\u00e9riau du bo\u00eetier<\/td>\n<td>Polycarbonate<\/td>\n<\/tr>\n<\/tbody>\n<\/table>"],"resources":["<ul class=\"resources-list\">\n \t<li style=\"list-style-type: none;\">\n<ul class=\"resources-list\">\n \t<li><img src=\"https:\/\/praxas.com\/wp-content\/uploads\/document-icon.png\" alt=\"Ic\u00f4ne de document\"><a href=\"https:\/\/praxas.com\/wp-content\/uploads\/LogTag_TRED30-16R_Brochure.pdf\">Brochure LogTag TRED30-16R<\/a><\/li>\n \t<li><img src=\"https:\/\/praxas.com\/wp-content\/uploads\/document-icon.png\" alt=\"Ic\u00f4ne de document\"><a href=\"https:\/\/praxas.com\/wp-content\/uploads\/TRED30-16R-Quick-Start-Guide-1.pdf\">LogTag TRED30-16R Guide de d\u00e9marrage rapide<\/a><\/li>\n \t<li><img src=\"https:\/\/praxas.com\/wp-content\/uploads\/document-icon.png\" alt=\"Ic\u00f4ne de document\"><a href=\"https:\/\/praxas.com\/wp-content\/uploads\/TRED30-16R_Product_User_Guide-1.pdf\">Manuel de l'utilisateur LogTag TRED30-16R<\/a><\/li>\n<\/ul>\n<\/li>\n<\/ul>\n\u00a0"],"accessories":["[products skus=\"LTI-HID,Buffer Bottle,WMB-1\"]"],"_uag_page_assets":["a:9:{s:3:\"css\";s:0:\"\";s:2:\"js\";s:0:\"\";s:18:\"current_block_list\";a:0:{}s:8:\"uag_flag\";b:0;s:11:\"uag_version\";s:10:\"1777052440\";s:6:\"gfonts\";a:0:{}s:10:\"gfonts_url\";s:0:\"\";s:12:\"gfonts_files\";a:0:{}s:14:\"uag_faq_layout\";b:0;}"],"_max_variation_price":[""],"_max_variation_regular_price":[""],"_max_variation_sale_price":[""],"_min_variation_price":[""],"_min_variation_regular_price":[""],"_min_variation_sale_price":[""],"_regular_price":[""],"_sale_price":[""],"_wc_pb_base_regular_price":[""],"_wc_pb_base_sale_price":[""],"_wc_pb_base_price":[""],"_wc_sw_max_price":[""],"_wc_sw_max_regular_price":[""],"_wc_rating_count":[""]},"uagb_featured_image_src":{"full":["https:\/\/praxas.com\/wp-content\/uploads\/TRED30-16R-Front-WEB.jpg",1200,680,false],"thumbnail":["https:\/\/praxas.com\/wp-content\/uploads\/TRED30-16R-Front-WEB-150x150.jpg",150,150,true],"medium":["https:\/\/praxas.com\/wp-content\/uploads\/TRED30-16R-Front-WEB-300x170.jpg",300,170,true],"medium_large":["https:\/\/praxas.com\/wp-content\/uploads\/TRED30-16R-Front-WEB-768x435.jpg",768,435,true],"large":["https:\/\/praxas.com\/wp-content\/uploads\/TRED30-16R-Front-WEB-1024x580.jpg",1024,580,true],"1536x1536":["https:\/\/praxas.com\/wp-content\/uploads\/TRED30-16R-Front-WEB.jpg",1200,680,false],"2048x2048":["https:\/\/praxas.com\/wp-content\/uploads\/TRED30-16R-Front-WEB.jpg",1200,680,false],"crunchify-admin-post-featured-image":["https:\/\/praxas.com\/wp-content\/uploads\/TRED30-16R-Front-WEB-120x68.jpg",120,68,true],"commercegurus-pdp-large":["https:\/\/praxas.com\/wp-content\/uploads\/TRED30-16R-Front-WEB-990x561.jpg",990,561,true],"commercegurus-plp-mobile":["https:\/\/praxas.com\/wp-content\/uploads\/TRED30-16R-Front-WEB-441x250.jpg",441,250,true],"cgkit_image_swatch":["https:\/\/praxas.com\/wp-content\/uploads\/TRED30-16R-Front-WEB-100x100.jpg",100,100,true],"woocommerce_thumbnail":["https:\/\/praxas.com\/wp-content\/uploads\/TRED30-16R-Front-WEB-350x198.jpg",350,198,true],"woocommerce_single":["https:\/\/praxas.com\/wp-content\/uploads\/TRED30-16R-Front-WEB-800x453.jpg",800,453,true],"woocommerce_gallery_thumbnail":["https:\/\/praxas.com\/wp-content\/uploads\/TRED30-16R-Front-WEB-150x85.jpg",150,85,true]},"uagb_author_info":{"display_name":"Beth Foord","author_link":"https:\/\/praxas.com\/fr\/author\/"},"uagb_comment_info":0,"uagb_excerpt":"Conformit\u00e9 du stockage des vaccins -40 \u00e0 + 99\u00b0C Temp\u00e9rature externe et affichage Plus de 15 000 lectures Alarme sonore int\u00e9gr\u00e9e","_links":{"self":[{"href":"https:\/\/praxas.com\/fr\/wp-json\/wp\/v2\/product\/30115","targetHints":{"allow":["GET"]}}],"collection":[{"href":"https:\/\/praxas.com\/fr\/wp-json\/wp\/v2\/product"}],"about":[{"href":"https:\/\/praxas.com\/fr\/wp-json\/wp\/v2\/types\/product"}],"wp:featuredmedia":[{"embeddable":true,"href":"https:\/\/praxas.com\/fr\/wp-json\/wp\/v2\/media\/49613"}],"wp:attachment":[{"href":"https:\/\/praxas.com\/fr\/wp-json\/wp\/v2\/media?parent=30115"}],"wp:term":[{"taxonomy":"product_brand","embeddable":true,"href":"https:\/\/praxas.com\/fr\/wp-json\/wp\/v2\/product_brand?post=30115"},{"taxonomy":"product_cat","embeddable":true,"href":"https:\/\/praxas.com\/fr\/wp-json\/wp\/v2\/product_cat?post=30115"},{"taxonomy":"product_tag","embeddable":true,"href":"https:\/\/praxas.com\/fr\/wp-json\/wp\/v2\/product_tag?post=30115"}],"curies":[{"name":"wp","href":"https:\/\/api.w.org\/{rel}","templated":true}]}}