{"id":30120,"date":"2024-06-11T15:21:26","date_gmt":"2024-06-11T13:21:26","guid":{"rendered":"https:\/\/staging.praxas.com\/product\/non%20class\u00e9\/tubes-filtrants-en-ethylene-ef50\/"},"modified":"2025-09-11T16:38:00","modified_gmt":"2025-09-11T14:38:00","slug":"tubes-filtrants-en-ethylene-ef50","status":"publish","type":"product","link":"https:\/\/praxas.com\/fr\/product\/protection-de-la-cargaison\/tubes-filtrants-en-ethylene-ef50\/","title":{"rendered":"TUBES FILTRANTS EN \u00c9THYL\u00c8NE EF50"},"content":{"rendered":"<p>Le Freighttube EF50 est un tube-filtre \u00e0 \u00e9thyl\u00e8ne con\u00e7u pour prot\u00e9ger les denr\u00e9es p\u00e9rissables contre les concentrations \u00e9lev\u00e9es de gaz \u00e9thyl\u00e8ne. Gr\u00e2ce \u00e0 ses caract\u00e9ristiques uniques, il est le premier sur le march\u00e9 \u00e0 prot\u00e9ger des fruits sp\u00e9cifiques et \u00e0 garantir la s\u00e9curit\u00e9 de ceux qui participent \u00e0 leur production.<\/p>\n<p>Ces filtres ont une <strong>longueur de 75 cm<\/strong> et contiennent les granul\u00e9s GK3 et GK4 pour une capacit\u00e9 d&rsquo;absorption de plus de 3 et 4 litres d&rsquo;\u00e9thyl\u00e8ne respectivement par kilogramme de GreenKeeper. Des formats avec charbon actif sont disponibles pour certaines applications.<\/p>\n<p><strong>Ces granul\u00e9s sont sp\u00e9cialement con\u00e7us pour :<\/strong><\/p>\n<ul>\n<li>Produire un minimum de poussi\u00e8re<\/li>\n<li>Obtenir une grande efficacit\u00e9, en r\u00e9duisant les niveaux d&rsquo;\u00e9thyl\u00e8ne dans le conteneur plus efficacement que tout autre produit sur le march\u00e9.<\/li>\n<li>Fournir une capacit\u00e9 extr\u00eamement \u00e9lev\u00e9e sans les risques associ\u00e9s au permanganate de sodium<\/li>\n<\/ul>\n<p>Le syst\u00e8me \u00ab\u00a0Easyfit\u00a0\u00bb int\u00e8gre des raccords \u00e0 brides dans le couvercle, ce qui rend l&rsquo;assemblage du filtre rapide et facile, avec d&rsquo;autres avantages :<\/p>\n<ul>\n<li>Il n&rsquo;est pas n\u00e9cessaire de plier les brides en plastique, ce qui \u00e9vite la difficult\u00e9 de les faire passer dans les trous de la grille.<\/li>\n<li>Brides pr\u00e9form\u00e9es avec une courbe douce pour une installation plus ais\u00e9e<\/li>\n<li>Les brides ancr\u00e9es permettent au cordon d&rsquo;entrer dans quatre positions diff\u00e9rentes, ce qui offre une grande flexibilit\u00e9, en particulier pour les installations sur camion.<\/li>\n<\/ul>\n<p>Un adh\u00e9sif double face est disponible pour le filtre Freight tube EF50, ce qui facilite son installation dans les camions \u00e9quip\u00e9s de syst\u00e8mes de ventilation \u00e0 tubes en plastique d\u00e9pourvus de guides perfor\u00e9s.<\/p>\n<p>Le calcul de la capacit\u00e9 d&rsquo;absorption th\u00e9orique requise d\u00e9pend des \u00e9l\u00e9ments suivants :<\/p>\n<ul>\n<li>Le type de fruit<\/li>\n<li>Les jours de transit<\/li>\n<li>Les kilos transport\u00e9s<\/li>\n<\/ul>\n<p>Mesure de la capacit\u00e9 restante : La capacit\u00e9 de filtration disponible peut \u00eatre ajust\u00e9e de mani\u00e8re r\u00e9aliste. Cette m\u00e9thode permet de tenir compte de variables telles que les influences saisonni\u00e8res et les diff\u00e9rents niveaux de maturit\u00e9.<\/p>\n<p>Ces filtres sont livr\u00e9s par paquets de 18.<\/p>\n<p>Vous pouvez \u00e9galement commander des filtres \u00e0 \u00e9thyl\u00e8ne \u00e0 placer dans les bo\u00eetes. Consultez la gamme de filtres \u00e0 \u00e9thyl\u00e8ne Praxas Styveck <a href=\"https:\/\/praxas.com\/es\/product\/proteccion-de-la-carga\/bolsas-filtrantes-de-etileno-gk4-2\/\">ici<\/a>.<\/p>\n","protected":false},"excerpt":{"rendered":"<ul>\n<li>Box Freight Tube Filtre \u00e0 \u00e9thyl\u00e8ne<\/li>\n<li>Capacit\u00e9 d&rsquo;absorption \u00e9lev\u00e9e<\/li>\n<li>Grain rond<\/li>\n<li>Facile \u00e0 fixer<\/li>\n<li>18 Paquet<\/li>\n<\/ul>\n","protected":false},"featured_media":30121,"template":"","meta":{"_acf_changed":false,"content-type":"","_uag_custom_page_level_css":""},"product_brand":[],"product_cat":[2533,1445],"product_tag":[],"class_list":{"0":"post-30120","1":"product","2":"type-product","3":"status-publish","4":"has-post-thumbnail","6":"product_cat-protection-de-la-cargaison","7":"product_cat-filtres-a-ethylene","9":"first","10":"instock","11":"taxable","12":"shipping-taxable","13":"purchasable","14":"product-type-simple"},"bundled_by":[],"bundle_stock_status":"instock","bundle_stock_quantity":null,"bundle_virtual":false,"bundle_layout":"","bundle_add_to_cart_form_location":"","bundle_editable_in_cart":false,"bundle_sold_individually_context":"","bundle_item_grouping":"","bundle_min_size":"","bundle_max_size":"","bundle_price":[],"bundled_items":[],"bundle_sell_ids":[],"acf":[],"spectra_custom_meta":{"_product_attributes":["a:2:{s:16:\"pa_product-brand\";a:6:{s:4:\"name\";s:16:\"pa_product-brand\";s:5:\"value\";s:0:\"\";s:8:\"position\";i:0;s:10:\"is_visible\";i:1;s:12:\"is_variation\";i:0;s:11:\"is_taxonomy\";i:1;}s:16:\"pa_make-a-choice\";a:6:{s:4:\"name\";s:16:\"pa_make-a-choice\";s:5:\"value\";s:0:\"\";s:8:\"position\";i:1;s:10:\"is_visible\";i:1;s:12:\"is_variation\";i:1;s:11:\"is_taxonomy\";i:1;}}"],"attr_label_translations":["a:1:{s:2:\"fr\";a:1:{s:13:\"make-a-choice\";s:15:\"Faites un choix\";}}"],"_backorders":["no"],"_download_limit":["-1"],"_download_expiry":["-1"],"_downloadable":["no"],"_manage_stock":["no"],"_sku":["EF50-HC"],"_stock_status":["instock"],"_sold_individually":["no"],"_tax_class":[""],"_tax_status":["taxable"],"_virtual":["no"],"product_datasheet":[""],"_product_datasheet":["field_650ad7d6ea3a0"],"connectivity":[""],"_connectivity":["field_64dce263bb57c"],"brand":["Praxas"],"_brand":["field_64ddf62ed2593"],"brand_image":[""],"_brand_image":["field_650c5e7c84cae"],"_specifications_table":["field_65044e1db92a8"],"_display_data_alarm":["field_667d647bcb066"],"_resources":["field_650849c6945ee"],"_accessories":["field_650849e6945f0"],"_faqs":["field_650859523d8d5"],"_calibration_suitable_ids_gb":["field_654b4c4acb54a"],"_calibration_suitable_ids_us":["field_654b4c56cb54b"],"_show_in_calibration_suitable":["field_654cfb691d345"],"_shipping":["field_66852535c98a5"],"_refrigerant_cabinet":["field_66852557c98a6"],"_main_specifications":["field_66855b25b1245"],"_usd_price_4":["field_651570dcac479"],"_usd_price_9":["field_6515713eb4807"],"_usd_price_24":["field_65157141b4809"],"_usd_price_49":["field_65157140b4808"],"_usd_price_99":["field_6515715bb480a"],"_gbp_price_4":["field_6515716e83bfa"],"_gbp_price_9":["field_6515724783bfb"],"_gbp_price_24":["field_6515724b83bfc"],"_gbp_price_49":["field_6515725983bfd"],"_gbp_price_99":["field_6515725d83bfe"],"_usdhk_price_4":["field_6515726f83bff"],"_usdhk_price_9":["field_6515727c83c00"],"_usdhk_price_24":["field_6515728083c01"],"_usdhk_price_49":["field_6515728983c02"],"_usdhk_price_99":["field_6515728e83c03"],"stock_options":["In stock"],"_stock_options":["field_6544b605dc7f9"],"_top_nav_excluded":[""],"_cms_nav_minihome":[""],"wcml_sync_hash":["a:1:{s:15:\"postmeta_fields\";s:32:\"338f08404901db71660762afab598464\";}"],"_thumbnail_id":["30121"],"_product_image_gallery":["30122"],"_crosssell_ids":["a:0:{}"],"_last_translation_edit_mode":["translation-editor"],"_edit_lock":["1721807831:8383"],"classic-editor-remember":["classic-editor"],"rank_math_seo_score":["30"],"_edit_last":["8383"],"commercekit_gallery_layout":[""],"commercekit_disable_sticky_atc":["0"],"commercekit_wc_video_gallery":["a:0:{}"],"_rank_math_gtin_code":[""],"_wcml_average_rating":[null],"_wcml_review_count":[null],"_wcml_rating_count":[null],"_stock":[null],"_wc_average_rating":[0],"_wc_review_count":["0"],"_product_version":["9.1.2"],"usd_price_4":[""],"usd_price_9":[""],"usd_price_24":[""],"usd_price_49":[""],"usd_price_99":[""],"gbp_price_4":[""],"gbp_price_9":[""],"gbp_price_24":[""],"gbp_price_49":[""],"gbp_price_99":[""],"usdhk_price_4":[""],"usdhk_price_9":[""],"usdhk_price_24":[""],"usdhk_price_49":[""],"usdhk_price_99":[""],"display_data_alarm":[""],"calibration":[""],"accessories":[""],"faqs":[""],"calibration_suitable_ids_gb":[""],"calibration_suitable_ids_us":[""],"show_in_calibration_suitable":[""],"other_features":[""],"shipping":[""],"refrigerant_cabinet":[""],"main_specifications":[""],"shoptimizer_layout_pdp_short_description_position":["default"],"_wpml_media_duplicate":["1"],"_wpml_media_featured":["1"],"_calibration":["field_66a0ddd599972"],"min_temp":[""],"max_temp":[""],"_min_temp":["field_67ea5eb4e0a77"],"_max_temp":["field_67ea5f81e0a79"],"_wpml_word_count":["409"],"rank_math_primary_product_cat":["2529"],"_weight":["15"],"_regular_price":["340.20"],"_price":["340.20","340.20"],"_other_features":["field_686fa2aa98dce"],"rank_math_focus_keyword":["Filtre \u00e0 \u00e9thyl\u00e8ne"],"specifications_table":["<table class=\"specifications\">\n<tbody>\n<tr>\n<td class=\"td-left\">Longueur<\/td>\n<td>105 mm<\/td>\n<\/tr>\n<tr>\n<td class=\"td-left\">Largeur<\/td>\n<td>17 mm<\/td>\n<\/tr>\n<tr>\n<td class=\"td-left\">Hauteur<\/td>\n<td>18mm<\/td>\n<\/tr>\n<tr>\n<td class=\"td-left\">Poids<\/td>\n<td>15000 grammes<\/td>\n<\/tr>\n<tr>\n<td class=\"td-left\">Produit<\/td>\n<td>1105<\/td>\n<\/tr>\n<tr>\n<td class=\"td-left\">Hauteur mm<\/td>\n<td>500<\/td>\n<\/tr>\n<tr>\n<td class=\"td-left\">Hauteur mm<\/td>\n<td>50<\/td>\n<\/tr>\n<tr>\n<td class=\"td-left\">Poids gramme<\/td>\n<td>530<\/td>\n<\/tr>\n<tr>\n<td class=\"td-left\">Composition du grain<\/td>\n<td>AL203-KmnO4<\/td>\n<\/tr>\n<tr>\n<td class=\"td-left\">Capacit\u00e9<\/td>\n<td>1,5 litre<\/td>\n<\/tr>\n<tr>\n<td class=\"td-left\">Quantit\u00e9 n\u00e9cessaire de<\/td>\n<td>2 - 8<\/td>\n<\/tr>\n<tr>\n<td class=\"td-left\">Poids (en vrac \/ emball\u00e9)<\/td>\n<td>9550 g par bo\u00eete<\/td>\n<\/tr>\n<tr>\n<td class=\"td-left\">Unit\u00e9 de vente<\/td>\n<td>Bo\u00eete<\/td>\n<\/tr>\n<tr>\n<td class=\"td-left\">Quantit\u00e9 Bo\u00eete<\/td>\n<td>18<\/td>\n<\/tr>\n<tr>\n<td class=\"td-left\">Th\u00e8me<\/td>\n<td>\u00c9thyl\u00e8ne<\/td>\n<\/tr>\n<tr>\n<td class=\"td-left\">Quantit\u00e9 minimale de commande<\/td>\n<td>18<\/td>\n<\/tr>\n<\/tbody>\n<\/table>"],"resources":["<ul class=\"resources-list\">\n \t<li><a href=\"https:\/\/praxas.com\/wp-content\/uploads\/1105-vrachttubes-ethylene-filter.pdf\" target=\"_blank\" rel=\"noopener\"><img src=\"https:\/\/praxas.com\/wp-content\/uploads\/document-icon.png\" alt=\"Ic\u00f4ne de document\">Brochure Praxas Freight Tube<\/a><\/li>\n<\/ul>"],"_uag_page_assets":["a:9:{s:3:\"css\";s:0:\"\";s:2:\"js\";s:0:\"\";s:18:\"current_block_list\";a:0:{}s:8:\"uag_flag\";b:0;s:11:\"uag_version\";s:10:\"1777020109\";s:6:\"gfonts\";a:0:{}s:10:\"gfonts_url\";s:0:\"\";s:12:\"gfonts_files\";a:0:{}s:14:\"uag_faq_layout\";b:0;}"],"total_sales":["33"],"hubwoo_ecomm_pro_id":["29185982341"],"_max_variation_price":[""],"_max_variation_regular_price":[""],"_max_variation_sale_price":[""],"_min_variation_price":[""],"_min_variation_regular_price":[""],"_min_variation_sale_price":[""],"_sale_price":[""],"_wc_pb_base_regular_price":[""],"_wc_pb_base_sale_price":[""],"_wc_pb_base_price":[""],"_wc_sw_max_price":[""],"_wc_sw_max_regular_price":[""],"_wc_rating_count":[""]},"uagb_featured_image_src":{"full":["https:\/\/praxas.com\/wp-content\/uploads\/oxylene-box-freight-tube-ethylene-filters-18-pcs-800px.jpg",800,463,false],"thumbnail":["https:\/\/praxas.com\/wp-content\/uploads\/oxylene-box-freight-tube-ethylene-filters-18-pcs-800px-150x150.jpg",150,150,true],"medium":["https:\/\/praxas.com\/wp-content\/uploads\/oxylene-box-freight-tube-ethylene-filters-18-pcs-800px-300x174.jpg",300,174,true],"medium_large":["https:\/\/praxas.com\/wp-content\/uploads\/oxylene-box-freight-tube-ethylene-filters-18-pcs-800px-768x444.jpg",768,444,true],"large":["https:\/\/praxas.com\/wp-content\/uploads\/oxylene-box-freight-tube-ethylene-filters-18-pcs-800px.jpg",800,463,false],"1536x1536":["https:\/\/praxas.com\/wp-content\/uploads\/oxylene-box-freight-tube-ethylene-filters-18-pcs-800px.jpg",800,463,false],"2048x2048":["https:\/\/praxas.com\/wp-content\/uploads\/oxylene-box-freight-tube-ethylene-filters-18-pcs-800px.jpg",800,463,false],"crunchify-admin-post-featured-image":["https:\/\/praxas.com\/wp-content\/uploads\/oxylene-box-freight-tube-ethylene-filters-18-pcs-800px-120x69.jpg",120,69,true],"commercegurus-pdp-large":["https:\/\/praxas.com\/wp-content\/uploads\/oxylene-box-freight-tube-ethylene-filters-18-pcs-800px.jpg",800,463,false],"commercegurus-plp-mobile":["https:\/\/praxas.com\/wp-content\/uploads\/oxylene-box-freight-tube-ethylene-filters-18-pcs-800px-441x255.jpg",441,255,true],"cgkit_image_swatch":["https:\/\/praxas.com\/wp-content\/uploads\/oxylene-box-freight-tube-ethylene-filters-18-pcs-800px-100x100.jpg",100,100,true],"woocommerce_thumbnail":["https:\/\/praxas.com\/wp-content\/uploads\/oxylene-box-freight-tube-ethylene-filters-18-pcs-800px-350x203.jpg",350,203,true],"woocommerce_single":["https:\/\/praxas.com\/wp-content\/uploads\/oxylene-box-freight-tube-ethylene-filters-18-pcs-800px.jpg",800,463,false],"woocommerce_gallery_thumbnail":["https:\/\/praxas.com\/wp-content\/uploads\/oxylene-box-freight-tube-ethylene-filters-18-pcs-800px-150x87.jpg",150,87,true]},"uagb_author_info":{"display_name":"Andy Price","author_link":"https:\/\/praxas.com\/fr\/author\/"},"uagb_comment_info":0,"uagb_excerpt":"Box Freight Tube Filtre \u00e0 \u00e9thyl\u00e8ne Capacit\u00e9 d'absorption \u00e9lev\u00e9e Grain rond Facile \u00e0 fixer 18 Paquet","_links":{"self":[{"href":"https:\/\/praxas.com\/fr\/wp-json\/wp\/v2\/product\/30120","targetHints":{"allow":["GET"]}}],"collection":[{"href":"https:\/\/praxas.com\/fr\/wp-json\/wp\/v2\/product"}],"about":[{"href":"https:\/\/praxas.com\/fr\/wp-json\/wp\/v2\/types\/product"}],"wp:featuredmedia":[{"embeddable":true,"href":"https:\/\/praxas.com\/fr\/wp-json\/wp\/v2\/media\/30121"}],"wp:attachment":[{"href":"https:\/\/praxas.com\/fr\/wp-json\/wp\/v2\/media?parent=30120"}],"wp:term":[{"taxonomy":"product_brand","embeddable":true,"href":"https:\/\/praxas.com\/fr\/wp-json\/wp\/v2\/product_brand?post=30120"},{"taxonomy":"product_cat","embeddable":true,"href":"https:\/\/praxas.com\/fr\/wp-json\/wp\/v2\/product_cat?post=30120"},{"taxonomy":"product_tag","embeddable":true,"href":"https:\/\/praxas.com\/fr\/wp-json\/wp\/v2\/product_tag?post=30120"}],"curies":[{"name":"wp","href":"https:\/\/api.w.org\/{rel}","templated":true}]}}