{"id":30126,"date":"2024-06-10T18:00:21","date_gmt":"2024-06-10T16:00:21","guid":{"rendered":"https:\/\/staging.praxas.com\/product\/non%20class\u00e9\/trel-8-enregistreur-de-temperature-pour-glace-seche\/"},"modified":"2025-10-09T14:18:22","modified_gmt":"2025-10-09T12:18:22","slug":"trel-8-enregistreur-de-temperature-pour-glace-seche","status":"publish","type":"product","link":"https:\/\/praxas.com\/fr\/product\/data-loggers-fr\/enregistreurs-de-donnees-de-temperature\/trel-8-enregistreur-de-temperature-pour-glace-seche\/","title":{"rendered":"TREL-8 Enregistreur de temp\u00e9rature \u00e0 glace s\u00e8che"},"content":{"rendered":"<p>L&rsquo;enregistreur de temp\u00e9rature de glace s\u00e8che LogTag TREL-8, \u00e9quip\u00e9 d&rsquo;un capteur de temp\u00e9rature externe, vous permet de mesurer et de contr\u00f4ler les temp\u00e9ratures pendant le transport et le stockage. Cet enregistreur est sp\u00e9cialement con\u00e7u pour la mesure des basses temp\u00e9ratures et le transport de produits et d&#8217;emballages avec de la glace carbonique.<\/p>\n<p>Le LogTag TREL-8 mesure et enregistre jusqu&rsquo;\u00e0 8 000 relev\u00e9s de temp\u00e9rature dans une plage de -80\u00b0C \u00e0 +40\u00b0C (-112\u00b0F \u00e0 +104\u00b0F). Il est donc id\u00e9al pour surveiller les transports qui doivent \u00eatre maintenus \u00e0 basse temp\u00e9rature, tels que les cargaisons contenant des r\u00e9frig\u00e9rants avec de la glace s\u00e8che. L&rsquo;indicateur d&rsquo;alarme vous avertit lorsque les relev\u00e9s sortent des limites pr\u00e9d\u00e9finies.<\/p>\n<p>La mesure pr\u00e9cise de la temp\u00e9rature pendant le transport permet d&rsquo;\u00e9viter les dommages et la perte de poids. Avec des fonctions int\u00e9gr\u00e9es telles qu&rsquo;une horloge en temps r\u00e9el qui indique la date et l&rsquo;heure de chaque relev\u00e9 de temp\u00e9rature, cet enregistreur est parfait pour le transport de produits sensibles \u00e0 la temp\u00e9rature.<\/p>\n<p>Les enregistreurs de temp\u00e9rature LogTag sont connus pour avoir le meilleur temps de t\u00e9l\u00e9chargement et la meilleure pr\u00e9cision du march\u00e9. Avec une dur\u00e9e de vie de la batterie allant jusqu&rsquo;\u00e0 3 ans, vous \u00eates assur\u00e9 de disposer de donn\u00e9es pr\u00e9cises.<\/p>\n<p><strong>Les avantages de l&rsquo;enregistreur LogTag TREL-8 sont les suivants :<\/strong><\/p>\n<ul>\n<li>8 000 points de mesure<\/li>\n<li>Plage de temp\u00e9rature de -80 \u00e0 +40 \u00b0C<\/li>\n<li>Dur\u00e9e de vie de la batterie jusqu&rsquo;\u00e0 3 ans<\/li>\n<li>Conforme \u00e0 la FDA<\/li>\n<li>Param\u00e8tres d&rsquo;alarme et indicateurs LED personnalisables<\/li>\n<li>L&rsquo;indicateur d&rsquo;alarme signale les relev\u00e9s en dehors des limites fix\u00e9es<\/li>\n<li>Pas de lecture manuelle<\/li>\n<li>Taille compacte pour un transport et un stockage faciles<\/li>\n<\/ul>\n<p><strong>Pourquoi <\/strong><strong>utiliser un capteur externe ?<\/strong><\/p>\n<p>Bien que les produits LogTag soient excellents, les enregistreurs de donn\u00e9es des capteurs internes ne peuvent pas atteindre toutes les zones. Pour les aliments et les liquides, un capteur externe est id\u00e9al. Placez-le dans l&rsquo;aliment ou le liquide pour une mesure pr\u00e9cise de la temp\u00e9rature afin de garantir la qualit\u00e9 et la s\u00e9curit\u00e9 du produit.<\/p>\n<p><strong>Conserver les marchandises plus longtemps<\/strong><\/p>\n<p>Les enregistreurs de glace s\u00e8che et de basse temp\u00e9rature sont utilis\u00e9s pour contr\u00f4ler la temp\u00e9rature pendant le transport sur de courtes ou de longues distances. Il est r\u00e9put\u00e9 pour ses performances, sa qualit\u00e9 et sa pr\u00e9cision. La qualit\u00e9 des produits tels que les m\u00e9dicaments et les vaccins d\u00e9pend de la temp\u00e9rature ambiante. En pla\u00e7ant le LogTag TREL-8 dans la cargaison, vous pouvez contr\u00f4ler ces informations et garantir la qualit\u00e9 et la s\u00e9curit\u00e9 des produits.<\/p>\n<p><strong>Acc\u00e8s facile aux donn\u00e9es<\/strong><\/p>\n<p>Lorsque vous achetez l&rsquo;enregistreur de glace s\u00e8che et de basses temp\u00e9ratures, vous pouvez utiliser gratuitement le logiciel LogTag Analyser. Ce programme permet de configurer, de t\u00e9l\u00e9charger et d&rsquo;afficher les donn\u00e9es du LogTag TREL-8. Les donn\u00e9es peuvent \u00eatre facilement export\u00e9es vers d&rsquo;autres fichiers, tels qu&rsquo;Excel.<\/p>\n","protected":false},"excerpt":{"rendered":"<ul>\n<li>Connexion pour capteur externe<\/li>\n<li>De -80\u00b0C \u00e0 +40\u00b0C<\/li>\n<li>Indicateur d&rsquo;alarme<\/li>\n<li>8000 points de mesure<\/li>\n<li>Dur\u00e9e de vie de la batterie : 3 ans<\/li>\n<\/ul>\n<p><strong>TREL-8 n&rsquo;est plus disponible \u00e0 la vente, nous vous recommandons d&rsquo;opter pour <span style=\"color: #3366ff;\"><br \/>\n  <a style=\"color: #3366ff;\" href=\"https:\/\/praxas.com\/es\/product\/registradores-de-datos\/registradores-de-datos-de-temperatura\/registrador-de-baja-temperatura-utrel-16f\/\">UTREL-16F<\/a><br \/>\n<\/span><\/strong><\/p>\n","protected":false},"featured_media":30127,"template":"","meta":{"_acf_changed":false,"content-type":"","_uag_custom_page_level_css":""},"product_brand":[],"product_cat":[1238],"product_tag":[2516],"class_list":{"0":"post-30126","1":"product","2":"type-product","3":"status-publish","4":"has-post-thumbnail","6":"product_cat-enregistreurs-de-donnees-de-temperature","7":"product_tag-logtag-fr","9":"first","10":"instock","11":"taxable","12":"shipping-taxable","13":"purchasable","14":"product-type-variable"},"bundled_by":[],"bundle_stock_status":"instock","bundle_stock_quantity":null,"bundle_virtual":false,"bundle_layout":"","bundle_add_to_cart_form_location":"","bundle_editable_in_cart":false,"bundle_sold_individually_context":"","bundle_item_grouping":"","bundle_min_size":"","bundle_max_size":"","bundle_price":[],"bundled_items":[],"bundle_sell_ids":[],"acf":[],"spectra_custom_meta":{"_product_attributes":["a:2:{s:16:\"pa_product-brand\";a:6:{s:4:\"name\";s:16:\"pa_product-brand\";s:5:\"value\";s:0:\"\";s:8:\"position\";i:0;s:10:\"is_visible\";i:1;s:12:\"is_variation\";i:0;s:11:\"is_taxonomy\";i:1;}s:22:\"pa_logtag-probe-choice\";a:6:{s:4:\"name\";s:22:\"pa_logtag-probe-choice\";s:5:\"value\";s:0:\"\";s:8:\"position\";i:1;s:10:\"is_visible\";i:1;s:12:\"is_variation\";i:1;s:11:\"is_taxonomy\";i:1;}}"],"attr_label_translations":["a:1:{s:2:\"fr\";a:1:{s:13:\"make-a-choice\";s:15:\"Faites un choix\";}}"],"_backorders":["no"],"_download_limit":["-1"],"_download_expiry":["-1"],"_downloadable":["no"],"_manage_stock":["no"],"_stock_status":["instock"],"_sold_individually":["no"],"_tax_class":[""],"_tax_status":["taxable"],"_virtual":["no"],"total_sales":["3"],"product_datasheet":[""],"_product_datasheet":["field_650ad7d6ea3a0"],"_connectivity":["field_64dce263bb57c"],"brand":["LogTag"],"_brand":["field_64ddf62ed2593"],"brand_image":[""],"_brand_image":["field_650c5e7c84cae"],"_specifications_table":["field_65044e1db92a8"],"_resources":["field_650849c6945ee"],"_accessories":["field_650849e6945f0"],"_faqs":["field_650859523d8d5"],"_calibration_suitable_ids_gb":["field_654b4c4acb54a"],"_calibration_suitable_ids_us":["field_654b4c56cb54b"],"_show_in_calibration_suitable":["field_654cfb691d345"],"_usd_price_4":["field_651570dcac479"],"_usd_price_9":["field_6515713eb4807"],"_usd_price_24":["field_65157141b4809"],"_usd_price_49":["field_65157140b4808"],"_usd_price_99":["field_6515715bb480a"],"_gbp_price_4":["field_6515716e83bfa"],"_gbp_price_9":["field_6515724783bfb"],"_gbp_price_24":["field_6515724b83bfc"],"_gbp_price_49":["field_6515725983bfd"],"_gbp_price_99":["field_6515725d83bfe"],"_usdhk_price_4":["field_6515726f83bff"],"_usdhk_price_9":["field_6515727c83c00"],"_usdhk_price_24":["field_6515728083c01"],"_usdhk_price_49":["field_6515728983c02"],"_usdhk_price_99":["field_6515728e83c03"],"stock_options":["In stock"],"_stock_options":["field_6544b605dc7f9"],"_top_nav_excluded":[""],"_cms_nav_minihome":[""],"wcml_sync_hash":["a:1:{s:15:\"postmeta_fields\";s:32:\"f7cc034106beac18ad370f707b4e2f3a\";}"],"_product_image_gallery":["30128,30127,30129,30130,30131"],"_thumbnail_id":["30127"],"_crosssell_ids":["a:0:{}"],"_display_data_alarm":["field_667d647bcb066"],"_shipping":["field_66852535c98a5"],"_refrigerant_cabinet":["field_66852557c98a6"],"_main_specifications":["field_66855b25b1245"],"_last_translation_edit_mode":["translation-editor"],"connectivity":["Interface Cradle"],"_calibration":["field_66a0ddd599972"],"_edit_lock":["1724248038:8383"],"classic-editor-remember":["classic-editor"],"rank_math_seo_score":["82"],"rank_math_contentai_score":["a:5:{s:8:\"keywords\";s:5:\"74.51\";s:9:\"wordCount\";s:1:\"0\";s:9:\"linkCount\";s:1:\"0\";s:12:\"headingCount\";s:1:\"0\";s:10:\"mediaCount\";s:1:\"0\";}"],"_edit_last":["8383"],"commercekit_gallery_layout":[""],"commercekit_disable_sticky_atc":["0"],"commercekit_wc_video_gallery":["a:0:{}"],"_rank_math_gtin_code":[""],"_wcml_average_rating":[null],"_wcml_review_count":[null],"_wcml_rating_count":[null],"_stock":[null],"_wc_average_rating":[0],"_wc_review_count":["0"],"_product_version":["9.1.4"],"usd_price_4":[""],"usd_price_9":[""],"usd_price_24":[""],"usd_price_49":[""],"usd_price_99":[""],"gbp_price_4":[""],"gbp_price_9":[""],"gbp_price_24":[""],"gbp_price_49":[""],"gbp_price_99":[""],"usdhk_price_4":[""],"usdhk_price_9":[""],"usdhk_price_24":[""],"usdhk_price_49":[""],"usdhk_price_99":[""],"display_data_alarm":[""],"calibration":[""],"faqs":[""],"calibration_suitable_ids_gb":[""],"calibration_suitable_ids_us":[""],"show_in_calibration_suitable":[""],"other_features":[""],"shipping":[""],"refrigerant_cabinet":[""],"main_specifications":[""],"shoptimizer_layout_pdp_short_description_position":["default"],"rank_math_analytic_object_id":["634"],"_wpml_media_duplicate":["1"],"_wpml_media_featured":["1"],"_price":["39.20","39.20","39.20","74.20","77.70"],"min_temp":["-80"],"_min_temp":["field_67ea5eb4e0a77"],"_max_temp":["field_67ea5f81e0a79"],"hubwoo_ecomm_pro_id":["21541708886"],"_wpml_word_count":["551"],"rank_math_primary_product_cat":["87"],"max_temp":["40"],"_sku":["TREL-8"],"_other_features":["field_686fa2aa98dce"],"rank_math_description":["Enregistreur de temp\u00e9rature de glace s\u00e8che -80\u00b0C \u00e0 +40\u00b0C Indicateur d'alarme 8000 points de mesure Connexion pour capteur externe Dur\u00e9e de vie de la batterie 3 ans"],"rank_math_focus_keyword":["TREL-8"],"specifications_table":["<table class=\"specifications\">\n<tbody>\n<tr>\n<td class=\"left-td\">Capteur externe Plage de mesure<\/td>\n<td>-90\u00b0C \u00e0 +40\u00b0C (-130\u00b0F \u00e0 +104\u00b0F)<\/td>\n<\/tr>\n<tr>\n<td class=\"left-td\">Plage de temp\u00e9rature de stockage<\/td>\n<td>De -10\u00b0C \u00e0 +55\u00b0C (14\u00b0F \u00e0 +131\u00b0F)<\/td>\n<\/tr>\n<tr>\n<td class=\"left-td\">Temps de r\u00e9action du capteur<\/td>\n<td>Typiquement moins de 2 minutes (T90) dans l'air en mouvement (1m\/s) pour le type ST10S<\/td>\n<\/tr>\n<tr>\n<td class=\"left-td\">Capacit\u00e9 d'enregistrement<\/td>\n<td>8031 relev\u00e9s de temp\u00e9rature.\n53 jours \u00e0 10 minutes d'enregistrement, 80 jours \u00e0 15 minutes d'enregistrement <\/td>\n<\/tr>\n<tr>\n<td class=\"left-td\">Intervalle d'\u00e9chantillonnage<\/td>\n<td>Configurable de 30 secondes \u00e0 plusieurs heures<\/td>\n<\/tr>\n<tr>\n<td class=\"left-td\">Options de d\u00e9marrage de l'enregistrement<\/td>\n<td>D\u00e9marrage par bouton-poussoir avec d\u00e9lai de d\u00e9marrage optionnel ou date et heure sp\u00e9cifiques<\/td>\n<\/tr>\n<tr>\n<td class=\"left-td\">Indication d'enregistrement<\/td>\n<td>Indicateur clignotant \"OK\" \/ indicateur clignotant \"ALERTE\".<\/td>\n<\/tr>\n<tr>\n<td class=\"left-td\">Temps de t\u00e9l\u00e9chargement<\/td>\n<td>G\u00e9n\u00e9ralement moins de 5 secondes pour une m\u00e9moire compl\u00e8te (8031 lectures), en fonction de l'ordinateur ou du dispositif de lecture utilis\u00e9.<\/td>\n<\/tr>\n<tr>\n<td class=\"left-td\">Environnement<\/td>\n<td>IP61<\/td>\n<\/tr>\n<tr>\n<td class=\"left-td\">Source d'alimentation<\/td>\n<td>Pile CR2450 3V LiMnO2 (fixe)<\/td>\n<\/tr>\n<tr>\n<td class=\"left-td\">Dur\u00e9e de vie de la batterie<\/td>\n<td>Dur\u00e9e de stockage d'un an avant le d\u00e9marrage (si l'appareil est en mode hibernation), puis :\n2 \u00e0 3 ans d'utilisation normale (sur la base d'un enregistrement de 15 minutes, t\u00e9l\u00e9chargement des donn\u00e9es tous les mois).<\/td>\n<\/tr>\n<tr>\n<td class=\"left-td\">Horloge temps r\u00e9el<\/td>\n<td>Horloge temps r\u00e9el int\u00e9gr\u00e9e\nPr\u00e9cision nominale \u00b125ppm @ 25\u00b0C (\u00e9quivalent \u00e0 2,5 secondes\/jour)\nLe coefficient de temp\u00e9rature nominal est de -0,034 \u00b10,006ppm\/\u00b0C (c'est-\u00e0-dire typiquement +\/- 0,00294 seconde\/jour\/\u00b0C).<\/td>\n<\/tr>\n<tr>\n<td class=\"left-td\">Longueur du c\u00e2ble du capteur \u00e0 distance standard<\/td>\n<td>Standard : 0,5m (19\")\nEtendu : 3m (9'10\") (maximum recommand\u00e9)<\/td>\n<\/tr>\n<tr>\n<td class=\"left-td\">Type de c\u00e2ble du capteur \u00e0 distance<\/td>\n<td>Coaxial en PTFE (class\u00e9 FDA pour le contact alimentaire)<\/td>\n<\/tr>\n<tr>\n<td class=\"left-td\">Taille<\/td>\n<td>86mm(H) x 54.5mm(L) x 8.6mm(T)<\/td>\n<\/tr>\n<tr>\n<td class=\"left-td\">Poids<\/td>\n<td>34g<\/td>\n<\/tr>\n<tr>\n<td class=\"left-td\">Mat\u00e9riau du bo\u00eetier<\/td>\n<td>Polycarbonate<\/td>\n<\/tr>\n<\/tbody>\n<\/table>"],"resources":["<ul class=\"resources-list\">\n \t<li><a href=\"https:\/\/praxas.com\/wp-content\/uploads\/LogTag_TREL-8_Brochure.pdf\"><img src=\"https:\/\/praxas.com\/wp-content\/uploads\/document-icon.png\" alt=\"Ic\u00f4ne de document\">Brochure LogTag TREL-8<\/a><\/li>\n \t<li><img src=\"https:\/\/praxas.com\/wp-content\/uploads\/document-icon.png\" alt=\"Ic\u00f4ne de document\"><a href=\"https:\/\/praxas.com\/wp-content\/uploads\/General_LogTag_Quick_Start_Guide.pdf\">Guide de d\u00e9marrage rapide du LogTag TREL-8<\/a><\/li>\n<\/ul>\n\u00a0"],"accessories":["[products skus=\"LTI-HID,LTI-WM-WIFI,WMB-1,Buffer Bottle\"]"],"_uag_page_assets":["a:9:{s:3:\"css\";s:0:\"\";s:2:\"js\";s:0:\"\";s:18:\"current_block_list\";a:0:{}s:8:\"uag_flag\";b:0;s:11:\"uag_version\";s:10:\"1777052440\";s:6:\"gfonts\";a:0:{}s:10:\"gfonts_url\";s:0:\"\";s:12:\"gfonts_files\";a:0:{}s:14:\"uag_faq_layout\";b:0;}"],"_max_variation_price":[""],"_max_variation_regular_price":[""],"_max_variation_sale_price":[""],"_min_variation_price":[""],"_min_variation_regular_price":[""],"_min_variation_sale_price":[""],"_regular_price":[""],"_sale_price":[""],"_wc_pb_base_regular_price":[""],"_wc_pb_base_sale_price":[""],"_wc_pb_base_price":[""],"_wc_sw_max_price":[""],"_wc_sw_max_regular_price":[""],"_wc_rating_count":[""]},"uagb_featured_image_src":{"full":["https:\/\/praxas.com\/wp-content\/uploads\/logtag-logtag-trel-8-dry-ice-temperature-logger-wi-1-800px.jpg",800,463,false],"thumbnail":["https:\/\/praxas.com\/wp-content\/uploads\/logtag-logtag-trel-8-dry-ice-temperature-logger-wi-1-800px-150x150.jpg",150,150,true],"medium":["https:\/\/praxas.com\/wp-content\/uploads\/logtag-logtag-trel-8-dry-ice-temperature-logger-wi-1-800px-300x174.jpg",300,174,true],"medium_large":["https:\/\/praxas.com\/wp-content\/uploads\/logtag-logtag-trel-8-dry-ice-temperature-logger-wi-1-800px-768x444.jpg",768,444,true],"large":["https:\/\/praxas.com\/wp-content\/uploads\/logtag-logtag-trel-8-dry-ice-temperature-logger-wi-1-800px.jpg",800,463,false],"1536x1536":["https:\/\/praxas.com\/wp-content\/uploads\/logtag-logtag-trel-8-dry-ice-temperature-logger-wi-1-800px.jpg",800,463,false],"2048x2048":["https:\/\/praxas.com\/wp-content\/uploads\/logtag-logtag-trel-8-dry-ice-temperature-logger-wi-1-800px.jpg",800,463,false],"crunchify-admin-post-featured-image":["https:\/\/praxas.com\/wp-content\/uploads\/logtag-logtag-trel-8-dry-ice-temperature-logger-wi-1-800px-120x69.jpg",120,69,true],"commercegurus-pdp-large":["https:\/\/praxas.com\/wp-content\/uploads\/logtag-logtag-trel-8-dry-ice-temperature-logger-wi-1-800px.jpg",800,463,false],"commercegurus-plp-mobile":["https:\/\/praxas.com\/wp-content\/uploads\/logtag-logtag-trel-8-dry-ice-temperature-logger-wi-1-800px-441x255.jpg",441,255,true],"cgkit_image_swatch":["https:\/\/praxas.com\/wp-content\/uploads\/logtag-logtag-trel-8-dry-ice-temperature-logger-wi-1-800px-100x100.jpg",100,100,true],"woocommerce_thumbnail":["https:\/\/praxas.com\/wp-content\/uploads\/logtag-logtag-trel-8-dry-ice-temperature-logger-wi-1-800px-350x203.jpg",350,203,true],"woocommerce_single":["https:\/\/praxas.com\/wp-content\/uploads\/logtag-logtag-trel-8-dry-ice-temperature-logger-wi-1-800px.jpg",800,463,false],"woocommerce_gallery_thumbnail":["https:\/\/praxas.com\/wp-content\/uploads\/logtag-logtag-trel-8-dry-ice-temperature-logger-wi-1-800px-150x87.jpg",150,87,true]},"uagb_author_info":{"display_name":"Beth Foord","author_link":"https:\/\/praxas.com\/fr\/author\/"},"uagb_comment_info":0,"uagb_excerpt":"Connexion pour capteur externe De -80\u00b0C \u00e0 +40\u00b0C Indicateur d'alarme 8000 points de mesure Dur\u00e9e de vie de la batterie : 3 ans TREL-8 n'est plus disponible \u00e0 la vente, nous vous recommandons d'opter pour UTREL-16F","_links":{"self":[{"href":"https:\/\/praxas.com\/fr\/wp-json\/wp\/v2\/product\/30126","targetHints":{"allow":["GET"]}}],"collection":[{"href":"https:\/\/praxas.com\/fr\/wp-json\/wp\/v2\/product"}],"about":[{"href":"https:\/\/praxas.com\/fr\/wp-json\/wp\/v2\/types\/product"}],"wp:featuredmedia":[{"embeddable":true,"href":"https:\/\/praxas.com\/fr\/wp-json\/wp\/v2\/media\/30127"}],"wp:attachment":[{"href":"https:\/\/praxas.com\/fr\/wp-json\/wp\/v2\/media?parent=30126"}],"wp:term":[{"taxonomy":"product_brand","embeddable":true,"href":"https:\/\/praxas.com\/fr\/wp-json\/wp\/v2\/product_brand?post=30126"},{"taxonomy":"product_cat","embeddable":true,"href":"https:\/\/praxas.com\/fr\/wp-json\/wp\/v2\/product_cat?post=30126"},{"taxonomy":"product_tag","embeddable":true,"href":"https:\/\/praxas.com\/fr\/wp-json\/wp\/v2\/product_tag?post=30126"}],"curies":[{"name":"wp","href":"https:\/\/api.w.org\/{rel}","templated":true}]}}