{"id":30136,"date":"2024-06-10T17:37:32","date_gmt":"2024-06-10T15:37:32","guid":{"rendered":"https:\/\/staging.praxas.com\/product\/non%20class\u00e9\/enregistreur-de-temperature-pour-glace-seche-tril-8\/"},"modified":"2025-10-08T18:15:16","modified_gmt":"2025-10-08T16:15:16","slug":"enregistreur-de-temperature-pour-glace-seche-tril-8","status":"publish","type":"product","link":"https:\/\/praxas.com\/fr\/product\/data-loggers-fr\/enregistreurs-de-donnees-de-temperature\/enregistreur-de-temperature-pour-glace-seche-tril-8\/","title":{"rendered":"TRIL-8 Enregistreur de temp\u00e9rature de glace s\u00e8che"},"content":{"rendered":"<p>L&rsquo;enregistreur de temp\u00e9rature de glace s\u00e8che LogTag TRIL-8 vous permet de mesurer et de contr\u00f4ler la temp\u00e9rature pendant le transport et le stockage. Cet enregistreur de temp\u00e9rature est sp\u00e9cialement con\u00e7u pour les basses temp\u00e9ratures.<\/p>\n<p>Gr\u00e2ce \u00e0 sa taille compacte, l&rsquo;enregistreur de temp\u00e9rature est facile \u00e0 suspendre. L&rsquo;enregistreur de temp\u00e9rature \u00e0 glace s\u00e8che LogTag TRIL-8 mesure et enregistre jusqu&rsquo;\u00e0 8 000 relev\u00e9s de temp\u00e9rature dans une plage de -80\u00b0C \u00e0 +40\u00b0C (-112\u00b0F \u00e0 +104\u00b0F). L&rsquo;enregistreur de temp\u00e9rature est donc id\u00e9al pour surveiller les transports qui doivent \u00eatre maintenus \u00e0 basse temp\u00e9rature, comme les cargaisons contenant des r\u00e9frig\u00e9rants ou de la glace s\u00e8che.<\/p>\n<p>La mesure pr\u00e9cise de la temp\u00e9rature pendant le transport permet d&rsquo;\u00e9viter les dommages et la perte de poids pendant le transport. Avec des fonctions int\u00e9gr\u00e9es telles qu&rsquo;une horloge en temps r\u00e9el qui indique la date et l&rsquo;heure de chaque relev\u00e9 de temp\u00e9rature, cet enregistreur de temp\u00e9rature est parfait pour le transport de produits sensibles \u00e0 la temp\u00e9rature.<\/p>\n<p>Les enregistreurs de temp\u00e9rature LogTag sont r\u00e9put\u00e9s pour leur rapidit\u00e9 de t\u00e9l\u00e9chargement et leur pr\u00e9cision in\u00e9gal\u00e9e sur le march\u00e9.<\/p>\n<p><strong>Les avantages de l&rsquo;enregistreur de temp\u00e9rature de glace s\u00e8che LogTag TRIL-8 sont les suivants :<\/strong><\/p>\n<ul>\n<li>8 000 points de mesure<\/li>\n<li>Plage de temp\u00e9rature de -80 \u00e0 +40 \u00b0C<\/li>\n<li>Param\u00e8tres d&rsquo;alarme et indicateurs LED personnalisables<\/li>\n<li>Bo\u00eetier en polycarbonate robuste et durable<\/li>\n<li>Pas de mesures manuelles<\/li>\n<\/ul>\n<p><strong>Pourquoi <\/strong><strong>utiliser un capteur externe ?<\/strong><\/p>\n<p>Bien que les produits LogTag soient excellents, les enregistreurs de donn\u00e9es des capteurs internes ne peuvent pas atteindre toutes les zones. Pour les aliments et les liquides, un capteur externe est id\u00e9al. Placez-le dans l&rsquo;aliment ou le liquide pour une mesure pr\u00e9cise de la temp\u00e9rature afin de garantir la qualit\u00e9 et la s\u00e9curit\u00e9 du produit.<\/p>\n<p><strong>Conserver les marchandises plus longtemps<\/strong><\/p>\n<p>Cet enregistreur de glace s\u00e8che et de basses temp\u00e9ratures surveille les temp\u00e9ratures pendant le transport sur de courtes ou de longues distances. Il est r\u00e9put\u00e9 pour ses performances, sa qualit\u00e9 et sa pr\u00e9cision. La qualit\u00e9 des produits tels que les m\u00e9dicaments et les vaccins d\u00e9pend de la temp\u00e9rature ambiante. L&rsquo;utilisation du LogTag TRIL-8 dans le fret vous permet de contr\u00f4ler ces informations et de maintenir la s\u00e9curit\u00e9 du produit.<\/p>\n<p><strong>Acc\u00e8s facile aux donn\u00e9es<\/strong><\/p>\n<p>Lorsque vous achetez l&rsquo;enregistreur de glace s\u00e8che et de basses temp\u00e9ratures, vous pouvez utiliser gratuitement le logiciel LogTag Analyser. Ce programme est une plateforme pour configurer, t\u00e9l\u00e9charger et afficher les donn\u00e9es du LogTag TRIL-8. Les donn\u00e9es peuvent \u00eatre facilement export\u00e9es vers d&rsquo;autres fichiers, tels qu&rsquo;Excel.<\/p>\n","protected":false},"excerpt":{"rendered":"<ul>\n<li>Enregistreur de temp\u00e9rature \u00e0 glace s\u00e8che<\/li>\n<li>De -80 \u00e0 +40 \u00b0C<\/li>\n<li>Alarmes personnalisables<\/li>\n<li>8000 points de mesure<\/li>\n<li>Enregistreur de temp\u00e9rature \u00e0 trajets multiples<\/li>\n<\/ul>\n","protected":false},"featured_media":30137,"template":"","meta":{"_acf_changed":false,"content-type":"","_uag_custom_page_level_css":""},"product_brand":[],"product_cat":[1238],"product_tag":[2516],"class_list":{"0":"post-30136","1":"product","2":"type-product","3":"status-publish","4":"has-post-thumbnail","6":"product_cat-enregistreurs-de-donnees-de-temperature","7":"product_tag-logtag-fr","9":"first","10":"instock","11":"taxable","12":"shipping-taxable","13":"purchasable","14":"product-type-simple"},"bundled_by":[],"bundle_stock_status":"instock","bundle_stock_quantity":null,"bundle_virtual":false,"bundle_layout":"","bundle_add_to_cart_form_location":"","bundle_editable_in_cart":false,"bundle_sold_individually_context":"","bundle_item_grouping":"","bundle_min_size":"","bundle_max_size":"","bundle_price":[],"bundled_items":[],"bundle_sell_ids":[],"acf":[],"spectra_custom_meta":{"_product_attributes":["a:1:{s:16:\"pa_product-brand\";a:6:{s:4:\"name\";s:16:\"pa_product-brand\";s:5:\"value\";s:0:\"\";s:8:\"position\";i:0;s:10:\"is_visible\";i:1;s:12:\"is_variation\";i:0;s:11:\"is_taxonomy\";i:1;}}"],"attr_label_translations":["a:1:{s:2:\"fr\";a:1:{s:13:\"make-a-choice\";s:15:\"Faites un choix\";}}"],"_backorders":["no"],"_download_limit":["-1"],"_download_expiry":["-1"],"_downloadable":["no"],"_manage_stock":["no"],"_stock_status":["instock"],"_sold_individually":["no"],"_tax_class":[""],"_tax_status":["taxable"],"_virtual":["no"],"total_sales":["10"],"product_datasheet":[""],"_product_datasheet":["field_650ad7d6ea3a0"],"_connectivity":["field_64dce263bb57c"],"brand":["LogTag"],"_brand":["field_64ddf62ed2593"],"brand_image":[""],"_brand_image":["field_650c5e7c84cae"],"_specifications_table":["field_65044e1db92a8"],"_resources":["field_650849c6945ee"],"_accessories":["field_650849e6945f0"],"_faqs":["field_650859523d8d5"],"_calibration_suitable_ids_gb":["field_654b4c4acb54a"],"_calibration_suitable_ids_us":["field_654b4c56cb54b"],"_show_in_calibration_suitable":["field_654cfb691d345"],"_usd_price_4":["field_651570dcac479"],"_usd_price_9":["field_6515713eb4807"],"_usd_price_24":["field_65157141b4809"],"_usd_price_49":["field_65157140b4808"],"_usd_price_99":["field_6515715bb480a"],"_gbp_price_4":["field_6515716e83bfa"],"_gbp_price_9":["field_6515724783bfb"],"_gbp_price_24":["field_6515724b83bfc"],"_gbp_price_49":["field_6515725983bfd"],"_gbp_price_99":["field_6515725d83bfe"],"_usdhk_price_4":["field_6515726f83bff"],"_usdhk_price_9":["field_6515727c83c00"],"_usdhk_price_24":["field_6515728083c01"],"_usdhk_price_49":["field_6515728983c02"],"_usdhk_price_99":["field_6515728e83c03"],"stock_options":["In stock"],"_stock_options":["field_6544b605dc7f9"],"_top_nav_excluded":[""],"_cms_nav_minihome":[""],"wcml_sync_hash":["a:1:{s:15:\"postmeta_fields\";s:32:\"0b13677d3a8c87057617c0e56f5259e3\";}"],"_product_image_gallery":["30138,30139,30140"],"_thumbnail_id":["30137"],"_crosssell_ids":["a:0:{}"],"_display_data_alarm":["field_667d647bcb066"],"_other_features":["field_668524f8c98a4"],"_shipping":["field_66852535c98a5"],"_refrigerant_cabinet":["field_66852557c98a6"],"_main_specifications":["field_66855b25b1245"],"_last_translation_edit_mode":["translation-editor"],"_calibration":["field_66a0ddd599972"],"connectivity":["Interface Cradle"],"_edit_lock":["1724247299:8383"],"classic-editor-remember":["classic-editor"],"rank_math_seo_score":["87"],"rank_math_contentai_score":["a:5:{s:8:\"keywords\";s:5:\"74.51\";s:9:\"wordCount\";s:1:\"0\";s:9:\"linkCount\";s:1:\"0\";s:12:\"headingCount\";s:1:\"0\";s:10:\"mediaCount\";s:1:\"0\";}"],"_edit_last":["8383"],"commercekit_gallery_layout":[""],"commercekit_disable_sticky_atc":["0"],"commercekit_wc_video_gallery":["a:0:{}"],"_rank_math_gtin_code":[""],"_wcml_average_rating":[null],"_wcml_review_count":[null],"_wcml_rating_count":[null],"_stock":[null],"_wc_average_rating":[0],"_wc_review_count":["0"],"_product_version":["9.1.4"],"usd_price_4":[""],"usd_price_9":[""],"usd_price_24":[""],"usd_price_49":[""],"usd_price_99":[""],"gbp_price_4":[""],"gbp_price_9":[""],"gbp_price_24":[""],"gbp_price_49":[""],"gbp_price_99":[""],"usdhk_price_4":[""],"usdhk_price_9":[""],"usdhk_price_24":[""],"usdhk_price_49":[""],"usdhk_price_99":[""],"display_data_alarm":[""],"calibration":[""],"faqs":[""],"calibration_suitable_ids_gb":[""],"calibration_suitable_ids_us":[""],"show_in_calibration_suitable":[""],"other_features":[""],"shipping":[""],"refrigerant_cabinet":[""],"main_specifications":[""],"shoptimizer_layout_pdp_short_description_position":["default"],"rank_math_analytic_object_id":["629"],"_wpml_media_duplicate":["1"],"_wpml_media_featured":["1"],"_regular_price":["104.30"],"_price":["104.30","104.30","104.30"],"min_temp":["-80"],"max_temp":["40"],"_min_temp":["field_67ea5eb4e0a77"],"_max_temp":["field_67ea5f81e0a79"],"hubwoo_ecomm_pro_id":["21533302915"],"_wpml_word_count":["499"],"rank_math_primary_product_cat":["87"],"_global_unique_id":["850040258097"],"_sku":["TRIL-8"],"rank_math_description":["Contr\u00f4lez les temp\u00e9ratures de -80\u00b0C \u00e0 40\u00b0C avec l'enregistreur de temp\u00e9rature \u00e0 glace s\u00e8che TRIL-8. Enregistrez jusqu'\u00e0 8 000 relev\u00e9s, avec des alarmes personnalisables. "],"rank_math_focus_keyword":["Glace s\u00e8che"],"specifications_table":["<table class=\"specifications\">\n<tbody>\n<tr>\n<td class=\"left-td\">Plage de mesure du capteur<\/td>\n<td>De -80\u00b0C \u00e0 +40\u00b0C (de -112\u00b0F \u00e0 +104\u00b0F)<\/td>\n<\/tr>\n<tr>\n<td class=\"left-td\">Plage de temp\u00e9rature de stockage<\/td>\n<td>De -20\u00b0C \u00e0 +40\u00b0C (de -4\u00b0F \u00e0 +104\u00b0F)<\/td>\n<\/tr>\n<tr>\n<td class=\"left-td\">Pr\u00e9cision de la lecture de la temp\u00e9rature nominale<\/td>\n<td>Sup\u00e9rieure \u00e0 \u00b11\u00b0C (\u00b11,8\u00b0F) pour -30\u00b0C \u00e0 +20\u00b0C (-22\u00b0F \u00e0 +68\u00b0F)\nSup\u00e9rieure \u00e0 \u00b11,2\u00b0C (\u00b12,1\u00b0F) pour -45\u00b0C \u00e0 -30\u00b0C (-49\u00b0F \u00e0 -22\u00b0F) et +20\u00b0C \u00e0 +40\u00b0C (+68\u00b0F \u00e0 +104\u00b0F)\nSup\u00e9rieure \u00e0 \u00b11.7\u00b0C (\u00b13,1\u00b0F) pour -80\u00b0C \u00e0 -45\u00b0C (-112\u00b0F \u00e0 -49\u00b0F)\nLes performances r\u00e9elles sont g\u00e9n\u00e9ralement bien meilleures que les valeurs nominales\nLes chiffres de pr\u00e9cision peuvent \u00eatre am\u00e9lior\u00e9s par un r\u00e9\u00e9talonnage.<\/td>\n<\/tr>\n<tr>\n<td class=\"left-td\">Temp\u00e9rature nominale R\u00e9solution de la lecture<\/td>\n<td>Moins de 0,1\u00b0C (0,2\u00b0F) pour -80\u00b0C \u00e0 0\u00b0C (-112\u00b0F \u00e0 +32\u00b0F)\nMoins de 0,2\u00b0C (0,4\u00b0F) pour 0\u00b0C \u00e0 +20\u00b0C (+32\u00b0F \u00e0 +68\u00b0F)\nMoins de 0,5\u00b0C (0,9\u00b0F) pour +20\u00b0C \u00e0 +40\u00b0C (+68\u00b0F \u00e0 +104\u00b0F)\nLogTag Analyzer\u00ae affiche actuellement \u00e0 une d\u00e9cimale de \u00b0C ou de \u00b0F. La r\u00e9solution native est celle qui est stock\u00e9e dans le LogTag\u00ae <\/td>\n<\/tr>\n<tr>\n<td class=\"left-td\">Temps de r\u00e9action du capteur<\/td>\n<td>Typiquement moins de 5 minutes (T90) dans l'air en mouvement (1m\/s)<\/td>\n<\/tr>\n<tr>\n<td class=\"left-td\">Capacit\u00e9 d'enregistrement<\/td>\n<td>8031 relev\u00e9s de temp\u00e9rature.\n53 jours \u00e0 10 minutes d'enregistrement, 80 jours \u00e0 15 minutes d'enregistrement <\/td>\n<\/tr>\n<tr>\n<td class=\"left-td\">Intervalle d'\u00e9chantillonnage<\/td>\n<td>Configurable de 1 minute \u00e0 plusieurs heures<\/td>\n<\/tr>\n<tr>\n<td class=\"left-td\">Options de d\u00e9marrage de l'enregistrement<\/td>\n<td>D\u00e9marrage par bouton-poussoir ou date et heure sp\u00e9cifiques<\/td>\n<\/tr>\n<tr>\n<td class=\"left-td\">Indication d'enregistrement<\/td>\n<td>Indicateur clignotant \"OK\" \/ indicateur clignotant \"ALERTE\".<\/td>\n<\/tr>\n<tr>\n<td class=\"left-td\">Temps de t\u00e9l\u00e9chargement<\/td>\n<td>G\u00e9n\u00e9ralement moins de 5 secondes pour une m\u00e9moire compl\u00e8te (8031 lectures), en fonction de l'ordinateur ou du dispositif de lecture utilis\u00e9.<\/td>\n<\/tr>\n<tr>\n<td class=\"left-td\">Environnement<\/td>\n<td>IP65 (\u00e0 peu pr\u00e8s \u00e9quivalent \u00e0 NEMA 4)<\/td>\n<\/tr>\n<tr>\n<td class=\"left-td\">Source d'alimentation<\/td>\n<td>Batterie lithium (fixe) de 3,6 V \u00e0 faible temp\u00e9rature chimique<\/td>\n<\/tr>\n<tr>\n<td class=\"left-td\">Dur\u00e9e de vie de la batterie<\/td>\n<td>Dur\u00e9e de stockage minimale de 12 mois avant le d\u00e9marrage (s'il est en mode hibernation)\nVersion \u00e0 usage unique pr\u00e9vue pour un voyage typique de 2 semaines \u00e0 des temp\u00e9ratures de glace carbonique\nVersion \u00e0 usage multiple pr\u00e9vue pour une exposition totale cumul\u00e9e de 1 000 heures \u00e0 -80 \u00b0C au cours de plusieurs voyages.<\/td>\n<\/tr>\n<tr>\n<td class=\"left-td\">Horloge temps r\u00e9el<\/td>\n<td>Horloge temps r\u00e9el int\u00e9gr\u00e9e\nPr\u00e9cision nominale \u00b125ppm @ 25\u00b0C (\u00e9quivalent \u00e0 2,5 secondes\/jour)\nLe coefficient de temp\u00e9rature nominal est de -0,034 \u00b10,006ppm\/\u00b0C (c'est-\u00e0-dire typiquement +\/- 0,00294 seconde\/jour\/\u00b0C).<\/td>\n<\/tr>\n<tr>\n<td class=\"left-td\">Taille<\/td>\n<td>86mm(H) x 54.5mm(L) x 8.6mm(T)<\/td>\n<\/tr>\n<tr>\n<td class=\"left-td\">Poids<\/td>\n<td>33g<\/td>\n<\/tr>\n<tr>\n<td class=\"left-td\">Mat\u00e9riau du bo\u00eetier<\/td>\n<td>Polycarbonate<\/td>\n<\/tr>\n<\/tbody>\n<\/table>"],"resources":["<ul class=\"resources-list\">\n \t<li><a href=\"https:\/\/praxas.com\/wp-content\/uploads\/LogTag_TRIL-8_Brochure.pdf\"><img src=\"https:\/\/praxas.com\/wp-content\/uploads\/document-icon.png\" alt=\"Ic\u00f4ne de document\">Brochure LogTag TRIL-8<\/a><\/li>\n \t<li><img src=\"https:\/\/praxas.com\/wp-content\/uploads\/document-icon.png\" alt=\"Ic\u00f4ne de document\"><a href=\"https:\/\/praxas.com\/wp-content\/uploads\/General_LogTag_Quick_Start_Guide.pdf\">Guide de d\u00e9marrage rapide du LogTag TRIL-8<\/a><\/li>\n<\/ul>"],"accessories":["[products skus=\"LTI-HID,PROTECTIVE ENCLOSURE,WMB-1\"]"],"_uag_page_assets":["a:9:{s:3:\"css\";s:0:\"\";s:2:\"js\";s:0:\"\";s:18:\"current_block_list\";a:0:{}s:8:\"uag_flag\";b:0;s:11:\"uag_version\";s:10:\"1776966156\";s:6:\"gfonts\";a:0:{}s:10:\"gfonts_url\";s:0:\"\";s:12:\"gfonts_files\";a:0:{}s:14:\"uag_faq_layout\";b:0;}"],"_max_variation_price":[""],"_max_variation_regular_price":[""],"_max_variation_sale_price":[""],"_min_variation_price":[""],"_min_variation_regular_price":[""],"_min_variation_sale_price":[""],"_sale_price":[""],"_wc_pb_base_regular_price":[""],"_wc_pb_base_sale_price":[""],"_wc_pb_base_price":[""],"_wc_sw_max_price":[""],"_wc_sw_max_regular_price":[""],"_wc_rating_count":[""]},"uagb_featured_image_src":{"full":["https:\/\/praxas.com\/wp-content\/uploads\/logtag-logtag-tril-8-dry-ice-temperature-logger-800px.jpg",800,463,false],"thumbnail":["https:\/\/praxas.com\/wp-content\/uploads\/logtag-logtag-tril-8-dry-ice-temperature-logger-800px-150x150.jpg",150,150,true],"medium":["https:\/\/praxas.com\/wp-content\/uploads\/logtag-logtag-tril-8-dry-ice-temperature-logger-800px-300x174.jpg",300,174,true],"medium_large":["https:\/\/praxas.com\/wp-content\/uploads\/logtag-logtag-tril-8-dry-ice-temperature-logger-800px-768x444.jpg",768,444,true],"large":["https:\/\/praxas.com\/wp-content\/uploads\/logtag-logtag-tril-8-dry-ice-temperature-logger-800px.jpg",800,463,false],"1536x1536":["https:\/\/praxas.com\/wp-content\/uploads\/logtag-logtag-tril-8-dry-ice-temperature-logger-800px.jpg",800,463,false],"2048x2048":["https:\/\/praxas.com\/wp-content\/uploads\/logtag-logtag-tril-8-dry-ice-temperature-logger-800px.jpg",800,463,false],"crunchify-admin-post-featured-image":["https:\/\/praxas.com\/wp-content\/uploads\/logtag-logtag-tril-8-dry-ice-temperature-logger-800px-120x69.jpg",120,69,true],"commercegurus-pdp-large":["https:\/\/praxas.com\/wp-content\/uploads\/logtag-logtag-tril-8-dry-ice-temperature-logger-800px.jpg",800,463,false],"commercegurus-plp-mobile":["https:\/\/praxas.com\/wp-content\/uploads\/logtag-logtag-tril-8-dry-ice-temperature-logger-800px-441x255.jpg",441,255,true],"cgkit_image_swatch":["https:\/\/praxas.com\/wp-content\/uploads\/logtag-logtag-tril-8-dry-ice-temperature-logger-800px-100x100.jpg",100,100,true],"woocommerce_thumbnail":["https:\/\/praxas.com\/wp-content\/uploads\/logtag-logtag-tril-8-dry-ice-temperature-logger-800px-350x203.jpg",350,203,true],"woocommerce_single":["https:\/\/praxas.com\/wp-content\/uploads\/logtag-logtag-tril-8-dry-ice-temperature-logger-800px.jpg",800,463,false],"woocommerce_gallery_thumbnail":["https:\/\/praxas.com\/wp-content\/uploads\/logtag-logtag-tril-8-dry-ice-temperature-logger-800px-150x87.jpg",150,87,true]},"uagb_author_info":{"display_name":"Beth Foord","author_link":"https:\/\/praxas.com\/fr\/author\/"},"uagb_comment_info":0,"uagb_excerpt":"Enregistreur de temp\u00e9rature \u00e0 glace s\u00e8che De -80 \u00e0 +40 \u00b0C Alarmes personnalisables 8000 points de mesure Enregistreur de temp\u00e9rature \u00e0 trajets multiples","_links":{"self":[{"href":"https:\/\/praxas.com\/fr\/wp-json\/wp\/v2\/product\/30136","targetHints":{"allow":["GET"]}}],"collection":[{"href":"https:\/\/praxas.com\/fr\/wp-json\/wp\/v2\/product"}],"about":[{"href":"https:\/\/praxas.com\/fr\/wp-json\/wp\/v2\/types\/product"}],"wp:featuredmedia":[{"embeddable":true,"href":"https:\/\/praxas.com\/fr\/wp-json\/wp\/v2\/media\/30137"}],"wp:attachment":[{"href":"https:\/\/praxas.com\/fr\/wp-json\/wp\/v2\/media?parent=30136"}],"wp:term":[{"taxonomy":"product_brand","embeddable":true,"href":"https:\/\/praxas.com\/fr\/wp-json\/wp\/v2\/product_brand?post=30136"},{"taxonomy":"product_cat","embeddable":true,"href":"https:\/\/praxas.com\/fr\/wp-json\/wp\/v2\/product_cat?post=30136"},{"taxonomy":"product_tag","embeddable":true,"href":"https:\/\/praxas.com\/fr\/wp-json\/wp\/v2\/product_tag?post=30136"}],"curies":[{"name":"wp","href":"https:\/\/api.w.org\/{rel}","templated":true}]}}