{"id":30145,"date":"2024-06-10T17:22:11","date_gmt":"2024-06-10T15:22:11","guid":{"rendered":"https:\/\/staging.praxas.com\/product\/non%20class\u00e9\/enregistreur-de-temperature-de-glace-seche-sril-8\/"},"modified":"2025-10-09T10:15:33","modified_gmt":"2025-10-09T08:15:33","slug":"enregistreur-de-temperature-de-glace-seche-sril-8","status":"publish","type":"product","link":"https:\/\/praxas.com\/fr\/product\/data-loggers-fr\/enregistreurs-de-donnees-de-temperature\/enregistreur-de-temperature-de-glace-seche-sril-8\/","title":{"rendered":"SRIL-8 Enregistreur de temp\u00e9rature \u00e0 glace s\u00e8che"},"content":{"rendered":"<p data-start=\"285\" data-end=\"608\">Le LogTag\u00ae SRIL-8 est un enregistreur de temp\u00e9rature \u00e0 usage unique con\u00e7u pour la <strong data-start=\"352\" data-end=\"377\">surveillance du froid extr\u00eame<\/strong> dans le domaine du <strong data-start=\"386\" data-end=\"405\">stockage<\/strong> et du <strong data-start=\"410\" data-end=\"423\">transport<\/strong> <strong data-start=\"386\" data-end=\"405\">m\u00e9dical<\/strong>. Il enregistre avec pr\u00e9cision jusqu&rsquo;\u00e0 <strong data-start=\"453\" data-end=\"471\">8 000 mesures<\/strong> dans des environnements allant de <strong data-start=\"501\" data-end=\"519\">-80\u00b0C \u00e0 +40\u00b0C<\/strong>, ce qui le rend id\u00e9al pour les vaccins, les produits pharmaceutiques, les \u00e9chantillons cliniques et les exp\u00e9ditions de glace s\u00e8che. <\/p>\n<p data-start=\"610\" data-end=\"811\">Ses indicateurs LED int\u00e9gr\u00e9s (rouge = alerte, vert = OK) permettent de visualiser instantan\u00e9ment l&rsquo;\u00e9tat de l&rsquo;appareil, sans avoir besoin d&rsquo;un PC. Chaque lecture est <strong data-start=\"734\" data-end=\"757\">horodat\u00e9e<\/strong>, ce qui garantit une tra\u00e7abilit\u00e9 pr\u00e9cise des produits critiques. <\/p>\n<p data-start=\"813\" data-end=\"830\"><strong data-start=\"813\" data-end=\"830\">Caract\u00e9ristiques principales :<\/strong><\/p>\n<ul data-start=\"831\" data-end=\"1173\">\n<li data-start=\"831\" data-end=\"873\">\n<p data-start=\"833\" data-end=\"873\">Large gamme de temp\u00e9ratures : -80\u00b0C \u00e0 +40\u00b0C<\/p>\n<\/li>\n<li data-start=\"874\" data-end=\"906\">\n<p data-start=\"876\" data-end=\"906\">Enregistre jusqu&rsquo;\u00e0 8 000 lectures<\/p>\n<\/li>\n<li data-start=\"907\" data-end=\"937\">\n<p data-start=\"909\" data-end=\"937\">Conception compacte, sans sonde<\/p>\n<\/li>\n<li data-start=\"938\" data-end=\"983\">\n<p data-start=\"940\" data-end=\"983\">Usage unique avec une dur\u00e9e de vie de la batterie allant jusqu&rsquo;\u00e0 3 ans<\/p>\n<\/li>\n<li data-start=\"984\" data-end=\"1026\">\n<p data-start=\"986\" data-end=\"1026\">Indicateurs LED pour un contr\u00f4le rapide de l&rsquo;\u00e9tat<\/p>\n<\/li>\n<li data-start=\"1027\" data-end=\"1090\">\n<p data-start=\"1029\" data-end=\"1090\">R\u00e9pond aux besoins de la logistique des soins de sant\u00e9, de l&rsquo;industrie pharmaceutique et de la cha\u00eene du froid<\/p>\n<\/li>\n<li data-start=\"1091\" data-end=\"1173\">\n<p data-start=\"1093\" data-end=\"1173\">Logiciel gratuit LogTag\u00ae Analyzer pour l&rsquo;installation, le t\u00e9l\u00e9chargement et l&rsquo;exportation des donn\u00e9es (par ex. Excel)<\/p>\n<\/li>\n<\/ul>\n<p data-start=\"1175\" data-end=\"1192\"><strong data-start=\"1175\" data-end=\"1192\">Convient pour :<\/strong><\/p>\n<ul data-start=\"1193\" data-end=\"1333\">\n<li data-start=\"1193\" data-end=\"1215\">\n<p data-start=\"1195\" data-end=\"1215\">H\u00f4pitaux et laboratoires<\/p>\n<\/li>\n<li data-start=\"1216\" data-end=\"1248\">\n<p data-start=\"1218\" data-end=\"1248\">Stockage des vaccins et des m\u00e9dicaments<\/p>\n<\/li>\n<li data-start=\"1249\" data-end=\"1268\">\n<p data-start=\"1251\" data-end=\"1268\">Essais cliniques<\/p>\n<\/li>\n<li data-start=\"1269\" data-end=\"1307\">\n<p data-start=\"1271\" data-end=\"1307\">Transport de glace s\u00e8che et de produits surgel\u00e9s<\/p>\n<\/li>\n<li data-start=\"1308\" data-end=\"1333\">\n<p data-start=\"1310\" data-end=\"1333\">Surveillance de la cha\u00eene du froid<\/p>\n<\/li>\n<\/ul>\n","protected":false},"excerpt":{"rendered":"<ul>\n<li>Enregistreur de temp\u00e9rature \u00e0 glace s\u00e8che<\/li>\n<li>De -80\u00b0C \u00e0 +40\u00b0C<\/li>\n<li>8 000 points de mesure<\/li>\n<li>Indicateur d&rsquo;alerte<\/li>\n<li>T\u00e9l\u00e9chargement rapide<\/li>\n<li>Indicateurs LED<\/li>\n<\/ul>\n","protected":false},"featured_media":30146,"template":"","meta":{"_acf_changed":false,"content-type":"","_uag_custom_page_level_css":""},"product_brand":[],"product_cat":[1238],"product_tag":[2516],"class_list":{"0":"post-30145","1":"product","2":"type-product","3":"status-publish","4":"has-post-thumbnail","6":"product_cat-enregistreurs-de-donnees-de-temperature","7":"product_tag-logtag-fr","9":"first","10":"instock","11":"taxable","12":"shipping-taxable","13":"purchasable","14":"product-type-simple"},"bundled_by":[],"bundle_stock_status":"instock","bundle_stock_quantity":null,"bundle_virtual":false,"bundle_layout":"","bundle_add_to_cart_form_location":"","bundle_editable_in_cart":false,"bundle_sold_individually_context":"","bundle_item_grouping":"","bundle_min_size":"","bundle_max_size":"","bundle_price":[],"bundled_items":[],"bundle_sell_ids":[],"acf":[],"spectra_custom_meta":{"_product_attributes":["a:2:{s:16:\"pa_product-brand\";a:6:{s:4:\"name\";s:16:\"pa_product-brand\";s:5:\"value\";s:0:\"\";s:8:\"position\";i:0;s:10:\"is_visible\";i:1;s:12:\"is_variation\";i:0;s:11:\"is_taxonomy\";i:1;}s:16:\"pa_make-a-choice\";a:6:{s:4:\"name\";s:16:\"pa_make-a-choice\";s:5:\"value\";s:0:\"\";s:8:\"position\";i:1;s:10:\"is_visible\";i:1;s:12:\"is_variation\";i:0;s:11:\"is_taxonomy\";i:1;}}"],"attr_label_translations":["a:1:{s:2:\"fr\";a:1:{s:13:\"make-a-choice\";s:15:\"Faites un choix\";}}"],"_backorders":["no"],"_download_limit":["-1"],"_download_expiry":["-1"],"_downloadable":["no"],"_manage_stock":["no"],"_stock_status":["instock"],"_sold_individually":["no"],"_tax_class":[""],"_tax_status":["taxable"],"_virtual":["no"],"total_sales":["1"],"product_datasheet":[""],"_product_datasheet":["field_650ad7d6ea3a0"],"_connectivity":["field_64dce263bb57c"],"brand":["LogTag"],"_brand":["field_64ddf62ed2593"],"brand_image":[""],"_brand_image":["field_650c5e7c84cae"],"_specifications_table":["field_65044e1db92a8"],"_resources":["field_650849c6945ee"],"_accessories":["field_650849e6945f0"],"_faqs":["field_650859523d8d5"],"_calibration_suitable_ids_gb":["field_654b4c4acb54a"],"_calibration_suitable_ids_us":["field_654b4c56cb54b"],"_show_in_calibration_suitable":["field_654cfb691d345"],"_usd_price_4":["field_651570dcac479"],"_usd_price_9":["field_6515713eb4807"],"_usd_price_24":["field_65157141b4809"],"_usd_price_49":["field_65157140b4808"],"_usd_price_99":["field_6515715bb480a"],"_gbp_price_4":["field_6515716e83bfa"],"_gbp_price_9":["field_6515724783bfb"],"_gbp_price_24":["field_6515724b83bfc"],"_gbp_price_49":["field_6515725983bfd"],"_gbp_price_99":["field_6515725d83bfe"],"_usdhk_price_4":["field_6515726f83bff"],"_usdhk_price_9":["field_6515727c83c00"],"_usdhk_price_24":["field_6515728083c01"],"_usdhk_price_49":["field_6515728983c02"],"_usdhk_price_99":["field_6515728e83c03"],"stock_options":["In stock"],"_stock_options":["field_6544b605dc7f9"],"_top_nav_excluded":[""],"_cms_nav_minihome":[""],"wcml_sync_hash":["a:1:{s:15:\"postmeta_fields\";s:32:\"decdb7938cd3447b66c519d4025c069f\";}"],"_product_image_gallery":["30147,30148,30149,30150"],"_thumbnail_id":["30146"],"_crosssell_ids":["a:0:{}"],"_edit_lock":["1724246328:8383"],"classic-editor-remember":["classic-editor"],"_display_data_alarm":["field_667d647bcb066"],"_other_features":["field_668524f8c98a4"],"_shipping":["field_66852535c98a5"],"_refrigerant_cabinet":["field_66852557c98a6"],"_main_specifications":["field_66855b25b1245"],"_last_translation_edit_mode":["translation-editor"],"connectivity":["Interface Cradle"],"_calibration":["field_66a0ddd599972"],"rank_math_seo_score":["30"],"rank_math_contentai_score":["a:5:{s:8:\"keywords\";s:5:\"74.51\";s:9:\"wordCount\";s:1:\"0\";s:9:\"linkCount\";s:1:\"0\";s:12:\"headingCount\";s:1:\"0\";s:10:\"mediaCount\";s:1:\"0\";}"],"_edit_last":["8383"],"commercekit_gallery_layout":[""],"commercekit_disable_sticky_atc":["0"],"commercekit_wc_video_gallery":["a:0:{}"],"_rank_math_gtin_code":[""],"_wcml_average_rating":[null],"_wcml_review_count":[null],"_wcml_rating_count":[null],"_stock":[null],"_wc_average_rating":[0],"_wc_review_count":["0"],"_product_version":["9.1.4"],"usd_price_4":[""],"usd_price_9":[""],"usd_price_24":[""],"usd_price_49":[""],"usd_price_99":[""],"gbp_price_4":[""],"gbp_price_9":[""],"gbp_price_24":[""],"gbp_price_49":[""],"gbp_price_99":[""],"usdhk_price_4":[""],"usdhk_price_9":[""],"usdhk_price_24":[""],"usdhk_price_49":[""],"usdhk_price_99":[""],"display_data_alarm":[""],"calibration":[""],"faqs":[""],"calibration_suitable_ids_gb":[""],"calibration_suitable_ids_us":[""],"show_in_calibration_suitable":[""],"other_features":[""],"shipping":[""],"refrigerant_cabinet":[""],"main_specifications":[""],"shoptimizer_layout_pdp_short_description_position":["default"],"rank_math_analytic_object_id":["624"],"_wpml_media_duplicate":["1"],"_wpml_media_featured":["1"],"_regular_price":["57.40"],"_price":["57.40","57.40","57.40"],"min_temp":["-80"],"max_temp":["40"],"_min_temp":["field_67ea5eb4e0a77"],"_max_temp":["field_67ea5f81e0a79"],"hubwoo_ecomm_pro_id":["21484931693"],"_wpml_word_count":["259"],"_sku":["SRIL-8_DI"],"_weight":["0.033"],"rank_math_primary_product_cat":["87"],"_global_unique_id":["850040258165"],"rank_math_title":["%title% %sep% %sitename%"],"rank_math_description":["Surveillez les basses temp\u00e9ratures avec l'enregistreur de temp\u00e9rature \u00e0 glace s\u00e8che SRIL-8. \u00c0 usage unique, il enregistre jusqu'\u00e0 8 000 relev\u00e9s et dispose d'alarmes personnalisables. "],"rank_math_focus_keyword":["Enregistreur de temp\u00e9rature \u00e0 glace s\u00e8che"],"specifications_table":["<table class=\"specifications\">\n<tbody>\n<tr>\n<td class=\"left-td\">Plage de mesure du capteur<\/td>\n<td>De -80\u00b0C \u00e0 +40\u00b0C (de -112\u00b0F \u00e0 +104\u00b0F)<\/td>\n<\/tr>\n<tr>\n<td class=\"left-td\">Plage de temp\u00e9rature de stockage<\/td>\n<td>De -20\u00b0C \u00e0 +40\u00b0C (de -4\u00b0F \u00e0 +104\u00b0F)<\/td>\n<\/tr>\n<tr>\n<td class=\"left-td\">Pr\u00e9cision de la lecture de la temp\u00e9rature nominale<\/td>\n<td>Sup\u00e9rieure \u00e0 \u00b11\u00b0C (\u00b11,8\u00b0F) pour -30\u00b0C \u00e0 +20\u00b0C (-22\u00b0F \u00e0 +68\u00b0F)\nSup\u00e9rieure \u00e0 \u00b11,2\u00b0C (\u00b12,1\u00b0F) pour -45\u00b0C \u00e0 -30\u00b0C (-49\u00b0F \u00e0 -22\u00b0F) et +20\u00b0C \u00e0 +40\u00b0C (+68\u00b0F \u00e0 +104\u00b0F)\nSup\u00e9rieure \u00e0 \u00b11.7\u00b0C (\u00b13,1\u00b0F) pour -80\u00b0C \u00e0 -45\u00b0C (-112\u00b0F \u00e0 -49\u00b0F)\nLes performances r\u00e9elles sont g\u00e9n\u00e9ralement bien meilleures que les valeurs nominales\nLes chiffres de pr\u00e9cision peuvent \u00eatre am\u00e9lior\u00e9s par un r\u00e9\u00e9talonnage.<\/td>\n<\/tr>\n<tr>\n<td class=\"left-td\">Temp\u00e9rature nominale R\u00e9solution de la lecture<\/td>\n<td>Moins de 0,1\u00b0C (0,2\u00b0F) pour -80\u00b0C \u00e0 0\u00b0C (-112\u00b0F \u00e0 +32\u00b0F)\nMoins de 0,2\u00b0C (0,4\u00b0F) pour 0\u00b0C \u00e0 +20\u00b0C (+32\u00b0F \u00e0 +68\u00b0F)\nMoins de 0,5\u00b0C (0,9\u00b0F) pour +20\u00b0C \u00e0 +40\u00b0C (+68\u00b0F \u00e0 +104\u00b0F)\nLogTag Analyzer\u00ae affiche actuellement \u00e0 une d\u00e9cimale de \u00b0C ou de \u00b0F. La r\u00e9solution native est celle qui est stock\u00e9e dans le LogTag\u00ae <\/td>\n<\/tr>\n<tr>\n<td class=\"left-td\">Temps de r\u00e9action du capteur<\/td>\n<td>Typiquement moins de 5 minutes (T90) dans l'air en mouvement (1m\/s)<\/td>\n<\/tr>\n<tr>\n<td class=\"left-td\">Capacit\u00e9 d'enregistrement<\/td>\n<td>8031 relev\u00e9s de temp\u00e9rature.\n53 jours \u00e0 10 minutes d'enregistrement, 80 jours \u00e0 15 minutes d'enregistrement <\/td>\n<\/tr>\n<tr>\n<td class=\"left-td\">Intervalle d'\u00e9chantillonnage<\/td>\n<td>Configurable de 1 minute \u00e0 plusieurs heures<\/td>\n<\/tr>\n<tr>\n<td class=\"left-td\">Options de d\u00e9marrage de l'enregistrement<\/td>\n<td>D\u00e9marrage par bouton-poussoir ou date et heure sp\u00e9cifiques<\/td>\n<\/tr>\n<tr>\n<td class=\"left-td\">Indication d'enregistrement<\/td>\n<td>Indicateur clignotant \"OK\" \/ indicateur clignotant \"ALERTE\".<\/td>\n<\/tr>\n<tr>\n<td class=\"left-td\">Temps de t\u00e9l\u00e9chargement<\/td>\n<td>G\u00e9n\u00e9ralement moins de 5 secondes pour une m\u00e9moire compl\u00e8te (8031 lectures), en fonction de l'ordinateur ou du dispositif de lecture utilis\u00e9.<\/td>\n<\/tr>\n<tr>\n<td class=\"left-td\">Environnement<\/td>\n<td>IP65 (\u00e0 peu pr\u00e8s \u00e9quivalent \u00e0 NEMA 4)<\/td>\n<\/tr>\n<tr>\n<td class=\"left-td\">Source d'alimentation<\/td>\n<td>Pile au lithium 3,6V \u00e0 basse temp\u00e9rature (fixe)<\/td>\n<\/tr>\n<tr>\n<td class=\"left-td\">Dur\u00e9e de vie de la batterie<\/td>\n<td>Dur\u00e9e de stockage minimale de 1 an avant le d\u00e9marrage (s'il est en mode hibernation)\nVersion \u00e0 usage unique pr\u00e9vue pour un voyage typique de 2 semaines \u00e0 des temp\u00e9ratures de glace carbonique\nVersion \u00e0 usage multiple pr\u00e9vue pour une exposition totale cumul\u00e9e de 1 000 heures \u00e0 -80 \u00b0C au cours de plusieurs voyages.<\/td>\n<\/tr>\n<tr>\n<td class=\"left-td\">Horloge temps r\u00e9el<\/td>\n<td>Horloge temps r\u00e9el int\u00e9gr\u00e9e\nPr\u00e9cision nominale \u00b125ppm @ 25\u00b0C (\u00e9quivalent \u00e0 2,5 secondes\/jour)\nLe coefficient de temp\u00e9rature nominal est de -0,034 \u00b10,006ppm\/\u00b0C (c'est-\u00e0-dire typiquement +\/- 0,00294 seconde\/jour\/\u00b0C).<\/td>\n<\/tr>\n<tr>\n<td class=\"left-td\">Taille<\/td>\n<td>86mm(H) x 54.5mm(L) x 8.6mm(T)<\/td>\n<\/tr>\n<tr>\n<td class=\"left-td\">Poids<\/td>\n<td>33g<\/td>\n<\/tr>\n<tr>\n<td class=\"left-td\">Mat\u00e9riau du bo\u00eetier<\/td>\n<td>Polycarbonate<\/td>\n<\/tr>\n<\/tbody>\n<\/table>"],"resources":["<ul class=\"resources-list\">\n \t<li><a href=\"https:\/\/praxas.com\/wp-content\/uploads\/LogTag_SRIL-8_Brochure.pdf\"><img src=\"https:\/\/praxas.com\/wp-content\/uploads\/document-icon.png\" alt=\"Ic\u00f4ne de document\">Brochure LogTag SRIL-8<\/a><\/li>\n \t<li><img src=\"https:\/\/praxas.com\/wp-content\/uploads\/document-icon.png\" alt=\"Ic\u00f4ne de document\"><a href=\"https:\/\/praxas.com\/wp-content\/uploads\/General_LogTag_Quick_Start_Guide.pdf\">Guide de d\u00e9marrage rapide du LogTag SRIL-8<\/a><\/li>\n<\/ul>\n\u00a0"],"accessories":["[products skus=\"LTI-HID,WMB-1\"]"],"_uag_page_assets":["a:9:{s:3:\"css\";s:0:\"\";s:2:\"js\";s:0:\"\";s:18:\"current_block_list\";a:0:{}s:8:\"uag_flag\";b:0;s:11:\"uag_version\";s:10:\"1776966156\";s:6:\"gfonts\";a:0:{}s:10:\"gfonts_url\";s:0:\"\";s:12:\"gfonts_files\";a:0:{}s:14:\"uag_faq_layout\";b:0;}"],"_max_variation_price":[""],"_max_variation_regular_price":[""],"_max_variation_sale_price":[""],"_min_variation_price":[""],"_min_variation_regular_price":[""],"_min_variation_sale_price":[""],"_sale_price":[""],"_wc_pb_base_regular_price":[""],"_wc_pb_base_sale_price":[""],"_wc_pb_base_price":[""],"_wc_sw_max_price":[""],"_wc_sw_max_regular_price":[""],"_wc_rating_count":[""]},"uagb_featured_image_src":{"full":["https:\/\/praxas.com\/wp-content\/uploads\/logtag-logtag-sril-8-dry-ice-low-temperature-logge-800px.jpg",800,463,false],"thumbnail":["https:\/\/praxas.com\/wp-content\/uploads\/logtag-logtag-sril-8-dry-ice-low-temperature-logge-800px-150x150.jpg",150,150,true],"medium":["https:\/\/praxas.com\/wp-content\/uploads\/logtag-logtag-sril-8-dry-ice-low-temperature-logge-800px-300x174.jpg",300,174,true],"medium_large":["https:\/\/praxas.com\/wp-content\/uploads\/logtag-logtag-sril-8-dry-ice-low-temperature-logge-800px-768x444.jpg",768,444,true],"large":["https:\/\/praxas.com\/wp-content\/uploads\/logtag-logtag-sril-8-dry-ice-low-temperature-logge-800px.jpg",800,463,false],"1536x1536":["https:\/\/praxas.com\/wp-content\/uploads\/logtag-logtag-sril-8-dry-ice-low-temperature-logge-800px.jpg",800,463,false],"2048x2048":["https:\/\/praxas.com\/wp-content\/uploads\/logtag-logtag-sril-8-dry-ice-low-temperature-logge-800px.jpg",800,463,false],"crunchify-admin-post-featured-image":["https:\/\/praxas.com\/wp-content\/uploads\/logtag-logtag-sril-8-dry-ice-low-temperature-logge-800px-120x69.jpg",120,69,true],"commercegurus-pdp-large":["https:\/\/praxas.com\/wp-content\/uploads\/logtag-logtag-sril-8-dry-ice-low-temperature-logge-800px.jpg",800,463,false],"commercegurus-plp-mobile":["https:\/\/praxas.com\/wp-content\/uploads\/logtag-logtag-sril-8-dry-ice-low-temperature-logge-800px-441x255.jpg",441,255,true],"cgkit_image_swatch":["https:\/\/praxas.com\/wp-content\/uploads\/logtag-logtag-sril-8-dry-ice-low-temperature-logge-800px-100x100.jpg",100,100,true],"woocommerce_thumbnail":["https:\/\/praxas.com\/wp-content\/uploads\/logtag-logtag-sril-8-dry-ice-low-temperature-logge-800px-350x203.jpg",350,203,true],"woocommerce_single":["https:\/\/praxas.com\/wp-content\/uploads\/logtag-logtag-sril-8-dry-ice-low-temperature-logge-800px.jpg",800,463,false],"woocommerce_gallery_thumbnail":["https:\/\/praxas.com\/wp-content\/uploads\/logtag-logtag-sril-8-dry-ice-low-temperature-logge-800px-150x87.jpg",150,87,true]},"uagb_author_info":{"display_name":"Beth Foord","author_link":"https:\/\/praxas.com\/fr\/author\/"},"uagb_comment_info":0,"uagb_excerpt":"Enregistreur de temp\u00e9rature \u00e0 glace s\u00e8che De -80\u00b0C \u00e0 +40\u00b0C 8 000 points de mesure Indicateur d'alerte T\u00e9l\u00e9chargement rapide Indicateurs LED","_links":{"self":[{"href":"https:\/\/praxas.com\/fr\/wp-json\/wp\/v2\/product\/30145","targetHints":{"allow":["GET"]}}],"collection":[{"href":"https:\/\/praxas.com\/fr\/wp-json\/wp\/v2\/product"}],"about":[{"href":"https:\/\/praxas.com\/fr\/wp-json\/wp\/v2\/types\/product"}],"wp:featuredmedia":[{"embeddable":true,"href":"https:\/\/praxas.com\/fr\/wp-json\/wp\/v2\/media\/30146"}],"wp:attachment":[{"href":"https:\/\/praxas.com\/fr\/wp-json\/wp\/v2\/media?parent=30145"}],"wp:term":[{"taxonomy":"product_brand","embeddable":true,"href":"https:\/\/praxas.com\/fr\/wp-json\/wp\/v2\/product_brand?post=30145"},{"taxonomy":"product_cat","embeddable":true,"href":"https:\/\/praxas.com\/fr\/wp-json\/wp\/v2\/product_cat?post=30145"},{"taxonomy":"product_tag","embeddable":true,"href":"https:\/\/praxas.com\/fr\/wp-json\/wp\/v2\/product_tag?post=30145"}],"curies":[{"name":"wp","href":"https:\/\/api.w.org\/{rel}","templated":true}]}}