{"id":30156,"date":"2024-06-10T15:45:07","date_gmt":"2024-06-10T13:45:07","guid":{"rendered":"https:\/\/staging.praxas.com\/product\/non%20class\u00e9\/ev-16\/"},"modified":"2026-03-31T11:03:08","modified_gmt":"2026-03-31T09:03:08","slug":"ev-16","status":"publish","type":"product","link":"https:\/\/praxas.com\/fr\/product\/data-loggers-fr\/logistique-de-la-chaine-du-froid\/ev-16\/","title":{"rendered":"EV-16"},"content":{"rendered":"<p>Contr\u00f4lez la temp\u00e9rature avec facilit\u00e9 et pr\u00e9cision comme jamais auparavant gr\u00e2ce \u00e0 l&rsquo;EV-16 d&rsquo;Envirolog ! Parfait pour les denr\u00e9es p\u00e9rissables et les produits pharmaceutiques, cet enregistreur de temp\u00e9rature \u00e0 usage unique fournit des relev\u00e9s fiables de -30 \u00e0 70 degr\u00e9s, avec une autonomie de 2 ans en stockage et de 6 mois en fonctionnement. En outre, vous obtenez un rapport PDF automatique des donn\u00e9es mesur\u00e9es en plusieurs langues.<\/p>\n<p>L&rsquo;enregistrement est un \u00e9l\u00e9ment essentiel de votre transport de marchandises. Avec le bon enregistreur, vous pouvez facilement suivre et contr\u00f4ler le climat environnemental de vos produits. L&rsquo;enregistreur peut \u00eatre configur\u00e9 rapidement et facilement.<\/p>\n<p>Par d\u00e9faut, nous fournissons un profil pr\u00e9d\u00e9fini de Praxas.<\/p>\n<ul>\n<li>D\u00e9lai de d\u00e9marrage de 30 minutes<\/li>\n<li>150 jours d&rsquo;exploitation foresti\u00e8re<\/li>\n<li>Un point de mesure toutes les 30 minutes<\/li>\n<li>Pas de valeurs d&rsquo;alarme<\/li>\n<li>Bouton d&rsquo;arr\u00eat inactif (le programme fonctionne pendant 150 jours)<\/li>\n<\/ul>\n","protected":false},"excerpt":{"rendered":"<ul>\n<li>De -30\u00b0C \u00e0 +70\u00b0C<\/li>\n<li>Moniteur de temp\u00e9rature USB<\/li>\n<li>Convivialit\u00e9<\/li>\n<li>150 jours d&rsquo;exploitation foresti\u00e8re<\/li>\n<\/ul>\n","protected":false},"featured_media":30157,"template":"","meta":{"_acf_changed":false,"content-type":"","_uag_custom_page_level_css":""},"product_brand":[],"product_cat":[1281,1238],"product_tag":[],"class_list":{"0":"post-30156","1":"product","2":"type-product","3":"status-publish","4":"has-post-thumbnail","6":"product_cat-logistique-de-la-chaine-du-froid","7":"product_cat-enregistreurs-de-donnees-de-temperature","9":"first","10":"instock","11":"taxable","12":"shipping-taxable","13":"purchasable","14":"product-type-simple"},"bundled_by":[],"bundle_stock_status":"instock","bundle_stock_quantity":null,"bundle_virtual":false,"bundle_layout":"","bundle_add_to_cart_form_location":"","bundle_editable_in_cart":false,"bundle_sold_individually_context":"","bundle_item_grouping":"","bundle_min_size":"","bundle_max_size":"","bundle_price":[],"bundled_items":[],"bundle_sell_ids":[],"acf":[],"spectra_custom_meta":{"_product_attributes":["a:2:{s:16:\"pa_product-brand\";a:6:{s:4:\"name\";s:16:\"pa_product-brand\";s:5:\"value\";s:0:\"\";s:8:\"position\";i:0;s:10:\"is_visible\";i:1;s:12:\"is_variation\";i:0;s:11:\"is_taxonomy\";i:1;}s:16:\"pa_make-a-choice\";a:6:{s:4:\"name\";s:16:\"pa_make-a-choice\";s:5:\"value\";s:0:\"\";s:8:\"position\";i:1;s:10:\"is_visible\";i:1;s:12:\"is_variation\";i:1;s:11:\"is_taxonomy\";i:1;}}"],"attr_label_translations":["a:1:{s:2:\"fr\";a:1:{s:13:\"make-a-choice\";s:15:\"Faites un choix\";}}"],"_wcml_average_rating":[null],"_wcml_review_count":[null],"_wcml_rating_count":[null],"_backorders":["no"],"_download_limit":["-1"],"_download_expiry":["-1"],"_downloadable":["no"],"_manage_stock":["no"],"_stock_status":["instock"],"_sold_individually":["no"],"_tax_class":[""],"_tax_status":["taxable"],"_virtual":["no"],"total_sales":["49"],"product_datasheet":[""],"_product_datasheet":["field_650ad7d6ea3a0"],"_connectivity":["field_64dce263bb57c"],"_brand":["field_64ddf62ed2593"],"brand_image":[""],"_brand_image":["field_650c5e7c84cae"],"_specifications_table":["field_65044e1db92a8"],"_resources":["field_650849c6945ee"],"_accessories":["field_650849e6945f0"],"_faqs":["field_650859523d8d5"],"_calibration_suitable_ids_gb":["field_654b4c4acb54a"],"_calibration_suitable_ids_us":["field_654b4c56cb54b"],"_show_in_calibration_suitable":["field_654cfb691d345"],"_usd_price_4":["field_651570dcac479"],"_usd_price_9":["field_6515713eb4807"],"_usd_price_24":["field_65157141b4809"],"_usd_price_49":["field_65157140b4808"],"_usd_price_99":["field_6515715bb480a"],"_gbp_price_4":["field_6515716e83bfa"],"_gbp_price_9":["field_6515724783bfb"],"_gbp_price_24":["field_6515724b83bfc"],"_gbp_price_49":["field_6515725983bfd"],"_gbp_price_99":["field_6515725d83bfe"],"_usdhk_price_4":["field_6515726f83bff"],"_usdhk_price_9":["field_6515727c83c00"],"_usdhk_price_24":["field_6515728083c01"],"_usdhk_price_49":["field_6515728983c02"],"_usdhk_price_99":["field_6515728e83c03"],"stock_options":["In stock"],"_stock_options":["field_6544b605dc7f9"],"_top_nav_excluded":[""],"_cms_nav_minihome":[""],"wcml_sync_hash":["a:1:{s:15:\"postmeta_fields\";s:32:\"ede67102e845f5f80fe3bd95934b2af9\";}"],"_product_image_gallery":[""],"_thumbnail_id":["30157"],"_crosssell_ids":["a:0:{}"],"connectivity":["USB"],"_display_data_alarm":["field_667d647bcb066"],"_shipping":["field_66852535c98a5"],"_refrigerant_cabinet":["field_66852557c98a6"],"_main_specifications":["field_66855b25b1245"],"_last_translation_edit_mode":["translation-editor"],"rank_math_focus_keyword":["Moniteur de temp\u00e9rature"],"_wpml_word_count":["180"],"_calibration":["field_66a0ddd599972"],"min_temp":["-30"],"max_temp":["70"],"_min_temp":["field_67ea5eb4e0a77"],"_max_temp":["field_67ea5f81e0a79"],"_other_features":["field_686fa2aa98dce"],"hubwoo_ecomm_pro_id":["27697147575"],"_regular_price":["16.28"],"_price":["16.28"],"_sku":["ev-16"],"rank_math_primary_product_cat":["101"],"brand":["Envirolog"],"rank_math_title":["EV-16 PDF Enregistreur de temp\u00e9rature de la cha\u00eene du froid %sep% %sitename%"],"rank_math_description":["Contr\u00f4lez les temp\u00e9ratures de -30\u00b0C \u00e0 +70\u00b0C avec l'enregistreur EV-16 PDF. Il est dot\u00e9 d'une connectivit\u00e9 USB, d'une capacit\u00e9 d'enregistrement de 150 jours et g\u00e9n\u00e8re automatiquement des rapports PDF. Id\u00e9al pour les denr\u00e9es p\u00e9rissables et les produits pharmaceutiques."],"specifications_table":["<table class=\"specifications\">\n<tbody>\n<tr class=\"even-row\">\n<td class=\"left-td\">Longueur<\/td>\n<td>5mm<\/td>\n<\/tr>\n<tr class=\"odd-row\">\n<td class=\"left-td\">Largeur<\/td>\n<td>9 mm<\/td>\n<\/tr>\n<tr class=\"even-row\">\n<td class=\"left-td\">Hauteur<\/td>\n<td>1mm<\/td>\n<\/tr>\n<tr class=\"odd-row\">\n<td class=\"left-td\">Poids<\/td>\n<td>31g<\/td>\n<\/tr>\n<tr class=\"even-row\">\n<td class=\"left-td\">Code produit<\/td>\n<td>3900<\/td>\n<\/tr>\n<tr class=\"odd-row\">\n<td class=\"left-td\">Plage de temp\u00e9rature de mesure<\/td>\n<td>De -30\u00b0C \u00e0 +70\u00b0C<\/td>\n<\/tr>\n<tr class=\"even-row\">\n<td class=\"left-td\">Capacit\u00e9<\/td>\n<td>8 000 valeurs de temp\u00e9rature en temps r\u00e9el<\/td>\n<\/tr>\n<tr class=\"odd-row\">\n<td class=\"left-td\">Temp\u00e9rature d'arrondi<\/td>\n<td>1<\/td>\n<\/tr>\n<tr class=\"even-row\">\n<td class=\"left-td\">Capteur de temps de r\u00e9ponse<\/td>\n<td>Typiquement moins de 5 minutes (T90) dans l'air en mouvement (1m\/s)<\/td>\n<\/tr>\n<tr class=\"odd-row\">\n<td class=\"left-td\">Bo\u00eetier<\/td>\n<td>Polycarbonate<\/td>\n<\/tr>\n<tr class=\"even-row\">\n<td class=\"left-td\">Alimentation<\/td>\n<td>Pile au lithium 3v<\/td>\n<\/tr>\n<tr class=\"odd-row\">\n<td class=\"left-td\">Dur\u00e9e de vie de la batterie<\/td>\n<td>6 mois<\/td>\n<\/tr>\n<tr class=\"even-row\">\n<td class=\"left-td\">Th\u00e8me<\/td>\n<td>Temp\u00e9rature<\/td>\n<\/tr>\n<tr class=\"odd-row\">\n<td class=\"left-td\">Quantit\u00e9 minimale de commande<\/td>\n<td>1<\/td>\n<\/tr>\n<\/tbody>\n<\/table>"],"resources":["<ul>\n \t<li><a href=\"https:\/\/praxas.com\/wp-content\/uploads\/EnviroLog-4-how-to-steps.pdf\" data-wp-editing=\"1\"><img src=\"https:\/\/praxas.com\/wp-content\/uploads\/document-icon.png\" alt=\"Ic\u00f4ne de document\">Guide d'utilisation du LogTag L3<\/a><\/li>\n \t<li><a href=\"https:\/\/praxas.com\/wp-content\/uploads\/logtag-en12830-certificate.pdf\"><img src=\"https:\/\/praxas.com\/wp-content\/uploads\/document-icon.png\" alt=\"Ic\u00f4ne de document\">D\u00e9claration de conformit\u00e9 - Certificat EN12830<\/a><\/li>\n<\/ul>\n\u00a0\n\n\u00a0"],"rank_math_internal_links_processed":["1"],"_uag_page_assets":["a:9:{s:3:\"css\";s:0:\"\";s:2:\"js\";s:0:\"\";s:18:\"current_block_list\";a:0:{}s:8:\"uag_flag\";b:0;s:11:\"uag_version\";s:10:\"1777052440\";s:6:\"gfonts\";a:0:{}s:10:\"gfonts_url\";s:0:\"\";s:12:\"gfonts_files\";a:0:{}s:14:\"uag_faq_layout\";b:0;}"],"_max_variation_price":[""],"_max_variation_regular_price":[""],"_max_variation_sale_price":[""],"_min_variation_price":[""],"_min_variation_regular_price":[""],"_min_variation_sale_price":[""],"_sale_price":[""],"_wc_pb_base_regular_price":[""],"_wc_pb_base_sale_price":[""],"_wc_pb_base_price":[""],"_wc_sw_max_price":[""],"_wc_sw_max_regular_price":[""],"_wc_rating_count":[""],"_wc_review_count":[""],"_wc_average_rating":[0]},"uagb_featured_image_src":{"full":["https:\/\/praxas.com\/wp-content\/uploads\/logtag-envirolog-ev-16-pdf-150-days-800px.jpg",800,463,false],"thumbnail":["https:\/\/praxas.com\/wp-content\/uploads\/logtag-envirolog-ev-16-pdf-150-days-800px-150x150.jpg",150,150,true],"medium":["https:\/\/praxas.com\/wp-content\/uploads\/logtag-envirolog-ev-16-pdf-150-days-800px-300x174.jpg",300,174,true],"medium_large":["https:\/\/praxas.com\/wp-content\/uploads\/logtag-envirolog-ev-16-pdf-150-days-800px-768x444.jpg",768,444,true],"large":["https:\/\/praxas.com\/wp-content\/uploads\/logtag-envirolog-ev-16-pdf-150-days-800px.jpg",800,463,false],"1536x1536":["https:\/\/praxas.com\/wp-content\/uploads\/logtag-envirolog-ev-16-pdf-150-days-800px.jpg",800,463,false],"2048x2048":["https:\/\/praxas.com\/wp-content\/uploads\/logtag-envirolog-ev-16-pdf-150-days-800px.jpg",800,463,false],"crunchify-admin-post-featured-image":["https:\/\/praxas.com\/wp-content\/uploads\/logtag-envirolog-ev-16-pdf-150-days-800px-120x69.jpg",120,69,true],"commercegurus-pdp-large":["https:\/\/praxas.com\/wp-content\/uploads\/logtag-envirolog-ev-16-pdf-150-days-800px.jpg",800,463,false],"commercegurus-plp-mobile":["https:\/\/praxas.com\/wp-content\/uploads\/logtag-envirolog-ev-16-pdf-150-days-800px-441x255.jpg",441,255,true],"cgkit_image_swatch":["https:\/\/praxas.com\/wp-content\/uploads\/logtag-envirolog-ev-16-pdf-150-days-800px-100x100.jpg",100,100,true],"woocommerce_thumbnail":["https:\/\/praxas.com\/wp-content\/uploads\/logtag-envirolog-ev-16-pdf-150-days-800px-350x203.jpg",350,203,true],"woocommerce_single":["https:\/\/praxas.com\/wp-content\/uploads\/logtag-envirolog-ev-16-pdf-150-days-800px.jpg",800,463,false],"woocommerce_gallery_thumbnail":["https:\/\/praxas.com\/wp-content\/uploads\/logtag-envirolog-ev-16-pdf-150-days-800px-150x87.jpg",150,87,true]},"uagb_author_info":{"display_name":"Beth Foord","author_link":"https:\/\/praxas.com\/fr\/author\/"},"uagb_comment_info":0,"uagb_excerpt":"De -30\u00b0C \u00e0 +70\u00b0C Moniteur de temp\u00e9rature USB Convivialit\u00e9 150 jours d'exploitation foresti\u00e8re","_links":{"self":[{"href":"https:\/\/praxas.com\/fr\/wp-json\/wp\/v2\/product\/30156","targetHints":{"allow":["GET"]}}],"collection":[{"href":"https:\/\/praxas.com\/fr\/wp-json\/wp\/v2\/product"}],"about":[{"href":"https:\/\/praxas.com\/fr\/wp-json\/wp\/v2\/types\/product"}],"wp:featuredmedia":[{"embeddable":true,"href":"https:\/\/praxas.com\/fr\/wp-json\/wp\/v2\/media\/30157"}],"wp:attachment":[{"href":"https:\/\/praxas.com\/fr\/wp-json\/wp\/v2\/media?parent=30156"}],"wp:term":[{"taxonomy":"product_brand","embeddable":true,"href":"https:\/\/praxas.com\/fr\/wp-json\/wp\/v2\/product_brand?post=30156"},{"taxonomy":"product_cat","embeddable":true,"href":"https:\/\/praxas.com\/fr\/wp-json\/wp\/v2\/product_cat?post=30156"},{"taxonomy":"product_tag","embeddable":true,"href":"https:\/\/praxas.com\/fr\/wp-json\/wp\/v2\/product_tag?post=30156"}],"curies":[{"name":"wp","href":"https:\/\/api.w.org\/{rel}","templated":true}]}}