{"id":30162,"date":"2024-06-10T13:59:50","date_gmt":"2024-06-10T11:59:50","guid":{"rendered":"https:\/\/staging.praxas.com\/product\/non%20class\u00e9\/usric-8\/"},"modified":"2025-10-08T18:12:12","modified_gmt":"2025-10-08T16:12:12","slug":"usric-8","status":"publish","type":"product","link":"https:\/\/praxas.com\/fr\/product\/data-loggers-fr\/enregistreurs-de-donnees-de-temperature\/usric-8\/","title":{"rendered":"USRIC-8 Enregistreur de temp\u00e9rature USB PDF"},"content":{"rendered":"<h3 data-start=\"204\" data-end=\"266\"><strong data-start=\"208\" data-end=\"266\">LogTag USRIC-8 &#8211; Enregistreur de temp\u00e9rature PDF USB \u00e0 usage unique<\/strong><\/h3>\n<p data-start=\"268\" data-end=\"549\">Le LogTag USRIC-8 est un enregistreur de temp\u00e9rature USB \u00e0 usage unique con\u00e7u pour une surveillance fiable pendant le transport ou le stockage. Il est dot\u00e9 d&rsquo;un connecteur USB int\u00e9gr\u00e9 &#8211; aucune interface ou logiciel s\u00e9par\u00e9 n&rsquo;est n\u00e9cessaire &#8211; et g\u00e9n\u00e8re automatiquement un rapport PDF d\u00e9taill\u00e9 lorsqu&rsquo;il est branch\u00e9 sur un ordinateur. <\/p>\n<p data-start=\"551\" data-end=\"828\">Avec une large plage de mesure de -30 \u00b0C \u00e0 +60 \u00b0C et une capacit\u00e9 de 8 000 lectures, il convient aux exp\u00e9ditions de longue dur\u00e9e. Les indicateurs d&rsquo;\u00e9tat visuels fournissent un retour d&rsquo;information imm\u00e9diat : un OK vert indique que le fonctionnement est dans les limites, tandis qu&rsquo;une ALERTE rouge signale un d\u00e9passement de temp\u00e9rature. <\/p>\n<p data-start=\"830\" data-end=\"955\">Les donn\u00e9es peuvent \u00e9galement \u00eatre t\u00e9l\u00e9charg\u00e9es vers LogTag Online via LogTag Xpress, sans qu&rsquo;il soit n\u00e9cessaire d&rsquo;ouvrir un compte ou d&rsquo;installer un logiciel suppl\u00e9mentaire.<\/p>\n<p data-start=\"957\" data-end=\"974\"><strong data-start=\"957\" data-end=\"974\">Caract\u00e9ristiques principales :<\/strong><\/p>\n<ul data-start=\"976\" data-end=\"1324\">\n<li data-start=\"976\" data-end=\"1015\">\n<p data-start=\"978\" data-end=\"1015\">Plage de temp\u00e9rature : -30 \u00b0C \u00e0 +60 \u00b0C<\/p>\n<\/li>\n<li data-start=\"1016\" data-end=\"1047\">\n<p data-start=\"1018\" data-end=\"1047\">Jusqu&rsquo;\u00e0 8 000 relev\u00e9s m\u00e9moris\u00e9s<\/p>\n<\/li>\n<li data-start=\"1048\" data-end=\"1099\">\n<p data-start=\"1050\" data-end=\"1099\">USB int\u00e9gr\u00e9 &#8211; pas de berceau ni de logiciel requis<\/p>\n<\/li>\n<li data-start=\"1100\" data-end=\"1145\">\n<p data-start=\"1102\" data-end=\"1145\">Rapport PDF g\u00e9n\u00e9r\u00e9 automatiquement lors de la connexion<\/p>\n<\/li>\n<li data-start=\"1146\" data-end=\"1185\">\n<p data-start=\"1148\" data-end=\"1185\">Indicateur visuel d&rsquo;alerte (OK \/ ALERT)<\/p>\n<\/li>\n<li data-start=\"1186\" data-end=\"1229\">\n<p data-start=\"1188\" data-end=\"1229\">Dur\u00e9e de vie de 6 mois apr\u00e8s activation<\/p>\n<\/li>\n<li data-start=\"1230\" data-end=\"1273\">\n<p data-start=\"1232\" data-end=\"1273\">Dur\u00e9e de conservation de 2 ans (en mode hibernation)<\/p>\n<\/li>\n<li data-start=\"1274\" data-end=\"1324\">\n<p data-start=\"1276\" data-end=\"1324\">Analyse d\u00e9taill\u00e9e optionnelle via LogTag Analyzer<\/p>\n<\/li>\n<\/ul>\n","protected":false},"excerpt":{"rendered":"<ul>\n<li data-start=\"1358\" data-end=\"1397\">De -30 \u00b0C \u00e0 +60 \u00b0C<\/li>\n<li data-start=\"1398\" data-end=\"1447\">Usage unique<\/li>\n<li data-start=\"1398\" data-end=\"1447\">Capacit\u00e9 de lecture de 8 000<\/li>\n<li data-start=\"1448\" data-end=\"1495\">USB int\u00e9gr\u00e9 &#8211; pas besoin de logiciel ou de socle<\/li>\n<li data-start=\"1496\" data-end=\"1525\">Rapport PDF g\u00e9n\u00e9r\u00e9 automatiquement<\/li>\n<li data-start=\"1526\" data-end=\"1563\">Indicateurs visuels d&rsquo;alerte rouge\/vert<\/li>\n<\/ul>\n","protected":false},"featured_media":49913,"template":"","meta":{"_acf_changed":false,"content-type":"","_uag_custom_page_level_css":""},"product_brand":[],"product_cat":[1238],"product_tag":[2516,2260,1260],"class_list":{"0":"post-30162","1":"product","2":"type-product","3":"status-publish","4":"has-post-thumbnail","6":"product_cat-enregistreurs-de-donnees-de-temperature","7":"product_tag-logtag-fr","8":"product_tag-temperature-fr","9":"product_tag-usb-fr","11":"first","12":"instock","13":"taxable","14":"shipping-taxable","15":"purchasable","16":"product-type-simple"},"bundled_by":[],"bundle_stock_status":"instock","bundle_stock_quantity":null,"bundle_virtual":false,"bundle_layout":"","bundle_add_to_cart_form_location":"","bundle_editable_in_cart":false,"bundle_sold_individually_context":"","bundle_item_grouping":"","bundle_min_size":"","bundle_max_size":"","bundle_price":[],"bundled_items":[],"bundle_sell_ids":[],"acf":[],"spectra_custom_meta":{"_product_attributes":["a:1:{s:16:\"pa_product-brand\";a:6:{s:4:\"name\";s:16:\"pa_product-brand\";s:5:\"value\";s:0:\"\";s:8:\"position\";i:0;s:10:\"is_visible\";i:1;s:12:\"is_variation\";i:0;s:11:\"is_taxonomy\";i:1;}}"],"attr_label_translations":["a:1:{s:2:\"fr\";a:1:{s:13:\"make-a-choice\";s:15:\"Faites un choix\";}}"],"_backorders":["no"],"_download_limit":["-1"],"_download_expiry":["-1"],"_downloadable":["no"],"_manage_stock":["no"],"_sku":["USRIC-8"],"_stock_status":["instock"],"_sold_individually":["no"],"_tax_class":[""],"_tax_status":["taxable"],"_virtual":["no"],"total_sales":["52"],"product_datasheet":[""],"_product_datasheet":["field_650ad7d6ea3a0"],"connectivity":["USB"],"_connectivity":["field_64dce263bb57c"],"brand":["LogTag"],"_brand":["field_64ddf62ed2593"],"brand_image":[""],"_brand_image":["field_650c5e7c84cae"],"_specifications_table":["field_65044e1db92a8"],"_display_data_alarm":["field_667d647bcb066"],"_resources":["field_650849c6945ee"],"_accessories":["field_650849e6945f0"],"_faqs":["field_650859523d8d5"],"_calibration_suitable_ids_gb":["field_654b4c4acb54a"],"_calibration_suitable_ids_us":["field_654b4c56cb54b"],"_show_in_calibration_suitable":["field_654cfb691d345"],"_other_features":["field_668524f8c98a4"],"_shipping":["field_66852535c98a5"],"_refrigerant_cabinet":["field_66852557c98a6"],"_main_specifications":["field_66855b25b1245"],"_usd_price_4":["field_651570dcac479"],"_usd_price_9":["field_6515713eb4807"],"_usd_price_24":["field_65157141b4809"],"_usd_price_49":["field_65157140b4808"],"_usd_price_99":["field_6515715bb480a"],"_gbp_price_4":["field_6515716e83bfa"],"_gbp_price_9":["field_6515724783bfb"],"_gbp_price_24":["field_6515724b83bfc"],"_gbp_price_49":["field_6515725983bfd"],"_gbp_price_99":["field_6515725d83bfe"],"_usdhk_price_4":["field_6515726f83bff"],"_usdhk_price_9":["field_6515727c83c00"],"_usdhk_price_24":["field_6515728083c01"],"_usdhk_price_49":["field_6515728983c02"],"_usdhk_price_99":["field_6515728e83c03"],"stock_options":["In stock"],"_stock_options":["field_6544b605dc7f9"],"_top_nav_excluded":[""],"_cms_nav_minihome":[""],"wcml_sync_hash":["a:1:{s:15:\"postmeta_fields\";s:32:\"e30b7c163bac1556d54035b1cfc02870\";}"],"_product_image_gallery":["49907"],"_thumbnail_id":["49913"],"_crosssell_ids":["a:0:{}"],"_last_translation_edit_mode":["translation-editor"],"_calibration":["field_66a0ddd599972"],"_edit_lock":["1724239070:8383"],"classic-editor-remember":["classic-editor"],"rank_math_seo_score":["92"],"rank_math_contentai_score":["a:5:{s:8:\"keywords\";s:5:\"74.51\";s:9:\"wordCount\";s:1:\"0\";s:9:\"linkCount\";s:1:\"0\";s:12:\"headingCount\";s:1:\"0\";s:10:\"mediaCount\";s:1:\"0\";}"],"_edit_last":["8383"],"commercekit_gallery_layout":[""],"commercekit_disable_sticky_atc":["0"],"commercekit_wc_video_gallery":["a:0:{}"],"_rank_math_gtin_code":[""],"_wcml_average_rating":[null],"_wcml_review_count":[null],"_wcml_rating_count":[null],"_stock":[null],"_wc_average_rating":[0],"_wc_review_count":["0"],"_product_version":["9.1.4"],"usd_price_4":[""],"usd_price_9":[""],"usd_price_24":[""],"usd_price_49":[""],"usd_price_99":[""],"gbp_price_4":[""],"gbp_price_9":[""],"gbp_price_24":[""],"gbp_price_49":[""],"gbp_price_99":[""],"usdhk_price_4":[""],"usdhk_price_9":[""],"usdhk_price_24":[""],"usdhk_price_49":[""],"usdhk_price_99":[""],"display_data_alarm":[""],"calibration":[""],"faqs":[""],"calibration_suitable_ids_gb":[""],"calibration_suitable_ids_us":[""],"show_in_calibration_suitable":[""],"other_features":[""],"shipping":[""],"refrigerant_cabinet":[""],"main_specifications":[""],"shoptimizer_layout_pdp_short_description_position":["default"],"rank_math_analytic_object_id":["599"],"_wpml_media_duplicate":["1"],"_wpml_media_featured":["1"],"_regular_price":["23.80"],"_price":["23.80","23.80","23.80"],"min_temp":["-30"],"max_temp":["60"],"_min_temp":["field_67ea5eb4e0a77"],"_max_temp":["field_67ea5f81e0a79"],"_wpml_word_count":["264"],"rank_math_primary_product_cat":["87"],"_global_unique_id":["850040258400"],"rank_math_description":["Contr\u00f4lez la temp\u00e9rature de -25\u00b0C \u00e0 +60\u00b0C avec l'enregistreur de temp\u00e9rature USRIC-8. Il enregistre jusqu'\u00e0 15 jours, dispose d'une connectivit\u00e9 USB et g\u00e9n\u00e8re des rapports PDF automatiques."],"rank_math_focus_keyword":["USRIC-8"],"specifications_table":["<table class=\"specifications\">\n<tbody>\n<tr>\n<td class=\"left-td\">Plage de mesure de la temp\u00e9rature<\/td>\n<td>De -30\u00b0C \u00e0 +60\u00b0C (de -22\u00b0F \u00e0 +140\u00b0F)<\/td>\n<\/tr>\n<tr>\n<td class=\"left-td\">Plage de temp\u00e9rature de stockage<\/td>\n<td>0\u00b0C \u00e0 +40\u00b0C (32\u00b0F \u00e0 +104\u00b0F)<\/td>\n<\/tr>\n<tr>\n<td class=\"left-td\">Temp\u00e9rature nominale R\u00e9solution de la lecture<\/td>\n<td>Moins de 0,1\u00b0C\/F\nLogTag Analyzer\u00ae affiche actuellement \u00e0 une d\u00e9cimale de \u00b0C ou \u00b0F. La r\u00e9solution native est celle qui est stock\u00e9e dans le LogTag\u00ae <\/td>\n<\/tr>\n<tr>\n<td class=\"left-td\">Temps de r\u00e9action du capteur<\/td>\n<td>Typiquement moins de 5 minutes (T90) dans l'air en mouvement (1m\/s)<\/td>\n<\/tr>\n<tr>\n<td class=\"left-td\">Capacit\u00e9 d'enregistrement<\/td>\n<td>8 001 relev\u00e9s de temp\u00e9rature. 27 jours \u00e0 5 minutes d'enregistrement, 80 jours \u00e0 15 minutes d'enregistrement <\/td>\n<\/tr>\n<tr>\n<td class=\"left-td\">Intervalle d'\u00e9chantillonnage<\/td>\n<td>Configurable de 1 minute \u00e0 18 heures<\/td>\n<\/tr>\n<tr>\n<td class=\"left-td\">Options de d\u00e9marrage de l'enregistrement<\/td>\n<td>D\u00e9marrage par bouton-poussoir ou date et heure sp\u00e9cifiques<\/td>\n<\/tr>\n<tr>\n<td class=\"left-td\">Indication d'enregistrement<\/td>\n<td>Indicateur clignotant \"OK\" \/ indicateur clignotant \"ALERTE\".<\/td>\n<\/tr>\n<tr>\n<td class=\"left-td\">Temps de t\u00e9l\u00e9chargement<\/td>\n<td>G\u00e9n\u00e9ralement moins de 20 secondes entre le moment de l'insertion et la disponibilit\u00e9 du rapport PDF\nG\u00e9n\u00e9ralement moins de 10 secondes entre le moment de l'insertion et la disponibilit\u00e9 du fichier LTD dans LogTag\u00ae Analyzer (si configur\u00e9)<\/td>\n<\/tr>\n<tr>\n<td class=\"left-td\">Environnement<\/td>\n<td>IEC 60529 : IP64 avec capuchon USB mont\u00e9<\/td>\n<\/tr>\n<tr>\n<td class=\"left-td\">Source d'alimentation<\/td>\n<td>Pile CR2032 3V LiMnO2 (fixe)<\/td>\n<\/tr>\n<tr>\n<td class=\"left-td\">Dur\u00e9e de vie de la batterie<\/td>\n<td>2 ans de stockage, suivis de 6 mois d'utilisation normale<\/td>\n<\/tr>\n<tr>\n<td class=\"left-td\">Horloge temps r\u00e9el<\/td>\n<td>Horloge temps r\u00e9el int\u00e9gr\u00e9e\nPr\u00e9cision nominale \u00b125ppm @ 25\u00b0C (\u00e9quivalent \u00e0 2,5 secondes\/jour)\nLe coefficient de temp\u00e9rature nominal est de -0,034 \u00b10,006ppm\/\u00b0C (c'est-\u00e0-dire typiquement +\/- 0,00294 seconde\/jour\/\u00b0C).<\/td>\n<\/tr>\n<tr>\n<td class=\"left-td\">Interface de connexion<\/td>\n<td>USB 2.0, prise de type A<\/td>\n<\/tr>\n<tr>\n<td class=\"left-td\">Logiciel<\/td>\n<td>PDF Reader, LogTag\u00ae Analyzer 2.5 ou sup\u00e9rieur, LogTag Xpress, LogTag Online<\/td>\n<\/tr>\n<tr>\n<td class=\"left-td\">Prise en charge multilingue<\/td>\n<td>Prise en charge multilingue pour l'anglais, l'espagnol, le fran\u00e7ais, le russe et l'allemand<\/td>\n<\/tr>\n<tr>\n<td class=\"left-td\">Taille<\/td>\n<td>93 mm(H) x 54,5 mm(L) x 8,6 mm(T), capuchon de protection USB inclus<\/td>\n<\/tr>\n<tr>\n<td class=\"left-td\">Poids<\/td>\n<td>31g<\/td>\n<\/tr>\n<tr>\n<td class=\"left-td\">Mat\u00e9riau du bo\u00eetier<\/td>\n<td>Polycarbonate<\/td>\n<\/tr>\n<\/tbody>\n<\/table>"],"resources":["<ul class=\"resources-list\">\n \t<li><a href=\"https:\/\/praxas.com\/wp-content\/uploads\/LogTag_USRIC-8_Brochure.pdf\"><img src=\"https:\/\/praxas.com\/wp-content\/uploads\/document-icon.png\" alt=\"Ic\u00f4ne de document\">Brochure LogTag USRIC-8<\/a><\/li>\n \t<li><img src=\"https:\/\/praxas.com\/wp-content\/uploads\/document-icon.png\" alt=\"Ic\u00f4ne de document\"><a href=\"https:\/\/praxas.com\/wp-content\/uploads\/USB-Quick-Start-Guide.pdf\">Guide de d\u00e9marrage rapide du LogTag USRIC-8<\/a><\/li>\n \t<li><img src=\"https:\/\/praxas.com\/wp-content\/uploads\/document-icon.png\" alt=\"Ic\u00f4ne de document\"><a href=\"https:\/\/praxas.com\/wp-content\/uploads\/LogTag_USRIC-8_User_Guide.pdf\">Log Tag Guide de l'utilisateur USRIC-8<\/a><\/li>\n<\/ul>"],"accessories":["[products skus=\"PROTECTIVE ENCLOSURE,WMB-1\"]"],"_uag_page_assets":["a:9:{s:3:\"css\";s:0:\"\";s:2:\"js\";s:0:\"\";s:18:\"current_block_list\";a:0:{}s:8:\"uag_flag\";b:0;s:11:\"uag_version\";s:10:\"1775742760\";s:6:\"gfonts\";a:0:{}s:10:\"gfonts_url\";s:0:\"\";s:12:\"gfonts_files\";a:0:{}s:14:\"uag_faq_layout\";b:0;}"],"hubwoo_ecomm_pro_id":["2696636047"],"_max_variation_price":[""],"_max_variation_regular_price":[""],"_max_variation_sale_price":[""],"_min_variation_price":[""],"_min_variation_regular_price":[""],"_min_variation_sale_price":[""],"_sale_price":[""],"_wc_pb_base_regular_price":[""],"_wc_pb_base_sale_price":[""],"_wc_pb_base_price":[""],"_wc_sw_max_price":[""],"_wc_sw_max_regular_price":[""],"_wc_rating_count":[""]},"uagb_featured_image_src":{"full":["https:\/\/praxas.com\/wp-content\/uploads\/USRIC-8-FrontWithCap.jpg",1200,680,false],"thumbnail":["https:\/\/praxas.com\/wp-content\/uploads\/USRIC-8-FrontWithCap-150x150.jpg",150,150,true],"medium":["https:\/\/praxas.com\/wp-content\/uploads\/USRIC-8-FrontWithCap-300x170.jpg",300,170,true],"medium_large":["https:\/\/praxas.com\/wp-content\/uploads\/USRIC-8-FrontWithCap-768x435.jpg",768,435,true],"large":["https:\/\/praxas.com\/wp-content\/uploads\/USRIC-8-FrontWithCap-1024x580.jpg",1024,580,true],"1536x1536":["https:\/\/praxas.com\/wp-content\/uploads\/USRIC-8-FrontWithCap.jpg",1200,680,false],"2048x2048":["https:\/\/praxas.com\/wp-content\/uploads\/USRIC-8-FrontWithCap.jpg",1200,680,false],"crunchify-admin-post-featured-image":["https:\/\/praxas.com\/wp-content\/uploads\/USRIC-8-FrontWithCap-120x68.jpg",120,68,true],"commercegurus-pdp-large":["https:\/\/praxas.com\/wp-content\/uploads\/USRIC-8-FrontWithCap-990x561.jpg",990,561,true],"commercegurus-plp-mobile":["https:\/\/praxas.com\/wp-content\/uploads\/USRIC-8-FrontWithCap-441x250.jpg",441,250,true],"cgkit_image_swatch":["https:\/\/praxas.com\/wp-content\/uploads\/USRIC-8-FrontWithCap-100x100.jpg",100,100,true],"woocommerce_thumbnail":["https:\/\/praxas.com\/wp-content\/uploads\/USRIC-8-FrontWithCap-350x198.jpg",350,198,true],"woocommerce_single":["https:\/\/praxas.com\/wp-content\/uploads\/USRIC-8-FrontWithCap-800x453.jpg",800,453,true],"woocommerce_gallery_thumbnail":["https:\/\/praxas.com\/wp-content\/uploads\/USRIC-8-FrontWithCap-150x85.jpg",150,85,true]},"uagb_author_info":{"display_name":"Beth Foord","author_link":"https:\/\/praxas.com\/fr\/author\/"},"uagb_comment_info":0,"uagb_excerpt":"De -30 \u00b0C \u00e0 +60 \u00b0C Usage unique Capacit\u00e9 de lecture de 8 000 USB int\u00e9gr\u00e9 - pas besoin de logiciel ou de socle Rapport PDF g\u00e9n\u00e9r\u00e9 automatiquement Indicateurs visuels d'alerte rouge\/vert","_links":{"self":[{"href":"https:\/\/praxas.com\/fr\/wp-json\/wp\/v2\/product\/30162","targetHints":{"allow":["GET"]}}],"collection":[{"href":"https:\/\/praxas.com\/fr\/wp-json\/wp\/v2\/product"}],"about":[{"href":"https:\/\/praxas.com\/fr\/wp-json\/wp\/v2\/types\/product"}],"wp:featuredmedia":[{"embeddable":true,"href":"https:\/\/praxas.com\/fr\/wp-json\/wp\/v2\/media\/49913"}],"wp:attachment":[{"href":"https:\/\/praxas.com\/fr\/wp-json\/wp\/v2\/media?parent=30162"}],"wp:term":[{"taxonomy":"product_brand","embeddable":true,"href":"https:\/\/praxas.com\/fr\/wp-json\/wp\/v2\/product_brand?post=30162"},{"taxonomy":"product_cat","embeddable":true,"href":"https:\/\/praxas.com\/fr\/wp-json\/wp\/v2\/product_cat?post=30162"},{"taxonomy":"product_tag","embeddable":true,"href":"https:\/\/praxas.com\/fr\/wp-json\/wp\/v2\/product_tag?post=30162"}],"curies":[{"name":"wp","href":"https:\/\/api.w.org\/{rel}","templated":true}]}}