{"id":30171,"date":"2024-06-10T13:21:12","date_gmt":"2024-06-10T11:21:12","guid":{"rendered":"https:\/\/staging.praxas.com\/product\/non%20class\u00e9\/utrix-16-enregistreur-de-temperature\/"},"modified":"2025-11-28T11:54:45","modified_gmt":"2025-11-28T10:54:45","slug":"utrix-16-enregistreur-de-temperature","status":"publish","type":"product","link":"https:\/\/praxas.com\/fr\/product\/data-loggers-fr\/enregistreurs-de-donnees-de-temperature\/utrix-16-enregistreur-de-temperature\/","title":{"rendered":"UTRIX-16 Enregistreur de temp\u00e9rature"},"content":{"rendered":"<p>L&rsquo;enregistreur de temp\u00e9rature LogTag UTRIX-16 avec connecteur USB est sp\u00e9cialement con\u00e7u pour surveiller la temp\u00e9rature pendant le transport et le stockage. L&rsquo;enregistreur de donn\u00e9es a une plage de mesure de -30\u00b0C \u00e0 +70\u00b0C et est \u00e9quip\u00e9 d&rsquo;un connecteur USB. Branchez le connecteur USB sur l&rsquo;ordinateur et un rapport PDF d\u00e9taill\u00e9 peut \u00eatre g\u00e9n\u00e9r\u00e9.<\/p>\n<p>La mesure pr\u00e9cise de la temp\u00e9rature pendant le transport permet d&rsquo;\u00e9viter les dommages, la perte de poids ou la d\u00e9t\u00e9rioration. \u00c9quip\u00e9 d&rsquo;une horloge en temps r\u00e9el qui indique la date et l&rsquo;heure de chaque relev\u00e9 de temp\u00e9rature, cet enregistreur de temp\u00e9rature est id\u00e9al pour le transport de produits sensibles \u00e0 la temp\u00e9rature.<\/p>\n<p>Les enregistreurs de temp\u00e9rature LogTag sont connus pour avoir le meilleur temps de t\u00e9l\u00e9chargement et la meilleure pr\u00e9cision du march\u00e9. Combinant une technologie claire, une conception innovante et une production en grande quantit\u00e9, LogTag est l&rsquo;enregistreur le plus rentable et le plus performant sur le march\u00e9 aujourd&rsquo;hui.<\/p>\n<p><strong>Les avantages de l&rsquo;enregistreur de temp\u00e9rature LogTag UTRIX-16 sont les suivants :<\/strong><\/p>\n<ul>\n<li>Connecteur USB int\u00e9gr\u00e9<\/li>\n<li>Plage de temp\u00e9rature de -30\u00b0C \u00e0 +70\u00b0C<\/li>\n<li>G\u00e9n\u00e8re automatiquement un rapport PDF et un fichier de donn\u00e9es Excel<\/li>\n<li>Jusqu&rsquo;\u00e0 16 129 enregistrements &#8211; pour plus de 3 mois d&rsquo;enregistrement \u00e0 des intervalles de 10 minutes.<\/li>\n<li>L&rsquo;indicateur d&rsquo;alarme signale les relev\u00e9s qui sortent des limites fix\u00e9es.<\/li>\n<li>Plus de mesures manuelles<\/li>\n<li>Taille compacte pour un transport et un stockage faciles<\/li>\n<\/ul>\n<p><strong>Connecteur USB \/ Acc\u00e8s facile aux donn\u00e9es<\/strong><\/p>\n<p>Cet enregistreur de temp\u00e9rature est \u00e9quip\u00e9 d&rsquo;un connecteur USB, ce qui pr\u00e9sente le grand avantage de g\u00e9n\u00e9rer automatiquement un rapport PDF. Il suffit de brancher l&rsquo;enregistreur de donn\u00e9es sur votre ordinateur pour acc\u00e9der directement aux donn\u00e9es.<\/p>\n<p>Lors de l&rsquo;achat de l&rsquo;enregistreur de temp\u00e9rature, vous b\u00e9n\u00e9ficiez d&rsquo;un acc\u00e8s gratuit au logiciel LogTag Analyzer. Ce logiciel permet de configurer, de t\u00e9l\u00e9charger et d&rsquo;afficher les donn\u00e9es de l&rsquo;enregistreur de temp\u00e9rature LogTag UTRIX-16, avec des options d&rsquo;exportation pratiques vers Excel et d&rsquo;autres formats.<\/p>\n<p><strong>Indicateur ALERT<\/strong><\/p>\n<p>L&rsquo;enregistreur de temp\u00e9rature est \u00e9quip\u00e9 d&rsquo;un indicateur LED. Lorsque les relev\u00e9s se situent en dehors des limites, l&rsquo;indicateur devient rouge. Lorsque tout est en ordre, l&rsquo;indicateur est vert. Vous pouvez voir l&rsquo;\u00e9tat de la cargaison en un coup d&rsquo;\u0153il.<\/p>\n<p><strong>Conserver les marchandises plus longtemps<\/strong><\/p>\n<p>Cet enregistreur de temp\u00e9rature surveille les temp\u00e9ratures de transport et de stockage sur de courtes et de longues distances. Il est r\u00e9put\u00e9 pour ses performances, sa qualit\u00e9 et sa pr\u00e9cision. L&rsquo;int\u00e9grit\u00e9 des produits, tels que les aliments ou les \u0153uvres d&rsquo;art, d\u00e9pend du maintien d&rsquo;une temp\u00e9rature ambiante correcte. En d\u00e9ployant le LogTag UTRIX-16 dans votre cargaison, vous vous assurez de conna\u00eetre les conditions de temp\u00e9rature essentielles au maintien de la qualit\u00e9 et de la s\u00e9curit\u00e9 des produits.<\/p>\n","protected":false},"excerpt":{"rendered":"<ul>\n<li>De -25\u00b0C \u00e0 +70\u00b0C<\/li>\n<li>Connecteur USB avec contacts plaqu\u00e9s or<\/li>\n<li>Plus de 16 000 lectures<\/li>\n<li>G\u00e9n\u00e9ration automatique de rapports PDF<\/li>\n<li>USB et PDF \u00e0 usages multiples<\/li>\n<\/ul>\n","protected":false},"featured_media":30172,"template":"","meta":{"_acf_changed":false,"content-type":"","_uag_custom_page_level_css":""},"product_brand":[],"product_cat":[1238],"product_tag":[2516,2260,1260],"class_list":{"0":"post-30171","1":"product","2":"type-product","3":"status-publish","4":"has-post-thumbnail","6":"product_cat-enregistreurs-de-donnees-de-temperature","7":"product_tag-logtag-fr","8":"product_tag-temperature-fr","9":"product_tag-usb-fr","11":"first","12":"instock","13":"sale","14":"taxable","15":"shipping-taxable","16":"purchasable","17":"product-type-simple"},"bundled_by":[],"bundle_stock_status":"instock","bundle_stock_quantity":null,"bundle_virtual":false,"bundle_layout":"","bundle_add_to_cart_form_location":"","bundle_editable_in_cart":false,"bundle_sold_individually_context":"","bundle_item_grouping":"","bundle_min_size":"","bundle_max_size":"","bundle_price":[],"bundled_items":[],"bundle_sell_ids":[],"acf":[],"spectra_custom_meta":{"_backorders":["no"],"_download_limit":["-1"],"_download_expiry":["-1"],"_downloadable":["no"],"_manage_stock":["no"],"_sku":["UTRIX-16"],"_stock_status":["instock"],"_sold_individually":["no"],"_tax_class":[""],"_tax_status":["taxable"],"_virtual":["no"],"_width":["90"],"_height":["90"],"_length":["62"],"product_datasheet":[""],"_product_datasheet":["field_650ad7d6ea3a0"],"connectivity":["USB"],"_connectivity":["field_64dce263bb57c"],"brand":["LogTag"],"_brand":["field_64ddf62ed2593"],"brand_image":[""],"_brand_image":["field_650c5e7c84cae"],"_specifications_table":["field_65044e1db92a8"],"_resources":["field_650849c6945ee"],"_accessories":["field_650849e6945f0"],"_faqs":["field_650859523d8d5"],"_calibration_suitable_ids_gb":["field_654b4c4acb54a"],"_calibration_suitable_ids_us":["field_654b4c56cb54b"],"_show_in_calibration_suitable":["field_654cfb691d345"],"_usd_price_4":["field_651570dcac479"],"_usd_price_9":["field_6515713eb4807"],"_usd_price_24":["field_65157141b4809"],"_usd_price_49":["field_65157140b4808"],"_usd_price_99":["field_6515715bb480a"],"_gbp_price_4":["field_6515716e83bfa"],"_gbp_price_9":["field_6515724783bfb"],"_gbp_price_24":["field_6515724b83bfc"],"_gbp_price_49":["field_6515725983bfd"],"_gbp_price_99":["field_6515725d83bfe"],"_usdhk_price_4":["field_6515726f83bff"],"_usdhk_price_9":["field_6515727c83c00"],"_usdhk_price_24":["field_6515728083c01"],"_usdhk_price_49":["field_6515728983c02"],"_usdhk_price_99":["field_6515728e83c03"],"stock_options":["In stock"],"_stock_options":["field_6544b605dc7f9"],"_top_nav_excluded":[""],"_cms_nav_minihome":[""],"wcml_sync_hash":["a:1:{s:15:\"postmeta_fields\";s:32:\"157ff7fbd0dc6e06ad1fba5c90697cbb\";}"],"attr_label_translations":["a:0:{}"],"_product_attributes":["a:1:{s:16:\"pa_product-brand\";a:6:{s:4:\"name\";s:16:\"pa_product-brand\";s:5:\"value\";s:0:\"\";s:8:\"position\";i:0;s:10:\"is_visible\";i:1;s:12:\"is_variation\";i:0;s:11:\"is_taxonomy\";i:1;}}"],"_product_image_gallery":["30173,30174,30175"],"_thumbnail_id":["30172"],"_crosssell_ids":["a:0:{}"],"_display_data_alarm":["field_667d647bcb066"],"_shipping":["field_66852535c98a5"],"_refrigerant_cabinet":["field_66852557c98a6"],"_main_specifications":["field_66855b25b1245"],"_last_translation_edit_mode":["translation-editor"],"_calibration":["field_66a0ddd599972"],"_edit_lock":["1724237519:8383"],"classic-editor-remember":["classic-editor"],"rank_math_seo_score":["90"],"rank_math_contentai_score":["a:5:{s:8:\"keywords\";s:5:\"74.51\";s:9:\"wordCount\";s:1:\"0\";s:9:\"linkCount\";s:1:\"0\";s:12:\"headingCount\";s:1:\"0\";s:10:\"mediaCount\";s:1:\"0\";}"],"_edit_last":["8383"],"commercekit_gallery_layout":[""],"commercekit_disable_sticky_atc":["0"],"commercekit_wc_video_gallery":["a:0:{}"],"_rank_math_gtin_code":[""],"_wcml_average_rating":[null],"_wcml_review_count":[null],"_wcml_rating_count":[null],"_stock":[null],"_wc_average_rating":[0],"_wc_review_count":["0"],"_product_version":["9.1.4"],"usd_price_4":[""],"usd_price_9":[""],"usd_price_24":[""],"usd_price_49":[""],"usd_price_99":[""],"gbp_price_4":[""],"gbp_price_9":[""],"gbp_price_24":[""],"gbp_price_49":[""],"gbp_price_99":[""],"usdhk_price_4":[""],"usdhk_price_9":[""],"usdhk_price_24":[""],"usdhk_price_49":[""],"usdhk_price_99":[""],"display_data_alarm":[""],"calibration":[""],"faqs":[""],"calibration_suitable_ids_gb":[""],"calibration_suitable_ids_us":[""],"show_in_calibration_suitable":[""],"other_features":[""],"shipping":[""],"refrigerant_cabinet":[""],"main_specifications":[""],"shoptimizer_layout_pdp_short_description_position":["default"],"rank_math_analytic_object_id":["563"],"_wpml_media_duplicate":["1"],"_wpml_media_featured":["1"],"_weight":["0.36"],"_regular_price":["34.30"],"min_temp":["-30"],"max_temp":["70"],"_min_temp":["field_67ea5eb4e0a77"],"_max_temp":["field_67ea5f81e0a79"],"_wpml_word_count":["535"],"rank_math_primary_product_cat":["87"],"_global_unique_id":["850040258141"],"total_sales":["127"],"hubwoo_ecomm_pro_id":["2696734261"],"_other_features":["field_686fa2aa98dce"],"_sale_price":["27.44"],"_price":["27.44"],"rank_math_description":["L'enregistreur de temp\u00e9rature polyvalent UTRIX-16 mesure de -25\u00b0C \u00e0 +70\u00b0C, dispose d'un connecteur USB m\u00e9tallique durable et g\u00e9n\u00e8re des fichiers LTD crypt\u00e9s et des rapports PDF automatiques.  "],"rank_math_focus_keyword":["UTRIX-16"],"specifications_table":["<table class=\"specifications\">\n<tbody>\n<tr>\n<td class=\"left-td\">Plage de mesure de la temp\u00e9rature<\/td>\n<td>De -30\u00b0C \u00e0 +70\u00b0C (de -22\u00b0F \u00e0 +158\u00b0F)<\/td>\n<\/tr>\n<tr>\n<td class=\"left-td\">Plage de temp\u00e9rature de stockage<\/td>\n<td>0\u00b0C \u00e0 +40\u00b0C (32\u00b0F \u00e0 +104\u00b0F)<\/td>\n<\/tr>\n<tr>\n<td class=\"left-td\">Temp\u00e9rature nominale R\u00e9solution de la lecture<\/td>\n<td>Moins de 0,1\u00b0C\/F\nLogTag Analyzer\u00ae affiche actuellement \u00e0 une d\u00e9cimale de \u00b0C ou \u00b0F. La r\u00e9solution native est celle qui est stock\u00e9e dans le LogTag\u00ae <\/td>\n<\/tr>\n<tr>\n<td class=\"left-td\">Temps de r\u00e9action du capteur<\/td>\n<td>Typiquement moins de 7 minutes (T90) dans l'air en mouvement (1m\/s) dans EN12830:1999<\/td>\n<\/tr>\n<tr>\n<td class=\"left-td\">Capacit\u00e9 d'enregistrement<\/td>\n<td>16 129 relev\u00e9s de temp\u00e9rature.\n56 jours \u00e0 5 minutes d'enregistrement, 168 jours \u00e0 15 minutes d'enregistrement <\/td>\n<\/tr>\n<tr>\n<td class=\"left-td\">Intervalle d'\u00e9chantillonnage<\/td>\n<td>Configurable de 30 secondes \u00e0 18 heures<\/td>\n<\/tr>\n<tr>\n<td class=\"left-td\">Options de d\u00e9marrage de l'enregistrement<\/td>\n<td>D\u00e9marrage par bouton-poussoir (avec d\u00e9lai de d\u00e9marrage configurable de 1 minute \u00e0 72 heures) ou date et heure sp\u00e9cifiques<\/td>\n<\/tr>\n<tr>\n<td class=\"left-td\">Indication d'enregistrement<\/td>\n<td>Indicateur clignotant \"OK\" \/ indicateur clignotant \"ALERTE\".<\/td>\n<\/tr>\n<tr>\n<td class=\"left-td\">Alarmes<\/td>\n<td>1 alarme sup\u00e9rieure configurable et 1 alarme inf\u00e9rieure configurable<\/td>\n<\/tr>\n<tr>\n<td class=\"left-td\">Temps de t\u00e9l\u00e9chargement<\/td>\n<td>G\u00e9n\u00e9ralement avec une m\u00e9moire compl\u00e8te (16 129 relev\u00e9s) en moins de 30 secondes entre le moment de l'insertion et la disponibilit\u00e9 du rapport PDF\nG\u00e9n\u00e9ralement en moins de 10 secondes entre le moment de l'insertion et la disponibilit\u00e9 du fichier LTD dans LogTag\u00ae Analyzer (s'il est configur\u00e9)<\/td>\n<\/tr>\n<tr>\n<td class=\"left-td\">Environnement<\/td>\n<td>IEC 60529 : IP64 avec capuchon USB mont\u00e9<\/td>\n<\/tr>\n<tr>\n<td class=\"left-td\">Source d'alimentation<\/td>\n<td>Pile CR2450 3V LiMnO2 (fixe)<\/td>\n<\/tr>\n<tr>\n<td class=\"left-td\">Dur\u00e9e de vie de la batterie<\/td>\n<td>1 an de stockage, suivi de 2 \u00e0 3 ans d'utilisation normale (sur la base d'un enregistrement de 15 minutes, t\u00e9l\u00e9chargement mensuel des donn\u00e9es)<\/td>\n<\/tr>\n<tr>\n<td class=\"left-td\">Horloge temps r\u00e9el<\/td>\n<td>Horloge temps r\u00e9el int\u00e9gr\u00e9e\nPr\u00e9cision nominale \u00b125ppm @ 25\u00b0C (\u00e9quivalent \u00e0 2,5 secondes\/jour)\nLe coefficient de temp\u00e9rature nominal est de -0,034 \u00b10,006ppm\/\u00b0C (c'est-\u00e0-dire typiquement +\/- 0,00294 seconde\/jour\/\u00b0C).<\/td>\n<\/tr>\n<tr>\n<td class=\"left-td\">Interface de connexion<\/td>\n<td>USB 2.0, prise de type A<\/td>\n<\/tr>\n<tr>\n<td class=\"left-td\">Logiciel<\/td>\n<td>PDF Reader, LogTag\u00ae Analyzer 2.5 ou sup\u00e9rieur<\/td>\n<\/tr>\n<tr>\n<td class=\"left-td\">Prise en charge multilingue<\/td>\n<td>Prise en charge multilingue pour l'anglais, l'espagnol, le fran\u00e7ais, le russe et l'allemand<\/td>\n<\/tr>\n<tr>\n<td class=\"left-td\">Taille<\/td>\n<td>93 mm(H) x 54,5 mm(L) x 8,6 mm(T), capuchon de protection USB inclus<\/td>\n<\/tr>\n<tr>\n<td class=\"left-td\">Poids<\/td>\n<td>36g<\/td>\n<\/tr>\n<tr>\n<td class=\"left-td\">Mat\u00e9riau du bo\u00eetier<\/td>\n<td>Polycarbonate<\/td>\n<\/tr>\n<\/tbody>\n<\/table>"],"resources":["<ul class=\"resources-list\">\n \t<li><a href=\"https:\/\/praxas.com\/wp-content\/uploads\/LogTag_UTRIX-16_Brochure.pdf\"><img src=\"https:\/\/praxas.com\/wp-content\/uploads\/document-icon.png\" alt=\"Ic\u00f4ne de document\">Brochure LogTag UTRIX-16<\/a><\/li>\n \t<li><img src=\"https:\/\/praxas.com\/wp-content\/uploads\/document-icon.png\" alt=\"Ic\u00f4ne de document\"><a href=\"https:\/\/praxas.com\/wp-content\/uploads\/UTRIX-16_QSG.pdf\">LogTag UTRIX-16 Guide de d\u00e9marrage rapide<\/a><\/li>\n<\/ul>\n<ul class=\"resources-list\">\n \t<li><img src=\"https:\/\/praxas.com\/wp-content\/uploads\/document-icon.png\" alt=\"Ic\u00f4ne de document\"><a href=\"https:\/\/praxas.com\/wp-content\/uploads\/UTRIX-16_User_Guide.pdf\">Manuel de l'utilisateur LogTag UTRIX-16<\/a><\/li>\n<\/ul>"],"accessories":["[products skus=\"PROTECTIVE ENCLOSURE,WMB-1\"]"],"_uag_page_assets":["a:9:{s:3:\"css\";s:0:\"\";s:2:\"js\";s:0:\"\";s:18:\"current_block_list\";a:0:{}s:8:\"uag_flag\";b:0;s:11:\"uag_version\";s:10:\"1777052440\";s:6:\"gfonts\";a:0:{}s:10:\"gfonts_url\";s:0:\"\";s:12:\"gfonts_files\";a:0:{}s:14:\"uag_faq_layout\";b:0;}"],"_max_variation_price":[""],"_max_variation_regular_price":[""],"_max_variation_sale_price":[""],"_min_variation_price":[""],"_min_variation_regular_price":[""],"_min_variation_sale_price":[""],"_wc_pb_base_regular_price":[""],"_wc_pb_base_sale_price":[""],"_wc_pb_base_price":[""],"_wc_sw_max_price":[""],"_wc_sw_max_regular_price":[""],"_wc_rating_count":[""]},"uagb_featured_image_src":{"full":["https:\/\/praxas.com\/wp-content\/uploads\/logtag-front-facing-2-1200-x-630.jpg",1200,630,false],"thumbnail":["https:\/\/praxas.com\/wp-content\/uploads\/logtag-front-facing-2-1200-x-630-150x150.jpg",150,150,true],"medium":["https:\/\/praxas.com\/wp-content\/uploads\/logtag-front-facing-2-1200-x-630-300x158.jpg",300,158,true],"medium_large":["https:\/\/praxas.com\/wp-content\/uploads\/logtag-front-facing-2-1200-x-630-768x403.jpg",768,403,true],"large":["https:\/\/praxas.com\/wp-content\/uploads\/logtag-front-facing-2-1200-x-630-1024x538.jpg",1024,538,true],"1536x1536":["https:\/\/praxas.com\/wp-content\/uploads\/logtag-front-facing-2-1200-x-630.jpg",1200,630,false],"2048x2048":["https:\/\/praxas.com\/wp-content\/uploads\/logtag-front-facing-2-1200-x-630.jpg",1200,630,false],"crunchify-admin-post-featured-image":["https:\/\/praxas.com\/wp-content\/uploads\/logtag-front-facing-2-1200-x-630-120x63.jpg",120,63,true],"commercegurus-pdp-large":["https:\/\/praxas.com\/wp-content\/uploads\/logtag-front-facing-2-1200-x-630-990x520.jpg",990,520,true],"commercegurus-plp-mobile":["https:\/\/praxas.com\/wp-content\/uploads\/logtag-front-facing-2-1200-x-630-441x232.jpg",441,232,true],"cgkit_image_swatch":["https:\/\/praxas.com\/wp-content\/uploads\/logtag-front-facing-2-1200-x-630-100x100.jpg",100,100,true],"woocommerce_thumbnail":["https:\/\/praxas.com\/wp-content\/uploads\/logtag-front-facing-2-1200-x-630-350x184.jpg",350,184,true],"woocommerce_single":["https:\/\/praxas.com\/wp-content\/uploads\/logtag-front-facing-2-1200-x-630-800x420.jpg",800,420,true],"woocommerce_gallery_thumbnail":["https:\/\/praxas.com\/wp-content\/uploads\/logtag-front-facing-2-1200-x-630-150x79.jpg",150,79,true]},"uagb_author_info":{"display_name":"Beth Foord","author_link":"https:\/\/praxas.com\/fr\/author\/"},"uagb_comment_info":0,"uagb_excerpt":"De -25\u00b0C \u00e0 +70\u00b0C Connecteur USB avec contacts plaqu\u00e9s or Plus de 16 000 lectures G\u00e9n\u00e9ration automatique de rapports PDF USB et PDF \u00e0 usages multiples","_links":{"self":[{"href":"https:\/\/praxas.com\/fr\/wp-json\/wp\/v2\/product\/30171","targetHints":{"allow":["GET"]}}],"collection":[{"href":"https:\/\/praxas.com\/fr\/wp-json\/wp\/v2\/product"}],"about":[{"href":"https:\/\/praxas.com\/fr\/wp-json\/wp\/v2\/types\/product"}],"wp:featuredmedia":[{"embeddable":true,"href":"https:\/\/praxas.com\/fr\/wp-json\/wp\/v2\/media\/30172"}],"wp:attachment":[{"href":"https:\/\/praxas.com\/fr\/wp-json\/wp\/v2\/media?parent=30171"}],"wp:term":[{"taxonomy":"product_brand","embeddable":true,"href":"https:\/\/praxas.com\/fr\/wp-json\/wp\/v2\/product_brand?post=30171"},{"taxonomy":"product_cat","embeddable":true,"href":"https:\/\/praxas.com\/fr\/wp-json\/wp\/v2\/product_cat?post=30171"},{"taxonomy":"product_tag","embeddable":true,"href":"https:\/\/praxas.com\/fr\/wp-json\/wp\/v2\/product_tag?post=30171"}],"curies":[{"name":"wp","href":"https:\/\/api.w.org\/{rel}","templated":true}]}}