{"id":30189,"date":"2024-06-04T13:42:36","date_gmt":"2024-06-04T11:42:36","guid":{"rendered":"https:\/\/staging.praxas.com\/product\/non%20class\u00e9\/enregistreur-de-temperature-et-dhumidite-haxo-8\/"},"modified":"2025-10-09T09:56:07","modified_gmt":"2025-10-09T07:56:07","slug":"enregistreur-de-temperature-et-dhumidite-haxo-8","status":"publish","type":"product","link":"https:\/\/praxas.com\/fr\/product\/data-loggers-fr\/temperature-et-humidite\/enregistreur-de-temperature-et-dhumidite-haxo-8\/","title":{"rendered":"HAXO-8"},"content":{"rendered":"<p>Le LogTag\u00ae HAXO-8 est un enregistreur de donn\u00e9es de temp\u00e9rature et d&rsquo;humidit\u00e9 r\u00e9utilisable con\u00e7u pour la surveillance pendant le transport et le stockage. Il enregistre jusqu&rsquo;\u00e0 <strong data-start=\"429\" data-end=\"447\">8 000 relev\u00e9s<\/strong> et dispose d&rsquo;un capteur int\u00e9gr\u00e9 \u00e0 r\u00e9ponse rapide, id\u00e9al pour les produits sensibles \u00e0 la temp\u00e9rature et \u00e0 l&rsquo;humidit\u00e9, tels que les aliments, les produits pharmaceutiques et les fleurs. <\/p>\n<p data-start=\"603\" data-end=\"627\"><strong data-start=\"603\" data-end=\"625\">Plage de mesure :<\/strong><\/p>\n<ul data-start=\"628\" data-end=\"694\">\n<li data-start=\"628\" data-end=\"663\">\n<p data-start=\"630\" data-end=\"663\"><strong data-start=\"630\" data-end=\"646\">Temp\u00e9rature :<\/strong> -40\u00b0C \u00e0 +85\u00b0C<\/p>\n<\/li>\n<li data-start=\"664\" data-end=\"694\">\n<p data-start=\"666\" data-end=\"694\"><strong data-start=\"666\" data-end=\"679\">Humidit\u00e9 :<\/strong> 0 \u00e0 100 % RH<\/p>\n<\/li>\n<\/ul>\n<p data-start=\"696\" data-end=\"715\"><strong data-start=\"696\" data-end=\"713\">Caract\u00e9ristiques principales :<\/strong><\/p>\n<ul data-start=\"716\" data-end=\"1112\">\n<li data-start=\"716\" data-end=\"768\">\n<p data-start=\"718\" data-end=\"768\">Enregistre la temp\u00e9rature et l&rsquo;humidit\u00e9 avec pr\u00e9cision<\/p>\n<\/li>\n<li data-start=\"769\" data-end=\"819\">\n<p data-start=\"771\" data-end=\"819\">Horloge en temps r\u00e9el int\u00e9gr\u00e9e avec horodatage<\/p>\n<\/li>\n<li data-start=\"820\" data-end=\"875\">\n<p data-start=\"822\" data-end=\"875\">Longue dur\u00e9e de vie de la batterie : jusqu&rsquo;\u00e0 2 \u00e0 3 ans (en fonction de l&rsquo;utilisation)<\/p>\n<\/li>\n<li data-start=\"876\" data-end=\"926\">\n<p data-start=\"878\" data-end=\"926\">Indicateurs LED d&rsquo;alerte en cas de d\u00e9passement de la plage de mesure<\/p>\n<\/li>\n<li data-start=\"927\" data-end=\"967\">\n<p data-start=\"929\" data-end=\"967\">Bo\u00eetier en polycarbonate solide et durable<\/p>\n<\/li>\n<li data-start=\"968\" data-end=\"997\">\n<p data-start=\"970\" data-end=\"997\">Aucune sonde externe n&rsquo;est n\u00e9cessaire<\/p>\n<\/li>\n<li data-start=\"998\" data-end=\"1060\">\n<p data-start=\"1000\" data-end=\"1060\"><a href=\"https:\/\/praxas.com\/en\/software\/logtag-software\/\">Logiciel LogTag\u00ae Analyzer<\/a> gratuit pour l&rsquo;installation et le t\u00e9l\u00e9chargement des donn\u00e9es<\/p>\n<\/li>\n<li data-start=\"1061\" data-end=\"1112\">\n<p data-start=\"1063\" data-end=\"1112\">Les donn\u00e9es sont facilement export\u00e9es vers Excel et d&rsquo;autres formats<\/p>\n<\/li>\n<\/ul>\n<p data-start=\"1114\" data-end=\"1190\"><strong data-start=\"1114\" data-end=\"1128\">Id\u00e9al pour :<\/strong><br data-start=\"1128\" data-end=\"1131\">Alimentation, pharmacie, horticulture, produits chimiques, logistique et autres.<\/p>\n<p data-start=\"1192\" data-end=\"1272\"><strong data-start=\"1192\" data-end=\"1201\">Remarque :<\/strong> Le berceau d&rsquo;interface LogTag\u00ae et le logiciel sont n\u00e9cessaires (disponibles s\u00e9par\u00e9ment).<\/p>\n","protected":false},"excerpt":{"rendered":"<ul>\n<li>Enregistreur de temp\u00e9rature et d&rsquo;humidit\u00e9 (0 \u00e0 100% RH &amp; -40\u00b0C \u00e0 85\u00b0C)<\/li>\n<li>Alarmes haute et basse personnalisables<\/li>\n<li>8 000 points de mesure<\/li>\n<\/ul>\n","protected":false},"featured_media":30190,"template":"","meta":{"_acf_changed":false,"content-type":"","_uag_custom_page_level_css":""},"product_brand":[],"product_cat":[1226],"product_tag":[2516],"class_list":{"0":"post-30189","1":"product","2":"type-product","3":"status-publish","4":"has-post-thumbnail","6":"product_cat-temperature-et-humidite","7":"product_tag-logtag-fr","9":"first","10":"instock","11":"taxable","12":"shipping-taxable","13":"purchasable","14":"product-type-simple"},"bundled_by":[],"bundle_stock_status":"instock","bundle_stock_quantity":null,"bundle_virtual":false,"bundle_layout":"","bundle_add_to_cart_form_location":"","bundle_editable_in_cart":false,"bundle_sold_individually_context":"","bundle_item_grouping":"","bundle_min_size":"","bundle_max_size":"","bundle_price":[],"bundled_items":[],"bundle_sell_ids":[],"acf":[],"spectra_custom_meta":{"_product_attributes":["a:2:{s:16:\"pa_product-brand\";a:6:{s:4:\"name\";s:16:\"pa_product-brand\";s:5:\"value\";s:0:\"\";s:8:\"position\";i:0;s:10:\"is_visible\";i:1;s:12:\"is_variation\";i:0;s:11:\"is_taxonomy\";i:1;}s:16:\"pa_make-a-choice\";a:6:{s:4:\"name\";s:16:\"pa_make-a-choice\";s:5:\"value\";s:0:\"\";s:8:\"position\";i:1;s:10:\"is_visible\";i:1;s:12:\"is_variation\";i:0;s:11:\"is_taxonomy\";i:1;}}"],"attr_label_translations":["a:1:{s:2:\"fr\";a:1:{s:13:\"make-a-choice\";s:15:\"Faites un choix\";}}"],"_backorders":["no"],"_download_limit":["-1"],"_download_expiry":["-1"],"_downloadable":["no"],"_manage_stock":["no"],"_sku":["4b8884e9e057"],"_stock_status":["instock"],"_sold_individually":["no"],"_tax_class":[""],"_virtual":["no"],"_width":["34"],"_height":["14"],"_length":["7.16"],"total_sales":["81"],"product_datasheet":[""],"_product_datasheet":["field_650ad7d6ea3a0"],"_connectivity":["field_64dce263bb57c"],"brand":["LogTag"],"_brand":["field_64ddf62ed2593"],"brand_image":[""],"_brand_image":["field_650c5e7c84cae"],"_specifications_table":["field_65044e1db92a8"],"_resources":["field_650849c6945ee"],"_accessories":["field_650849e6945f0"],"_faqs":["field_650859523d8d5"],"_calibration_suitable_ids_gb":["field_654b4c4acb54a"],"_calibration_suitable_ids_us":["field_654b4c56cb54b"],"_show_in_calibration_suitable":["field_654cfb691d345"],"_usd_price_4":["field_651570dcac479"],"_usd_price_9":["field_6515713eb4807"],"_usd_price_24":["field_65157141b4809"],"_usd_price_49":["field_65157140b4808"],"_usd_price_99":["field_6515715bb480a"],"_gbp_price_4":["field_6515716e83bfa"],"_gbp_price_9":["field_6515724783bfb"],"_gbp_price_24":["field_6515724b83bfc"],"_gbp_price_49":["field_6515725983bfd"],"_gbp_price_99":["field_6515725d83bfe"],"_usdhk_price_4":["field_6515726f83bff"],"_usdhk_price_9":["field_6515727c83c00"],"_usdhk_price_24":["field_6515728083c01"],"_usdhk_price_49":["field_6515728983c02"],"_usdhk_price_99":["field_6515728e83c03"],"stock_options":["In stock"],"_stock_options":["field_6544b605dc7f9"],"_top_nav_excluded":[""],"_cms_nav_minihome":[""],"_wp_page_template":["default"],"wcml_sync_hash":["a:1:{s:15:\"postmeta_fields\";s:32:\"f7b84ffeb296b22796fd962e7e6d7639\";}"],"_product_image_gallery":[""],"_thumbnail_id":["30190"],"_crosssell_ids":["a:0:{}"],"_display_data_alarm":["field_667d647bcb066"],"_other_features":["field_668524f8c98a4"],"_shipping":["field_66852535c98a5"],"_refrigerant_cabinet":["field_66852557c98a6"],"_main_specifications":["field_66855b25b1245"],"_last_translation_edit_mode":["translation-editor"],"_calibration":["field_66a0ddd599972"],"connectivity":["Interface Cradle"],"_edit_lock":["1724152546:8383"],"classic-editor-remember":["classic-editor"],"rank_math_seo_score":["89"],"rank_math_contentai_score":["a:5:{s:8:\"keywords\";s:5:\"74.51\";s:9:\"wordCount\";s:1:\"0\";s:9:\"linkCount\";s:1:\"0\";s:12:\"headingCount\";s:1:\"0\";s:10:\"mediaCount\";s:1:\"0\";}"],"_edit_last":["8383"],"commercekit_gallery_layout":[""],"commercekit_disable_sticky_atc":["0"],"commercekit_wc_video_gallery":["a:0:{}"],"_rank_math_gtin_code":[""],"_wcml_average_rating":[null],"_wcml_review_count":[null],"_wcml_rating_count":[null],"_stock":[null],"_wc_average_rating":[0],"_wc_review_count":["0"],"_product_version":["9.1.4"],"usd_price_4":[""],"usd_price_9":[""],"usd_price_24":[""],"usd_price_49":[""],"usd_price_99":[""],"gbp_price_4":[""],"gbp_price_9":[""],"gbp_price_24":[""],"gbp_price_49":[""],"gbp_price_99":[""],"usdhk_price_4":[""],"usdhk_price_9":[""],"usdhk_price_24":[""],"usdhk_price_49":[""],"usdhk_price_99":[""],"display_data_alarm":[""],"calibration":[""],"faqs":[""],"calibration_suitable_ids_gb":[""],"calibration_suitable_ids_us":[""],"show_in_calibration_suitable":[""],"other_features":[""],"shipping":[""],"refrigerant_cabinet":[""],"main_specifications":[""],"shoptimizer_layout_pdp_short_description_position":["default"],"rank_math_analytic_object_id":["567"],"_wpml_media_duplicate":["1"],"_wpml_media_featured":["1"],"_tax_status":["taxable"],"_weight":["0.034"],"_regular_price":["81.90"],"_price":["81.90","81.90","81.90"],"min_temp":["-40"],"max_temp":["85"],"_min_temp":["field_67ea5eb4e0a77"],"_max_temp":["field_67ea5f81e0a79"],"_wpml_word_count":["226"],"rank_math_primary_product_cat":["97"],"_global_unique_id":["850040258073"],"rank_math_title":["Enregistreur de temp\u00e9rature et d'humidit\u00e9 HAXO-8 %sep% %sitename%"],"rank_math_description":["Enregistreur de temp\u00e9rature et d'humidit\u00e9 HAXO-8 pour une surveillance pr\u00e9cise, enregistrant jusqu'\u00e0 8 000 relev\u00e9s. Il est dot\u00e9 d'un \u00e9cran LCD facile \u00e0 lire et d'un bo\u00eetier robuste."],"rank_math_focus_keyword":["HAXO-8"],"specifications_table":["<table class=\"specifications\">\n<tbody>\n<tr>\n<td class=\"left-td\">Plage de mesure de la temp\u00e9rature<\/td>\n<td>De -40\u00b0C \u00e0 +85\u00b0C<\/td>\n<\/tr>\n<tr>\n<td class=\"left-td\">Plage de temp\u00e9rature de stockage<\/td>\n<td>De +10\u00b0C \u00e0 +50\u00b0C<\/td>\n<\/tr>\n<tr>\n<td class=\"left-td\">Plage d'humidit\u00e9<\/td>\n<td>0% HR \u00e0 100% HR (sans condensation), avec limitations<\/td>\n<\/tr>\n<tr>\n<td class=\"left-td\">Plage d'humidit\u00e9 de stockage<\/td>\n<td>20 % HR \u00e0 60 % HR<\/td>\n<\/tr>\n<tr>\n<td class=\"left-td\">R\u00e9solution de l'humidit\u00e9<\/td>\n<td>Sup\u00e9rieure \u00e0 0,1 % HR<\/td>\n<\/tr>\n<tr>\n<td class=\"left-td\">R\u00e9solution de la temp\u00e9rature<\/td>\n<td>Sup\u00e9rieure \u00e0 0,1\u00b0C<\/td>\n<\/tr>\n<tr>\n<td class=\"left-td\">Capacit\u00e9 d'enregistrement<\/td>\n<td>8 003 paires de relev\u00e9s d'humidit\u00e9 et de temp\u00e9rature. 53 jours \u00e0 10 minutes d'enregistrement, 80 jours \u00e0 15 minutes d'enregistrement <\/td>\n<\/tr>\n<tr>\n<td class=\"left-td\">Intervalle d'\u00e9chantillonnage<\/td>\n<td>Configurable de 30 secondes \u00e0 plusieurs heures<\/td>\n<\/tr>\n<tr>\n<td class=\"left-td\">Options de d\u00e9marrage de l'enregistrement<\/td>\n<td>D\u00e9marrage par bouton-poussoir ou par date et heure sp\u00e9cifiques. D\u00e9lai de d\u00e9marrage optionnel (de 30 secondes \u00e0 18 heures) <\/td>\n<\/tr>\n<tr>\n<td class=\"left-td\">Indication d'enregistrement<\/td>\n<td>Indicateur clignotant \"OK\" \/ indicateur clignotant \"ALERTE\".<\/td>\n<\/tr>\n<tr>\n<td class=\"left-td\">Temps de t\u00e9l\u00e9chargement<\/td>\n<td>G\u00e9n\u00e9ralement moins de 10 secondes pour une m\u00e9moire compl\u00e8te, en fonction de l'ordinateur ou de l'appareil de lecture utilis\u00e9.<\/td>\n<\/tr>\n<tr>\n<td class=\"left-td\">Environnementale<\/td>\n<td>IP61 (en cas d'accrochage ou de montage vertical)<\/td>\n<\/tr>\n<tr>\n<td class=\"left-td\">Source d'alimentation<\/td>\n<td>Pile CR2450 3V LiMnO2 (fixe)<\/td>\n<\/tr>\n<tr>\n<td class=\"left-td\">Autonomie de la batterie<\/td>\n<td>Batterie fixe.\n1 an de stockage, suivi de 2 \u00e0 3 ans d'utilisation normale (sur la base d'un enregistrement de 15 minutes, t\u00e9l\u00e9chargement mensuel des donn\u00e9es). <\/td>\n<\/tr>\n<tr>\n<td class=\"left-td\">Horloge temps r\u00e9el<\/td>\n<td>Horloge temps r\u00e9el int\u00e9gr\u00e9e\nPr\u00e9cision nominale \u00b125ppm @ 25\u00b0C (\u00e9quivalent \u00e0 2,5 secondes\/jour)\nLe coefficient de temp\u00e9rature nominal est de -0,034 \u00b10,006ppm\/\u00b0C (c'est-\u00e0-dire typiquement +\/- 0,00294 seconde\/jour\/\u00b0C).<\/td>\n<\/tr>\n<tr>\n<td class=\"left-td\">Taille<\/td>\n<td>86mm(H) x 54.5mm(L) x 8.6mm(T)<\/td>\n<\/tr>\n<tr>\n<td class=\"left-td\">Poids<\/td>\n<td>34g<\/td>\n<\/tr>\n<tr>\n<td class=\"left-td\">Mat\u00e9riau du bo\u00eetier<\/td>\n<td>Polycarbonate<\/td>\n<\/tr>\n<\/tbody>\n<\/table>"],"resources":["<ul class=\"resources-list\">\n \t<li><a href=\"https:\/\/praxas.com\/wp-content\/uploads\/LogTag_HAXO-8_Brochure.pdf\"><img src=\"https:\/\/praxas.com\/wp-content\/uploads\/document-icon.png\" alt=\"Ic\u00f4ne de document\">Brochure LogTag HAXO-8<\/a><\/li>\n \t<li><img src=\"https:\/\/praxas.com\/wp-content\/uploads\/document-icon.png\" alt=\"Ic\u00f4ne de document\"><a href=\"https:\/\/praxas.com\/wp-content\/uploads\/LogTag_HAXO-8_air_filter.pdf\">Filtre \u00e0 air LogTag HAXO-8<\/a><\/li>\n \t<li><a href=\"https:\/\/praxas.com\/wp-content\/uploads\/HAXO-8-QuickStartGuide.pdf\"><img src=\"https:\/\/praxas.com\/wp-content\/uploads\/document-icon.png\" alt=\"Ic\u00f4ne de document\">Guide de d\u00e9marrage rapide du LogTag HAXO-8<\/a><\/li>\n<\/ul>\n\u00a0"],"accessories":["[products skus=\"LTI-HID,WMB-1\"]"],"_uag_page_assets":["a:9:{s:3:\"css\";s:0:\"\";s:2:\"js\";s:0:\"\";s:18:\"current_block_list\";a:0:{}s:8:\"uag_flag\";b:0;s:11:\"uag_version\";s:10:\"1777052440\";s:6:\"gfonts\";a:0:{}s:10:\"gfonts_url\";s:0:\"\";s:12:\"gfonts_files\";a:0:{}s:14:\"uag_faq_layout\";b:0;}"],"hubwoo_ecomm_pro_id":["25303152715"],"_max_variation_price":[""],"_max_variation_regular_price":[""],"_max_variation_sale_price":[""],"_min_variation_price":[""],"_min_variation_regular_price":[""],"_min_variation_sale_price":[""],"_sale_price":[""],"_wc_pb_base_regular_price":[""],"_wc_pb_base_sale_price":[""],"_wc_pb_base_price":[""],"_wc_sw_max_price":[""],"_wc_sw_max_regular_price":[""],"_wc_rating_count":[""]},"uagb_featured_image_src":{"full":["https:\/\/praxas.com\/wp-content\/uploads\/3004-logtag-haxo8-product-shot-1.jpg",800,463,false],"thumbnail":["https:\/\/praxas.com\/wp-content\/uploads\/3004-logtag-haxo8-product-shot-1-150x150.jpg",150,150,true],"medium":["https:\/\/praxas.com\/wp-content\/uploads\/3004-logtag-haxo8-product-shot-1-300x174.jpg",300,174,true],"medium_large":["https:\/\/praxas.com\/wp-content\/uploads\/3004-logtag-haxo8-product-shot-1-768x444.jpg",768,444,true],"large":["https:\/\/praxas.com\/wp-content\/uploads\/3004-logtag-haxo8-product-shot-1.jpg",800,463,false],"1536x1536":["https:\/\/praxas.com\/wp-content\/uploads\/3004-logtag-haxo8-product-shot-1.jpg",800,463,false],"2048x2048":["https:\/\/praxas.com\/wp-content\/uploads\/3004-logtag-haxo8-product-shot-1.jpg",800,463,false],"crunchify-admin-post-featured-image":["https:\/\/praxas.com\/wp-content\/uploads\/3004-logtag-haxo8-product-shot-1-120x69.jpg",120,69,true],"commercegurus-pdp-large":["https:\/\/praxas.com\/wp-content\/uploads\/3004-logtag-haxo8-product-shot-1.jpg",800,463,false],"commercegurus-plp-mobile":["https:\/\/praxas.com\/wp-content\/uploads\/3004-logtag-haxo8-product-shot-1-441x255.jpg",441,255,true],"cgkit_image_swatch":["https:\/\/praxas.com\/wp-content\/uploads\/3004-logtag-haxo8-product-shot-1-100x100.jpg",100,100,true],"woocommerce_thumbnail":["https:\/\/praxas.com\/wp-content\/uploads\/3004-logtag-haxo8-product-shot-1-350x203.jpg",350,203,true],"woocommerce_single":["https:\/\/praxas.com\/wp-content\/uploads\/3004-logtag-haxo8-product-shot-1.jpg",800,463,false],"woocommerce_gallery_thumbnail":["https:\/\/praxas.com\/wp-content\/uploads\/3004-logtag-haxo8-product-shot-1-150x87.jpg",150,87,true]},"uagb_author_info":{"display_name":"Andy Price","author_link":"https:\/\/praxas.com\/fr\/author\/"},"uagb_comment_info":0,"uagb_excerpt":"Enregistreur de temp\u00e9rature et d'humidit\u00e9 (0 \u00e0 100% RH &amp; -40\u00b0C \u00e0 85\u00b0C) Alarmes haute et basse personnalisables 8 000 points de mesure","_links":{"self":[{"href":"https:\/\/praxas.com\/fr\/wp-json\/wp\/v2\/product\/30189","targetHints":{"allow":["GET"]}}],"collection":[{"href":"https:\/\/praxas.com\/fr\/wp-json\/wp\/v2\/product"}],"about":[{"href":"https:\/\/praxas.com\/fr\/wp-json\/wp\/v2\/types\/product"}],"wp:featuredmedia":[{"embeddable":true,"href":"https:\/\/praxas.com\/fr\/wp-json\/wp\/v2\/media\/30190"}],"wp:attachment":[{"href":"https:\/\/praxas.com\/fr\/wp-json\/wp\/v2\/media?parent=30189"}],"wp:term":[{"taxonomy":"product_brand","embeddable":true,"href":"https:\/\/praxas.com\/fr\/wp-json\/wp\/v2\/product_brand?post=30189"},{"taxonomy":"product_cat","embeddable":true,"href":"https:\/\/praxas.com\/fr\/wp-json\/wp\/v2\/product_cat?post=30189"},{"taxonomy":"product_tag","embeddable":true,"href":"https:\/\/praxas.com\/fr\/wp-json\/wp\/v2\/product_tag?post=30189"}],"curies":[{"name":"wp","href":"https:\/\/api.w.org\/{rel}","templated":true}]}}