{"id":30195,"date":"2024-06-10T16:57:35","date_gmt":"2024-06-10T14:57:35","guid":{"rendered":"https:\/\/staging.praxas.com\/product\/non%20class\u00e9\/utred-30-wifi\/"},"modified":"2025-10-09T10:22:37","modified_gmt":"2025-10-09T08:22:37","slug":"utred-30-wifi","status":"publish","type":"product","link":"https:\/\/praxas.com\/fr\/product\/data-loggers-fr\/enregistreurs-de-donnees-de-temperature\/utred-30-wifi\/","title":{"rendered":"UTRED 30-WIFI"},"content":{"rendered":"<p>Le Logtag UTRED 30-WiFi est un enregistreur de donn\u00e9es en temps r\u00e9el sp\u00e9cialement con\u00e7u pour surveiller la temp\u00e9rature pendant le transport et le stockage. Connectez l&rsquo;enregistreur de donn\u00e9es au nuage LogTag Online et t\u00e9l\u00e9chargez les donn\u00e9es en temps r\u00e9el sur le nuage. En envoyant les donn\u00e9es dans le nuage, vous pouvez y acc\u00e9der \u00e0 tout moment et en tout lieu.<\/p>\n<p>L&rsquo;enregistreur de donn\u00e9es a une plage de mesure de -40\u00b0C \u00e0 +99\u00b0C et mesure et stocke jusqu&rsquo;\u00e0 16 000 relev\u00e9s de temp\u00e9rature. En mesurant avec pr\u00e9cision la temp\u00e9rature pendant le transport, vous pouvez \u00e9viter les dommages, la perte de poids ou la perte pendant le transport et le stockage. Avec des fonctions int\u00e9gr\u00e9es telles qu&rsquo;une horloge en temps r\u00e9el qui indique la date et l&rsquo;heure de chaque relev\u00e9 de temp\u00e9rature, cet enregistreur de temp\u00e9rature est parfait pour le transport de produits sensibles \u00e0 la temp\u00e9rature tels que les vaccins.<\/p>\n<p>Les enregistreurs de temp\u00e9rature Logtag sont connus pour avoir le meilleur temps de t\u00e9l\u00e9chargement et la meilleure pr\u00e9cision du march\u00e9. Combinant une technologie \u00e9pur\u00e9e, une conception innovante et une production en grande quantit\u00e9, LogTag est l&rsquo;enregistreur le plus rentable et le plus performant du march\u00e9 aujourd&rsquo;hui.<\/p>\n<p>Le LogTag UTRED30-WiFi est conforme aux directives de l&rsquo;OMS, du CDC, de la FDA, du VFC, du NIH, de l&rsquo;ASPC, de l&rsquo;AAP et d&rsquo;autres encore en mati\u00e8re de stockage et de manipulation des vaccins.<\/p>\n<p><strong>Les avantages de l&rsquo;enregistreur de donn\u00e9es LogTag UTRED 30-WiFi sont les suivants :<\/strong><\/p>\n<ul>\n<li>Mesure et enregistre jusqu&rsquo;\u00e0 16 000 relev\u00e9s de temps\/temp\u00e9rature*.<\/li>\n<li>Sonde externe interchangeable avec connecteur plaqu\u00e9 or de haute qualit\u00e9<\/li>\n<li>Plages de temp\u00e9rature de -40\u00b0C \u00e0 +99\u00b0C, avec capteur externe<\/li>\n<li>Connexion au nuage<\/li>\n<li>\u00c9cran LCD<\/li>\n<li>Plus de mesures manuelles<\/li>\n<\/ul>\n<p>*Environ 67 jours \u00e0 6 minutes d&rsquo;enregistrement<\/p>\n<p><strong>\u00c9cran LCD<\/strong><\/p>\n<p>Cet enregistreur de donn\u00e9es comprend un \u00e9cran pratique qui indique les temp\u00e9ratures \u00e9lev\u00e9es ou basses, la temp\u00e9rature et l&rsquo;heure actuelles, enregistre l&rsquo;\u00e9tat et affiche le niveau de la batterie.<\/p>\n<p><strong>Conserver les marchandises plus longtemps<\/strong><\/p>\n<p>Cet enregistreur de temp\u00e9rature WiFi surveille les temp\u00e9ratures pendant le transport et le stockage sur de courtes et longues distances. Il est r\u00e9put\u00e9 pour ses hautes performances, sa qualit\u00e9 et sa pr\u00e9cision. La qualit\u00e9 des produits, y compris des vaccins, d\u00e9pend du maintien d&rsquo;une temp\u00e9rature ambiante correcte. En d\u00e9ployant le LogTag UTRED30-WiFi dans votre cargaison, vous restez inform\u00e9 et vous assurez la qualit\u00e9 et la s\u00e9curit\u00e9 de vos produits.<\/p>\n<p><strong>Acc\u00e8s facile aux donn\u00e9es<\/strong><\/p>\n<p>En t\u00e9l\u00e9chargeant les donn\u00e9es sur le nuage LogTag en ligne, vous pouvez t\u00e9l\u00e9charger et consulter les donn\u00e9es \u00e0 tout moment et en tout lieu.<\/p>\n","protected":false},"excerpt":{"rendered":"<ul>\n<li>Enregistreur WiFi 30 jours avec \u00e9cran<\/li>\n<li>De -40\u00b0C \u00e0 +99\u00b0C<\/li>\n<li>Mesurez et stockez plus de 16 000 relev\u00e9s<\/li>\n<li>Sonde externe interchangeable<\/li>\n<li>Donn\u00e9es en temps r\u00e9el t\u00e9l\u00e9charg\u00e9es automatiquement sur LogTag Online<\/li>\n<\/ul>\n","protected":false},"featured_media":30196,"template":"","meta":{"_acf_changed":false,"content-type":"","_uag_custom_page_level_css":""},"product_brand":[],"product_cat":[1238],"product_tag":[2516,2260,1227],"class_list":{"0":"post-30195","1":"product","2":"type-product","3":"status-publish","4":"has-post-thumbnail","6":"product_cat-enregistreurs-de-donnees-de-temperature","7":"product_tag-logtag-fr","8":"product_tag-temperature-fr","9":"product_tag-wifi-fr","11":"first","12":"instock","13":"taxable","14":"shipping-taxable","15":"purchasable","16":"product-type-variable"},"bundled_by":[],"bundle_stock_status":"instock","bundle_stock_quantity":null,"bundle_virtual":false,"bundle_layout":"","bundle_add_to_cart_form_location":"","bundle_editable_in_cart":false,"bundle_sold_individually_context":"","bundle_item_grouping":"","bundle_min_size":"","bundle_max_size":"","bundle_price":[],"bundled_items":[],"bundle_sell_ids":[],"acf":[],"spectra_custom_meta":{"_backorders":["no"],"_download_limit":["-1"],"_download_expiry":["-1"],"_downloadable":["no"],"_manage_stock":["no"],"_stock_status":["instock"],"_sold_individually":["no"],"_tax_class":[""],"_tax_status":["taxable"],"_virtual":["no"],"_weight":["0"],"_width":["0"],"_height":["0"],"_length":["0"],"total_sales":["3"],"product_datasheet":[""],"_product_datasheet":["field_650ad7d6ea3a0"],"connectivity":["WiFi"],"_connectivity":["field_64dce263bb57c"],"brand":["LogTag"],"_brand":["field_64ddf62ed2593"],"brand_image":[""],"_brand_image":["field_650c5e7c84cae"],"_specifications_table":["field_65044e1db92a8"],"_resources":["field_650849c6945ee"],"_accessories":["field_650849e6945f0"],"_faqs":["field_650859523d8d5"],"_calibration_suitable_ids_gb":["field_654b4c4acb54a"],"_calibration_suitable_ids_us":["field_654b4c56cb54b"],"_show_in_calibration_suitable":["field_654cfb691d345"],"_usd_price_4":["field_651570dcac479"],"_usd_price_9":["field_6515713eb4807"],"_usd_price_24":["field_65157141b4809"],"_usd_price_49":["field_65157140b4808"],"_usd_price_99":["field_6515715bb480a"],"_gbp_price_4":["field_6515716e83bfa"],"_gbp_price_9":["field_6515724783bfb"],"_gbp_price_24":["field_6515724b83bfc"],"_gbp_price_49":["field_6515725983bfd"],"_gbp_price_99":["field_6515725d83bfe"],"_usdhk_price_4":["field_6515726f83bff"],"_usdhk_price_9":["field_6515727c83c00"],"_usdhk_price_24":["field_6515728083c01"],"_usdhk_price_49":["field_6515728983c02"],"_usdhk_price_99":["field_6515728e83c03"],"stock_options":["In stock"],"_stock_options":["field_6544b605dc7f9"],"_top_nav_excluded":[""],"_cms_nav_minihome":[""],"wcml_sync_hash":["a:1:{s:15:\"postmeta_fields\";s:32:\"c31e63e296404c5c798560b89f865f0e\";}"],"attr_label_translations":["a:0:{}"],"_product_attributes":["a:2:{s:16:\"pa_product-brand\";a:6:{s:4:\"name\";s:16:\"pa_product-brand\";s:5:\"value\";s:0:\"\";s:8:\"position\";i:0;s:10:\"is_visible\";i:1;s:12:\"is_variation\";i:0;s:11:\"is_taxonomy\";i:1;}s:22:\"pa_logtag-probe-choice\";a:6:{s:4:\"name\";s:22:\"pa_logtag-probe-choice\";s:5:\"value\";s:0:\"\";s:8:\"position\";i:1;s:10:\"is_visible\";i:1;s:12:\"is_variation\";i:1;s:11:\"is_taxonomy\";i:1;}}"],"_product_image_gallery":["30197,30198,30199,30200"],"_thumbnail_id":["30196"],"_crosssell_ids":["a:0:{}"],"_display_data_alarm":["field_667d647bcb066"],"_other_features":["field_668524f8c98a4"],"_shipping":["field_66852535c98a5"],"_refrigerant_cabinet":["field_66852557c98a6"],"_main_specifications":["field_66855b25b1245"],"_last_translation_edit_mode":["translation-editor"],"_edit_lock":["1724242037:8383"],"classic-editor-remember":["classic-editor"],"rank_math_seo_score":["90"],"_edit_last":["8383"],"commercekit_gallery_layout":[""],"commercekit_disable_sticky_atc":["0"],"commercekit_wc_video_gallery":["a:0:{}"],"_rank_math_gtin_code":[""],"_stock":[null],"_wc_average_rating":[0],"_wc_review_count":["0"],"_product_version":["9.1.4"],"usd_price_4":[""],"usd_price_9":[""],"usd_price_24":[""],"usd_price_49":[""],"usd_price_99":[""],"gbp_price_4":[""],"gbp_price_9":[""],"gbp_price_24":[""],"gbp_price_49":[""],"gbp_price_99":[""],"usdhk_price_4":[""],"usdhk_price_9":[""],"usdhk_price_24":[""],"usdhk_price_49":[""],"usdhk_price_99":[""],"display_data_alarm":[""],"calibration":[""],"faqs":[""],"calibration_suitable_ids_gb":[""],"calibration_suitable_ids_us":[""],"show_in_calibration_suitable":[""],"other_features":[""],"shipping":[""],"refrigerant_cabinet":[""],"main_specifications":[""],"shoptimizer_layout_pdp_short_description_position":["default"],"_wpml_media_duplicate":["1"],"_wpml_media_featured":["1"],"_sku":["UTRED30wifi"],"_calibration":["field_66a0ddd599972"],"rank_math_contentai_score":["a:5:{s:8:\"keywords\";s:5:\"74.51\";s:9:\"wordCount\";s:1:\"0\";s:9:\"linkCount\";s:1:\"0\";s:12:\"headingCount\";s:1:\"0\";s:10:\"mediaCount\";s:1:\"0\";}"],"_wcml_average_rating":[null],"_wcml_review_count":[null],"_wcml_rating_count":[null],"rank_math_analytic_object_id":["619"],"_price":["229.60","257.60","262.5","263.20","264.60","266","267.40"],"_wpml_word_count":["494"],"min_temp":["-40"],"max_temp":["99"],"_min_temp":["field_67ea5eb4e0a77"],"_max_temp":["field_67ea5f81e0a79"],"rank_math_primary_product_cat":["87"],"_global_unique_id":["850040258035"],"rank_math_description":["Enregistreur WiFi de 30 jours avec affichage -40\u00b0C \u00e0 +99\u00b0C Mesurez et stockez plus de 16 000 mesures Sonde externe interchangeable Seconde batterie de secours via une pile de pi\u00e8ce de monnaie."],"rank_math_focus_keyword":["UTRED"],"specifications_table":["<table class=\"specification\">\n<tbody>\n<tr>\n<td class=\"left-td\">Capteur externe Plage de mesure<\/td>\n<td>De -40\u00b0C \u00e0 +99\u00b0C (de -40\u00b0F \u00e0 +210\u00b0F)<\/td>\n<\/tr>\n<tr>\n<td class=\"left-td\">Plage de temp\u00e9rature de stockage<\/td>\n<td>De -10 \u00b0C \u00e0 +40 \u00b0C (de 32 \u00b0F \u00e0 +104 \u00b0F)<\/td>\n<\/tr>\n<tr>\n<td class=\"left-td\">R\u00e9solution de la temp\u00e9rature nominale<\/td>\n<td>Mieux que 0,1\u00b0C (0,2\u00b0F) pour -30\u00b0C \u00e0 +60\u00b0C (-22\u00b0F \u00e0 +140\u00b0F)\nMieux que 0,2\u00b0C (0,4\u00b0F) pour -40\u00b0C \u00e0 -30\u00b0C (-40\u00b0F \u00e0 -22\u00b0F)\nMieux que 0,5\u00b0C (0,9\u00b0F) pour +60\u00b0C \u00e0 +99\u00b0C (+140\u00b0F \u00e0 +210\u00b0F)<\/td>\n<\/tr>\n<tr>\n<td class=\"left-td\">Connectivit\u00e9 des sondes<\/td>\n<td>Jusqu'\u00e0 2<\/td>\n<\/tr>\n<tr>\n<td class=\"left-td\">Compatibilit\u00e9 des sondes<\/td>\n<td>Toutes les sondes externes \u00e0 thermistance de pr\u00e9cision ST100 peuvent \u00eatre connect\u00e9es de mani\u00e8re interchangeable \u00e0 l'UTRED30-WiFi. Veuillez vous r\u00e9f\u00e9rer \u00e0 la page des sondes externes sur le site web de LogTag North America. <\/td>\n<\/tr>\n<tr>\n<td class=\"left-td\">Capacit\u00e9 d'enregistrement<\/td>\n<td>M\u00e9moire totale de 32 000 enregistrements. Fournit 16 000 relev\u00e9s de temp\u00e9rature par canal\nM\u00e9moire de statistiques sommaires journali\u00e8res (pour affichage sur l'\u00e9cran LCD) : jusqu'\u00e0 30 jours de statistiques Min\/Max\/dur\u00e9e et de d\u00e9clenchement d'alarme. <\/td>\n<\/tr>\n<tr>\n<td class=\"left-td\">Intervalle d'\u00e9chantillonnage<\/td>\n<td>Configurable de 30 secondes \u00e0 18 heures<\/td>\n<\/tr>\n<tr>\n<td class=\"left-td\">Options de d\u00e9marrage de l'enregistrement<\/td>\n<td>D\u00e9marrage par bouton-poussoir (avec d\u00e9lai de d\u00e9marrage configurable de 1 minute \u00e0 72 heures) ou date et heure sp\u00e9cifiques<\/td>\n<\/tr>\n<tr>\n<td class=\"left-td\">Temps de t\u00e9l\u00e9chargement<\/td>\n<td>G\u00e9n\u00e9ralement avec une m\u00e9moire compl\u00e8te (32 130 relev\u00e9s) en moins de 10 secondes<\/td>\n<\/tr>\n<tr>\n<td class=\"left-td\">Environnement<\/td>\n<td>IP51 (en cas de montage vertical ou de suspension)<\/td>\n<\/tr>\n<tr>\n<td class=\"left-td\">Calibrage<\/td>\n<td>\u00c9talonn\u00e9 en usine \u00e0 l'aide d'un \u00e9quipement de r\u00e9f\u00e9rence \u00e9quivalent au NIST. Certificat d'\u00e9talonnage disponible sur demande <\/td>\n<\/tr>\n<tr>\n<td class=\"left-td\">Source d'alimentation<\/td>\n<td>5V via la prise micro USB ou 2 piles alcalines AAA de 1,5V,\nCR2032 3V LiMnO2 (fonction d'enregistrement de secours uniquement)<\/td>\n<\/tr>\n<tr>\n<td class=\"left-td\">Autonomie de la batterie<\/td>\n<td>L'appareil doit normalement \u00eatre aliment\u00e9 par USB.\nLes piles AAA fournissent une alimentation de secours pour une dur\u00e9e maximale de 2 mois. <\/td>\n<\/tr>\n<tr>\n<td class=\"left-td\">Interface de connexion<\/td>\n<td>USB 2.0 \/ prise Micro USB<\/td>\n<\/tr>\n<tr>\n<td class=\"left-td\">WiFi<\/td>\n<td>802.11 b\/g\/n<\/td>\n<\/tr>\n<tr>\n<td class=\"left-td\">M\u00e9thodes d'authentification WiFi<\/td>\n<td>Ouvert, WPA2\/PSK (avec ou sans PMF), EAP-PEAP, EAP-TTLS<\/td>\n<\/tr>\n<tr>\n<td class=\"left-td\">Bluetooth\u00ae<\/td>\n<td>Bluetooth\u00ae V4.2 BR\/EDR et Bluetooth LE\u00ae<\/td>\n<\/tr>\n<tr>\n<td class=\"left-td\">Taille<\/td>\n<td>141mm(H) x 72mm(L) x 18mm(T)<\/td>\n<\/tr>\n<tr>\n<td class=\"left-td\">Poids<\/td>\n<td>158g avec piles AAA, (134g - sans la sonde et les piles AAA)<\/td>\n<\/tr>\n<tr>\n<td class=\"left-td\">Mat\u00e9riau du bo\u00eetier<\/td>\n<td>Polycarbonate<\/td>\n<\/tr>\n<\/tbody>\n<\/table>"],"resources":["<ul class=\"resources-list\">\n \t<li><img src=\"https:\/\/praxas.com\/wp-content\/uploads\/document-icon.png\" alt=\"Ic\u00f4ne de document\"><a href=\"https:\/\/praxas.com\/wp-content\/uploads\/LogTag_UTRED30-WiFi_Dual-Channel-Brochure.pdf\">Brochure LogTag UTRED30-WiFi<\/a><\/li>\n \t<li><img src=\"https:\/\/praxas.com\/wp-content\/uploads\/document-icon.png\" alt=\"Ic\u00f4ne de document\"><a href=\"https:\/\/praxas.com\/wp-content\/uploads\/Quick-Start-Guide_UTRED30-WiFi.pdf\">Guide de d\u00e9marrage rapide du LogTag UTRED30-WiFi<\/a><\/li>\n \t<li><img src=\"https:\/\/praxas.com\/wp-content\/uploads\/document-icon.png\" alt=\"Ic\u00f4ne de document\"><a href=\"https:\/\/praxas.com\/wp-content\/uploads\/UTRED30-WiFi_Product_User_Guide.pdf\">Manuel de l'utilisateur LogTag UTRED30-WiFi<\/a><\/li>\n \t<li><img src=\"https:\/\/praxas.com\/wp-content\/uploads\/document-icon.png\" alt=\"Ic\u00f4ne de document\"><a href=\"https:\/\/praxas.com\/wp-content\/uploads\/Bluetooth_Connection_Guide.pdf\">LogTag UTRED30-WiFi BlueTooth Guide de connexion<\/a><\/li>\n<\/ul>"],"accessories":["[products skus=\"WMB-1,Buffer Bottle\"]"],"_uag_page_assets":["a:9:{s:3:\"css\";s:0:\"\";s:2:\"js\";s:0:\"\";s:18:\"current_block_list\";a:0:{}s:8:\"uag_flag\";b:0;s:11:\"uag_version\";s:10:\"1775212209\";s:6:\"gfonts\";a:0:{}s:10:\"gfonts_url\";s:0:\"\";s:12:\"gfonts_files\";a:0:{}s:14:\"uag_faq_layout\";b:0;}"],"hubwoo_ecomm_invalid_pro":["yes"],"_max_variation_price":[""],"_max_variation_regular_price":[""],"_max_variation_sale_price":[""],"_min_variation_price":[""],"_min_variation_regular_price":[""],"_min_variation_sale_price":[""],"_regular_price":[""],"_sale_price":[""],"_wc_pb_base_regular_price":[""],"_wc_pb_base_sale_price":[""],"_wc_pb_base_price":[""],"_wc_sw_max_price":[""],"_wc_sw_max_regular_price":[""],"_wc_rating_count":[""]},"uagb_featured_image_src":{"full":["https:\/\/praxas.com\/wp-content\/uploads\/logtag-logtag-utred-30-wifi-30-day-wifi-logger-wit-800px.jpg",800,463,false],"thumbnail":["https:\/\/praxas.com\/wp-content\/uploads\/logtag-logtag-utred-30-wifi-30-day-wifi-logger-wit-800px-150x150.jpg",150,150,true],"medium":["https:\/\/praxas.com\/wp-content\/uploads\/logtag-logtag-utred-30-wifi-30-day-wifi-logger-wit-800px-300x174.jpg",300,174,true],"medium_large":["https:\/\/praxas.com\/wp-content\/uploads\/logtag-logtag-utred-30-wifi-30-day-wifi-logger-wit-800px-768x444.jpg",768,444,true],"large":["https:\/\/praxas.com\/wp-content\/uploads\/logtag-logtag-utred-30-wifi-30-day-wifi-logger-wit-800px.jpg",800,463,false],"1536x1536":["https:\/\/praxas.com\/wp-content\/uploads\/logtag-logtag-utred-30-wifi-30-day-wifi-logger-wit-800px.jpg",800,463,false],"2048x2048":["https:\/\/praxas.com\/wp-content\/uploads\/logtag-logtag-utred-30-wifi-30-day-wifi-logger-wit-800px.jpg",800,463,false],"crunchify-admin-post-featured-image":["https:\/\/praxas.com\/wp-content\/uploads\/logtag-logtag-utred-30-wifi-30-day-wifi-logger-wit-800px-120x69.jpg",120,69,true],"commercegurus-pdp-large":["https:\/\/praxas.com\/wp-content\/uploads\/logtag-logtag-utred-30-wifi-30-day-wifi-logger-wit-800px.jpg",800,463,false],"commercegurus-plp-mobile":["https:\/\/praxas.com\/wp-content\/uploads\/logtag-logtag-utred-30-wifi-30-day-wifi-logger-wit-800px-441x255.jpg",441,255,true],"cgkit_image_swatch":["https:\/\/praxas.com\/wp-content\/uploads\/logtag-logtag-utred-30-wifi-30-day-wifi-logger-wit-800px-100x100.jpg",100,100,true],"woocommerce_thumbnail":["https:\/\/praxas.com\/wp-content\/uploads\/logtag-logtag-utred-30-wifi-30-day-wifi-logger-wit-800px-350x203.jpg",350,203,true],"woocommerce_single":["https:\/\/praxas.com\/wp-content\/uploads\/logtag-logtag-utred-30-wifi-30-day-wifi-logger-wit-800px.jpg",800,463,false],"woocommerce_gallery_thumbnail":["https:\/\/praxas.com\/wp-content\/uploads\/logtag-logtag-utred-30-wifi-30-day-wifi-logger-wit-800px-150x87.jpg",150,87,true]},"uagb_author_info":{"display_name":"Beth Foord","author_link":"https:\/\/praxas.com\/fr\/author\/"},"uagb_comment_info":0,"uagb_excerpt":"Enregistreur WiFi 30 jours avec \u00e9cran De -40\u00b0C \u00e0 +99\u00b0C Mesurez et stockez plus de 16 000 relev\u00e9s Sonde externe interchangeable Donn\u00e9es en temps r\u00e9el t\u00e9l\u00e9charg\u00e9es automatiquement sur LogTag Online","_links":{"self":[{"href":"https:\/\/praxas.com\/fr\/wp-json\/wp\/v2\/product\/30195","targetHints":{"allow":["GET"]}}],"collection":[{"href":"https:\/\/praxas.com\/fr\/wp-json\/wp\/v2\/product"}],"about":[{"href":"https:\/\/praxas.com\/fr\/wp-json\/wp\/v2\/types\/product"}],"wp:featuredmedia":[{"embeddable":true,"href":"https:\/\/praxas.com\/fr\/wp-json\/wp\/v2\/media\/30196"}],"wp:attachment":[{"href":"https:\/\/praxas.com\/fr\/wp-json\/wp\/v2\/media?parent=30195"}],"wp:term":[{"taxonomy":"product_brand","embeddable":true,"href":"https:\/\/praxas.com\/fr\/wp-json\/wp\/v2\/product_brand?post=30195"},{"taxonomy":"product_cat","embeddable":true,"href":"https:\/\/praxas.com\/fr\/wp-json\/wp\/v2\/product_cat?post=30195"},{"taxonomy":"product_tag","embeddable":true,"href":"https:\/\/praxas.com\/fr\/wp-json\/wp\/v2\/product_tag?post=30195"}],"curies":[{"name":"wp","href":"https:\/\/api.w.org\/{rel}","templated":true}]}}