{"id":30201,"date":"2024-06-10T16:38:55","date_gmt":"2024-06-10T14:38:55","guid":{"rendered":"https:\/\/staging.praxas.com\/product\/non%20class\u00e9\/utred30-16r\/"},"modified":"2025-10-09T10:22:16","modified_gmt":"2025-10-09T08:22:16","slug":"utred30-16r","status":"publish","type":"product","link":"https:\/\/praxas.com\/fr\/product\/data-loggers-fr\/enregistreurs-de-donnees-de-temperature\/utred30-16r\/","title":{"rendered":"UTRED30-16R"},"content":{"rendered":"<p>Le LogTag UTRED30-16R Temperature Logger CDC\/VFC est con\u00e7u pour surveiller la temp\u00e9rature des vaccins pendant le transport et le stockage. Avec une plage de mesure de -40\u00b0C \u00e0 +99\u00b0C, il enregistre jusqu&rsquo;\u00e0 16 129 mesures \u00e0 l&rsquo;aide d&rsquo;un capteur externe.<\/p>\n<p>Un contr\u00f4le pr\u00e9cis de la temp\u00e9rature pendant le transport permet d&rsquo;\u00e9viter les dommages et les pertes. Les fonctions int\u00e9gr\u00e9es, telles qu&rsquo;une horloge en temps r\u00e9el avec horodatage et une batterie rempla\u00e7able, en font un outil id\u00e9al pour le transport de produits sensibles \u00e0 la temp\u00e9rature, tels que les vaccins.<\/p>\n<p>Les enregistreurs de temp\u00e9rature LogTag sont r\u00e9put\u00e9s pour leur rapidit\u00e9 de t\u00e9l\u00e9chargement et leur pr\u00e9cision. Gr\u00e2ce \u00e0 une conception innovante et \u00e0 une production en grande quantit\u00e9, LogTag propose les enregistreurs les plus rentables et les plus performants du march\u00e9.<\/p>\n<p><strong>Les avantages de l&rsquo;enregistreur de donn\u00e9es LogTag UTRED 30-16R sont les suivants :<\/strong><\/p>\n<ul>\n<li>Mesure et enregistre jusqu&rsquo;\u00e0 16 129 relev\u00e9s de temps et de temp\u00e9rature<\/li>\n<li>Les temp\u00e9ratures minimales et maximales peuvent \u00eatre remises \u00e0 z\u00e9ro \u00e0 tout moment.<\/li>\n<li>Alarme sonore et LED rouge signalant le d\u00e9clenchement de l&rsquo;alarme<\/li>\n<li>Plage de temp\u00e9rature de -40\u00b0C \u00e0 +99\u00b0C, avec capteur externe<\/li>\n<li>Lire les donn\u00e9es directement \u00e0 l&rsquo;\u00e9cran<\/li>\n<li>Aucun logiciel n&rsquo;est n\u00e9cessaire pour t\u00e9l\u00e9charger les donn\u00e9es<\/li>\n<li>Plus de mesures manuelles<\/li>\n<\/ul>\n<p><strong>Affichage<\/strong><\/p>\n<p>Cet enregistreur de donn\u00e9es est dot\u00e9 d&rsquo;un \u00e9cran pratique qui indique si la temp\u00e9rature est trop \u00e9lev\u00e9e ou trop basse. Il affiche \u00e9galement la temp\u00e9rature actuelle, l&rsquo;heure, l&rsquo;\u00e9tat de l&rsquo;enregistrement et le niveau de la batterie, ce qui vous permet de visualiser rapidement toutes les donn\u00e9es importantes en un coup d&rsquo;\u0153il.<\/p>\n<p><strong>Pourquoi utiliser un capteur externe ?<\/strong><\/p>\n<p>Les produits LogTag sont de premi\u00e8re qualit\u00e9, mais certaines situations n\u00e9cessitent un capteur externe, comme la mesure de la temp\u00e9rature des liquides. En pla\u00e7ant le capteur externe dans le liquide (par exemple, un vaccin), vous pouvez surveiller la temp\u00e9rature avec pr\u00e9cision. Cela permet de garantir la qualit\u00e9 et la s\u00e9curit\u00e9 des produits.<\/p>\n<p><strong>Conserver les marchandises plus longtemps<\/strong><\/p>\n<p>Cet enregistreur de temp\u00e9rature surveille la temp\u00e9rature de transport et de stockage sur de courtes et de longues distances. Il est r\u00e9put\u00e9 pour ses performances, sa qualit\u00e9 et sa pr\u00e9cision. La qualit\u00e9 de produits tels que les vaccins d\u00e9pend de la temp\u00e9rature ambiante. En pla\u00e7ant le LogTag UTRED30-16R dans la cargaison, vous pouvez garantir la qualit\u00e9 et la s\u00e9curit\u00e9 des produits.<\/p>\n<p><strong>Acc\u00e8s facile aux donn\u00e9es<\/strong><\/p>\n<p>Avec l&rsquo;achat de l&rsquo;enregistreur de temp\u00e9rature, vous b\u00e9n\u00e9ficiez d&rsquo;un acc\u00e8s gratuit au logiciel LogTag Analyser. Cette plateforme vous permet de configurer, de t\u00e9l\u00e9charger et d&rsquo;afficher les donn\u00e9es de l&rsquo;enregistreur de temp\u00e9rature LogTag UTRED30-16R. Vous pouvez facilement exporter les donn\u00e9es vers des fichiers tels qu&rsquo;Excel. En outre, vous pouvez t\u00e9l\u00e9charger les donn\u00e9es au format PDF sans avoir besoin d&rsquo;aucun logiciel.<\/p>\n","protected":false},"excerpt":{"rendered":"<ul>\n<li>Enregistreur de temp\u00e9rature CDC\/VFC<\/li>\n<li>De -40\u00b0C \u00e0 +99\u00b0C<\/li>\n<li>Grand \u00e9cran facile \u00e0 lire<\/li>\n<li>Alarme sonore et diodes \u00e9lectroluminescentes<\/li>\n<li>Connectivit\u00e9 des sondes<\/li>\n<li>Mesurez et stockez plus de 16 000 relev\u00e9s<\/li>\n<\/ul>\n","protected":false},"featured_media":30202,"template":"","meta":{"_acf_changed":false,"content-type":"","_uag_custom_page_level_css":""},"product_brand":[],"product_cat":[1238],"product_tag":[2516,2260],"class_list":{"0":"post-30201","1":"product","2":"type-product","3":"status-publish","4":"has-post-thumbnail","6":"product_cat-enregistreurs-de-donnees-de-temperature","7":"product_tag-logtag-fr","8":"product_tag-temperature-fr","10":"first","11":"instock","12":"taxable","13":"shipping-taxable","14":"purchasable","15":"product-type-variable"},"bundled_by":[],"bundle_stock_status":"instock","bundle_stock_quantity":null,"bundle_virtual":false,"bundle_layout":"","bundle_add_to_cart_form_location":"","bundle_editable_in_cart":false,"bundle_sold_individually_context":"","bundle_item_grouping":"","bundle_min_size":"","bundle_max_size":"","bundle_price":[],"bundled_items":[],"bundle_sell_ids":[],"acf":[],"spectra_custom_meta":{"_backorders":["no"],"_download_limit":["-1"],"_download_expiry":["-1"],"_downloadable":["no"],"_manage_stock":["no"],"_stock_status":["instock"],"_sold_individually":["no"],"_tax_class":[""],"_tax_status":["taxable"],"_virtual":["no"],"_weight":["0"],"_width":["0"],"_height":["0"],"_length":["0"],"total_sales":["0"],"product_datasheet":[""],"_product_datasheet":["field_650ad7d6ea3a0"],"connectivity":["USB"],"_connectivity":["field_64dce263bb57c"],"brand":["LogTag"],"_brand":["field_64ddf62ed2593"],"brand_image":[""],"_brand_image":["field_650c5e7c84cae"],"_specifications_table":["field_65044e1db92a8"],"_display_data_alarm":["field_667d647bcb066"],"_resources":["field_650849c6945ee"],"_accessories":["field_650849e6945f0"],"_faqs":["field_650859523d8d5"],"_calibration_suitable_ids_gb":["field_654b4c4acb54a"],"_calibration_suitable_ids_us":["field_654b4c56cb54b"],"_show_in_calibration_suitable":["field_654cfb691d345"],"_other_features":["field_668524f8c98a4"],"_shipping":["field_66852535c98a5"],"_refrigerant_cabinet":["field_66852557c98a6"],"_main_specifications":["field_66855b25b1245"],"_usd_price_4":["field_651570dcac479"],"_usd_price_9":["field_6515713eb4807"],"_usd_price_24":["field_65157141b4809"],"_usd_price_49":["field_65157140b4808"],"_usd_price_99":["field_6515715bb480a"],"_gbp_price_4":["field_6515716e83bfa"],"_gbp_price_9":["field_6515724783bfb"],"_gbp_price_24":["field_6515724b83bfc"],"_gbp_price_49":["field_6515725983bfd"],"_gbp_price_99":["field_6515725d83bfe"],"_usdhk_price_4":["field_6515726f83bff"],"_usdhk_price_9":["field_6515727c83c00"],"_usdhk_price_24":["field_6515728083c01"],"_usdhk_price_49":["field_6515728983c02"],"_usdhk_price_99":["field_6515728e83c03"],"stock_options":["In stock"],"_stock_options":["field_6544b605dc7f9"],"_top_nav_excluded":[""],"_cms_nav_minihome":[""],"wcml_sync_hash":["a:1:{s:15:\"postmeta_fields\";s:32:\"d5088cc8c80eaad39d954d5ac8909a21\";}"],"attr_label_translations":["a:0:{}"],"_product_attributes":["a:2:{s:16:\"pa_product-brand\";a:6:{s:4:\"name\";s:16:\"pa_product-brand\";s:5:\"value\";s:0:\"\";s:8:\"position\";i:0;s:10:\"is_visible\";i:1;s:12:\"is_variation\";i:0;s:11:\"is_taxonomy\";i:1;}s:22:\"pa_logtag-probe-choice\";a:6:{s:4:\"name\";s:22:\"pa_logtag-probe-choice\";s:5:\"value\";s:0:\"\";s:8:\"position\";i:1;s:10:\"is_visible\";i:1;s:12:\"is_variation\";i:1;s:11:\"is_taxonomy\";i:1;}}"],"_product_image_gallery":["30203"],"_thumbnail_id":["30202"],"_crosssell_ids":["a:0:{}"],"_last_translation_edit_mode":["translation-editor"],"_calibration":["field_66a0ddd599972"],"_edit_lock":["1724241430:8383"],"classic-editor-remember":["classic-editor"],"rank_math_seo_score":["87"],"rank_math_contentai_score":["a:5:{s:8:\"keywords\";s:5:\"74.51\";s:9:\"wordCount\";s:1:\"0\";s:9:\"linkCount\";s:1:\"0\";s:12:\"headingCount\";s:1:\"0\";s:10:\"mediaCount\";s:1:\"0\";}"],"_edit_last":["8383"],"commercekit_gallery_layout":[""],"commercekit_disable_sticky_atc":["0"],"commercekit_wc_video_gallery":["a:0:{}"],"_rank_math_gtin_code":[""],"_wcml_average_rating":[null],"_wcml_review_count":[null],"_wcml_rating_count":[null],"_stock":[null],"_wc_average_rating":[0],"_wc_review_count":["0"],"_product_version":["9.1.4"],"usd_price_4":[""],"usd_price_9":[""],"usd_price_24":[""],"usd_price_49":[""],"usd_price_99":[""],"gbp_price_4":[""],"gbp_price_9":[""],"gbp_price_24":[""],"gbp_price_49":[""],"gbp_price_99":[""],"usdhk_price_4":[""],"usdhk_price_9":[""],"usdhk_price_24":[""],"usdhk_price_49":[""],"usdhk_price_99":[""],"display_data_alarm":[""],"calibration":[""],"faqs":[""],"calibration_suitable_ids_gb":[""],"calibration_suitable_ids_us":[""],"show_in_calibration_suitable":[""],"other_features":[""],"shipping":[""],"refrigerant_cabinet":[""],"main_specifications":[""],"shoptimizer_layout_pdp_short_description_position":["default"],"rank_math_analytic_object_id":["614"],"_wpml_media_duplicate":["1"],"_wpml_media_featured":["1"],"_price":["121.10","149.10","154","154.70","156.10","157.5","157.50","158.90"],"min_temp":["-40"],"max_temp":["99"],"_min_temp":["field_67ea5eb4e0a77"],"_max_temp":["field_67ea5f81e0a79"],"_wpml_word_count":["538"],"rank_math_primary_product_cat":["87"],"_sku":["UTRED30-16R"],"_global_unique_id":["850040258028"],"rank_math_description":["Enregistreur de temp\u00e9rature CDC\/VFC 40\u00b0C \u00e0 +99\u00b0C Grand \u00e9cran facile \u00e0 lire Alarme sonore LED Visualisez l'\u00e9tat de l'alarme jusqu'\u00e0 30 jours Mesurez et stockez plus de 16 000 relev\u00e9s"],"rank_math_focus_keyword":["UTRED30"],"specifications_table":["<table class=\"specifications\">\n<tbody>\n<tr>\n<td class=\"left-td\">Capteur externe Plage de mesure<\/td>\n<td>De -40\u00b0C \u00e0 +99\u00b0C (de -40\u00b0F \u00e0 +210\u00b0F)<\/td>\n<\/tr>\n<tr>\n<td class=\"left-td\">Plage de temp\u00e9rature de stockage<\/td>\n<td>De -10\u00b0C \u00e0 +40\u00b0C (de 32\u00b0F \u00e0 +104\u00b0F)<\/td>\n<\/tr>\n<tr>\n<td class=\"left-td\">Temp\u00e9rature nominale R\u00e9solution<\/td>\n<td>Mieux que 0,1\u00b0C (0,2\u00b0F) pour -30\u00b0C \u00e0 +60\u00b0C (-22\u00b0F \u00e0 +140\u00b0F)\nMieux que 0,2\u00b0C (0,4\u00b0F) pour -40\u00b0C \u00e0 -30\u00b0C (-40\u00b0F \u00e0 -22\u00b0F)\nMieux que 0,5\u00b0C (0,9\u00b0F) pour +60\u00b0C \u00e0 +99\u00b0C (+140\u00b0F \u00e0 +210\u00b0F)\nLogTag Analyzer affiche actuellement les \u00b0C ou les \u00b0F \u00e0 une d\u00e9cimale pr\u00e8s. La r\u00e9solution native est celle qui est stock\u00e9e dans le LogTag\u00ae <\/td>\n<\/tr>\n<tr>\n<td class=\"left-td\">Connectivit\u00e9 des sondes<\/td>\n<td>Jusqu'\u00e0 2<\/td>\n<\/tr>\n<tr>\n<td class=\"left-td\">Compatibilit\u00e9 des sondes<\/td>\n<td>Toutes les sondes externes \u00e0 thermistance de pr\u00e9cision ST100 peuvent \u00eatre connect\u00e9es de mani\u00e8re interchangeable \u00e0 l'UTRED30-16\n. Veuillez vous r\u00e9f\u00e9rer \u00e0 la section Accessoires pour les sondes externes compatibles. Diff\u00e9rents mod\u00e8les de sondes peuvent \u00eatre utilis\u00e9s pour chaque canal. Non compatible avec les capteurs ST10  <\/td>\n<\/tr>\n<tr>\n<td class=\"left-td\">Temps de r\u00e9action du capteur<\/td>\n<td>Typiquement moins de 2 minutes (T90) dans l'air en mouvement (1m\/s) pour le type ST100S<\/td>\n<\/tr>\n<tr>\n<td class=\"left-td\">Capacit\u00e9 d'enregistrement<\/td>\n<td>M\u00e9moire totale de 32 000 enregistrements. Fournit 16 000 relev\u00e9s de temp\u00e9rature par canal\nM\u00e9moire de statistiques sommaires journali\u00e8res (pour affichage sur l'\u00e9cran LCD) : jusqu'\u00e0 30 jours de statistiques Min\/Max\/dur\u00e9e et de d\u00e9clenchement d'alarme. <\/td>\n<\/tr>\n<tr>\n<td class=\"left-td\">Intervalle d'\u00e9chantillonnage<\/td>\n<td>Configurable de 30 secondes \u00e0 18 heures (typiquement 5 minutes d'enregistrement)<\/td>\n<\/tr>\n<tr>\n<td class=\"left-td\">Alarmes<\/td>\n<td>Jusqu'\u00e0 6 alarmes configurables individuellement pour chaque canal\nPossibilit\u00e9 de r\u00e9gler les alarmes s\u00e9par\u00e9ment pour le canal 1 et le canal 2<\/td>\n<\/tr>\n<tr>\n<td class=\"left-td\">Options de d\u00e9marrage de l'enregistrement<\/td>\n<td>D\u00e9marrage par bouton-poussoir ou par date et heure sp\u00e9cifiques. D\u00e9lai de d\u00e9marrage optionnel <\/td>\n<\/tr>\n<tr>\n<td class=\"left-td\">Temps de t\u00e9l\u00e9chargement<\/td>\n<td>G\u00e9n\u00e9ralement avec une m\u00e9moire compl\u00e8te (32 000 relev\u00e9s) en moins de 20 secondes<\/td>\n<\/tr>\n<tr>\n<td class=\"left-td\">Environnement<\/td>\n<td>IP61 (lorsque l'appareil est mont\u00e9 verticalement ou suspendu avec le capuchon anti-poussi\u00e8re USB en place)<\/td>\n<\/tr>\n<tr>\n<td class=\"left-td\">Source d'\u00e9nergie<\/td>\n<td>5V via la prise micro USB ou 2 piles AAA de 1,5V.\nPile CR2032 LiMnO2 (fonction d'enregistrement de secours uniquement) <\/td>\n<\/tr>\n<tr>\n<td class=\"left-td\">Dur\u00e9e de vie de la batterie<\/td>\n<td>Pile AAA jusqu'\u00e0 12 mois - si l'appareil est utilis\u00e9 sans alimentation \u00e9lectrique<\/td>\n<\/tr>\n<tr>\n<td class=\"left-td\">Horloge temps r\u00e9el<\/td>\n<td>Horloge temps r\u00e9el int\u00e9gr\u00e9e\nPr\u00e9cision typique \u00b125ppm @ 25\u00b0C (\u00e9quivalent \u00e0 2,5 secondes\/jour)\nLe coefficient de temp\u00e9rature nominal est de -0,034 \u00b10,006ppm\/\u00b0C (c'est-\u00e0-dire typiquement +\/- 0,00294 seconde\/jour\/\u00b0C).<\/td>\n<\/tr>\n<tr>\n<td class=\"left-td\">Interface de connexion<\/td>\n<td>Prise USB 2.0 \/ Micro USB<\/td>\n<\/tr>\n<tr>\n<td class=\"left-td\">Longueur standard du c\u00e2ble de la sonde \u00e0 distance<\/td>\n<td>Standard : 1,5m (4'11\")\nExtended : 3m (9'10\") (maximum recommand\u00e9)<\/td>\n<\/tr>\n<tr>\n<td class=\"left-td\">Type de c\u00e2ble de sonde \u00e0 distance<\/td>\n<td>Coaxial PTFE (class\u00e9 FDA pour le contact alimentaire)<\/td>\n<\/tr>\n<tr>\n<td class=\"left-td\">Taille<\/td>\n<td>141mm(H) x 72mm(L) x 18mm(T)<\/td>\n<\/tr>\n<tr>\n<td class=\"left-td\">Poids<\/td>\n<td>156g avec piles AAA, (132g - sans la sonde et les piles AAA)<\/td>\n<\/tr>\n<tr>\n<td class=\"left-td\">Mat\u00e9riau du bo\u00eetier<\/td>\n<td>Polycarbonate<\/td>\n<\/tr>\n<\/tbody>\n<\/table>"],"resources":["<img src=\"https:\/\/praxas.com\/wp-content\/uploads\/document-icon.png\" alt=\"Ic\u00f4ne de document\"><a href=\"https:\/\/praxas.com\/wp-content\/uploads\/LogTag_UTRED30-16_Brochure.pdf\">Brochure LogTag UTRED30-16R<\/a>\n\n<img src=\"https:\/\/praxas.com\/wp-content\/uploads\/document-icon.png\" alt=\"Ic\u00f4ne de document\"><a href=\"https:\/\/praxas.com\/wp-content\/uploads\/User-Guide-UTRED30-16.pdf\">Guide de d\u00e9marrage rapide LogTag UTRED30-16R<\/a>\n\n<img src=\"https:\/\/praxas.com\/wp-content\/uploads\/document-icon.png\" alt=\"Ic\u00f4ne de document\"><a href=\"https:\/\/praxas.com\/wp-content\/uploads\/UTRED30-16_Product_User_Guide.pdf\">Manuel d'utilisation du LogTag UTRED30-16R<\/a>\n\n\u00a0"],"accessories":["[products skus=\"Buffer Bottle,WBM-02\"]"],"_uag_page_assets":["a:9:{s:3:\"css\";s:0:\"\";s:2:\"js\";s:0:\"\";s:18:\"current_block_list\";a:0:{}s:8:\"uag_flag\";b:0;s:11:\"uag_version\";s:10:\"1775212209\";s:6:\"gfonts\";a:0:{}s:10:\"gfonts_url\";s:0:\"\";s:12:\"gfonts_files\";a:0:{}s:14:\"uag_faq_layout\";b:0;}"],"hubwoo_ecomm_invalid_pro":["yes"],"_max_variation_price":[""],"_max_variation_regular_price":[""],"_max_variation_sale_price":[""],"_min_variation_price":[""],"_min_variation_regular_price":[""],"_min_variation_sale_price":[""],"_regular_price":[""],"_sale_price":[""],"_wc_pb_base_regular_price":[""],"_wc_pb_base_sale_price":[""],"_wc_pb_base_price":[""],"_wc_sw_max_price":[""],"_wc_sw_max_regular_price":[""],"_wc_rating_count":[""]},"uagb_featured_image_src":{"full":["https:\/\/praxas.com\/wp-content\/uploads\/logtag-logtag-utred30-16r-temperature-logger-cdc-v-800px.jpg",800,463,false],"thumbnail":["https:\/\/praxas.com\/wp-content\/uploads\/logtag-logtag-utred30-16r-temperature-logger-cdc-v-800px-150x150.jpg",150,150,true],"medium":["https:\/\/praxas.com\/wp-content\/uploads\/logtag-logtag-utred30-16r-temperature-logger-cdc-v-800px-300x174.jpg",300,174,true],"medium_large":["https:\/\/praxas.com\/wp-content\/uploads\/logtag-logtag-utred30-16r-temperature-logger-cdc-v-800px-768x444.jpg",768,444,true],"large":["https:\/\/praxas.com\/wp-content\/uploads\/logtag-logtag-utred30-16r-temperature-logger-cdc-v-800px.jpg",800,463,false],"1536x1536":["https:\/\/praxas.com\/wp-content\/uploads\/logtag-logtag-utred30-16r-temperature-logger-cdc-v-800px.jpg",800,463,false],"2048x2048":["https:\/\/praxas.com\/wp-content\/uploads\/logtag-logtag-utred30-16r-temperature-logger-cdc-v-800px.jpg",800,463,false],"crunchify-admin-post-featured-image":["https:\/\/praxas.com\/wp-content\/uploads\/logtag-logtag-utred30-16r-temperature-logger-cdc-v-800px-120x69.jpg",120,69,true],"commercegurus-pdp-large":["https:\/\/praxas.com\/wp-content\/uploads\/logtag-logtag-utred30-16r-temperature-logger-cdc-v-800px.jpg",800,463,false],"commercegurus-plp-mobile":["https:\/\/praxas.com\/wp-content\/uploads\/logtag-logtag-utred30-16r-temperature-logger-cdc-v-800px-441x255.jpg",441,255,true],"cgkit_image_swatch":["https:\/\/praxas.com\/wp-content\/uploads\/logtag-logtag-utred30-16r-temperature-logger-cdc-v-800px-100x100.jpg",100,100,true],"woocommerce_thumbnail":["https:\/\/praxas.com\/wp-content\/uploads\/logtag-logtag-utred30-16r-temperature-logger-cdc-v-800px-350x203.jpg",350,203,true],"woocommerce_single":["https:\/\/praxas.com\/wp-content\/uploads\/logtag-logtag-utred30-16r-temperature-logger-cdc-v-800px.jpg",800,463,false],"woocommerce_gallery_thumbnail":["https:\/\/praxas.com\/wp-content\/uploads\/logtag-logtag-utred30-16r-temperature-logger-cdc-v-800px-150x87.jpg",150,87,true]},"uagb_author_info":{"display_name":"Beth Foord","author_link":"https:\/\/praxas.com\/fr\/author\/"},"uagb_comment_info":0,"uagb_excerpt":"Enregistreur de temp\u00e9rature CDC\/VFC De -40\u00b0C \u00e0 +99\u00b0C Grand \u00e9cran facile \u00e0 lire Alarme sonore et diodes \u00e9lectroluminescentes Connectivit\u00e9 des sondes Mesurez et stockez plus de 16 000 relev\u00e9s","_links":{"self":[{"href":"https:\/\/praxas.com\/fr\/wp-json\/wp\/v2\/product\/30201","targetHints":{"allow":["GET"]}}],"collection":[{"href":"https:\/\/praxas.com\/fr\/wp-json\/wp\/v2\/product"}],"about":[{"href":"https:\/\/praxas.com\/fr\/wp-json\/wp\/v2\/types\/product"}],"wp:featuredmedia":[{"embeddable":true,"href":"https:\/\/praxas.com\/fr\/wp-json\/wp\/v2\/media\/30202"}],"wp:attachment":[{"href":"https:\/\/praxas.com\/fr\/wp-json\/wp\/v2\/media?parent=30201"}],"wp:term":[{"taxonomy":"product_brand","embeddable":true,"href":"https:\/\/praxas.com\/fr\/wp-json\/wp\/v2\/product_brand?post=30201"},{"taxonomy":"product_cat","embeddable":true,"href":"https:\/\/praxas.com\/fr\/wp-json\/wp\/v2\/product_cat?post=30201"},{"taxonomy":"product_tag","embeddable":true,"href":"https:\/\/praxas.com\/fr\/wp-json\/wp\/v2\/product_tag?post=30201"}],"curies":[{"name":"wp","href":"https:\/\/api.w.org\/{rel}","templated":true}]}}