{"id":30246,"date":"2023-09-14T17:52:56","date_gmt":"2023-09-14T15:52:56","guid":{"rendered":"https:\/\/staging.praxas.com\/product\/non%20class\u00e9\/wa-pro-t\/"},"modified":"2025-10-08T18:11:24","modified_gmt":"2025-10-08T16:11:24","slug":"wa-pro-t","status":"publish","type":"product","link":"https:\/\/praxas.com\/fr\/product\/capteurs-dalerte-sans-fil\/temperature\/wa-pro-t\/","title":{"rendered":"WA-PRO-T"},"content":{"rendered":"<p>Le Wireless Alert PRO T est un capteur de temp\u00e9rature ambiante con\u00e7u pour alerter les utilisateurs lorsque les limites qu&rsquo;ils ont d\u00e9finies entre -20 et +60\u00b0C (-4 et 140\u00b0F) sont atteintes. L&rsquo;appareil d\u00e9clenche une notification qui peut \u00eatre envoy\u00e9e directement sur votre smartphone ou un courriel peut \u00eatre envoy\u00e9 \u00e0 une adresse s\u00e9lectionn\u00e9e par l&rsquo;utilisateur si vos limites de temp\u00e9rature sont d\u00e9pass\u00e9es.<\/p>\n<p>Alimentez cet appareil via sa prise USB-C et configurez-le dans l&rsquo;application gratuite FilesThruTheAir. Les options de configuration comprennent la connexion \u00e0 un r\u00e9seau WiFi, la s\u00e9lection des limites de temp\u00e9rature et les options de notification. Vous pouvez \u00e9galement programmer des rapports r\u00e9capitulatifs envoy\u00e9s par courrier \u00e9lectronique, comprenant les temp\u00e9ratures minimale, maximale et moyenne, l&rsquo;\u00e9tat de l&rsquo;alimentation, le nombre d&rsquo;alertes et la dur\u00e9e totale d&rsquo;une alerte. Un simple coup d&rsquo;\u0153il au tableau de bord de l&rsquo;application FilesThruTheAir vous permettra de conna\u00eetre l&rsquo;\u00e9tat de l&rsquo;alerte et les derniers relev\u00e9s de tous les appareils connect\u00e9s \u00e0 votre compte.<\/p>\n","protected":false},"excerpt":{"rendered":"<p>Alerte sans fil PRO T Capteur d&rsquo;alerte de limite de temp\u00e9rature ambiante<\/p>\n","protected":false},"featured_media":30247,"template":"","meta":{"_acf_changed":false,"content-type":"","_uag_custom_page_level_css":""},"product_brand":[],"product_cat":[1269],"product_tag":[1449,1231,1232,1227],"class_list":{"0":"post-30246","1":"product","2":"type-product","3":"status-publish","4":"has-post-thumbnail","6":"product_cat-temperature","7":"product_tag-alerte-sans-fil-pro","8":"product_tag-capteur-interne","9":"product_tag-ido","10":"product_tag-wifi-fr","12":"first","13":"instock","14":"taxable","15":"shipping-taxable","16":"purchasable","17":"product-type-simple"},"bundled_by":[],"bundle_stock_status":"instock","bundle_stock_quantity":97,"bundle_virtual":false,"bundle_layout":"","bundle_add_to_cart_form_location":"","bundle_editable_in_cart":false,"bundle_sold_individually_context":"","bundle_item_grouping":"","bundle_min_size":"","bundle_max_size":"","bundle_price":[],"bundled_items":[],"bundle_sell_ids":[],"acf":[],"spectra_custom_meta":{"_product_attributes":["a:2:{s:16:\"pa_product-brand\";a:6:{s:4:\"name\";s:16:\"pa_product-brand\";s:5:\"value\";s:0:\"\";s:8:\"position\";i:0;s:10:\"is_visible\";i:1;s:12:\"is_variation\";i:0;s:11:\"is_taxonomy\";i:1;}s:19:\"pa_product-features\";a:6:{s:4:\"name\";s:19:\"pa_product-features\";s:5:\"value\";s:0:\"\";s:8:\"position\";i:1;s:10:\"is_visible\";i:1;s:12:\"is_variation\";i:0;s:11:\"is_taxonomy\";i:1;}}"],"attr_label_translations":["a:1:{s:2:\"fr\";a:1:{s:5:\"brand\";s:6:\"Marque\";}}"],"_download_limit":["-1"],"_download_expiry":["-1"],"_downloadable":["no"],"_sku":["WA-PRO-T"],"_stock_status":["instock"],"_sold_individually":["no"],"_tax_class":[""],"_tax_status":["taxable"],"_virtual":["no"],"_weight":["0"],"_width":["0"],"_height":["0"],"_length":["0"],"total_sales":["4"],"_product_datasheet":["field_650ad7d6ea3a0"],"_connectivity":["field_64dce263bb57c","field_64dce263bb57c"],"brand":["EasyLog","EasyLog"],"_brand":["field_64ddf62ed2593","field_64ddf62ed2593"],"brand_image":[""],"_brand_image":["field_650c5e7c84cae"],"_specifications_table":["field_65044e1db92a8"],"_display_data_alarm":["field_667d647bcb066"],"_resources":["field_650849c6945ee"],"_accessories":["field_650849e6945f0","field_650849e6945f0"],"_faqs":["field_650859523d8d5"],"_calibration_suitable_ids_gb":["field_654b4c4acb54a"],"_calibration_suitable_ids_us":["field_654b4c56cb54b"],"_show_in_calibration_suitable":["field_654cfb691d345"],"_other_features":["field_668524f8c98a4"],"_shipping":["field_66852535c98a5"],"_refrigerant_cabinet":["field_66852557c98a6"],"_main_specifications":["field_66855b25b1245"],"_usd_price_4":["field_651570dcac479"],"_usd_price_9":["field_6515713eb4807"],"_usd_price_24":["field_65157141b4809"],"_usd_price_49":["field_65157140b4808"],"_usd_price_99":["field_6515715bb480a"],"_gbp_price_4":["field_6515716e83bfa"],"_gbp_price_9":["field_6515724783bfb"],"_gbp_price_24":["field_6515724b83bfc"],"_gbp_price_49":["field_6515725983bfd"],"_gbp_price_99":["field_6515725d83bfe"],"_usdhk_price_4":["field_6515726f83bff"],"_usdhk_price_9":["field_6515727c83c00"],"_usdhk_price_24":["field_6515728083c01"],"_usdhk_price_49":["field_6515728983c02"],"_usdhk_price_99":["field_6515728e83c03"],"stock_options":["Stock available in 8 weeks"],"_stock_options":["field_6544b605dc7f9"],"_top_nav_excluded":[""],"_cms_nav_minihome":[""],"calibration":[""],"wcml_sync_hash":["a:1:{s:15:\"postmeta_fields\";s:32:\"878766a67c6326a6c897d2a2f99e5e9b\";}"],"_thumbnail_id":["30247"],"_product_image_gallery":["30248,30249,30234"],"_crosssell_ids":["a:0:{}"],"_stock":["97.000000"],"connectivity":["USB","USB"],"_calibration":["field_66a0ddd599972"],"_last_translation_edit_mode":["translation-editor"],"_edit_lock":["1721835462:8383"],"classic-editor-remember":["classic-editor"],"rank_math_seo_score":["26"],"_edit_last":["8383"],"commercekit_gallery_layout":[""],"commercekit_disable_sticky_atc":["0"],"commercekit_wc_video_gallery":["a:0:{}"],"_rank_math_gtin_code":[""],"_wcml_average_rating":[null],"_wcml_review_count":[null],"_wcml_rating_count":[null],"_wc_average_rating":[0],"_wc_review_count":["0"],"_product_version":["9.1.2"],"display_data_alarm":[""],"faqs":[""],"calibration_suitable_ids_gb":[""],"calibration_suitable_ids_us":[""],"show_in_calibration_suitable":[""],"other_features":[""],"shipping":[""],"refrigerant_cabinet":[""],"main_specifications":[""],"shoptimizer_layout_pdp_short_description_position":["default"],"rank_math_primary_product_cat":["0"],"product_datasheet":["10502"],"_wpml_media_duplicate":["1"],"_wpml_media_featured":["1"],"_backorders":["no"],"_manage_stock":["no"],"_wpml_word_count":["203"],"_regular_price":["46.39"],"_price":["46.39"],"rank_math_title":["Wireless Alert PRO T | Capteurs de temp\u00e9rature ambiante | Praxas"],"rank_math_description":["Vous avez besoin d'alertes de temp\u00e9rature sans fil ? Si c'est le cas, la sonde de temp\u00e9rature PRO T de Wireless Alert est faite pour vous ! Con\u00e7u pour vous alerter en fonction des limites fix\u00e9es par l'utilisateur."],"rank_math_focus_keyword":["Alerte sans fil PRO T,WA-PRO-T"],"specifications_table":["<table class=\"specifications\">\n<tbody>\n<tr class=\"even-row\">\n<td class=\"left-td\">Plage de mesure<\/td>\n<td>De -20 \u00e0 +60\u00b0C (de -4 \u00e0 +140\u00b0F)<\/td>\n<\/tr>\n<tr class=\"odd-row\">\n<td class=\"left-td\">R\u00e9solution de la mesure<\/td>\n<td>0.1\u00b0C<\/td>\n<\/tr>\n<tr class=\"even-row\">\n<td class=\"left-td\">Pr\u00e9cision de la mesure<\/td>\n<td>\u00b10.5\u00b0C<\/td>\n<\/tr>\n<tr class=\"odd-row\">\n<td class=\"left-td\">Temp\u00e9rature de fonctionnement de l'appareil<\/td>\n<td>De -20 \u00e0 +60\u00b0C<\/td>\n<\/tr>\n<tr class=\"even-row\">\n<td class=\"left-td\">Niveaux d'alerte<\/td>\n<td>Configurables par l'utilisateur, dans la plage de mesure indiqu\u00e9e ci-dessus<\/td>\n<\/tr>\n<tr class=\"odd-row\">\n<td class=\"left-td\">Temps de r\u00e9ponse<\/td>\n<td>1 minute<\/td>\n<\/tr>\n<tr class=\"even-row\">\n<td class=\"left-td\">Alimentation<\/td>\n<td>USB-C 5V 1.0A<\/td>\n<\/tr>\n<tr class=\"odd-row\">\n<td class=\"left-td\">Dimensions du produit<\/td>\n<td>L 61 x L 29 x P 13 mm<\/td>\n<\/tr>\n<tr class=\"even-row\">\n<td class=\"left-td\">Longueur de la sonde<\/td>\n<td>La sonde d\u00e9passe de 13,5 mm le corps de l'appareil<\/td>\n<\/tr>\n<\/tbody>\n<\/table>"],"resources":["<ul class=\"resources-list\">\n \t<li><img src=\"https:\/\/praxas.com\/wp-content\/uploads\/document-icon.png\" alt=\"Ic\u00f4ne de document\"><a href=\"https:\/\/praxas.com\/wp-content\/uploads\/wireless-alert_pro_t_datasheet_issue_2_8-08-2022.pdf\" target=\"_blank\" rel=\"noopener\">Fiche technique Wireless Alert PRO T<\/a><\/li>\n \t<li><img src=\"https:\/\/praxas.com\/wp-content\/uploads\/document-icon.png\" alt=\"Ic\u00f4ne de document\">\n<a href=\"https:\/\/praxas.com\/wp-content\/uploads\/ftta-wireless-alert-pro-qsg-iss2.pdf\" target=\"_blank\" rel=\"noopener\">Guide de d\u00e9marrage rapide de Wireless Alert PRO<\/a><\/li>\n \t<li><img src=\"https:\/\/praxas.com\/wp-content\/uploads\/document-icon.png\" alt=\"Ic\u00f4ne de document\">\n<a href=\"https:\/\/praxas.com\/wp-content\/uploads\/wireless-alert-pro-declaration-of-conformity-iss-1.pdf\" target=\"_blank\" rel=\"noopener\">Wireless Alert PRO D\u00e9claration de conformit\u00e9<\/a><\/li>\n<\/ul>\n\u00a0"],"accessories":["[products skus=\"PSU USB-UK,PSU USB-EU\"]","[products skus=\"PSU USB-UK,PSU USB-EU\"]"],"usd_price_4":["0.00"],"usd_price_9":["0.00"],"usd_price_24":["0.00"],"usd_price_49":["0.00"],"usd_price_99":["0.00"],"gbp_price_4":["0.00"],"gbp_price_9":["0.00"],"gbp_price_24":["35.99"],"gbp_price_49":["0.00"],"gbp_price_99":["31.99"],"usdhk_price_4":["0.00"],"usdhk_price_9":["0.00"],"usdhk_price_24":["48.59"],"usdhk_price_49":["0.00"],"usdhk_price_99":["43.19"],"_uag_page_assets":["a:9:{s:3:\"css\";s:0:\"\";s:2:\"js\";s:0:\"\";s:18:\"current_block_list\";a:0:{}s:8:\"uag_flag\";b:0;s:11:\"uag_version\";s:10:\"1775212209\";s:6:\"gfonts\";a:0:{}s:10:\"gfonts_url\";s:0:\"\";s:12:\"gfonts_files\";a:0:{}s:14:\"uag_faq_layout\";b:0;}"],"hubwoo_ecomm_pro_id":["25272609652"],"_max_variation_price":[""],"_max_variation_regular_price":[""],"_max_variation_sale_price":[""],"_min_variation_price":[""],"_min_variation_regular_price":[""],"_min_variation_sale_price":[""],"_sale_price":[""],"_wc_pb_base_regular_price":[""],"_wc_pb_base_sale_price":[""],"_wc_pb_base_price":[""],"_wc_sw_max_price":[""],"_wc_sw_max_regular_price":[""],"_wc_rating_count":[""]},"uagb_featured_image_src":{"full":["https:\/\/praxas.com\/wp-content\/uploads\/Wireless-Alert-Pro-Green-Light-800x463-1.png",800,463,false],"thumbnail":["https:\/\/praxas.com\/wp-content\/uploads\/Wireless-Alert-Pro-Green-Light-800x463-1-150x150.png",150,150,true],"medium":["https:\/\/praxas.com\/wp-content\/uploads\/Wireless-Alert-Pro-Green-Light-800x463-1-300x174.png",300,174,true],"medium_large":["https:\/\/praxas.com\/wp-content\/uploads\/Wireless-Alert-Pro-Green-Light-800x463-1-768x444.png",768,444,true],"large":["https:\/\/praxas.com\/wp-content\/uploads\/Wireless-Alert-Pro-Green-Light-800x463-1.png",800,463,false],"1536x1536":["https:\/\/praxas.com\/wp-content\/uploads\/Wireless-Alert-Pro-Green-Light-800x463-1.png",800,463,false],"2048x2048":["https:\/\/praxas.com\/wp-content\/uploads\/Wireless-Alert-Pro-Green-Light-800x463-1.png",800,463,false],"crunchify-admin-post-featured-image":["https:\/\/praxas.com\/wp-content\/uploads\/Wireless-Alert-Pro-Green-Light-800x463-1-120x69.png",120,69,true],"commercegurus-pdp-large":["https:\/\/praxas.com\/wp-content\/uploads\/Wireless-Alert-Pro-Green-Light-800x463-1.png",800,463,false],"commercegurus-plp-mobile":["https:\/\/praxas.com\/wp-content\/uploads\/Wireless-Alert-Pro-Green-Light-800x463-1-441x255.png",441,255,true],"cgkit_image_swatch":["https:\/\/praxas.com\/wp-content\/uploads\/Wireless-Alert-Pro-Green-Light-800x463-1-100x100.png",100,100,true],"woocommerce_thumbnail":["https:\/\/praxas.com\/wp-content\/uploads\/Wireless-Alert-Pro-Green-Light-800x463-1-300x174.png",300,174,true],"woocommerce_single":["https:\/\/praxas.com\/wp-content\/uploads\/Wireless-Alert-Pro-Green-Light-800x463-1.png",800,463,false],"woocommerce_gallery_thumbnail":["https:\/\/praxas.com\/wp-content\/uploads\/Wireless-Alert-Pro-Green-Light-800x463-1-150x87.png",150,87,true]},"uagb_author_info":{"display_name":"AndyS","author_link":"https:\/\/praxas.com\/fr\/author\/"},"uagb_comment_info":0,"uagb_excerpt":"Alerte sans fil PRO T Capteur d'alerte de limite de temp\u00e9rature ambiante","_links":{"self":[{"href":"https:\/\/praxas.com\/fr\/wp-json\/wp\/v2\/product\/30246","targetHints":{"allow":["GET"]}}],"collection":[{"href":"https:\/\/praxas.com\/fr\/wp-json\/wp\/v2\/product"}],"about":[{"href":"https:\/\/praxas.com\/fr\/wp-json\/wp\/v2\/types\/product"}],"wp:featuredmedia":[{"embeddable":true,"href":"https:\/\/praxas.com\/fr\/wp-json\/wp\/v2\/media\/30247"}],"wp:attachment":[{"href":"https:\/\/praxas.com\/fr\/wp-json\/wp\/v2\/media?parent=30246"}],"wp:term":[{"taxonomy":"product_brand","embeddable":true,"href":"https:\/\/praxas.com\/fr\/wp-json\/wp\/v2\/product_brand?post=30246"},{"taxonomy":"product_cat","embeddable":true,"href":"https:\/\/praxas.com\/fr\/wp-json\/wp\/v2\/product_cat?post=30246"},{"taxonomy":"product_tag","embeddable":true,"href":"https:\/\/praxas.com\/fr\/wp-json\/wp\/v2\/product_tag?post=30246"}],"curies":[{"name":"wp","href":"https:\/\/api.w.org\/{rel}","templated":true}]}}