{"id":30287,"date":"2023-09-12T16:13:26","date_gmt":"2023-09-12T14:13:26","guid":{"rendered":"https:\/\/staging.praxas.com\/product\/non%20class\u00e9\/el-p-tc-t-ult-2\/"},"modified":"2025-10-08T17:57:33","modified_gmt":"2025-10-08T15:57:33","slug":"el-p-tc-t-ult-2","status":"publish","type":"product","link":"https:\/\/praxas.com\/fr\/product\/data-loggers-fr\/accessoires-fr\/el-p-tc-t-ult-2\/","title":{"rendered":"EL-P-TC-T-ULT"},"content":{"rendered":"<p>Le EL-P-TC-T-ULT est une sonde thermocouple de type T \u00e0 tr\u00e8s basse temp\u00e9rature pour le contr\u00f4le des vaccins cryog\u00e9niques. Cette sonde est livr\u00e9e avec un c\u00e2ble de 1m pour une utilisation avec tous les enregistreurs de donn\u00e9es EasyLog thermocouple ULT.<\/p>\n<p>Cette sonde fonctionne avec les produits suivants :<\/p>\n<div class=\"woocommerce columns-3 \">\n<ul class=\"products columns-3\">\n<li class=\"product type-product post-30505 status-publish first instock product_cat-enregistreurs-de-donnees-de-temperature product_tag-easylog-fr product_tag-sonde-externe product_tag-thermocouple-fr product_tag-ult-fr product_tag-usb-fr has-post-thumbnail taxable shipping-taxable purchasable product-type-simple\">\n\t<a href=\"https:\/\/praxas.com\/fr\/product\/data-loggers-fr\/enregistreurs-de-donnees-de-temperature\/el-usb-ult-2\/\" class=\"woocommerce-LoopProduct-link woocommerce-loop-product__link\"><\/p>\n<div class=\"product-inner\">\n<div class=\"product-content-catname\">Enregistreurs de donn\u00e9es de temp\u00e9rature<\/div>\n<div class=\"woocommerce-image__wrapper\"><a href=\"https:\/\/praxas.com\/fr\/product\/data-loggers-fr\/enregistreurs-de-donnees-de-temperature\/el-usb-ult-2\/\" title=\"EL-USB-ULT\" class=\"woocommerce-LoopProduct-link woocommerce-loop-product__link\"><img loading=\"lazy\" decoding=\"async\" width=\"300\" height=\"174\" src=\"https:\/\/praxas.com\/wp-content\/uploads\/EL-USB-ULT-300x174.png\" class=\"attachment-woocommerce_thumbnail size-woocommerce_thumbnail\" alt=\"EL-USB-ULT\" srcset=\"https:\/\/praxas.com\/wp-content\/uploads\/EL-USB-ULT-300x174.png 300w, https:\/\/praxas.com\/wp-content\/uploads\/EL-USB-ULT-768x444.png 768w, https:\/\/praxas.com\/wp-content\/uploads\/EL-USB-ULT-120x69.png 120w, https:\/\/praxas.com\/wp-content\/uploads\/EL-USB-ULT-441x255.png 441w, https:\/\/praxas.com\/wp-content\/uploads\/EL-USB-ULT-150x87.png 150w, https:\/\/praxas.com\/wp-content\/uploads\/EL-USB-ULT.png 800w\" sizes=\"auto, (max-width: 360px) 147px, (max-width: 300px) 100vw, 300px\" \/><br \/>\n\t<\/a><\/div>\n<div class=\"woocommerce-card__header\">\n<p class=\"product__categories\"><a href=\"https:\/\/praxas.com\/fr\/categorie-produit\/data-loggers-fr\/enregistreurs-de-donnees-de-temperature\/\" rel=\"tag\">Enregistreurs de donn\u00e9es de temp\u00e9rature<\/a><\/p>\n<div class=\"woocommerce-loop-product__title\"><a tabindex=\"0\" href=\"https:\/\/praxas.com\/fr\/product\/data-loggers-fr\/enregistreurs-de-donnees-de-temperature\/el-usb-ult-2\/\" aria-label=\"EL-USB-ULT\" class=\"woocommerce-LoopProduct-link woocommerce-loop-product__link\">EL-USB-ULT<\/a><\/div>\n<p>\t<span class=\"price\"><span class=\"woocommerce-Price-amount amount\"><bdi><span class=\"woocommerce-Price-currencySymbol\">&euro;<\/span>97,85<\/bdi><\/span> <small class=\"woocommerce-price-suffix\">ex. tax<\/small><\/span><\/p>\n<div class=\"card-short-description\">Enregistreur de donn\u00e9es de vaccins cryog\u00e9niques \u00e0 tr\u00e8s basse temp\u00e9rature<\/div>\n<p><\/a><a href=\"\/fr\/wp-json\/wp\/v2\/product\/30287?add-to-cart=30505\" aria-describedby=\"woocommerce_loop_add_to_cart_link_describedby_30505\" data-quantity=\"1\" class=\"button product_type_simple add_to_cart_button ajax_add_to_cart\" data-product_id=\"30505\" data-product_sku=\"EL-USB-ULT\" aria-label=\"Ajouter au panier\u00a0: &ldquo;EL-USB-ULT&rdquo;\" rel=\"nofollow\" data-success_message=\"\u00ab\u00a0EL-USB-ULT\u00a0\u00bb a \u00e9t\u00e9 ajout\u00e9 \u00e0 votre panier\" role=\"button\">Ajouter au panier<\/a>\t<span id=\"woocommerce_loop_add_to_cart_link_describedby_30505\" class=\"screen-reader-text\"><br \/>\n\t\t\t<\/span><br \/>\n<span class=\"gtm4wp_productdata\" style=\"display:none; visibility:hidden;\" data-gtm4wp_product_data=\"{&quot;internal_id&quot;:30505,&quot;item_id&quot;:30505,&quot;item_name&quot;:&quot;EL-USB-ULT&quot;,&quot;sku&quot;:&quot;EL-USB-ULT&quot;,&quot;price&quot;:97.85,&quot;stocklevel&quot;:13,&quot;stockstatus&quot;:&quot;instock&quot;,&quot;google_business_vertical&quot;:&quot;retail&quot;,&quot;item_category&quot;:&quot;Enregistreurs de donn\\u00e9es de temp\\u00e9rature&quot;,&quot;id&quot;:30505,&quot;productlink&quot;:&quot;https:\\\/\\\/praxas.com\\\/fr\\\/product\\\/data-loggers-fr\\\/enregistreurs-de-donnees-de-temperature\\\/el-usb-ult-2\\\/&quot;,&quot;item_list_name&quot;:&quot;Liste g\\u00e9n\\u00e9rale des produits&quot;,&quot;index&quot;:1,&quot;product_type&quot;:&quot;simple&quot;,&quot;item_brand&quot;:&quot;&quot;}\"><\/span><\/div>\n<div class=\"product-card-footer\"><\/div>\n<\/div>\n<\/li>\n<li class=\"product type-product post-30282 status-publish instock product_cat-enregistreurs-de-donnees-de-temperature product_tag-21cfr-fr product_tag-affichage product_tag-easylog-fr product_tag-ido product_tag-sonde-externe product_tag-thermocouple-fr product_tag-ult-fr product_tag-wifi-fr has-post-thumbnail taxable shipping-taxable purchasable product-type-simple\">\n\t<a href=\"https:\/\/praxas.com\/fr\/product\/data-loggers-fr\/enregistreurs-de-donnees-de-temperature\/el-wifi-21cfr-ult-2\/\" class=\"woocommerce-LoopProduct-link woocommerce-loop-product__link\"><\/p>\n<div class=\"product-inner\">\n<div class=\"product-content-catname\">Enregistreurs de donn\u00e9es de temp\u00e9rature<\/div>\n<div class=\"woocommerce-image__wrapper\"><a href=\"https:\/\/praxas.com\/fr\/product\/data-loggers-fr\/enregistreurs-de-donnees-de-temperature\/el-wifi-21cfr-ult-2\/\" title=\"EL-WiFi-21CFR-ULT\" class=\"woocommerce-LoopProduct-link woocommerce-loop-product__link\"><img loading=\"lazy\" decoding=\"async\" width=\"300\" height=\"173\" src=\"https:\/\/praxas.com\/wp-content\/uploads\/EL-WiFi-21CFR-ULT-300x173.png\" class=\"attachment-woocommerce_thumbnail size-woocommerce_thumbnail\" alt=\"EL-WiFi-21CFR-ULT\" srcset=\"https:\/\/praxas.com\/wp-content\/uploads\/EL-WiFi-21CFR-ULT-300x173.png 300w, https:\/\/praxas.com\/wp-content\/uploads\/EL-WiFi-21CFR-ULT-768x444.png 768w, https:\/\/praxas.com\/wp-content\/uploads\/EL-WiFi-21CFR-ULT-120x69.png 120w, https:\/\/praxas.com\/wp-content\/uploads\/EL-WiFi-21CFR-ULT-441x255.png 441w, https:\/\/praxas.com\/wp-content\/uploads\/EL-WiFi-21CFR-ULT-150x87.png 150w, https:\/\/praxas.com\/wp-content\/uploads\/EL-WiFi-21CFR-ULT.png 800w\" sizes=\"auto, (max-width: 360px) 147px, (max-width: 300px) 100vw, 300px\" \/><br \/>\n\t<\/a><\/div>\n<div class=\"woocommerce-card__header\">\n<p class=\"product__categories\"><a href=\"https:\/\/praxas.com\/fr\/categorie-produit\/data-loggers-fr\/enregistreurs-de-donnees-de-temperature\/\" rel=\"tag\">Enregistreurs de donn\u00e9es de temp\u00e9rature<\/a><\/p>\n<div class=\"woocommerce-loop-product__title\"><a tabindex=\"0\" href=\"https:\/\/praxas.com\/fr\/product\/data-loggers-fr\/enregistreurs-de-donnees-de-temperature\/el-wifi-21cfr-ult-2\/\" aria-label=\"EL-WiFi-21CFR-ULT\" class=\"woocommerce-LoopProduct-link woocommerce-loop-product__link\">EL-WiFi-21CFR-ULT<\/a><\/div>\n<p>\t<span class=\"price\"><span class=\"woocommerce-Price-amount amount\"><bdi><span class=\"woocommerce-Price-currencySymbol\">&euro;<\/span>227,90<\/bdi><\/span> <small class=\"woocommerce-price-suffix\">ex. tax<\/small><\/span><\/p>\n<div class=\"card-short-description\">Enregistreur de donn\u00e9es de vaccins cryog\u00e9niques WiFi conforme \u00e0 la norme 21CFR avec affichage<\/div>\n<p><\/a><a href=\"\/fr\/wp-json\/wp\/v2\/product\/30287?add-to-cart=30282\" aria-describedby=\"woocommerce_loop_add_to_cart_link_describedby_30282\" data-quantity=\"1\" class=\"button product_type_simple add_to_cart_button ajax_add_to_cart\" data-product_id=\"30282\" data-product_sku=\"EL-WiFi-21CFR-ULT\" aria-label=\"Ajouter au panier\u00a0: &ldquo;EL-WiFi-21CFR-ULT&rdquo;\" rel=\"nofollow\" data-success_message=\"\u00ab\u00a0EL-WiFi-21CFR-ULT\u00a0\u00bb a \u00e9t\u00e9 ajout\u00e9 \u00e0 votre panier\" role=\"button\">Ajouter au panier<\/a>\t<span id=\"woocommerce_loop_add_to_cart_link_describedby_30282\" class=\"screen-reader-text\"><br \/>\n\t\t\t<\/span><br \/>\n<span class=\"gtm4wp_productdata\" style=\"display:none; visibility:hidden;\" data-gtm4wp_product_data=\"{&quot;internal_id&quot;:30282,&quot;item_id&quot;:30282,&quot;item_name&quot;:&quot;EL-WiFi-21CFR-ULT&quot;,&quot;sku&quot;:&quot;EL-WiFi-21CFR-ULT&quot;,&quot;price&quot;:227.9,&quot;stocklevel&quot;:95,&quot;stockstatus&quot;:&quot;instock&quot;,&quot;google_business_vertical&quot;:&quot;retail&quot;,&quot;item_category&quot;:&quot;Surveillance des vaccins&quot;,&quot;id&quot;:30282,&quot;productlink&quot;:&quot;https:\\\/\\\/praxas.com\\\/fr\\\/product\\\/data-loggers-fr\\\/enregistreurs-de-donnees-de-temperature\\\/el-wifi-21cfr-ult-2\\\/&quot;,&quot;item_list_name&quot;:&quot;Liste g\\u00e9n\\u00e9rale des produits&quot;,&quot;index&quot;:2,&quot;product_type&quot;:&quot;simple&quot;,&quot;item_brand&quot;:&quot;&quot;}\"><\/span><\/div>\n<div class=\"product-card-footer\"><\/div>\n<\/div>\n<\/li>\n<li class=\"product type-product post-30533 status-publish last instock product_cat-enregistreurs-de-donnees-de-temperature product_tag-affichage product_tag-easylog-fr product_tag-easylog-cloud-fr product_tag-ido product_tag-sonde-externe product_tag-thermocouple-fr product_tag-ult-fr product_tag-wifi-fr has-post-thumbnail taxable shipping-taxable purchasable product-type-simple\">\n\t<a href=\"https:\/\/praxas.com\/fr\/product\/data-loggers-fr\/enregistreurs-de-donnees-de-temperature\/el-wifi-ult-2\/\" class=\"woocommerce-LoopProduct-link woocommerce-loop-product__link\"><\/p>\n<div class=\"product-inner\">\n<div class=\"product-content-catname\">Enregistreurs de donn\u00e9es de temp\u00e9rature<\/div>\n<div class=\"woocommerce-image__wrapper\"><a href=\"https:\/\/praxas.com\/fr\/product\/data-loggers-fr\/enregistreurs-de-donnees-de-temperature\/el-wifi-ult-2\/\" title=\"EL-WiFi-ULT\" class=\"woocommerce-LoopProduct-link woocommerce-loop-product__link\"><img loading=\"lazy\" decoding=\"async\" width=\"300\" height=\"173\" src=\"https:\/\/praxas.com\/wp-content\/uploads\/EL-WiFi-ULT-1-300x173.png\" class=\"attachment-woocommerce_thumbnail size-woocommerce_thumbnail\" alt=\"Enregistreur de donn\u00e9es \u00e0 tr\u00e8s basse temp\u00e9rature EL-WiFi-ULT\" srcset=\"https:\/\/praxas.com\/wp-content\/uploads\/EL-WiFi-ULT-1-300x173.png 300w, https:\/\/praxas.com\/wp-content\/uploads\/EL-WiFi-ULT-1-768x444.png 768w, https:\/\/praxas.com\/wp-content\/uploads\/EL-WiFi-ULT-1-120x69.png 120w, https:\/\/praxas.com\/wp-content\/uploads\/EL-WiFi-ULT-1-441x255.png 441w, https:\/\/praxas.com\/wp-content\/uploads\/EL-WiFi-ULT-1-150x87.png 150w, https:\/\/praxas.com\/wp-content\/uploads\/EL-WiFi-ULT-1.png 800w\" sizes=\"auto, (max-width: 360px) 147px, (max-width: 300px) 100vw, 300px\" \/><br \/>\n\t<\/a><\/div>\n<div class=\"woocommerce-card__header\">\n<p class=\"product__categories\"><a href=\"https:\/\/praxas.com\/fr\/categorie-produit\/data-loggers-fr\/enregistreurs-de-donnees-de-temperature\/\" rel=\"tag\">Enregistreurs de donn\u00e9es de temp\u00e9rature<\/a><\/p>\n<div class=\"woocommerce-loop-product__title\"><a tabindex=\"0\" href=\"https:\/\/praxas.com\/fr\/product\/data-loggers-fr\/enregistreurs-de-donnees-de-temperature\/el-wifi-ult-2\/\" aria-label=\"EL-WiFi-ULT\" class=\"woocommerce-LoopProduct-link woocommerce-loop-product__link\">EL-WiFi-ULT<\/a><\/div>\n<p>\t<span class=\"price\"><span class=\"woocommerce-Price-amount amount\"><bdi><span class=\"woocommerce-Price-currencySymbol\">&euro;<\/span>192,85<\/bdi><\/span> <small class=\"woocommerce-price-suffix\">ex. tax<\/small><\/span><\/p>\n<div class=\"card-short-description\">Enregistreur de donn\u00e9es de vaccins cryog\u00e9niques WiFi avec \u00e9cran<\/div>\n<p><\/a><a href=\"\/fr\/wp-json\/wp\/v2\/product\/30287?add-to-cart=30533\" aria-describedby=\"woocommerce_loop_add_to_cart_link_describedby_30533\" data-quantity=\"1\" class=\"button product_type_simple add_to_cart_button ajax_add_to_cart\" data-product_id=\"30533\" data-product_sku=\"EL-WiFi-ULT\" aria-label=\"Ajouter au panier\u00a0: &ldquo;EL-WiFi-ULT&rdquo;\" rel=\"nofollow\" data-success_message=\"\u00ab\u00a0EL-WiFi-ULT\u00a0\u00bb a \u00e9t\u00e9 ajout\u00e9 \u00e0 votre panier\" role=\"button\">Ajouter au panier<\/a>\t<span id=\"woocommerce_loop_add_to_cart_link_describedby_30533\" class=\"screen-reader-text\"><br \/>\n\t\t\t<\/span><br \/>\n<span class=\"gtm4wp_productdata\" style=\"display:none; visibility:hidden;\" data-gtm4wp_product_data=\"{&quot;internal_id&quot;:30533,&quot;item_id&quot;:30533,&quot;item_name&quot;:&quot;EL-WiFi-ULT&quot;,&quot;sku&quot;:&quot;EL-WiFi-ULT&quot;,&quot;price&quot;:192.85,&quot;stocklevel&quot;:15,&quot;stockstatus&quot;:&quot;instock&quot;,&quot;google_business_vertical&quot;:&quot;retail&quot;,&quot;item_category&quot;:&quot;Surveillance des vaccins&quot;,&quot;id&quot;:30533,&quot;productlink&quot;:&quot;https:\\\/\\\/praxas.com\\\/fr\\\/product\\\/data-loggers-fr\\\/enregistreurs-de-donnees-de-temperature\\\/el-wifi-ult-2\\\/&quot;,&quot;item_list_name&quot;:&quot;Liste g\\u00e9n\\u00e9rale des produits&quot;,&quot;index&quot;:3,&quot;product_type&quot;:&quot;simple&quot;,&quot;item_brand&quot;:&quot;&quot;}\"><\/span><\/div>\n<div class=\"product-card-footer\"><\/div>\n<\/div>\n<\/li>\n<\/ul>\n<\/div>\n","protected":false},"excerpt":{"rendered":"<p>Sonde thermocouple de type T<\/p>\n","protected":false},"featured_media":30288,"template":"","meta":{"_acf_changed":false,"content-type":"","_uag_custom_page_level_css":""},"product_brand":[],"product_cat":[1256],"product_tag":[1242,1240],"class_list":{"0":"post-30287","1":"product","2":"type-product","3":"status-publish","4":"has-post-thumbnail","6":"product_cat-accessoires-fr","7":"product_tag-thermocouple-fr","8":"product_tag-ult-fr","10":"first","11":"instock","12":"taxable","13":"shipping-taxable","14":"purchasable","15":"product-type-simple"},"bundled_by":[],"bundle_stock_status":"instock","bundle_stock_quantity":93,"bundle_virtual":false,"bundle_layout":"","bundle_add_to_cart_form_location":"","bundle_editable_in_cart":false,"bundle_sold_individually_context":"","bundle_item_grouping":"","bundle_min_size":"","bundle_max_size":"","bundle_price":[],"bundled_items":[],"bundle_sell_ids":[],"acf":[],"spectra_custom_meta":{"_wcml_average_rating":[null],"_wcml_review_count":[null],"_wcml_rating_count":[null],"_download_limit":["-1"],"_download_expiry":["-1"],"_downloadable":["no"],"_sku":["EL-P-TC-T-ULT"],"_stock_status":["instock"],"_sold_individually":["no"],"_tax_class":[""],"_tax_status":["taxable"],"_virtual":["no"],"_weight":["1"],"_width":["0"],"_height":["0"],"_length":["0"],"total_sales":["10"],"_product_datasheet":["field_650ad7d6ea3a0"],"connectivity":[""],"_connectivity":["field_64dce263bb57c"],"brand":["EasyLog"],"_brand":["field_64ddf62ed2593"],"brand_image":["10467"],"_brand_image":["field_650c5e7c84cae"],"_specifications_table":["field_65044e1db92a8"],"_display_data_alarm":["field_667d647bcb066"],"_resources":["field_650849c6945ee"],"_accessories":["field_650849e6945f0"],"_faqs":["field_650859523d8d5"],"_calibration_suitable_ids_gb":["field_654b4c4acb54a"],"_calibration_suitable_ids_us":["field_654b4c56cb54b"],"_show_in_calibration_suitable":["field_654cfb691d345"],"_other_features":["field_668524f8c98a4"],"_shipping":["field_66852535c98a5"],"_refrigerant_cabinet":["field_66852557c98a6"],"_main_specifications":["field_66855b25b1245"],"_usd_price_4":["field_651570dcac479"],"_usd_price_9":["field_6515713eb4807"],"_usd_price_24":["field_65157141b4809"],"_usd_price_49":["field_65157140b4808"],"_usd_price_99":["field_6515715bb480a"],"_gbp_price_4":["field_6515716e83bfa"],"_gbp_price_9":["field_6515724783bfb"],"_gbp_price_24":["field_6515724b83bfc"],"_gbp_price_49":["field_6515725983bfd"],"_gbp_price_99":["field_6515725d83bfe"],"_usdhk_price_4":["field_6515726f83bff"],"_usdhk_price_9":["field_6515727c83c00"],"_usdhk_price_24":["field_6515728083c01"],"_usdhk_price_49":["field_6515728983c02"],"_usdhk_price_99":["field_6515728e83c03"],"stock_options":["In stock"],"_stock_options":["field_6544b605dc7f9"],"_top_nav_excluded":[""],"_cms_nav_minihome":[""],"wcml_sync_hash":["a:1:{s:15:\"postmeta_fields\";s:32:\"337e133a5578064e46eef16f7a267756\";}"],"attr_label_translations":["a:0:{}"],"_product_attributes":["a:2:{s:16:\"pa_product-brand\";a:6:{s:4:\"name\";s:16:\"pa_product-brand\";s:5:\"value\";s:0:\"\";s:8:\"position\";i:0;s:10:\"is_visible\";i:1;s:12:\"is_variation\";i:0;s:11:\"is_taxonomy\";i:1;}s:19:\"pa_product-features\";a:6:{s:4:\"name\";s:19:\"pa_product-features\";s:5:\"value\";s:0:\"\";s:8:\"position\";i:1;s:10:\"is_visible\";i:1;s:12:\"is_variation\";i:0;s:11:\"is_taxonomy\";i:1;}}"],"_product_image_gallery":[""],"_thumbnail_id":["30288"],"_crosssell_ids":["a:0:{}"],"_stock":["93.000000"],"product_datasheet":[""],"_calibration":["field_66a0ddd599972"],"_last_translation_edit_mode":["translation-editor"],"_backorders":["no"],"_manage_stock":["no"],"_wpml_word_count":["60"],"min_temp":["-200"],"max_temp":["100"],"_min_temp":["field_67ea5eb4e0a77"],"_max_temp":["field_67ea5f81e0a79"],"rank_math_primary_product_cat":["0"],"_global_unique_id":["5056744400663"],"rank_math_title":["EL-P-TC-T-ULT | Sonde thermocouple cryog\u00e9nique en T | Praxas"],"rank_math_description":["La sonde EL-P-TC-T-ULT est une sonde thermocouple de type T \u00e0 tr\u00e8s basse temp\u00e9rature pour la surveillance des vaccins. Elle est livr\u00e9e avec un c\u00e2ble de 1 m pour une utilisation avec tous les enregistreurs EasyLog ULT."],"rank_math_focus_keyword":["EL-P-TC-T-ULT"],"specifications_table":["<table class=\"specifications\">\n<tbody>\n<tr class=\"even-row\">\n<td class=\"left-td\">Plage de mesure<\/td>\n<td>De -200 \u00e0 +100\u00b0C (de -148 \u00e0 +212\u00b0F)<\/td>\n<\/tr>\n<tr class=\"odd-row\">\n<td class=\"left-td\">Pr\u00e9cision<\/td>\n<td>+\/-2,5\u00b0C (4,5\u00b0F)<\/td>\n<\/tr>\n<tr class=\"even-row\">\n<td class=\"left-td\">Dimensions de l'appareil<\/td>\n<td>300 x \u00d83.0mm x 1m de c\u00e2ble (11.8 x \u00d80.06\" x 39.4\" c\u00e2ble)<\/td>\n<\/tr>\n<\/tbody>\n<\/table>"],"usd_price_4":["0.00"],"usd_price_9":["0.00"],"usd_price_24":["0.00"],"usd_price_49":["0.00"],"usd_price_99":["0.00"],"gbp_price_4":["0.00"],"gbp_price_9":["0.00"],"gbp_price_24":["24.29"],"gbp_price_49":["0.00"],"gbp_price_99":["21.59"],"usdhk_price_4":["0.00"],"usdhk_price_9":["0.00"],"usdhk_price_24":["32.39"],"usdhk_price_49":["0.00"],"usdhk_price_99":["28.79"],"_uag_page_assets":["a:9:{s:3:\"css\";s:0:\"\";s:2:\"js\";s:0:\"\";s:18:\"current_block_list\";a:0:{}s:8:\"uag_flag\";b:0;s:11:\"uag_version\";s:10:\"1775212209\";s:6:\"gfonts\";a:0:{}s:10:\"gfonts_url\";s:0:\"\";s:12:\"gfonts_files\";a:0:{}s:14:\"uag_faq_layout\";b:0;}"],"hubwoo_ecomm_pro_id":["25304237462"],"_regular_price":["35.65"],"_price":["35.65"],"_max_variation_price":[""],"_max_variation_regular_price":[""],"_max_variation_sale_price":[""],"_min_variation_price":[""],"_min_variation_regular_price":[""],"_min_variation_sale_price":[""],"_sale_price":[""],"_wc_pb_base_regular_price":[""],"_wc_pb_base_sale_price":[""],"_wc_pb_base_price":[""],"_wc_sw_max_price":[""],"_wc_sw_max_regular_price":[""],"_wc_rating_count":[""],"_wc_review_count":[""],"_wc_average_rating":[0]},"uagb_featured_image_src":{"full":["https:\/\/praxas.com\/wp-content\/uploads\/EL-P-TC-T-ULT.png",800,463,false],"thumbnail":["https:\/\/praxas.com\/wp-content\/uploads\/EL-P-TC-T-ULT-150x150.png",150,150,true],"medium":["https:\/\/praxas.com\/wp-content\/uploads\/EL-P-TC-T-ULT-300x174.png",300,174,true],"medium_large":["https:\/\/praxas.com\/wp-content\/uploads\/EL-P-TC-T-ULT-768x444.png",768,444,true],"large":["https:\/\/praxas.com\/wp-content\/uploads\/EL-P-TC-T-ULT.png",800,463,false],"1536x1536":["https:\/\/praxas.com\/wp-content\/uploads\/EL-P-TC-T-ULT.png",800,463,false],"2048x2048":["https:\/\/praxas.com\/wp-content\/uploads\/EL-P-TC-T-ULT.png",800,463,false],"crunchify-admin-post-featured-image":["https:\/\/praxas.com\/wp-content\/uploads\/EL-P-TC-T-ULT-120x69.png",120,69,true],"commercegurus-pdp-large":["https:\/\/praxas.com\/wp-content\/uploads\/EL-P-TC-T-ULT.png",800,463,false],"commercegurus-plp-mobile":["https:\/\/praxas.com\/wp-content\/uploads\/EL-P-TC-T-ULT-441x255.png",441,255,true],"cgkit_image_swatch":["https:\/\/praxas.com\/wp-content\/uploads\/EL-P-TC-T-ULT-100x100.png",100,100,true],"woocommerce_thumbnail":["https:\/\/praxas.com\/wp-content\/uploads\/EL-P-TC-T-ULT-300x174.png",300,174,true],"woocommerce_single":["https:\/\/praxas.com\/wp-content\/uploads\/EL-P-TC-T-ULT.png",800,463,false],"woocommerce_gallery_thumbnail":["https:\/\/praxas.com\/wp-content\/uploads\/EL-P-TC-T-ULT-150x87.png",150,87,true]},"uagb_author_info":{"display_name":"AndyS","author_link":"https:\/\/praxas.com\/fr\/author\/"},"uagb_comment_info":0,"uagb_excerpt":"Sonde thermocouple de type T","_links":{"self":[{"href":"https:\/\/praxas.com\/fr\/wp-json\/wp\/v2\/product\/30287","targetHints":{"allow":["GET"]}}],"collection":[{"href":"https:\/\/praxas.com\/fr\/wp-json\/wp\/v2\/product"}],"about":[{"href":"https:\/\/praxas.com\/fr\/wp-json\/wp\/v2\/types\/product"}],"wp:featuredmedia":[{"embeddable":true,"href":"https:\/\/praxas.com\/fr\/wp-json\/wp\/v2\/media\/30288"}],"wp:attachment":[{"href":"https:\/\/praxas.com\/fr\/wp-json\/wp\/v2\/media?parent=30287"}],"wp:term":[{"taxonomy":"product_brand","embeddable":true,"href":"https:\/\/praxas.com\/fr\/wp-json\/wp\/v2\/product_brand?post=30287"},{"taxonomy":"product_cat","embeddable":true,"href":"https:\/\/praxas.com\/fr\/wp-json\/wp\/v2\/product_cat?post=30287"},{"taxonomy":"product_tag","embeddable":true,"href":"https:\/\/praxas.com\/fr\/wp-json\/wp\/v2\/product_tag?post=30287"}],"curies":[{"name":"wp","href":"https:\/\/api.w.org\/{rel}","templated":true}]}}