{"id":30320,"date":"2023-07-27T03:22:00","date_gmt":"2023-07-27T01:22:00","guid":{"rendered":"https:\/\/staging.praxas.com\/product\/non%20class\u00e9\/sp-400-eb-w\/"},"modified":"2025-10-09T10:15:42","modified_gmt":"2025-10-09T08:15:42","slug":"sp-400-eb-w","status":"publish","type":"product","link":"https:\/\/praxas.com\/fr\/product\/uncategorized-fr\/sp-400-eb-w\/","title":{"rendered":"SP 400-EB-W"},"content":{"rendered":"<p>Ce compteur \u00e0 panneau ultra plat est dot\u00e9 d&rsquo;un \u00e9cran LCD noir de 3\u00bd chiffres et de chiffres blancs de 9,75 mm (0,38&Prime;). Avec une lecture \u00e0 pleine \u00e9chelle de 200mV d.c., un auto-z\u00e9ro et une auto-polarit\u00e9, ce compteur se branche directement sur une prise SIL \u00e0 9 voies et peut \u00eatre fix\u00e9 sur un panneau \u00e0 l&rsquo;aide du clip de fixation. La protection contre les \u00e9claboussures est assur\u00e9e par le montage du joint fourni. La SP 400-EB-W est une pi\u00e8ce \u00e9conomique et populaire, normalement stock\u00e9e en grande quantit\u00e9 et adapt\u00e9e aux nouvelles conceptions.<\/p>\n","protected":false},"excerpt":{"rendered":"<p>Voltm\u00e8tre LCD r\u00e9sistant aux \u00e9claboussures avec des chiffres blancs lumineux sur fond noir<\/p>\n","protected":false},"featured_media":30321,"template":"","meta":{"_acf_changed":false,"content-type":"","_uag_custom_page_level_css":""},"product_brand":[],"product_cat":[2645],"product_tag":[1252],"class_list":{"0":"post-30320","1":"product","2":"type-product","3":"status-publish","4":"has-post-thumbnail","6":"product_cat-uncategorized-fr","7":"product_tag-resistant-aux-eclaboussures","9":"first","10":"instock","11":"taxable","12":"shipping-taxable","13":"purchasable","14":"product-type-simple"},"bundled_by":[],"bundle_stock_status":"instock","bundle_stock_quantity":98,"bundle_virtual":false,"bundle_layout":"","bundle_add_to_cart_form_location":"","bundle_editable_in_cart":false,"bundle_sold_individually_context":"","bundle_item_grouping":"","bundle_min_size":"","bundle_max_size":"","bundle_price":[],"bundled_items":[],"bundle_sell_ids":[],"acf":[],"spectra_custom_meta":{"_wcml_average_rating":[null],"_wcml_review_count":[null],"_wcml_rating_count":[null],"_download_limit":["-1","-1"],"_download_expiry":["-1","-1"],"_downloadable":["no","no"],"_sku":["SP 400-EB-W","SP 400-EB-W"],"_stock_status":["instock","instock","instock","instock","instock","instock"],"_sold_individually":["no","no"],"_tax_class":["",""],"_tax_status":["taxable","taxable"],"_virtual":["no","no"],"_weight":["0.018"],"_width":["0"],"_height":["0"],"_length":["0"],"total_sales":["2","2"],"product_datasheet":["10485"],"_product_datasheet":["field_650ad7d6ea3a0"],"_connectivity":["field_64dce263bb57c"],"brand":["PanelPilot"],"_brand":["field_64ddf62ed2593"],"brand_image":["10474"],"_brand_image":["field_650c5e7c84cae"],"_specifications_table":["field_65044e1db92a8"],"_resources":["field_650849c6945ee"],"_accessories":["field_650849e6945f0"],"_faqs":["field_650859523d8d5"],"_calibration_suitable_ids_gb":["field_654b4c4acb54a"],"_calibration_suitable_ids_us":["field_654b4c56cb54b"],"_show_in_calibration_suitable":["field_654cfb691d345"],"_usd_price_4":["field_651570dcac479"],"_usd_price_9":["field_6515713eb4807"],"_usd_price_24":["field_65157141b4809"],"_usd_price_49":["field_65157140b4808"],"_usd_price_99":["field_6515715bb480a"],"_gbp_price_4":["field_6515716e83bfa"],"_gbp_price_9":["field_6515724783bfb"],"_gbp_price_24":["field_6515724b83bfc"],"_gbp_price_49":["field_6515725983bfd"],"_gbp_price_99":["field_6515725d83bfe"],"_usdhk_price_4":["field_6515726f83bff"],"_usdhk_price_9":["field_6515727c83c00"],"_usdhk_price_24":["field_6515728083c01"],"_usdhk_price_49":["field_6515728983c02"],"_usdhk_price_99":["field_6515728e83c03"],"stock_options":["In stock"],"_stock_options":["field_6544b605dc7f9"],"_top_nav_excluded":[""],"_cms_nav_minihome":[""],"wcml_sync_hash":["a:1:{s:15:\"postmeta_fields\";s:32:\"562c0eb0a483aca82436863e22096893\";}"],"attr_label_translations":["a:0:{}"],"_product_attributes":["a:1:{s:17:\"pa_product-family\";a:6:{s:4:\"name\";s:17:\"pa_product-family\";s:5:\"value\";s:0:\"\";s:8:\"position\";i:0;s:10:\"is_visible\";i:1;s:12:\"is_variation\";i:0;s:11:\"is_taxonomy\";i:1;}}"],"_product_image_gallery":["30322,30323"],"_thumbnail_id":["30321"],"_crosssell_ids":["a:0:{}"],"_stock":["98.000000"],"connectivity":[""],"_display_data_alarm":["field_667d647bcb066"],"_calibration":["field_66a0ddd599972"],"_shipping":["field_66852535c98a5"],"_refrigerant_cabinet":["field_66852557c98a6"],"_main_specifications":["field_66855b25b1245"],"_last_translation_edit_mode":["translation-editor"],"_backorders":["no","no"],"_manage_stock":["no","no"],"rank_math_primary_product_cat":["0"],"faqs":["<span class=\"ui-provider bge bgf bgd bgg bgh bgi bgj bgk bgl bgm bgn bgo bgp bgq bgr bgs bgt bgu bgv bgw bgx bgy bgz bha bhb bhc bhd bhe bhf bhg bhh bhi bhj bhk bhl\" dir=\"ltr\">[accordion]\n[accordion_header]J'ai quelques questions concernant l'application de mon instrument de tableau de bord. Existe-t-il un guide de candidature auquel je peux me r\u00e9f\u00e9rer ?[\/accordion_header]\n[accordion_section]Oui, veuillez consulter notre <strong><a href=\"\/wp-content\/uploads\/display_application_notes_iss_3-1.pdf\" target=\"_blank\" rel=\"noopener\">Guide d'application pour l'instrumentation de tableau<\/a><\/strong>[\/accordion_section]\n[\/accordion]<\/span>\n\n<a class=\"button button-secondary\" href=\"\/support\/panel-instruments\/\">Plus de soutien<\/a>"],"usd_price_4":["0.00"],"usd_price_9":["0.00"],"usd_price_24":["0.00"],"usd_price_49":["0.00"],"usd_price_99":["0.00"],"gbp_price_49":["0.00"],"gbp_price_99":["0.00"],"usdhk_price_49":["0.00"],"usdhk_price_99":["0.00"],"_wpml_word_count":["108"],"_other_features":[""],"min_temp":[""],"max_temp":[""],"_min_temp":[""],"_max_temp":[""],"_other_features_arctiko":[""],"rank_math_title":["SP 400-EB-W | Voltm\u00e8tre \u00e9tanche | Praxas"],"rank_math_description":["Le voltm\u00e8tre SP 400-EB-W fournit des mesures pr\u00e9cises de 200 mV c.c. sur un \u00e9cran LCD noir contrast\u00e9. C'est le choix id\u00e9al pour les professionnels \u00e0 la recherche d'une fonction et d'une forme."],"rank_math_focus_keyword":["SP 400-EB-W"],"specifications_table":["<table class=\"specifications\">\n<tbody>\n<tr class=\"even-row\">\n<td class=\"left-td\">Pr\u00e9cision (erreur globale)<\/td>\n<td>0,1 % (\u00b11 compte)<\/td>\n<\/tr>\n<tr class=\"odd-row\">\n<td class=\"left-td\">Temp\u00e9rature de fonctionnement<\/td>\n<td>0 \u00e0 50 \u00b0C (32 \u00e0 122 \u00b0F)<\/td>\n<\/tr>\n<tr class=\"even-row\">\n<td class=\"left-td\">Taux d'\u00e9chantillonnage<\/td>\n<td>2,5 \u00e9chantillons\/sec<\/td>\n<\/tr>\n<tr class=\"odd-row\">\n<td class=\"left-td\">Tension d'alimentation<\/td>\n<td>4,75 \u00e0 7,5 V c.c.<\/td>\n<\/tr>\n<tr class=\"even-row\">\n<td class=\"left-td\">Courant d'alimentation<\/td>\n<td>40 \/ 80 mA<\/td>\n<\/tr>\n<\/tbody>\n<\/table>"],"resources":["<ul class=\"resources-list\">\n \t<li><img src=\"https:\/\/praxas.com\/wp-content\/uploads\/document-icon.png\" alt=\"Ic\u00f4ne de document\"><a href=\"https:\/\/praxas.com\/wp-content\/uploads\/sp-400-eb-issue-4-12_2017.pdf\" target=\"_blank\" rel=\"noopener\">Fiche technique SP 400-EB-W<\/a><\/li>\n \t<li><img src=\"https:\/\/praxas.com\/wp-content\/uploads\/document-icon.png\" alt=\"Ic\u00f4ne de document\"><a href=\"https:\/\/praxas.com\/wp-content\/uploads\/declaration-of-conformity_panelmeters_iss3_30-06-2020.pdf\" target=\"_blank\" rel=\"noopener\">D\u00e9claration de conformit\u00e9<\/a><\/li>\n<\/ul>\n\u00a0"],"gbp_price_4":["26.87"],"gbp_price_9":["26.03"],"gbp_price_24":["25.19"],"usdhk_price_4":["36.47"],"usdhk_price_9":["35.33"],"usdhk_price_24":["34.19"],"_uag_page_assets":["a:9:{s:3:\"css\";s:0:\"\";s:2:\"js\";s:0:\"\";s:18:\"current_block_list\";a:0:{}s:8:\"uag_flag\";b:0;s:11:\"uag_version\";s:10:\"1775742760\";s:6:\"gfonts\";a:0:{}s:10:\"gfonts_url\";s:0:\"\";s:12:\"gfonts_files\";a:0:{}s:14:\"uag_faq_layout\";b:0;}"],"hubwoo_ecomm_pro_id":["25380314704"],"_regular_price":["36.9","36.9"],"_price":["36.9","36.9"],"_max_variation_price":[""],"_max_variation_regular_price":[""],"_max_variation_sale_price":[""],"_min_variation_price":[""],"_min_variation_regular_price":[""],"_min_variation_sale_price":[""],"_sale_price":[""],"_wc_pb_base_regular_price":[""],"_wc_pb_base_sale_price":[""],"_wc_pb_base_price":[""],"_wc_sw_max_price":[""],"_wc_sw_max_regular_price":[""],"_wc_rating_count":[""],"_wc_review_count":[""],"_wc_average_rating":[0]},"uagb_featured_image_src":{"full":["https:\/\/praxas.com\/wp-content\/uploads\/PanelPilot-Panel-Instruments-SP-400-EBW-Straight.png",800,463,false],"thumbnail":["https:\/\/praxas.com\/wp-content\/uploads\/PanelPilot-Panel-Instruments-SP-400-EBW-Straight-150x150.png",150,150,true],"medium":["https:\/\/praxas.com\/wp-content\/uploads\/PanelPilot-Panel-Instruments-SP-400-EBW-Straight-300x174.png",300,174,true],"medium_large":["https:\/\/praxas.com\/wp-content\/uploads\/PanelPilot-Panel-Instruments-SP-400-EBW-Straight-768x444.png",768,444,true],"large":["https:\/\/praxas.com\/wp-content\/uploads\/PanelPilot-Panel-Instruments-SP-400-EBW-Straight.png",800,463,false],"1536x1536":["https:\/\/praxas.com\/wp-content\/uploads\/PanelPilot-Panel-Instruments-SP-400-EBW-Straight.png",800,463,false],"2048x2048":["https:\/\/praxas.com\/wp-content\/uploads\/PanelPilot-Panel-Instruments-SP-400-EBW-Straight.png",800,463,false],"crunchify-admin-post-featured-image":["https:\/\/praxas.com\/wp-content\/uploads\/PanelPilot-Panel-Instruments-SP-400-EBW-Straight-120x69.png",120,69,true],"commercegurus-pdp-large":["https:\/\/praxas.com\/wp-content\/uploads\/PanelPilot-Panel-Instruments-SP-400-EBW-Straight.png",800,463,false],"commercegurus-plp-mobile":["https:\/\/praxas.com\/wp-content\/uploads\/PanelPilot-Panel-Instruments-SP-400-EBW-Straight-441x255.png",441,255,true],"cgkit_image_swatch":["https:\/\/praxas.com\/wp-content\/uploads\/PanelPilot-Panel-Instruments-SP-400-EBW-Straight-100x100.png",100,100,true],"woocommerce_thumbnail":["https:\/\/praxas.com\/wp-content\/uploads\/PanelPilot-Panel-Instruments-SP-400-EBW-Straight-300x174.png",300,174,true],"woocommerce_single":["https:\/\/praxas.com\/wp-content\/uploads\/PanelPilot-Panel-Instruments-SP-400-EBW-Straight.png",800,463,false],"woocommerce_gallery_thumbnail":["https:\/\/praxas.com\/wp-content\/uploads\/PanelPilot-Panel-Instruments-SP-400-EBW-Straight-150x87.png",150,87,true]},"uagb_author_info":{"display_name":"AndyS","author_link":"https:\/\/praxas.com\/fr\/author\/"},"uagb_comment_info":0,"uagb_excerpt":"Voltm\u00e8tre LCD r\u00e9sistant aux \u00e9claboussures avec des chiffres blancs lumineux sur fond noir","_links":{"self":[{"href":"https:\/\/praxas.com\/fr\/wp-json\/wp\/v2\/product\/30320","targetHints":{"allow":["GET"]}}],"collection":[{"href":"https:\/\/praxas.com\/fr\/wp-json\/wp\/v2\/product"}],"about":[{"href":"https:\/\/praxas.com\/fr\/wp-json\/wp\/v2\/types\/product"}],"wp:featuredmedia":[{"embeddable":true,"href":"https:\/\/praxas.com\/fr\/wp-json\/wp\/v2\/media\/30321"}],"wp:attachment":[{"href":"https:\/\/praxas.com\/fr\/wp-json\/wp\/v2\/media?parent=30320"}],"wp:term":[{"taxonomy":"product_brand","embeddable":true,"href":"https:\/\/praxas.com\/fr\/wp-json\/wp\/v2\/product_brand?post=30320"},{"taxonomy":"product_cat","embeddable":true,"href":"https:\/\/praxas.com\/fr\/wp-json\/wp\/v2\/product_cat?post=30320"},{"taxonomy":"product_tag","embeddable":true,"href":"https:\/\/praxas.com\/fr\/wp-json\/wp\/v2\/product_tag?post=30320"}],"curies":[{"name":"wp","href":"https:\/\/api.w.org\/{rel}","templated":true}]}}