{"id":30347,"date":"2023-07-27T03:21:00","date_gmt":"2023-07-27T01:21:00","guid":{"rendered":"https:\/\/staging.praxas.com\/product\/non%20class\u00e9\/sgd-43-a-dk\/"},"modified":"2025-09-01T15:43:55","modified_gmt":"2025-09-01T13:43:55","slug":"sgd-43-a-dk","status":"publish","type":"product","link":"https:\/\/praxas.com\/fr\/product\/uncategorized-fr\/sgd-43-a-dk\/","title":{"rendered":"SGD 43-A DK+"},"content":{"rendered":"<p>Le SGD 43-A DK+ est un kit de d\u00e9veloppement pour le <strong><br \/>\n<a href=\"\/product\/panelpilot-displays\/panelpilotace\/panelpilot-sgd-43-a\/\">SGD 43-A<\/a><br \/>\n<\/strong> pour le SGD 43-A. La carte de d\u00e9veloppement elle-m\u00eame comporte des commutateurs, des cadrans, des LED et des connexions \u00e0 bornes \u00e0 vis pour se connecter rapidement et tester toutes les fonctionnalit\u00e9s d&rsquo;entr\u00e9e\/sortie de l&rsquo;\u00e9cran PanelPilotACE.<\/p>\n<p>Le kit de d\u00e9veloppement, SGD 43-A-DK+, est le meilleur choix si vous commencez \u00e0 d\u00e9velopper sur la plate-forme PanelPilotACE. Il comprend tout ce dont vous avez besoin pour commencer : un SGD 43-A, une carte de d\u00e9veloppement et un c\u00e2ble USB. La carte fournit des commutateurs, des cadrans, des DEL et des connexions de bornes \u00e0 vis pour toutes les fonctionnalit\u00e9s d&rsquo;entr\u00e9e et de sortie de l&rsquo;appareil. <strong><br \/>\n<a href=\"\/product\/panelpilot-displays\/panelpilotace\/panelpilot-sgd-43-a\/\">SGD 43-A<\/a><br \/>\n<\/strong>.<\/p>\n<p><strong>PanelPilotACE Universit\u00e9<\/strong><\/p>\n<p>Le <a href=\"https:\/\/praxas.com\/fr\/panelpilotace-universite\/\"><br \/>\n<strong>PanelPilotACE University<\/strong><br \/>\n<\/a> dispose d&rsquo;une multitude de ressources pour rendre votre exp\u00e9rience de la programmation aussi rapide et efficace que possible. Des guides pratiques et des questions fr\u00e9quemment pos\u00e9es \u00e0 un nombre croissant de mod\u00e8les ACE pr\u00e9configur\u00e9s et \u00e0 une biblioth\u00e8que d&rsquo;ic\u00f4nes et de graphiques, visitez l&rsquo;Universit\u00e9 et rendez votre projet PanelPilotACE encore plus rapide.<\/p>\n","protected":false},"excerpt":{"rendered":"<p>Kit de d\u00e9veloppement pour le SGD 43-A<\/p>\n","protected":false},"featured_media":30348,"template":"","meta":{"_acf_changed":false,"content-type":"","_uag_custom_page_level_css":""},"product_brand":[],"product_cat":[2645],"product_tag":[],"class_list":{"0":"post-30347","1":"product","2":"type-product","3":"status-publish","4":"has-post-thumbnail","6":"product_cat-uncategorized-fr","8":"first","9":"instock","10":"taxable","11":"shipping-taxable","12":"purchasable","13":"product-type-simple"},"bundled_by":[],"bundle_stock_status":"instock","bundle_stock_quantity":null,"bundle_virtual":false,"bundle_layout":"","bundle_add_to_cart_form_location":"","bundle_editable_in_cart":false,"bundle_sold_individually_context":"","bundle_item_grouping":"","bundle_min_size":"","bundle_max_size":"","bundle_price":[],"bundled_items":[],"bundle_sell_ids":[],"acf":[],"spectra_custom_meta":{"_download_limit":["-1","-1"],"_download_expiry":["-1","-1"],"_downloadable":["no","no"],"_sku":["SGD 43-A DK+","SGD 43-A DK+"],"_stock_status":["instock","instock","instock","instock","instock","instock"],"_sold_individually":["no","no"],"_tax_class":["",""],"_tax_status":["taxable","taxable"],"_virtual":["no","no"],"_weight":["0.707"],"_width":["0"],"_height":["0"],"_length":["0","0"],"total_sales":["1","1"],"_product_datasheet":["field_650ad7d6ea3a0"],"_connectivity":["field_64dce263bb57c","field_64dce263bb57c"],"brand":["PanelPilot","PanelPilot"],"_brand":["field_64ddf62ed2593","field_64ddf62ed2593"],"_brand_image":["field_650c5e7c84cae"],"_specifications_table":["field_65044e1db92a8"],"_resources":["field_650849c6945ee"],"_accessories":["field_650849e6945f0","field_650849e6945f0"],"_faqs":["field_650859523d8d5"],"_calibration_suitable_ids_gb":["field_654b4c4acb54a"],"_calibration_suitable_ids_us":["field_654b4c56cb54b"],"_show_in_calibration_suitable":["field_654cfb691d345"],"_usd_price_4":["field_651570dcac479"],"_usd_price_9":["field_6515713eb4807"],"_usd_price_24":["field_65157141b4809"],"_usd_price_49":["field_65157140b4808"],"_usd_price_99":["field_6515715bb480a"],"_gbp_price_4":["field_6515716e83bfa"],"_gbp_price_9":["field_6515724783bfb"],"_gbp_price_24":["field_6515724b83bfc"],"_gbp_price_49":["field_6515725983bfd"],"_gbp_price_99":["field_6515725d83bfe"],"_usdhk_price_4":["field_6515726f83bff"],"_usdhk_price_9":["field_6515727c83c00"],"_usdhk_price_24":["field_6515728083c01"],"_usdhk_price_49":["field_6515728983c02"],"_usdhk_price_99":["field_6515728e83c03"],"stock_options":["In stock"],"_stock_options":["field_6544b605dc7f9"],"_top_nav_excluded":[""],"_cms_nav_minihome":[""],"rank_math_focus_keyword":["SGD 43-A DK+"],"wcml_sync_hash":["a:1:{s:15:\"postmeta_fields\";s:32:\"4433e68fe5f507c305e3e91f0e64ea7f\";}"],"attr_label_translations":["a:0:{}"],"_product_image_gallery":["30349,30350,30351,30352"],"_thumbnail_id":["30348"],"_crosssell_ids":["a:0:{}"],"_stock":[null],"connectivity":["",""],"_display_data_alarm":["field_667d647bcb066"],"_calibration":["field_66a0ddd599972"],"_shipping":["field_66852535c98a5"],"_refrigerant_cabinet":["field_66852557c98a6"],"_main_specifications":["field_66855b25b1245"],"_edit_lock":["1756734184:8383"],"classic-editor-remember":["classic-editor"],"rank_math_seo_score":["47"],"_edit_last":["8383"],"commercekit_gallery_layout":[""],"commercekit_disable_sticky_atc":["0"],"commercekit_wc_video_gallery":["a:0:{}"],"_rank_math_gtin_code":[""],"_wc_average_rating":[0],"_wc_review_count":["0"],"_product_version":["10.1.2"],"display_data_alarm":[""],"calibration":[""],"calibration_suitable_ids_gb":[""],"calibration_suitable_ids_us":[""],"show_in_calibration_suitable":[""],"other_features":[""],"shipping":[""],"refrigerant_cabinet":[""],"main_specifications":[""],"shoptimizer_layout_pdp_short_description_position":["default"],"product_datasheet":["10445"],"_wpml_media_duplicate":["1"],"_wpml_media_featured":["1"],"_last_translation_edit_mode":["native-editor"],"_backorders":["no","no"],"_manage_stock":["no","no"],"_wpml_word_count":["202"],"rank_math_primary_product_cat":["108","108"],"rank_math_title":["Kit de d\u00e9veloppement PanelPilot SGS 43-A DK+ %sep% %sitename%"],"rank_math_description":["Vous vous lancez dans le d\u00e9veloppement d'\u00e9crans ? Le SGD 43-A DK+ est un kit complet pour l'\u00e9cran SGD 43-A, avec des commutateurs, des cadrans, des LED et des connexions \u00e0 bornes \u00e0 vis."],"specifications_table":["<table class=\"specifications\">\r\n<tbody>\r\n<tr class=\"even-row\">\r\n<td class=\"left-td\">Entr\u00e9es analogiques<\/td>\r\n<td>x4<\/td>\r\n<\/tr>\r\n<tr class=\"odd-row\">\r\n<td class=\"left-td\">Entr\u00e9es\/sorties num\u00e9riques<\/td>\r\n<td>x8<\/td>\r\n<\/tr>\r\n<tr class=\"even-row\">\r\n<td class=\"left-td\">Sorties PWM<\/td>\r\n<td>x4<\/td>\r\n<\/tr>\r\n<tr class=\"odd-row\">\r\n<td class=\"left-td\">Sorties d'alarme<\/td>\r\n<td>x2<\/td>\r\n<\/tr>\r\n<tr class=\"even-row\">\r\n<td class=\"left-td\">Connexions de bus s\u00e9rie<\/td>\r\n<td>RS232 ET RS485<\/td>\r\n<\/tr>\r\n<tr class=\"odd-row\">\r\n<td class=\"left-td\">Tension d'alimentation<\/td>\r\n<td>5 \u00e0 30 V c.c.<\/td>\r\n<\/tr>\r\n<tr class=\"even-row\">\r\n<td class=\"left-td\">Dimensions ext\u00e9rieures<\/td>\r\n<td>181 mm (7.1\") x 147 mm (5.8\") x 64 mm (2.5\")<\/td>\r\n<\/tr>\r\n<\/tbody>\r\n<\/table>"],"resources":["<ul class=\"resources-list\">\r\n \t<li><img src=\"https:\/\/praxas.com\/wp-content\/uploads\/document-icon.png\" alt=\"Ic\u00f4ne de document\" \/><span class=\"mldTitle\">Fiche technique SGD 43-A DK+<\/span><\/li>\r\n \t<li><a href=\"https:\/\/praxas.com\/wp-content\/uploads\/panelpilot-panel-instruments-development-kits.pdf\" target=\"_blank\" rel=\"noopener\">Anglais<\/a><\/li>\r\n \t<li><a href=\"https:\/\/praxas.com\/wp-content\/uploads\/panelpilot-panel-instrument-sgd-43-a-dkplus_french.pdf\" target=\"_blank\" rel=\"noopener\">Fran\u00e7ais<\/a><\/li>\r\n \t<li><a href=\"https:\/\/praxas.com\/wp-content\/uploads\/panelpilot-panel-instrument-sgd-43-a-dkplus_german.pdf\" target=\"_blank\" rel=\"noopener\">Allemand<\/a><\/li>\r\n \t<li><a href=\"https:\/\/praxas.com\/wp-content\/uploads\/panelpilot-panel-instrument-sgd-43-a-dkplus_italian.pdf\" target=\"_blank\" rel=\"noopener\">Italien<\/a><\/li>\r\n \t<li><a href=\"https:\/\/praxas.com\/wp-content\/uploads\/panelpilot-panel-instrument-sgd-43-a-dkplus_japanese.pdf\" target=\"_blank\" rel=\"noopener\">Japonais<\/a><\/li>\r\n \t<li><a href=\"https:\/\/praxas.com\/wp-content\/uploads\/panelpilot-panel-instrument-sgd-43-a-dkplus_spanish.pdf\" target=\"_blank\" rel=\"noopener\">Espagnol<\/a><\/li>\r\n \t<li><a href=\"\/wp-content\/uploads\/panelpilot-panel-instrument-sgd-43-a-dkplus_s-chinese.pdf\" target=\"_blank\" rel=\"noopener\">Chinois (simplifi\u00e9)<\/a><\/li>\r\n \t<li><a href=\"https:\/\/praxas.com\/wp-content\/uploads\/panelpilot-panel-instrument-sgd-43-a-dkplus_t-chinese.pdf\" target=\"_blank\" rel=\"noopener\">Chinois (traditionnel)<\/a><\/li>\r\n \t<li><img src=\"https:\/\/praxas.com\/wp-content\/uploads\/software-icon.png\" alt=\"Ic\u00f4ne du logiciel\" \/><a href=\"https:\/\/praxas.com\/software\/panelpilot-software\/panelpilotace-design-studio\/\" target=\"_blank\" rel=\"noopener\">T\u00e9l\u00e9chargez le logiciel PanelPilotACE<\/a><\/li>\r\n \t<li><img src=\"https:\/\/praxas.com\/wp-content\/uploads\/document-icon.png\" alt=\"Ic\u00f4ne de document\" \/><a href=\"https:\/\/praxas.com\/wp-content\/uploads\/sgd-70-a-quickstart-guide-postcard-04_2018.pdf\" target=\"_blank\" rel=\"noopener\">SGD 43-A DK+ Guide de d\u00e9marrage rapide<\/a><\/li>\r\n \t<li><img src=\"https:\/\/praxas.com\/wp-content\/uploads\/document-icon.png\" alt=\"Ic\u00f4ne de document\" \/><a href=\"https:\/\/praxas.com\/wp-content\/uploads\/declaration-of-conformity_ppa-dev-kits_iss2_08-16.pdf\" target=\"_blank\" rel=\"noopener\">D\u00e9claration de conformit\u00e9<\/a><\/li>\r\n<\/ul>\r\n<a class=\"button button-secondary\" href=\"https:\/\/praxas.com\/support\/\">Plus de soutien<\/a>"],"accessories":["[products skus=\"SGD 43-A,S43-TP,S43-RS485\"]","[products skus=\"SGD 43-A,S43-TP,S43-RS485\"]"],"faqs":["<span class=\"ui-provider bge bgf bgd bgg bgh bgi bgj bgk bgl bgm bgn bgo bgp bgq bgr bgs bgt bgu bgv bgw bgx bgy bgz bha bhb bhc bhd bhe bhf bhg bhh bhi bhj bhk bhl\" dir=\"ltr\">[accordion]\r\n[accordion_header]Mon horloge est r\u00e9gl\u00e9e sur la mauvaise heure, comment puis-je r\u00e9gler l'horloge ?[\/accordion_header]\r\n[accordion_section]Ouvrez le studio de design Panel Pilot ACE et connectez votre appareil. Si votre appareil est correctement connect\u00e9, vous devriez pouvoir le s\u00e9lectionner dans la liste d\u00e9roulante des appareils en haut \u00e0 droite du studio. Cliquez sur le bouton situ\u00e9 \u00e0 droite de la s\u00e9lection de l'appareil, qui ressemble \u00e0 trois lignes blanches horizontales. Dans le menu d\u00e9roulant qui appara\u00eet, s\u00e9lectionnez \"Device Configuration\". Cochez ensuite la case \"R\u00e9gler l'horloge en temps r\u00e9el\" et assurez-vous que l'heure correcte est s\u00e9lectionn\u00e9e (+1 correspond \u00e0 GMT+1). Appuyez sur le bouton de configuration et l'application sera mise \u00e0 jour. [\/accordion_section]\r\n[\/accordion]<\/span>\r\n\r\n<span class=\"ui-provider bge bgf bgd bgg bgh bgi bgj bgk bgl bgm bgn bgo bgp bgq bgr bgs bgt bgu bgv bgw bgx bgy bgz bha bhb bhc bhd bhe bhf bhg bhh bhi bhj bhk bhl\" dir=\"ltr\">[accordion]\r\n[accordion_header]Pourquoi les capacit\u00e9s I\u00b2C et SPI du mat\u00e9riel ne sont-elles pas disponibles dans le logiciel ?[\/accordion_header]\r\n[accordion_section]Bien que la version actuelle du logiciel ne vous permette pas d'utiliser ces fonctions, notre \u00e9quipe logicielle s'emploie \u00e0 les ajouter. Cette fonctionnalit\u00e9 est notre priorit\u00e9 absolue et nous pr\u00e9voyons de la rendre disponible dans les prochains mois.[\/accordion_section]\r\n[\/accordion]<\/span>\r\n\r\n<a class=\"button button-secondary\" href=\"\/support\/panelpilotace\/\">Plus de soutien<\/a>"],"usd_price_4":["0.00"],"usd_price_9":["0.00"],"usd_price_24":["0.00"],"usd_price_49":["0.00"],"usd_price_99":["0.00"],"gbp_price_4":["0.00"],"gbp_price_9":["0.00"],"gbp_price_24":["0.00"],"gbp_price_49":["0.00"],"gbp_price_99":["0.00"],"usdhk_price_4":["0.00"],"usdhk_price_9":["0.00"],"usdhk_price_24":["0.00"],"usdhk_price_49":["0.00"],"usdhk_price_99":["0.00"],"min_temp":[""],"max_temp":[""],"_other_features_arctiko":[""],"rank_math_contentai_score":["a:5:{s:8:\"keywords\";s:5:\"74.51\";s:9:\"wordCount\";s:1:\"0\";s:9:\"linkCount\";s:1:\"0\";s:12:\"headingCount\";s:1:\"0\";s:10:\"mediaCount\";s:1:\"0\";}"],"_wcrq_show_quote":["yes"],"_wcrq_show_quote_description":["yes"],"_wcrq_hubspot_portal_id":[""],"_wcrq_hubspot_form_id":[""],"_wcrq_hide_purchase_options":["no"],"_wcml_average_rating":[null],"_wcml_review_count":[null],"_wcml_rating_count":[null],"_wc_gla_visibility":["sync-and-show"],"_wc_gla_sync_status":["pending"],"rank_math_primary_product_brand":["0"],"brand_image":["10474"],"_other_features":[""],"_min_temp":[""],"_max_temp":[""],"rank_math_analytic_object_id":["1258"],"_uag_page_assets":["a:9:{s:3:\"css\";s:0:\"\";s:2:\"js\";s:0:\"\";s:18:\"current_block_list\";a:0:{}s:8:\"uag_flag\";b:0;s:11:\"uag_version\";s:10:\"1775212209\";s:6:\"gfonts\";a:0:{}s:10:\"gfonts_url\";s:0:\"\";s:12:\"gfonts_files\";a:0:{}s:14:\"uag_faq_layout\";b:0;}"],"hubwoo_ecomm_pro_id":["25307430436"],"_regular_price":["449.8","449.8"],"_price":["449.8","449.8"],"_max_variation_price":[""],"_max_variation_regular_price":[""],"_max_variation_sale_price":[""],"_min_variation_price":[""],"_min_variation_regular_price":[""],"_min_variation_sale_price":[""],"_sale_price":[""],"_wc_pb_base_regular_price":[""],"_wc_pb_base_sale_price":[""],"_wc_pb_base_price":[""],"_wc_sw_max_price":[""],"_wc_sw_max_regular_price":[""],"_wc_rating_count":[""]},"uagb_featured_image_src":{"full":["https:\/\/praxas.com\/wp-content\/uploads\/SGD-43-A-DK_Flat.png",800,463,false],"thumbnail":["https:\/\/praxas.com\/wp-content\/uploads\/SGD-43-A-DK_Flat-150x150.png",150,150,true],"medium":["https:\/\/praxas.com\/wp-content\/uploads\/SGD-43-A-DK_Flat-300x174.png",300,174,true],"medium_large":["https:\/\/praxas.com\/wp-content\/uploads\/SGD-43-A-DK_Flat-768x444.png",768,444,true],"large":["https:\/\/praxas.com\/wp-content\/uploads\/SGD-43-A-DK_Flat.png",800,463,false],"1536x1536":["https:\/\/praxas.com\/wp-content\/uploads\/SGD-43-A-DK_Flat.png",800,463,false],"2048x2048":["https:\/\/praxas.com\/wp-content\/uploads\/SGD-43-A-DK_Flat.png",800,463,false],"crunchify-admin-post-featured-image":["https:\/\/praxas.com\/wp-content\/uploads\/SGD-43-A-DK_Flat-120x69.png",120,69,true],"commercegurus-pdp-large":["https:\/\/praxas.com\/wp-content\/uploads\/SGD-43-A-DK_Flat.png",800,463,false],"commercegurus-plp-mobile":["https:\/\/praxas.com\/wp-content\/uploads\/SGD-43-A-DK_Flat-441x255.png",441,255,true],"cgkit_image_swatch":["https:\/\/praxas.com\/wp-content\/uploads\/SGD-43-A-DK_Flat-100x100.png",100,100,true],"woocommerce_thumbnail":["https:\/\/praxas.com\/wp-content\/uploads\/SGD-43-A-DK_Flat-300x174.png",300,174,true],"woocommerce_single":["https:\/\/praxas.com\/wp-content\/uploads\/SGD-43-A-DK_Flat.png",800,463,false],"woocommerce_gallery_thumbnail":["https:\/\/praxas.com\/wp-content\/uploads\/SGD-43-A-DK_Flat-150x87.png",150,87,true]},"uagb_author_info":{"display_name":"AndyS","author_link":"https:\/\/praxas.com\/fr\/author\/"},"uagb_comment_info":0,"uagb_excerpt":"Kit de d\u00e9veloppement pour le SGD 43-A","_links":{"self":[{"href":"https:\/\/praxas.com\/fr\/wp-json\/wp\/v2\/product\/30347","targetHints":{"allow":["GET"]}}],"collection":[{"href":"https:\/\/praxas.com\/fr\/wp-json\/wp\/v2\/product"}],"about":[{"href":"https:\/\/praxas.com\/fr\/wp-json\/wp\/v2\/types\/product"}],"wp:featuredmedia":[{"embeddable":true,"href":"https:\/\/praxas.com\/fr\/wp-json\/wp\/v2\/media\/30348"}],"wp:attachment":[{"href":"https:\/\/praxas.com\/fr\/wp-json\/wp\/v2\/media?parent=30347"}],"wp:term":[{"taxonomy":"product_brand","embeddable":true,"href":"https:\/\/praxas.com\/fr\/wp-json\/wp\/v2\/product_brand?post=30347"},{"taxonomy":"product_cat","embeddable":true,"href":"https:\/\/praxas.com\/fr\/wp-json\/wp\/v2\/product_cat?post=30347"},{"taxonomy":"product_tag","embeddable":true,"href":"https:\/\/praxas.com\/fr\/wp-json\/wp\/v2\/product_tag?post=30347"}],"curies":[{"name":"wp","href":"https:\/\/api.w.org\/{rel}","templated":true}]}}