{"id":30362,"date":"2023-07-27T03:21:00","date_gmt":"2023-07-27T01:21:00","guid":{"rendered":"https:\/\/staging.praxas.com\/product\/non%20class\u00e9\/sgd-35-m420\/"},"modified":"2025-10-09T10:04:48","modified_gmt":"2025-10-09T08:04:48","slug":"sgd-35-m420","status":"publish","type":"product","link":"https:\/\/praxas.com\/fr\/product\/uncategorized-fr\/sgd-35-m420\/","title":{"rendered":"SGD 35-M420"},"content":{"rendered":"<p>Le SGD 35-M420 est un compteur de processus programmable dot\u00e9 d&rsquo;entr\u00e9es analogiques 4-20mA, de sorties d&rsquo;alarme et d&rsquo;un \u00e9cran tactile TFT couleur de 3,5 pouces. Configur\u00e9 \u00e0 l&rsquo;aide du logiciel gratuit <strong><br \/>\n  <a href=\"\/software\/panelpilot-software\/panelpilot-m\/\">PanelPilot M Software<\/a><br \/>\n<\/strong> pour Windows, vous pouvez choisir parmi un nombre croissant de configurations, y compris des graphiques \u00e0 barres, des graphiques de niveau de r\u00e9servoir, des graphiques analogiques et des graphiques de tendance. Personnalisez ensuite les couleurs, les \u00e9tiquettes de texte, les unit\u00e9s et l&rsquo;\u00e9chelle d&rsquo;entr\u00e9e avant de les t\u00e9l\u00e9charger sur un \u00e9cran via USB.<\/p>\n","protected":false},"excerpt":{"rendered":"<p>3.5&Prime; TFT programmable 4-20mA Loop Process Meter<\/p>\n","protected":false},"featured_media":30363,"template":"","meta":{"_acf_changed":false,"content-type":"","_uag_custom_page_level_css":""},"product_brand":[],"product_cat":[2645],"product_tag":[1228],"class_list":{"0":"post-30362","1":"product","2":"type-product","3":"status-publish","4":"has-post-thumbnail","6":"product_cat-uncategorized-fr","7":"product_tag-affichage","9":"first","10":"instock","11":"taxable","12":"shipping-taxable","13":"purchasable","14":"product-type-simple"},"bundled_by":[],"bundle_stock_status":"instock","bundle_stock_quantity":5,"bundle_virtual":false,"bundle_layout":"","bundle_add_to_cart_form_location":"","bundle_editable_in_cart":false,"bundle_sold_individually_context":"","bundle_item_grouping":"","bundle_min_size":"","bundle_max_size":"","bundle_price":[],"bundled_items":[],"bundle_sell_ids":[],"acf":[],"spectra_custom_meta":{"_download_limit":["-1","-1"],"_download_expiry":["-1","-1"],"_downloadable":["no","no"],"_sku":["SGD 35-M420","SGD 35-M420"],"_stock_status":["instock","instock","instock","instock","instock","instock","instock"],"_sold_individually":["no","no"],"_tax_class":["",""],"_tax_status":["taxable","taxable"],"_virtual":["no","no"],"_weight":["0.169"],"_width":["0"],"_height":["0"],"_length":["0"],"total_sales":["4","4"],"_product_datasheet":["field_650ad7d6ea3a0"],"connectivity":[""],"_connectivity":["field_64dce263bb57c"],"brand":["PanelPilot"],"_brand":["field_64ddf62ed2593"],"_brand_image":["field_650c5e7c84cae"],"_specifications_table":["field_65044e1db92a8"],"_display_data_alarm":["field_667d647bcb066"],"_resources":["field_650849c6945ee"],"_accessories":["field_650849e6945f0"],"_faqs":["field_650859523d8d5"],"_calibration_suitable_ids_gb":["field_654b4c4acb54a"],"_calibration_suitable_ids_us":["field_654b4c56cb54b"],"_show_in_calibration_suitable":["field_654cfb691d345"],"_shipping":["field_66852535c98a5"],"_refrigerant_cabinet":["field_66852557c98a6"],"_main_specifications":["field_66855b25b1245"],"_usd_price_4":["field_651570dcac479"],"_usd_price_9":["field_6515713eb4807"],"_usd_price_24":["field_65157141b4809"],"_usd_price_49":["field_65157140b4808"],"_usd_price_99":["field_6515715bb480a"],"_gbp_price_4":["field_6515716e83bfa"],"_gbp_price_9":["field_6515724783bfb"],"_gbp_price_24":["field_6515724b83bfc"],"_gbp_price_49":["field_6515725983bfd"],"_gbp_price_99":["field_6515725d83bfe"],"_usdhk_price_4":["field_6515726f83bff"],"_usdhk_price_9":["field_6515727c83c00"],"_usdhk_price_24":["field_6515728083c01"],"_usdhk_price_49":["field_6515728983c02"],"_usdhk_price_99":["field_6515728e83c03"],"stock_options":["In stock"],"_stock_options":["field_6544b605dc7f9"],"_top_nav_excluded":[""],"_cms_nav_minihome":[""],"wcml_sync_hash":["a:1:{s:15:\"postmeta_fields\";s:32:\"18ed681cf32cb1912b9b7e0950b97e05\";}"],"attr_label_translations":["a:0:{}"],"_product_image_gallery":["30364,30365,30366"],"_thumbnail_id":["30363"],"_crosssell_ids":["a:0:{}"],"_stock":["5.000000"],"_calibration":["field_66a0ddd599972"],"_edit_lock":["1721916782:8383"],"classic-editor-remember":["classic-editor"],"rank_math_seo_score":["84"],"_edit_last":["8383"],"commercekit_gallery_layout":[""],"commercekit_disable_sticky_atc":["0"],"commercekit_wc_video_gallery":["a:0:{}"],"_rank_math_gtin_code":[""],"_wcml_average_rating":[null],"_wcml_review_count":[null],"_wcml_rating_count":[null],"_wc_average_rating":[0],"_wc_review_count":["0"],"_product_version":["9.1.2"],"display_data_alarm":[""],"calibration":[""],"calibration_suitable_ids_gb":[""],"calibration_suitable_ids_us":[""],"show_in_calibration_suitable":[""],"other_features":[""],"shipping":[""],"refrigerant_cabinet":[""],"main_specifications":[""],"shoptimizer_layout_pdp_short_description_position":["default"],"rank_math_primary_product_cat":["0"],"product_datasheet":["10430"],"brand_image":["10474"],"_wpml_media_duplicate":["1"],"_wpml_media_featured":["1"],"_last_translation_edit_mode":["translation-editor"],"faqs":["<span class=\"ui-provider bge bgf bgd bgg bgh bgi bgj bgk bgl bgm bgn bgo bgp bgq bgr bgs bgt bgu bgv bgw bgx bgy bgz bha bhb bhc bhd bhe bhf bhg bhh bhi bhj bhk bhl\" dir=\"ltr\">[accordion]\n[accordion_header]Puis-je r\u00e9duire la luminosit\u00e9 de mon PanelPilot ?[\/accordion_header]\n[accordion_section]Oui. Utilisation du logiciel <strong><a href=\"\/software\/panelpilot-software\/panelpilot-m\/\">PanelPilot M<\/a><\/strong>il existe une option \u00e0 la fin de la phase de configuration pour s\u00e9lectionner la luminosit\u00e9 de l'\u00e9cran. Veuillez noter qu'une fois r\u00e9gl\u00e9e, il n'existe actuellement aucun moyen de r\u00e9gler la luminosit\u00e9 de l'\u00e9cran sans reconfigurer votre \u00e9cran.[\/accordion_section]\n[\/accordion]<\/span>\n\n<span class=\"ui-provider bge bgf bgd bgg bgh bgi bgj bgk bgl bgm bgn bgo bgp bgq bgr bgs bgt bgu bgv bgw bgx bgy bgz bha bhb bhc bhd bhe bhf bhg bhh bhi bhj bhk bhl\" dir=\"ltr\">[accordion]\n[accordion_header]Puis-je ajouter le logo de mon entreprise sur le pr\u00e9sentoir ?[\/accordion_header]\n[accordion_section]Oui. Lors de la configuration de votre compteur \u00e0 l'aide du logiciel <a href=\"\/software\/panelpilot-software\/panelpilot-m\/\">\n  <strong>PanelPilot M,<\/strong>\n<\/a> la derni\u00e8re \u00e9tape de configuration vous demandera si vous souhaitez ou non ajouter un logo d'entreprise \u00e0 l'\u00e9cran. Si vous choisissez cette option, le logo de la soci\u00e9t\u00e9 sera pr\u00e9sent sur l'\u00e9cran pendant les premi\u00e8res secondes de la mise sous tension de l'\u00e9cran.[\/accordion_section]\n[\/accordion]<\/span>\n\n<a class=\"button button-secondary\" href=\"\/support\/panelpilotm\/\">Plus de soutien<\/a>"],"usd_price_4":["0.00"],"usd_price_9":["0.00"],"usd_price_24":["0.00"],"usd_price_49":["0.00"],"usd_price_99":["0.00"],"gbp_price_49":["0.00"],"gbp_price_99":["0.00"],"usdhk_price_49":["0.00"],"usdhk_price_99":["0.00"],"_wpml_word_count":["106"],"_other_features":[""],"_backorders":["no","no"],"_manage_stock":["no","no"],"min_temp":[""],"max_temp":[""],"_min_temp":[""],"_max_temp":[""],"_other_features_arctiko":[""],"rank_math_title":["SGD 35-M420 | 3.5\" Programmable 4-20mA Loop Process Meter"],"rank_math_description":["Le PanelPilot SGD 35-M420 est un compteur de processus programmable 4-20mA avec des entr\u00e9es analogiques 4-20mA, des sorties d'alarme et un \u00e9cran tactile couleur TFT de 3,5\"."],"rank_math_focus_keyword":["SGD 35-M420"],"specifications_table":["<table class=\"specifications\">\n<tbody>\n<tr class=\"even-row\">\n<td class=\"left-td\">\u00c9cran<\/td>\n<td>\u00c9cran TFT couleur de 3,5 pouces<\/td>\n<\/tr>\n<tr class=\"odd-row\">\n<td class=\"left-td\">R\u00e9solution<\/td>\n<td>320 x 240 pixels (QVGA)<\/td>\n<\/tr>\n<tr class=\"even-row\">\n<td class=\"left-td\">Tension de fonctionnement<\/td>\n<td>4 \u00e0 30V d.c.<\/td>\n<\/tr>\n<tr class=\"odd-row\">\n<td class=\"left-td\">Plage de mesure<\/td>\n<td>4 \u00e0 20mA<\/td>\n<\/tr>\n<tr class=\"even-row\">\n<td class=\"left-td\">Zone de visualisation<\/td>\n<td>70,1 mm (2,8 \u00ab ) x 52,7 mm (2,1 \u00bb)<\/td>\n<\/tr>\n<\/tbody>\n<\/table>"],"resources":["<ul class=\"resources-list\">\n \t<li><img src=\"https:\/\/praxas.com\/wp-content\/uploads\/document-icon.png\" alt=\"Ic\u00f4ne de document\"><span class=\"mldTitle\">Fiche technique SGD 35-M420<\/span><\/li>\n \t<li><a href=\"https:\/\/praxas.com\/wp-content\/uploads\/panelpilot-panel-instrument-sgd-35-m420_iss3_04-18.pdf\" target=\"_blank\" rel=\"noopener\">Anglais<\/a><\/li>\n \t<li><a href=\"https:\/\/praxas.com\/wp-content\/uploads\/panelpilot-panel-instrument-sgd-35-m420_french_iss4_03-22.pdf\" target=\"_blank\" rel=\"noopener\">Fran\u00e7ais<\/a><\/li>\n \t<li><a href=\"https:\/\/praxas.com\/wp-content\/uploads\/sgd-35-m420_ger_iss3_10-18.pdf\" target=\"_blank\" rel=\"noopener\">Allemand<\/a><\/li>\n \t<li><a href=\"https:\/\/praxas.com\/wp-content\/uploads\/sgd-35-m420_it_iss4_03-22.pdf\" target=\"_blank\" rel=\"noopener\">Italien<\/a><\/li>\n \t<li><a href=\"https:\/\/praxas.com\/wp-content\/uploads\/sgd-35-m420_jap_iss3_03-22.pdf\" target=\"_blank\" rel=\"noopener\">Japonais<\/a><\/li>\n \t<li><a href=\"https:\/\/praxas.com\/wp-content\/uploads\/sgd-35-m420_sp_iss2_09-18.pdf\" target=\"_blank\" rel=\"noopener\">Espagnol<\/a><\/li>\n \t<li><a href=\"https:\/\/praxas.com\/wp-content\/uploads\/sgd-35-m420_chi-simp_iss2_09-18.pdf\" target=\"_blank\" rel=\"noopener\">Chinois (simplifi\u00e9)<\/a><\/li>\n \t<li><a href=\"https:\/\/praxas.com\/wp-content\/uploads\/sgd-35-m420_chi-trad_iss2_09-18.pdf\" target=\"_blank\" rel=\"noopener\">Chinois (traditionnel)<\/a><\/li>\n \t<li><img src=\"https:\/\/praxas.com\/wp-content\/uploads\/software-icon.png\" alt=\"Ic\u00f4ne du logiciel\"><a href=\"https:\/\/praxas.com\/software\/panelpilot-software\/panelpilot-m\/\" target=\"_blank\" rel=\"noopener\">Logiciel PanelPilot M<\/a><\/li>\n \t<li><img src=\"https:\/\/praxas.com\/wp-content\/uploads\/document-icon.png\" alt=\"Ic\u00f4ne de document\"><a href=\"https:\/\/praxas.com\/wp-content\/uploads\/panelpilotm-qsg-issue-2.pdf\" target=\"_blank\" rel=\"noopener\">Guide de d\u00e9marrage rapide du SGD 35-M420<\/a><\/li>\n \t<li><img src=\"https:\/\/praxas.com\/wp-content\/uploads\/document-icon.png\" alt=\"Ic\u00f4ne de document\"><a href=\"https:\/\/praxas.com\/wp-content\/uploads\/declaration-of-conformity_sgd_iss6.pdf\" target=\"_blank\" rel=\"noopener\">D\u00e9claration de conformit\u00e9<\/a><\/li>\n<\/ul>\n<a class=\"button button-secondary\" href=\"https:\/\/praxas.com\/support\/\">Plus de soutien<\/a>"],"accessories":["[products skus=\"CABLE USB A-MF\"]"],"gbp_price_4":["95.99"],"gbp_price_9":["92.99"],"gbp_price_24":["89.99"],"usdhk_price_4":["129.59"],"usdhk_price_9":["125.54"],"usdhk_price_24":["121.49"],"_uag_page_assets":["a:9:{s:3:\"css\";s:0:\"\";s:2:\"js\";s:0:\"\";s:18:\"current_block_list\";a:0:{}s:8:\"uag_flag\";b:0;s:11:\"uag_version\";s:10:\"1775212209\";s:6:\"gfonts\";a:0:{}s:10:\"gfonts_url\";s:0:\"\";s:12:\"gfonts_files\";a:0:{}s:14:\"uag_faq_layout\";b:0;}"],"hubwoo_ecomm_pro_id":["25278858632"],"_regular_price":["130.4","130.4"],"_price":["130.4","130.4"],"_max_variation_price":[""],"_max_variation_regular_price":[""],"_max_variation_sale_price":[""],"_min_variation_price":[""],"_min_variation_regular_price":[""],"_min_variation_sale_price":[""],"_sale_price":[""],"_wc_pb_base_regular_price":[""],"_wc_pb_base_sale_price":[""],"_wc_pb_base_price":[""],"_wc_sw_max_price":[""],"_wc_sw_max_regular_price":[""],"_wc_rating_count":[""]},"uagb_featured_image_src":{"full":["https:\/\/praxas.com\/wp-content\/uploads\/SGD-35-M-Front-2-1.png",800,463,false],"thumbnail":["https:\/\/praxas.com\/wp-content\/uploads\/SGD-35-M-Front-2-1-150x150.png",150,150,true],"medium":["https:\/\/praxas.com\/wp-content\/uploads\/SGD-35-M-Front-2-1-300x174.png",300,174,true],"medium_large":["https:\/\/praxas.com\/wp-content\/uploads\/SGD-35-M-Front-2-1-768x444.png",768,444,true],"large":["https:\/\/praxas.com\/wp-content\/uploads\/SGD-35-M-Front-2-1.png",800,463,false],"1536x1536":["https:\/\/praxas.com\/wp-content\/uploads\/SGD-35-M-Front-2-1.png",800,463,false],"2048x2048":["https:\/\/praxas.com\/wp-content\/uploads\/SGD-35-M-Front-2-1.png",800,463,false],"crunchify-admin-post-featured-image":["https:\/\/praxas.com\/wp-content\/uploads\/SGD-35-M-Front-2-1-120x69.png",120,69,true],"commercegurus-pdp-large":["https:\/\/praxas.com\/wp-content\/uploads\/SGD-35-M-Front-2-1.png",800,463,false],"commercegurus-plp-mobile":["https:\/\/praxas.com\/wp-content\/uploads\/SGD-35-M-Front-2-1-441x255.png",441,255,true],"cgkit_image_swatch":["https:\/\/praxas.com\/wp-content\/uploads\/SGD-35-M-Front-2-1-100x100.png",100,100,true],"woocommerce_thumbnail":["https:\/\/praxas.com\/wp-content\/uploads\/SGD-35-M-Front-2-1-300x174.png",300,174,true],"woocommerce_single":["https:\/\/praxas.com\/wp-content\/uploads\/SGD-35-M-Front-2-1.png",800,463,false],"woocommerce_gallery_thumbnail":["https:\/\/praxas.com\/wp-content\/uploads\/SGD-35-M-Front-2-1-150x87.png",150,87,true]},"uagb_author_info":{"display_name":"AndyS","author_link":"https:\/\/praxas.com\/fr\/author\/"},"uagb_comment_info":0,"uagb_excerpt":"3.5\" TFT programmable 4-20mA Loop Process Meter","_links":{"self":[{"href":"https:\/\/praxas.com\/fr\/wp-json\/wp\/v2\/product\/30362","targetHints":{"allow":["GET"]}}],"collection":[{"href":"https:\/\/praxas.com\/fr\/wp-json\/wp\/v2\/product"}],"about":[{"href":"https:\/\/praxas.com\/fr\/wp-json\/wp\/v2\/types\/product"}],"wp:featuredmedia":[{"embeddable":true,"href":"https:\/\/praxas.com\/fr\/wp-json\/wp\/v2\/media\/30363"}],"wp:attachment":[{"href":"https:\/\/praxas.com\/fr\/wp-json\/wp\/v2\/media?parent=30362"}],"wp:term":[{"taxonomy":"product_brand","embeddable":true,"href":"https:\/\/praxas.com\/fr\/wp-json\/wp\/v2\/product_brand?post=30362"},{"taxonomy":"product_cat","embeddable":true,"href":"https:\/\/praxas.com\/fr\/wp-json\/wp\/v2\/product_cat?post=30362"},{"taxonomy":"product_tag","embeddable":true,"href":"https:\/\/praxas.com\/fr\/wp-json\/wp\/v2\/product_tag?post=30362"}],"curies":[{"name":"wp","href":"https:\/\/api.w.org\/{rel}","templated":true}]}}