{"id":30368,"date":"2023-07-27T03:21:00","date_gmt":"2023-07-27T01:21:00","guid":{"rendered":"https:\/\/staging.praxas.com\/product\/non%20class\u00e9\/sgd-28-m\/"},"modified":"2025-09-01T16:30:32","modified_gmt":"2025-09-01T14:30:32","slug":"sgd-28-m","status":"publish","type":"product","link":"https:\/\/praxas.com\/fr\/product\/uncategorized-fr\/sgd-28-m\/","title":{"rendered":"SGD 28-M"},"content":{"rendered":"<p>Le SGD 28-M est un compteur \u00e0 \u00e9cran couleur programmable offrant les caract\u00e9ristiques suivantes :<\/p>\n<ul>\n<li>\u00c9cran tactile couleur TFT de 2,8 pouces.<\/li>\n<li>Facile \u00e0 configurer \u00e0 l&rsquo;aide du logiciel gratuit PanelPilot M pour Windows.<\/li>\n<li>Choisissez parmi une large gamme de mod\u00e8les de compteurs pr\u00eats \u00e0 l&#8217;emploi, y compris le graphique \u00e0 barres, le niveau de r\u00e9servoir, le style analogique et les graphiques de tendance.<\/li>\n<li>Personnalisez les couleurs, les \u00e9tiquettes de texte, les unit\u00e9s, la mise \u00e0 l&rsquo;\u00e9chelle des entr\u00e9es et l&rsquo;image de l&rsquo;\u00e9cran d&rsquo;accueil avant de les t\u00e9l\u00e9charger sur un \u00e9cran via USB.<\/li>\n<li>Solution simple de montage sur panneau avec kit de fixation inclus.<\/li>\n<\/ul>\n<p>Si vous avez besoin d&rsquo;un voltm\u00e8tre \u00e0 affichage couleur personnalisable, le SGD 28-M est id\u00e9al.<\/p>\n","protected":false},"excerpt":{"rendered":"<p>Compteur \u00e0 \u00e9cran TFT programmable de 2,8 pouces<\/p>\n","protected":false},"featured_media":30369,"template":"","meta":{"_acf_changed":false,"content-type":"","_uag_custom_page_level_css":""},"product_brand":[],"product_cat":[2645],"product_tag":[1228],"class_list":{"0":"post-30368","1":"product","2":"type-product","3":"status-publish","4":"has-post-thumbnail","6":"product_cat-uncategorized-fr","7":"product_tag-affichage","9":"first","10":"instock","11":"taxable","12":"shipping-taxable","13":"purchasable","14":"product-type-simple"},"bundled_by":[],"bundle_stock_status":"instock","bundle_stock_quantity":null,"bundle_virtual":false,"bundle_layout":"","bundle_add_to_cart_form_location":"","bundle_editable_in_cart":false,"bundle_sold_individually_context":"","bundle_item_grouping":"","bundle_min_size":"","bundle_max_size":"","bundle_price":[],"bundled_items":[],"bundle_sell_ids":[],"acf":[],"spectra_custom_meta":{"_download_limit":["-1","-1"],"_download_expiry":["-1","-1"],"_downloadable":["no","no"],"_sku":["SGD 28-M","SGD 28-M"],"_stock_status":["instock","instock","instock","instock","instock","instock","instock","instock","instock"],"_sold_individually":["no","no"],"_tax_class":["",""],"_tax_status":["taxable","taxable"],"_virtual":["no","no"],"_weight":["0.112"],"_width":["0"],"_height":["0"],"_length":["0"],"total_sales":["5","5"],"_product_datasheet":["field_650ad7d6ea3a0"],"_connectivity":["field_64dce263bb57c"],"brand":["PanelPilot"],"_brand":["field_64ddf62ed2593"],"_brand_image":["field_650c5e7c84cae"],"_specifications_table":["field_65044e1db92a8"],"_resources":["field_650849c6945ee"],"_accessories":["field_650849e6945f0"],"_faqs":["field_650859523d8d5"],"_calibration_suitable_ids_gb":["field_654b4c4acb54a"],"_calibration_suitable_ids_us":["field_654b4c56cb54b"],"_show_in_calibration_suitable":["field_654cfb691d345"],"_usd_price_4":["field_651570dcac479"],"_usd_price_9":["field_6515713eb4807"],"_usd_price_24":["field_65157141b4809"],"_usd_price_49":["field_65157140b4808"],"_usd_price_99":["field_6515715bb480a"],"_gbp_price_4":["field_6515716e83bfa"],"_gbp_price_9":["field_6515724783bfb"],"_gbp_price_24":["field_6515724b83bfc"],"_gbp_price_49":["field_6515725983bfd"],"_gbp_price_99":["field_6515725d83bfe"],"_usdhk_price_4":["field_6515726f83bff"],"_usdhk_price_9":["field_6515727c83c00"],"_usdhk_price_24":["field_6515728083c01"],"_usdhk_price_49":["field_6515728983c02"],"_usdhk_price_99":["field_6515728e83c03"],"stock_options":["In stock"],"_stock_options":["field_6544b605dc7f9"],"_top_nav_excluded":[""],"_cms_nav_minihome":[""],"wcml_sync_hash":["a:1:{s:15:\"postmeta_fields\";s:32:\"e2d8ec0bed94c2225ab2b58025c3bef8\";}"],"attr_label_translations":["a:0:{}"],"_product_image_gallery":["30370,30371,30372"],"_thumbnail_id":["30369"],"_crosssell_ids":["a:0:{}"],"_stock":[null],"connectivity":[""],"_display_data_alarm":["field_667d647bcb066"],"_calibration":["field_66a0ddd599972"],"_shipping":["field_66852535c98a5"],"_refrigerant_cabinet":["field_66852557c98a6"],"_main_specifications":["field_66855b25b1245"],"_edit_lock":["1756736941:8383"],"classic-editor-remember":["classic-editor"],"rank_math_seo_score":["93"],"_edit_last":["8383"],"commercekit_gallery_layout":[""],"commercekit_disable_sticky_atc":["0"],"commercekit_wc_video_gallery":["a:0:{}"],"_rank_math_gtin_code":[""],"_wc_average_rating":[0],"_wc_review_count":["0"],"_product_version":["10.1.2"],"display_data_alarm":[""],"calibration":[""],"calibration_suitable_ids_gb":[""],"calibration_suitable_ids_us":[""],"show_in_calibration_suitable":[""],"other_features":[""],"shipping":[""],"refrigerant_cabinet":[""],"main_specifications":[""],"shoptimizer_layout_pdp_short_description_position":["default"],"rank_math_primary_product_cat":["0"],"product_datasheet":["10425"],"_wpml_media_duplicate":["1"],"_wpml_media_featured":["1"],"_last_translation_edit_mode":["native-editor"],"faqs":[""],"usd_price_4":["0.00"],"usd_price_9":["0.00"],"usd_price_24":["0.00"],"usd_price_49":["0.00"],"usd_price_99":["0.00"],"gbp_price_4":["0.00"],"gbp_price_49":["0.00"],"gbp_price_99":["0.00"],"usdhk_price_49":["0.00"],"usdhk_price_99":["0.00"],"_wpml_word_count":["136"],"_backorders":["no","no"],"_manage_stock":["no","no"],"min_temp":[""],"max_temp":[""],"_other_features_arctiko":[""],"_other_features":["field_686fa2aa98dce"],"_min_temp":["field_67ea5eb4e0a77"],"_max_temp":["field_67ea5f81e0a79"],"rank_math_title":["SGD 28-M | Compteur \u00e0 \u00e9cran tactile couleur programmable de 2,8 pouces"],"rank_math_description":["Vous avez besoin d'un panneau d'affichage personnalis\u00e9 ? Le SGD 28-M offre un \u00e9cran tactile TFT de 2,8 pouces, une configuration facile, plusieurs styles et est personnalisable avec le logiciel PanelPilot M."],"rank_math_focus_keyword":["SGD 28-M"],"specifications_table":["<table class=\"specifications\">\r\n<tbody>\r\n<tr class=\"even-row\">\r\n<td class=\"left-td\">\u00c9cran<\/td>\r\n<td>\u00c9cran TFT couleur de 2,8 pouces<\/td>\r\n<\/tr>\r\n<tr class=\"odd-row\">\r\n<td class=\"left-td\">R\u00e9solution<\/td>\r\n<td>320 x 240 pixels (QVGA)<\/td>\r\n<\/tr>\r\n<tr class=\"even-row\">\r\n<td class=\"left-td\">Tension de fonctionnement<\/td>\r\n<td>4 \u00e0 30V d.c.<\/td>\r\n<\/tr>\r\n<tr class=\"odd-row\">\r\n<td class=\"left-td\">Plage de mesure<\/td>\r\n<td>0 \u00e0 40V d.c.<\/td>\r\n<\/tr>\r\n<tr class=\"even-row\">\r\n<td class=\"left-td\">Zone de visualisation<\/td>\r\n<td>57,6 mm (2,27 \u00ab ) x 43,2 mm (1,7 \u00bb)<\/td>\r\n<\/tr>\r\n<\/tbody>\r\n<\/table>"],"resources":["<ul class=\"resources-list\">\r\n \t<li><img src=\"https:\/\/praxas.com\/wp-content\/uploads\/document-icon.png\" alt=\"Ic\u00f4ne de document\" \/><span class=\"mldTitle\">Fiche technique SGD 28-M<\/span><\/li>\r\n \t<li><a href=\"https:\/\/praxas.com\/wp-content\/uploads\/panelpilot-panel-instument-sgd-28-m_iss8_09-19.pdf\" target=\"_blank\" rel=\"noopener\">Anglais<\/a><\/li>\r\n \t<li><a href=\"https:\/\/praxas.com\/wp-content\/uploads\/panelpilot-panel-instrument-sgd-28-m_french_iss9_03-22.pdf\" target=\"_blank\" rel=\"noopener\">Fran\u00e7ais<\/a><\/li>\r\n \t<li><a href=\"https:\/\/praxas.com\/wp-content\/uploads\/sgd-28-m_ger_iss9_03-22.pdf\" target=\"_blank\" rel=\"noopener\">Allemand<\/a><\/li>\r\n \t<li><a href=\"https:\/\/praxas.com\/wp-content\/uploads\/sgd-28-m_it_iss9_03-22.pdf\" target=\"_blank\" rel=\"noopener\">Italien<\/a><\/li>\r\n \t<li><a href=\"https:\/\/praxas.com\/wp-content\/uploads\/sgd-28-m_jap_iss7_03-22.pdf\" target=\"_blank\" rel=\"noopener\">Japonais<\/a><\/li>\r\n \t<li><a href=\"https:\/\/praxas.com\/wp-content\/uploads\/sgd-28-m_sp_iss7_10-19-pending.pdf\" target=\"_blank\" rel=\"noopener\">Espagnol<\/a><\/li>\r\n \t<li><a href=\"https:\/\/praxas.com\/wp-content\/uploads\/sgd-28-m_chi-simp_iss6_09-18.pdf\" target=\"_blank\" rel=\"noopener\">Chinois (simplifi\u00e9)<\/a><\/li>\r\n \t<li><a href=\"https:\/\/praxas.com\/wp-content\/uploads\/sgd-28-m_chi-trad_iss6_09-18.pdf\" target=\"_blank\" rel=\"noopener\">Chinois (traditionnel)<\/a><\/li>\r\n \t<li><img src=\"https:\/\/praxas.com\/wp-content\/uploads\/document-icon.png\" alt=\"Ic\u00f4ne de document\" \/><a href=\"https:\/\/praxas.com\/wp-content\/uploads\/panelpilotm-qsg-issue-2.pdf\" target=\"_blank\" rel=\"noopener\">Guide de d\u00e9marrage rapide du SGD 28-M<\/a><\/li>\r\n \t<li><img src=\"https:\/\/praxas.com\/wp-content\/uploads\/document-icon.png\" alt=\"Ic\u00f4ne de document\" \/><a href=\"https:\/\/praxas.com\/wp-content\/uploads\/declaration-of-conformity_sgd_iss6.pdf\" target=\"_blank\" rel=\"noopener\">D\u00e9claration de conformit\u00e9<\/a><\/li>\r\n<\/ul>"],"accessories":["[products skus=\"CABLE USB A-MF,SGD ADPT-TC,SGD ADPT-420\"]"],"gbp_price_9":["74.39"],"gbp_price_24":["71.99"],"usdhk_price_4":["101.75"],"usdhk_price_9":["98.57"],"usdhk_price_24":["95.39"],"rank_math_contentai_score":["a:5:{s:8:\"keywords\";s:5:\"74.51\";s:9:\"wordCount\";s:1:\"0\";s:9:\"linkCount\";s:1:\"0\";s:12:\"headingCount\";s:1:\"0\";s:10:\"mediaCount\";s:1:\"0\";}"],"_wcrq_show_quote":["yes"],"_wcrq_show_quote_description":["yes"],"_wcrq_hubspot_portal_id":[""],"_wcrq_hubspot_form_id":[""],"_wcrq_hide_purchase_options":["no"],"_wcml_average_rating":[null],"_wcml_review_count":[null],"_wcml_rating_count":[null],"_wc_gla_visibility":["sync-and-show"],"_wc_gla_sync_status":["pending"],"rank_math_primary_product_brand":["0"],"brand_image":["10474"],"rank_math_analytic_object_id":["1272"],"_uag_page_assets":["a:9:{s:3:\"css\";s:0:\"\";s:2:\"js\";s:0:\"\";s:18:\"current_block_list\";a:0:{}s:8:\"uag_flag\";b:0;s:11:\"uag_version\";s:10:\"1775212209\";s:6:\"gfonts\";a:0:{}s:10:\"gfonts_url\";s:0:\"\";s:12:\"gfonts_files\";a:0:{}s:14:\"uag_faq_layout\";b:0;}"],"hubwoo_ecomm_pro_id":["25269193313"],"_regular_price":["104.65","104.65"],"_price":["104.65","104.65"],"_max_variation_price":[""],"_max_variation_regular_price":[""],"_max_variation_sale_price":[""],"_min_variation_price":[""],"_min_variation_regular_price":[""],"_min_variation_sale_price":[""],"_sale_price":[""],"_wc_pb_base_regular_price":[""],"_wc_pb_base_sale_price":[""],"_wc_pb_base_price":[""],"_wc_sw_max_price":[""],"_wc_sw_max_regular_price":[""],"_wc_rating_count":[""]},"uagb_featured_image_src":{"full":["https:\/\/praxas.com\/wp-content\/uploads\/SGD-28-M_Flat_No-Reflection-Straight.png",800,463,false],"thumbnail":["https:\/\/praxas.com\/wp-content\/uploads\/SGD-28-M_Flat_No-Reflection-Straight-150x150.png",150,150,true],"medium":["https:\/\/praxas.com\/wp-content\/uploads\/SGD-28-M_Flat_No-Reflection-Straight-300x174.png",300,174,true],"medium_large":["https:\/\/praxas.com\/wp-content\/uploads\/SGD-28-M_Flat_No-Reflection-Straight-768x444.png",768,444,true],"large":["https:\/\/praxas.com\/wp-content\/uploads\/SGD-28-M_Flat_No-Reflection-Straight.png",800,463,false],"1536x1536":["https:\/\/praxas.com\/wp-content\/uploads\/SGD-28-M_Flat_No-Reflection-Straight.png",800,463,false],"2048x2048":["https:\/\/praxas.com\/wp-content\/uploads\/SGD-28-M_Flat_No-Reflection-Straight.png",800,463,false],"crunchify-admin-post-featured-image":["https:\/\/praxas.com\/wp-content\/uploads\/SGD-28-M_Flat_No-Reflection-Straight-120x69.png",120,69,true],"commercegurus-pdp-large":["https:\/\/praxas.com\/wp-content\/uploads\/SGD-28-M_Flat_No-Reflection-Straight.png",800,463,false],"commercegurus-plp-mobile":["https:\/\/praxas.com\/wp-content\/uploads\/SGD-28-M_Flat_No-Reflection-Straight-441x255.png",441,255,true],"cgkit_image_swatch":["https:\/\/praxas.com\/wp-content\/uploads\/SGD-28-M_Flat_No-Reflection-Straight-100x100.png",100,100,true],"woocommerce_thumbnail":["https:\/\/praxas.com\/wp-content\/uploads\/SGD-28-M_Flat_No-Reflection-Straight-300x174.png",300,174,true],"woocommerce_single":["https:\/\/praxas.com\/wp-content\/uploads\/SGD-28-M_Flat_No-Reflection-Straight.png",800,463,false],"woocommerce_gallery_thumbnail":["https:\/\/praxas.com\/wp-content\/uploads\/SGD-28-M_Flat_No-Reflection-Straight-150x87.png",150,87,true]},"uagb_author_info":{"display_name":"AndyS","author_link":"https:\/\/praxas.com\/fr\/author\/"},"uagb_comment_info":0,"uagb_excerpt":"Compteur \u00e0 \u00e9cran TFT programmable de 2,8 pouces","_links":{"self":[{"href":"https:\/\/praxas.com\/fr\/wp-json\/wp\/v2\/product\/30368","targetHints":{"allow":["GET"]}}],"collection":[{"href":"https:\/\/praxas.com\/fr\/wp-json\/wp\/v2\/product"}],"about":[{"href":"https:\/\/praxas.com\/fr\/wp-json\/wp\/v2\/types\/product"}],"wp:featuredmedia":[{"embeddable":true,"href":"https:\/\/praxas.com\/fr\/wp-json\/wp\/v2\/media\/30369"}],"wp:attachment":[{"href":"https:\/\/praxas.com\/fr\/wp-json\/wp\/v2\/media?parent=30368"}],"wp:term":[{"taxonomy":"product_brand","embeddable":true,"href":"https:\/\/praxas.com\/fr\/wp-json\/wp\/v2\/product_brand?post=30368"},{"taxonomy":"product_cat","embeddable":true,"href":"https:\/\/praxas.com\/fr\/wp-json\/wp\/v2\/product_cat?post=30368"},{"taxonomy":"product_tag","embeddable":true,"href":"https:\/\/praxas.com\/fr\/wp-json\/wp\/v2\/product_tag?post=30368"}],"curies":[{"name":"wp","href":"https:\/\/api.w.org\/{rel}","templated":true}]}}