{"id":30415,"date":"2023-07-27T03:19:00","date_gmt":"2023-07-27T01:19:00","guid":{"rendered":"https:\/\/staging.praxas.com\/product\/non%20class\u00e9\/s43-tp\/"},"modified":"2025-09-01T16:09:41","modified_gmt":"2025-09-01T14:09:41","slug":"s43-tp","status":"publish","type":"product","link":"https:\/\/praxas.com\/fr\/product\/uncategorized-fr\/s43-tp\/","title":{"rendered":"S43-TP"},"content":{"rendered":"<p>Le S43-TP est un accessoire de la gamme PanelPilotACE d&rsquo;afficheurs et de compteurs de tableau compatibles avec le module d&rsquo;affichage PanelPilotACE de 4,3 pouces. <strong><br \/>\n  <a href=\"https:\/\/praxas.com\/es\/product\/uncategorized-es\/sgd-43-a\/\">SGD 43-A<\/a><br \/>\n<\/strong>. Le S43-TP se monte \u00e0 l&rsquo;arri\u00e8re du SGD 43-A et fournit jusqu&rsquo;\u00e0 quatre entr\u00e9es de thermistance qui peuvent ensuite \u00eatre utilis\u00e9es dans le logiciel gratuit <strong>PanelPilotACE Design Studio<\/strong> pour mesurer, afficher, enregistrer et repr\u00e9senter graphiquement les relev\u00e9s de temp\u00e9rature. Chaque S43-TP est fourni avec une sonde thermistorique de 1m \u00e9quip\u00e9e d&rsquo;une prise de 3,5mm et d&rsquo;une gaine m\u00e9tallique enrob\u00e9e (num\u00e9ro de pi\u00e8ce Lascar : <strong><br \/>\n  <a href=\"https:\/\/praxas.com\/es\/product\/registradores-de-datos\/accesorios-es\/el-p-tp\/\">EL-PROBE2-1.0M-TP<\/a><br \/>\n<\/strong>)<\/p>\n<p>Pour un kit d&rsquo;enregistrement de donn\u00e9es pr\u00eat \u00e0 l&#8217;emploi, achetez le produit <strong><br \/>\n  <a href=\"https:\/\/praxas.com\/fr\/product\/data-loggers-fr\/enregistreurs-de-donnees-de-temperature\/el-sgd-43-atp\/\">EL-SGD 43-ATP<\/a><br \/>\n<\/strong> comprenant un module d&rsquo;affichage mont\u00e9 sur panneau de 4,3 pouces avec \u00e9cran tactile capacitif, une carte de temp\u00e9rature \u00e0 thermistance \u00e0 quatre canaux, des sondes de temp\u00e9rature compatibles x4 et une application d&rsquo;enregistrement avanc\u00e9e pr\u00e9charg\u00e9e.<\/p>\n","protected":false},"excerpt":{"rendered":"<p>Carte d&rsquo;extension de thermistance \u00e0 quatre canaux<\/p>\n","protected":false},"featured_media":30416,"template":"","meta":{"_acf_changed":false,"content-type":"","_uag_custom_page_level_css":""},"product_brand":[],"product_cat":[2645],"product_tag":[],"class_list":{"0":"post-30415","1":"product","2":"type-product","3":"status-publish","4":"has-post-thumbnail","6":"product_cat-uncategorized-fr","8":"first","9":"instock","10":"taxable","11":"shipping-taxable","12":"purchasable","13":"product-type-simple"},"bundled_by":[],"bundle_stock_status":"instock","bundle_stock_quantity":100,"bundle_virtual":false,"bundle_layout":"","bundle_add_to_cart_form_location":"","bundle_editable_in_cart":false,"bundle_sold_individually_context":"","bundle_item_grouping":"","bundle_min_size":"","bundle_max_size":"","bundle_price":[],"bundled_items":[],"bundle_sell_ids":[],"acf":[],"spectra_custom_meta":{"_download_limit":["-1","-1"],"_download_expiry":["-1","-1"],"_downloadable":["no","no"],"_sku":["S43-TP","S43-TP"],"_stock_status":["instock","instock","instock","instock","instock","instock","instock"],"_sold_individually":["no","no"],"_tax_class":["",""],"_tax_status":["taxable","taxable"],"_virtual":["no","no"],"_weight":["0.051"],"_width":["0"],"_height":["0"],"_length":["0"],"total_sales":["0","0"],"_product_datasheet":["field_650ad7d6ea3a0"],"_connectivity":["field_64dce263bb57c"],"_brand":["field_64ddf62ed2593"],"brand_image":[""],"_brand_image":["field_650c5e7c84cae"],"_specifications_table":["field_65044e1db92a8"],"_display_data_alarm":["field_667d647bcb066"],"_resources":["field_650849c6945ee"],"_accessories":["field_650849e6945f0"],"_faqs":["field_650859523d8d5"],"_calibration_suitable_ids_gb":["field_654b4c4acb54a"],"_calibration_suitable_ids_us":["field_654b4c56cb54b"],"_show_in_calibration_suitable":["field_654cfb691d345"],"_usd_price_4":["field_651570dcac479"],"_usd_price_9":["field_6515713eb4807"],"_usd_price_24":["field_65157141b4809"],"_usd_price_49":["field_65157140b4808"],"_usd_price_99":["field_6515715bb480a"],"_gbp_price_4":["field_6515716e83bfa"],"_gbp_price_9":["field_6515724783bfb"],"_gbp_price_24":["field_6515724b83bfc"],"_gbp_price_49":["field_6515725983bfd"],"_gbp_price_99":["field_6515725d83bfe"],"_usdhk_price_4":["field_6515726f83bff"],"_usdhk_price_9":["field_6515727c83c00"],"_usdhk_price_24":["field_6515728083c01"],"_usdhk_price_49":["field_6515728983c02"],"_usdhk_price_99":["field_6515728e83c03"],"stock_options":["In stock"],"_stock_options":["field_6544b605dc7f9"],"_top_nav_excluded":[""],"_cms_nav_minihome":[""],"wcml_sync_hash":["a:1:{s:15:\"postmeta_fields\";s:32:\"9738b46189ea4af0a558c1aec320836a\";}"],"attr_label_translations":["a:0:{}"],"_product_image_gallery":["30417,30418,30419"],"_thumbnail_id":["30416"],"_crosssell_ids":["a:0:{}"],"_stock":["100.000000"],"connectivity":[""],"_calibration":["field_66a0ddd599972"],"_shipping":["field_66852535c98a5"],"_refrigerant_cabinet":["field_66852557c98a6"],"_main_specifications":["field_66855b25b1245"],"_edit_lock":["1721905822:8383"],"classic-editor-remember":["classic-editor"],"rank_math_seo_score":["87"],"_edit_last":["8383"],"commercekit_gallery_layout":[""],"commercekit_disable_sticky_atc":["0"],"commercekit_wc_video_gallery":["a:0:{}"],"_rank_math_gtin_code":[""],"_wcml_average_rating":[null],"_wcml_review_count":[null],"_wcml_rating_count":[null],"_wc_average_rating":[0],"_wc_review_count":["0"],"_product_version":["9.1.2"],"display_data_alarm":[""],"calibration":[""],"accessories":[""],"faqs":[""],"calibration_suitable_ids_gb":[""],"calibration_suitable_ids_us":[""],"show_in_calibration_suitable":[""],"other_features":[""],"shipping":[""],"refrigerant_cabinet":[""],"main_specifications":[""],"shoptimizer_layout_pdp_short_description_position":["default"],"rank_math_primary_product_cat":["0"],"product_datasheet":["10324"],"_wpml_media_duplicate":["1"],"_wpml_media_featured":["1"],"_last_translation_edit_mode":["translation-editor"],"_backorders":["no","no"],"_manage_stock":["no","no"],"usd_price_4":["0.00"],"usd_price_9":["0.00"],"usd_price_24":["0.00"],"usd_price_49":["0.00"],"usd_price_99":["0.00"],"gbp_price_49":["0.00"],"gbp_price_99":["0.00"],"usdhk_price_49":["0.00"],"usdhk_price_99":["0.00"],"_wpml_word_count":["173"],"brand":["PanelPilot"],"min_temp":[""],"max_temp":[""],"_other_features_arctiko":[""],"_other_features":["field_686fa2aa98dce"],"_min_temp":["field_67ea5eb4e0a77"],"_max_temp":["field_67ea5f81e0a79"],"rank_math_title":["PanelPilot S43-TP | Carte d'extension de thermistance pour SGD 43-A"],"rank_math_description":["Vous souhaitez am\u00e9liorer vos \u00e9crans PanelPilotACE ? L'accessoire S43-TP, compatible avec l'\u00e9cran SGD 43-A de 4,3 pouces, offre jusqu'\u00e0 quatre entr\u00e9es de thermistance."],"rank_math_focus_keyword":["S43-TP"],"specifications_table":["<table class=\"specifications\">\n<tbody>\n<tr class=\"even-row\">\n<td class=\"left-td\">Plage de mesure de la sonde fournie<\/td>\n<td>De -40\u00b0C \u00e0 +80\u00b0C (de -40\u00b0F \u00e0 +176\u00b0F)<\/td>\n<\/tr>\n<tr class=\"odd-row\">\n<td class=\"left-td\">R\u00e9solution interne<\/td>\n<td>0,01\u00b0C (0,01\u00b0F)<\/td>\n<\/tr>\n<tr class=\"even-row\">\n<td class=\"left-td\">Pr\u00e9cision de la temp\u00e9rature<\/td>\n<td>\u00b11,0\u00b0C (\u00b12,0\u00b0F)<\/td>\n<\/tr>\n<tr class=\"odd-row\">\n<td class=\"left-td\">Nombre de canaux<\/td>\n<td>jusqu'\u00e0 4<\/td>\n<\/tr>\n<\/tbody>\n<\/table>"],"resources":["<ul class=\"resources-list\">\n \t<li><img src=\"https:\/\/praxas.com\/wp-content\/uploads\/document-icon.png\" alt=\"Ic\u00f4ne de document\"><a href=\"https:\/\/praxas.com\/wp-content\/uploads\/panelpilot-panel-instument-s43-tp.pdf\" target=\"_blank\" rel=\"noopener\">Fiche technique S43-TP<\/a><\/li>\n \t<li><img src=\"https:\/\/praxas.com\/wp-content\/uploads\/document-icon.png\" alt=\"Ic\u00f4ne de document\"><a href=\"https:\/\/praxas.com\/wp-content\/uploads\/declaration-of-conformity_ppace_iss6_01-17.pdf\" target=\"_blank\" rel=\"noopener\">D\u00e9claration de conformit\u00e9<\/a><\/li>\n<\/ul>"],"gbp_price_4":["36"],"gbp_price_9":["34.88"],"gbp_price_24":["33.75"],"usdhk_price_4":["48.48"],"usdhk_price_9":["46.97"],"usdhk_price_24":["45.45"],"_uag_page_assets":["a:9:{s:3:\"css\";s:0:\"\";s:2:\"js\";s:0:\"\";s:18:\"current_block_list\";a:0:{}s:8:\"uag_flag\";b:0;s:11:\"uag_version\";s:10:\"1775212209\";s:6:\"gfonts\";a:0:{}s:10:\"gfonts_url\";s:0:\"\";s:12:\"gfonts_files\";a:0:{}s:14:\"uag_faq_layout\";b:0;}"],"hubwoo_ecomm_pro_id":["25380314703"],"_regular_price":["49.35","49.35"],"_price":["49.35","49.35"],"_max_variation_price":[""],"_max_variation_regular_price":[""],"_max_variation_sale_price":[""],"_min_variation_price":[""],"_min_variation_regular_price":[""],"_min_variation_sale_price":[""],"_sale_price":[""],"_wc_pb_base_regular_price":[""],"_wc_pb_base_sale_price":[""],"_wc_pb_base_price":[""],"_wc_sw_max_price":[""],"_wc_sw_max_regular_price":[""],"_wc_rating_count":[""]},"uagb_featured_image_src":{"full":["https:\/\/praxas.com\/wp-content\/uploads\/PanelPilotAce-Display-Solutions-S43-TP-with-Probe-Thumb.png",800,463,false],"thumbnail":["https:\/\/praxas.com\/wp-content\/uploads\/PanelPilotAce-Display-Solutions-S43-TP-with-Probe-Thumb-150x150.png",150,150,true],"medium":["https:\/\/praxas.com\/wp-content\/uploads\/PanelPilotAce-Display-Solutions-S43-TP-with-Probe-Thumb-300x174.png",300,174,true],"medium_large":["https:\/\/praxas.com\/wp-content\/uploads\/PanelPilotAce-Display-Solutions-S43-TP-with-Probe-Thumb-768x444.png",768,444,true],"large":["https:\/\/praxas.com\/wp-content\/uploads\/PanelPilotAce-Display-Solutions-S43-TP-with-Probe-Thumb.png",800,463,false],"1536x1536":["https:\/\/praxas.com\/wp-content\/uploads\/PanelPilotAce-Display-Solutions-S43-TP-with-Probe-Thumb.png",800,463,false],"2048x2048":["https:\/\/praxas.com\/wp-content\/uploads\/PanelPilotAce-Display-Solutions-S43-TP-with-Probe-Thumb.png",800,463,false],"crunchify-admin-post-featured-image":["https:\/\/praxas.com\/wp-content\/uploads\/PanelPilotAce-Display-Solutions-S43-TP-with-Probe-Thumb-120x69.png",120,69,true],"commercegurus-pdp-large":["https:\/\/praxas.com\/wp-content\/uploads\/PanelPilotAce-Display-Solutions-S43-TP-with-Probe-Thumb.png",800,463,false],"commercegurus-plp-mobile":["https:\/\/praxas.com\/wp-content\/uploads\/PanelPilotAce-Display-Solutions-S43-TP-with-Probe-Thumb-441x255.png",441,255,true],"cgkit_image_swatch":["https:\/\/praxas.com\/wp-content\/uploads\/PanelPilotAce-Display-Solutions-S43-TP-with-Probe-Thumb-100x100.png",100,100,true],"woocommerce_thumbnail":["https:\/\/praxas.com\/wp-content\/uploads\/PanelPilotAce-Display-Solutions-S43-TP-with-Probe-Thumb-300x174.png",300,174,true],"woocommerce_single":["https:\/\/praxas.com\/wp-content\/uploads\/PanelPilotAce-Display-Solutions-S43-TP-with-Probe-Thumb.png",800,463,false],"woocommerce_gallery_thumbnail":["https:\/\/praxas.com\/wp-content\/uploads\/PanelPilotAce-Display-Solutions-S43-TP-with-Probe-Thumb-150x87.png",150,87,true]},"uagb_author_info":{"display_name":"AndyS","author_link":"https:\/\/praxas.com\/fr\/author\/"},"uagb_comment_info":0,"uagb_excerpt":"Carte d'extension de thermistance \u00e0 quatre canaux","_links":{"self":[{"href":"https:\/\/praxas.com\/fr\/wp-json\/wp\/v2\/product\/30415","targetHints":{"allow":["GET"]}}],"collection":[{"href":"https:\/\/praxas.com\/fr\/wp-json\/wp\/v2\/product"}],"about":[{"href":"https:\/\/praxas.com\/fr\/wp-json\/wp\/v2\/types\/product"}],"wp:featuredmedia":[{"embeddable":true,"href":"https:\/\/praxas.com\/fr\/wp-json\/wp\/v2\/media\/30416"}],"wp:attachment":[{"href":"https:\/\/praxas.com\/fr\/wp-json\/wp\/v2\/media?parent=30415"}],"wp:term":[{"taxonomy":"product_brand","embeddable":true,"href":"https:\/\/praxas.com\/fr\/wp-json\/wp\/v2\/product_brand?post=30415"},{"taxonomy":"product_cat","embeddable":true,"href":"https:\/\/praxas.com\/fr\/wp-json\/wp\/v2\/product_cat?post=30415"},{"taxonomy":"product_tag","embeddable":true,"href":"https:\/\/praxas.com\/fr\/wp-json\/wp\/v2\/product_tag?post=30415"}],"curies":[{"name":"wp","href":"https:\/\/api.w.org\/{rel}","templated":true}]}}