{"id":30421,"date":"2023-07-27T03:19:00","date_gmt":"2023-07-27T01:19:00","guid":{"rendered":"https:\/\/staging.praxas.com\/product\/non%20class\u00e9\/s43-rs485\/"},"modified":"2025-10-09T10:06:03","modified_gmt":"2025-10-09T08:06:03","slug":"s43-rs485","status":"publish","type":"product","link":"https:\/\/praxas.com\/fr\/product\/uncategorized-fr\/s43-rs485\/","title":{"rendered":"S43-RS485"},"content":{"rendered":"<p>Le S43-RS485 est un accessoire de la gamme PanelPilotACE et est compatible avec le module d&rsquo;affichage PanelPilotACE 4.3&Prime; (<strong><br \/>\n  <a href=\"\/product\/panelpilot-displays\/panelpilotace\/panelpilot-sgd-43-a\/\">SGD 43-A<\/a><br \/>\n<\/strong>). Le S43-RS485 se monte \u00e0 l&rsquo;arri\u00e8re du SGD 43-A et fournit une interface RS485 \u00e0 3 fils ainsi qu&rsquo;un terminateur optionnel de 120\u03a9.<\/p>\n<p>Ce dispositif peut \u00eatre connect\u00e9 via les broches A (Data+), B (Data-) et GND et permet une communication semi-duplex.<br \/>\nLe logiciel prend actuellement en charge la communication s\u00e9rie bas\u00e9e sur le protocole ASCII ainsi que le protocole MODBUS (RTU). D&rsquo;autres protocoles sont en cours d&rsquo;ajout.<\/p>\n","protected":false},"excerpt":{"rendered":"<p>Carte d&rsquo;extension permettant la communication RS485.<\/p>\n","protected":false},"featured_media":30422,"template":"","meta":{"_acf_changed":false,"content-type":"","_uag_custom_page_level_css":""},"product_brand":[],"product_cat":[2645],"product_tag":[],"class_list":{"0":"post-30421","1":"product","2":"type-product","3":"status-publish","4":"has-post-thumbnail","6":"product_cat-uncategorized-fr","8":"first","9":"instock","10":"taxable","11":"shipping-taxable","12":"purchasable","13":"product-type-simple"},"bundled_by":[],"bundle_stock_status":"instock","bundle_stock_quantity":99,"bundle_virtual":false,"bundle_layout":"","bundle_add_to_cart_form_location":"","bundle_editable_in_cart":false,"bundle_sold_individually_context":"","bundle_item_grouping":"","bundle_min_size":"","bundle_max_size":"","bundle_price":[],"bundled_items":[],"bundle_sell_ids":[],"acf":[],"spectra_custom_meta":{"_download_limit":["-1","-1"],"_download_expiry":["-1","-1"],"_downloadable":["no","no"],"_sku":["S43-RS485","S43-RS485"],"_stock_status":["instock","instock","instock","instock","instock","instock"],"_sold_individually":["no","no"],"_tax_class":["",""],"_tax_status":["taxable","taxable"],"_virtual":["no","no"],"_weight":["0.016"],"_width":["0"],"_height":["0"],"_length":["0"],"total_sales":["1","1"],"_product_datasheet":["field_650ad7d6ea3a0"],"_connectivity":["field_64dce263bb57c"],"_brand":["field_64ddf62ed2593"],"_brand_image":["field_650c5e7c84cae"],"_specifications_table":["field_65044e1db92a8"],"_display_data_alarm":["field_667d647bcb066"],"_resources":["field_650849c6945ee"],"_accessories":["field_650849e6945f0"],"_faqs":["field_650859523d8d5"],"_calibration_suitable_ids_gb":["field_654b4c4acb54a"],"_calibration_suitable_ids_us":["field_654b4c56cb54b"],"_show_in_calibration_suitable":["field_654cfb691d345"],"_usd_price_4":["field_651570dcac479"],"_usd_price_9":["field_6515713eb4807"],"_usd_price_24":["field_65157141b4809"],"_usd_price_49":["field_65157140b4808"],"_usd_price_99":["field_6515715bb480a"],"_gbp_price_4":["field_6515716e83bfa"],"_gbp_price_9":["field_6515724783bfb"],"_gbp_price_24":["field_6515724b83bfc"],"_gbp_price_49":["field_6515725983bfd"],"_gbp_price_99":["field_6515725d83bfe"],"_usdhk_price_4":["field_6515726f83bff"],"_usdhk_price_9":["field_6515727c83c00"],"_usdhk_price_24":["field_6515728083c01"],"_usdhk_price_49":["field_6515728983c02"],"_usdhk_price_99":["field_6515728e83c03"],"stock_options":["In stock"],"_stock_options":["field_6544b605dc7f9"],"_top_nav_excluded":[""],"_cms_nav_minihome":[""],"wcml_sync_hash":["a:1:{s:15:\"postmeta_fields\";s:32:\"8dfc67a186bf15cced2e51d1852fa021\";}"],"attr_label_translations":["a:0:{}"],"_product_image_gallery":["30423,30424"],"_thumbnail_id":["30422"],"_crosssell_ids":["a:0:{}"],"_stock":["99.000000"],"connectivity":[""],"_calibration":["field_66a0ddd599972"],"_shipping":["field_66852535c98a5"],"_refrigerant_cabinet":["field_66852557c98a6"],"_main_specifications":["field_66855b25b1245"],"_last_translation_edit_mode":["translation-editor"],"_edit_lock":["1721905276:8383"],"classic-editor-remember":["classic-editor"],"rank_math_seo_score":["77"],"_edit_last":["8383"],"commercekit_gallery_layout":[""],"commercekit_disable_sticky_atc":["0"],"commercekit_wc_video_gallery":["a:0:{}"],"_rank_math_gtin_code":[""],"_wcml_average_rating":[null],"_wcml_review_count":[null],"_wcml_rating_count":[null],"_wc_average_rating":[0],"_wc_review_count":["0"],"_product_version":["9.1.2"],"display_data_alarm":[""],"calibration":[""],"accessories":[""],"calibration_suitable_ids_gb":[""],"calibration_suitable_ids_us":[""],"show_in_calibration_suitable":[""],"other_features":[""],"shipping":[""],"refrigerant_cabinet":[""],"main_specifications":[""],"shoptimizer_layout_pdp_short_description_position":["default"],"rank_math_primary_product_cat":["0"],"product_datasheet":["10309"],"brand_image":["10467"],"_wpml_media_duplicate":["1"],"_wpml_media_featured":["1"],"_backorders":["no","no"],"_manage_stock":["no","no"],"faqs":["<span class=\"ui-provider bge bgf bgd bgg bgh bgi bgj bgk bgl bgm bgn bgo bgp bgq bgr bgs bgt bgu bgv bgw bgx bgy bgz bha bhb bhc bhd bhe bhf bhg bhh bhi bhj bhk bhl\" dir=\"ltr\">[accordion]\n[accordion_header]Comment utiliser RS232 dans le studio de cr\u00e9ation ?[\/accordion_header]\n[accordion_section]<\/span>\n\nLe RS232 fonctionne \u00e0 l'aide de trois \u00e9l\u00e9ments, un \u00e9l\u00e9ment mat\u00e9riel (port COM s\u00e9rie) et deux \u00e9l\u00e9ments fonctionnels (RS-232 Receive et RS-232 Send).\n\nDans l'\u00e9l\u00e9ment mat\u00e9riel, vous devez sp\u00e9cifier les propri\u00e9t\u00e9s standard de RS232 (vitesse de transmission, etc.). Vous devez \u00e9galement sp\u00e9cifier le type de service ; natif si vous souhaitez communiquer avec un autre appareil PPA, Terminal dans le cas contraire. La propri\u00e9t\u00e9 \"Terminal Mode\" indique si les donn\u00e9es doivent \u00eatre accompagn\u00e9es d'une invite (facile \u00e0 utiliser dans un terminal) ou si elles doivent \u00eatre brutes (de p\u00e9riph\u00e9rique \u00e0 p\u00e9riph\u00e9rique). Vous devrez ensuite sp\u00e9cifier les terminateurs et les s\u00e9parateurs d'envoi et de r\u00e9ception. Le terminateur signifie la fin d'une commande RS232 donn\u00e9e et le s\u00e9parateur est le caract\u00e8re utilis\u00e9 pour s\u00e9parer des valeurs multiples.\n\nL'\u00e9l\u00e9ment d'envoi RS-232 vous permet de sp\u00e9cifier un port s\u00e9rie (l'\u00e9l\u00e9ment mat\u00e9riel) et de nombreuses \"valeurs d'envoi\". Cet \u00e9l\u00e9ment peut \u00eatre appel\u00e9 comme n'importe quelle autre action et lorsqu'il l'est, il envoie chaque valeur (incluse dans les messages pr\u00e9 et post sp\u00e9cifi\u00e9s) s\u00e9par\u00e9e par le \"s\u00e9parateur d'envoi\" sp\u00e9cifi\u00e9 dans l'\u00e9l\u00e9ment mat\u00e9riel et termin\u00e9e par le \"terminateur d'envoi\" sp\u00e9cifi\u00e9 dans l'\u00e9l\u00e9ment mat\u00e9riel. Les valeurs seront envoy\u00e9es dans l'ordre s\u00e9quentiel de haut en bas.\n\nL'\u00e9l\u00e9ment RS-232 Receive vous permet de sp\u00e9cifier un port s\u00e9rie (l'\u00e9l\u00e9ment mat\u00e9riel), lorsque celui-ci a \u00e9t\u00e9 s\u00e9lectionn\u00e9, vous pouvez sp\u00e9cifier un \"Alias\". Pour qu'une r\u00e9ception RS-232 puisse \u00eatre utilis\u00e9e, elle doit avoir une commande identifiable unique au d\u00e9but. Si aucun alias n'est sp\u00e9cifi\u00e9, le nom de l'\u00e9l\u00e9ment de r\u00e9ception RS-232 sera utilis\u00e9 comme commande ; si un alias est sp\u00e9cifi\u00e9, c'est l'alias qui sera utilis\u00e9 comme commande. Un s\u00e9parateur de r\u00e9ception doit suivre, puis toutes les valeurs que vous souhaitez que l'appareil re\u00e7oive sont \u00e9galement s\u00e9par\u00e9es par le s\u00e9parateur de r\u00e9ception et termin\u00e9es par le terminateur de r\u00e9ception. Vous sp\u00e9cifierez ensuite une liste de propri\u00e9t\u00e9s\/variables de r\u00e9ception, o\u00f9 les valeurs seront \u00e0 nouveau stock\u00e9es s\u00e9quentiellement de haut en bas, de la premi\u00e8re \u00e0 la derni\u00e8re r\u00e9ception.\n\nPar exemple, si l'alias est d\u00e9fini sur \u00ab rx \u00bb, le s\u00e9parateur sur virgule et le terminateur sur [CR][LF] et que la valeur de r\u00e9ception sp\u00e9cifi\u00e9e est une propri\u00e9t\u00e9 Text de la zone de texte, la proc\u00e9dure suivante d\u00e9finit la valeur textuelle de la zone de texte sur \u00ab Test \u00bb :\n\nLa r\u00e9ception RS-232 vous donne \u00e9galement la possibilit\u00e9 d'effectuer une action une fois la r\u00e9ception termin\u00e9e. Vous pouvez ainsi stocker une valeur en tant que variable, puis appeler une action pour l'afficher ou la modifier \u00e0 l'aide d'un constructeur math\u00e9matique avant de l'afficher.<span class=\"ui-provider bge bgf bgd bgg bgh bgi bgj bgk bgl bgm bgn bgo bgp bgq bgr bgs bgt bgu bgv bgw bgx bgy bgz bha bhb bhc bhd bhe bhf bhg bhh bhi bhj bhk bhl\" dir=\"ltr\">[\/accordion_section]\n[\/accordion]<\/span>\n\n<span class=\"ui-provider bge bgf bgd bgg bgh bgi bgj bgk bgl bgm bgn bgo bgp bgq bgr bgs bgt bgu bgv bgw bgx bgy bgz bha bhb bhc bhd bhe bhf bhg bhh bhi bhj bhk bhl\" dir=\"ltr\">[accordion]\n[accordion_header]Quels sont les protocoles pris en charge par RS485 ?[\/accordion_header]\n[accordion_section]Actuellement, les donn\u00e9es brutes bas\u00e9es sur l'ascii et MODBUS, mais nous travaillons \u00e0 l'ajout de nouveaux protocoles tels que CANBUS. Si vous avez des protocoles que vous aimeriez voir appara\u00eetre, veuillez <strong><a href=\"\/contact-us\/\">nous contacter.<\/a><\/strong>[\/accordion_section]\n[\/accordion]<\/span>\n\n<a class=\"button button-secondary\" href=\"\/support\/panelpilotace\/\">Plus de soutien<\/a>"],"usd_price_4":["0.00"],"usd_price_9":["0.00"],"usd_price_24":["0.00"],"usd_price_49":["0.00"],"usd_price_99":["0.00"],"gbp_price_49":["0.00"],"gbp_price_99":["0.00"],"usdhk_price_49":["0.00"],"usdhk_price_99":["0.00"],"_wpml_word_count":["100"],"_other_features":[""],"brand":["PanelPilot"],"min_temp":[""],"max_temp":[""],"_min_temp":[""],"_max_temp":[""],"_other_features_arctiko":[""],"rank_math_title":["PanelPilot S43-RS485 | Carte d'extension pour la communication RS485."],"rank_math_description":["Vous souhaitez am\u00e9liorer vos \u00e9crans PanelPilotACE ? Le S43-RS485 est un accessoire compatible avec le module SGD 43-A de 4,3 pouces, fournissant une interface RS485 \u00e0 3 fils."],"rank_math_focus_keyword":["S43-RS485"],"specifications_table":["<table class=\"specifications\">\n<tbody>\n<tr class=\"even-row\">\n<td class=\"left-td\">Haute tension de sortie du r\u00e9cepteur<\/td>\n<td>Vcc-0,6 (4,4V)<\/td>\n<\/tr>\n<tr class=\"odd-row\">\n<td class=\"left-td\">Tension basse de sortie du r\u00e9cepteur<\/td>\n<td>0,17 typique (0,4 maximum)<\/td>\n<\/tr>\n<tr class=\"even-row\">\n<td class=\"left-td\">Courant d'entr\u00e9e (V = 12V)<\/td>\n<td>80uA typique (125uA maximum)<\/td>\n<\/tr>\n<tr class=\"odd-row\">\n<td class=\"left-td\">Courant d'entr\u00e9e (V=-7V)<\/td>\n<td>50uA typique (-100uA minimum)<\/td>\n<\/tr>\n<tr class=\"even-row\">\n<td class=\"left-td\">D\u00e9bit de donn\u00e9es maximal<\/td>\n<td>20Mbps<\/td>\n<\/tr>\n<tr class=\"odd-row\">\n<td class=\"left-td\">Tension A\/B Maximum absolu<\/td>\n<td>-8V - +13V<\/td>\n<\/tr>\n<tr class=\"even-row\">\n<td class=\"left-td\">Plage de temp\u00e9rature de fonctionnement<\/td>\n<td>De 0 \u00e0 40\u00b0C<\/td>\n<\/tr>\n<\/tbody>\n<\/table>"],"resources":["<ul class=\"resources-list\">\n \t<li><img src=\"https:\/\/praxas.com\/wp-content\/uploads\/document-icon.png\" alt=\"Ic\u00f4ne de document\"><a href=\"https:\/\/praxas.com\/wp-content\/uploads\/panelpilot-panel-instument-s43-rs485_datasheet_iss3_08-19.pdf\" target=\"_blank\" rel=\"noopener\">Fiche technique S43-RS485<\/a><\/li>\n \t<li><img src=\"https:\/\/praxas.com\/wp-content\/uploads\/software-icon.png\" alt=\"Ic\u00f4ne du logiciel\"><a href=\"https:\/\/praxas.com\/software\/panelpilot-software\/panelpilotace-device-software\/\" target=\"_blank\" rel=\"noopener\">T\u00e9l\u00e9chargez le logiciel PanelPilotACE<\/a><\/li>\n \t<li><img src=\"https:\/\/praxas.com\/wp-content\/uploads\/document-icon.png\" alt=\"Ic\u00f4ne de document\"><a href=\"https:\/\/praxas.com\/wp-content\/uploads\/declaration-of-conformity_ppace_iss6_01-17.pdf\" target=\"_blank\" rel=\"noopener\">D\u00e9claration de conformit\u00e9<\/a><\/li>\n<\/ul>\n\u00a0"],"gbp_price_4":["15.35"],"gbp_price_9":["14.87"],"gbp_price_24":["14.39"],"usdhk_price_4":["20.64"],"usdhk_price_9":["20"],"usdhk_price_24":["19.35"],"_uag_page_assets":["a:9:{s:3:\"css\";s:0:\"\";s:2:\"js\";s:0:\"\";s:18:\"current_block_list\";a:0:{}s:8:\"uag_flag\";b:0;s:11:\"uag_version\";s:10:\"1775548579\";s:6:\"gfonts\";a:0:{}s:10:\"gfonts_url\";s:0:\"\";s:12:\"gfonts_files\";a:0:{}s:14:\"uag_faq_layout\";b:0;}"],"hubwoo_ecomm_pro_id":["25277918342"],"_regular_price":["21.25","21.25"],"_price":["21.25","21.25"],"_max_variation_price":[""],"_max_variation_regular_price":[""],"_max_variation_sale_price":[""],"_min_variation_price":[""],"_min_variation_regular_price":[""],"_min_variation_sale_price":[""],"_sale_price":[""],"_wc_pb_base_regular_price":[""],"_wc_pb_base_sale_price":[""],"_wc_pb_base_price":[""],"_wc_sw_max_price":[""],"_wc_sw_max_regular_price":[""],"_wc_rating_count":[""]},"uagb_featured_image_src":{"full":["https:\/\/praxas.com\/wp-content\/uploads\/RS485-Board-angle.png",800,463,false],"thumbnail":["https:\/\/praxas.com\/wp-content\/uploads\/RS485-Board-angle-150x150.png",150,150,true],"medium":["https:\/\/praxas.com\/wp-content\/uploads\/RS485-Board-angle-300x174.png",300,174,true],"medium_large":["https:\/\/praxas.com\/wp-content\/uploads\/RS485-Board-angle-768x444.png",768,444,true],"large":["https:\/\/praxas.com\/wp-content\/uploads\/RS485-Board-angle.png",800,463,false],"1536x1536":["https:\/\/praxas.com\/wp-content\/uploads\/RS485-Board-angle.png",800,463,false],"2048x2048":["https:\/\/praxas.com\/wp-content\/uploads\/RS485-Board-angle.png",800,463,false],"crunchify-admin-post-featured-image":["https:\/\/praxas.com\/wp-content\/uploads\/RS485-Board-angle-120x69.png",120,69,true],"commercegurus-pdp-large":["https:\/\/praxas.com\/wp-content\/uploads\/RS485-Board-angle.png",800,463,false],"commercegurus-plp-mobile":["https:\/\/praxas.com\/wp-content\/uploads\/RS485-Board-angle-441x255.png",441,255,true],"cgkit_image_swatch":["https:\/\/praxas.com\/wp-content\/uploads\/RS485-Board-angle-100x100.png",100,100,true],"woocommerce_thumbnail":["https:\/\/praxas.com\/wp-content\/uploads\/RS485-Board-angle-300x174.png",300,174,true],"woocommerce_single":["https:\/\/praxas.com\/wp-content\/uploads\/RS485-Board-angle.png",800,463,false],"woocommerce_gallery_thumbnail":["https:\/\/praxas.com\/wp-content\/uploads\/RS485-Board-angle-150x87.png",150,87,true]},"uagb_author_info":{"display_name":"AndyS","author_link":"https:\/\/praxas.com\/fr\/author\/"},"uagb_comment_info":0,"uagb_excerpt":"Carte d'extension permettant la communication RS485.","_links":{"self":[{"href":"https:\/\/praxas.com\/fr\/wp-json\/wp\/v2\/product\/30421","targetHints":{"allow":["GET"]}}],"collection":[{"href":"https:\/\/praxas.com\/fr\/wp-json\/wp\/v2\/product"}],"about":[{"href":"https:\/\/praxas.com\/fr\/wp-json\/wp\/v2\/types\/product"}],"wp:featuredmedia":[{"embeddable":true,"href":"https:\/\/praxas.com\/fr\/wp-json\/wp\/v2\/media\/30422"}],"wp:attachment":[{"href":"https:\/\/praxas.com\/fr\/wp-json\/wp\/v2\/media?parent=30421"}],"wp:term":[{"taxonomy":"product_brand","embeddable":true,"href":"https:\/\/praxas.com\/fr\/wp-json\/wp\/v2\/product_brand?post=30421"},{"taxonomy":"product_cat","embeddable":true,"href":"https:\/\/praxas.com\/fr\/wp-json\/wp\/v2\/product_cat?post=30421"},{"taxonomy":"product_tag","embeddable":true,"href":"https:\/\/praxas.com\/fr\/wp-json\/wp\/v2\/product_tag?post=30421"}],"curies":[{"name":"wp","href":"https:\/\/api.w.org\/{rel}","templated":true}]}}