{"id":30543,"date":"2023-09-12T14:04:23","date_gmt":"2023-09-12T12:04:23","guid":{"rendered":"https:\/\/staging.praxas.com\/product\/non%20class\u00e9\/el-sie-2-2\/"},"modified":"2025-10-14T16:18:08","modified_gmt":"2025-10-14T14:18:08","slug":"el-sie-2-2","status":"publish","type":"product","link":"https:\/\/praxas.com\/fr\/product\/data-loggers-fr\/temperature-et-humidite\/el-sie-2-2\/","title":{"rendered":"EL-SIE-2"},"content":{"rendered":"<p>Surveillez l&rsquo;environnement dans lequel vous vivez et travaillez avec l&rsquo;EasyLog EL-SIE-2. Le logiciel embarqu\u00e9 avanc\u00e9 signifie qu&rsquo;il n&rsquo;y a rien \u00e0 installer sur votre PC ou Mac &#8211; il suffit de connecter l&rsquo;enregistreur avec un c\u00e2ble USB et d&rsquo;utiliser votre navigateur web pour configurer l&rsquo;appareil et visualiser, analyser et t\u00e9l\u00e9charger vos donn\u00e9es. Il n&rsquo;y a rien de plus simple.<\/p>\n<p>L&rsquo;\u00e9cran clair et lumineux affiche les relev\u00e9s actuels et l&rsquo;\u00e9tat de l&rsquo;appareil en un coup d&rsquo;\u0153il, et le produit est fourni avec un support pour un montage mural s\u00e9curis\u00e9. EL-SIE-2 utilise des piles AAA standard et la dur\u00e9e de vie typique des piles est de plus d&rsquo;un an.<\/p>\n<p>La version EL-SIE-2 mesure la temp\u00e9rature et l&rsquo;humidit\u00e9 relative. D&rsquo;autres mod\u00e8les mesurant uniquement la temp\u00e9rature, ou la temp\u00e9rature, l&rsquo;humidit\u00e9 et la pression, sont disponibles, ainsi que des versions standard et de haute pr\u00e9cision. Les march\u00e9s cl\u00e9s comprennent la gestion des installations et des b\u00e2timents, la logistique, les entrep\u00f4ts et le stockage, ainsi que les salles blanches et autres environnements sensibles \u00e0 la pression.<\/p>\n<p>Les donn\u00e9es enregistr\u00e9es peuvent \u00eatre t\u00e9l\u00e9charg\u00e9es sur votre ordinateur ou t\u00e9l\u00e9charg\u00e9es sur un serveur EasyLog Cloud. <a href=\"https:\/\/praxas.com\/en\/easylog-cloud\/\"><br \/>\n  <strong>EasyLog Cloud<\/strong><br \/>\n<\/a> pour un stockage s\u00e9curis\u00e9 et une analyse performante.<\/p>\n<p>Les traductions de la fiche technique du EL-SIE-2 sont disponibles dans l&rsquo;onglet ressources.<\/p>\n","protected":false},"excerpt":{"rendered":"<p>Enregistreur de donn\u00e9es de temp\u00e9rature et d&rsquo;humidit\u00e9 avec \u00e9cran<\/p>\n","protected":false},"featured_media":28554,"template":"","meta":{"_acf_changed":false,"content-type":"","_uag_custom_page_level_css":""},"product_brand":[],"product_cat":[1226],"product_tag":[1228,1229,1231,2434,1233,1272,1260],"class_list":{"0":"post-30543","1":"product","2":"type-product","3":"status-publish","4":"has-post-thumbnail","6":"product_cat-temperature-et-humidite","7":"product_tag-affichage","8":"product_tag-alarme","9":"product_tag-capteur-interne","10":"product_tag-easylog-fr","11":"product_tag-easylog-cloud-fr","12":"product_tag-el-sie-fr","13":"product_tag-usb-fr","15":"first","16":"instock","17":"taxable","18":"shipping-taxable","19":"purchasable","20":"product-type-simple"},"bundled_by":[],"bundle_stock_status":"instock","bundle_stock_quantity":33,"bundle_virtual":false,"bundle_layout":"","bundle_add_to_cart_form_location":"","bundle_editable_in_cart":false,"bundle_sold_individually_context":"","bundle_item_grouping":"","bundle_min_size":"","bundle_max_size":"","bundle_price":[],"bundled_items":[],"bundle_sell_ids":[],"acf":[],"spectra_custom_meta":{"_download_limit":["-1"],"_download_expiry":["-1"],"_downloadable":["no"],"_sku":["EL-SIE-2"],"_stock_status":["instock"],"_sold_individually":["no"],"_tax_class":[""],"_tax_status":["taxable"],"_virtual":["no"],"_weight":["0"],"_width":["0"],"_height":["0"],"_length":["0"],"total_sales":["75"],"_product_datasheet":["field_650ad7d6ea3a0"],"_connectivity":["field_64dce263bb57c"],"brand":["EasyLog"],"_brand":["field_64ddf62ed2593"],"_brand_image":["field_650c5e7c84cae"],"_specifications_table":["field_65044e1db92a8"],"_display_data_alarm":["field_667d647bcb066"],"_resources":["field_650849c6945ee"],"_accessories":["field_650849e6945f0"],"_faqs":["field_650859523d8d5"],"_calibration_suitable_ids_gb":["field_654b4c4acb54a"],"_calibration_suitable_ids_us":["field_654b4c56cb54b"],"_show_in_calibration_suitable":["field_654cfb691d345"],"_shipping":["field_66852535c98a5"],"_refrigerant_cabinet":["field_66852557c98a6"],"_usd_price_4":["field_651570dcac479"],"_usd_price_9":["field_6515713eb4807"],"_usd_price_24":["field_65157141b4809"],"_usd_price_49":["field_65157140b4808"],"_usd_price_99":["field_6515715bb480a"],"_gbp_price_4":["field_6515716e83bfa"],"_gbp_price_9":["field_6515724783bfb"],"_gbp_price_24":["field_6515724b83bfc"],"_gbp_price_49":["field_6515725983bfd"],"_gbp_price_99":["field_6515725d83bfe"],"_usdhk_price_4":["field_6515726f83bff"],"_usdhk_price_9":["field_6515727c83c00"],"_usdhk_price_24":["field_6515728083c01"],"_usdhk_price_49":["field_6515728983c02"],"_usdhk_price_99":["field_6515728e83c03"],"stock_options":["In stock"],"_stock_options":["field_6544b605dc7f9"],"_top_nav_excluded":[""],"_cms_nav_minihome":[""],"calibration":[""],"wcml_sync_hash":["a:1:{s:15:\"postmeta_fields\";s:32:\"ed485c5b5d15c3d28a63af0d17309c3e\";}"],"attr_label_translations":["a:0:{}"],"_thumbnail_id":["28554"],"_product_image_gallery":["28550,28551"],"_crosssell_ids":["a:0:{}"],"_stock":["33.000000"],"connectivity":["USB"],"_calibration":["field_66a0ddd599972"],"_main_specifications":["field_66855b25b1245"],"_last_translation_edit_mode":["translation-editor"],"_edit_lock":["1721820179:8383"],"classic-editor-remember":["classic-editor"],"rank_math_seo_score":["87"],"_edit_last":["8383"],"commercekit_gallery_layout":[""],"commercekit_disable_sticky_atc":["0"],"commercekit_wc_video_gallery":["a:0:{}"],"_rank_math_gtin_code":[""],"_wcml_average_rating":[null],"_wcml_review_count":[null],"_wcml_rating_count":[null],"_wc_average_rating":[0],"_wc_review_count":["0"],"_product_version":["9.1.2"],"display_data_alarm":[""],"calibration_suitable_ids_gb":[""],"calibration_suitable_ids_us":[""],"show_in_calibration_suitable":[""],"other_features":[""],"shipping":[""],"refrigerant_cabinet":[""],"main_specifications":[""],"shoptimizer_layout_pdp_short_description_position":["default"],"product_datasheet":["10561"],"brand_image":["10467"],"_wpml_media_duplicate":["1"],"_wpml_media_featured":["1"],"_product_attributes":["a:2:{s:16:\"pa_product-brand\";a:6:{s:4:\"name\";s:16:\"pa_product-brand\";s:5:\"value\";s:0:\"\";s:8:\"position\";i:0;s:10:\"is_visible\";i:1;s:12:\"is_variation\";i:0;s:11:\"is_taxonomy\";i:1;}s:19:\"pa_product-features\";a:6:{s:4:\"name\";s:19:\"pa_product-features\";s:5:\"value\";s:0:\"\";s:8:\"position\";i:1;s:10:\"is_visible\";i:1;s:12:\"is_variation\";i:0;s:11:\"is_taxonomy\";i:1;}}"],"_backorders":["no"],"_manage_stock":["no"],"min_temp":["-18"],"max_temp":["55"],"_min_temp":["field_67ea5eb4e0a77"],"_max_temp":["field_67ea5f81e0a79"],"_wpml_word_count":["250"],"rank_math_primary_product_cat":["97"],"_global_unique_id":["5056744400786"],"faqs":["<span class=\"ui-provider bge bgf bgd bgg bgh bgi bgj bgk bgl bgm bgn bgo bgp bgq bgr bgs bgt bgu bgv bgw bgx bgy bgz bha bhb bhc bhd bhe bhf bhg bhh bhi bhj bhk bhl\" dir=\"ltr\">[accordion]\n[accordion_header]Comment puis-je enregistrer le site web d'EL-SIE dans mes favoris ou mes signets ?[\/accordion_header]\n[accordion_section]Vous pouvez utiliser la m\u00e9thode normale pour cr\u00e9er un favori ou un signet dans votre navigateur. Vous devez le faire pendant que l'\u00e9cran de chargement (cube rotatif) s'affiche. Sinon, vous pouvez cr\u00e9er manuellement un signet \u00e0 l'adresse suivante : http:\/\/easylog.local[\/accordion_section]\n[\/accordion]<\/span>\n\n<span class=\"ui-provider bge bgf bgd bgg bgh bgi bgj bgk bgl bgm bgn bgo bgp bgq bgr bgs bgt bgu bgv bgw bgx bgy bgz bha bhb bhc bhd bhe bhf bhg bhh bhi bhj bhk bhl\" dir=\"ltr\">[accordion]\n[accordion_header]Ma batterie EL-SIE ne se recharge pas. Que dois-je faire ?[\/accordion_header]\n[accordion_section]EL-SIE ne recharge pas ses batteries, m\u00eame lorsqu'il est branch\u00e9 via un c\u00e2ble USB.[\/accordion_section]\n[\/accordion]<\/span>\n\n<a class=\"button button-secondary\" href=\"\/support\/el-sie-data-loggers\/\">Plus de soutien<\/a>"],"_other_features":["field_686fa2aa98dce"],"rank_math_title":["EL-SIE-2 | Enregistreur de donn\u00e9es de temp\u00e9rature et d'humidit\u00e9 USB | Praxas"],"rank_math_description":["D\u00e9couvrez l'enregistreur de donn\u00e9es de temp\u00e9rature et d'humidit\u00e9 EasyLog EL-SIE-2 USB de Lascar Electronics, une solution conviviale et pr\u00e9cise pour vos besoins de surveillance environnementale."],"rank_math_focus_keyword":["EL-SIE-2"],"specifications_table":["<table class=\"specifications\">\n<tbody>\n<tr class=\"even-row\">\n<td class=\"left-td\">Plage de mesure (T)<\/td>\n<td>-18 \u00e0 +55\u00b0C (-0,4 \u00e0 +131\u00b0F)<\/td>\n<\/tr>\n<tr class=\"odd-row\">\n<td class=\"left-td\">Pr\u00e9cision<\/td>\n<td>\u00b10,3\u00b0C (\u00b10,54\u00b0F)<\/td>\n<\/tr>\n<tr class=\"even-row\">\n<td class=\"left-td\">Plage de mesure (RH)<\/td>\n<td>0 \u00e0 100%HR<\/td>\n<\/tr>\n<tr class=\"odd-row\">\n<td class=\"left-td\">Pr\u00e9cision<\/td>\n<td>\u00b12,0% typique (0 \u00e0 80%HR)<\/td>\n<\/tr>\n<tr class=\"even-row\">\n<td class=\"left-td\">Taux d'enregistrement<\/td>\n<td>10 secondes \u00e0 24 heures, s\u00e9lectionnable par l'utilisateur<\/td>\n<\/tr>\n<tr class=\"odd-row\">\n<td class=\"left-td\">Modes de d\u00e9marrage<\/td>\n<td>Imm\u00e9diat, d\u00e9marrage par pouss\u00e9e, d\u00e9marrage diff\u00e9r\u00e9, d\u00e9clenchement par param\u00e8tre<\/td>\n<\/tr>\n<tr class=\"even-row\">\n<td class=\"left-td\">Capacit\u00e9 de m\u00e9moire<\/td>\n<td>1 000 000 lectures totales, >500 000 lectures par canal<\/td>\n<\/tr>\n<tr class=\"odd-row\">\n<td class=\"left-td\">Sondeur<\/td>\n<td>Sonde d'alarme int\u00e9gr\u00e9e<\/td>\n<\/tr>\n<tr class=\"even-row\">\n<td class=\"left-td\">Source d'alimentation<\/td>\n<td>2 piles AAA 1,5V<\/td>\n<\/tr>\n<tr class=\"odd-row\">\n<td class=\"left-td\">Dur\u00e9e de vie de la batterie<\/td>\n<td>>1 an (\u00e0 25\u00b0C avec une fr\u00e9quence d'enregistrement de 10 minutes)<\/td>\n<\/tr>\n<tr class=\"even-row\">\n<td class=\"left-td\">Dimensions de l'appareil<\/td>\n<td>93 x 42 x 17 mm (sans le support)<\/td>\n<\/tr>\n<tr class=\"odd-row\">\n<td class=\"left-td\">Plage de temp\u00e9rature de fonctionnement<\/td>\n<td>De -18 \u00e0 +55\u00b0C (-0,4 \u00e0 +131\u00b0F)<\/td>\n<\/tr>\n<tr class=\"even-row\">\n<td class=\"left-td\">Caract\u00e9ristiques environnementales<\/td>\n<td>IP2X<\/td>\n<\/tr>\n<\/tbody>\n<\/table>"],"resources":["<ul class=\"resources-list\">\n \t<li><img src=\"https:\/\/praxas.com\/wp-content\/uploads\/document-icon.png\" alt=\"Ic\u00f4ne de document\">Fiches techniques EL-SIE-2<\/li>\n \t<li><a href=\"\/wp-content\/uploads\/easylog-data-logger-el-sie-2-iss4_11-22-1.pdf\" target=\"_blank\" rel=\"noopener\">Anglais<\/a><\/li>\n \t<li><a href=\"\/wp-content\/uploads\/EL-SIE-2-iss4_11-22-French.pdf\" target=\"_blank\" rel=\"noopener\">Fran\u00e7ais<\/a><\/li>\n \t<li><a href=\"\/wp-content\/uploads\/EL-SIE-2-iss4_11-22-German.pdf\" target=\"_blank\" rel=\"noopener\">Allemand<\/a><\/li>\n \t<li><a href=\"\/wp-content\/uploads\/easylog-data-logger-EL-SIE-2-iss4_11-22-Italian.pdf\" target=\"_blank\" rel=\"noopener\">Italien<\/a><\/li>\n \t<li><a href=\"\/wp-content\/uploads\/easylog-data-logger-EL-SIE-2-iss4_11-22.pdf\" target=\"_blank\" rel=\"noopener\">Espagnol<\/a><\/li>\n \t<li><img src=\"https:\/\/praxas.com\/wp-content\/uploads\/document-icon.png\" alt=\"Ic\u00f4ne de document\">Guide de d\u00e9marrage rapide EL-SIE-2<\/li>\n \t<li><a href=\"\/wp-content\/uploads\/el-sie-qsg-11_2019-pths-for-webpdf.pdf\" target=\"_blank\" rel=\"noopener\">Anglais<\/a><\/li>\n \t<li><a href=\"\/wp-content\/uploads\/el-sie-qsg-11_2019-french-2.pdf\" target=\"_blank\" rel=\"noopener\">Fran\u00e7ais<\/a><\/li>\n \t<li><a href=\"\/wp-content\/uploads\/el-sie-qsg-11_2019-german-2.pdf\" target=\"_blank\" rel=\"noopener\">Allemand<\/a><\/li>\n \t<li><a href=\"\/wp-content\/uploads\/el-sie-qsg-11_2019-italian-2.pdf\">Italien<\/a><\/li>\n \t<li><a href=\"\/wp-content\/uploads\/el-sie-qsg-11_2019-spanish-2.pdf\" target=\"_blank\" rel=\"noopener\">Espagnol<\/a><\/li>\n \t<li><img src=\"https:\/\/praxas.com\/wp-content\/uploads\/video-icon-orange.png\" alt=\"Ic\u00f4ne vid\u00e9o\"><a href=\"https:\/\/www.youtube.com\/playlist?list=PL_yZedoZ_7MrFJR7JPSQPoTegZBsG4ROO\" target=\"_blank\" rel=\"noopener\">Vid\u00e9os du didacticiel EL-SIE<\/a><\/li>\n \t<li><img src=\"https:\/\/praxas.com\/wp-content\/uploads\/document-icon.png\" alt=\"Ic\u00f4ne de document\"><a href=\"https:\/\/praxas.com\/wp-content\/uploads\/Declaration-of-Conformity_EasyLog_iss26.pdf\" target=\"_blank\" rel=\"noopener\">D\u00e9claration de conformit\u00e9 EL-SIE<\/a><\/li>\n \t<li><img src=\"https:\/\/praxas.com\/wp-content\/uploads\/document-icon.png\" alt=\"Ic\u00f4ne de document\"><a href=\"https:\/\/praxas.com\/wp-content\/uploads\/declaration-of-conformity_easylog_useonaircraft_iss2-4.pdf\" target=\"_blank\" rel=\"noopener\">D\u00e9claration d'utilisation sur les a\u00e9ronefs<\/a><\/li>\n<\/ul>"],"accessories":["[products skus=\"BAT 1V5 AAA,CABLE USB C 0.5M\"]"],"usd_price_4":["0.00"],"usd_price_9":["0.00"],"usd_price_24":["0.00"],"usd_price_49":["0.00"],"usd_price_99":["0.00"],"gbp_price_4":["0.00"],"gbp_price_9":["0.00"],"gbp_price_24":["62.99"],"gbp_price_49":["0.00"],"gbp_price_99":["55.99"],"usdhk_price_4":["0.00"],"usdhk_price_9":["0.00"],"usdhk_price_24":["85.49"],"usdhk_price_49":["0.00"],"usdhk_price_99":["75.99"],"_uag_page_assets":["a:9:{s:3:\"css\";s:0:\"\";s:2:\"js\";s:0:\"\";s:18:\"current_block_list\";a:0:{}s:8:\"uag_flag\";b:0;s:11:\"uag_version\";s:10:\"1775212209\";s:6:\"gfonts\";a:0:{}s:10:\"gfonts_url\";s:0:\"\";s:12:\"gfonts_files\";a:0:{}s:14:\"uag_faq_layout\";b:0;}"],"hubwoo_ecomm_pro_id":["25320860972"],"_regular_price":["91.4"],"_price":["91.4"],"_max_variation_price":[""],"_max_variation_regular_price":[""],"_max_variation_sale_price":[""],"_min_variation_price":[""],"_min_variation_regular_price":[""],"_min_variation_sale_price":[""],"_sale_price":[""],"_wc_pb_base_regular_price":[""],"_wc_pb_base_sale_price":[""],"_wc_pb_base_price":[""],"_wc_sw_max_price":[""],"_wc_sw_max_regular_price":[""],"_wc_rating_count":[""]},"uagb_featured_image_src":{"full":["https:\/\/praxas.com\/wp-content\/uploads\/EL-SIE-Right-Side-Humidity-800x463-1.png",800,463,false],"thumbnail":["https:\/\/praxas.com\/wp-content\/uploads\/EL-SIE-Right-Side-Humidity-800x463-1-150x150.png",150,150,true],"medium":["https:\/\/praxas.com\/wp-content\/uploads\/EL-SIE-Right-Side-Humidity-800x463-1-300x174.png",300,174,true],"medium_large":["https:\/\/praxas.com\/wp-content\/uploads\/EL-SIE-Right-Side-Humidity-800x463-1-768x444.png",768,444,true],"large":["https:\/\/praxas.com\/wp-content\/uploads\/EL-SIE-Right-Side-Humidity-800x463-1.png",800,463,false],"1536x1536":["https:\/\/praxas.com\/wp-content\/uploads\/EL-SIE-Right-Side-Humidity-800x463-1.png",800,463,false],"2048x2048":["https:\/\/praxas.com\/wp-content\/uploads\/EL-SIE-Right-Side-Humidity-800x463-1.png",800,463,false],"crunchify-admin-post-featured-image":["https:\/\/praxas.com\/wp-content\/uploads\/EL-SIE-Right-Side-Humidity-800x463-1-120x69.png",120,69,true],"commercegurus-pdp-large":["https:\/\/praxas.com\/wp-content\/uploads\/EL-SIE-Right-Side-Humidity-800x463-1.png",800,463,false],"commercegurus-plp-mobile":["https:\/\/praxas.com\/wp-content\/uploads\/EL-SIE-Right-Side-Humidity-800x463-1-441x255.png",441,255,true],"cgkit_image_swatch":["https:\/\/praxas.com\/wp-content\/uploads\/EL-SIE-Right-Side-Humidity-800x463-1-100x100.png",100,100,true],"woocommerce_thumbnail":["https:\/\/praxas.com\/wp-content\/uploads\/EL-SIE-Right-Side-Humidity-800x463-1-300x174.png",300,174,true],"woocommerce_single":["https:\/\/praxas.com\/wp-content\/uploads\/EL-SIE-Right-Side-Humidity-800x463-1.png",800,463,false],"woocommerce_gallery_thumbnail":["https:\/\/praxas.com\/wp-content\/uploads\/EL-SIE-Right-Side-Humidity-800x463-1-150x87.png",150,87,true]},"uagb_author_info":{"display_name":"AndyS","author_link":"https:\/\/praxas.com\/fr\/author\/"},"uagb_comment_info":0,"uagb_excerpt":"Enregistreur de donn\u00e9es de temp\u00e9rature et d'humidit\u00e9 avec \u00e9cran","_links":{"self":[{"href":"https:\/\/praxas.com\/fr\/wp-json\/wp\/v2\/product\/30543","targetHints":{"allow":["GET"]}}],"collection":[{"href":"https:\/\/praxas.com\/fr\/wp-json\/wp\/v2\/product"}],"about":[{"href":"https:\/\/praxas.com\/fr\/wp-json\/wp\/v2\/types\/product"}],"wp:featuredmedia":[{"embeddable":true,"href":"https:\/\/praxas.com\/fr\/wp-json\/wp\/v2\/media\/28554"}],"wp:attachment":[{"href":"https:\/\/praxas.com\/fr\/wp-json\/wp\/v2\/media?parent=30543"}],"wp:term":[{"taxonomy":"product_brand","embeddable":true,"href":"https:\/\/praxas.com\/fr\/wp-json\/wp\/v2\/product_brand?post=30543"},{"taxonomy":"product_cat","embeddable":true,"href":"https:\/\/praxas.com\/fr\/wp-json\/wp\/v2\/product_cat?post=30543"},{"taxonomy":"product_tag","embeddable":true,"href":"https:\/\/praxas.com\/fr\/wp-json\/wp\/v2\/product_tag?post=30543"}],"curies":[{"name":"wp","href":"https:\/\/api.w.org\/{rel}","templated":true}]}}