{"id":30571,"date":"2023-09-12T15:17:13","date_gmt":"2023-09-12T13:17:13","guid":{"rendered":"https:\/\/staging.praxas.com\/product\/non%20class\u00e9\/el-21cfr-tp-lcd-2\/"},"modified":"2025-10-09T09:34:29","modified_gmt":"2025-10-09T07:34:29","slug":"el-21cfr-tp-lcd-2","status":"publish","type":"product","link":"https:\/\/praxas.com\/fr\/product\/data-loggers-fr\/enregistreurs-de-donnees-de-temperature\/el-21cfr-tp-lcd-2\/","title":{"rendered":"EL-21CFR-TP-LCD"},"content":{"rendered":"<p>Cet enregistreur de donn\u00e9es autonome conforme \u00e0 la directive 21CFR enregistre et affiche plus de 32 000 relev\u00e9s de temp\u00e9rature \u00e0 partir de la sonde thermistorique fournie. L&rsquo;enregistreur de donn\u00e9es est dot\u00e9 d&rsquo;un \u00e9cran LCD et d&rsquo;un bouton-poussoir qui permettent \u00e0 l&rsquo;utilisateur de faire d\u00e9filer les relev\u00e9s les plus r\u00e9cents, les plus \u00e9lev\u00e9s et les plus bas enregistr\u00e9s.<\/p>\n<h5>Pourquoi acheter un enregistreur 21CFR ?<\/h5>\n<p>La r\u00e9glementation 21 CFR Part 11 publi\u00e9e par la Food and Drug Administration (FDA) am\u00e9ricaine d\u00e9finit les crit\u00e8res selon lesquels les enregistrements \u00e9lectroniques peuvent \u00eatre consid\u00e9r\u00e9s par la FDA comme \u00e9quivalents aux enregistrements papier. Si vous devez respecter ces r\u00e9glementations ou si vous avez des exigences accrues en mati\u00e8re de s\u00e9curit\u00e9 des donn\u00e9es, choisissez l&rsquo;un de nos enregistreurs 21CFR, sinon nos enregistreurs standard suffiront.<\/p>\n<p>Utilis\u00e9 en conjonction avec le logiciel Lascar <a href=\"https:\/\/praxas.com\/fr\/logiciel\/logiciel-easylog\/easylog-21cfr-usb\/\"><br \/>\n  <strong>21CFR Part 11 de Lascar<\/strong><br \/>\n<\/a>l&rsquo;enregistreur b\u00e9n\u00e9ficie de toutes les offres de base du logiciel EasyLog original, mais avec des caract\u00e9ristiques 21CFR suppl\u00e9mentaires, y compris des autorisations d&rsquo;utilisateur, des donn\u00e9es crypt\u00e9es qui ne peuvent pas \u00eatre modifi\u00e9es, une piste d&rsquo;audit compl\u00e8te et des signatures \u00e9lectroniques pour toutes les activit\u00e9s.<\/p>\n<p>Configurez facilement l&rsquo;enregistreur et visualisez les donn\u00e9es t\u00e9l\u00e9charg\u00e9es en branchant l&rsquo;appareil sur le port USB d&rsquo;un PC et en utilisant le logiciel gratuit 21CFR Part 11 fourni. Fourni avec une \u00bd pile AA et un clip de fixation murale.<\/p>\n<p>Ce produit est conforme \u00e0 la norme BS EN 12830:2018 (Enregistreurs de temp\u00e9rature pour le transport, le stockage et la distribution de marchandises sensibles \u00e0 la temp\u00e9rature).<\/p>\n<p><strong>VEUILLEZ NOTER<\/strong>: Vous pouvez ajouter jusqu&rsquo;\u00e0 DEUX BATTERIES DE RECHANGE pour chaque enregistreur de donn\u00e9es command\u00e9. Si vous souhaitez commander une quantit\u00e9 sup\u00e9rieure, veuillez contacter votre bureau de vente local. <a href=\"https:\/\/praxas.com\/fr\/contactez-nous\/\"><br \/>\n  <strong>bureau de vente local<\/strong><br \/>\n<\/a> pour obtenir des informations sur l&rsquo;exp\u00e9dition sp\u00e9ciale.<\/p>\n","protected":false},"excerpt":{"rendered":"<p>21CFR USB Thermistor Probe Logger with Display (Enregistreur de sondes thermom\u00e9triques USB avec affichage)<\/p>\n","protected":false},"featured_media":30572,"template":"","meta":{"_acf_changed":false,"content-type":"","_uag_custom_page_level_css":""},"product_brand":[],"product_cat":[1238],"product_tag":[1246,1228,2434,1241,1244,1260],"class_list":{"0":"post-30571","1":"product","2":"type-product","3":"status-publish","4":"has-post-thumbnail","6":"product_cat-enregistreurs-de-donnees-de-temperature","7":"product_tag-21cfr-fr","8":"product_tag-affichage","9":"product_tag-easylog-fr","10":"product_tag-sonde-externe","11":"product_tag-thermistance","12":"product_tag-usb-fr","14":"first","15":"instock","16":"taxable","17":"shipping-taxable","18":"purchasable","19":"product-type-simple"},"bundled_by":[],"bundle_stock_status":"instock","bundle_stock_quantity":81,"bundle_virtual":false,"bundle_layout":"","bundle_add_to_cart_form_location":"","bundle_editable_in_cart":false,"bundle_sold_individually_context":"","bundle_item_grouping":"","bundle_min_size":"","bundle_max_size":"","bundle_price":[],"bundled_items":[],"bundle_sell_ids":[],"acf":[],"spectra_custom_meta":{"_download_limit":["-1"],"_download_expiry":["-1"],"_downloadable":["no"],"_sku":["EL-21CFR-TP-LCD"],"_stock_status":["instock"],"_sold_individually":["no"],"_tax_class":[""],"_tax_status":["taxable"],"_virtual":["no"],"_weight":["0.113"],"_width":["0"],"_height":["0"],"_length":["0"],"total_sales":["19"],"_product_datasheet":["field_650ad7d6ea3a0"],"_connectivity":["field_64dce263bb57c"],"brand":["EasyLog"],"_brand":["field_64ddf62ed2593"],"_brand_image":["field_650c5e7c84cae"],"_specifications_table":["field_65044e1db92a8"],"_resources":["field_650849c6945ee"],"_accessories":["field_650849e6945f0"],"_faqs":["field_650859523d8d5"],"_calibration_suitable_ids_gb":["field_654b4c4acb54a"],"_calibration_suitable_ids_us":["field_654b4c56cb54b"],"_show_in_calibration_suitable":["field_654cfb691d345"],"_usd_price_4":["field_651570dcac479"],"_usd_price_9":["field_6515713eb4807"],"_usd_price_24":["field_65157141b4809"],"_usd_price_49":["field_65157140b4808"],"_usd_price_99":["field_6515715bb480a"],"_gbp_price_4":["field_6515716e83bfa"],"_gbp_price_9":["field_6515724783bfb"],"_gbp_price_24":["field_6515724b83bfc"],"_gbp_price_49":["field_6515725983bfd"],"_gbp_price_99":["field_6515725d83bfe"],"_usdhk_price_4":["field_6515726f83bff"],"_usdhk_price_9":["field_6515727c83c00"],"_usdhk_price_24":["field_6515728083c01"],"_usdhk_price_49":["field_6515728983c02"],"_usdhk_price_99":["field_6515728e83c03"],"stock_options":["In stock"],"_stock_options":["field_6544b605dc7f9"],"_top_nav_excluded":[""],"_cms_nav_minihome":[""],"calibration":[""],"wcml_sync_hash":["a:1:{s:15:\"postmeta_fields\";s:32:\"2af5eb82b8bedbd55d48c6a858db94eb\";}"],"attr_label_translations":["a:0:{}"],"_product_image_gallery":["30573,30574,30575,30576,30577"],"_thumbnail_id":["30572"],"_crosssell_ids":["a:0:{}"],"_stock":["81.000000"],"connectivity":["USB"],"_display_data_alarm":["field_667d647bcb066"],"_calibration":["field_66a0ddd599972"],"_other_features":["field_668524f8c98a4"],"_shipping":["field_66852535c98a5"],"_refrigerant_cabinet":["field_66852557c98a6"],"_main_specifications":["field_66855b25b1245"],"_edit_lock":["1721922485:8383"],"classic-editor-remember":["classic-editor"],"rank_math_seo_score":["74"],"_edit_last":["8383"],"commercekit_gallery_layout":[""],"commercekit_disable_sticky_atc":["0"],"commercekit_wc_video_gallery":["a:0:{}"],"_rank_math_gtin_code":[""],"_wcml_average_rating":[null],"_wcml_review_count":[null],"_wcml_rating_count":[null],"_wc_average_rating":[0],"_wc_review_count":["0"],"_product_version":["9.1.2"],"display_data_alarm":[""],"calibration_suitable_ids_gb":[""],"calibration_suitable_ids_us":[""],"show_in_calibration_suitable":[""],"other_features":[""],"shipping":[""],"refrigerant_cabinet":[""],"main_specifications":[""],"shoptimizer_layout_pdp_short_description_position":["default"],"rank_math_primary_product_cat":["0"],"product_datasheet":["10437"],"brand_image":["10467"],"_wpml_media_duplicate":["1"],"_wpml_media_featured":["1"],"_last_translation_edit_mode":["translation-editor"],"_product_attributes":["a:2:{s:16:\"pa_product-brand\";a:6:{s:4:\"name\";s:16:\"pa_product-brand\";s:5:\"value\";s:0:\"\";s:8:\"position\";i:0;s:10:\"is_visible\";i:1;s:12:\"is_variation\";i:0;s:11:\"is_taxonomy\";i:1;}s:19:\"pa_product-features\";a:6:{s:4:\"name\";s:19:\"pa_product-features\";s:5:\"value\";s:0:\"\";s:8:\"position\";i:1;s:10:\"is_visible\";i:1;s:12:\"is_variation\";i:0;s:11:\"is_taxonomy\";i:1;}}"],"_backorders":["no"],"_manage_stock":["no"],"min_temp":["-40"],"max_temp":["125"],"_min_temp":["field_67ea5eb4e0a77"],"_max_temp":["field_67ea5f81e0a79"],"_wpml_word_count":["361"],"_global_unique_id":["5056744400236"],"rank_math_title":["EL-21CFR-TP-LCD | 21CFR Thermistor Probe Logger with Display (Enregistreur de sondes \u00e0 thermistance avec affichage)"],"rank_math_description":["Le EL-21CFR-TP-LCD de Lascar est un enregistreur de donn\u00e9es conforme \u00e0 la norme 21CFR qui enregistre et affiche plus de 32 000 relev\u00e9s de temp\u00e9rature \u00e0 partir de la sonde thermistorique fournie."],"rank_math_focus_keyword":["EL-21CFR-TP-LCD"],"specifications_table":["<table class=\"specifications\">\n<tbody>\n<tr class=\"even-row\">\n<td class=\"left-td\">Plage de mesure<\/td>\n<td>De -40 \u00e0 125\u00b0C (de -40 \u00e0 257\u00b0F)<\/td>\n<\/tr>\n<tr class=\"odd-row\">\n<td class=\"left-td\">Pr\u00e9cision<\/td>\n<td>\u00b10,6\u00b0C (-5 \u00e0 40\u00b0C)<\/td>\n<\/tr>\n<tr class=\"even-row\">\n<td class=\"left-td\">Taux d'enregistrement<\/td>\n<td>S\u00e9lectionnable par l'utilisateur entre 1 seconde et 12 heures<\/td>\n<\/tr>\n<tr class=\"odd-row\">\n<td class=\"left-td\">Temp\u00e9rature de fonctionnement<\/td>\n<td>De -35 \u00e0 80\u00b0C (de -31 \u00e0 176\u00b0F)<\/td>\n<\/tr>\n<tr class=\"even-row\">\n<td class=\"left-td\">Dur\u00e9e de vie de la batterie<\/td>\n<td>2 ans<\/td>\n<\/tr>\n<tr class=\"odd-row\">\n<td class=\"left-td\">Longueur du c\u00e2ble de la sonde<\/td>\n<td>1m (39.4\")<\/td>\n<\/tr>\n<\/tbody>\n<\/table>"],"resources":["<ul class=\"resources-list\">\n \t<li><img src=\"https:\/\/praxas.com\/wp-content\/uploads\/document-icon.png\" alt=\"Ic\u00f4ne de document\"><a href=\"https:\/\/praxas.com\/wp-content\/uploads\/easylog-data-logger-el-21cfr-tp-lcd-iss3_10-18.pdf\" target=\"_blank\" rel=\"noopener\">Fiche technique EL-21CFR-TP-LCD<\/a><\/li>\n \t<li><img src=\"https:\/\/praxas.com\/wp-content\/uploads\/software-icon.png\" alt=\"Ic\u00f4ne du logiciel\"><a href=\"https:\/\/praxas.com\/software\/easylog-software\/easylog-21cfr-usb\/\" target=\"_blank\" rel=\"noopener\">Logiciel EasyLog 21CFR<\/a><\/li>\n \t<li><img src=\"https:\/\/praxas.com\/wp-content\/uploads\/document-icon.png\" alt=\"Ic\u00f4ne de document\">\n<a href=\"https:\/\/praxas.com\/wp-content\/uploads\/el-21cfr_quick-start-guide_iss2_07-26_singlepageversion.pdf\" target=\"_blank\" rel=\"noopener\">Guide de d\u00e9marrage rapide EL-21CFR-TP-LCD<\/a><\/li>\n \t<li><img src=\"https:\/\/praxas.com\/wp-content\/uploads\/document-icon.png\" alt=\"Ic\u00f4ne de document\">\n<a href=\"https:\/\/praxas.com\/wp-content\/uploads\/el-usb-range-includes-el-gfx-range-troubleshooting.pdf\" target=\"_blank\" rel=\"noopener\">D\u00e9pannage de la gamme EL-USB<\/a><\/li>\n \t<li><img src=\"https:\/\/praxas.com\/wp-content\/uploads\/video-icon-orange.png\" alt=\"Ic\u00f4ne vid\u00e9o\">\n<a href=\"https:\/\/www.youtube.com\/watch?v=cJpI4-i63Tk&list=PL_yZedoZ_7MrSRnF7Sh4M-BymVVqeuO2p\" target=\"_blank\" rel=\"noopener\">21CFR Tutorial Videos<\/a><\/li>\n \t<li><img src=\"https:\/\/praxas.com\/wp-content\/uploads\/document-icon.png\" alt=\"Ic\u00f4ne de document\"><a href=\"https:\/\/praxas.com\/wp-content\/uploads\/Declaration-of-Conformity_EasyLog_iss26.pdf\" target=\"_blank\" rel=\"noopener\">EL-21CFR-TP-LCD D\u00e9claration de conformit\u00e9<\/a><\/li>\n \t<li><img src=\"https:\/\/praxas.com\/wp-content\/uploads\/document-icon.png\" alt=\"Ic\u00f4ne de document\"><a href=\"https:\/\/praxas.com\/wp-content\/uploads\/bs-en-12830-record-of-compliance-issue-1.pdf\" target=\"_blank\" rel=\"noopener\">BS EN 12830:2018 Attestation de conformit\u00e9<\/a><\/li>\n \t<li><img src=\"https:\/\/praxas.com\/wp-content\/uploads\/document-icon.png\" alt=\"Ic\u00f4ne de document\"><a href=\"https:\/\/praxas.com\/wp-content\/uploads\/declaration-of-conformity_easylog_useonaircraft_iss2-2.pdf\" target=\"_blank\" rel=\"noopener\">D\u00e9claration d'utilisation sur les a\u00e9ronefs<\/a><\/li>\n \t<li><img src=\"https:\/\/praxas.com\/wp-content\/uploads\/document-icon.png\" alt=\"Ic\u00f4ne de document\"><a href=\"https:\/\/praxas.com\/wp-content\/uploads\/21cfr-requirements-checklist_issue_3-04_2020-usb.pdf\" target=\"_blank\" rel=\"noopener\">Liste de contr\u00f4le des exigences du 21CFR<\/a><\/li>\n<\/ul>\n<a class=\"button button-secondary\" href=\"https:\/\/praxas.com\/support\/\">Plus de soutien<\/a>"],"accessories":["[products skus=\"BAT 3V6 1\/2AA,EL-P-TP+,EL-P-TP,EL-P-VAC,EL-PROBE-EXTENDER-5M,EL-PROBE-EXTENDER-1.5M,EL-PROBE-EXTENDER-3M,EL-PROBE-EXTENDER-10M,Fridge Install Kit-TP\"]"],"faqs":["<span class=\"ui-provider bge bgf bgd bgg bgh bgi bgj bgk bgl bgm bgn bgo bgp bgq bgr bgs bgt bgu bgv bgw bgx bgy bgz bha bhb bhc bhd bhe bhf bhg bhh bhi bhj bhk bhl\" dir=\"ltr\">[accordion]\n[accordion_header]Pouvez-vous nous expliquer ce qu'est le 21CFR Part 11 ?[\/accordion_header]\n[accordion_section]Le Code of Federal Regulations 21 Part 11 de la FDA (Food & Drugs Administration) des \u00c9tats-Unis est une extension de la r\u00e9glementation existante qui d\u00e9finit les enregistrements et les signatures \u00e9lectroniques qui doivent \u00eatre consid\u00e9r\u00e9s comme exacts pour remplacer les enregistrements papier dans l'industrie pharmaceutique et m\u00e9dicale. Notre syst\u00e8me a \u00e9t\u00e9 con\u00e7u pour aider les entreprises \u00e0 se conformer \u00e0 ces r\u00e9glementations.[\/accordion_section]\n[\/accordion]<\/span>\n\n<span class=\"ui-provider bge bgf bgd bgg bgh bgi bgj bgk bgl bgm bgn bgo bgp bgq bgr bgs bgt bgu bgv bgw bgx bgy bgz bha bhb bhc bhd bhe bhf bhg bhh bhi bhj bhk bhl\" dir=\"ltr\">[accordion]\n[accordion_header]Pourquoi mes piles ne fonctionnent-elles pas ?[\/accordion_header]\n[accordion_section]Si elles restent inutilis\u00e9es pendant de longues p\u00e9riodes, les piles au lithium m\u00e9tal, y compris celles utilis\u00e9es dans la gamme d'enregistreurs de donn\u00e9es EasyLog, forment naturellement une couche interne non conductrice - une couche de passivation - qui les emp\u00eache de s'autod\u00e9charger et augmente efficacement leur dur\u00e9e de conservation. Lorsqu'il est install\u00e9 pour la premi\u00e8re fois dans l'enregistreur de donn\u00e9es, il peut provoquer une chute momentan\u00e9e de la tension de la batterie (tension minimale transitoire) lorsque la couche interne est d\u00e9compos\u00e9e, ce qui entra\u00eene la r\u00e9initialisation de l'enregistreur de donn\u00e9es. Si vous ins\u00e9rez les piles dans l'enregistreur de donn\u00e9es et que vous le laissez connect\u00e9 \u00e0 un PC pendant environ 30 secondes, vous \u00e9liminerez cette couche. Ensuite, retirez et r\u00e9installez les piles pour r\u00e9initialiser l'enregistreur de donn\u00e9es. L'autonomie globale de la batterie ne sera pas affect\u00e9e.[\/accordion_section]\n[\/accordion]<\/span>\n\n<a class=\"button button-secondary\" href=\"\/support\/21cfr-data-loggers\/\">Plus de soutien<\/a>"],"usd_price_4":["0.00"],"usd_price_9":["0.00"],"usd_price_24":["0.00"],"usd_price_49":["0.00"],"usd_price_99":["0.00"],"gbp_price_4":["0.00"],"gbp_price_9":["0.00"],"gbp_price_24":["89.99"],"gbp_price_49":["0.00"],"gbp_price_99":["79.99"],"usdhk_price_4":["0.00"],"usdhk_price_9":["0.00"],"usdhk_price_24":["121.49"],"usdhk_price_49":["0.00"],"usdhk_price_99":["107.99"],"_uag_page_assets":["a:9:{s:3:\"css\";s:0:\"\";s:2:\"js\";s:0:\"\";s:18:\"current_block_list\";a:0:{}s:8:\"uag_flag\";b:0;s:11:\"uag_version\";s:10:\"1775212209\";s:6:\"gfonts\";a:0:{}s:10:\"gfonts_url\";s:0:\"\";s:12:\"gfonts_files\";a:0:{}s:14:\"uag_faq_layout\";b:0;}"],"hubwoo_ecomm_pro_id":["25284277332"],"_regular_price":["130.4"],"_price":["130.4"],"_max_variation_price":[""],"_max_variation_regular_price":[""],"_max_variation_sale_price":[""],"_min_variation_price":[""],"_min_variation_regular_price":[""],"_min_variation_sale_price":[""],"_sale_price":[""],"_wc_pb_base_regular_price":[""],"_wc_pb_base_sale_price":[""],"_wc_pb_base_price":[""],"_wc_sw_max_price":[""],"_wc_sw_max_regular_price":[""],"_wc_rating_count":[""]},"uagb_featured_image_src":{"full":["https:\/\/praxas.com\/wp-content\/uploads\/easylog-data-logger-EL-21CFR-TP-LCD-Angle_Probe-Logo.png",800,463,false],"thumbnail":["https:\/\/praxas.com\/wp-content\/uploads\/easylog-data-logger-EL-21CFR-TP-LCD-Angle_Probe-Logo-150x150.png",150,150,true],"medium":["https:\/\/praxas.com\/wp-content\/uploads\/easylog-data-logger-EL-21CFR-TP-LCD-Angle_Probe-Logo-300x174.png",300,174,true],"medium_large":["https:\/\/praxas.com\/wp-content\/uploads\/easylog-data-logger-EL-21CFR-TP-LCD-Angle_Probe-Logo-768x444.png",768,444,true],"large":["https:\/\/praxas.com\/wp-content\/uploads\/easylog-data-logger-EL-21CFR-TP-LCD-Angle_Probe-Logo.png",800,463,false],"1536x1536":["https:\/\/praxas.com\/wp-content\/uploads\/easylog-data-logger-EL-21CFR-TP-LCD-Angle_Probe-Logo.png",800,463,false],"2048x2048":["https:\/\/praxas.com\/wp-content\/uploads\/easylog-data-logger-EL-21CFR-TP-LCD-Angle_Probe-Logo.png",800,463,false],"crunchify-admin-post-featured-image":["https:\/\/praxas.com\/wp-content\/uploads\/easylog-data-logger-EL-21CFR-TP-LCD-Angle_Probe-Logo-120x69.png",120,69,true],"commercegurus-pdp-large":["https:\/\/praxas.com\/wp-content\/uploads\/easylog-data-logger-EL-21CFR-TP-LCD-Angle_Probe-Logo.png",800,463,false],"commercegurus-plp-mobile":["https:\/\/praxas.com\/wp-content\/uploads\/easylog-data-logger-EL-21CFR-TP-LCD-Angle_Probe-Logo-441x255.png",441,255,true],"cgkit_image_swatch":["https:\/\/praxas.com\/wp-content\/uploads\/easylog-data-logger-EL-21CFR-TP-LCD-Angle_Probe-Logo-100x100.png",100,100,true],"woocommerce_thumbnail":["https:\/\/praxas.com\/wp-content\/uploads\/easylog-data-logger-EL-21CFR-TP-LCD-Angle_Probe-Logo-300x174.png",300,174,true],"woocommerce_single":["https:\/\/praxas.com\/wp-content\/uploads\/easylog-data-logger-EL-21CFR-TP-LCD-Angle_Probe-Logo.png",800,463,false],"woocommerce_gallery_thumbnail":["https:\/\/praxas.com\/wp-content\/uploads\/easylog-data-logger-EL-21CFR-TP-LCD-Angle_Probe-Logo-150x87.png",150,87,true]},"uagb_author_info":{"display_name":"AndyS","author_link":"https:\/\/praxas.com\/fr\/author\/"},"uagb_comment_info":0,"uagb_excerpt":"21CFR USB Thermistor Probe Logger with Display (Enregistreur de sondes thermom\u00e9triques USB avec affichage)","_links":{"self":[{"href":"https:\/\/praxas.com\/fr\/wp-json\/wp\/v2\/product\/30571","targetHints":{"allow":["GET"]}}],"collection":[{"href":"https:\/\/praxas.com\/fr\/wp-json\/wp\/v2\/product"}],"about":[{"href":"https:\/\/praxas.com\/fr\/wp-json\/wp\/v2\/types\/product"}],"wp:featuredmedia":[{"embeddable":true,"href":"https:\/\/praxas.com\/fr\/wp-json\/wp\/v2\/media\/30572"}],"wp:attachment":[{"href":"https:\/\/praxas.com\/fr\/wp-json\/wp\/v2\/media?parent=30571"}],"wp:term":[{"taxonomy":"product_brand","embeddable":true,"href":"https:\/\/praxas.com\/fr\/wp-json\/wp\/v2\/product_brand?post=30571"},{"taxonomy":"product_cat","embeddable":true,"href":"https:\/\/praxas.com\/fr\/wp-json\/wp\/v2\/product_cat?post=30571"},{"taxonomy":"product_tag","embeddable":true,"href":"https:\/\/praxas.com\/fr\/wp-json\/wp\/v2\/product_tag?post=30571"}],"curies":[{"name":"wp","href":"https:\/\/api.w.org\/{rel}","templated":true}]}}