{"id":30688,"date":"2023-07-27T03:27:00","date_gmt":"2023-07-27T01:27:00","guid":{"rendered":"https:\/\/staging.praxas.com\/product\/non%20class\u00e9\/alerte-sans-fil-tp\/"},"modified":"2025-10-08T18:13:37","modified_gmt":"2025-10-08T16:13:37","slug":"alerte-sans-fil-tp","status":"publish","type":"product","link":"https:\/\/praxas.com\/fr\/product\/capteurs-dalerte-sans-fil\/temperature\/alerte-sans-fil-tp\/","title":{"rendered":"Alerte sans fil-TP"},"content":{"rendered":"<p>Wireless Alert TP mesure les temp\u00e9ratures entre -40\u00b0C (-40\u00b0F) et 125\u00b0C (257\u00b0F). Il avertit l&rsquo;utilisateur par courrier \u00e9lectronique lorsque la temp\u00e9rature d\u00e9passe les limites fix\u00e9es par l&rsquo;utilisateur et lorsque la temp\u00e9rature revient \u00e0 l&rsquo;int\u00e9rieur de ces limites.<\/p>\n<p>L&rsquo;installation ne pourrait pas \u00eatre plus facile. Suivez simplement le guide \u00e9tape par \u00e9tape dans l&rsquo;application mobile gratuite Wireless Alert (disponible sur <strong><br \/>\n  <a href=\"https:\/\/play.google.com\/store\/apps\/details?id=com.wirelessalert&amp;hl=en\" target=\"_blank\" rel=\"noopener\">Google Play<\/a><br \/>\n<\/strong> et sur l <strong><br \/>\n  <a href=\"https:\/\/apps.apple.com\/us\/app\/wireless-alert\/id1480385262\" target=\"_blank\" rel=\"noopener\">App Store<\/a><br \/>\n<\/strong>). Lors de la configuration, l&rsquo;utilisateur peut entrer une adresse \u00e9lectronique de contact et configurer les limites de temp\u00e9rature haute et\/ou basse. D\u00e8s que l&rsquo;appareil d\u00e9tecte des temp\u00e9ratures en dehors des limites pr\u00e9d\u00e9finies, une alerte par courrier \u00e9lectronique est envoy\u00e9e \u00e0 l&rsquo;adresse configur\u00e9e et un indicateur LED clignote sur l&rsquo;appareil, avertissant visuellement les personnes pr\u00e9sentes.<\/p>\n<p>R\u00e9sultat : une action corrective rapide peut \u00eatre entreprise pour rem\u00e9dier au probl\u00e8me de temp\u00e9rature, \u00e9viter d&rsquo;endommager les mat\u00e9riaux sensibles \u00e0 la temp\u00e9rature ou assurer le confort des occupants du b\u00e2timent.<\/p>\n<p>L&rsquo;appareil peut \u00e9galement envoyer des rapports r\u00e9capitulatifs quotidiens\/hebdomadaires\/mensuels (au choix de l&rsquo;utilisateur), d\u00e9taillant les temp\u00e9ratures minimales, maximales et moyennes, ainsi que le niveau de la batterie, le nombre de notifications envoy\u00e9es et le temps total pass\u00e9 en mode d&rsquo;alerte.<\/p>\n","protected":false},"excerpt":{"rendered":"<p>Contr\u00f4le de la temp\u00e9rature avec alertes par courrier \u00e9lectronique<\/p>\n","protected":false},"featured_media":30689,"template":"","meta":{"_acf_changed":false,"content-type":"","_uag_custom_page_level_css":""},"product_brand":[],"product_cat":[1269],"product_tag":[1466,1241,1244,1227],"class_list":{"0":"post-30688","1":"product","2":"type-product","3":"status-publish","4":"has-post-thumbnail","6":"product_cat-temperature","7":"product_tag-alerte-sans-fil","8":"product_tag-sonde-externe","9":"product_tag-thermistance","10":"product_tag-wifi-fr","12":"first","13":"instock","14":"taxable","15":"shipping-taxable","16":"purchasable","17":"product-type-simple"},"bundled_by":[],"bundle_stock_status":"instock","bundle_stock_quantity":83,"bundle_virtual":false,"bundle_layout":"","bundle_add_to_cart_form_location":"","bundle_editable_in_cart":false,"bundle_sold_individually_context":"","bundle_item_grouping":"","bundle_min_size":"","bundle_max_size":"","bundle_price":[],"bundled_items":[],"bundle_sell_ids":[],"acf":[],"spectra_custom_meta":{"_wcml_average_rating":[null],"_wcml_review_count":[null],"_wcml_rating_count":[null],"_download_limit":["-1","-1"],"_download_expiry":["-1","-1"],"_downloadable":["no","no"],"_sku":["Wireless Alert TP","Wireless Alert TP"],"_stock_status":["instock","instock","instock","instock","instock"],"_sold_individually":["no","no"],"_tax_class":["",""],"_tax_status":["taxable","taxable"],"_virtual":["no","no"],"_weight":["0"],"_width":["0"],"_height":["0"],"_length":["0","0"],"total_sales":["24","24"],"product_datasheet":["10330"],"_product_datasheet":["field_650ad7d6ea3a0"],"connectivity":["WiFi","WiFi"],"_connectivity":["field_64dce263bb57c","field_64dce263bb57c"],"brand":["EasyLog","EasyLog"],"_brand":["field_64ddf62ed2593","field_64ddf62ed2593"],"brand_image":[""],"_brand_image":["field_650c5e7c84cae"],"_specifications_table":["field_65044e1db92a8"],"_display_data_alarm":["field_667d647bcb066"],"_resources":["field_650849c6945ee"],"_accessories":["field_650849e6945f0","field_650849e6945f0"],"_faqs":["field_650859523d8d5"],"_calibration_suitable_ids_gb":["field_654b4c4acb54a"],"_calibration_suitable_ids_us":["field_654b4c56cb54b"],"_show_in_calibration_suitable":["field_654cfb691d345"],"_usd_price_4":["field_651570dcac479"],"_usd_price_9":["field_6515713eb4807"],"_usd_price_24":["field_65157141b4809"],"_usd_price_49":["field_65157140b4808"],"_usd_price_99":["field_6515715bb480a"],"_gbp_price_4":["field_6515716e83bfa"],"_gbp_price_9":["field_6515724783bfb"],"_gbp_price_24":["field_6515724b83bfc"],"_gbp_price_49":["field_6515725983bfd"],"_gbp_price_99":["field_6515725d83bfe"],"_usdhk_price_4":["field_6515726f83bff"],"_usdhk_price_9":["field_6515727c83c00"],"_usdhk_price_24":["field_6515728083c01"],"_usdhk_price_49":["field_6515728983c02"],"_usdhk_price_99":["field_6515728e83c03"],"stock_options":["In stock"],"_stock_options":["field_6544b605dc7f9"],"_top_nav_excluded":[""],"_cms_nav_minihome":[""],"wcml_sync_hash":["a:1:{s:15:\"postmeta_fields\";s:32:\"ff671f1300ac9f04f06877e3d01a4300\";}"],"attr_label_translations":["a:0:{}"],"_product_attributes":["a:2:{s:16:\"pa_product-brand\";a:6:{s:4:\"name\";s:16:\"pa_product-brand\";s:5:\"value\";s:0:\"\";s:8:\"position\";i:0;s:10:\"is_visible\";i:1;s:12:\"is_variation\";i:0;s:11:\"is_taxonomy\";i:1;}s:19:\"pa_product-features\";a:6:{s:4:\"name\";s:19:\"pa_product-features\";s:5:\"value\";s:0:\"\";s:8:\"position\";i:1;s:10:\"is_visible\";i:1;s:12:\"is_variation\";i:0;s:11:\"is_taxonomy\";i:1;}}"],"_product_image_gallery":["30690,30691,30692,30693,30694"],"_thumbnail_id":["30689"],"_crosssell_ids":["a:0:{}"],"_stock":["83.000000"],"_calibration":["field_66a0ddd599972"],"_other_features":["field_668524f8c98a4"],"_shipping":["field_66852535c98a5"],"_refrigerant_cabinet":["field_66852557c98a6"],"_main_specifications":["field_66855b25b1245"],"_last_translation_edit_mode":["translation-editor"],"_backorders":["no","no"],"_manage_stock":["no","no"],"min_temp":["-40"],"max_temp":["125"],"_min_temp":["field_67ea5eb4e0a77"],"_max_temp":["field_67ea5f81e0a79"],"_wpml_word_count":["256"],"rank_math_primary_product_cat":["143","143"],"_regular_price":["40.02","40.02"],"_price":["40.02","40.02"],"rank_math_title":["Wireless Alert TP | Capteur de temp\u00e9rature avec sonde | Praxas"],"rank_math_description":["Le Wireless Alert TP mesure des temp\u00e9ratures comprises entre -40\u00b0C et 125\u00b0C. Il avertit l'utilisateur par courrier \u00e9lectronique lorsque la temp\u00e9rature d\u00e9passe les limites fix\u00e9es par l'utilisateur et qu'elle revient."],"rank_math_focus_keyword":["Alerte sans fil TP"],"specifications_table":["<table class=\"specifications\">\n<tbody>\n<tr class=\"even-row\">\n<td class=\"left-td\">Plage de mesure<\/td>\n<td>\n<div class=\"product-specification__value col-m-6\">-40 \u00e0 +125\u00b0C<\/div>\n<div class=\"product-specification__value col-m-6\">De -40 \u00e0 +257\u00b0F<\/div><\/td>\n<\/tr>\n<tr class=\"odd-row\">\n<td class=\"left-td\">Temp\u00e9rature de fonctionnement de l'appareil<\/td>\n<td>\n<div class=\"product-specification__value col-m-6\">-18 \u00e0 +55\u00b0C<\/div>\n<div>De -0 \u00e0 +131\u00b0F<\/div><\/td>\n<\/tr>\n<tr class=\"even-row\">\n<td class=\"left-td\">R\u00e9solution de la mesure<\/td>\n<td>\n<div class=\"product-specification__value col-m-6\">1\u00b0C<\/div>\n<div>1\u00b0F<\/div><\/td>\n<\/tr>\n<tr class=\"odd-row\">\n<td class=\"left-td\">Pr\u00e9cision de la mesure<\/td>\n<td>\n<div class=\"product-specification__value col-m-6\">\u00b11\u00b0C (-40 \u00e0 +80\u00b0C)<\/div>\n<div>\u00b12\u00b0F (-40 \u00e0 +176\u00b0F)<\/div><\/td>\n<\/tr>\n<tr class=\"even-row\">\n<td class=\"left-td\">Temps de r\u00e9ponse<\/td>\n<td><1 minute<\/td>\n<\/tr>\n<tr class=\"odd-row\">\n<td class=\"left-td\">\n<div class=\"product-specification__value col-m-6\">Conditions environnementales<\/div><\/td>\n<td>Dispositif : utilisation en int\u00e9rieur uniquement (IP5X)\nSonde : \u00e9tanche (IP67)<\/td>\n<\/tr>\n<tr class=\"even-row\">\n<td class=\"left-td\">\n<div class=\"product-specification__value col-m-6\">Longueur de la sonde<\/div><\/td>\n<td>1.5m<\/td>\n<\/tr>\n<tr class=\"odd-row\">\n<td class=\"left-td\">Dimensions du produit (sans la sonde)<\/td>\n<td>\n<div class=\"product-specification__value col-m-6\">69 x 32 x 22 mm<\/div>\n<div>2,7 x 1,3 x 0,9 pouces<\/div><\/td>\n<\/tr>\n<tr class=\"even-row\">\n<td class=\"left-td\">Type de batterie<\/td>\n<td>\n<div class=\"product-specification__value col-m-6\">2 1,5V Alcaline LR03\/UM4\/AAA<\/div><\/td>\n<\/tr>\n<tr class=\"odd-row\">\n<td class=\"left-td\">Dur\u00e9e de vie de la batterie<\/td>\n<td>2 ans<\/td>\n<\/tr>\n<\/tbody>\n<\/table>"],"resources":["<ul class=\"resources-list\">\n \t<li><img src=\"https:\/\/praxas.com\/wp-content\/uploads\/document-icon.png\" alt=\"Ic\u00f4ne de document\"><a href=\"https:\/\/praxas.com\/wp-content\/uploads\/wireless-alert_tp_datasheet_issue_5_30-09-2020.pdf\" target=\"_blank\" rel=\"noopener\">Fiche technique Wireless Alert TP<\/a><\/li>\n \t<li><img src=\"https:\/\/praxas.com\/wp-content\/uploads\/document-icon.png\" alt=\"Ic\u00f4ne de document\">\n<a href=\"https:\/\/praxas.com\/wp-content\/uploads\/wireless-alert-qsg.pdf\" target=\"_blank\" rel=\"noopener\">Guide de d\u00e9marrage rapide de l'alerte sans fil<\/a><\/li>\n \t<li><img src=\"https:\/\/praxas.com\/wp-content\/uploads\/document-icon.png\" alt=\"Ic\u00f4ne de document\"><a href=\"https:\/\/praxas.com\/wp-content\/uploads\/wireless_alert_doc_iss296137wireless_alert_doc_iss2.pdf\" target=\"_blank\" rel=\"noopener\">D\u00e9claration de conformit\u00e9 de Wireless Alert<\/a><\/li>\n<\/ul>\n\u00a0"],"accessories":["<!-- Fridge Install Kit-TPTemperature Probe Installation Pack -->\n\n[products skus=\"Fridge Install Kit-TP\"]","<!-- Fridge Install Kit-TPTemperature Probe Installation Pack -->\n\n[products skus=\"Fridge Install Kit-TP\"]"],"show_in_calibration_suitable":["1"],"usd_price_4":["0.00"],"usd_price_9":["0.00"],"usd_price_24":["0.00"],"usd_price_49":["0.00"],"usd_price_99":["0.00"],"gbp_price_4":["0.00"],"gbp_price_9":["0.00"],"gbp_price_24":["31.05"],"gbp_price_49":["0.00"],"gbp_price_99":["27.60"],"usdhk_price_4":["0.00"],"usdhk_price_9":["0.00"],"usdhk_price_24":["42.29"],"usdhk_price_49":["0.00"],"usdhk_price_99":["37.59"],"_uag_page_assets":["a:9:{s:3:\"css\";s:0:\"\";s:2:\"js\";s:0:\"\";s:18:\"current_block_list\";a:0:{}s:8:\"uag_flag\";b:0;s:11:\"uag_version\";s:10:\"1775212209\";s:6:\"gfonts\";a:0:{}s:10:\"gfonts_url\";s:0:\"\";s:12:\"gfonts_files\";a:0:{}s:14:\"uag_faq_layout\";b:0;}"],"hubwoo_ecomm_pro_id":["2696737432"],"_max_variation_price":[""],"_max_variation_regular_price":[""],"_max_variation_sale_price":[""],"_min_variation_price":[""],"_min_variation_regular_price":[""],"_min_variation_sale_price":[""],"_sale_price":[""],"_wc_pb_base_regular_price":[""],"_wc_pb_base_sale_price":[""],"_wc_pb_base_price":[""],"_wc_sw_max_price":[""],"_wc_sw_max_regular_price":[""],"_wc_rating_count":[""],"_wc_review_count":[""],"_wc_average_rating":[0]},"uagb_featured_image_src":{"full":["https:\/\/praxas.com\/wp-content\/uploads\/Wireless_Alert-TP-Straight-no-light.png",800,463,false],"thumbnail":["https:\/\/praxas.com\/wp-content\/uploads\/Wireless_Alert-TP-Straight-no-light-150x150.png",150,150,true],"medium":["https:\/\/praxas.com\/wp-content\/uploads\/Wireless_Alert-TP-Straight-no-light-300x174.png",300,174,true],"medium_large":["https:\/\/praxas.com\/wp-content\/uploads\/Wireless_Alert-TP-Straight-no-light-768x444.png",768,444,true],"large":["https:\/\/praxas.com\/wp-content\/uploads\/Wireless_Alert-TP-Straight-no-light.png",800,463,false],"1536x1536":["https:\/\/praxas.com\/wp-content\/uploads\/Wireless_Alert-TP-Straight-no-light.png",800,463,false],"2048x2048":["https:\/\/praxas.com\/wp-content\/uploads\/Wireless_Alert-TP-Straight-no-light.png",800,463,false],"crunchify-admin-post-featured-image":["https:\/\/praxas.com\/wp-content\/uploads\/Wireless_Alert-TP-Straight-no-light-120x69.png",120,69,true],"commercegurus-pdp-large":["https:\/\/praxas.com\/wp-content\/uploads\/Wireless_Alert-TP-Straight-no-light.png",800,463,false],"commercegurus-plp-mobile":["https:\/\/praxas.com\/wp-content\/uploads\/Wireless_Alert-TP-Straight-no-light-441x255.png",441,255,true],"cgkit_image_swatch":["https:\/\/praxas.com\/wp-content\/uploads\/Wireless_Alert-TP-Straight-no-light-100x100.png",100,100,true],"woocommerce_thumbnail":["https:\/\/praxas.com\/wp-content\/uploads\/Wireless_Alert-TP-Straight-no-light-300x174.png",300,174,true],"woocommerce_single":["https:\/\/praxas.com\/wp-content\/uploads\/Wireless_Alert-TP-Straight-no-light.png",800,463,false],"woocommerce_gallery_thumbnail":["https:\/\/praxas.com\/wp-content\/uploads\/Wireless_Alert-TP-Straight-no-light-150x87.png",150,87,true]},"uagb_author_info":{"display_name":"AndyS","author_link":"https:\/\/praxas.com\/fr\/author\/"},"uagb_comment_info":0,"uagb_excerpt":"Contr\u00f4le de la temp\u00e9rature avec alertes par courrier \u00e9lectronique","_links":{"self":[{"href":"https:\/\/praxas.com\/fr\/wp-json\/wp\/v2\/product\/30688","targetHints":{"allow":["GET"]}}],"collection":[{"href":"https:\/\/praxas.com\/fr\/wp-json\/wp\/v2\/product"}],"about":[{"href":"https:\/\/praxas.com\/fr\/wp-json\/wp\/v2\/types\/product"}],"wp:featuredmedia":[{"embeddable":true,"href":"https:\/\/praxas.com\/fr\/wp-json\/wp\/v2\/media\/30689"}],"wp:attachment":[{"href":"https:\/\/praxas.com\/fr\/wp-json\/wp\/v2\/media?parent=30688"}],"wp:term":[{"taxonomy":"product_brand","embeddable":true,"href":"https:\/\/praxas.com\/fr\/wp-json\/wp\/v2\/product_brand?post=30688"},{"taxonomy":"product_cat","embeddable":true,"href":"https:\/\/praxas.com\/fr\/wp-json\/wp\/v2\/product_cat?post=30688"},{"taxonomy":"product_tag","embeddable":true,"href":"https:\/\/praxas.com\/fr\/wp-json\/wp\/v2\/product_tag?post=30688"}],"curies":[{"name":"wp","href":"https:\/\/api.w.org\/{rel}","templated":true}]}}