{"id":31053,"date":"2024-07-04T12:49:59","date_gmt":"2024-07-04T10:49:59","guid":{"rendered":"https:\/\/staging.praxas.com\/product\/non%20class\u00e9\/grand-congelateur-biomedical-lfe-380\/"},"modified":"2026-01-20T10:15:02","modified_gmt":"2026-01-20T09:15:02","slug":"grand-congelateur-biomedical-lfe-380","status":"publish","type":"product","link":"https:\/\/praxas.com\/fr\/product\/refrigeration_produits\/congelateurs-biomedicaux\/grand-congelateur-biomedical-lfe-380\/","title":{"rendered":"Grand cong\u00e9lateur biom\u00e9dical LFE 380"},"content":{"rendered":"<p>Le cong\u00e9lateur vertical ARCTIKO LFE 380 offre les caract\u00e9ristiques sup\u00e9rieures requises pour les applications biom\u00e9dicales \u00e0 un prix attractif.<\/p>\n<ul>\n<li>Debout<\/li>\n<li>Capacit\u00e9 400L<\/li>\n<li>Gamme -25 \u00b0C \/ -10 \u00b0C<\/li>\n<\/ul>\n","protected":false},"excerpt":{"rendered":"<ul>\n<li>-25 \u00b0C \/ -10 \u00b0C<\/li>\n<li>Mod\u00e8le vertical &#8211; 400L<\/li>\n<li>Technologie \u00e0 compresseur unique<\/li>\n<li>Faible consommation d&rsquo;\u00e9nergie<\/li>\n<li>Refroidissement direct<\/li>\n<li>R\u00e9frig\u00e9rant \u00e9cologique<\/li>\n<li>100% sans HCFC ni CFC<\/li>\n<\/ul>\n","protected":false},"featured_media":31054,"template":"","meta":{"_acf_changed":false,"content-type":"","_uag_custom_page_level_css":""},"product_brand":[],"product_cat":[1472,1501,1439],"product_tag":[2525,2641,2581,2597],"class_list":{"0":"post-31053","1":"product","2":"type-product","3":"status-publish","4":"has-post-thumbnail","6":"product_cat-congelateurs-biomedicaux","7":"product_cat-25c-congelateurs-biomedicaux","8":"product_cat-refrigeration_produits","9":"product_tag-arctiko-fr","10":"product_tag-congelateur","11":"product_tag-flexaline-fr","12":"product_tag-gamme-lfe","13":"product_shipping_class-lourd","15":"first","16":"instock","17":"taxable","18":"shipping-taxable","19":"purchasable","20":"product-type-simple"},"bundled_by":[],"bundle_stock_status":"instock","bundle_stock_quantity":null,"bundle_virtual":false,"bundle_layout":"","bundle_add_to_cart_form_location":"","bundle_editable_in_cart":false,"bundle_sold_individually_context":"","bundle_item_grouping":"","bundle_min_size":"","bundle_max_size":"","bundle_price":[],"bundled_items":[],"bundle_sell_ids":[],"acf":[],"spectra_custom_meta":{"_wcml_average_rating":[null],"_wcml_review_count":[null],"_wcml_rating_count":[null],"_backorders":["no"],"_download_limit":["0"],"_download_expiry":["0"],"_downloadable":["no"],"_manage_stock":["no"],"_sku":["1900037-01"],"_stock_status":["instock"],"_sold_individually":["no"],"_tax_class":[""],"_tax_status":["taxable"],"_virtual":["no"],"_weight":["84"],"_width":["75"],"_height":["192.8"],"_length":["65"],"total_sales":["0"],"product_datasheet":[""],"_product_datasheet":["field_650ad7d6ea3a0"],"connectivity":[""],"_connectivity":["field_64dce263bb57c"],"brand":["Arctiko"],"_brand":["field_64ddf62ed2593"],"brand_image":[""],"_brand_image":["field_650c5e7c84cae"],"_specifications_table":["field_65044e1db92a8"],"_display_data_alarm":["field_667d647bcb066"],"_resources":["field_650849c6945ee"],"_accessories":["field_650849e6945f0"],"_faqs":["field_650859523d8d5"],"_calibration_suitable_ids_gb":["field_654b4c4acb54a"],"_calibration_suitable_ids_us":["field_654b4c56cb54b"],"_show_in_calibration_suitable":["field_654cfb691d345"],"_shipping":["field_66852535c98a5"],"_refrigerant_cabinet":["field_66852557c98a6"],"_main_specifications":["field_66855b25b1245"],"_usd_price_4":["field_651570dcac479"],"_usd_price_9":["field_6515713eb4807"],"_usd_price_24":["field_65157141b4809"],"_usd_price_49":["field_65157140b4808"],"_usd_price_99":["field_6515715bb480a"],"_gbp_price_4":["field_6515716e83bfa"],"_gbp_price_9":["field_6515724783bfb"],"_gbp_price_24":["field_6515724b83bfc"],"_gbp_price_49":["field_6515725983bfd"],"_gbp_price_99":["field_6515725d83bfe"],"_usdhk_price_4":["field_6515726f83bff"],"_usdhk_price_9":["field_6515727c83c00"],"_usdhk_price_24":["field_6515728083c01"],"_usdhk_price_49":["field_6515728983c02"],"_usdhk_price_99":["field_6515728e83c03"],"stock_options":["In stock"],"_stock_options":["field_6544b605dc7f9"],"_top_nav_excluded":[""],"_cms_nav_minihome":[""],"wcml_sync_hash":["a:1:{s:15:\"postmeta_fields\";s:32:\"51bcfef73bef1fd8107b12f78803d13d\";}"],"attr_label_translations":["a:0:{}"],"_product_attributes":["a:4:{s:16:\"pa_product-brand\";a:6:{s:4:\"name\";s:16:\"pa_product-brand\";s:5:\"value\";s:0:\"\";s:8:\"position\";i:0;s:10:\"is_visible\";i:1;s:12:\"is_variation\";i:0;s:11:\"is_taxonomy\";i:1;}s:19:\"pa_product-features\";a:6:{s:4:\"name\";s:19:\"pa_product-features\";s:5:\"value\";s:0:\"\";s:8:\"position\";i:1;s:10:\"is_visible\";i:1;s:12:\"is_variation\";i:0;s:11:\"is_taxonomy\";i:1;}s:11:\"pa_capacity\";a:6:{s:4:\"name\";s:11:\"pa_capacity\";s:5:\"value\";s:0:\"\";s:8:\"position\";i:2;s:10:\"is_visible\";i:1;s:12:\"is_variation\";i:0;s:11:\"is_taxonomy\";i:1;}s:14:\"pa_temperature\";a:6:{s:4:\"name\";s:14:\"pa_temperature\";s:5:\"value\";s:0:\"\";s:8:\"position\";i:3;s:10:\"is_visible\";i:1;s:12:\"is_variation\";i:0;s:11:\"is_taxonomy\";i:1;}}"],"_product_image_gallery":["31055,31056,31057"],"_thumbnail_id":["31054"],"_crosssell_ids":["a:0:{}"],"_last_translation_edit_mode":["translation-editor"],"_calibration":["field_66a0ddd599972"],"min_temp":["-25"],"max_temp":["-10"],"_min_temp":["field_67ea5eb4e0a77"],"_max_temp":["field_67ea5f81e0a79"],"_wpml_word_count":["66"],"hubwoo_ecomm_pro_id":["21526111026"],"rank_math_primary_product_cat":["415"],"_other_features_arctiko":["field_668524f8c98a4"],"shipping":["<table class=\"specifications\">\n<tbody>\n<tr class=\"even-row\">\n<td class=\"left-td\">Poids \u00e0 l'exp\u00e9dition (Kg)<\/td>\n<td>84<\/td>\n<\/tr>\n<tr class=\"odd-row\">\n<td class=\"left-td\">Poids \u00e0 l'exp\u00e9dition (Lb)<\/td>\n<td>185<\/td>\n<\/tr>\n<tr class=\"even-row\">\n<td class=\"left-td\">Dimensions d'exp\u00e9dition LxPxH (cm)<\/td>\n<td>65 x 75 x 192,8<\/td>\n<\/tr>\n<tr class=\"odd-row\">\n<td class=\"left-td\">Dimensions d'exp\u00e9dition LxPxH (pouces)<\/td>\n<td>26 x 30 x 76<\/td>\n<\/tr>\n<tr class=\"even-row\">\n<td class=\"left-td\">Volume d'exp\u00e9dition (m\u00b3)<\/td>\n<td>0.94<\/td>\n<\/tr>\n<tr class=\"odd-row\">\n<td class=\"left-td\">Volume d'exp\u00e9dition (Cu.FT)<\/td>\n<td>33.2<\/td>\n<\/tr>\n<\/tbody>\n<\/table>"],"_regular_price":["2145"],"_price":["2145"],"_other_features":["field_686fa2aa98dce"],"rank_math_title":["%title% %sep% %sitename%"],"rank_math_description":["Le cong\u00e9lateur vertical Arctiko Flexaline\u2122 LFE 380 offre les caract\u00e9ristiques sup\u00e9rieures requises pour les applications biom\u00e9dicales \u00e0 un prix attractif.\n"],"rank_math_focus_keyword":["LFE 380"],"display_data_alarm":["<table class=\"specifications\">\n<tbody>\n<tr class=\"even-row\">\n<td class=\"left-td\">Affichage de l'alarme sous forme de texte - Pas de codes<\/td>\n<td>Non<\/td>\n<\/tr>\n<tr class=\"odd-row\">\n<td class=\"left-td\">Alarme visuelle \/ acoustique<\/td>\n<td>Oui \/ Oui<\/td>\n<\/tr>\n<tr class=\"even-row\">\n<td class=\"left-td\">Alarme de panne de courant<\/td>\n<td>Oui<\/td>\n<\/tr>\n<tr class=\"odd-row\">\n<td class=\"left-td\">Alarme de temp\u00e9rature haute\/basse r\u00e9glable<\/td>\n<td>Oui \/ Oui<\/td>\n<\/tr>\n<tr class=\"even-row\">\n<td class=\"left-td\">Alarme de porte ouverte<\/td>\n<td>Oui<\/td>\n<\/tr>\n<tr class=\"odd-row\">\n<td class=\"left-td\">Alarme de d\u00e9faillance de la sonde<\/td>\n<td>Oui<\/td>\n<\/tr>\n<tr class=\"even-row\">\n<td class=\"left-td\">Alarme de batterie faible<\/td>\n<td>Oui<\/td>\n<\/tr>\n<tr class=\"odd-row\">\n<td class=\"left-td\">Alarme de panne de compresseur<\/td>\n<td>-<\/td>\n<\/tr>\n<tr class=\"even-row\">\n<td class=\"left-td\">Contact sans tension pour l'alarme \u00e0 distance (par exemple, module d'alarme GSM)<\/td>\n<td>Oui<\/td>\n<\/tr>\n<tr class=\"odd-row\">\n<td class=\"left-td\">Enregistreur \u00e9lectronique de donn\u00e9es<\/td>\n<td>Oui<\/td>\n<\/tr>\n<tr class=\"even-row\">\n<td class=\"left-td\">Port RS 485<\/td>\n<td>-<\/td>\n<\/tr>\n<tr class=\"odd-row\">\n<td class=\"left-td\">Port USB pour la mise \u00e0 jour du logiciel et le t\u00e9l\u00e9chargement des donn\u00e9es<\/td>\n<td>Oui<\/td>\n<\/tr>\n<tr class=\"even-row\">\n<td class=\"left-td\">Enregistreur de diagramme de temp\u00e9rature<\/td>\n<td>-<\/td>\n<\/tr>\n<tr class=\"odd-row\">\n<td class=\"left-td\">Type d'affichage<\/td>\n<td>num\u00e9rique<\/td>\n<\/tr>\n<tr class=\"even-row\">\n<td class=\"left-td\">Nombre de sondes de r\u00e9f\u00e9rence optionnelles<\/td>\n<td>-<\/td>\n<\/tr>\n<tr class=\"odd-row\">\n<td class=\"left-td\">Protection par mot de passe pour la mise en marche et l'arr\u00eat de l'unit\u00e9<\/td>\n<td>-<\/td>\n<\/tr>\n<tr class=\"even-row\">\n<td class=\"left-td\">Graphique de temp\u00e9rature sur l'\u00e9cran<\/td>\n<td>-<\/td>\n<\/tr>\n<\/tbody>\n<\/table>"],"resources":["<ul class=\"resources-list\">\n \t<li><img src=\"https:\/\/praxas.com\/wp-content\/uploads\/document-icon.png\" alt=\"Ic\u00f4ne de document\"><a href=\"https:\/\/arctiko.com\/wp-content\/uploads\/Flexaline-EU-LFE380_17_01_2024.pdf\" target=\"_blank\" rel=\"noopener\">Fiche technique LFE 380<\/a><\/li>\n \t<li><img src=\"https:\/\/praxas.com\/wp-content\/uploads\/document-icon.png\" alt=\"Ic\u00f4ne de document\"><a href=\"https:\/\/arctiko.com\/wp-content\/uploads\/Dimension-drawing-for-LFE-380-US.pdf\" target=\"_blank\" rel=\"noopener\">Dessin d'encombrement LFE 380<\/a><\/li>\n \t<li><img src=\"https:\/\/praxas.com\/wp-content\/uploads\/document-icon.png\" alt=\"Ic\u00f4ne de document\"><a href=\"https:\/\/arctiko.com\/wp-content\/uploads\/Wiring-diagram-for-LFE-380.pdf\" target=\"_blank\" rel=\"noopener\">Sch\u00e9ma de c\u00e2blage LFE 380<\/a><\/li>\n \t<li><img src=\"https:\/\/praxas.com\/wp-content\/uploads\/document-icon.png\" alt=\"Ic\u00f4ne de document\"><a href=\"\/wp-content\/uploads\/2022-certifikat-iso-9001-arctiko-as.pdf\" target=\"_blank\" rel=\"noopener\">ISO 9001<\/a><\/li>\n<\/ul>"],"other_features":["<table class=\"specifications\">\n<tbody>\n<tr class=\"even-row\">\n<td class=\"left-td\">D\u00e9givrage automatique<\/td>\n<td>Non<\/td>\n<\/tr>\n<tr class=\"odd-row\">\n<td class=\"left-td\">Fonction antigel<\/td>\n<td>Non<\/td>\n<\/tr>\n<tr class=\"even-row\">\n<td class=\"left-td\">Orifice d'\u00e9vacuation du vide<\/td>\n<td>Non<\/td>\n<\/tr>\n<tr class=\"odd-row\">\n<td class=\"left-td\">Port d'acc\u00e8s pour sonde externe, etc. (Diam\u00e8tre int. mm)<\/td>\n<td>Oui (20)<\/td>\n<\/tr>\n<tr class=\"even-row\">\n<td class=\"left-td\">Lumi\u00e8re<\/td>\n<td>Oui<\/td>\n<\/tr>\n<tr class=\"odd-row\">\n<td class=\"left-td\">Verrouillage avec cl\u00e9<\/td>\n<td>Oui<\/td>\n<\/tr>\n<tr class=\"even-row\">\n<td class=\"left-td\">Roulettes (Total Pcs) \/ Roulettes avec frein (Pcs)<\/td>\n<td>4 \/ 2<\/td>\n<\/tr>\n<tr class=\"odd-row\">\n<td class=\"left-td\">Pieds fixes (Pcs) \/ Pieds de nivellement (Pcs)<\/td>\n<td>4 \/ 0<\/td>\n<\/tr>\n<tr class=\"even-row\">\n<td class=\"left-td\">Sous-couvercles ou portes int\u00e9rieures (Pcs)<\/td>\n<td>Non<\/td>\n<\/tr>\n<tr class=\"odd-row\">\n<td class=\"left-td\">Portes r\u00e9versibles (Pcs)<\/td>\n<td>Oui<\/td>\n<\/tr>\n<tr class=\"even-row\">\n<td class=\"left-td\">Tablettes fixes (Pcs) \/ Tablettes r\u00e9glables (Pcs)<\/td>\n<td>0 \/ 7<\/td>\n<\/tr>\n<tr class=\"odd-row\">\n<td class=\"left-td\">Max. Non. Nombre d'\u00e9tag\u00e8res (Pcs) \/ Nombre d'\u00e9tag\u00e8res max. recommand\u00e9es (Pcs) \/ Nombre d'\u00e9tag\u00e8res max. recommand\u00e9es (Pcs) Non. Nombre d'\u00e9tag\u00e8res (Pcs)<\/td>\n<td>7 \/ 7<\/td>\n<\/tr>\n<tr class=\"even-row\">\n<td class=\"left-td\">Charge maximale par \u00e9tag\u00e8re (Kg)<\/td>\n<td>26<\/td>\n<\/tr>\n<tr class=\"odd-row\">\n<td class=\"left-td\">Tiroirs r\u00e9glables (Pcs)<\/td>\n<td>-<\/td>\n<\/tr>\n<tr class=\"even-row\">\n<td class=\"left-td\">Max. Non. Nombre de tiroirs r\u00e9glables (Pcs)<\/td>\n<td>-<\/td>\n<\/tr>\n<tr class=\"odd-row\">\n<td class=\"left-td\">Max. Charge par tiroir r\u00e9glable (Kg)<\/td>\n<td>-<\/td>\n<\/tr>\n<tr class=\"even-row\">\n<td class=\"left-td\">Max. Non. de poches de sang - par num\u00e9ro standard De Adj. Tiroirs (Pcs)<\/td>\n<td>-<\/td>\n<\/tr>\n<tr class=\"odd-row\">\n<td class=\"left-td\">Max. Non. Des poches de sang - Par Max. Non. De Adj. Tiroirs (Pcs)<\/td>\n<td>-<\/td>\n<\/tr>\n<tr class=\"even-row\">\n<td class=\"left-td\">Panier (Pcs)<\/td>\n<td>-<\/td>\n<\/tr>\n<tr class=\"odd-row\">\n<td class=\"left-td\">Max. Non. Nombre de paniers (Pcs)<\/td>\n<td>-<\/td>\n<\/tr>\n<tr class=\"even-row\">\n<td class=\"left-td\">Max. Charge par panier (Kg)<\/td>\n<td>-<\/td>\n<\/tr>\n<tr class=\"odd-row\">\n<td class=\"left-td\">Capacit\u00e9 totale des bo\u00eetes de 50 mm 9x9 Didviders (Pcs)<\/td>\n<td>-<\/td>\n<\/tr>\n<tr class=\"even-row\">\n<td class=\"left-td\">Capacit\u00e9 totale des bo\u00eetes de 75 mm 9x9 Didviders (Pcs)<\/td>\n<td>-<\/td>\n<\/tr>\n<tr class=\"odd-row\">\n<td class=\"left-td\"><\/td>\n<td><\/td>\n<\/tr>\n<\/tbody>\n<\/table>"],"refrigerant_cabinet":["<table class=\"specifications\">\n<tbody>\n<tr class=\"even-row\">\n<td class=\"left-td\">Nombre de compresseurs<\/td>\n<td>1<\/td>\n<\/tr>\n<tr class=\"odd-row\">\n<td class=\"left-td\">R\u00e9frig\u00e9rant<\/td>\n<td>R290<\/td>\n<\/tr>\n<tr class=\"even-row\">\n<td class=\"left-td\">Mat\u00e9riau de l'armoire int\u00e9rieure<\/td>\n<td>T\u00f4le d'aluminium rev\u00eatue par poudrage<\/td>\n<\/tr>\n<tr class=\"odd-row\">\n<td class=\"left-td\">Mat\u00e9riau de l'armoire ext\u00e9rieure<\/td>\n<td>Acier galvanis\u00e9 recouvert de poudre<\/td>\n<\/tr>\n<tr class=\"even-row\">\n<td class=\"left-td\">Couleur (ext\u00e9rieur de l'armoire)<\/td>\n<td>blanc<\/td>\n<\/tr>\n<tr class=\"odd-row\">\n<td class=\"left-td\">Agent moussant<\/td>\n<td>Cyclopentane<\/td>\n<\/tr>\n<\/tbody>\n<\/table>"],"main_specifications":["<table class=\"specifications\">\n<tbody>\n<tr class=\"even-row\">\n<td class=\"left-td\">Code de l'article<\/td>\n<td>1900037-01<\/td>\n<\/tr>\n<tr class=\"odd-row\">\n<td class=\"left-td\">Plage de temp\u00e9rature (\u00b0C)<\/td>\n<td>-25 \/ -10 \u00b0C<\/td>\n<\/tr>\n<tr class=\"even-row\">\n<td class=\"left-td\">Plage de temp\u00e9rature (\u00b0F)<\/td>\n<td>-77 \/ -50 \u00b0F<\/td>\n<\/tr>\n<tr class=\"odd-row\">\n<td class=\"left-td\">Max. Temp\u00e9rature ambiante (\u00b0C)<\/td>\n<td>+32<\/td>\n<\/tr>\n<tr class=\"even-row\">\n<td class=\"left-td\">Capacit\u00e9 (L)<\/td>\n<td>400<\/td>\n<\/tr>\n<tr class=\"odd-row\">\n<td class=\"left-td\">Capacit\u00e9 (Cu.FT)<\/td>\n<td>14.13<\/td>\n<\/tr>\n<tr class=\"even-row\">\n<td class=\"left-td\">Dimensions ext\u00e9rieures LxPxH (mm)<\/td>\n<td>608 X 698 X 1840<\/td>\n<\/tr>\n<tr class=\"odd-row\">\n<td class=\"left-td\">Dimensions ext\u00e9rieures LxPxH (pouces)<\/td>\n<td>24 X 28 X 72<\/td>\n<\/tr>\n<tr class=\"even-row\">\n<td class=\"left-td\">Dimensions int\u00e9rieures LxPxH (mm)<\/td>\n<td>500 X 540 X 1550<\/td>\n<\/tr>\n<tr class=\"odd-row\">\n<td class=\"left-td\">Dimensions int\u00e9rieures LxPxH (pouces)<\/td>\n<td>20 X 21 X 61<\/td>\n<\/tr>\n<tr class=\"even-row\">\n<td class=\"left-td\">Poids (KG)<\/td>\n<td>70<\/td>\n<\/tr>\n<tr class=\"odd-row\">\n<td class=\"left-td\">Poids (Lb)<\/td>\n<td>154<\/td>\n<\/tr>\n<tr class=\"even-row\">\n<td class=\"left-td\">Isolation (mm)<\/td>\n<td>50<\/td>\n<\/tr>\n<tr class=\"odd-row\">\n<td class=\"left-td\">Isolation (pouces)<\/td>\n<td>1.97<\/td>\n<\/tr>\n<tr class=\"even-row\">\n<td class=\"left-td\">Technologie de refroidissement<\/td>\n<td>Refroidissement statique<\/td>\n<\/tr>\n<tr class=\"odd-row\">\n<td class=\"left-td\">Mod\u00e8le de contr\u00f4leur \/ Type de sonde<\/td>\n<td>Honker \/ NTC<\/td>\n<\/tr>\n<tr class=\"even-row\">\n<td class=\"left-td\">Alimentation (V)<\/td>\n<td>230<\/td>\n<\/tr>\n<tr class=\"odd-row\">\n<td class=\"left-td\">Fr\u00e9quence (Hz)<\/td>\n<td>50\/60<\/td>\n<\/tr>\n<tr class=\"even-row\">\n<td class=\"left-td\">Consommation \u00e9lectrique (KWH\/24H)<\/td>\n<td>2.5<\/td>\n<\/tr>\n<tr class=\"odd-row\">\n<td class=\"left-td\">AMP (A)<\/td>\n<td>1.6<\/td>\n<\/tr>\n<tr class=\"even-row\">\n<td class=\"left-td\">Puissance (Watt)<\/td>\n<td>184<\/td>\n<\/tr>\n<tr class=\"odd-row\">\n<td class=\"left-td\">Puissance en chevaux (HP)<\/td>\n<td>1\/4<\/td>\n<\/tr>\n<\/tbody>\n<\/table>"],"other_features_arctiko":["<table class=\"specifications\">\n<tbody>\n<tr class=\"even-row\">\n<td class=\"left-td\">D\u00e9givrage automatique<\/td>\n<td>Non<\/td>\n<\/tr>\n<tr class=\"odd-row\">\n<td class=\"left-td\">Fonction antigel<\/td>\n<td>Non<\/td>\n<\/tr>\n<tr class=\"even-row\">\n<td class=\"left-td\">Orifice d'\u00e9vacuation du vide<\/td>\n<td>Non<\/td>\n<\/tr>\n<tr class=\"odd-row\">\n<td class=\"left-td\">Port d'acc\u00e8s pour sonde externe, etc. (Diam\u00e8tre int. mm)<\/td>\n<td>Oui (20)<\/td>\n<\/tr>\n<tr class=\"even-row\">\n<td class=\"left-td\">Lumi\u00e8re<\/td>\n<td>Oui<\/td>\n<\/tr>\n<tr class=\"odd-row\">\n<td class=\"left-td\">Verrouillage avec cl\u00e9<\/td>\n<td>Oui<\/td>\n<\/tr>\n<tr class=\"even-row\">\n<td class=\"left-td\">Roulettes (Total Pcs) \/ Roulettes avec frein (Pcs)<\/td>\n<td>4 \/ 2<\/td>\n<\/tr>\n<tr class=\"odd-row\">\n<td class=\"left-td\">Pieds fixes (Pcs) \/ Pieds de nivellement (Pcs)<\/td>\n<td>4 \/ 0<\/td>\n<\/tr>\n<tr class=\"even-row\">\n<td class=\"left-td\">Sous-couvercles ou portes int\u00e9rieures (Pcs)<\/td>\n<td>Non<\/td>\n<\/tr>\n<tr class=\"odd-row\">\n<td class=\"left-td\">Portes r\u00e9versibles (Pcs)<\/td>\n<td>Oui<\/td>\n<\/tr>\n<tr class=\"even-row\">\n<td class=\"left-td\">Tablettes fixes (Pcs) \/ Tablettes r\u00e9glables (Pcs)<\/td>\n<td>0 \/ 7<\/td>\n<\/tr>\n<tr class=\"odd-row\">\n<td class=\"left-td\">Max. Non. Nombre d'\u00e9tag\u00e8res (Pcs) \/ Nombre d'\u00e9tag\u00e8res max. recommand\u00e9es (Pcs) \/ Nombre d'\u00e9tag\u00e8res max. recommand\u00e9es (Pcs) Non. Nombre d'\u00e9tag\u00e8res (Pcs)<\/td>\n<td>7 \/ 7<\/td>\n<\/tr>\n<tr class=\"even-row\">\n<td class=\"left-td\">Charge maximale par \u00e9tag\u00e8re (Kg)<\/td>\n<td>26<\/td>\n<\/tr>\n<tr class=\"odd-row\">\n<td class=\"left-td\">Tiroirs r\u00e9glables (Pcs)<\/td>\n<td>-<\/td>\n<\/tr>\n<tr class=\"even-row\">\n<td class=\"left-td\">Max. Non. Nombre de tiroirs r\u00e9glables (Pcs)<\/td>\n<td>-<\/td>\n<\/tr>\n<tr class=\"odd-row\">\n<td class=\"left-td\">Max. Charge par tiroir r\u00e9glable (Kg)<\/td>\n<td>-<\/td>\n<\/tr>\n<tr class=\"even-row\">\n<td class=\"left-td\">Max. Non. de poches de sang - par num\u00e9ro standard De Adj. Tiroirs (Pcs)<\/td>\n<td>-<\/td>\n<\/tr>\n<tr class=\"odd-row\">\n<td class=\"left-td\">Max. Non. Des poches de sang - Par Max. Non. De Adj. Tiroirs (Pcs)<\/td>\n<td>-<\/td>\n<\/tr>\n<tr class=\"even-row\">\n<td class=\"left-td\">Panier (Pcs)<\/td>\n<td>-<\/td>\n<\/tr>\n<tr class=\"odd-row\">\n<td class=\"left-td\">Max. Non. Nombre de paniers (Pcs)<\/td>\n<td>-<\/td>\n<\/tr>\n<tr class=\"even-row\">\n<td class=\"left-td\">Max. Charge par panier (Kg)<\/td>\n<td>-<\/td>\n<\/tr>\n<tr class=\"odd-row\">\n<td class=\"left-td\">Capacit\u00e9 totale des bo\u00eetes de 50 mm 9x9 Didviders (Pcs)<\/td>\n<td>-<\/td>\n<\/tr>\n<tr class=\"even-row\">\n<td class=\"left-td\">Capacit\u00e9 totale des bo\u00eetes de 75 mm 9x9 Didviders (Pcs)<\/td>\n<td>-<\/td>\n<\/tr>\n<tr class=\"odd-row\">\n<td class=\"left-td\"><\/td>\n<td><\/td>\n<\/tr>\n<\/tbody>\n<\/table>"],"_uag_page_assets":["a:9:{s:3:\"css\";s:0:\"\";s:2:\"js\";s:0:\"\";s:18:\"current_block_list\";a:0:{}s:8:\"uag_flag\";b:0;s:11:\"uag_version\";s:10:\"1776254989\";s:6:\"gfonts\";a:0:{}s:10:\"gfonts_url\";s:0:\"\";s:12:\"gfonts_files\";a:0:{}s:14:\"uag_faq_layout\";b:0;}"],"_max_variation_price":[""],"_max_variation_regular_price":[""],"_max_variation_sale_price":[""],"_min_variation_price":[""],"_min_variation_regular_price":[""],"_min_variation_sale_price":[""],"_sale_price":[""],"_wc_pb_base_regular_price":[""],"_wc_pb_base_sale_price":[""],"_wc_pb_base_price":[""],"_wc_sw_max_price":[""],"_wc_sw_max_regular_price":[""],"_wc_rating_count":[""],"_wc_review_count":[""],"_wc_average_rating":[0]},"uagb_featured_image_src":{"full":["https:\/\/praxas.com\/wp-content\/uploads\/LFE-380_2_Website-800x463-1.jpg",800,463,false],"thumbnail":["https:\/\/praxas.com\/wp-content\/uploads\/LFE-380_2_Website-800x463-1-150x150.jpg",150,150,true],"medium":["https:\/\/praxas.com\/wp-content\/uploads\/LFE-380_2_Website-800x463-1-300x174.jpg",300,174,true],"medium_large":["https:\/\/praxas.com\/wp-content\/uploads\/LFE-380_2_Website-800x463-1-768x444.jpg",768,444,true],"large":["https:\/\/praxas.com\/wp-content\/uploads\/LFE-380_2_Website-800x463-1.jpg",800,463,false],"1536x1536":["https:\/\/praxas.com\/wp-content\/uploads\/LFE-380_2_Website-800x463-1.jpg",800,463,false],"2048x2048":["https:\/\/praxas.com\/wp-content\/uploads\/LFE-380_2_Website-800x463-1.jpg",800,463,false],"crunchify-admin-post-featured-image":["https:\/\/praxas.com\/wp-content\/uploads\/LFE-380_2_Website-800x463-1-120x69.jpg",120,69,true],"commercegurus-pdp-large":["https:\/\/praxas.com\/wp-content\/uploads\/LFE-380_2_Website-800x463-1.jpg",800,463,false],"commercegurus-plp-mobile":["https:\/\/praxas.com\/wp-content\/uploads\/LFE-380_2_Website-800x463-1-441x255.jpg",441,255,true],"cgkit_image_swatch":["https:\/\/praxas.com\/wp-content\/uploads\/LFE-380_2_Website-800x463-1-100x100.jpg",100,100,true],"woocommerce_thumbnail":["https:\/\/praxas.com\/wp-content\/uploads\/LFE-380_2_Website-800x463-1-350x203.jpg",350,203,true],"woocommerce_single":["https:\/\/praxas.com\/wp-content\/uploads\/LFE-380_2_Website-800x463-1.jpg",800,463,false],"woocommerce_gallery_thumbnail":["https:\/\/praxas.com\/wp-content\/uploads\/LFE-380_2_Website-800x463-1-150x87.jpg",150,87,true]},"uagb_author_info":{"display_name":"Alex James","author_link":"https:\/\/praxas.com\/fr\/author\/"},"uagb_comment_info":0,"uagb_excerpt":"-25 \u00b0C \/ -10 \u00b0C Mod\u00e8le vertical - 400L Technologie \u00e0 compresseur unique Faible consommation d'\u00e9nergie Refroidissement direct R\u00e9frig\u00e9rant \u00e9cologique 100% sans HCFC ni CFC","_links":{"self":[{"href":"https:\/\/praxas.com\/fr\/wp-json\/wp\/v2\/product\/31053","targetHints":{"allow":["GET"]}}],"collection":[{"href":"https:\/\/praxas.com\/fr\/wp-json\/wp\/v2\/product"}],"about":[{"href":"https:\/\/praxas.com\/fr\/wp-json\/wp\/v2\/types\/product"}],"wp:featuredmedia":[{"embeddable":true,"href":"https:\/\/praxas.com\/fr\/wp-json\/wp\/v2\/media\/31054"}],"wp:attachment":[{"href":"https:\/\/praxas.com\/fr\/wp-json\/wp\/v2\/media?parent=31053"}],"wp:term":[{"taxonomy":"product_brand","embeddable":true,"href":"https:\/\/praxas.com\/fr\/wp-json\/wp\/v2\/product_brand?post=31053"},{"taxonomy":"product_cat","embeddable":true,"href":"https:\/\/praxas.com\/fr\/wp-json\/wp\/v2\/product_cat?post=31053"},{"taxonomy":"product_tag","embeddable":true,"href":"https:\/\/praxas.com\/fr\/wp-json\/wp\/v2\/product_tag?post=31053"}],"curies":[{"name":"wp","href":"https:\/\/api.w.org\/{rel}","templated":true}]}}