{"id":31126,"date":"2024-07-03T16:30:28","date_gmt":"2024-07-03T14:30:28","guid":{"rendered":"https:\/\/staging.praxas.com\/product\/non%20class\u00e9\/grand-refrigerateur-pharmaceutique-lre-285\/"},"modified":"2026-01-20T10:04:13","modified_gmt":"2026-01-20T09:04:13","slug":"grand-refrigerateur-pharmaceutique-lre-285","status":"publish","type":"product","link":"https:\/\/praxas.com\/fr\/product\/refrigeration_produits\/refrigerateurs\/grand-refrigerateur-pharmaceutique-lre-285\/","title":{"rendered":"R\u00e9frig\u00e9rateur pharmaceutique moyen LRE 285"},"content":{"rendered":"<div class=\"flex flex-grow flex-col max-w-full\">\n<div class=\"min-h-[20px] text-message flex flex-col items-start gap-3 whitespace-pre-wrap break-words [.text-message+&amp;]:mt-5 overflow-x-auto\" data-message-author-role=\"assistant\" data-message-id=\"907283c1-6e54-4b36-bb66-70395828fa1c\">\n<div class=\"markdown prose w-full break-words dark:prose-invert light\">\n<p>Le r\u00e9frig\u00e9rateur ultra basse temp\u00e9rature ARCTIKO LRE 285 r\u00e9unit des caract\u00e9ristiques essentielles pour les applications pharmaceutiques, le tout \u00e0 un prix attractif. Con\u00e7ue dans une optique de d\u00e9veloppement durable, cette s\u00e9rie de r\u00e9frig\u00e9rateurs pharmaceutiques respectueux de l&rsquo;environnement affiche une faible consommation d&rsquo;\u00e9nergie sans compromettre la flexibilit\u00e9, la s\u00e9curit\u00e9 ou la fiabilit\u00e9. \u00c9quip\u00e9 d&rsquo;un contr\u00f4leur num\u00e9rique comprenant un enregistreur de donn\u00e9es int\u00e9gr\u00e9, vous pouvez surveiller en permanence les donn\u00e9es de temp\u00e9rature, garantissant ainsi la s\u00e9curit\u00e9 et l&rsquo;int\u00e9grit\u00e9 de vos mat\u00e9riaux stock\u00e9s. Ce r\u00e9frig\u00e9rateur pharmaceutique vertical, \u00e0 porte pleine et d&rsquo;une capacit\u00e9 de 265 litres, fonctionne dans une plage de temp\u00e9rature de +2 \u00b0C \u00e0 +8 \u00b0C, ce qui en fait le choix id\u00e9al pour ceux qui ont besoin d&rsquo;une solution de stockage \u00e0 tr\u00e8s basse temp\u00e9rature tr\u00e8s performante.<\/p>\n<\/div>\n<\/div>\n<\/div>\n<ul>\n<li>Debout<\/li>\n<li>Porte pleine<\/li>\n<li>Capacit\u00e9 265L<\/li>\n<li>Gamme +2 \u00b0C \/ +8 \u00b0C<\/li>\n<\/ul>\n<div class=\"flex-1 overflow-hidden\">\n<div class=\"react-scroll-to-bottom--css-deawi-79elbk h-full\">\n<div class=\"react-scroll-to-bottom--css-deawi-1n7m0yu\">\n<div class=\"flex flex-col text-sm pb-9\">\n<div class=\"w-full text-token-text-primary\" data-testid=\"conversation-turn-7\">\n<div class=\"px-4 py-2 justify-center text-base md:gap-6 m-auto\">\n<div class=\"flex flex-1 text-base mx-auto gap-3 md:px-5 lg:px-1 xl:px-5 md:max-w-3xl lg:max-w-[40rem] xl:max-w-[48rem] group final-completion\">\n<div class=\"relative flex w-full flex-col agent-turn\">\n<div class=\"flex-col gap-1 md:gap-3\">\n<div class=\"flex flex-grow flex-col max-w-full\">\n<div class=\"min-h-[20px] text-message flex flex-col items-start gap-3 whitespace-pre-wrap break-words [.text-message+&amp;]:mt-5 overflow-x-auto\" data-message-author-role=\"assistant\" data-message-id=\"907283c1-6e54-4b36-bb66-70395828fa1c\">\n<div class=\"markdown prose w-full break-words dark:prose-invert light\"><\/div>\n<\/div>\n<\/div>\n<div class=\"pr-2 lg:pr-0\"><\/div>\n<\/div>\n<\/div>\n<\/div>\n<\/div>\n<\/div>\n<\/div>\n<\/div>\n<\/div>\n<\/div>\n<div class=\"w-full pt-2 md:pt-0 dark:border-white\/20 md:border-transparent md:dark:border-transparent md:w-[calc(100%-.5rem)]\">\n<form class=\"stretch mx-2 flex flex-row gap-3 last:mb-2 md:mx-4 md:last:mb-6 lg:mx-auto lg:max-w-2xl xl:max-w-3xl\">\n<div class=\"relative flex h-full flex-1 flex-col\">\n<div class=\"flex w-full items-center\">\n<div class=\"overflow-hidden [&amp;:has(textarea:focus)]:border-token-border-xheavy [&amp;:has(textarea:focus)]:shadow-[0_2px_6px_rgba(0,0,0,.05)] flex flex-col w-full flex-grow relative border dark:text-white rounded-2xl bg-token-main-surface-primary border-token-border-medium\">\n<div data-grammarly-part=\"button\">\n<div>\n<div>\n<div class=\"amkYk\">\n<div>\n<div class=\"ptGJG\"><\/div>\n<\/div>\n<\/div>\n<\/div>\n<\/div>\n<\/div>\n<\/div>\n<\/div>\n<\/div>\n<\/form>\n<\/div>\n","protected":false},"excerpt":{"rendered":"<ul>\n<li>+2 \u00b0C \/ +8 \u00b0C<\/li>\n<li>Mod\u00e8le vertical &#8211; 265L<\/li>\n<li>Technologie \u00e0 compresseur unique<\/li>\n<li>Faible consommation d&rsquo;\u00e9nergie<\/li>\n<li>R\u00e9frig\u00e9rant \u00e9cologique<\/li>\n<li>100% sans HCFC ni CFC<\/li>\n<li>Refroidissement par air puls\u00e9<\/li>\n<li>\u00c9tag\u00e8res r\u00e9glables<\/li>\n<li>Serrure \u00e0 cl\u00e9 sur la porte<\/li>\n<li>D\u00e9givrage automatique<\/li>\n<\/ul>\n","protected":false},"featured_media":31127,"template":"","meta":{"_acf_changed":false,"content-type":"","_uag_custom_page_level_css":""},"product_brand":[],"product_cat":[1437,1509,1439],"product_tag":[2525,2581,2590,2635],"class_list":{"0":"post-31126","1":"product","2":"type-product","3":"status-publish","4":"has-post-thumbnail","6":"product_cat-refrigerateurs","7":"product_cat-2c-8c-refrigerateurs-biomedicaux","8":"product_cat-refrigeration_produits","9":"product_tag-arctiko-fr","10":"product_tag-flexaline-fr","11":"product_tag-gamme-lre","12":"product_tag-refrigerateur","13":"product_shipping_class-lourd","15":"first","16":"instock","17":"taxable","18":"shipping-taxable","19":"purchasable","20":"product-type-simple"},"bundled_by":[],"bundle_stock_status":"instock","bundle_stock_quantity":null,"bundle_virtual":false,"bundle_layout":"","bundle_add_to_cart_form_location":"","bundle_editable_in_cart":false,"bundle_sold_individually_context":"","bundle_item_grouping":"","bundle_min_size":"","bundle_max_size":"","bundle_price":[],"bundled_items":[],"bundle_sell_ids":[],"acf":[],"spectra_custom_meta":{"_wcml_average_rating":[null],"_wcml_review_count":[null],"_wcml_rating_count":[null],"_backorders":["no"],"_download_limit":["0"],"_download_expiry":["0"],"_downloadable":["no"],"_manage_stock":["no"],"_sku":["1900026-01"],"_stock_status":["instock"],"_sold_individually":["no"],"_tax_class":[""],"_tax_status":["taxable"],"_virtual":["no"],"_weight":["75"],"_width":["660"],"_height":["1662"],"_length":["650"],"total_sales":["0"],"product_datasheet":[""],"_product_datasheet":["field_650ad7d6ea3a0"],"_connectivity":["field_64dce263bb57c"],"brand":["Arctiko"],"_brand":["field_64ddf62ed2593"],"brand_image":[""],"_brand_image":["field_650c5e7c84cae"],"_specifications_table":["field_65044e1db92a8"],"_display_data_alarm":["field_667d647bcb066"],"_resources":["field_650849c6945ee"],"_accessories":["field_650849e6945f0"],"_faqs":["field_650859523d8d5"],"_calibration_suitable_ids_gb":["field_654b4c4acb54a"],"_calibration_suitable_ids_us":["field_654b4c56cb54b"],"_show_in_calibration_suitable":["field_654cfb691d345"],"_shipping":["field_66852535c98a5"],"_refrigerant_cabinet":["field_66852557c98a6"],"_main_specifications":["field_66855b25b1245"],"_usd_price_4":["field_651570dcac479"],"_usd_price_9":["field_6515713eb4807"],"_usd_price_24":["field_65157141b4809"],"_usd_price_49":["field_65157140b4808"],"_usd_price_99":["field_6515715bb480a"],"_gbp_price_4":["field_6515716e83bfa"],"_gbp_price_9":["field_6515724783bfb"],"_gbp_price_24":["field_6515724b83bfc"],"_gbp_price_49":["field_6515725983bfd"],"_gbp_price_99":["field_6515725d83bfe"],"_usdhk_price_4":["field_6515726f83bff"],"_usdhk_price_9":["field_6515727c83c00"],"_usdhk_price_24":["field_6515728083c01"],"_usdhk_price_49":["field_6515728983c02"],"_usdhk_price_99":["field_6515728e83c03"],"stock_options":["In stock"],"_stock_options":["field_6544b605dc7f9"],"_top_nav_excluded":[""],"_cms_nav_minihome":[""],"wcml_sync_hash":["a:1:{s:15:\"postmeta_fields\";s:32:\"5624b030f1420cc06fb17fc38af0ce25\";}"],"attr_label_translations":["a:0:{}"],"_product_attributes":["a:4:{s:16:\"pa_product-brand\";a:6:{s:4:\"name\";s:16:\"pa_product-brand\";s:5:\"value\";s:0:\"\";s:8:\"position\";i:0;s:10:\"is_visible\";i:1;s:12:\"is_variation\";i:0;s:11:\"is_taxonomy\";i:1;}s:19:\"pa_product-features\";a:6:{s:4:\"name\";s:19:\"pa_product-features\";s:5:\"value\";s:0:\"\";s:8:\"position\";i:1;s:10:\"is_visible\";i:1;s:12:\"is_variation\";i:0;s:11:\"is_taxonomy\";i:1;}s:11:\"pa_capacity\";a:6:{s:4:\"name\";s:11:\"pa_capacity\";s:5:\"value\";s:0:\"\";s:8:\"position\";i:2;s:10:\"is_visible\";i:1;s:12:\"is_variation\";i:0;s:11:\"is_taxonomy\";i:1;}s:14:\"pa_temperature\";a:6:{s:4:\"name\";s:14:\"pa_temperature\";s:5:\"value\";s:0:\"\";s:8:\"position\";i:3;s:10:\"is_visible\";i:1;s:12:\"is_variation\";i:0;s:11:\"is_taxonomy\";i:1;}}"],"_thumbnail_id":["31127"],"_product_image_gallery":["31128,31129,31130"],"_crosssell_ids":["a:0:{}"],"_last_translation_edit_mode":["translation-editor"],"connectivity":[""],"_calibration":["field_66a0ddd599972"],"_wpml_word_count":["218"],"min_temp":["2"],"max_temp":["8"],"_min_temp":["field_67ea5eb4e0a77"],"_max_temp":["field_67ea5f81e0a79"],"rank_math_primary_product_cat":["411"],"_other_features_arctiko":["field_668524f8c98a4"],"hubwoo_ecomm_pro_id":["25320860976"],"_other_features":["field_686fa2aa98dce"],"shipping":["<table class=\"specifications\">\n<tbody>\n<tr>\n<td class=\"left-td\">Poids \u00e0 l'exp\u00e9dition (KG)<\/td>\n<td>75<\/td>\n<\/tr>\n<tr>\n<td class=\"left-td\">Dimensions d'exp\u00e9dition LxPxH (cm)<\/td>\n<td>650x660x1662<\/td>\n<\/tr>\n<tr>\n<td class=\"left-td\">Volume d'exp\u00e9dition (M\u00b3)<\/td>\n<td>0,71<\/td>\n<\/tr>\n<\/tbody>\n<\/table>"],"_regular_price":["1795"],"_price":["1795"],"rank_math_description":["D\u00e9couvrez le r\u00e9frig\u00e9rateur pharmaceutique Flexaline LRE 285 d'ARCTIKO, id\u00e9al pour le stockage de produits pharmaceutiques, avec une conception \u00e9cologique, une faible consommation d'\u00e9nergie et une flexibilit\u00e9, une s\u00e9curit\u00e9 et une fiabilit\u00e9 sup\u00e9rieures.  "],"rank_math_focus_keyword":["r\u00e9frig\u00e9rateur pharmaceutique"],"display_data_alarm":["<table class=\"specifications\">\n<tbody>\n<tr>\n<td class=\"left-td\">Affichage de l'alarme sous forme de texte - Pas de codes<\/td>\n<td>Non<\/td>\n<\/tr>\n<tr>\n<td class=\"left-td\">Alarme visuelle \/ acoustique<\/td>\n<td>Oui \/ Oui<\/td>\n<\/tr>\n<tr>\n<td class=\"left-td\">Alarme de panne de courant<\/td>\n<td>Oui<\/td>\n<\/tr>\n<tr>\n<td class=\"left-td\">Alarme de temp\u00e9rature haute\/basse r\u00e9glable<\/td>\n<td>Oui \/ Oui<\/td>\n<\/tr>\n<tr>\n<td class=\"left-td\">Alarme de porte ouverte<\/td>\n<td>Oui<\/td>\n<\/tr>\n<tr>\n<td class=\"left-td\">Alarme de d\u00e9faillance de la sonde<\/td>\n<td>Oui<\/td>\n<\/tr>\n<tr>\n<td class=\"left-td\">Alarme de batterie faible<\/td>\n<td>Oui<\/td>\n<\/tr>\n<tr>\n<td class=\"left-td\">Alarme de panne de compresseur<\/td>\n<td>Non<\/td>\n<\/tr>\n<tr>\n<td class=\"left-td\">Contact sans tension pour l'alarme \u00e0 distance (par exemple, module d'alarme GSM)<\/td>\n<td>Oui<\/td>\n<\/tr>\n<tr>\n<td class=\"left-td\">Enregistreur \u00e9lectronique de donn\u00e9es<\/td>\n<td>Oui<\/td>\n<\/tr>\n<tr>\n<td class=\"left-td\">Port USB pour la mise \u00e0 jour du logiciel et le t\u00e9l\u00e9chargement des donn\u00e9es<\/td>\n<td>Oui<\/td>\n<\/tr>\n<tr>\n<td class=\"left-td\">Enregistreur de diagramme de temp\u00e9rature<\/td>\n<td>Non<\/td>\n<\/tr>\n<tr>\n<td class=\"left-td\">Type d'affichage<\/td>\n<td>num\u00e9rique<\/td>\n<\/tr>\n<tr>\n<td class=\"left-td\">Nombre de sondes de r\u00e9f\u00e9rence optionnelles<\/td>\n<td>SANS OBJET<\/td>\n<\/tr>\n<tr>\n<td class=\"left-td\">Protection par mot de passe pour la mise en marche et l'arr\u00eat<\/td>\n<td>Non<\/td>\n<\/tr>\n<tr>\n<td class=\"left-td\">Graphique de temp\u00e9rature sur l'\u00e9cran<\/td>\n<td>Non<\/td>\n<\/tr>\n<\/tbody>\n<\/table>"],"resources":["<ul class=\"resources-list\">\n \t<li><img src=\"https:\/\/praxas.com\/wp-content\/uploads\/document-icon.png\" alt=\"Ic\u00f4ne de document\"><a href=\"https:\/\/arctiko.com\/wp-content\/uploads\/Data-Sheet-for-LRE-285.pdf\" target=\"_blank\" rel=\"noopener\">Fiche technique du produit LRE 285<\/a><\/li>\n \t<li><img src=\"https:\/\/praxas.com\/wp-content\/uploads\/document-icon.png\" alt=\"Ic\u00f4ne de document\"><a href=\"https:\/\/arctiko.com\/wp-content\/uploads\/Wiring-diagram-for-LRE-285.pdf\" target=\"_blank\" rel=\"noopener\">Sch\u00e9ma de c\u00e2blage LRE 285<\/a><\/li>\n \t<li><img src=\"https:\/\/praxas.com\/wp-content\/uploads\/document-icon.png\" alt=\"Ic\u00f4ne de document\"><a href=\"https:\/\/arctiko.com\/wp-content\/uploads\/Dimension-drawing-for-LRE-285.pdf\" target=\"_blank\" rel=\"noopener\">Dessin d'encombrement LRE 285<\/a><\/li>\n<\/ul>"],"other_features":["<table class=\"specifications\">\n<tbody>\n<tr>\n<td class=\"left-td\">D\u00e9givrage automatique<\/td>\n<td>Oui<\/td>\n<\/tr>\n<tr>\n<td class=\"left-td\">Fonction antigel<\/td>\n<td>Oui (2\u00b0C)<\/td>\n<\/tr>\n<tr>\n<td class=\"left-td\">Orifice d'\u00e9vacuation du vide<\/td>\n<td>Non<\/td>\n<\/tr>\n<tr>\n<td class=\"left-td\">Port d'acc\u00e8s pour sonde externe, etc. (Diam\u00e8tre int. mm)<\/td>\n<td>20<\/td>\n<\/tr>\n<tr>\n<td class=\"left-td\">Lumi\u00e8re<\/td>\n<td>Oui<\/td>\n<\/tr>\n<tr>\n<td class=\"left-td\">Verrouillage avec cl\u00e9<\/td>\n<td>Oui<\/td>\n<\/tr>\n<tr>\n<td class=\"left-td\">Roulettes (Total Pcs) \/ Roulettes avec frein (Pcs)<\/td>\n<td>Non<\/td>\n<\/tr>\n<tr>\n<td class=\"left-td\">Pieds fixes (Pcs) \/ Pieds de nivellement (Pcs)<\/td>\n<td>4\/4<\/td>\n<\/tr>\n<tr>\n<td class=\"left-td\">Sous-couvercles ou portes int\u00e9rieures (Pcs)<\/td>\n<td>Non<\/td>\n<\/tr>\n<tr>\n<td class=\"left-td\">Portes r\u00e9versibles (Pcs)<\/td>\n<td>Oui<\/td>\n<\/tr>\n<tr>\n<td class=\"left-td\">Tablettes fixes (Pcs) \/ Tablettes r\u00e9glables (Pcs)<\/td>\n<td>0 \/ 6<\/td>\n<\/tr>\n<tr>\n<td class=\"left-td\">Max. Non. Nombre d'\u00e9tag\u00e8res (Pcs) \/ Nombre d'\u00e9tag\u00e8res max. recommand\u00e9es (Pcs) \/ Nombre d'\u00e9tag\u00e8res max. recommand\u00e9es (Pcs) Non. Nombre d'\u00e9tag\u00e8res (Pcs)<\/td>\n<td>6 \/ 6<\/td>\n<\/tr>\n<tr>\n<td class=\"left-td\">Charge maximale par \u00e9tag\u00e8re (Kg)<\/td>\n<td>19<\/td>\n<\/tr>\n<\/tbody>\n<\/table>"],"refrigerant_cabinet":["<table class=\"specifications\">\n<tbody>\n<tr>\n<td class=\"left-td\">Nombre de compresseurs<\/td>\n<td>1<\/td>\n<\/tr>\n<tr>\n<td class=\"left-td\">R\u00e9frig\u00e9rant<\/td>\n<td>R290<\/td>\n<\/tr>\n<tr>\n<td class=\"left-td\">Mat\u00e9riau de l'armoire int\u00e9rieure<\/td>\n<td>Plaque d'aluminium rev\u00eatue par poudre\n<\/td>\n<\/tr>\n<tr>\n<td class=\"left-td\">Mat\u00e9riau de l'armoire ext\u00e9rieure<\/td>\n<td>Rev\u00eatement par poudre\nacier galvanis\u00e9<\/td>\n<\/tr>\n<tr>\n<td class=\"left-td\">Couleur (ext\u00e9rieur de l'armoire)<\/td>\n<td>blanc<\/td>\n<\/tr>\n<tr>\n<td class=\"left-td\">Agent moussant<\/td>\n<td>Cyclopentane<\/td>\n<\/tr>\n<tr>\n<td class=\"left-td\">Panneaux isol\u00e9s sous vide VIP<\/td>\n<td>Non<\/td>\n<\/tr>\n<\/tbody>\n<\/table>"],"main_specifications":["<table class=\"specifications\">\n<tbody>\n<tr>\n<td class=\"left-td\">Code de l'article<\/td>\n<td>1900026-01<\/td>\n<\/tr>\n<tr>\n<td class=\"left-td\">Plage de temp\u00e9rature (\u00b0C)<\/td>\n<td>2\u00b0C \u00e0 8\u00b0C<\/td>\n<\/tr>\n<tr>\n<td class=\"left-td\">Max. Temp\u00e9rature ambiante (\u00b0C)<\/td>\n<td>+32 \u00b0C<\/td>\n<\/tr>\n<tr>\n<td class=\"left-td\">Capacit\u00e9 (L)<\/td>\n<td>[400\/ 395]<\/td>\n<\/tr>\n<tr>\n<td class=\"left-td\">Dimensions ext\u00e9rieures LxPxH (mm)<\/td>\n<td>608x610\u00d71525<\/td>\n<\/tr>\n<tr>\n<td class=\"left-td\">Dimensions int\u00e9rieures LxPxH (mm)<\/td>\n<td>500\u00d7450\u00d71290<\/td>\n<\/tr>\n<tr>\n<td class=\"left-td\">Poids (KG)<\/td>\n<td>64<\/td>\n<\/tr>\n<tr>\n<td class=\"left-td\">Isolation (mm)<\/td>\n<td>50<\/td>\n<\/tr>\n<tr>\n<td class=\"left-td\">Technologie de refroidissement<\/td>\n<td>Air forc\u00e9<\/td>\n<\/tr>\n<tr>\n<td class=\"left-td\">Mod\u00e8le de contr\u00f4leur \/ Type de sonde<\/td>\n<td>Honker \/ NTC<\/td>\n<\/tr>\n<tr>\n<td class=\"left-td\">Alimentation (V)<\/td>\n<td>239<\/td>\n<\/tr>\n<tr>\n<td class=\"left-td\">Fr\u00e9quence (Hz)<\/td>\n<td>50\/60<\/td>\n<\/tr>\n<tr>\n<td class=\"left-td\">Consommation \u00e9lectrique (KWHH\/24H)<\/td>\n<td>2,3<\/td>\n<\/tr>\n<tr>\n<td class=\"left-td\">AMP (A)<\/td>\n<td>1.4<\/td>\n<\/tr>\n<tr>\n<td class=\"left-td\">Puissance (Watt)<\/td>\n<td>184<\/td>\n<\/tr>\n<tr>\n<td class=\"left-td\">Puissance en chevaux (HP)<\/td>\n<td>1\/4<\/td>\n<\/tr>\n<\/tbody>\n<\/table>\n\u00a0"],"other_features_arctiko":["<table class=\"specifications\">\n<tbody>\n<tr>\n<td class=\"left-td\">D\u00e9givrage automatique<\/td>\n<td>Oui<\/td>\n<\/tr>\n<tr>\n<td class=\"left-td\">Fonction antigel<\/td>\n<td>Oui (2\u00b0C)<\/td>\n<\/tr>\n<tr>\n<td class=\"left-td\">Orifice d'\u00e9vacuation du vide<\/td>\n<td>Non<\/td>\n<\/tr>\n<tr>\n<td class=\"left-td\">Port d'acc\u00e8s pour sonde externe, etc. (Diam\u00e8tre int. mm)<\/td>\n<td>20<\/td>\n<\/tr>\n<tr>\n<td class=\"left-td\">Lumi\u00e8re<\/td>\n<td>Oui<\/td>\n<\/tr>\n<tr>\n<td class=\"left-td\">Verrouillage avec cl\u00e9<\/td>\n<td>Oui<\/td>\n<\/tr>\n<tr>\n<td class=\"left-td\">Roulettes (Total Pcs) \/ Roulettes avec frein (Pcs)<\/td>\n<td>Non<\/td>\n<\/tr>\n<tr>\n<td class=\"left-td\">Pieds fixes (Pcs) \/ Pieds de nivellement (Pcs)<\/td>\n<td>4\/4<\/td>\n<\/tr>\n<tr>\n<td class=\"left-td\">Sous-couvercles ou portes int\u00e9rieures (Pcs)<\/td>\n<td>Non<\/td>\n<\/tr>\n<tr>\n<td class=\"left-td\">Portes r\u00e9versibles (Pcs)<\/td>\n<td>Oui<\/td>\n<\/tr>\n<tr>\n<td class=\"left-td\">Tablettes fixes (Pcs) \/ Tablettes r\u00e9glables (Pcs)<\/td>\n<td>0 \/ 6<\/td>\n<\/tr>\n<tr>\n<td class=\"left-td\">Max. Non. Nombre d'\u00e9tag\u00e8res (Pcs) \/ Nombre d'\u00e9tag\u00e8res max. recommand\u00e9es (Pcs) \/ Nombre d'\u00e9tag\u00e8res max. recommand\u00e9es (Pcs) Non. Nombre d'\u00e9tag\u00e8res (Pcs)<\/td>\n<td>6 \/ 6<\/td>\n<\/tr>\n<tr>\n<td class=\"left-td\">Charge maximale par \u00e9tag\u00e8re (Kg)<\/td>\n<td>19<\/td>\n<\/tr>\n<\/tbody>\n<\/table>"],"_uag_page_assets":["a:9:{s:3:\"css\";s:0:\"\";s:2:\"js\";s:0:\"\";s:18:\"current_block_list\";a:0:{}s:8:\"uag_flag\";b:0;s:11:\"uag_version\";s:10:\"1777052440\";s:6:\"gfonts\";a:0:{}s:10:\"gfonts_url\";s:0:\"\";s:12:\"gfonts_files\";a:0:{}s:14:\"uag_faq_layout\";b:0;}"],"_max_variation_price":[""],"_max_variation_regular_price":[""],"_max_variation_sale_price":[""],"_min_variation_price":[""],"_min_variation_regular_price":[""],"_min_variation_sale_price":[""],"_sale_price":[""],"_wc_pb_base_regular_price":[""],"_wc_pb_base_sale_price":[""],"_wc_pb_base_price":[""],"_wc_sw_max_price":[""],"_wc_sw_max_regular_price":[""],"_wc_rating_count":[""],"_wc_review_count":[""],"_wc_average_rating":[0]},"uagb_featured_image_src":{"full":["https:\/\/praxas.com\/wp-content\/uploads\/LRE-285_2_Website-800x463-1.jpg",800,463,false],"thumbnail":["https:\/\/praxas.com\/wp-content\/uploads\/LRE-285_2_Website-800x463-1-150x150.jpg",150,150,true],"medium":["https:\/\/praxas.com\/wp-content\/uploads\/LRE-285_2_Website-800x463-1-300x174.jpg",300,174,true],"medium_large":["https:\/\/praxas.com\/wp-content\/uploads\/LRE-285_2_Website-800x463-1-768x444.jpg",768,444,true],"large":["https:\/\/praxas.com\/wp-content\/uploads\/LRE-285_2_Website-800x463-1.jpg",800,463,false],"1536x1536":["https:\/\/praxas.com\/wp-content\/uploads\/LRE-285_2_Website-800x463-1.jpg",800,463,false],"2048x2048":["https:\/\/praxas.com\/wp-content\/uploads\/LRE-285_2_Website-800x463-1.jpg",800,463,false],"crunchify-admin-post-featured-image":["https:\/\/praxas.com\/wp-content\/uploads\/LRE-285_2_Website-800x463-1-120x69.jpg",120,69,true],"commercegurus-pdp-large":["https:\/\/praxas.com\/wp-content\/uploads\/LRE-285_2_Website-800x463-1.jpg",800,463,false],"commercegurus-plp-mobile":["https:\/\/praxas.com\/wp-content\/uploads\/LRE-285_2_Website-800x463-1-441x255.jpg",441,255,true],"cgkit_image_swatch":["https:\/\/praxas.com\/wp-content\/uploads\/LRE-285_2_Website-800x463-1-100x100.jpg",100,100,true],"woocommerce_thumbnail":["https:\/\/praxas.com\/wp-content\/uploads\/LRE-285_2_Website-800x463-1-350x203.jpg",350,203,true],"woocommerce_single":["https:\/\/praxas.com\/wp-content\/uploads\/LRE-285_2_Website-800x463-1.jpg",800,463,false],"woocommerce_gallery_thumbnail":["https:\/\/praxas.com\/wp-content\/uploads\/LRE-285_2_Website-800x463-1-150x87.jpg",150,87,true]},"uagb_author_info":{"display_name":"Alex James","author_link":"https:\/\/praxas.com\/fr\/author\/"},"uagb_comment_info":0,"uagb_excerpt":"+2 \u00b0C \/ +8 \u00b0C Mod\u00e8le vertical - 265L Technologie \u00e0 compresseur unique Faible consommation d'\u00e9nergie R\u00e9frig\u00e9rant \u00e9cologique 100% sans HCFC ni CFC Refroidissement par air puls\u00e9 \u00c9tag\u00e8res r\u00e9glables Serrure \u00e0 cl\u00e9 sur la porte D\u00e9givrage automatique","_links":{"self":[{"href":"https:\/\/praxas.com\/fr\/wp-json\/wp\/v2\/product\/31126","targetHints":{"allow":["GET"]}}],"collection":[{"href":"https:\/\/praxas.com\/fr\/wp-json\/wp\/v2\/product"}],"about":[{"href":"https:\/\/praxas.com\/fr\/wp-json\/wp\/v2\/types\/product"}],"wp:featuredmedia":[{"embeddable":true,"href":"https:\/\/praxas.com\/fr\/wp-json\/wp\/v2\/media\/31127"}],"wp:attachment":[{"href":"https:\/\/praxas.com\/fr\/wp-json\/wp\/v2\/media?parent=31126"}],"wp:term":[{"taxonomy":"product_brand","embeddable":true,"href":"https:\/\/praxas.com\/fr\/wp-json\/wp\/v2\/product_brand?post=31126"},{"taxonomy":"product_cat","embeddable":true,"href":"https:\/\/praxas.com\/fr\/wp-json\/wp\/v2\/product_cat?post=31126"},{"taxonomy":"product_tag","embeddable":true,"href":"https:\/\/praxas.com\/fr\/wp-json\/wp\/v2\/product_tag?post=31126"}],"curies":[{"name":"wp","href":"https:\/\/api.w.org\/{rel}","templated":true}]}}