{"id":31165,"date":"2024-06-12T13:04:00","date_gmt":"2024-06-12T11:04:00","guid":{"rendered":"https:\/\/staging.praxas.com\/product\/non%20class\u00e9\/deshydratant-pour-le-sechage-des-conteneurs\/"},"modified":"2025-10-09T09:41:15","modified_gmt":"2025-10-09T07:41:15","slug":"deshydratant-pour-le-sechage-des-conteneurs","status":"publish","type":"product","link":"https:\/\/praxas.com\/fr\/product\/protection-de-la-cargaison\/deshydratant-pour-le-sechage-des-conteneurs\/","title":{"rendered":"D\u00c9SHYDRATANT POUR LE S\u00c9CHAGE DES CONTENEURS"},"content":{"rendered":"<p>Assurez la s\u00e9curit\u00e9 de votre cargaison contre l&rsquo;humidit\u00e9 et les rejets potentiels de conteneurs gr\u00e2ce au dessiccateur Praxas pour le s\u00e9chage des conteneurs. Con\u00e7u pour absorber efficacement l&rsquo;humidit\u00e9, ce d\u00e9shydratant s\u00e9curise vos produits pendant le transport, quelles que soient les conditions environnementales difficiles.<\/p>\n<p>Fabriqu\u00e9 \u00e0 partir de chlorure de calcium respectueux de l&rsquo;environnement, ce d\u00e9shydratant offre une absorption puissante \u00e0 des temp\u00e9ratures allant du gel \u00e0 plus de 80\u00b0C. Sa conception compacte est id\u00e9ale pour les conteneurs maritimes et permet un chargement et un d\u00e9chargement faciles.<\/p>\n<p><strong>Les avantages du dessiccateur de s\u00e9chage en conteneur sont les suivants :<\/strong><\/p>\n<ul>\n<li>Pr\u00e9vient les dommages caus\u00e9s par l&rsquo;humidit\u00e9<\/li>\n<li>Sans danger pour les aliments<\/li>\n<li>Puissante capacit\u00e9 d&rsquo;absorption<\/li>\n<li>Fonctionne \u00e0 diff\u00e9rentes temp\u00e9ratures<\/li>\n<li>Moins de risques de rejet du conteneur<\/li>\n<li>Facile \u00e0 utiliser<\/li>\n<li>Emp\u00eache la pluie de conteneurs, qui pourrait entra\u00eener des moisissures, de la corrosion ou d&rsquo;autres dommages aux produits.<\/li>\n<\/ul>\n<p><strong>Les avantages de l&rsquo;utilisation du chlorure de calcium sont les suivants :<\/strong><\/p>\n<ul>\n<li>Capacit\u00e9 d&rsquo;absorption \u00e9lev\u00e9e<\/li>\n<li>Large gamme de temp\u00e9ratures<\/li>\n<li>Utilisation s\u00fbre<\/li>\n<li>Respect de l&rsquo;environnement<\/li>\n<li>Peu co\u00fbteux<\/li>\n<\/ul>\n<p><a href=\"https:\/\/praxas.com\/fr\/categorie-produit\/protection-de-la-cargaison\/traitement-de-lair\/deshydratants\/\">Cliquez ici<\/a> pour obtenir une vue d&rsquo;ensemble de notre vaste gamme de d\u00e9shydratants.<\/p>\n","protected":false},"excerpt":{"rendered":"<ul>\n<li>D\u00e9shydratant \u00e0 haute absorption<\/li>\n<li>\u00c9conomie d&rsquo;espace<\/li>\n<li>Taux d&rsquo;absorption rapide<\/li>\n<li>Facile \u00e0 utiliser<\/li>\n<li>Rentabilit\u00e9<\/li>\n<li>Respectueux de l&rsquo;environnement, sans mat\u00e9riaux toxiques<\/li>\n<li>Ininflammable<\/li>\n<\/ul>\n","protected":false},"featured_media":31166,"template":"","meta":{"_acf_changed":false,"content-type":"","_uag_custom_page_level_css":""},"product_brand":[],"product_cat":[2533,1444],"product_tag":[2502],"class_list":{"0":"post-31165","1":"product","2":"type-product","3":"status-publish","4":"has-post-thumbnail","6":"product_cat-protection-de-la-cargaison","7":"product_cat-deshydratants","8":"product_tag-conteneur-deshydratant","10":"first","11":"instock","12":"taxable","13":"shipping-taxable","14":"purchasable","15":"product-type-variable"},"bundled_by":[],"bundle_stock_status":"instock","bundle_stock_quantity":null,"bundle_virtual":false,"bundle_layout":"","bundle_add_to_cart_form_location":"","bundle_editable_in_cart":false,"bundle_sold_individually_context":"","bundle_item_grouping":"","bundle_min_size":"","bundle_max_size":"","bundle_price":[],"bundled_items":[],"bundle_sell_ids":[],"acf":[],"spectra_custom_meta":{"_product_attributes":["a:2:{s:16:\"pa_product-brand\";a:6:{s:4:\"name\";s:16:\"pa_product-brand\";s:5:\"value\";s:0:\"\";s:8:\"position\";i:0;s:10:\"is_visible\";i:1;s:12:\"is_variation\";i:0;s:11:\"is_taxonomy\";i:1;}s:16:\"pa_make-a-choice\";a:6:{s:4:\"name\";s:16:\"pa_make-a-choice\";s:5:\"value\";s:0:\"\";s:8:\"position\";i:1;s:10:\"is_visible\";i:1;s:12:\"is_variation\";i:1;s:11:\"is_taxonomy\";i:1;}}"],"attr_label_translations":["a:1:{s:2:\"fr\";a:1:{s:13:\"make-a-choice\";s:15:\"Faites un choix\";}}"],"_backorders":["no"],"_download_limit":["-1"],"_download_expiry":["-1"],"_downloadable":["no"],"_manage_stock":["no"],"_stock_status":["instock"],"_sold_individually":["no"],"_tax_class":[""],"_tax_status":["taxable"],"_virtual":["no"],"total_sales":["2"],"_price":["152.09","2433.11"],"product_datasheet":[""],"_product_datasheet":["field_650ad7d6ea3a0"],"connectivity":[""],"_connectivity":["field_64dce263bb57c"],"brand":["Praxas"],"_brand":["field_64ddf62ed2593"],"brand_image":[""],"_brand_image":["field_650c5e7c84cae"],"_specifications_table":["field_65044e1db92a8"],"_display_data_alarm":["field_667d647bcb066"],"_resources":["field_650849c6945ee"],"_accessories":["field_650849e6945f0"],"_faqs":["field_650859523d8d5"],"_calibration_suitable_ids_gb":["field_654b4c4acb54a"],"_calibration_suitable_ids_us":["field_654b4c56cb54b"],"_show_in_calibration_suitable":["field_654cfb691d345"],"_other_features":["field_668524f8c98a4"],"_shipping":["field_66852535c98a5"],"_refrigerant_cabinet":["field_66852557c98a6"],"_main_specifications":["field_66855b25b1245"],"_usd_price_4":["field_651570dcac479"],"_usd_price_9":["field_6515713eb4807"],"_usd_price_24":["field_65157141b4809"],"_usd_price_49":["field_65157140b4808"],"_usd_price_99":["field_6515715bb480a"],"_gbp_price_4":["field_6515716e83bfa"],"_gbp_price_9":["field_6515724783bfb"],"_gbp_price_24":["field_6515724b83bfc"],"_gbp_price_49":["field_6515725983bfd"],"_gbp_price_99":["field_6515725d83bfe"],"_usdhk_price_4":["field_6515726f83bff"],"_usdhk_price_9":["field_6515727c83c00"],"_usdhk_price_24":["field_6515728083c01"],"_usdhk_price_49":["field_6515728983c02"],"_usdhk_price_99":["field_6515728e83c03"],"stock_options":["In stock"],"_stock_options":["field_6544b605dc7f9"],"_top_nav_excluded":[""],"_cms_nav_minihome":[""],"wcml_sync_hash":["a:1:{s:15:\"postmeta_fields\";s:32:\"bc564e105d4c87677548b77ad4d3b169\";}"],"_product_image_gallery":[""],"_thumbnail_id":["31166"],"_crosssell_ids":["a:0:{}"],"_edit_lock":["1721807491:8383"],"classic-editor-remember":["classic-editor"],"rank_math_seo_score":["15"],"_edit_last":["8383"],"commercekit_gallery_layout":[""],"commercekit_disable_sticky_atc":["0"],"commercekit_wc_video_gallery":["a:0:{}"],"_rank_math_gtin_code":[""],"_wcml_average_rating":[null],"_wcml_review_count":[null],"_wcml_rating_count":[null],"_stock":[null],"_wc_average_rating":[0],"_wc_review_count":["0"],"_product_version":["9.1.2"],"usd_price_4":[""],"usd_price_9":[""],"usd_price_24":[""],"usd_price_49":[""],"usd_price_99":[""],"gbp_price_4":[""],"gbp_price_9":[""],"gbp_price_24":[""],"gbp_price_49":[""],"gbp_price_99":[""],"usdhk_price_4":[""],"usdhk_price_9":[""],"usdhk_price_24":[""],"usdhk_price_49":[""],"usdhk_price_99":[""],"specifications_table":[""],"display_data_alarm":[""],"resources":[""],"calibration":[""],"accessories":[""],"faqs":[""],"calibration_suitable_ids_gb":[""],"calibration_suitable_ids_us":[""],"show_in_calibration_suitable":[""],"other_features":[""],"shipping":[""],"refrigerant_cabinet":[""],"main_specifications":[""],"shoptimizer_layout_pdp_short_description_position":["default"],"_wpml_media_duplicate":["1"],"_wpml_media_featured":["1"],"_last_translation_edit_mode":["translation-editor"],"_calibration":["field_66a0ddd599972"],"min_temp":[""],"max_temp":[""],"_min_temp":["field_67ea5eb4e0a77"],"_max_temp":["field_67ea5f81e0a79"],"_wpml_word_count":["266"],"rank_math_primary_product_cat":["2529"],"hubwoo_ecomm_invalid_pro":["yes"],"_uag_page_assets":["a:9:{s:3:\"css\";s:0:\"\";s:2:\"js\";s:0:\"\";s:18:\"current_block_list\";a:0:{}s:8:\"uag_flag\";b:0;s:11:\"uag_version\";s:10:\"1775171553\";s:6:\"gfonts\";a:0:{}s:10:\"gfonts_url\";s:0:\"\";s:12:\"gfonts_files\";a:0:{}s:14:\"uag_faq_layout\";b:0;}"],"_max_variation_price":[""],"_max_variation_regular_price":[""],"_max_variation_sale_price":[""],"_min_variation_price":[""],"_min_variation_regular_price":[""],"_min_variation_sale_price":[""],"_regular_price":[""],"_sale_price":[""],"_wc_pb_base_regular_price":[""],"_wc_pb_base_sale_price":[""],"_wc_pb_base_price":[""],"_wc_sw_max_price":[""],"_wc_sw_max_regular_price":[""],"_wc_rating_count":[""]},"uagb_featured_image_src":{"full":["https:\/\/praxas.com\/wp-content\/uploads\/praxas-praxas-container-desiccant-moisture-protect-800px.jpg",800,463,false],"thumbnail":["https:\/\/praxas.com\/wp-content\/uploads\/praxas-praxas-container-desiccant-moisture-protect-800px-150x150.jpg",150,150,true],"medium":["https:\/\/praxas.com\/wp-content\/uploads\/praxas-praxas-container-desiccant-moisture-protect-800px-300x174.jpg",300,174,true],"medium_large":["https:\/\/praxas.com\/wp-content\/uploads\/praxas-praxas-container-desiccant-moisture-protect-800px-768x444.jpg",768,444,true],"large":["https:\/\/praxas.com\/wp-content\/uploads\/praxas-praxas-container-desiccant-moisture-protect-800px.jpg",800,463,false],"1536x1536":["https:\/\/praxas.com\/wp-content\/uploads\/praxas-praxas-container-desiccant-moisture-protect-800px.jpg",800,463,false],"2048x2048":["https:\/\/praxas.com\/wp-content\/uploads\/praxas-praxas-container-desiccant-moisture-protect-800px.jpg",800,463,false],"crunchify-admin-post-featured-image":["https:\/\/praxas.com\/wp-content\/uploads\/praxas-praxas-container-desiccant-moisture-protect-800px-120x69.jpg",120,69,true],"commercegurus-pdp-large":["https:\/\/praxas.com\/wp-content\/uploads\/praxas-praxas-container-desiccant-moisture-protect-800px.jpg",800,463,false],"commercegurus-plp-mobile":["https:\/\/praxas.com\/wp-content\/uploads\/praxas-praxas-container-desiccant-moisture-protect-800px-441x255.jpg",441,255,true],"cgkit_image_swatch":["https:\/\/praxas.com\/wp-content\/uploads\/praxas-praxas-container-desiccant-moisture-protect-800px-100x100.jpg",100,100,true],"woocommerce_thumbnail":["https:\/\/praxas.com\/wp-content\/uploads\/praxas-praxas-container-desiccant-moisture-protect-800px-350x203.jpg",350,203,true],"woocommerce_single":["https:\/\/praxas.com\/wp-content\/uploads\/praxas-praxas-container-desiccant-moisture-protect-800px.jpg",800,463,false],"woocommerce_gallery_thumbnail":["https:\/\/praxas.com\/wp-content\/uploads\/praxas-praxas-container-desiccant-moisture-protect-800px-150x87.jpg",150,87,true]},"uagb_author_info":{"display_name":"Andy Price","author_link":"https:\/\/praxas.com\/fr\/author\/"},"uagb_comment_info":0,"uagb_excerpt":"D\u00e9shydratant \u00e0 haute absorption \u00c9conomie d'espace Taux d'absorption rapide Facile \u00e0 utiliser Rentabilit\u00e9 Respectueux de l'environnement, sans mat\u00e9riaux toxiques Ininflammable","_links":{"self":[{"href":"https:\/\/praxas.com\/fr\/wp-json\/wp\/v2\/product\/31165","targetHints":{"allow":["GET"]}}],"collection":[{"href":"https:\/\/praxas.com\/fr\/wp-json\/wp\/v2\/product"}],"about":[{"href":"https:\/\/praxas.com\/fr\/wp-json\/wp\/v2\/types\/product"}],"wp:featuredmedia":[{"embeddable":true,"href":"https:\/\/praxas.com\/fr\/wp-json\/wp\/v2\/media\/31166"}],"wp:attachment":[{"href":"https:\/\/praxas.com\/fr\/wp-json\/wp\/v2\/media?parent=31165"}],"wp:term":[{"taxonomy":"product_brand","embeddable":true,"href":"https:\/\/praxas.com\/fr\/wp-json\/wp\/v2\/product_brand?post=31165"},{"taxonomy":"product_cat","embeddable":true,"href":"https:\/\/praxas.com\/fr\/wp-json\/wp\/v2\/product_cat?post=31165"},{"taxonomy":"product_tag","embeddable":true,"href":"https:\/\/praxas.com\/fr\/wp-json\/wp\/v2\/product_tag?post=31165"}],"curies":[{"name":"wp","href":"https:\/\/api.w.org\/{rel}","templated":true}]}}