{"id":41219,"date":"2024-08-16T10:21:05","date_gmt":"2024-08-16T08:21:05","guid":{"rendered":"https:\/\/praxas.com\/product\/non%20class\u00e9\/lascar-el-cc-2-000-compteur-de-temperature-et-dhumidite\/"},"modified":"2025-12-11T10:26:00","modified_gmt":"2025-12-11T09:26:00","slug":"lascar-el-cc-2-000-compteur-de-temperature-et-dhumidite","status":"publish","type":"product","link":"https:\/\/praxas.com\/fr\/product\/data-loggers-fr\/temperature-et-humidite\/lascar-el-cc-2-000-compteur-de-temperature-et-dhumidite\/","title":{"rendered":"EL-CC-2-000"},"content":{"rendered":"&#13;\n<p>L&rsquo;enregistreur de temp\u00e9rature et d&rsquo;humidit\u00e9 EL-CC-2-000 est un moniteur de temp\u00e9rature et d&rsquo;humidit\u00e9 relative \u00e0 usage unique avec alarme. Cet enregistreur de donn\u00e9es mesure et stocke les donn\u00e9es de temp\u00e9rature et d&rsquo;humidit\u00e9. <\/p>&#13;\n&#13;\n<p>Lors du transport de produits alimentaires, il est important de surveiller et de contr\u00f4ler les conditions de transport et de stockage.\nEn mesurant avec pr\u00e9cision la temp\u00e9rature et l&rsquo;humidit\u00e9 pendant le transport, vous pouvez \u00e9viter les dommages, la perte de poids ou la perte pendant le transport et le stockage.  <\/p>&#13;\n&#13;\n<p>L&rsquo;enregistreur de donn\u00e9es est pr\u00e9r\u00e9gl\u00e9 avec des alarmes pour une temp\u00e9rature \u00e9lev\u00e9e de 24\u00b0C et une temp\u00e9rature basse de 20\u00b0C.<\/p>&#13;\n&#13;\n<p><strong>Avantages Compteur de temp\u00e9rature et d&rsquo;humidit\u00e9 EL-CC-2-000<\/strong><\/p>&#13;\n\r\n<ul class=\"wp-block-list\">&#13;\n<li>Compteur de temp\u00e9rature et d&rsquo;humidit\u00e9 en 1<\/li>&#13;\n\r\n\r\n&#13;\n<li>Plage de mesure de -30 \u00e0 +70\u00b0C<\/li>&#13;\n\r\n\r\n&#13;\n<li>Mesure \u00e9galement l&rsquo;humidit\u00e9 relative de 0 \u00e0 100 %.<\/li>&#13;\n\r\n\r\n&#13;\n<li>Aucune installation n&rsquo;est n\u00e9cessaire<\/li>&#13;\n\r\n\r\n&#13;\n<li>Dur\u00e9e de vie de 12 mois<\/li>&#13;\n\r\n\r\n&#13;\n<li>Plus de mesures manuelles<\/li>&#13;\n<\/ul>\r\n&#13;\n<p><br\/><strong>Acc\u00e8s facile aux donn\u00e9es<\/strong><\/p>&#13;\n&#13;\n<p>Apr\u00e8s le stockage ou le transport, il est tr\u00e8s facile d&rsquo;acc\u00e9der aux donn\u00e9es.\nIl suffit de d\u00e9chirer le bo\u00eetier en plastique IP67 pour faire appara\u00eetre le connecteur USB et de l&rsquo;ins\u00e9rer dans votre PC.\nUtilisez le logiciel gratuit EasyLog CC pour Windows pour t\u00e9l\u00e9charger et repr\u00e9senter graphiquement les donn\u00e9es.  <\/p>&#13;\n&#13;\n<p><strong>  L&rsquo;indicateur de temp\u00e9rature et d&rsquo;humidit\u00e9 permet de conserver les marchandises plus longtemps.<\/strong><\/p>&#13;\n&#13;\n<p>Cet enregistreur de temp\u00e9rature et d&rsquo;humidit\u00e9 est utilis\u00e9 pour surveiller la temp\u00e9rature et l&rsquo;humidit\u00e9 lors du transport et du stockage \u00e0 court et \u00e0 long terme. Il est r\u00e9put\u00e9 pour ses performances \u00e9lev\u00e9es, sa qualit\u00e9 et sa pr\u00e9cision. La qualit\u00e9 des produits tels que les aliments d\u00e9pend de la temp\u00e9rature ambiante. En pla\u00e7ant l&rsquo;EL-CC-2-000 dans la cargaison, vous \u00eates s\u00fbr de conna\u00eetre cette information et de pouvoir garantir la qualit\u00e9 et la s\u00e9curit\u00e9 des produits.  <\/p>&#13;\n&#13;\n<p>En utilisant l&rsquo;appareil de mesure de la temp\u00e9rature et de l&rsquo;humidit\u00e9 EL-CC-2-000, vous serez toujours au courant de la temp\u00e9rature et de l&rsquo;humidit\u00e9 de votre cargaison et vous \u00e9viterez les dommages li\u00e9s au transport et au stockage.<\/p>&#13;\n","protected":false},"excerpt":{"rendered":"<ul>\n<li>De -30\u00b0C \u00e0 +70\u00b0C<\/li>\n<li>Aucune installation n&rsquo;est n\u00e9cessaire<\/li>\n<li>Dur\u00e9e de vie minimale de la batterie 12 mois<\/li>\n<li>0 \u00e0 100% d&rsquo;humidit\u00e9 relative<\/li>\n<\/ul>\n","protected":false},"featured_media":41619,"template":"","meta":{"_acf_changed":false,"content-type":"","_uag_custom_page_level_css":""},"product_brand":[],"product_cat":[1226,1281],"product_tag":[2260],"class_list":{"0":"post-41219","1":"product","2":"type-product","3":"status-publish","4":"has-post-thumbnail","6":"product_cat-temperature-et-humidite","7":"product_cat-logistique-de-la-chaine-du-froid","8":"product_tag-temperature-fr","10":"first","11":"instock","12":"taxable","13":"shipping-taxable","14":"purchasable","15":"product-type-simple"},"bundled_by":[],"bundle_stock_status":"instock","bundle_stock_quantity":297,"bundle_virtual":false,"bundle_layout":"","bundle_add_to_cart_form_location":"","bundle_editable_in_cart":false,"bundle_sold_individually_context":"","bundle_item_grouping":"","bundle_min_size":"","bundle_max_size":"","bundle_price":[],"bundled_items":[],"bundle_sell_ids":[],"acf":[],"spectra_custom_meta":{"_wcml_average_rating":[null],"_wcml_review_count":[null],"_wcml_rating_count":[null],"_download_limit":["-1"],"_download_expiry":["-1"],"_downloadable":["no"],"_stock_status":["instock"],"_sold_individually":["no"],"_tax_class":[""],"_tax_status":["taxable"],"_virtual":["no"],"total_sales":["6"],"_product_datasheet":["field_650ad7d6ea3a0"],"connectivity":["USB"],"_connectivity":["field_64dce263bb57c"],"brand":["EasyLog"],"_brand":["field_64ddf62ed2593"],"brand_image":["23369"],"_brand_image":["field_650c5e7c84cae"],"_specifications_table":["field_65044e1db92a8"],"_display_data_alarm":["field_667d647bcb066"],"_resources":["field_650849c6945ee"],"_calibration":["field_66a0ddd599972"],"_accessories":["field_650849e6945f0"],"_faqs":["field_650859523d8d5"],"_calibration_suitable_ids_gb":["field_654b4c4acb54a"],"_calibration_suitable_ids_us":["field_654b4c56cb54b"],"_show_in_calibration_suitable":["field_654cfb691d345"],"_shipping":["field_66852535c98a5"],"_refrigerant_cabinet":["field_66852557c98a6"],"_main_specifications":["field_66855b25b1245"],"_usd_price_4":["field_651570dcac479"],"_usd_price_9":["field_6515713eb4807"],"_usd_price_24":["field_65157141b4809"],"_usd_price_49":["field_65157140b4808"],"_usd_price_99":["field_6515715bb480a"],"_gbp_price_4":["field_6515716e83bfa"],"_gbp_price_9":["field_6515724783bfb"],"_gbp_price_24":["field_6515724b83bfc"],"_gbp_price_49":["field_6515725983bfd"],"_gbp_price_99":["field_6515725d83bfe"],"_usdhk_price_4":["field_6515726f83bff"],"_usdhk_price_9":["field_6515727c83c00"],"_usdhk_price_24":["field_6515728083c01"],"_usdhk_price_49":["field_6515728983c02"],"_usdhk_price_99":["field_6515728e83c03"],"stock_options":["In stock"],"_stock_options":["field_6544b605dc7f9"],"_top_nav_excluded":[""],"_cms_nav_minihome":[""],"wcml_sync_hash":["a:1:{s:15:\"postmeta_fields\";s:32:\"bd4372ad9a8ce49c6fbfd524069ffd8f\";}"],"attr_label_translations":["a:0:{}"],"_thumbnail_id":["41619"],"_product_image_gallery":["41214"],"_crosssell_ids":["a:0:{}"],"_last_translation_edit_mode":["translation-editor"],"_stock":["297.000000"],"_sku":["EL-CC-2-000"],"_weight":["0.114"],"_width":["5.0"],"_height":["3.0"],"_length":["6.8"],"product_datasheet":[""],"shoptimizer_layout_pdp_short_description_position":["default"],"rank_math_primary_product_cat":["696"],"rank_math_analytic_object_id":["553"],"_wpml_media_duplicate":["1"],"_wpml_media_featured":["1"],"hubwoo_ecomm_pro_id":["30688555251"],"card_1_link_url":["a:1:{i:0;s:0:\"\";}"],"card_2_link_url":["a:1:{i:0;s:0:\"\";}"],"card_3_link_url":["a:1:{i:0;s:0:\"\";}"],"card_4_link_url":["a:1:{i:0;s:0:\"\";}"],"card_5_link_url":["a:1:{i:0;s:0:\"\";}"],"card_6_link_url":["a:1:{i:0;s:0:\"\";}"],"card_7_link_url":["a:1:{i:0;s:0:\"\";}"],"card_8_link_url":["a:1:{i:0;s:0:\"\";}"],"card_9_link_url":["a:1:{i:0;s:0:\"\";}"],"card_10_link_url":["a:1:{i:0;s:0:\"\";}"],"card_11_link_url":["a:1:{i:0;s:0:\"\";}"],"card_12_link_url":["a:1:{i:0;s:0:\"\";}"],"card_13_link_url":["a:1:{i:0;s:0:\"\";}"],"card_14_link_url":["a:1:{i:0;s:0:\"\";}"],"card_15_link_url":["a:1:{i:0;s:0:\"\";}"],"card_16_link_url":["a:1:{i:0;s:0:\"\";}"],"card_17_link_url":["a:1:{i:0;s:0:\"\";}"],"card_18_link_url":["a:1:{i:0;s:0:\"\";}"],"card_19_link_url":["a:1:{i:0;s:0:\"\";}"],"card_20_link_url":["a:1:{i:0;s:0:\"\";}"],"card_21_link_url":["a:1:{i:0;s:0:\"\";}"],"card_22_link_url":["a:1:{i:0;s:0:\"\";}"],"card_23_link_url":["a:1:{i:0;s:0:\"\";}"],"card_24_link_url":["a:1:{i:0;s:0:\"\";}"],"_backorders":["no"],"_manage_stock":["no"],"min_temp":["-30"],"max_temp":["70"],"_min_temp":["field_67ea5eb4e0a77"],"_max_temp":["field_67ea5f81e0a79"],"_wpml_word_count":["398"],"_other_features":["field_686fa2aa98dce"],"rank_math_title":["EL-CC-2-000 TEMP ET HUMIDITY METER | Praxas"],"rank_math_description":["Contr\u00f4lez et surveillez la temp\u00e9rature et l'humidit\u00e9 d'une cargaison avec l'appareil de mesure de la temp\u00e9rature et de l'humidit\u00e9 EL-Cc-2-000.  "],"rank_math_focus_keyword":["EL-CC-2-000"],"specifications_table":["<table id=\"sheet0\" class=\"sheet0 gridlines\" border=\"0\" cellspacing=\"0\" cellpadding=\"0\"><colgroup> <col class=\"col0\"> <col class=\"col1\"> <col class=\"col2\"><\/colgroup>\n<tbody>\n<tr class=\"row0\">\n<td class=\"column0 style2 s style5\" rowspan=\"3\"><strong>Temp\u00e9rature<\/strong><\/td><td class=\"column1 style3 s\"><strong>Plage de mesure<\/strong><\/td><td class=\"column2 style4 s\">De -30 \u00e0 +70\u00b0C (de -22 \u00e0 +158\u00b0F)<\/td>\n<\/tr>\n<tr class=\"row1\">\n<td class=\"column1 style6 s\"><strong>R\u00e9solution interne<\/strong><\/td><td class=\"column2 style7 s\">0,1\u00b0C (0,1\u00b0F)<\/td>\n<\/tr>\n<tr class=\"row2\">\n<td class=\"column1 style6 s\"><strong>Pr\u00e9cision (erreur totale)<\/strong><\/td><td class=\"column2 style7 s\">\u00b10,3\u00b0C maximum (\u00b10,7\u00b0F)<\/td>\n<\/tr>\n<tr class=\"row3\">\n<td class=\"column0 style5 s style5\" rowspan=\"3\"><strong>Humidit\u00e9 relative<\/strong><\/td><td class=\"column1 style6 s\"><strong>Plage de mesure<\/strong><\/td><td class=\"column2 style7 s\">0 \u00e0 100%HR<\/td>\n<\/tr>\n<tr class=\"row4\">\n<td class=\"column1 style6 s\"><strong>R\u00e9solution interne<\/strong><\/td><td class=\"column2 style7 s\">0,1%RV<\/td>\n<\/tr>\n<tr class=\"row5\">\n<td class=\"column1 style6 s\"><strong>Pr\u00e9cision (erreur totale)<\/strong><\/td><td class=\"column2 style7 s\">\u00b12%RV<\/td>\n<\/tr>\n<tr class=\"row6\">\n<td class=\"column0 style8 s style8\" colspan=\"2\"><strong>Classification IP<\/strong><\/td><td class=\"column2 style7 s\">IP67 (dans le support plastique ou EL-CC-BAG)<\/td>\n<\/tr>\n<tr class=\"row7\">\n<td class=\"column0 style8 s style8\" colspan=\"2\"><strong>Dur\u00e9e de vie de la batterie<\/strong><\/td><td class=\"column2 style7 s\">12 mois (minimum)<\/td>\n<\/tr>\n<tr class=\"row8\">\n<td class=\"column0 style8 s style8\" colspan=\"2\"><strong>Relev\u00e9s<\/strong><\/td><td class=\"column2 style7 s\">32.637 temp\u00e9rature \/ 32.637 humidit\u00e9 relative<\/td>\n<\/tr>\n<tr class=\"row9\">\n<td class=\"column0 style8 s style8\" colspan=\"2\"><strong>Intervalle d'enregistrement<\/strong><\/td><td class=\"column2 style7 s\">10 minutes (220 jours)<\/td>\n<\/tr>\n<\/tbody>\n<\/table>"],"resources":[" \n<ul class=\"resources-list\">\n \t<li><img src=\"https:\/\/praxas.com\/wp-content\/uploads\/document-icon.png\" alt=\"Ic\u00f4ne de document\"> <a href=\"https:\/\/praxas.com\/wp-content\/uploads\/praxas-easylog-cc-2-data-sheet-issue1.pdf\" target=\"_blank\" rel=\"noopener\">Fiche technique EL-CC-2-000<\/a><\/li>\n \t<li><img src=\"https:\/\/praxas.com\/wp-content\/uploads\/document-icon.png\" alt=\"Ic\u00f4ne de document\"> <a href=\"https:\/\/praxas.com\/wp-content\/uploads\/praxas-easylog-cc-2-quick-start-guide-issue1.pdf\" target=\"_blank\" rel=\"noopener\">Guide de d\u00e9marrage rapide EL-CC-2-000<\/a><\/li>\n \t<li><img src=\"https:\/\/praxas.com\/wp-content\/uploads\/document-icon.png\" alt=\"Ic\u00f4ne de document\"><a href=\"https:\/\/downloads.praxas.com\/EasyLog+CC+Installer.exe\">T\u00e9l\u00e9chargement du logiciel<\/a><\/li>\n<\/ul>"],"_uag_css_file_name":["uag-css-41219.css"],"_regular_price":["29.50"],"_price":["29.50"],"_uag_page_assets":["a:9:{s:3:\"css\";s:263:\".uag-blocks-common-selector{z-index:var(--z-index-desktop) !important}@media (max-width: 976px){.uag-blocks-common-selector{z-index:var(--z-index-tablet) !important}}@media (max-width: 767px){.uag-blocks-common-selector{z-index:var(--z-index-mobile) !important}}\n\";s:2:\"js\";s:0:\"\";s:18:\"current_block_list\";a:3:{i:0;s:14:\"core\/paragraph\";i:1;s:9:\"core\/list\";i:2;s:14:\"core\/list-item\";}s:8:\"uag_flag\";b:0;s:11:\"uag_version\";s:10:\"1777052440\";s:6:\"gfonts\";a:0:{}s:10:\"gfonts_url\";s:0:\"\";s:12:\"gfonts_files\";a:0:{}s:14:\"uag_faq_layout\";b:0;}"],"_max_variation_price":[""],"_max_variation_regular_price":[""],"_max_variation_sale_price":[""],"_min_variation_price":[""],"_min_variation_regular_price":[""],"_min_variation_sale_price":[""],"_sale_price":[""],"_wc_pb_base_regular_price":[""],"_wc_pb_base_sale_price":[""],"_wc_pb_base_price":[""],"_wc_sw_max_price":[""],"_wc_sw_max_regular_price":[""],"_wc_rating_count":[""],"_wc_review_count":[""],"_wc_average_rating":[0]},"uagb_featured_image_src":{"full":["https:\/\/praxas.com\/wp-content\/uploads\/EL-CC-2-000-Straight.jpg",800,463,false],"thumbnail":["https:\/\/praxas.com\/wp-content\/uploads\/EL-CC-2-000-Straight-150x150.jpg",150,150,true],"medium":["https:\/\/praxas.com\/wp-content\/uploads\/EL-CC-2-000-Straight-300x174.jpg",300,174,true],"medium_large":["https:\/\/praxas.com\/wp-content\/uploads\/EL-CC-2-000-Straight-768x444.jpg",768,444,true],"large":["https:\/\/praxas.com\/wp-content\/uploads\/EL-CC-2-000-Straight.jpg",800,463,false],"1536x1536":["https:\/\/praxas.com\/wp-content\/uploads\/EL-CC-2-000-Straight.jpg",800,463,false],"2048x2048":["https:\/\/praxas.com\/wp-content\/uploads\/EL-CC-2-000-Straight.jpg",800,463,false],"crunchify-admin-post-featured-image":["https:\/\/praxas.com\/wp-content\/uploads\/EL-CC-2-000-Straight-120x69.jpg",120,69,true],"commercegurus-pdp-large":["https:\/\/praxas.com\/wp-content\/uploads\/EL-CC-2-000-Straight.jpg",800,463,false],"commercegurus-plp-mobile":["https:\/\/praxas.com\/wp-content\/uploads\/EL-CC-2-000-Straight-441x255.jpg",441,255,true],"cgkit_image_swatch":["https:\/\/praxas.com\/wp-content\/uploads\/EL-CC-2-000-Straight-100x100.jpg",100,100,true],"woocommerce_thumbnail":["https:\/\/praxas.com\/wp-content\/uploads\/EL-CC-2-000-Straight-350x203.jpg",350,203,true],"woocommerce_single":["https:\/\/praxas.com\/wp-content\/uploads\/EL-CC-2-000-Straight.jpg",800,463,false],"woocommerce_gallery_thumbnail":["https:\/\/praxas.com\/wp-content\/uploads\/EL-CC-2-000-Straight-150x87.jpg",150,87,true]},"uagb_author_info":{"display_name":"Claudia Arts Rutten","author_link":"https:\/\/praxas.com\/fr\/author\/"},"uagb_comment_info":0,"uagb_excerpt":"De -30\u00b0C \u00e0 +70\u00b0C Aucune installation n'est n\u00e9cessaire Dur\u00e9e de vie minimale de la batterie 12 mois 0 \u00e0 100% d'humidit\u00e9 relative","_links":{"self":[{"href":"https:\/\/praxas.com\/fr\/wp-json\/wp\/v2\/product\/41219","targetHints":{"allow":["GET"]}}],"collection":[{"href":"https:\/\/praxas.com\/fr\/wp-json\/wp\/v2\/product"}],"about":[{"href":"https:\/\/praxas.com\/fr\/wp-json\/wp\/v2\/types\/product"}],"wp:featuredmedia":[{"embeddable":true,"href":"https:\/\/praxas.com\/fr\/wp-json\/wp\/v2\/media\/41619"}],"wp:attachment":[{"href":"https:\/\/praxas.com\/fr\/wp-json\/wp\/v2\/media?parent=41219"}],"wp:term":[{"taxonomy":"product_brand","embeddable":true,"href":"https:\/\/praxas.com\/fr\/wp-json\/wp\/v2\/product_brand?post=41219"},{"taxonomy":"product_cat","embeddable":true,"href":"https:\/\/praxas.com\/fr\/wp-json\/wp\/v2\/product_cat?post=41219"},{"taxonomy":"product_tag","embeddable":true,"href":"https:\/\/praxas.com\/fr\/wp-json\/wp\/v2\/product_tag?post=41219"}],"curies":[{"name":"wp","href":"https:\/\/api.w.org\/{rel}","templated":true}]}}