{"id":42024,"date":"2024-09-11T11:19:14","date_gmt":"2024-09-11T09:19:14","guid":{"rendered":"https:\/\/praxas.com\/product\/non%20class\u00e9\/utrid-16\/"},"modified":"2025-10-09T10:21:46","modified_gmt":"2025-10-09T08:21:46","slug":"utrid-16","status":"publish","type":"product","link":"https:\/\/praxas.com\/fr\/product\/data-loggers-fr\/enregistreurs-de-donnees-de-temperature\/utrid-16\/","title":{"rendered":"UTRID-16R Enregistreur de temp\u00e9rature USB PDF"},"content":{"rendered":"<p>L&rsquo;UTRID-16R dispose d&rsquo;un \u00e9cran permettant de visualiser facilement les relev\u00e9s de temp\u00e9rature actuels et pass\u00e9s, ainsi que les informations relatives aux alarmes.<\/p>\n<p>L&rsquo;\u00e9cran affiche l&rsquo;\u00e9tat de l&rsquo;enregistrement, la temp\u00e9rature actuelle, jusqu&rsquo;\u00e0 six alarmes configurables par l&rsquo;utilisateur, ainsi que la dur\u00e9e des \u00e9carts de temp\u00e9rature.<\/p>\n<p>Lorsqu&rsquo;il est connect\u00e9 \u00e0 un ordinateur via la prise USB int\u00e9gr\u00e9e, un rapport PDF d\u00e9taill\u00e9 des donn\u00e9es enregistr\u00e9es et des alarmes est automatiquement g\u00e9n\u00e9r\u00e9, sans n\u00e9cessiter d&rsquo;accessoires suppl\u00e9mentaires ou de logiciel sp\u00e9cialis\u00e9.<\/p>\n<p>Pour une analyse plus d\u00e9taill\u00e9e, l&rsquo;appareil cr\u00e9e \u00e9galement un fichier de donn\u00e9es crypt\u00e9 compatible avec le logiciel LogTag Analyzer et les options de gestion des donn\u00e9es.<\/p>\n","protected":false},"excerpt":{"rendered":"<ul>\n<li>De -30\u00b0C \u00e0 65\u00b0C<\/li>\n<li>Affichage de la temp\u00e9rature et de l&rsquo;\u00e9tat des alarmes<\/li>\n<li>G\u00e9n\u00e9ration automatique de PDF<\/li>\n<li>Id\u00e9al pour les canaux de distribution \u00e0 plusieurs niveaux<\/li>\n<\/ul>\n","protected":false},"featured_media":42031,"template":"","meta":{"_acf_changed":false,"content-type":"","_uag_custom_page_level_css":""},"product_brand":[],"product_cat":[1238,1282],"product_tag":[2516,2260,1260],"class_list":{"0":"post-42024","1":"product","2":"type-product","3":"status-publish","4":"has-post-thumbnail","6":"product_cat-enregistreurs-de-donnees-de-temperature","7":"product_cat-data-loggers-fr","8":"product_tag-logtag-fr","9":"product_tag-temperature-fr","10":"product_tag-usb-fr","12":"first","13":"instock","14":"taxable","15":"shipping-taxable","16":"purchasable","17":"product-type-simple"},"bundled_by":[],"bundle_stock_status":"instock","bundle_stock_quantity":null,"bundle_virtual":false,"bundle_layout":"","bundle_add_to_cart_form_location":"","bundle_editable_in_cart":false,"bundle_sold_individually_context":"","bundle_item_grouping":"","bundle_min_size":"","bundle_max_size":"","bundle_price":[],"bundled_items":[],"bundle_sell_ids":[],"acf":[],"spectra_custom_meta":{"_wcml_average_rating":[null],"_wcml_review_count":[null],"_wcml_rating_count":[null],"_backorders":["no"],"_download_limit":["-1"],"_download_expiry":["-1"],"_downloadable":["no"],"_manage_stock":["no"],"_stock_status":["instock"],"_sold_individually":["no"],"_tax_class":[""],"_tax_status":["taxable"],"_virtual":["no"],"_weight":["0.039"],"_width":["5.45"],"_height":["9.3"],"_length":["0.86"],"total_sales":["10"],"product_datasheet":[""],"_product_datasheet":["field_650ad7d6ea3a0"],"connectivity":["USB"],"_connectivity":["field_64dce263bb57c"],"brand":["LogTag"],"_brand":["field_64ddf62ed2593"],"brand_image":[""],"_brand_image":["field_650c5e7c84cae"],"_specifications_table":["field_65044e1db92a8"],"_display_data_alarm":["field_667d647bcb066"],"_resources":["field_650849c6945ee"],"_calibration":["field_66a0ddd599972"],"_accessories":["field_650849e6945f0"],"_faqs":["field_650859523d8d5"],"_calibration_suitable_ids_gb":["field_654b4c4acb54a"],"_calibration_suitable_ids_us":["field_654b4c56cb54b"],"_show_in_calibration_suitable":["field_654cfb691d345"],"_other_features":["field_668524f8c98a4"],"_shipping":["field_66852535c98a5"],"_refrigerant_cabinet":["field_66852557c98a6"],"_main_specifications":["field_66855b25b1245"],"_usd_price_4":["field_651570dcac479"],"_usd_price_9":["field_6515713eb4807"],"_usd_price_24":["field_65157141b4809"],"_usd_price_49":["field_65157140b4808"],"_usd_price_99":["field_6515715bb480a"],"_gbp_price_4":["field_6515716e83bfa"],"_gbp_price_9":["field_6515724783bfb"],"_gbp_price_24":["field_6515724b83bfc"],"_gbp_price_49":["field_6515725983bfd"],"_gbp_price_99":["field_6515725d83bfe"],"_usdhk_price_4":["field_6515726f83bff"],"_usdhk_price_9":["field_6515727c83c00"],"_usdhk_price_24":["field_6515728083c01"],"_usdhk_price_49":["field_6515728983c02"],"_usdhk_price_99":["field_6515728e83c03"],"stock_options":["In stock"],"_stock_options":["field_6544b605dc7f9"],"_top_nav_excluded":[""],"_cms_nav_minihome":[""],"wcml_sync_hash":["a:1:{s:15:\"postmeta_fields\";s:32:\"41e0915edc8ee2fbdfc28c64d57c4e74\";}"],"attr_label_translations":["a:0:{}"],"_product_attributes":["a:1:{s:16:\"pa_product-brand\";a:6:{s:4:\"name\";s:16:\"pa_product-brand\";s:5:\"value\";s:0:\"\";s:8:\"position\";i:0;s:10:\"is_visible\";i:1;s:12:\"is_variation\";i:0;s:11:\"is_taxonomy\";i:1;}}"],"_thumbnail_id":["42031"],"_product_image_gallery":["42037,42043"],"_crosssell_ids":["a:0:{}"],"shoptimizer_layout_pdp_short_description_position":["default"],"rank_math_primary_product_cat":["87"],"rank_math_analytic_object_id":["726"],"_wpml_media_duplicate":["1"],"_wpml_media_featured":["1"],"_last_translation_edit_mode":["translation-editor"],"hubwoo_ecomm_pro_id":["30881685712"],"min_temp":["-30"],"max_temp":["65"],"_min_temp":["field_67ea5eb4e0a77"],"_max_temp":["field_67ea5f81e0a79"],"_wpml_word_count":["167"],"_regular_price":["41.30"],"_price":["41.30"],"_sku":["UTRID-16R"],"_global_unique_id":["850040258134"],"rank_math_focus_keyword":["UTRID-16"],"specifications_table":["<table class=\"specifications\">\n<tbody>\n<tr>\n<td>Plage de mesure du capteur<\/td>\n<td>De -30\u00b0C \u00e0 +60\u00b0C (de -22\u00b0F \u00e0 +140\u00b0F)<\/td>\n<\/tr>\n<tr>\n<td>Plage de temp\u00e9rature de fonctionnement<\/td>\n<td>De -30\u00b0C \u00e0 +65\u00b0C (de -22\u00b0F \u00e0 +149\u00b0F)<\/td>\n<\/tr>\n<tr>\n<td>Plage de temp\u00e9rature de stockage<\/td>\n<td>0\u00b0C \u00e0 +40\u00b0C (32\u00b0F \u00e0 +104\u00b0F)<\/td>\n<\/tr>\n<tr>\n<td>Pr\u00e9cision de la temp\u00e9rature<\/td>\n<td>\u00b10,5\u00b0C (\u00b10,9\u00b0F) de -20\u00b0C \u00e0 +40\u00b0C (-4\u00b0F \u00e0 +104\u00b0F),\n\u00b10,7\u00b0C (\u00b11,3\u00b0F) de -25\u00b0C \u00e0 -20\u00b0C (-13\u00b0F \u00e0 -4\u00b0F) & +40\u00b0C \u00e0 +60\u00b0C (+104\u00b0F \u00e0 +140\u00b0F)<\/td>\n<\/tr>\n<tr>\n<td>R\u00e9solution de la temp\u00e9rature<\/td>\n<td>0,1\u00b0C\/F<\/td>\n<\/tr>\n<tr>\n<td>Temps de r\u00e9action du capteur<\/td>\n<td>Moins de 7 minutes dans l'air en mouvement (1m\/s)<\/td>\n<\/tr>\n<tr>\n<td>Capacit\u00e9 d'enregistrement<\/td>\n<td>16 129 lectures (56 jours \u00e0 5 minutes, 168 jours \u00e0 15 minutes)<\/td>\n<\/tr>\n<tr>\n<td>M\u00e9moire des statistiques<\/td>\n<td>Max\/Min et dur\u00e9e de l'alarme<\/td>\n<\/tr>\n<tr>\n<td>Intervalle d'\u00e9chantillonnage<\/td>\n<td>30 secondes \u00e0 18 heures (configurable)<\/td>\n<\/tr>\n<tr>\n<td>Options de d\u00e9marrage de l'enregistrement<\/td>\n<td>Bouton-poussoir (d\u00e9lai de 1 minute \u00e0 72 heures) ou date\/heure programm\u00e9e<\/td>\n<\/tr>\n<tr>\n<td>Indication d'enregistrement<\/td>\n<td>Symbole \"REC\" sur l'\u00e9cran<\/td>\n<\/tr>\n<tr>\n<td>Temps de t\u00e9l\u00e9chargement<\/td>\n<td>Moins de 30 secondes pour le PDF, 10 secondes pour le fichier LTD<\/td>\n<\/tr>\n<tr>\n<td>Protection de l'environnement<\/td>\n<td>IP64 avec capuchon USB<\/td>\n<\/tr>\n<tr>\n<td>Source d'alimentation<\/td>\n<td>UTRID-16R : pile CR2032 (rempla\u00e7able)\nUTRID-16 : pile CR2450<\/td>\n<\/tr>\n<tr>\n<td>Dur\u00e9e de vie de la batterie<\/td>\n<td>UTRID-16R : 1 an de stockage, 1 an d'utilisation normale\nUTRID-16 : 2 ans d'utilisation normale<\/td>\n<\/tr>\n<tr>\n<td>Horloge en temps r\u00e9el<\/td>\n<td>\u00b125ppm @ 25\u00b0C (2,5 sec\/jour)<\/td>\n<\/tr>\n<tr>\n<td>Interface de connexion<\/td>\n<td>USB 2.0, prise de type A<\/td>\n<\/tr>\n<tr>\n<td>Logiciel<\/td>\n<td>PDF Reader, LogTag Analyzer 2.8 ou sup\u00e9rieur<\/td>\n<\/tr>\n<tr>\n<td>Langues<\/td>\n<td>Anglais, espagnol, fran\u00e7ais, russe, allemand<\/td>\n<\/tr>\n<tr>\n<td>Taille<\/td>\n<td>93mm(H) x 54.5mm(L) x 8.6mm(T)<\/td>\n<\/tr>\n<tr>\n<td>Poids<\/td>\n<td>39g<\/td>\n<\/tr>\n<tr>\n<td>Mat\u00e9riau du bo\u00eetier<\/td>\n<td>Polycarbonate<\/td>\n<\/tr>\n<\/tbody>\n<\/table>"],"resources":["<img src=\"https:\/\/praxas.com\/wp-content\/uploads\/document-icon.png\" alt=\"Ic\u00f4ne de document\"><a href=\"https:\/\/praxas.com\/wp-content\/uploads\/LogTag_UTRID-16_Brochure.pdf\">Brochure LogTag UTRID-16<\/a>\n\n<img src=\"https:\/\/praxas.com\/wp-content\/uploads\/document-icon.png\" alt=\"Ic\u00f4ne de document\"><a href=\"https:\/\/praxas.com\/wp-content\/uploads\/LogTag_UTRID-16_User_Guide.pdf\">Guide de l'utilisateur du LogTag UTRID-16<\/a>\n\n<img src=\"https:\/\/praxas.com\/wp-content\/uploads\/document-icon.png\" alt=\"Ic\u00f4ne de document\"><a href=\"https:\/\/praxas.com\/wp-content\/uploads\/Quick-Start-Guide-UTRID-16.pdf\">Guide de d\u00e9marrage rapide du LogTag UTRID-16<\/a>"],"accessories":["[products skus=\"PROTECTIVE ENCLOSURE,WMB-1\"]"],"_uag_page_assets":["a:9:{s:3:\"css\";s:0:\"\";s:2:\"js\";s:0:\"\";s:18:\"current_block_list\";a:0:{}s:8:\"uag_flag\";b:0;s:11:\"uag_version\";s:10:\"1775212209\";s:6:\"gfonts\";a:0:{}s:10:\"gfonts_url\";s:0:\"\";s:12:\"gfonts_files\";a:0:{}s:14:\"uag_faq_layout\";b:0;}"],"_max_variation_price":[""],"_max_variation_regular_price":[""],"_max_variation_sale_price":[""],"_min_variation_price":[""],"_min_variation_regular_price":[""],"_min_variation_sale_price":[""],"_sale_price":[""],"_wc_pb_base_regular_price":[""],"_wc_pb_base_sale_price":[""],"_wc_pb_base_price":[""],"_wc_sw_max_price":[""],"_wc_sw_max_regular_price":[""],"_wc_rating_count":[""],"_wc_review_count":[""],"_wc_average_rating":[0]},"uagb_featured_image_src":{"full":["https:\/\/praxas.com\/wp-content\/uploads\/UTRED-16-5-510x665-2-1.jpg",800,463,false],"thumbnail":["https:\/\/praxas.com\/wp-content\/uploads\/UTRED-16-5-510x665-2-1-150x150.jpg",150,150,true],"medium":["https:\/\/praxas.com\/wp-content\/uploads\/UTRED-16-5-510x665-2-1-300x174.jpg",300,174,true],"medium_large":["https:\/\/praxas.com\/wp-content\/uploads\/UTRED-16-5-510x665-2-1-768x444.jpg",768,444,true],"large":["https:\/\/praxas.com\/wp-content\/uploads\/UTRED-16-5-510x665-2-1.jpg",800,463,false],"1536x1536":["https:\/\/praxas.com\/wp-content\/uploads\/UTRED-16-5-510x665-2-1.jpg",800,463,false],"2048x2048":["https:\/\/praxas.com\/wp-content\/uploads\/UTRED-16-5-510x665-2-1.jpg",800,463,false],"crunchify-admin-post-featured-image":["https:\/\/praxas.com\/wp-content\/uploads\/UTRED-16-5-510x665-2-1-120x69.jpg",120,69,true],"commercegurus-pdp-large":["https:\/\/praxas.com\/wp-content\/uploads\/UTRED-16-5-510x665-2-1.jpg",800,463,false],"commercegurus-plp-mobile":["https:\/\/praxas.com\/wp-content\/uploads\/UTRED-16-5-510x665-2-1-441x255.jpg",441,255,true],"cgkit_image_swatch":["https:\/\/praxas.com\/wp-content\/uploads\/UTRED-16-5-510x665-2-1-100x100.jpg",100,100,true],"woocommerce_thumbnail":["https:\/\/praxas.com\/wp-content\/uploads\/UTRED-16-5-510x665-2-1-350x203.jpg",350,203,true],"woocommerce_single":["https:\/\/praxas.com\/wp-content\/uploads\/UTRED-16-5-510x665-2-1.jpg",800,463,false],"woocommerce_gallery_thumbnail":["https:\/\/praxas.com\/wp-content\/uploads\/UTRED-16-5-510x665-2-1-150x87.jpg",150,87,true]},"uagb_author_info":{"display_name":"Alex James","author_link":"https:\/\/praxas.com\/fr\/author\/"},"uagb_comment_info":0,"uagb_excerpt":"De -30\u00b0C \u00e0 65\u00b0C Affichage de la temp\u00e9rature et de l'\u00e9tat des alarmes G\u00e9n\u00e9ration automatique de PDF Id\u00e9al pour les canaux de distribution \u00e0 plusieurs niveaux","_links":{"self":[{"href":"https:\/\/praxas.com\/fr\/wp-json\/wp\/v2\/product\/42024","targetHints":{"allow":["GET"]}}],"collection":[{"href":"https:\/\/praxas.com\/fr\/wp-json\/wp\/v2\/product"}],"about":[{"href":"https:\/\/praxas.com\/fr\/wp-json\/wp\/v2\/types\/product"}],"wp:featuredmedia":[{"embeddable":true,"href":"https:\/\/praxas.com\/fr\/wp-json\/wp\/v2\/media\/42031"}],"wp:attachment":[{"href":"https:\/\/praxas.com\/fr\/wp-json\/wp\/v2\/media?parent=42024"}],"wp:term":[{"taxonomy":"product_brand","embeddable":true,"href":"https:\/\/praxas.com\/fr\/wp-json\/wp\/v2\/product_brand?post=42024"},{"taxonomy":"product_cat","embeddable":true,"href":"https:\/\/praxas.com\/fr\/wp-json\/wp\/v2\/product_cat?post=42024"},{"taxonomy":"product_tag","embeddable":true,"href":"https:\/\/praxas.com\/fr\/wp-json\/wp\/v2\/product_tag?post=42024"}],"curies":[{"name":"wp","href":"https:\/\/api.w.org\/{rel}","templated":true}]}}