{"id":42504,"date":"2024-09-26T12:12:56","date_gmt":"2024-09-26T10:12:56","guid":{"rendered":"https:\/\/praxas.com\/product\/non%20class\u00e9\/el-sp2-th\/"},"modified":"2025-10-09T09:47:49","modified_gmt":"2025-10-09T07:47:49","slug":"el-sp2-th","status":"publish","type":"product","link":"https:\/\/praxas.com\/fr\/product\/data-loggers-fr\/accessoires-fr\/el-sp2-th\/","title":{"rendered":"EL-SP2-TH"},"content":{"rendered":"<p>Cette sonde intelligente de temp\u00e9rature et d&rsquo;humidit\u00e9 a \u00e9t\u00e9 sp\u00e9cialement con\u00e7ue pour le EL-IOT-SP-TH. La sonde est dot\u00e9e d&rsquo;un c\u00e2ble de 2 m et constitue un choix id\u00e9al pour les applications o\u00f9 il peut \u00eatre probl\u00e9matique de loger \u00e0 la fois l&rsquo;enregistreur de donn\u00e9es et le capteur, comme les vitrines de mus\u00e9e et les syst\u00e8mes de chauffage, de ventilation et de climatisation (HVAC). <\/p>\n<p>La sonde peut \u00eatre facilement connect\u00e9e \u00e0 la base d&rsquo;un enregistreur de donn\u00e9es de temp\u00e9rature et d&rsquo;humidit\u00e9 en la pla\u00e7ant simplement dans la prise appropri\u00e9e et en la fixant \u00e0 l&rsquo;aide de la vis fournie sur l&rsquo;appareil.<\/p>\n<p><strong>Veuillez noter que<\/strong> ce produit ne peut \u00eatre utilis\u00e9 que pour un seul canal. Il ne peut pas \u00eatre utilis\u00e9 dans les produits ayant plus d&rsquo;un canal.<\/p>\n","protected":false},"excerpt":{"rendered":"<ul>\n<li>Sonde intelligente de temp\u00e9rature et d&rsquo;humidit\u00e9<\/li>\n<li>Con\u00e7u pour EL-IOT-SP-TH<\/li>\n<li>C\u00e2ble de 2M<\/li>\n<\/ul>\n","protected":false},"featured_media":42399,"template":"","meta":{"_acf_changed":false,"content-type":"","_uag_custom_page_level_css":""},"product_brand":[],"product_cat":[1256],"product_tag":[2442],"class_list":{"0":"post-42504","1":"product","2":"type-product","3":"status-publish","4":"has-post-thumbnail","6":"product_cat-accessoires-fr","7":"product_tag-el-iot-fr","9":"first","10":"instock","11":"taxable","12":"shipping-taxable","13":"purchasable","14":"product-type-simple"},"bundled_by":[],"bundle_stock_status":"instock","bundle_stock_quantity":null,"bundle_virtual":false,"bundle_layout":"","bundle_add_to_cart_form_location":"","bundle_editable_in_cart":false,"bundle_sold_individually_context":"","bundle_item_grouping":"","bundle_min_size":"","bundle_max_size":"","bundle_price":[],"bundled_items":[],"bundle_sell_ids":[],"acf":[],"spectra_custom_meta":{"_backorders":["no"],"_download_limit":["0"],"_download_expiry":["0"],"_downloadable":["no"],"_manage_stock":["no"],"_sku":["EL-SP2-TH"],"_stock_status":["instock"],"_sold_individually":["no"],"_tax_class":[""],"_tax_status":["taxable"],"_virtual":["no"],"_weight":["0.4"],"total_sales":["0"],"product_datasheet":["20308"],"_product_datasheet":["field_650ad7d6ea3a0"],"connectivity":["WiFi"],"_connectivity":["field_64dce263bb57c"],"brand":["EasyLog"],"_brand":["field_64ddf62ed2593"],"_brand_image":["field_650c5e7c84cae"],"_specifications_table":["field_65044e1db92a8"],"_display_data_alarm":["field_667d647bcb066"],"_resources":["field_650849c6945ee"],"_calibration":["field_66a0ddd599972"],"_accessories":["field_650849e6945f0"],"_faqs":["field_650859523d8d5"],"_calibration_suitable_ids_gb":["field_654b4c4acb54a"],"_calibration_suitable_ids_us":["field_654b4c56cb54b"],"_show_in_calibration_suitable":["field_654cfb691d345"],"_other_features":["field_668524f8c98a4"],"_shipping":["field_66852535c98a5"],"_refrigerant_cabinet":["field_66852557c98a6"],"_main_specifications":["field_66855b25b1245"],"_usd_price_4":["field_651570dcac479"],"_usd_price_9":["field_6515713eb4807"],"_usd_price_24":["field_65157141b4809"],"_usd_price_49":["field_65157140b4808"],"_usd_price_99":["field_6515715bb480a"],"_gbp_price_4":["field_6515716e83bfa"],"_gbp_price_9":["field_6515724783bfb"],"_gbp_price_24":["field_6515724b83bfc"],"_gbp_price_49":["field_6515725983bfd"],"_gbp_price_99":["field_6515725d83bfe"],"_usdhk_price_4":["field_6515726f83bff"],"_usdhk_price_9":["field_6515727c83c00"],"_usdhk_price_24":["field_6515728083c01"],"_usdhk_price_49":["field_6515728983c02"],"_usdhk_price_99":["field_6515728e83c03"],"stock_options":["In stock"],"_stock_options":["field_6544b605dc7f9"],"_top_nav_excluded":[""],"_cms_nav_minihome":[""],"wcml_sync_hash":["a:1:{s:15:\"postmeta_fields\";s:32:\"76c0d112fadc6aec7b3f29ec1a419dbd\";}"],"attr_label_translations":["a:0:{}"],"_thumbnail_id":["42399"],"_product_image_gallery":["",""],"_crosssell_ids":["a:0:{}"],"_edit_lock":["1727446746:8383"],"classic-editor-remember":["classic-editor"],"rank_math_seo_score":["84"],"rank_math_contentai_score":["a:5:{s:8:\"keywords\";s:5:\"74.51\";s:9:\"wordCount\";s:1:\"0\";s:9:\"linkCount\";s:1:\"0\";s:12:\"headingCount\";s:1:\"0\";s:10:\"mediaCount\";s:1:\"0\";}"],"_edit_last":["8383"],"commercekit_gallery_layout":[""],"commercekit_disable_sticky_atc":["0"],"commercekit_wc_video_gallery":["a:0:{}"],"_rank_math_gtin_code":[""],"_wcml_average_rating":[null],"_wcml_review_count":[null],"_wcml_rating_count":[null],"_stock":[null],"_wc_average_rating":[0],"_wc_review_count":["0"],"_product_version":["9.2.3"],"usd_price_4":[""],"usd_price_9":[""],"usd_price_24":[""],"usd_price_49":[""],"usd_price_99":[""],"gbp_price_4":[""],"gbp_price_9":[""],"gbp_price_24":[""],"gbp_price_49":[""],"gbp_price_99":[""],"usdhk_price_4":[""],"usdhk_price_9":[""],"usdhk_price_24":[""],"usdhk_price_49":[""],"usdhk_price_99":[""],"display_data_alarm":[""],"calibration":[""],"accessories":[""],"faqs":[""],"calibration_suitable_ids_gb":[""],"calibration_suitable_ids_us":[""],"show_in_calibration_suitable":[""],"other_features":[""],"shipping":[""],"refrigerant_cabinet":[""],"main_specifications":[""],"shoptimizer_layout_pdp_short_description_position":["default"],"rank_math_analytic_object_id":["749"],"brand_image":["10467"],"_wpml_media_duplicate":["1"],"_wpml_media_featured":["1"],"_last_translation_edit_mode":["translation-editor"],"_product_attributes":["a:2:{s:16:\"pa_product-brand\";a:6:{s:4:\"name\";s:16:\"pa_product-brand\";s:5:\"value\";s:0:\"\";s:8:\"position\";i:0;s:10:\"is_visible\";i:1;s:12:\"is_variation\";i:0;s:11:\"is_taxonomy\";i:1;}s:19:\"pa_product-features\";a:6:{s:4:\"name\";s:19:\"pa_product-features\";s:5:\"value\";s:0:\"\";s:8:\"position\";i:1;s:10:\"is_visible\";i:1;s:12:\"is_variation\";i:0;s:11:\"is_taxonomy\";i:1;}}"],"hubwoo_ecomm_pro_id":["30568001764"],"_wpml_word_count":["145"],"min_temp":["-30"],"max_temp":["80"],"_min_temp":["field_67ea5eb4e0a77"],"_max_temp":["field_67ea5f81e0a79"],"rank_math_primary_product_cat":["147"],"rank_math_title":["EL-SP2-TH | Sonde intelligente de temp\u00e9rature et d'humidit\u00e9 | Praxas"],"rank_math_description":["Cette sonde intelligente de temp\u00e9rature et d'humidit\u00e9 est dot\u00e9e d'un c\u00e2ble de 2 m et constitue un choix id\u00e9al pour les applications o\u00f9 il peut \u00eatre probl\u00e9matique de loger \u00e0 la fois l'enregistreur de donn\u00e9es et le capteur."],"rank_math_focus_keyword":["Sonde intelligente, EL-SP2-TH"],"specifications_table":["<table class=\"specifications\">\n<tbody>\n<tr class=\"even-row\">\n<td class=\"left-td\">Plage de temp\u00e9rature<\/td>\n<td>\n<div class=\"product-specification__value col-m-6\">De -30 \u00e0 +80\u00baC (de -22 \u00e0 +176\u00baF)<\/div><\/td>\n<\/tr>\n<tr class=\"odd-row\">\n<td class=\"left-td\">R\u00e9solution de la temp\u00e9rature<\/td>\n<td>\n<div class=\"product-specification__value col-m-6\">0,1\u00baC (0,1\u00baF)<\/div><\/td>\n<\/tr>\n<tr class=\"even-row\">\n<td class=\"left-td\">Pr\u00e9cision sur la temp\u00e9rature<\/td>\n<td>\u00b10,3 (+5 \u00e0 +60\u00baC) \u00b10,6 (+41 \u00e0 +140\u00baF)<\/td>\n<\/tr>\n<tr class=\"odd-row\">\n<td class=\"left-td\">\n<div class=\"product-specification__value col-m-6\">Plage d'humidit\u00e9<\/div><\/td>\n<td>0 \u00e0 100%HR<\/td>\n<\/tr>\n<tr class=\"even-row\">\n<td class=\"left-td\">\n<div class=\"product-specification__value col-m-6\">R\u00e9solution de l'humidit\u00e9<\/div><\/td>\n<td>1%HR<\/td>\n<\/tr>\n<tr class=\"odd-row\">\n<td class=\"left-td\">Pr\u00e9cision de l'humidit\u00e9<\/td>\n<td>\n<div class=\"product-specification__value col-m-6\">\u00b12 (20 \u00e0 80%HR)<\/div><\/td>\n<\/tr>\n<\/tbody>\n<\/table>"],"resources":["<ul class=\"resources-list\">\n \t<li><img src=\"https:\/\/praxas.com\/wp-content\/uploads\/document-icon.png\" alt=\"Ic\u00f4ne de document\"><a href=\"https:\/\/praxas.com\/wp-content\/uploads\/easylog-data-logger-Probes-iss3_04-2024.pdf\" target=\"_blank\" rel=\"noopener\">Fiche technique de la sonde<\/a><\/li>\n<\/ul>\n<a class=\"button button-secondary\" href=\"http:\/\/praxas.com\/support\/\">Plus de soutien<\/a>"],"_uag_page_assets":["a:9:{s:3:\"css\";s:0:\"\";s:2:\"js\";s:0:\"\";s:18:\"current_block_list\";a:0:{}s:8:\"uag_flag\";b:0;s:11:\"uag_version\";s:10:\"1775658900\";s:6:\"gfonts\";a:0:{}s:10:\"gfonts_url\";s:0:\"\";s:12:\"gfonts_files\";a:0:{}s:14:\"uag_faq_layout\";b:0;}"],"_regular_price":["39"],"_price":["39"],"_max_variation_price":[""],"_max_variation_regular_price":[""],"_max_variation_sale_price":[""],"_min_variation_price":[""],"_min_variation_regular_price":[""],"_min_variation_sale_price":[""],"_sale_price":[""],"_wc_pb_base_regular_price":[""],"_wc_pb_base_sale_price":[""],"_wc_pb_base_price":[""],"_wc_sw_max_price":[""],"_wc_sw_max_regular_price":[""],"_wc_rating_count":[""]},"uagb_featured_image_src":{"full":["https:\/\/praxas.com\/wp-content\/uploads\/Easylog-data-loggers-EL-GFX-SP-2-Thumb-800x463-2-1.png",800,463,false],"thumbnail":["https:\/\/praxas.com\/wp-content\/uploads\/Easylog-data-loggers-EL-GFX-SP-2-Thumb-800x463-2-1-150x150.png",150,150,true],"medium":["https:\/\/praxas.com\/wp-content\/uploads\/Easylog-data-loggers-EL-GFX-SP-2-Thumb-800x463-2-1-300x174.png",300,174,true],"medium_large":["https:\/\/praxas.com\/wp-content\/uploads\/Easylog-data-loggers-EL-GFX-SP-2-Thumb-800x463-2-1-768x444.png",768,444,true],"large":["https:\/\/praxas.com\/wp-content\/uploads\/Easylog-data-loggers-EL-GFX-SP-2-Thumb-800x463-2-1.png",800,463,false],"1536x1536":["https:\/\/praxas.com\/wp-content\/uploads\/Easylog-data-loggers-EL-GFX-SP-2-Thumb-800x463-2-1.png",800,463,false],"2048x2048":["https:\/\/praxas.com\/wp-content\/uploads\/Easylog-data-loggers-EL-GFX-SP-2-Thumb-800x463-2-1.png",800,463,false],"crunchify-admin-post-featured-image":["https:\/\/praxas.com\/wp-content\/uploads\/Easylog-data-loggers-EL-GFX-SP-2-Thumb-800x463-2-1-120x69.png",120,69,true],"commercegurus-pdp-large":["https:\/\/praxas.com\/wp-content\/uploads\/Easylog-data-loggers-EL-GFX-SP-2-Thumb-800x463-2-1.png",800,463,false],"commercegurus-plp-mobile":["https:\/\/praxas.com\/wp-content\/uploads\/Easylog-data-loggers-EL-GFX-SP-2-Thumb-800x463-2-1-441x255.png",441,255,true],"cgkit_image_swatch":["https:\/\/praxas.com\/wp-content\/uploads\/Easylog-data-loggers-EL-GFX-SP-2-Thumb-800x463-2-1-100x100.png",100,100,true],"woocommerce_thumbnail":["https:\/\/praxas.com\/wp-content\/uploads\/Easylog-data-loggers-EL-GFX-SP-2-Thumb-800x463-2-1-350x203.png",350,203,true],"woocommerce_single":["https:\/\/praxas.com\/wp-content\/uploads\/Easylog-data-loggers-EL-GFX-SP-2-Thumb-800x463-2-1.png",800,463,false],"woocommerce_gallery_thumbnail":["https:\/\/praxas.com\/wp-content\/uploads\/Easylog-data-loggers-EL-GFX-SP-2-Thumb-800x463-2-1-150x87.png",150,87,true]},"uagb_author_info":{"display_name":"Alex James","author_link":"https:\/\/praxas.com\/fr\/author\/"},"uagb_comment_info":0,"uagb_excerpt":"Sonde intelligente de temp\u00e9rature et d'humidit\u00e9 Con\u00e7u pour EL-IOT-SP-TH C\u00e2ble de 2M","_links":{"self":[{"href":"https:\/\/praxas.com\/fr\/wp-json\/wp\/v2\/product\/42504","targetHints":{"allow":["GET"]}}],"collection":[{"href":"https:\/\/praxas.com\/fr\/wp-json\/wp\/v2\/product"}],"about":[{"href":"https:\/\/praxas.com\/fr\/wp-json\/wp\/v2\/types\/product"}],"wp:featuredmedia":[{"embeddable":true,"href":"https:\/\/praxas.com\/fr\/wp-json\/wp\/v2\/media\/42399"}],"wp:attachment":[{"href":"https:\/\/praxas.com\/fr\/wp-json\/wp\/v2\/media?parent=42504"}],"wp:term":[{"taxonomy":"product_brand","embeddable":true,"href":"https:\/\/praxas.com\/fr\/wp-json\/wp\/v2\/product_brand?post=42504"},{"taxonomy":"product_cat","embeddable":true,"href":"https:\/\/praxas.com\/fr\/wp-json\/wp\/v2\/product_cat?post=42504"},{"taxonomy":"product_tag","embeddable":true,"href":"https:\/\/praxas.com\/fr\/wp-json\/wp\/v2\/product_tag?post=42504"}],"curies":[{"name":"wp","href":"https:\/\/api.w.org\/{rel}","templated":true}]}}